{"id":14813,"date":"2025-01-24T11:28:46","date_gmt":"2025-01-24T10:28:46","guid":{"rendered":"https:\/\/www.amstelprinting.nl\/winkel\/sin%20categor\u00eda\/behangcirkel\/"},"modified":"2026-02-18T12:48:08","modified_gmt":"2026-02-18T11:48:08","slug":"circulo-de-papel-pintado","status":"publish","type":"product","link":"https:\/\/www.amstelprinting.nl\/es\/tienda\/interior\/papel-pintado\/circulo-de-papel-pintado\/","title":{"rendered":"C\u00edrculo de papel pintado"},"content":{"rendered":"<h3>Pedir c\u00edrculos de papel pintado<\/h3>\n<p>\u00bfDar nueva vida a su interior? \u00a1Descubra nuestros hermosos c\u00edrculos de papel pintado! Estos elementos decorativos vers\u00e1tiles y elegantes est\u00e1n dise\u00f1ados para transformar cualquier habitaci\u00f3n y darle un aspecto \u00fanico. Tanto si desea crear una pared de acento sutil como si quiere hacer una declaraci\u00f3n llamativa: los c\u00edrculos de papel pintado impresos son la soluci\u00f3n perfecta. Disponibles en diversos materiales de alta calidad. Con accesorios pr\u00e1cticos, son f\u00e1ciles de aplicar y quitar. \u00a1Esto le permite lograr un resultado asombroso de forma r\u00e1pida y sin demasiadas complicaciones!<\/p>\n<h3>Elecci\u00f3n de material para el c\u00edrculo de papel pintado<\/h3>\n<p>Elija el material que mejor se adapte a sus deseos. El c\u00edrculo de papel pintado puede producirse en diferentes tipos de materiales. DOT blanco es el est\u00e1ndar (m\u00e1s pedido), Roughmark es adecuado para superficies m\u00e1s dif\u00edciles y Gekkotex tiene un aspecto textil mate. A continuaci\u00f3n explicamos las diferencias con m\u00e1s detalle.<\/p>\n<ul>\n<li><strong>DOT Blanco<\/strong>: Disfrute de la comodidad de DOT Blanco, una l\u00e1mina autoadhesiva con una sutil estructura de puntos. Esta l\u00e1mina es f\u00e1cil de aplicar y quitar, sin formar burbujas de aire. Con el certificado de incendio B1, tambi\u00e9n es segura para cualquier entorno.<\/li>\n<li><strong>Roughmark<\/strong>: Para superficies exigentes, Roughmark ofrece la soluci\u00f3n ideal. Esta l\u00e1mina autoadhesiva tiene una fuerza adhesiva extra alta, perfecta para superficies rugosas y aplicaciones de larga duraci\u00f3n.<\/li>\n<li><strong>Gekkotex<\/strong>: Caracterizado por su aspecto textil mate. Cree un acabado uniforme y elegante con Gekkotex. Este papel pintado textil autoadhesivo y sin arrugas ofrece un aspecto lujoso y es perfecto para un look limpio y moderno.<\/li>\n<\/ul>\n<p>&nbsp;<\/p>\n<h3>Accesorios para una f\u00e1cil aplicaci\u00f3n<\/h3>\n<p>La esp\u00e1tula Gold Rakel es una herramienta esencial para aplicar su c\u00edrculo de papel pintado de forma impecable. Esta esp\u00e1tula resistente garantiza un acabado suave y profesional. Proteja su papel pintado contra da\u00f1os con las tiras de fieltro autoadhesivas de Monkey Strips. Especialmente dise\u00f1adas para la esp\u00e1tula Gold Rakel, estas tiras aseguran que su c\u00edrculo de papel pintado impreso siempre luzca de la mejor manera.<\/p>\n<h3>Consejos para un pegado exitoso<\/h3>\n<ul>\n<li><strong>Paredes pintadas<\/strong>: Deje secar las paredes pintadas durante al menos dos semanas antes de aplicar el c\u00edrculo de papel pintado. Si la pintura utilizada contiene silicona, lo mejor es elegir DOT o Roughmark para una adhesi\u00f3n \u00f3ptima.<\/li>\n<li><strong>Temperatura<\/strong>: Aseg\u00farese de que la temperatura est\u00e9 entre 10 y 32\u00b0C al aplicar el c\u00edrculo de papel pintado.<\/li>\n<li><strong>Superficie<\/strong>: Aseg\u00farese siempre de tener una superficie seca, limpia y libre de grasa para la mejor adhesi\u00f3n.<\/li>\n<\/ul>\n<p>\u00a1Deje volar su creatividad y d\u00e9 a su espacio un toque \u00fanico con nuestros hermosos c\u00edrculos de papel pintado impresos! \u00a1Pida hoy mismo y experimente la combinaci\u00f3n perfecta de estilo y calidad!<\/p>\n","protected":false},"excerpt":{"rendered":"<p>Con los c\u00edrculos de papel pintado autoadhesivos transformar\u00e1 cualquier pared en un verdadero centro de atenci\u00f3n. El c\u00edrculo de papel pintado cuenta con una impresi\u00f3n a todo color de gran nitidez. Suba su propio dise\u00f1o, logotipo o imagen o elija uno de los muchos patrones est\u00e1ndar de nuestra colecci\u00f3n. \u00a1La entrega en 1 d\u00eda h\u00e1bil es posible! Configure su c\u00edrculo de papel pintado impreso en pocos pasos a continuaci\u00f3n.<\/p>\n","protected":false},"featured_media":14814,"template":"","meta":{"_et_pb_use_builder":"","_et_pb_old_content":"","_et_gb_content_width":""},"product_brand":[],"product_cat":[545,548,442,379,385],"product_tag":[],"class_list":{"0":"post-14813","1":"product","2":"type-product","3":"status-publish","4":"has-post-thumbnail","6":"product_cat-interior","7":"product_cat-papel-pintado","8":"product_cat-publicidad-en-la-pared","9":"product_cat-publicidad-interior","10":"product_cat-revestimientos-de-paredes-con-papel-tapiz","12":"first","13":"instock","14":"taxable","15":"shipping-taxable","16":"purchasable","17":"product-type-simple"},"yoast_head":"<!-- This site is optimized with the Yoast SEO plugin v27.3 - https:\/\/yoast.com\/product\/yoast-seo-wordpress\/ -->\n<title>C\u00edrculo de papel pintado | Amstel Printing<\/title>\n<meta name=\"robots\" content=\"index, follow, max-snippet:-1, max-image-preview:large, max-video-preview:-1\" \/>\n<link rel=\"canonical\" href=\"https:\/\/www.amstelprinting.nl\/es\/tienda\/interior\/papel-pintado\/circulo-de-papel-pintado\/\" \/>\n<meta property=\"og:locale\" content=\"es_ES\" \/>\n<meta property=\"og:type\" content=\"article\" \/>\n<meta property=\"og:title\" content=\"C\u00edrculo de papel pintado | Amstel Printing\" \/>\n<meta property=\"og:description\" content=\"Con los c\u00edrculos de papel pintado autoadhesivos transformar\u00e1 cualquier pared en un verdadero centro de atenci\u00f3n. El c\u00edrculo de papel pintado cuenta con una impresi\u00f3n a todo color de gran nitidez. Suba su propio dise\u00f1o, logotipo o imagen o elija uno de los muchos patrones est\u00e1ndar de nuestra colecci\u00f3n. \u00a1La entrega en 1 d\u00eda h\u00e1bil es posible! Configure su c\u00edrculo de papel pintado impreso en pocos pasos a continuaci\u00f3n.\" \/>\n<meta property=\"og:url\" content=\"https:\/\/www.amstelprinting.nl\/es\/tienda\/interior\/papel-pintado\/circulo-de-papel-pintado\/\" \/>\n<meta property=\"og:site_name\" content=\"Amstel Printing\" \/>\n<meta property=\"article:modified_time\" content=\"2026-02-18T11:48:08+00:00\" \/>\n<meta property=\"og:image\" content=\"https:\/\/www.amstelprinting.nl\/wp-content\/uploads\/behangcirkel-bedrukken-1.png\" \/>\n\t<meta property=\"og:image:width\" content=\"700\" \/>\n\t<meta property=\"og:image:height\" content=\"700\" \/>\n\t<meta property=\"og:image:type\" content=\"image\/png\" \/>\n<meta name=\"twitter:card\" content=\"summary_large_image\" \/>\n<meta name=\"twitter:label1\" content=\"Tiempo de lectura\" \/>\n\t<meta name=\"twitter:data1\" content=\"2 minutos\" \/>\n<script type=\"application\/ld+json\" class=\"yoast-schema-graph\">{\"@context\":\"https:\\\/\\\/schema.org\",\"@graph\":[{\"@type\":\"WebPage\",\"@id\":\"https:\\\/\\\/www.amstelprinting.nl\\\/es\\\/tienda\\\/interior\\\/papel-pintado\\\/circulo-de-papel-pintado\\\/\",\"url\":\"https:\\\/\\\/www.amstelprinting.nl\\\/es\\\/tienda\\\/interior\\\/papel-pintado\\\/circulo-de-papel-pintado\\\/\",\"name\":\"C\u00edrculo de papel pintado | Amstel Printing\",\"isPartOf\":{\"@id\":\"https:\\\/\\\/www.amstelprinting.nl\\\/es\\\/#website\"},\"primaryImageOfPage\":{\"@id\":\"https:\\\/\\\/www.amstelprinting.nl\\\/es\\\/tienda\\\/interior\\\/papel-pintado\\\/circulo-de-papel-pintado\\\/#primaryimage\"},\"image\":{\"@id\":\"https:\\\/\\\/www.amstelprinting.nl\\\/es\\\/tienda\\\/interior\\\/papel-pintado\\\/circulo-de-papel-pintado\\\/#primaryimage\"},\"thumbnailUrl\":\"https:\\\/\\\/www.amstelprinting.nl\\\/wp-content\\\/uploads\\\/behangcirkel-bedrukken-1.png\",\"datePublished\":\"2025-01-24T10:28:46+00:00\",\"dateModified\":\"2026-02-18T11:48:08+00:00\",\"breadcrumb\":{\"@id\":\"https:\\\/\\\/www.amstelprinting.nl\\\/es\\\/tienda\\\/interior\\\/papel-pintado\\\/circulo-de-papel-pintado\\\/#breadcrumb\"},\"inLanguage\":\"es\",\"potentialAction\":[{\"@type\":\"ReadAction\",\"target\":[\"https:\\\/\\\/www.amstelprinting.nl\\\/es\\\/tienda\\\/interior\\\/papel-pintado\\\/circulo-de-papel-pintado\\\/\"]}]},{\"@type\":\"ImageObject\",\"inLanguage\":\"es\",\"@id\":\"https:\\\/\\\/www.amstelprinting.nl\\\/es\\\/tienda\\\/interior\\\/papel-pintado\\\/circulo-de-papel-pintado\\\/#primaryimage\",\"url\":\"https:\\\/\\\/www.amstelprinting.nl\\\/wp-content\\\/uploads\\\/behangcirkel-bedrukken-1.png\",\"contentUrl\":\"https:\\\/\\\/www.amstelprinting.nl\\\/wp-content\\\/uploads\\\/behangcirkel-bedrukken-1.png\",\"width\":700,\"height\":700},{\"@type\":\"BreadcrumbList\",\"@id\":\"https:\\\/\\\/www.amstelprinting.nl\\\/es\\\/tienda\\\/interior\\\/papel-pintado\\\/circulo-de-papel-pintado\\\/#breadcrumb\",\"itemListElement\":[{\"@type\":\"ListItem\",\"position\":1,\"name\":\"\",\"item\":\"https:\\\/\\\/www.amstelprinting.nl\\\/es\\\/\"},{\"@type\":\"ListItem\",\"position\":2,\"name\":\"Amstel Printing\",\"item\":\"https:\\\/\\\/www.amstelprinting.nl\\\/es\\\/comercio\\\/\"},{\"@type\":\"ListItem\",\"position\":3,\"name\":\"Publicidad interior\",\"item\":\"https:\\\/\\\/www.amstelprinting.nl\\\/es\\\/categor\u00eda\\\/publicidad-interior\\\/\"},{\"@type\":\"ListItem\",\"position\":4,\"name\":\"Revestimientos de paredes con papel tapiz\",\"item\":\"https:\\\/\\\/www.amstelprinting.nl\\\/es\\\/categor\u00eda\\\/publicidad-interior\\\/revestimientos-de-paredes-con-papel-tapiz\\\/\"},{\"@type\":\"ListItem\",\"position\":5,\"name\":\"C\u00edrculo de papel pintado\"}]},{\"@type\":\"WebSite\",\"@id\":\"https:\\\/\\\/www.amstelprinting.nl\\\/es\\\/#website\",\"url\":\"https:\\\/\\\/www.amstelprinting.nl\\\/es\\\/\",\"name\":\"Amstel Printing\",\"description\":\"Creating Exposure\",\"publisher\":{\"@id\":\"https:\\\/\\\/www.amstelprinting.nl\\\/es\\\/#organization\"},\"potentialAction\":[{\"@type\":\"SearchAction\",\"target\":{\"@type\":\"EntryPoint\",\"urlTemplate\":\"https:\\\/\\\/www.amstelprinting.nl\\\/es\\\/?s={search_term_string}\"},\"query-input\":{\"@type\":\"PropertyValueSpecification\",\"valueRequired\":true,\"valueName\":\"search_term_string\"}}],\"inLanguage\":\"es\"},{\"@type\":\"Organization\",\"@id\":\"https:\\\/\\\/www.amstelprinting.nl\\\/es\\\/#organization\",\"name\":\"Amstel Printing\",\"url\":\"https:\\\/\\\/www.amstelprinting.nl\\\/es\\\/\",\"logo\":{\"@type\":\"ImageObject\",\"inLanguage\":\"es\",\"@id\":\"https:\\\/\\\/www.amstelprinting.nl\\\/es\\\/#\\\/schema\\\/logo\\\/image\\\/\",\"url\":\"https:\\\/\\\/www.amstelprinting.nl\\\/wp-content\\\/uploads\\\/amstel_printing_logo_clean.png\",\"contentUrl\":\"https:\\\/\\\/www.amstelprinting.nl\\\/wp-content\\\/uploads\\\/amstel_printing_logo_clean.png\",\"width\":324,\"height\":73,\"caption\":\"Amstel Printing\"},\"image\":{\"@id\":\"https:\\\/\\\/www.amstelprinting.nl\\\/es\\\/#\\\/schema\\\/logo\\\/image\\\/\"}}]}<\/script>\n<!-- \/ Yoast SEO plugin. -->","yoast_head_json":{"title":"C\u00edrculo de papel pintado | Amstel Printing","robots":{"index":"index","follow":"follow","max-snippet":"max-snippet:-1","max-image-preview":"max-image-preview:large","max-video-preview":"max-video-preview:-1"},"canonical":"https:\/\/www.amstelprinting.nl\/es\/tienda\/interior\/papel-pintado\/circulo-de-papel-pintado\/","og_locale":"es_ES","og_type":"article","og_title":"C\u00edrculo de papel pintado | Amstel Printing","og_description":"Con los c\u00edrculos de papel pintado autoadhesivos transformar\u00e1 cualquier pared en un verdadero centro de atenci\u00f3n. El c\u00edrculo de papel pintado cuenta con una impresi\u00f3n a todo color de gran nitidez. Suba su propio dise\u00f1o, logotipo o imagen o elija uno de los muchos patrones est\u00e1ndar de nuestra colecci\u00f3n. \u00a1La entrega en 1 d\u00eda h\u00e1bil es posible! Configure su c\u00edrculo de papel pintado impreso en pocos pasos a continuaci\u00f3n.","og_url":"https:\/\/www.amstelprinting.nl\/es\/tienda\/interior\/papel-pintado\/circulo-de-papel-pintado\/","og_site_name":"Amstel Printing","article_modified_time":"2026-02-18T11:48:08+00:00","og_image":[{"width":700,"height":700,"url":"https:\/\/www.amstelprinting.nl\/wp-content\/uploads\/behangcirkel-bedrukken-1.png","type":"image\/png"}],"twitter_card":"summary_large_image","twitter_misc":{"Tiempo de lectura":"2 minutos"},"schema":{"@context":"https:\/\/schema.org","@graph":[{"@type":"WebPage","@id":"https:\/\/www.amstelprinting.nl\/es\/tienda\/interior\/papel-pintado\/circulo-de-papel-pintado\/","url":"https:\/\/www.amstelprinting.nl\/es\/tienda\/interior\/papel-pintado\/circulo-de-papel-pintado\/","name":"C\u00edrculo de papel pintado | Amstel Printing","isPartOf":{"@id":"https:\/\/www.amstelprinting.nl\/es\/#website"},"primaryImageOfPage":{"@id":"https:\/\/www.amstelprinting.nl\/es\/tienda\/interior\/papel-pintado\/circulo-de-papel-pintado\/#primaryimage"},"image":{"@id":"https:\/\/www.amstelprinting.nl\/es\/tienda\/interior\/papel-pintado\/circulo-de-papel-pintado\/#primaryimage"},"thumbnailUrl":"https:\/\/www.amstelprinting.nl\/wp-content\/uploads\/behangcirkel-bedrukken-1.png","datePublished":"2025-01-24T10:28:46+00:00","dateModified":"2026-02-18T11:48:08+00:00","breadcrumb":{"@id":"https:\/\/www.amstelprinting.nl\/es\/tienda\/interior\/papel-pintado\/circulo-de-papel-pintado\/#breadcrumb"},"inLanguage":"es","potentialAction":[{"@type":"ReadAction","target":["https:\/\/www.amstelprinting.nl\/es\/tienda\/interior\/papel-pintado\/circulo-de-papel-pintado\/"]}]},{"@type":"ImageObject","inLanguage":"es","@id":"https:\/\/www.amstelprinting.nl\/es\/tienda\/interior\/papel-pintado\/circulo-de-papel-pintado\/#primaryimage","url":"https:\/\/www.amstelprinting.nl\/wp-content\/uploads\/behangcirkel-bedrukken-1.png","contentUrl":"https:\/\/www.amstelprinting.nl\/wp-content\/uploads\/behangcirkel-bedrukken-1.png","width":700,"height":700},{"@type":"BreadcrumbList","@id":"https:\/\/www.amstelprinting.nl\/es\/tienda\/interior\/papel-pintado\/circulo-de-papel-pintado\/#breadcrumb","itemListElement":[{"@type":"ListItem","position":1,"name":"","item":"https:\/\/www.amstelprinting.nl\/es\/"},{"@type":"ListItem","position":2,"name":"Amstel Printing","item":"https:\/\/www.amstelprinting.nl\/es\/comercio\/"},{"@type":"ListItem","position":3,"name":"Publicidad interior","item":"https:\/\/www.amstelprinting.nl\/es\/categor\u00eda\/publicidad-interior\/"},{"@type":"ListItem","position":4,"name":"Revestimientos de paredes con papel tapiz","item":"https:\/\/www.amstelprinting.nl\/es\/categor\u00eda\/publicidad-interior\/revestimientos-de-paredes-con-papel-tapiz\/"},{"@type":"ListItem","position":5,"name":"C\u00edrculo de papel pintado"}]},{"@type":"WebSite","@id":"https:\/\/www.amstelprinting.nl\/es\/#website","url":"https:\/\/www.amstelprinting.nl\/es\/","name":"Amstel Printing","description":"Creating Exposure","publisher":{"@id":"https:\/\/www.amstelprinting.nl\/es\/#organization"},"potentialAction":[{"@type":"SearchAction","target":{"@type":"EntryPoint","urlTemplate":"https:\/\/www.amstelprinting.nl\/es\/?s={search_term_string}"},"query-input":{"@type":"PropertyValueSpecification","valueRequired":true,"valueName":"search_term_string"}}],"inLanguage":"es"},{"@type":"Organization","@id":"https:\/\/www.amstelprinting.nl\/es\/#organization","name":"Amstel Printing","url":"https:\/\/www.amstelprinting.nl\/es\/","logo":{"@type":"ImageObject","inLanguage":"es","@id":"https:\/\/www.amstelprinting.nl\/es\/#\/schema\/logo\/image\/","url":"https:\/\/www.amstelprinting.nl\/wp-content\/uploads\/amstel_printing_logo_clean.png","contentUrl":"https:\/\/www.amstelprinting.nl\/wp-content\/uploads\/amstel_printing_logo_clean.png","width":324,"height":73,"caption":"Amstel Printing"},"image":{"@id":"https:\/\/www.amstelprinting.nl\/es\/#\/schema\/logo\/image\/"}}]}},"_links":{"self":[{"href":"https:\/\/www.amstelprinting.nl\/es\/wp-json\/wp\/v2\/product\/14813","targetHints":{"allow":["GET"]}}],"collection":[{"href":"https:\/\/www.amstelprinting.nl\/es\/wp-json\/wp\/v2\/product"}],"about":[{"href":"https:\/\/www.amstelprinting.nl\/es\/wp-json\/wp\/v2\/types\/product"}],"wp:featuredmedia":[{"embeddable":true,"href":"https:\/\/www.amstelprinting.nl\/es\/wp-json\/wp\/v2\/media\/14814"}],"wp:attachment":[{"href":"https:\/\/www.amstelprinting.nl\/es\/wp-json\/wp\/v2\/media?parent=14813"}],"wp:term":[{"taxonomy":"product_brand","embeddable":true,"href":"https:\/\/www.amstelprinting.nl\/es\/wp-json\/wp\/v2\/product_brand?post=14813"},{"taxonomy":"product_cat","embeddable":true,"href":"https:\/\/www.amstelprinting.nl\/es\/wp-json\/wp\/v2\/product_cat?post=14813"},{"taxonomy":"product_tag","embeddable":true,"href":"https:\/\/www.amstelprinting.nl\/es\/wp-json\/wp\/v2\/product_tag?post=14813"}],"curies":[{"name":"wp","href":"https:\/\/api.w.org\/{rel}","templated":true}]}}