{"id":14833,"date":"2025-01-24T11:28:28","date_gmt":"2025-01-24T10:28:28","guid":{"rendered":"https:\/\/www.amstelprinting.nl\/winkel\/sin%20categor\u00eda\/peesdoek\/"},"modified":"2026-02-18T12:48:10","modified_gmt":"2026-02-18T11:48:10","slug":"tela-con-bordon","status":"publish","type":"product","link":"https:\/\/www.amstelprinting.nl\/es\/tienda\/interior\/decoracion-de-pared\/tela-con-bordon\/","title":{"rendered":"Tela con bord\u00f3n"},"content":{"rendered":"<h3>\u00bfQuiere pedir una tela con bord\u00f3n? Elija el material adecuado.<\/h3>\n<p>\u00bfImprimir tela con bord\u00f3n? Elija el material adecuado que se adapte a sus requisitos. \u00bfDebe la tela ser adecuada para un marco LED iluminado? \u00bfVa a utilizar la tela exclusivamente en interiores o la va a colocar en un marco textil de exterior? A continuaci\u00f3n, explicamos brevemente las diferentes propiedades de la tela con bord\u00f3n; de este modo podr\u00e1 realizar la elecci\u00f3n de material correcta de forma r\u00e1pida y sencilla.<\/p>\n<h2><strong>Para un marco LED:<\/strong><\/h2>\n<ul>\n<li><strong>Samba Backlit<\/strong>: Tela de poli\u00e9ster con impresi\u00f3n UV. Esto le da a Samba Backlit una reproducci\u00f3n crom\u00e1tica intensa. Especialmente dise\u00f1ada para aportar brillo y vitalidad en marcos LED iluminados.<\/li>\n<li><strong>LumiTex<\/strong>: Este material est\u00e1 compuesto por un 100 % de poli\u00e9ster. Se fabrica con hilos extra finos y cuenta con una doble capa de tinta, lo que lo hace perfecto para su uso en aplicaciones iluminadas.<\/li>\n<\/ul>\n<p><span style=\"text-decoration: underline;\">Diferencias entre Samba Backlit y LumiTex<\/span><br \/>\nLa diferencia entre Samba Backlit y LumiTex est\u00e1 relacionada principalmente con la t\u00e9cnica de impresi\u00f3n. La tela Samba cuenta con una impresi\u00f3n UV al 200 % y LumiTex utiliza una impresi\u00f3n por sublimaci\u00f3n al 200 %. La desventaja de la impresi\u00f3n UV es que las capas dobles de tinta emiten un olor fuerte (temporal). LumiTex, por el contrario, es inodora y no se arruga.<br \/>\nAdem\u00e1s, la impresi\u00f3n en tela LumiTex es algo m\u00e1s duradera en comparaci\u00f3n con la de Samba Backlit. Esto se debe a que las tintas utilizadas son de base agua. Adem\u00e1s, LumiTex (al igual que Samba Backlit) no contiene PVC y es reciclable.<\/p>\n<p>La \u00faltima diferencia caracter\u00edstica entre ambas telas es que Samba Backlit tiene un recubrimiento. Gracias a este recubrimiento, Samba Backlit tambi\u00e9n puede utilizarse en exteriores por cortos periodos de tiempo. LumiTex es apta exclusivamente para aplicaciones en interiores.<\/p>\n<h2><strong>Para un marco textil:<\/strong><\/h2>\n<ul>\n<li><strong>Dekostof<\/strong>: Tela de poli\u00e9ster flexible con una estructura fina y una apariencia potente.<\/li>\n<li><strong>Dekostof Blockout<\/strong>: Tela de poli\u00e9ster que bloquea la luz con reverso negro y certificado B1.<\/li>\n<li><strong>Structex<\/strong>: Tejido estructurado de poli\u00e9ster de alta calidad con aspecto de algod\u00f3n.<\/li>\n<li><strong>Terciopelo<\/strong>: Poli\u00e9ster de alta calidad con pelo corto, para una apariencia aterciopelada.<\/li>\n<li><strong>Blackback Soft<\/strong>: Tela block-out de poli\u00e9ster con reverso negro<\/li>\n<li><strong>Blackback XL<\/strong>: Tela block-out de poli\u00e9ster con reverso negro, ideal para grandes formatos.<\/li>\n<li><strong>Decotex UV<\/strong>: Tela de poli\u00e9ster flexible con una estructura fina y una apariencia potente, perfecta para grandes formatos.<\/li>\n<\/ul>\n<p>&nbsp;<\/p>\n<h3>Accesorios<\/h3>\n<p>Nuestra herramienta e-locktool permite fijar las telas con bord\u00f3n de forma precisa y sin esfuerzo. De este modo, puede contar con una instalaci\u00f3n profesional y sin problemas.<\/p>\n<h3>Preguntas frecuentes sobre telas con bord\u00f3n<\/h3>\n<p><strong>\u00bfC\u00f3mo me aseguro de tener el tama\u00f1o correcto?<\/strong><br \/>\nPara asegurarse de tener el tama\u00f1o de tela correcto, debe medir siempre el exterior del marco.<\/p>\n<p><strong>\u00bfC\u00f3mo es la costura si divido mi tela?<\/strong><br \/>\nSe trata de un pespunte, similar a la costura de un dobladillo o un t\u00fanel, por ejemplo.<\/p>\n<p><strong>\u00bfTambi\u00e9n es posible suministrar telas con corte de contorno?<\/strong><br \/>\n\u00a1Es posible! Actualmente, las telas redondas y ovales se pueden suministrar mediante presupuesto.<\/p>\n<p><strong>\u00bfQu\u00e9 debo hacer si hay arrugas en mi tela?<\/strong><br \/>\nAl colocar la tela en el marco, el material se tensa. Esto hace que las arrugas desaparezcan por s\u00ed solas. Tenga en cuenta que esto puede tardar unos d\u00edas.<\/p>\n<h3>\u00bfC\u00f3mo se monta una tela con bord\u00f3n?<\/h3>\n<p>Para montar una tela con bord\u00f3n, comience fijando el marco a la pared. A continuaci\u00f3n, puede colocar la tela fijando primero todas las esquinas, empezando por las superiores. Despu\u00e9s, presione con cuidado el resto de la tela en el marco.<\/p>\n","protected":false},"excerpt":{"rendered":"<h3>Tela para marcos textiles y LED<\/h3>\n<p>La tela con bord\u00f3n &#8211; especialmente dise\u00f1ada para una fijaci\u00f3n impecable y tensa en marcos textiles y LED. Ya sea que desee embellecer una empresa, tienda, evento o espacio dom\u00e9stico; nuestras telas con bord\u00f3n ofrecen la combinaci\u00f3n ideal de calidad, versatilidad y estilo. Con nosotros, usted mismo decide el tama\u00f1o y elige entre una amplia gama de materiales de alta calidad. Cada material (a excepci\u00f3n del terciopelo) cuenta con un certificado B1 de seguridad contra incendios. Configure f\u00e1cilmente su tela con bord\u00f3n impresa en pocos pasos.<\/p>\n","protected":false},"featured_media":14834,"template":"","meta":{"_et_pb_use_builder":"","_et_pb_old_content":"","_et_gb_content_width":""},"product_brand":[],"product_cat":[626,431,545,374,442,379],"product_tag":[],"class_list":{"0":"post-14833","1":"product","2":"type-product","3":"status-publish","4":"has-post-thumbnail","6":"product_cat-decoracion-de-pared","7":"product_cat-feria-y-evento","8":"product_cat-interior","9":"product_cat-panos-de-exposicion","10":"product_cat-publicidad-en-la-pared","11":"product_cat-publicidad-interior","13":"first","14":"instock","15":"taxable","16":"shipping-taxable","17":"purchasable","18":"product-type-simple"},"yoast_head":"<!-- This site is optimized with the Yoast SEO plugin v27.3 - https:\/\/yoast.com\/product\/yoast-seo-wordpress\/ -->\n<title>Tela con bord\u00f3n | Amstel Printing<\/title>\n<meta name=\"robots\" content=\"index, follow, max-snippet:-1, max-image-preview:large, max-video-preview:-1\" \/>\n<link rel=\"canonical\" href=\"https:\/\/www.amstelprinting.nl\/es\/tienda\/interior\/decoracion-de-pared\/tela-con-bordon\/\" \/>\n<meta property=\"og:locale\" content=\"es_ES\" \/>\n<meta property=\"og:type\" content=\"article\" \/>\n<meta property=\"og:title\" content=\"Tela con bord\u00f3n | Amstel Printing\" \/>\n<meta property=\"og:description\" content=\"Tela para marcos textiles y LED La tela con bord\u00f3n - especialmente dise\u00f1ada para una fijaci\u00f3n impecable y tensa en marcos textiles y LED. Ya sea que desee embellecer una empresa, tienda, evento o espacio dom\u00e9stico; nuestras telas con bord\u00f3n ofrecen la combinaci\u00f3n ideal de calidad, versatilidad y estilo. Con nosotros, usted mismo decide el tama\u00f1o y elige entre una amplia gama de materiales de alta calidad. Cada material (a excepci\u00f3n del terciopelo) cuenta con un certificado B1 de seguridad contra incendios. Configure f\u00e1cilmente su tela con bord\u00f3n impresa en pocos pasos.\" \/>\n<meta property=\"og:url\" content=\"https:\/\/www.amstelprinting.nl\/es\/tienda\/interior\/decoracion-de-pared\/tela-con-bordon\/\" \/>\n<meta property=\"og:site_name\" content=\"Amstel Printing\" \/>\n<meta property=\"article:modified_time\" content=\"2026-02-18T11:48:10+00:00\" \/>\n<meta property=\"og:image\" content=\"https:\/\/www.amstelprinting.nl\/wp-content\/uploads\/peesdoek-bedrukken.png\" \/>\n\t<meta property=\"og:image:width\" content=\"900\" \/>\n\t<meta property=\"og:image:height\" content=\"900\" \/>\n\t<meta property=\"og:image:type\" content=\"image\/png\" \/>\n<meta name=\"twitter:card\" content=\"summary_large_image\" \/>\n<meta name=\"twitter:label1\" content=\"Tiempo de lectura\" \/>\n\t<meta name=\"twitter:data1\" content=\"3 minutos\" \/>\n<script type=\"application\/ld+json\" class=\"yoast-schema-graph\">{\"@context\":\"https:\\\/\\\/schema.org\",\"@graph\":[{\"@type\":\"WebPage\",\"@id\":\"https:\\\/\\\/www.amstelprinting.nl\\\/es\\\/tienda\\\/interior\\\/decoracion-de-pared\\\/tela-con-bordon\\\/\",\"url\":\"https:\\\/\\\/www.amstelprinting.nl\\\/es\\\/tienda\\\/interior\\\/decoracion-de-pared\\\/tela-con-bordon\\\/\",\"name\":\"Tela con bord\u00f3n | Amstel Printing\",\"isPartOf\":{\"@id\":\"https:\\\/\\\/www.amstelprinting.nl\\\/es\\\/#website\"},\"primaryImageOfPage\":{\"@id\":\"https:\\\/\\\/www.amstelprinting.nl\\\/es\\\/tienda\\\/interior\\\/decoracion-de-pared\\\/tela-con-bordon\\\/#primaryimage\"},\"image\":{\"@id\":\"https:\\\/\\\/www.amstelprinting.nl\\\/es\\\/tienda\\\/interior\\\/decoracion-de-pared\\\/tela-con-bordon\\\/#primaryimage\"},\"thumbnailUrl\":\"https:\\\/\\\/www.amstelprinting.nl\\\/wp-content\\\/uploads\\\/peesdoek-bedrukken.png\",\"datePublished\":\"2025-01-24T10:28:28+00:00\",\"dateModified\":\"2026-02-18T11:48:10+00:00\",\"breadcrumb\":{\"@id\":\"https:\\\/\\\/www.amstelprinting.nl\\\/es\\\/tienda\\\/interior\\\/decoracion-de-pared\\\/tela-con-bordon\\\/#breadcrumb\"},\"inLanguage\":\"es\",\"potentialAction\":[{\"@type\":\"ReadAction\",\"target\":[\"https:\\\/\\\/www.amstelprinting.nl\\\/es\\\/tienda\\\/interior\\\/decoracion-de-pared\\\/tela-con-bordon\\\/\"]}]},{\"@type\":\"ImageObject\",\"inLanguage\":\"es\",\"@id\":\"https:\\\/\\\/www.amstelprinting.nl\\\/es\\\/tienda\\\/interior\\\/decoracion-de-pared\\\/tela-con-bordon\\\/#primaryimage\",\"url\":\"https:\\\/\\\/www.amstelprinting.nl\\\/wp-content\\\/uploads\\\/peesdoek-bedrukken.png\",\"contentUrl\":\"https:\\\/\\\/www.amstelprinting.nl\\\/wp-content\\\/uploads\\\/peesdoek-bedrukken.png\",\"width\":900,\"height\":900},{\"@type\":\"BreadcrumbList\",\"@id\":\"https:\\\/\\\/www.amstelprinting.nl\\\/es\\\/tienda\\\/interior\\\/decoracion-de-pared\\\/tela-con-bordon\\\/#breadcrumb\",\"itemListElement\":[{\"@type\":\"ListItem\",\"position\":1,\"name\":\"\",\"item\":\"https:\\\/\\\/www.amstelprinting.nl\\\/es\\\/\"},{\"@type\":\"ListItem\",\"position\":2,\"name\":\"Amstel Printing\",\"item\":\"https:\\\/\\\/www.amstelprinting.nl\\\/es\\\/comercio\\\/\"},{\"@type\":\"ListItem\",\"position\":3,\"name\":\"Publicidad interior\",\"item\":\"https:\\\/\\\/www.amstelprinting.nl\\\/es\\\/categor\u00eda\\\/publicidad-interior\\\/\"},{\"@type\":\"ListItem\",\"position\":4,\"name\":\"Tela con bord\u00f3n\"}]},{\"@type\":\"WebSite\",\"@id\":\"https:\\\/\\\/www.amstelprinting.nl\\\/es\\\/#website\",\"url\":\"https:\\\/\\\/www.amstelprinting.nl\\\/es\\\/\",\"name\":\"Amstel Printing\",\"description\":\"Creating Exposure\",\"publisher\":{\"@id\":\"https:\\\/\\\/www.amstelprinting.nl\\\/es\\\/#organization\"},\"potentialAction\":[{\"@type\":\"SearchAction\",\"target\":{\"@type\":\"EntryPoint\",\"urlTemplate\":\"https:\\\/\\\/www.amstelprinting.nl\\\/es\\\/?s={search_term_string}\"},\"query-input\":{\"@type\":\"PropertyValueSpecification\",\"valueRequired\":true,\"valueName\":\"search_term_string\"}}],\"inLanguage\":\"es\"},{\"@type\":\"Organization\",\"@id\":\"https:\\\/\\\/www.amstelprinting.nl\\\/es\\\/#organization\",\"name\":\"Amstel Printing\",\"url\":\"https:\\\/\\\/www.amstelprinting.nl\\\/es\\\/\",\"logo\":{\"@type\":\"ImageObject\",\"inLanguage\":\"es\",\"@id\":\"https:\\\/\\\/www.amstelprinting.nl\\\/es\\\/#\\\/schema\\\/logo\\\/image\\\/\",\"url\":\"https:\\\/\\\/www.amstelprinting.nl\\\/wp-content\\\/uploads\\\/amstel_printing_logo_clean.png\",\"contentUrl\":\"https:\\\/\\\/www.amstelprinting.nl\\\/wp-content\\\/uploads\\\/amstel_printing_logo_clean.png\",\"width\":324,\"height\":73,\"caption\":\"Amstel Printing\"},\"image\":{\"@id\":\"https:\\\/\\\/www.amstelprinting.nl\\\/es\\\/#\\\/schema\\\/logo\\\/image\\\/\"}}]}<\/script>\n<!-- \/ Yoast SEO plugin. -->","yoast_head_json":{"title":"Tela con bord\u00f3n | Amstel Printing","robots":{"index":"index","follow":"follow","max-snippet":"max-snippet:-1","max-image-preview":"max-image-preview:large","max-video-preview":"max-video-preview:-1"},"canonical":"https:\/\/www.amstelprinting.nl\/es\/tienda\/interior\/decoracion-de-pared\/tela-con-bordon\/","og_locale":"es_ES","og_type":"article","og_title":"Tela con bord\u00f3n | Amstel Printing","og_description":"Tela para marcos textiles y LED La tela con bord\u00f3n - especialmente dise\u00f1ada para una fijaci\u00f3n impecable y tensa en marcos textiles y LED. Ya sea que desee embellecer una empresa, tienda, evento o espacio dom\u00e9stico; nuestras telas con bord\u00f3n ofrecen la combinaci\u00f3n ideal de calidad, versatilidad y estilo. Con nosotros, usted mismo decide el tama\u00f1o y elige entre una amplia gama de materiales de alta calidad. Cada material (a excepci\u00f3n del terciopelo) cuenta con un certificado B1 de seguridad contra incendios. Configure f\u00e1cilmente su tela con bord\u00f3n impresa en pocos pasos.","og_url":"https:\/\/www.amstelprinting.nl\/es\/tienda\/interior\/decoracion-de-pared\/tela-con-bordon\/","og_site_name":"Amstel Printing","article_modified_time":"2026-02-18T11:48:10+00:00","og_image":[{"width":900,"height":900,"url":"https:\/\/www.amstelprinting.nl\/wp-content\/uploads\/peesdoek-bedrukken.png","type":"image\/png"}],"twitter_card":"summary_large_image","twitter_misc":{"Tiempo de lectura":"3 minutos"},"schema":{"@context":"https:\/\/schema.org","@graph":[{"@type":"WebPage","@id":"https:\/\/www.amstelprinting.nl\/es\/tienda\/interior\/decoracion-de-pared\/tela-con-bordon\/","url":"https:\/\/www.amstelprinting.nl\/es\/tienda\/interior\/decoracion-de-pared\/tela-con-bordon\/","name":"Tela con bord\u00f3n | Amstel Printing","isPartOf":{"@id":"https:\/\/www.amstelprinting.nl\/es\/#website"},"primaryImageOfPage":{"@id":"https:\/\/www.amstelprinting.nl\/es\/tienda\/interior\/decoracion-de-pared\/tela-con-bordon\/#primaryimage"},"image":{"@id":"https:\/\/www.amstelprinting.nl\/es\/tienda\/interior\/decoracion-de-pared\/tela-con-bordon\/#primaryimage"},"thumbnailUrl":"https:\/\/www.amstelprinting.nl\/wp-content\/uploads\/peesdoek-bedrukken.png","datePublished":"2025-01-24T10:28:28+00:00","dateModified":"2026-02-18T11:48:10+00:00","breadcrumb":{"@id":"https:\/\/www.amstelprinting.nl\/es\/tienda\/interior\/decoracion-de-pared\/tela-con-bordon\/#breadcrumb"},"inLanguage":"es","potentialAction":[{"@type":"ReadAction","target":["https:\/\/www.amstelprinting.nl\/es\/tienda\/interior\/decoracion-de-pared\/tela-con-bordon\/"]}]},{"@type":"ImageObject","inLanguage":"es","@id":"https:\/\/www.amstelprinting.nl\/es\/tienda\/interior\/decoracion-de-pared\/tela-con-bordon\/#primaryimage","url":"https:\/\/www.amstelprinting.nl\/wp-content\/uploads\/peesdoek-bedrukken.png","contentUrl":"https:\/\/www.amstelprinting.nl\/wp-content\/uploads\/peesdoek-bedrukken.png","width":900,"height":900},{"@type":"BreadcrumbList","@id":"https:\/\/www.amstelprinting.nl\/es\/tienda\/interior\/decoracion-de-pared\/tela-con-bordon\/#breadcrumb","itemListElement":[{"@type":"ListItem","position":1,"name":"","item":"https:\/\/www.amstelprinting.nl\/es\/"},{"@type":"ListItem","position":2,"name":"Amstel Printing","item":"https:\/\/www.amstelprinting.nl\/es\/comercio\/"},{"@type":"ListItem","position":3,"name":"Publicidad interior","item":"https:\/\/www.amstelprinting.nl\/es\/categor\u00eda\/publicidad-interior\/"},{"@type":"ListItem","position":4,"name":"Tela con bord\u00f3n"}]},{"@type":"WebSite","@id":"https:\/\/www.amstelprinting.nl\/es\/#website","url":"https:\/\/www.amstelprinting.nl\/es\/","name":"Amstel Printing","description":"Creating Exposure","publisher":{"@id":"https:\/\/www.amstelprinting.nl\/es\/#organization"},"potentialAction":[{"@type":"SearchAction","target":{"@type":"EntryPoint","urlTemplate":"https:\/\/www.amstelprinting.nl\/es\/?s={search_term_string}"},"query-input":{"@type":"PropertyValueSpecification","valueRequired":true,"valueName":"search_term_string"}}],"inLanguage":"es"},{"@type":"Organization","@id":"https:\/\/www.amstelprinting.nl\/es\/#organization","name":"Amstel Printing","url":"https:\/\/www.amstelprinting.nl\/es\/","logo":{"@type":"ImageObject","inLanguage":"es","@id":"https:\/\/www.amstelprinting.nl\/es\/#\/schema\/logo\/image\/","url":"https:\/\/www.amstelprinting.nl\/wp-content\/uploads\/amstel_printing_logo_clean.png","contentUrl":"https:\/\/www.amstelprinting.nl\/wp-content\/uploads\/amstel_printing_logo_clean.png","width":324,"height":73,"caption":"Amstel Printing"},"image":{"@id":"https:\/\/www.amstelprinting.nl\/es\/#\/schema\/logo\/image\/"}}]}},"_links":{"self":[{"href":"https:\/\/www.amstelprinting.nl\/es\/wp-json\/wp\/v2\/product\/14833","targetHints":{"allow":["GET"]}}],"collection":[{"href":"https:\/\/www.amstelprinting.nl\/es\/wp-json\/wp\/v2\/product"}],"about":[{"href":"https:\/\/www.amstelprinting.nl\/es\/wp-json\/wp\/v2\/types\/product"}],"wp:featuredmedia":[{"embeddable":true,"href":"https:\/\/www.amstelprinting.nl\/es\/wp-json\/wp\/v2\/media\/14834"}],"wp:attachment":[{"href":"https:\/\/www.amstelprinting.nl\/es\/wp-json\/wp\/v2\/media?parent=14833"}],"wp:term":[{"taxonomy":"product_brand","embeddable":true,"href":"https:\/\/www.amstelprinting.nl\/es\/wp-json\/wp\/v2\/product_brand?post=14833"},{"taxonomy":"product_cat","embeddable":true,"href":"https:\/\/www.amstelprinting.nl\/es\/wp-json\/wp\/v2\/product_cat?post=14833"},{"taxonomy":"product_tag","embeddable":true,"href":"https:\/\/www.amstelprinting.nl\/es\/wp-json\/wp\/v2\/product_tag?post=14833"}],"curies":[{"name":"wp","href":"https:\/\/api.w.org\/{rel}","templated":true}]}}