{"id":14843,"date":"2025-01-24T11:28:23","date_gmt":"2025-01-24T10:28:23","guid":{"rendered":"https:\/\/www.amstelprinting.nl\/winkel\/sin%20categor\u00eda\/wandframe-2\/"},"modified":"2026-02-18T12:48:10","modified_gmt":"2026-02-18T11:48:10","slug":"marco-de-pared","status":"publish","type":"product","link":"https:\/\/www.amstelprinting.nl\/es\/tienda\/publicidad-interior\/hospitalidad\/marco-de-pared\/","title":{"rendered":"Marco de pared"},"content":{"rendered":"<h3>Pedir marco de pared<\/h3>\n<p>Con el marco de pared puede presentar im\u00e1genes de ambiente y promociones de manera elegante. Comb\u00ednelo con una impresi\u00f3n intercambiable (f\u00e1cil de volver a pedir) para adaptar el interior f\u00e1cilmente a la temporada o a una nueva campa\u00f1a.<\/p>\n<p>D\u00e9 vida al espacio con nuestro marco de pared de aluminio, dise\u00f1ado especialmente para telas con ribete de silicona. Ya sea que busque un set completo o solo quiera pedir el marco por separado: el marco de pared es una soluci\u00f3n perfecta. Elija colgar su marco de pared o atornillarlo.<\/p>\n<h3>Elija la tela adecuada para su marco de pared<\/h3>\n<p>El marco de pared est\u00e1 disponible en blanco, negro o plata con una selecci\u00f3n de tres grosores: 19 mm (opcional con orificios de perforaci\u00f3n), 25 mm (opcional con orificios de perforaci\u00f3n) o 27 mm. Nuestros marcos son duraderos y ofrecen un acabado muy elegante en cualquier interior.<\/p>\n<p>Ofrecemos una amplia gama de tipos de telas, cada una (a excepci\u00f3n del terciopelo) con certificado B1 de seguridad contra incendios:<\/p>\n<ul>\n<li><strong>Dekostof<\/strong>: Poli\u00e9ster flexible con una estructura fina para una apariencia impactante.<\/li>\n<li><strong>Dekostof Blockout<\/strong>: Poli\u00e9ster que bloquea la luz con un reverso negro y certificado B1 para una reproducci\u00f3n crom\u00e1tica \u00f3ptima.<\/li>\n<li><strong>Structex<\/strong>: Poli\u00e9ster pesado con aspecto de algod\u00f3n para una apariencia de lujo.<\/li>\n<li><strong>Velours<\/strong>: Poli\u00e9ster de alta calidad con un acabado suave como el terciopelo.<\/li>\n<li><strong>Blackback Soft<\/strong>: Poli\u00e9ster block-out con reverso negro para una m\u00e1xima profundidad de color.<\/li>\n<li><strong>Blackback XL<\/strong>: Poli\u00e9ster block-out robusto, ideal para grandes formatos.<\/li>\n<li><strong>Decotex UV<\/strong>: Poli\u00e9ster flexible con estructura fina, resistente a los rayos UV para una mayor durabilidad.<\/li>\n<\/ul>\n<p>&nbsp;<\/p>\n<h3>Accesorios para una fijaci\u00f3n sin preocupaciones<\/h3>\n<p>Elija nuestra herramienta e-locktool para un montaje f\u00e1cil y preciso de la tela con ribete en el marco de pared.<\/p>\n<h3>Marcos de pared iluminados<\/h3>\n<p>\u00bfBusca un marco con iluminaci\u00f3n? Consulte nuestros marcos LED (atenuables). En principio, se trata del mismo producto (excepto por la iluminaci\u00f3n) que el marco de pared de esta p\u00e1gina de producto.<\/p>\n","protected":false},"excerpt":{"rendered":"<h3>Magn\u00edfico y elegante marco de aluminio con una impresi\u00f3n n\u00edtida<\/h3>\n<p>La tela con ribete de silicona se fija de forma r\u00e1pida y perfecta en el marco de pared. Adem\u00e1s, en caso de cambio de dise\u00f1o, es muy f\u00e1cil de reemplazar. Usted elige el tama\u00f1o del marco de pared, as\u00ed como el color y el grosor. Configure su marco de pared a su gusto en unos pocos pasos a continuaci\u00f3n.<\/p>\n","protected":false},"featured_media":14844,"template":"","meta":{"_et_pb_use_builder":"","_et_pb_old_content":"","_et_gb_content_width":""},"product_brand":[],"product_cat":[394,442,379],"product_tag":[],"class_list":{"0":"post-14843","1":"product","2":"type-product","3":"status-publish","4":"has-post-thumbnail","6":"product_cat-hospitalidad","7":"product_cat-publicidad-en-la-pared","8":"product_cat-publicidad-interior","10":"first","11":"instock","12":"taxable","13":"shipping-taxable","14":"purchasable","15":"product-type-simple"},"yoast_head":"<!-- This site is optimized with the Yoast SEO plugin v27.3 - https:\/\/yoast.com\/product\/yoast-seo-wordpress\/ -->\n<title>Marco de pared flexible a medida - Presentaciones para espacios comerciales<\/title>\n<meta name=\"description\" content=\"Pida un marco de pared de aluminio a medida para impresiones n\u00edtidas y f\u00e1ciles de cambiar. Elija entre varios colores, grosores y telas de alta calidad.\" \/>\n<meta name=\"robots\" content=\"index, follow, max-snippet:-1, max-image-preview:large, max-video-preview:-1\" \/>\n<link rel=\"canonical\" href=\"https:\/\/www.amstelprinting.nl\/es\/tienda\/publicidad-interior\/hospitalidad\/marco-de-pared\/\" \/>\n<meta property=\"og:locale\" content=\"es_ES\" \/>\n<meta property=\"og:type\" content=\"article\" \/>\n<meta property=\"og:title\" content=\"Marco de pared flexible a medida - Presentaciones para espacios comerciales\" \/>\n<meta property=\"og:description\" content=\"Pida un marco de pared de aluminio a medida para impresiones n\u00edtidas y f\u00e1ciles de cambiar. Elija entre varios colores, grosores y telas de alta calidad.\" \/>\n<meta property=\"og:url\" content=\"https:\/\/www.amstelprinting.nl\/es\/tienda\/publicidad-interior\/hospitalidad\/marco-de-pared\/\" \/>\n<meta property=\"og:site_name\" content=\"Amstel Printing\" \/>\n<meta property=\"article:modified_time\" content=\"2026-02-18T11:48:10+00:00\" \/>\n<meta property=\"og:image\" content=\"https:\/\/www.amstelprinting.nl\/wp-content\/uploads\/wandframe-bedrukken.png\" \/>\n\t<meta property=\"og:image:width\" content=\"900\" \/>\n\t<meta property=\"og:image:height\" content=\"900\" \/>\n\t<meta property=\"og:image:type\" content=\"image\/png\" \/>\n<meta name=\"twitter:card\" content=\"summary_large_image\" \/>\n<meta name=\"twitter:label1\" content=\"Tiempo de lectura\" \/>\n\t<meta name=\"twitter:data1\" content=\"2 minutos\" \/>\n<script type=\"application\/ld+json\" class=\"yoast-schema-graph\">{\"@context\":\"https:\\\/\\\/schema.org\",\"@graph\":[{\"@type\":\"WebPage\",\"@id\":\"https:\\\/\\\/www.amstelprinting.nl\\\/es\\\/tienda\\\/publicidad-interior\\\/hospitalidad\\\/marco-de-pared\\\/\",\"url\":\"https:\\\/\\\/www.amstelprinting.nl\\\/es\\\/tienda\\\/publicidad-interior\\\/hospitalidad\\\/marco-de-pared\\\/\",\"name\":\"Marco de pared flexible a medida - Presentaciones para espacios comerciales\",\"isPartOf\":{\"@id\":\"https:\\\/\\\/www.amstelprinting.nl\\\/es\\\/#website\"},\"primaryImageOfPage\":{\"@id\":\"https:\\\/\\\/www.amstelprinting.nl\\\/es\\\/tienda\\\/publicidad-interior\\\/hospitalidad\\\/marco-de-pared\\\/#primaryimage\"},\"image\":{\"@id\":\"https:\\\/\\\/www.amstelprinting.nl\\\/es\\\/tienda\\\/publicidad-interior\\\/hospitalidad\\\/marco-de-pared\\\/#primaryimage\"},\"thumbnailUrl\":\"https:\\\/\\\/www.amstelprinting.nl\\\/wp-content\\\/uploads\\\/wandframe-bedrukken.png\",\"datePublished\":\"2025-01-24T10:28:23+00:00\",\"dateModified\":\"2026-02-18T11:48:10+00:00\",\"description\":\"Pida un marco de pared de aluminio a medida para impresiones n\u00edtidas y f\u00e1ciles de cambiar. Elija entre varios colores, grosores y telas de alta calidad.\",\"breadcrumb\":{\"@id\":\"https:\\\/\\\/www.amstelprinting.nl\\\/es\\\/tienda\\\/publicidad-interior\\\/hospitalidad\\\/marco-de-pared\\\/#breadcrumb\"},\"inLanguage\":\"es\",\"potentialAction\":[{\"@type\":\"ReadAction\",\"target\":[\"https:\\\/\\\/www.amstelprinting.nl\\\/es\\\/tienda\\\/publicidad-interior\\\/hospitalidad\\\/marco-de-pared\\\/\"]}]},{\"@type\":\"ImageObject\",\"inLanguage\":\"es\",\"@id\":\"https:\\\/\\\/www.amstelprinting.nl\\\/es\\\/tienda\\\/publicidad-interior\\\/hospitalidad\\\/marco-de-pared\\\/#primaryimage\",\"url\":\"https:\\\/\\\/www.amstelprinting.nl\\\/wp-content\\\/uploads\\\/wandframe-bedrukken.png\",\"contentUrl\":\"https:\\\/\\\/www.amstelprinting.nl\\\/wp-content\\\/uploads\\\/wandframe-bedrukken.png\",\"width\":900,\"height\":900},{\"@type\":\"BreadcrumbList\",\"@id\":\"https:\\\/\\\/www.amstelprinting.nl\\\/es\\\/tienda\\\/publicidad-interior\\\/hospitalidad\\\/marco-de-pared\\\/#breadcrumb\",\"itemListElement\":[{\"@type\":\"ListItem\",\"position\":1,\"name\":\"\",\"item\":\"https:\\\/\\\/www.amstelprinting.nl\\\/es\\\/\"},{\"@type\":\"ListItem\",\"position\":2,\"name\":\"Amstel Printing\",\"item\":\"https:\\\/\\\/www.amstelprinting.nl\\\/es\\\/comercio\\\/\"},{\"@type\":\"ListItem\",\"position\":3,\"name\":\"Publicidad interior\",\"item\":\"https:\\\/\\\/www.amstelprinting.nl\\\/es\\\/categor\u00eda\\\/publicidad-interior\\\/\"},{\"@type\":\"ListItem\",\"position\":4,\"name\":\"Hospitalidad\",\"item\":\"https:\\\/\\\/www.amstelprinting.nl\\\/es\\\/categor\u00eda\\\/publicidad-interior\\\/hospitalidad\\\/\"},{\"@type\":\"ListItem\",\"position\":5,\"name\":\"Marco de pared\"}]},{\"@type\":\"WebSite\",\"@id\":\"https:\\\/\\\/www.amstelprinting.nl\\\/es\\\/#website\",\"url\":\"https:\\\/\\\/www.amstelprinting.nl\\\/es\\\/\",\"name\":\"Amstel Printing\",\"description\":\"Creating Exposure\",\"publisher\":{\"@id\":\"https:\\\/\\\/www.amstelprinting.nl\\\/es\\\/#organization\"},\"potentialAction\":[{\"@type\":\"SearchAction\",\"target\":{\"@type\":\"EntryPoint\",\"urlTemplate\":\"https:\\\/\\\/www.amstelprinting.nl\\\/es\\\/?s={search_term_string}\"},\"query-input\":{\"@type\":\"PropertyValueSpecification\",\"valueRequired\":true,\"valueName\":\"search_term_string\"}}],\"inLanguage\":\"es\"},{\"@type\":\"Organization\",\"@id\":\"https:\\\/\\\/www.amstelprinting.nl\\\/es\\\/#organization\",\"name\":\"Amstel Printing\",\"url\":\"https:\\\/\\\/www.amstelprinting.nl\\\/es\\\/\",\"logo\":{\"@type\":\"ImageObject\",\"inLanguage\":\"es\",\"@id\":\"https:\\\/\\\/www.amstelprinting.nl\\\/es\\\/#\\\/schema\\\/logo\\\/image\\\/\",\"url\":\"https:\\\/\\\/www.amstelprinting.nl\\\/wp-content\\\/uploads\\\/amstel_printing_logo_clean.png\",\"contentUrl\":\"https:\\\/\\\/www.amstelprinting.nl\\\/wp-content\\\/uploads\\\/amstel_printing_logo_clean.png\",\"width\":324,\"height\":73,\"caption\":\"Amstel Printing\"},\"image\":{\"@id\":\"https:\\\/\\\/www.amstelprinting.nl\\\/es\\\/#\\\/schema\\\/logo\\\/image\\\/\"}}]}<\/script>\n<!-- \/ Yoast SEO plugin. -->","yoast_head_json":{"title":"Marco de pared flexible a medida - Presentaciones para espacios comerciales","description":"Pida un marco de pared de aluminio a medida para impresiones n\u00edtidas y f\u00e1ciles de cambiar. Elija entre varios colores, grosores y telas de alta calidad.","robots":{"index":"index","follow":"follow","max-snippet":"max-snippet:-1","max-image-preview":"max-image-preview:large","max-video-preview":"max-video-preview:-1"},"canonical":"https:\/\/www.amstelprinting.nl\/es\/tienda\/publicidad-interior\/hospitalidad\/marco-de-pared\/","og_locale":"es_ES","og_type":"article","og_title":"Marco de pared flexible a medida - Presentaciones para espacios comerciales","og_description":"Pida un marco de pared de aluminio a medida para impresiones n\u00edtidas y f\u00e1ciles de cambiar. Elija entre varios colores, grosores y telas de alta calidad.","og_url":"https:\/\/www.amstelprinting.nl\/es\/tienda\/publicidad-interior\/hospitalidad\/marco-de-pared\/","og_site_name":"Amstel Printing","article_modified_time":"2026-02-18T11:48:10+00:00","og_image":[{"width":900,"height":900,"url":"https:\/\/www.amstelprinting.nl\/wp-content\/uploads\/wandframe-bedrukken.png","type":"image\/png"}],"twitter_card":"summary_large_image","twitter_misc":{"Tiempo de lectura":"2 minutos"},"schema":{"@context":"https:\/\/schema.org","@graph":[{"@type":"WebPage","@id":"https:\/\/www.amstelprinting.nl\/es\/tienda\/publicidad-interior\/hospitalidad\/marco-de-pared\/","url":"https:\/\/www.amstelprinting.nl\/es\/tienda\/publicidad-interior\/hospitalidad\/marco-de-pared\/","name":"Marco de pared flexible a medida - Presentaciones para espacios comerciales","isPartOf":{"@id":"https:\/\/www.amstelprinting.nl\/es\/#website"},"primaryImageOfPage":{"@id":"https:\/\/www.amstelprinting.nl\/es\/tienda\/publicidad-interior\/hospitalidad\/marco-de-pared\/#primaryimage"},"image":{"@id":"https:\/\/www.amstelprinting.nl\/es\/tienda\/publicidad-interior\/hospitalidad\/marco-de-pared\/#primaryimage"},"thumbnailUrl":"https:\/\/www.amstelprinting.nl\/wp-content\/uploads\/wandframe-bedrukken.png","datePublished":"2025-01-24T10:28:23+00:00","dateModified":"2026-02-18T11:48:10+00:00","description":"Pida un marco de pared de aluminio a medida para impresiones n\u00edtidas y f\u00e1ciles de cambiar. Elija entre varios colores, grosores y telas de alta calidad.","breadcrumb":{"@id":"https:\/\/www.amstelprinting.nl\/es\/tienda\/publicidad-interior\/hospitalidad\/marco-de-pared\/#breadcrumb"},"inLanguage":"es","potentialAction":[{"@type":"ReadAction","target":["https:\/\/www.amstelprinting.nl\/es\/tienda\/publicidad-interior\/hospitalidad\/marco-de-pared\/"]}]},{"@type":"ImageObject","inLanguage":"es","@id":"https:\/\/www.amstelprinting.nl\/es\/tienda\/publicidad-interior\/hospitalidad\/marco-de-pared\/#primaryimage","url":"https:\/\/www.amstelprinting.nl\/wp-content\/uploads\/wandframe-bedrukken.png","contentUrl":"https:\/\/www.amstelprinting.nl\/wp-content\/uploads\/wandframe-bedrukken.png","width":900,"height":900},{"@type":"BreadcrumbList","@id":"https:\/\/www.amstelprinting.nl\/es\/tienda\/publicidad-interior\/hospitalidad\/marco-de-pared\/#breadcrumb","itemListElement":[{"@type":"ListItem","position":1,"name":"","item":"https:\/\/www.amstelprinting.nl\/es\/"},{"@type":"ListItem","position":2,"name":"Amstel Printing","item":"https:\/\/www.amstelprinting.nl\/es\/comercio\/"},{"@type":"ListItem","position":3,"name":"Publicidad interior","item":"https:\/\/www.amstelprinting.nl\/es\/categor\u00eda\/publicidad-interior\/"},{"@type":"ListItem","position":4,"name":"Hospitalidad","item":"https:\/\/www.amstelprinting.nl\/es\/categor\u00eda\/publicidad-interior\/hospitalidad\/"},{"@type":"ListItem","position":5,"name":"Marco de pared"}]},{"@type":"WebSite","@id":"https:\/\/www.amstelprinting.nl\/es\/#website","url":"https:\/\/www.amstelprinting.nl\/es\/","name":"Amstel Printing","description":"Creating Exposure","publisher":{"@id":"https:\/\/www.amstelprinting.nl\/es\/#organization"},"potentialAction":[{"@type":"SearchAction","target":{"@type":"EntryPoint","urlTemplate":"https:\/\/www.amstelprinting.nl\/es\/?s={search_term_string}"},"query-input":{"@type":"PropertyValueSpecification","valueRequired":true,"valueName":"search_term_string"}}],"inLanguage":"es"},{"@type":"Organization","@id":"https:\/\/www.amstelprinting.nl\/es\/#organization","name":"Amstel Printing","url":"https:\/\/www.amstelprinting.nl\/es\/","logo":{"@type":"ImageObject","inLanguage":"es","@id":"https:\/\/www.amstelprinting.nl\/es\/#\/schema\/logo\/image\/","url":"https:\/\/www.amstelprinting.nl\/wp-content\/uploads\/amstel_printing_logo_clean.png","contentUrl":"https:\/\/www.amstelprinting.nl\/wp-content\/uploads\/amstel_printing_logo_clean.png","width":324,"height":73,"caption":"Amstel Printing"},"image":{"@id":"https:\/\/www.amstelprinting.nl\/es\/#\/schema\/logo\/image\/"}}]}},"_links":{"self":[{"href":"https:\/\/www.amstelprinting.nl\/es\/wp-json\/wp\/v2\/product\/14843","targetHints":{"allow":["GET"]}}],"collection":[{"href":"https:\/\/www.amstelprinting.nl\/es\/wp-json\/wp\/v2\/product"}],"about":[{"href":"https:\/\/www.amstelprinting.nl\/es\/wp-json\/wp\/v2\/types\/product"}],"wp:featuredmedia":[{"embeddable":true,"href":"https:\/\/www.amstelprinting.nl\/es\/wp-json\/wp\/v2\/media\/14844"}],"wp:attachment":[{"href":"https:\/\/www.amstelprinting.nl\/es\/wp-json\/wp\/v2\/media?parent=14843"}],"wp:term":[{"taxonomy":"product_brand","embeddable":true,"href":"https:\/\/www.amstelprinting.nl\/es\/wp-json\/wp\/v2\/product_brand?post=14843"},{"taxonomy":"product_cat","embeddable":true,"href":"https:\/\/www.amstelprinting.nl\/es\/wp-json\/wp\/v2\/product_cat?post=14843"},{"taxonomy":"product_tag","embeddable":true,"href":"https:\/\/www.amstelprinting.nl\/es\/wp-json\/wp\/v2\/product_tag?post=14843"}],"curies":[{"name":"wp","href":"https:\/\/api.w.org\/{rel}","templated":true}]}}