{"id":14853,"date":"2025-01-24T11:28:19","date_gmt":"2025-01-24T10:28:19","guid":{"rendered":"https:\/\/www.amstelprinting.nl\/winkel\/sin%20categor\u00eda\/textielframe\/"},"modified":"2026-02-18T12:48:11","modified_gmt":"2026-02-18T11:48:11","slug":"marco-textil","status":"publish","type":"product","link":"https:\/\/www.amstelprinting.nl\/es\/tienda\/interior\/decoracion-de-pared\/marco-textil\/","title":{"rendered":"Marco textil"},"content":{"rendered":"<h3>Pedir marco textil<\/h3>\n<p>Con nuestros marcos textiles, ofrecemos algo m\u00e1s que una soluci\u00f3n decorativa para su espacio. Tanto si elige un marco con iluminaci\u00f3n LED como un marco textil sin iluminaci\u00f3n, cada marco textil est\u00e1 dise\u00f1ado para embellecer su interior con estilo y funcionalidad. Personalice el marco textil en cualquier tama\u00f1o deseado y elija entre una amplia gama de materiales de alta calidad.<\/p>\n<h3>Ventajas<\/h3>\n<ul>\n<li>Marco disponible con iluminaci\u00f3n y sin iluminaci\u00f3n<\/li>\n<li>Amplia selecci\u00f3n de tama\u00f1os y materiales<\/li>\n<li>Disponible como marco de pared, de techo o autoportante<\/li>\n<li>Elija entre 3 colores de marco diferentes<\/li>\n<li>Seguro de usar: equipado con un certificado de incendio B1<\/li>\n<\/ul>\n<p>&nbsp;<\/p>\n<h3>Configure el marco a su gusto<\/h3>\n<p>El marco textil est\u00e1 disponible en aluminio blanco, negro o plata. Para ello, puede elegir entre 3 grosores diferentes: 19 mm (para marcos de pared), 25 mm y 27 mm (para marcos de pared o techo), 44 mm (para aplicaciones de doble cara) y 80 mm (para marcos de pie o colgantes). El marco LED tiene un perfil de 60 mm de ancho para una iluminaci\u00f3n \u00f3ptima de su impresi\u00f3n.<\/p>\n<h3>Elija el material de lona adecuado<\/h3>\n<p>El marco textil est\u00e1 equipado con un perfil especial para reborde. En este perfil, puede deslizar f\u00e1cilmente la lona con reborde. El reborde se refiere al cord\u00f3n de silicona que est\u00e1 fijado alrededor de la lona. Esta lona con reborde est\u00e1 disponible en diferentes materiales, seg\u00fan el tipo de marco. Cada uno (a excepci\u00f3n del terciopelo) cuenta con un certificado B1 de seguridad contra incendios.<\/p>\n<h2>Para el marco LED:<\/h2>\n<ul>\n<li><strong>Samba Backlit<\/strong>: Lona de poli\u00e9ster con colores intensos para una mayor luminosidad en marcos iluminados.<\/li>\n<li><strong>LumiTex<\/strong>: 100% poli\u00e9ster con hilos extra finos y doble capa de tinta para aplicaciones iluminadas.<\/li>\n<\/ul>\n<p>&nbsp;<br \/>\n<span style=\"text-decoration: underline;\">Diferencias entre Samba Backlit y LumiTex<br \/>\n<\/span>La diferencia entre Samba Backlit y LumiTex est\u00e1 relacionada principalmente con la t\u00e9cnica de impresi\u00f3n. La lona con reborde Samba se suministra con una impresi\u00f3n UV al 200% y LumiTex utiliza una impresi\u00f3n por sublimaci\u00f3n al 200%. La desventaja de una impresi\u00f3n UV es que las capas dobles de tinta emiten un fuerte olor (temporal). LumiTex, por otro lado, es inodoro y no se arruga.<br \/>\nAdem\u00e1s, la impresi\u00f3n en la lona LumiTex es algo m\u00e1s duradera en comparaci\u00f3n con Samba Backlit. Las tintas utilizadas son a base de agua. Adem\u00e1s, LumiTex (al igual que Samba Backlit) tambi\u00e9n est\u00e1 libre de PVC y es reciclable.<\/p>\n<p>La \u00faltima diferencia caracter\u00edstica entre ambas lonas es que Samba Backlit cuenta con un recubrimiento. Gracias a este recubrimiento, Samba Backlit tambi\u00e9n puede utilizarse en exteriores durante cortos periodos de tiempo. LumiTex solo es apto para aplicaciones en interiores.<\/p>\n<h2>Para el marco textil:<\/h2>\n<ul>\n<li><strong>Dekostof<\/strong>: El tipo de lona m\u00e1s solicitado. Dekostof es una lona de poli\u00e9ster flexible con una estructura fina para visualizaciones potentes.<\/li>\n<li><strong>Dekostof Blockout<\/strong>: Poli\u00e9ster bloqueador de luz con reverso negro para una reproducci\u00f3n \u00f3ptima del color.<\/li>\n<li><strong>Structex<\/strong>: Poli\u00e9ster pesado con aspecto de algod\u00f3n para una apariencia de lujo.<\/li>\n<li><strong>Velours<\/strong>: Poli\u00e9ster de alta calidad con un acabado aterciopelado.<\/li>\n<li><strong>Blackback Soft<\/strong>: Poli\u00e9ster block-out con reverso negro para una profundidad de color m\u00e1xima.<\/li>\n<li><strong>Blackback XL<\/strong>: Poli\u00e9ster block-out robusto, perfecto para aplicaciones de gran formato.<\/li>\n<li><strong>Decotex UV<\/strong>: Poli\u00e9ster flexible con estructura fina, resistente a los rayos UV para mayor durabilidad.<\/li>\n<\/ul>\n<p>&nbsp;<\/p>\n<h3>Colocaci\u00f3n de la lona con reborde en el marco textil<\/h3>\n<p>Elija nuestra herramienta e-lock opcional para un montaje preciso y sin esfuerzo de su marco textil.<\/p>\n<h3>Marco textil de madera: la alternativa de madera sostenible<\/h3>\n<p>Como alternativa al marco textil, tambi\u00e9n est\u00e1 disponible una elegante variante de madera. Este marco textil de madera est\u00e1 fabricado con madera de Ayous modificada. Gracias a un tratamiento especial con vapor, la madera mantiene su forma, incluso ante fluctuaciones de temperatura y humedad. El material no contiene sustancias nocivas, por lo que es completamente natural y respetuoso con el medio ambiente. El tratamiento con vapor tambi\u00e9n proporciona un tono de madera c\u00e1lido y natural. Esto le da al marco textil de madera un aspecto acogedor. As\u00ed que, si opta por un aspecto natural: eche un vistazo al marco textil de madera.<\/p>\n<h3>Preguntas frecuentes<\/h3>\n<p><strong>\u00bfA partir de qu\u00e9 tama\u00f1o se suministra un estabilizador con mi producto?<\/strong><br \/>\nRecibir\u00e1 un estabilizador con un marco textil de m\u00e1s de 250 cm.<\/p>\n<p><strong>\u00bfQu\u00e9 recibe con el marco?<\/strong><br \/>\nEl marco textil se suministra de forma est\u00e1ndar en cuatro piezas, que se fijan firmemente en las esquinas con un kit de cierre.<\/p>\n<p><strong>\u00bfHoe wordt het textielframe verpakt?<\/strong><br \/>\nEl marco textil se empaqueta cuidadosamente en una caja, a\u00f1adiendo protecci\u00f3n adicional donde sea necesario. De esta forma, garantizamos que reciba un marco textil sin da\u00f1os.<\/p>\n<p><strong>\u00bfC\u00f3mo puedo corregir las arrugas en mi lona?<\/strong><br \/>\nAl colocar la lona con reborde en el marco textil, se crea tensi\u00f3n en el material. Esto har\u00e1 que las arrugas desaparezcan por s\u00ed solas de la lona.<\/p>\n","protected":false},"excerpt":{"rendered":"<p>Marco textil hecho a medida con una impresi\u00f3n a todo color de alta nitidez de su dise\u00f1o. Disponible como marco de pared, de techo o autoportante en el color que elija. El marco textil tambi\u00e9n puede equiparse opcionalmente con iluminaci\u00f3n LED. \u00a1Configure aqu\u00ed abajo su marco textil totalmente a su gusto en unos pocos pasos!<\/p>\n","protected":false},"featured_media":14854,"template":"","meta":{"_et_pb_use_builder":"","_et_pb_old_content":"","_et_gb_content_width":""},"product_brand":[],"product_cat":[626,545,630,442,379],"product_tag":[],"class_list":{"0":"post-14853","1":"product","2":"type-product","3":"status-publish","4":"has-post-thumbnail","6":"product_cat-decoracion-de-pared","7":"product_cat-interior","8":"product_cat-oficina","9":"product_cat-publicidad-en-la-pared","10":"product_cat-publicidad-interior","12":"first","13":"instock","14":"taxable","15":"shipping-taxable","16":"purchasable","17":"product-type-simple"},"yoast_head":"<!-- This site is optimized with the Yoast SEO plugin v27.3 - https:\/\/yoast.com\/product\/yoast-seo-wordpress\/ -->\n<title>Marco textil | Amstel Printing<\/title>\n<meta name=\"robots\" content=\"index, follow, max-snippet:-1, max-image-preview:large, max-video-preview:-1\" \/>\n<link rel=\"canonical\" href=\"https:\/\/www.amstelprinting.nl\/es\/tienda\/interior\/decoracion-de-pared\/marco-textil\/\" \/>\n<meta property=\"og:locale\" content=\"es_ES\" \/>\n<meta property=\"og:type\" content=\"article\" \/>\n<meta property=\"og:title\" content=\"Marco textil | Amstel Printing\" \/>\n<meta property=\"og:description\" content=\"Marco textil hecho a medida con una impresi\u00f3n a todo color de alta nitidez de su dise\u00f1o. Disponible como marco de pared, de techo o autoportante en el color que elija. El marco textil tambi\u00e9n puede equiparse opcionalmente con iluminaci\u00f3n LED. \u00a1Configure aqu\u00ed abajo su marco textil totalmente a su gusto en unos pocos pasos!\" \/>\n<meta property=\"og:url\" content=\"https:\/\/www.amstelprinting.nl\/es\/tienda\/interior\/decoracion-de-pared\/marco-textil\/\" \/>\n<meta property=\"og:site_name\" content=\"Amstel Printing\" \/>\n<meta property=\"article:modified_time\" content=\"2026-02-18T11:48:11+00:00\" \/>\n<meta property=\"og:image\" content=\"https:\/\/www.amstelprinting.nl\/wp-content\/uploads\/textielframe-bedrukken.png\" \/>\n\t<meta property=\"og:image:width\" content=\"900\" \/>\n\t<meta property=\"og:image:height\" content=\"900\" \/>\n\t<meta property=\"og:image:type\" content=\"image\/png\" \/>\n<meta name=\"twitter:card\" content=\"summary_large_image\" \/>\n<meta name=\"twitter:label1\" content=\"Tiempo de lectura\" \/>\n\t<meta name=\"twitter:data1\" content=\"4 minutos\" \/>\n<script type=\"application\/ld+json\" class=\"yoast-schema-graph\">{\"@context\":\"https:\\\/\\\/schema.org\",\"@graph\":[{\"@type\":\"WebPage\",\"@id\":\"https:\\\/\\\/www.amstelprinting.nl\\\/es\\\/tienda\\\/interior\\\/decoracion-de-pared\\\/marco-textil\\\/\",\"url\":\"https:\\\/\\\/www.amstelprinting.nl\\\/es\\\/tienda\\\/interior\\\/decoracion-de-pared\\\/marco-textil\\\/\",\"name\":\"Marco textil | Amstel Printing\",\"isPartOf\":{\"@id\":\"https:\\\/\\\/www.amstelprinting.nl\\\/es\\\/#website\"},\"primaryImageOfPage\":{\"@id\":\"https:\\\/\\\/www.amstelprinting.nl\\\/es\\\/tienda\\\/interior\\\/decoracion-de-pared\\\/marco-textil\\\/#primaryimage\"},\"image\":{\"@id\":\"https:\\\/\\\/www.amstelprinting.nl\\\/es\\\/tienda\\\/interior\\\/decoracion-de-pared\\\/marco-textil\\\/#primaryimage\"},\"thumbnailUrl\":\"https:\\\/\\\/www.amstelprinting.nl\\\/wp-content\\\/uploads\\\/textielframe-bedrukken.png\",\"datePublished\":\"2025-01-24T10:28:19+00:00\",\"dateModified\":\"2026-02-18T11:48:11+00:00\",\"breadcrumb\":{\"@id\":\"https:\\\/\\\/www.amstelprinting.nl\\\/es\\\/tienda\\\/interior\\\/decoracion-de-pared\\\/marco-textil\\\/#breadcrumb\"},\"inLanguage\":\"es\",\"potentialAction\":[{\"@type\":\"ReadAction\",\"target\":[\"https:\\\/\\\/www.amstelprinting.nl\\\/es\\\/tienda\\\/interior\\\/decoracion-de-pared\\\/marco-textil\\\/\"]}]},{\"@type\":\"ImageObject\",\"inLanguage\":\"es\",\"@id\":\"https:\\\/\\\/www.amstelprinting.nl\\\/es\\\/tienda\\\/interior\\\/decoracion-de-pared\\\/marco-textil\\\/#primaryimage\",\"url\":\"https:\\\/\\\/www.amstelprinting.nl\\\/wp-content\\\/uploads\\\/textielframe-bedrukken.png\",\"contentUrl\":\"https:\\\/\\\/www.amstelprinting.nl\\\/wp-content\\\/uploads\\\/textielframe-bedrukken.png\",\"width\":900,\"height\":900},{\"@type\":\"BreadcrumbList\",\"@id\":\"https:\\\/\\\/www.amstelprinting.nl\\\/es\\\/tienda\\\/interior\\\/decoracion-de-pared\\\/marco-textil\\\/#breadcrumb\",\"itemListElement\":[{\"@type\":\"ListItem\",\"position\":1,\"name\":\"\",\"item\":\"https:\\\/\\\/www.amstelprinting.nl\\\/es\\\/\"},{\"@type\":\"ListItem\",\"position\":2,\"name\":\"Amstel Printing\",\"item\":\"https:\\\/\\\/www.amstelprinting.nl\\\/es\\\/comercio\\\/\"},{\"@type\":\"ListItem\",\"position\":3,\"name\":\"Publicidad interior\",\"item\":\"https:\\\/\\\/www.amstelprinting.nl\\\/es\\\/categor\u00eda\\\/publicidad-interior\\\/\"},{\"@type\":\"ListItem\",\"position\":4,\"name\":\"Publicidad en la pared\",\"item\":\"https:\\\/\\\/www.amstelprinting.nl\\\/es\\\/categor\u00eda\\\/publicidad-interior\\\/publicidad-en-la-pared\\\/\"},{\"@type\":\"ListItem\",\"position\":5,\"name\":\"Marco textil\"}]},{\"@type\":\"WebSite\",\"@id\":\"https:\\\/\\\/www.amstelprinting.nl\\\/es\\\/#website\",\"url\":\"https:\\\/\\\/www.amstelprinting.nl\\\/es\\\/\",\"name\":\"Amstel Printing\",\"description\":\"Creating Exposure\",\"publisher\":{\"@id\":\"https:\\\/\\\/www.amstelprinting.nl\\\/es\\\/#organization\"},\"potentialAction\":[{\"@type\":\"SearchAction\",\"target\":{\"@type\":\"EntryPoint\",\"urlTemplate\":\"https:\\\/\\\/www.amstelprinting.nl\\\/es\\\/?s={search_term_string}\"},\"query-input\":{\"@type\":\"PropertyValueSpecification\",\"valueRequired\":true,\"valueName\":\"search_term_string\"}}],\"inLanguage\":\"es\"},{\"@type\":\"Organization\",\"@id\":\"https:\\\/\\\/www.amstelprinting.nl\\\/es\\\/#organization\",\"name\":\"Amstel Printing\",\"url\":\"https:\\\/\\\/www.amstelprinting.nl\\\/es\\\/\",\"logo\":{\"@type\":\"ImageObject\",\"inLanguage\":\"es\",\"@id\":\"https:\\\/\\\/www.amstelprinting.nl\\\/es\\\/#\\\/schema\\\/logo\\\/image\\\/\",\"url\":\"https:\\\/\\\/www.amstelprinting.nl\\\/wp-content\\\/uploads\\\/amstel_printing_logo_clean.png\",\"contentUrl\":\"https:\\\/\\\/www.amstelprinting.nl\\\/wp-content\\\/uploads\\\/amstel_printing_logo_clean.png\",\"width\":324,\"height\":73,\"caption\":\"Amstel Printing\"},\"image\":{\"@id\":\"https:\\\/\\\/www.amstelprinting.nl\\\/es\\\/#\\\/schema\\\/logo\\\/image\\\/\"}}]}<\/script>\n<!-- \/ Yoast SEO plugin. -->","yoast_head_json":{"title":"Marco textil | Amstel Printing","robots":{"index":"index","follow":"follow","max-snippet":"max-snippet:-1","max-image-preview":"max-image-preview:large","max-video-preview":"max-video-preview:-1"},"canonical":"https:\/\/www.amstelprinting.nl\/es\/tienda\/interior\/decoracion-de-pared\/marco-textil\/","og_locale":"es_ES","og_type":"article","og_title":"Marco textil | Amstel Printing","og_description":"Marco textil hecho a medida con una impresi\u00f3n a todo color de alta nitidez de su dise\u00f1o. Disponible como marco de pared, de techo o autoportante en el color que elija. El marco textil tambi\u00e9n puede equiparse opcionalmente con iluminaci\u00f3n LED. \u00a1Configure aqu\u00ed abajo su marco textil totalmente a su gusto en unos pocos pasos!","og_url":"https:\/\/www.amstelprinting.nl\/es\/tienda\/interior\/decoracion-de-pared\/marco-textil\/","og_site_name":"Amstel Printing","article_modified_time":"2026-02-18T11:48:11+00:00","og_image":[{"width":900,"height":900,"url":"https:\/\/www.amstelprinting.nl\/wp-content\/uploads\/textielframe-bedrukken.png","type":"image\/png"}],"twitter_card":"summary_large_image","twitter_misc":{"Tiempo de lectura":"4 minutos"},"schema":{"@context":"https:\/\/schema.org","@graph":[{"@type":"WebPage","@id":"https:\/\/www.amstelprinting.nl\/es\/tienda\/interior\/decoracion-de-pared\/marco-textil\/","url":"https:\/\/www.amstelprinting.nl\/es\/tienda\/interior\/decoracion-de-pared\/marco-textil\/","name":"Marco textil | Amstel Printing","isPartOf":{"@id":"https:\/\/www.amstelprinting.nl\/es\/#website"},"primaryImageOfPage":{"@id":"https:\/\/www.amstelprinting.nl\/es\/tienda\/interior\/decoracion-de-pared\/marco-textil\/#primaryimage"},"image":{"@id":"https:\/\/www.amstelprinting.nl\/es\/tienda\/interior\/decoracion-de-pared\/marco-textil\/#primaryimage"},"thumbnailUrl":"https:\/\/www.amstelprinting.nl\/wp-content\/uploads\/textielframe-bedrukken.png","datePublished":"2025-01-24T10:28:19+00:00","dateModified":"2026-02-18T11:48:11+00:00","breadcrumb":{"@id":"https:\/\/www.amstelprinting.nl\/es\/tienda\/interior\/decoracion-de-pared\/marco-textil\/#breadcrumb"},"inLanguage":"es","potentialAction":[{"@type":"ReadAction","target":["https:\/\/www.amstelprinting.nl\/es\/tienda\/interior\/decoracion-de-pared\/marco-textil\/"]}]},{"@type":"ImageObject","inLanguage":"es","@id":"https:\/\/www.amstelprinting.nl\/es\/tienda\/interior\/decoracion-de-pared\/marco-textil\/#primaryimage","url":"https:\/\/www.amstelprinting.nl\/wp-content\/uploads\/textielframe-bedrukken.png","contentUrl":"https:\/\/www.amstelprinting.nl\/wp-content\/uploads\/textielframe-bedrukken.png","width":900,"height":900},{"@type":"BreadcrumbList","@id":"https:\/\/www.amstelprinting.nl\/es\/tienda\/interior\/decoracion-de-pared\/marco-textil\/#breadcrumb","itemListElement":[{"@type":"ListItem","position":1,"name":"","item":"https:\/\/www.amstelprinting.nl\/es\/"},{"@type":"ListItem","position":2,"name":"Amstel Printing","item":"https:\/\/www.amstelprinting.nl\/es\/comercio\/"},{"@type":"ListItem","position":3,"name":"Publicidad interior","item":"https:\/\/www.amstelprinting.nl\/es\/categor\u00eda\/publicidad-interior\/"},{"@type":"ListItem","position":4,"name":"Publicidad en la pared","item":"https:\/\/www.amstelprinting.nl\/es\/categor\u00eda\/publicidad-interior\/publicidad-en-la-pared\/"},{"@type":"ListItem","position":5,"name":"Marco textil"}]},{"@type":"WebSite","@id":"https:\/\/www.amstelprinting.nl\/es\/#website","url":"https:\/\/www.amstelprinting.nl\/es\/","name":"Amstel Printing","description":"Creating Exposure","publisher":{"@id":"https:\/\/www.amstelprinting.nl\/es\/#organization"},"potentialAction":[{"@type":"SearchAction","target":{"@type":"EntryPoint","urlTemplate":"https:\/\/www.amstelprinting.nl\/es\/?s={search_term_string}"},"query-input":{"@type":"PropertyValueSpecification","valueRequired":true,"valueName":"search_term_string"}}],"inLanguage":"es"},{"@type":"Organization","@id":"https:\/\/www.amstelprinting.nl\/es\/#organization","name":"Amstel Printing","url":"https:\/\/www.amstelprinting.nl\/es\/","logo":{"@type":"ImageObject","inLanguage":"es","@id":"https:\/\/www.amstelprinting.nl\/es\/#\/schema\/logo\/image\/","url":"https:\/\/www.amstelprinting.nl\/wp-content\/uploads\/amstel_printing_logo_clean.png","contentUrl":"https:\/\/www.amstelprinting.nl\/wp-content\/uploads\/amstel_printing_logo_clean.png","width":324,"height":73,"caption":"Amstel Printing"},"image":{"@id":"https:\/\/www.amstelprinting.nl\/es\/#\/schema\/logo\/image\/"}}]}},"_links":{"self":[{"href":"https:\/\/www.amstelprinting.nl\/es\/wp-json\/wp\/v2\/product\/14853","targetHints":{"allow":["GET"]}}],"collection":[{"href":"https:\/\/www.amstelprinting.nl\/es\/wp-json\/wp\/v2\/product"}],"about":[{"href":"https:\/\/www.amstelprinting.nl\/es\/wp-json\/wp\/v2\/types\/product"}],"wp:featuredmedia":[{"embeddable":true,"href":"https:\/\/www.amstelprinting.nl\/es\/wp-json\/wp\/v2\/media\/14854"}],"wp:attachment":[{"href":"https:\/\/www.amstelprinting.nl\/es\/wp-json\/wp\/v2\/media?parent=14853"}],"wp:term":[{"taxonomy":"product_brand","embeddable":true,"href":"https:\/\/www.amstelprinting.nl\/es\/wp-json\/wp\/v2\/product_brand?post=14853"},{"taxonomy":"product_cat","embeddable":true,"href":"https:\/\/www.amstelprinting.nl\/es\/wp-json\/wp\/v2\/product_cat?post=14853"},{"taxonomy":"product_tag","embeddable":true,"href":"https:\/\/www.amstelprinting.nl\/es\/wp-json\/wp\/v2\/product_tag?post=14853"}],"curies":[{"name":"wp","href":"https:\/\/api.w.org\/{rel}","templated":true}]}}