{"id":14863,"date":"2025-01-24T11:28:13","date_gmt":"2025-01-24T10:28:13","guid":{"rendered":"https:\/\/www.amstelprinting.nl\/winkel\/sin%20categor\u00eda\/textielposter\/"},"modified":"2026-02-18T12:48:11","modified_gmt":"2026-02-18T11:48:11","slug":"poster-textil","status":"publish","type":"product","link":"https:\/\/www.amstelprinting.nl\/es\/tienda\/interior\/decoracion-de-pared\/poster-textil\/","title":{"rendered":"P\u00f3ster textil"},"content":{"rendered":"<h3>Pedir p\u00f3steres textiles<\/h3>\n<p>El p\u00f3ster textil es un aut\u00e9ntico reclamo para cualquier espacio interior. Con el control total sobre el dise\u00f1o y las dimensiones, puede crear el p\u00f3ster textil completamente a su gusto. Elija usted mismo la altura y seleccione entre seis anchuras diferentes para un ajuste perfecto.<\/p>\n<h3>Ventajas<\/h3>\n<ul>\n<li>Suba su propio dise\u00f1o o elija entre uno de nuestros 20.000 dise\u00f1os est\u00e1ndar<\/li>\n<li>Elecci\u00f3n de varios tama\u00f1os y materiales<\/li>\n<li>Se entrega completo (incluidas varillas de madera de haya)<\/li>\n<li>Material del p\u00f3ster textil<\/li>\n<\/ul>\n<p>&nbsp;<br \/>\nNuestros p\u00f3steres textiles est\u00e1n disponibles en dos materiales: Kendal y Structex. Kendal es un tejido de poli\u00e9ster flexible con ligamento de sarga, que proporciona una superficie lisa y elegante con una textura sutil. El material Structex es un tejido estructurado de poli\u00e9ster de alta calidad, dise\u00f1ado para ofrecer un aspecto de algod\u00f3n con un car\u00e1cter robusto y duradero. Este material cuenta con un certificado de resistencia al fuego B1.<\/p>\n<h3>Acabado del p\u00f3ster textil<\/h3>\n<p>Para el acabado de su p\u00f3ster textil, puede elegir entre hilos blancos o negros. Adem\u00e1s, podr\u00e1 colgar el p\u00f3ster textil directamente gracias a las varillas de madera de haya incluidas (en la parte superior e inferior).<\/p>\n<h3>Consejo: Maquetaci\u00f3n de su propio dise\u00f1o<\/h3>\n<p>Atenci\u00f3n: aseg\u00farese de que los textos y logotipos est\u00e9n a una distancia m\u00ednima de 2 cm del t\u00fanel.<\/p>\n<p>D\u00e9 a su interior un toque \u00fanico y elegante con nuestros p\u00f3steres textiles a medida. P\u00eddalo hoy mismo y descubra lo sencillo que es transformar el espacio.<\/p>\n<h3>Preguntas frecuentes<\/h3>\n<p><strong>\u00bfEs posible subir varios archivos con diferentes im\u00e1genes?<\/strong><br \/>\nSin duda, es posible. Siga los pasos del proceso de pedido para ello.<\/p>\n","protected":false},"excerpt":{"rendered":"<p>Suba su propio dise\u00f1o o elija entre uno de nuestros 20.000 dise\u00f1os est\u00e1ndar. El p\u00f3ster textil de madera se entrega con varillas de madera de haya incluidas. \u00a1Elija entre seis anchuras diferentes con la altura que desee!<\/p>\n","protected":false},"featured_media":14864,"template":"","meta":{"_et_pb_use_builder":"","_et_pb_old_content":"","_et_gb_content_width":""},"product_brand":[],"product_cat":[626,545,442,379],"product_tag":[],"class_list":{"0":"post-14863","1":"product","2":"type-product","3":"status-publish","4":"has-post-thumbnail","6":"product_cat-decoracion-de-pared","7":"product_cat-interior","8":"product_cat-publicidad-en-la-pared","9":"product_cat-publicidad-interior","11":"first","12":"instock","13":"taxable","14":"shipping-taxable","15":"purchasable","16":"product-type-simple"},"yoast_head":"<!-- This site is optimized with the Yoast SEO plugin v27.3 - https:\/\/yoast.com\/product\/yoast-seo-wordpress\/ -->\n<title>P\u00f3ster textil a medida con varillas para colgar de madera de haya<\/title>\n<meta name=\"description\" content=\"\u00a1Pida ahora su p\u00f3ster textil sostenible! Incluye varillas de madera de haya para colgarlo f\u00e1cilmente. Env\u00edo disponible a toda Europa\" \/>\n<meta name=\"robots\" content=\"index, follow, max-snippet:-1, max-image-preview:large, max-video-preview:-1\" \/>\n<link rel=\"canonical\" href=\"https:\/\/www.amstelprinting.nl\/es\/tienda\/interior\/decoracion-de-pared\/poster-textil\/\" \/>\n<meta property=\"og:locale\" content=\"es_ES\" \/>\n<meta property=\"og:type\" content=\"article\" \/>\n<meta property=\"og:title\" content=\"P\u00f3ster textil a medida con varillas para colgar de madera de haya\" \/>\n<meta property=\"og:description\" content=\"\u00a1Pida ahora su p\u00f3ster textil sostenible! Incluye varillas de madera de haya para colgarlo f\u00e1cilmente. Env\u00edo disponible a toda Europa\" \/>\n<meta property=\"og:url\" content=\"https:\/\/www.amstelprinting.nl\/es\/tienda\/interior\/decoracion-de-pared\/poster-textil\/\" \/>\n<meta property=\"og:site_name\" content=\"Amstel Printing\" \/>\n<meta property=\"article:modified_time\" content=\"2026-02-18T11:48:11+00:00\" \/>\n<meta property=\"og:image\" content=\"https:\/\/www.amstelprinting.nl\/wp-content\/uploads\/textielposter-bedrukken.png\" \/>\n\t<meta property=\"og:image:width\" content=\"900\" \/>\n\t<meta property=\"og:image:height\" content=\"904\" \/>\n\t<meta property=\"og:image:type\" content=\"image\/png\" \/>\n<meta name=\"twitter:card\" content=\"summary_large_image\" \/>\n<meta name=\"twitter:label1\" content=\"Tiempo de lectura\" \/>\n\t<meta name=\"twitter:data1\" content=\"1 minuto\" \/>\n<script type=\"application\/ld+json\" class=\"yoast-schema-graph\">{\"@context\":\"https:\\\/\\\/schema.org\",\"@graph\":[{\"@type\":\"WebPage\",\"@id\":\"https:\\\/\\\/www.amstelprinting.nl\\\/es\\\/tienda\\\/interior\\\/decoracion-de-pared\\\/poster-textil\\\/\",\"url\":\"https:\\\/\\\/www.amstelprinting.nl\\\/es\\\/tienda\\\/interior\\\/decoracion-de-pared\\\/poster-textil\\\/\",\"name\":\"P\u00f3ster textil a medida con varillas para colgar de madera de haya\",\"isPartOf\":{\"@id\":\"https:\\\/\\\/www.amstelprinting.nl\\\/es\\\/#website\"},\"primaryImageOfPage\":{\"@id\":\"https:\\\/\\\/www.amstelprinting.nl\\\/es\\\/tienda\\\/interior\\\/decoracion-de-pared\\\/poster-textil\\\/#primaryimage\"},\"image\":{\"@id\":\"https:\\\/\\\/www.amstelprinting.nl\\\/es\\\/tienda\\\/interior\\\/decoracion-de-pared\\\/poster-textil\\\/#primaryimage\"},\"thumbnailUrl\":\"https:\\\/\\\/www.amstelprinting.nl\\\/wp-content\\\/uploads\\\/textielposter-bedrukken.png\",\"datePublished\":\"2025-01-24T10:28:13+00:00\",\"dateModified\":\"2026-02-18T11:48:11+00:00\",\"description\":\"\u00a1Pida ahora su p\u00f3ster textil sostenible! Incluye varillas de madera de haya para colgarlo f\u00e1cilmente. Env\u00edo disponible a toda Europa\",\"breadcrumb\":{\"@id\":\"https:\\\/\\\/www.amstelprinting.nl\\\/es\\\/tienda\\\/interior\\\/decoracion-de-pared\\\/poster-textil\\\/#breadcrumb\"},\"inLanguage\":\"es\",\"potentialAction\":[{\"@type\":\"ReadAction\",\"target\":[\"https:\\\/\\\/www.amstelprinting.nl\\\/es\\\/tienda\\\/interior\\\/decoracion-de-pared\\\/poster-textil\\\/\"]}]},{\"@type\":\"ImageObject\",\"inLanguage\":\"es\",\"@id\":\"https:\\\/\\\/www.amstelprinting.nl\\\/es\\\/tienda\\\/interior\\\/decoracion-de-pared\\\/poster-textil\\\/#primaryimage\",\"url\":\"https:\\\/\\\/www.amstelprinting.nl\\\/wp-content\\\/uploads\\\/textielposter-bedrukken.png\",\"contentUrl\":\"https:\\\/\\\/www.amstelprinting.nl\\\/wp-content\\\/uploads\\\/textielposter-bedrukken.png\",\"width\":900,\"height\":904},{\"@type\":\"BreadcrumbList\",\"@id\":\"https:\\\/\\\/www.amstelprinting.nl\\\/es\\\/tienda\\\/interior\\\/decoracion-de-pared\\\/poster-textil\\\/#breadcrumb\",\"itemListElement\":[{\"@type\":\"ListItem\",\"position\":1,\"name\":\"\",\"item\":\"https:\\\/\\\/www.amstelprinting.nl\\\/es\\\/\"},{\"@type\":\"ListItem\",\"position\":2,\"name\":\"Amstel Printing\",\"item\":\"https:\\\/\\\/www.amstelprinting.nl\\\/es\\\/comercio\\\/\"},{\"@type\":\"ListItem\",\"position\":3,\"name\":\"Publicidad interior\",\"item\":\"https:\\\/\\\/www.amstelprinting.nl\\\/es\\\/categor\u00eda\\\/publicidad-interior\\\/\"},{\"@type\":\"ListItem\",\"position\":4,\"name\":\"Publicidad en la pared\",\"item\":\"https:\\\/\\\/www.amstelprinting.nl\\\/es\\\/categor\u00eda\\\/publicidad-interior\\\/publicidad-en-la-pared\\\/\"},{\"@type\":\"ListItem\",\"position\":5,\"name\":\"P\u00f3ster textil\"}]},{\"@type\":\"WebSite\",\"@id\":\"https:\\\/\\\/www.amstelprinting.nl\\\/es\\\/#website\",\"url\":\"https:\\\/\\\/www.amstelprinting.nl\\\/es\\\/\",\"name\":\"Amstel Printing\",\"description\":\"Creating Exposure\",\"publisher\":{\"@id\":\"https:\\\/\\\/www.amstelprinting.nl\\\/es\\\/#organization\"},\"potentialAction\":[{\"@type\":\"SearchAction\",\"target\":{\"@type\":\"EntryPoint\",\"urlTemplate\":\"https:\\\/\\\/www.amstelprinting.nl\\\/es\\\/?s={search_term_string}\"},\"query-input\":{\"@type\":\"PropertyValueSpecification\",\"valueRequired\":true,\"valueName\":\"search_term_string\"}}],\"inLanguage\":\"es\"},{\"@type\":\"Organization\",\"@id\":\"https:\\\/\\\/www.amstelprinting.nl\\\/es\\\/#organization\",\"name\":\"Amstel Printing\",\"url\":\"https:\\\/\\\/www.amstelprinting.nl\\\/es\\\/\",\"logo\":{\"@type\":\"ImageObject\",\"inLanguage\":\"es\",\"@id\":\"https:\\\/\\\/www.amstelprinting.nl\\\/es\\\/#\\\/schema\\\/logo\\\/image\\\/\",\"url\":\"https:\\\/\\\/www.amstelprinting.nl\\\/wp-content\\\/uploads\\\/amstel_printing_logo_clean.png\",\"contentUrl\":\"https:\\\/\\\/www.amstelprinting.nl\\\/wp-content\\\/uploads\\\/amstel_printing_logo_clean.png\",\"width\":324,\"height\":73,\"caption\":\"Amstel Printing\"},\"image\":{\"@id\":\"https:\\\/\\\/www.amstelprinting.nl\\\/es\\\/#\\\/schema\\\/logo\\\/image\\\/\"}}]}<\/script>\n<!-- \/ Yoast SEO plugin. -->","yoast_head_json":{"title":"P\u00f3ster textil a medida con varillas para colgar de madera de haya","description":"\u00a1Pida ahora su p\u00f3ster textil sostenible! Incluye varillas de madera de haya para colgarlo f\u00e1cilmente. Env\u00edo disponible a toda Europa","robots":{"index":"index","follow":"follow","max-snippet":"max-snippet:-1","max-image-preview":"max-image-preview:large","max-video-preview":"max-video-preview:-1"},"canonical":"https:\/\/www.amstelprinting.nl\/es\/tienda\/interior\/decoracion-de-pared\/poster-textil\/","og_locale":"es_ES","og_type":"article","og_title":"P\u00f3ster textil a medida con varillas para colgar de madera de haya","og_description":"\u00a1Pida ahora su p\u00f3ster textil sostenible! Incluye varillas de madera de haya para colgarlo f\u00e1cilmente. Env\u00edo disponible a toda Europa","og_url":"https:\/\/www.amstelprinting.nl\/es\/tienda\/interior\/decoracion-de-pared\/poster-textil\/","og_site_name":"Amstel Printing","article_modified_time":"2026-02-18T11:48:11+00:00","og_image":[{"width":900,"height":904,"url":"https:\/\/www.amstelprinting.nl\/wp-content\/uploads\/textielposter-bedrukken.png","type":"image\/png"}],"twitter_card":"summary_large_image","twitter_misc":{"Tiempo de lectura":"1 minuto"},"schema":{"@context":"https:\/\/schema.org","@graph":[{"@type":"WebPage","@id":"https:\/\/www.amstelprinting.nl\/es\/tienda\/interior\/decoracion-de-pared\/poster-textil\/","url":"https:\/\/www.amstelprinting.nl\/es\/tienda\/interior\/decoracion-de-pared\/poster-textil\/","name":"P\u00f3ster textil a medida con varillas para colgar de madera de haya","isPartOf":{"@id":"https:\/\/www.amstelprinting.nl\/es\/#website"},"primaryImageOfPage":{"@id":"https:\/\/www.amstelprinting.nl\/es\/tienda\/interior\/decoracion-de-pared\/poster-textil\/#primaryimage"},"image":{"@id":"https:\/\/www.amstelprinting.nl\/es\/tienda\/interior\/decoracion-de-pared\/poster-textil\/#primaryimage"},"thumbnailUrl":"https:\/\/www.amstelprinting.nl\/wp-content\/uploads\/textielposter-bedrukken.png","datePublished":"2025-01-24T10:28:13+00:00","dateModified":"2026-02-18T11:48:11+00:00","description":"\u00a1Pida ahora su p\u00f3ster textil sostenible! Incluye varillas de madera de haya para colgarlo f\u00e1cilmente. Env\u00edo disponible a toda Europa","breadcrumb":{"@id":"https:\/\/www.amstelprinting.nl\/es\/tienda\/interior\/decoracion-de-pared\/poster-textil\/#breadcrumb"},"inLanguage":"es","potentialAction":[{"@type":"ReadAction","target":["https:\/\/www.amstelprinting.nl\/es\/tienda\/interior\/decoracion-de-pared\/poster-textil\/"]}]},{"@type":"ImageObject","inLanguage":"es","@id":"https:\/\/www.amstelprinting.nl\/es\/tienda\/interior\/decoracion-de-pared\/poster-textil\/#primaryimage","url":"https:\/\/www.amstelprinting.nl\/wp-content\/uploads\/textielposter-bedrukken.png","contentUrl":"https:\/\/www.amstelprinting.nl\/wp-content\/uploads\/textielposter-bedrukken.png","width":900,"height":904},{"@type":"BreadcrumbList","@id":"https:\/\/www.amstelprinting.nl\/es\/tienda\/interior\/decoracion-de-pared\/poster-textil\/#breadcrumb","itemListElement":[{"@type":"ListItem","position":1,"name":"","item":"https:\/\/www.amstelprinting.nl\/es\/"},{"@type":"ListItem","position":2,"name":"Amstel Printing","item":"https:\/\/www.amstelprinting.nl\/es\/comercio\/"},{"@type":"ListItem","position":3,"name":"Publicidad interior","item":"https:\/\/www.amstelprinting.nl\/es\/categor\u00eda\/publicidad-interior\/"},{"@type":"ListItem","position":4,"name":"Publicidad en la pared","item":"https:\/\/www.amstelprinting.nl\/es\/categor\u00eda\/publicidad-interior\/publicidad-en-la-pared\/"},{"@type":"ListItem","position":5,"name":"P\u00f3ster textil"}]},{"@type":"WebSite","@id":"https:\/\/www.amstelprinting.nl\/es\/#website","url":"https:\/\/www.amstelprinting.nl\/es\/","name":"Amstel Printing","description":"Creating Exposure","publisher":{"@id":"https:\/\/www.amstelprinting.nl\/es\/#organization"},"potentialAction":[{"@type":"SearchAction","target":{"@type":"EntryPoint","urlTemplate":"https:\/\/www.amstelprinting.nl\/es\/?s={search_term_string}"},"query-input":{"@type":"PropertyValueSpecification","valueRequired":true,"valueName":"search_term_string"}}],"inLanguage":"es"},{"@type":"Organization","@id":"https:\/\/www.amstelprinting.nl\/es\/#organization","name":"Amstel Printing","url":"https:\/\/www.amstelprinting.nl\/es\/","logo":{"@type":"ImageObject","inLanguage":"es","@id":"https:\/\/www.amstelprinting.nl\/es\/#\/schema\/logo\/image\/","url":"https:\/\/www.amstelprinting.nl\/wp-content\/uploads\/amstel_printing_logo_clean.png","contentUrl":"https:\/\/www.amstelprinting.nl\/wp-content\/uploads\/amstel_printing_logo_clean.png","width":324,"height":73,"caption":"Amstel Printing"},"image":{"@id":"https:\/\/www.amstelprinting.nl\/es\/#\/schema\/logo\/image\/"}}]}},"_links":{"self":[{"href":"https:\/\/www.amstelprinting.nl\/es\/wp-json\/wp\/v2\/product\/14863","targetHints":{"allow":["GET"]}}],"collection":[{"href":"https:\/\/www.amstelprinting.nl\/es\/wp-json\/wp\/v2\/product"}],"about":[{"href":"https:\/\/www.amstelprinting.nl\/es\/wp-json\/wp\/v2\/types\/product"}],"wp:featuredmedia":[{"embeddable":true,"href":"https:\/\/www.amstelprinting.nl\/es\/wp-json\/wp\/v2\/media\/14864"}],"wp:attachment":[{"href":"https:\/\/www.amstelprinting.nl\/es\/wp-json\/wp\/v2\/media?parent=14863"}],"wp:term":[{"taxonomy":"product_brand","embeddable":true,"href":"https:\/\/www.amstelprinting.nl\/es\/wp-json\/wp\/v2\/product_brand?post=14863"},{"taxonomy":"product_cat","embeddable":true,"href":"https:\/\/www.amstelprinting.nl\/es\/wp-json\/wp\/v2\/product_cat?post=14863"},{"taxonomy":"product_tag","embeddable":true,"href":"https:\/\/www.amstelprinting.nl\/es\/wp-json\/wp\/v2\/product_tag?post=14863"}],"curies":[{"name":"wp","href":"https:\/\/api.w.org\/{rel}","templated":true}]}}