{"id":14873,"date":"2025-01-24T11:28:06","date_gmt":"2025-01-24T10:28:06","guid":{"rendered":"https:\/\/www.amstelprinting.nl\/winkel\/sin%20categor\u00eda\/wandkleed\/"},"modified":"2026-02-18T12:48:12","modified_gmt":"2026-02-18T11:48:12","slug":"tapiz-de-pared","status":"publish","type":"product","link":"https:\/\/www.amstelprinting.nl\/es\/tienda\/interior\/decoracion-de-pared\/tapiz-de-pared\/","title":{"rendered":"Tapiz de pared"},"content":{"rendered":"<h3>Impresi\u00f3n de tapices de pared<\/h3>\n<p>\u00a1Transforme su interior o su espacio comercial con nuestro vers\u00e1til tapiz de pared! Elija el juego completo con barra o solo la tela. Puede darle al tapiz impreso un aspecto \u00fanico a\u00f1adiendo su propio dise\u00f1o o eligiendo un patr\u00f3n existente (m\u00e1s de 20.000 dise\u00f1os disponibles). \u00a1Haga de sus paredes un reflejo personal de su estilo y deje que su interior brille!<\/p>\n<h3>Formatos de tapiz de pared<\/h3>\n<p>El tapiz de pared se suministra con una robusta barra de acero negro. Esta barra garantiza que el tapiz cuelgue bien y sea f\u00e1cil de instalar. El tapiz de pared est\u00e1 disponible en varios anchos est\u00e1ndar: 60, 90, 120, 150, 180 y 210 cm. Sin embargo, usted mismo decide la longitud.<\/p>\n<h3>Materiales para tapices de pared<\/h3>\n<p>El tapiz de pared puede fabricarse en distintos materiales, cada uno con sus propias propiedades \u00fanicas. A continuaci\u00f3n, explicamos brevemente estas propiedades para que pueda configurar r\u00e1pidamente el tapiz que mejor se adapte a sus necesidades.<\/p>\n<ul>\n<li><strong>Velours<\/strong>: este lujoso poli\u00e9ster de pelo corto confiere a su tapiz impreso un aspecto aterciopelado. El velours es perfecto para un estilo elegante y sofisticado, ideal para eventos de lujo o un sal\u00f3n con estilo.<\/li>\n<li><strong>Mezo<\/strong>: este algod\u00f3n de gran calidad con una estructura de tejido robusta aporta un toque aut\u00e9ntico, lo que lo hace perfecto para interiores industriales o r\u00fasticos.<br \/>\nKendal: Con Kendal, usted elige la durabilidad. Este tejido es resistente al uso diario y mantiene su color y forma. Perfecto tanto para el hogar como para el entorno de trabajo. Un tapiz de pared Kendal tiene un aspecto y un tacto robustos.<\/li>\n<\/ul>\n<p>&nbsp;<\/p>\n<h3>Acabado<\/h3>\n<p>Para el acabado de su tapiz de pared, puede elegir entre dos opciones.<\/p>\n<ul>\n<li><strong>Opci\u00f3n 1<\/strong>: t\u00fanel de 6 cm en la parte superior, con los laterales y la parte inferior dobladillados para un acabado impecable.<\/li>\n<li><strong>Opci\u00f3n 2<\/strong>: t\u00fanel de 6 cm en la parte superior e inferior, con los laterales dobladillados para una apariencia elegante.<\/li>\n<\/ul>\n<p>&nbsp;<br \/>\nAdem\u00e1s, tambi\u00e9n puede elegir el color del hilo. Elija entre hilo blanco o negro para un toque final que combine con su dise\u00f1o.<\/p>\n<h3>Alternativas al tapiz de pared<\/h3>\n<p>Si prefiere un formato m\u00e1s compacto, elija un P\u00f3ster textil (disponible a partir de 30 cm de ancho). Adem\u00e1s, WalltexPro es una excelente alternativa si desea cubrir grandes partes de la pared con su propia impresi\u00f3n. Para las variantes enmarcadas, recomendamos el Marco textil, que puede configurarse con o sin iluminaci\u00f3n.<\/p>\n","protected":false},"excerpt":{"rendered":"<h3>Proporcione al tapiz una impresi\u00f3n magn\u00edfica<\/h3>\n<p>Suba su dise\u00f1o o foto o elija entre m\u00e1s de 20.000 patrones diferentes en nuestro m\u00f3dulo de dise\u00f1o. Colgar el tapiz impreso es sencillo con una barra o un gancho de pared. Pida a continuaci\u00f3n su tapiz impreso en el tama\u00f1o que desee en solo unos pocos pasos.<\/p>\n","protected":false},"featured_media":14874,"template":"","meta":{"_et_pb_use_builder":"","_et_pb_old_content":"","_et_gb_content_width":""},"product_brand":[],"product_cat":[626,545,442,379],"product_tag":[],"class_list":{"0":"post-14873","1":"product","2":"type-product","3":"status-publish","4":"has-post-thumbnail","6":"product_cat-decoracion-de-pared","7":"product_cat-interior","8":"product_cat-publicidad-en-la-pared","9":"product_cat-publicidad-interior","11":"first","12":"instock","13":"taxable","14":"shipping-taxable","15":"purchasable","16":"product-type-simple"},"yoast_head":"<!-- This site is optimized with the Yoast SEO plugin v27.3 - https:\/\/yoast.com\/product\/yoast-seo-wordpress\/ -->\n<title>Dise\u00f1e su tapiz de pared \u00fanico - Acabado de calidad superior<\/title>\n<meta name=\"description\" content=\"Tapiz de pared con dise\u00f1o propio o de entre m\u00e1s de 20.000 patrones. Elija el material, el tama\u00f1o y el acabado perfecto. R\u00e1pido, sencillo y visualmente impactante.\" \/>\n<meta name=\"robots\" content=\"index, follow, max-snippet:-1, max-image-preview:large, max-video-preview:-1\" \/>\n<link rel=\"canonical\" href=\"https:\/\/www.amstelprinting.nl\/es\/tienda\/interior\/decoracion-de-pared\/tapiz-de-pared\/\" \/>\n<meta property=\"og:locale\" content=\"es_ES\" \/>\n<meta property=\"og:type\" content=\"article\" \/>\n<meta property=\"og:title\" content=\"Dise\u00f1e su tapiz de pared \u00fanico - Acabado de calidad superior\" \/>\n<meta property=\"og:description\" content=\"Tapiz de pared con dise\u00f1o propio o de entre m\u00e1s de 20.000 patrones. Elija el material, el tama\u00f1o y el acabado perfecto. R\u00e1pido, sencillo y visualmente impactante.\" \/>\n<meta property=\"og:url\" content=\"https:\/\/www.amstelprinting.nl\/es\/tienda\/interior\/decoracion-de-pared\/tapiz-de-pared\/\" \/>\n<meta property=\"og:site_name\" content=\"Amstel Printing\" \/>\n<meta property=\"article:modified_time\" content=\"2026-02-18T11:48:12+00:00\" \/>\n<meta property=\"og:image\" content=\"https:\/\/www.amstelprinting.nl\/wp-content\/uploads\/wandkleed-bedrukken.png\" \/>\n\t<meta property=\"og:image:width\" content=\"900\" \/>\n\t<meta property=\"og:image:height\" content=\"900\" \/>\n\t<meta property=\"og:image:type\" content=\"image\/png\" \/>\n<meta name=\"twitter:card\" content=\"summary_large_image\" \/>\n<meta name=\"twitter:label1\" content=\"Tiempo de lectura\" \/>\n\t<meta name=\"twitter:data1\" content=\"2 minutos\" \/>\n<script type=\"application\/ld+json\" class=\"yoast-schema-graph\">{\"@context\":\"https:\\\/\\\/schema.org\",\"@graph\":[{\"@type\":\"WebPage\",\"@id\":\"https:\\\/\\\/www.amstelprinting.nl\\\/es\\\/tienda\\\/interior\\\/decoracion-de-pared\\\/tapiz-de-pared\\\/\",\"url\":\"https:\\\/\\\/www.amstelprinting.nl\\\/es\\\/tienda\\\/interior\\\/decoracion-de-pared\\\/tapiz-de-pared\\\/\",\"name\":\"Dise\u00f1e su tapiz de pared \u00fanico - Acabado de calidad superior\",\"isPartOf\":{\"@id\":\"https:\\\/\\\/www.amstelprinting.nl\\\/es\\\/#website\"},\"primaryImageOfPage\":{\"@id\":\"https:\\\/\\\/www.amstelprinting.nl\\\/es\\\/tienda\\\/interior\\\/decoracion-de-pared\\\/tapiz-de-pared\\\/#primaryimage\"},\"image\":{\"@id\":\"https:\\\/\\\/www.amstelprinting.nl\\\/es\\\/tienda\\\/interior\\\/decoracion-de-pared\\\/tapiz-de-pared\\\/#primaryimage\"},\"thumbnailUrl\":\"https:\\\/\\\/www.amstelprinting.nl\\\/wp-content\\\/uploads\\\/wandkleed-bedrukken.png\",\"datePublished\":\"2025-01-24T10:28:06+00:00\",\"dateModified\":\"2026-02-18T11:48:12+00:00\",\"description\":\"Tapiz de pared con dise\u00f1o propio o de entre m\u00e1s de 20.000 patrones. Elija el material, el tama\u00f1o y el acabado perfecto. R\u00e1pido, sencillo y visualmente impactante.\",\"breadcrumb\":{\"@id\":\"https:\\\/\\\/www.amstelprinting.nl\\\/es\\\/tienda\\\/interior\\\/decoracion-de-pared\\\/tapiz-de-pared\\\/#breadcrumb\"},\"inLanguage\":\"es\",\"potentialAction\":[{\"@type\":\"ReadAction\",\"target\":[\"https:\\\/\\\/www.amstelprinting.nl\\\/es\\\/tienda\\\/interior\\\/decoracion-de-pared\\\/tapiz-de-pared\\\/\"]}]},{\"@type\":\"ImageObject\",\"inLanguage\":\"es\",\"@id\":\"https:\\\/\\\/www.amstelprinting.nl\\\/es\\\/tienda\\\/interior\\\/decoracion-de-pared\\\/tapiz-de-pared\\\/#primaryimage\",\"url\":\"https:\\\/\\\/www.amstelprinting.nl\\\/wp-content\\\/uploads\\\/wandkleed-bedrukken.png\",\"contentUrl\":\"https:\\\/\\\/www.amstelprinting.nl\\\/wp-content\\\/uploads\\\/wandkleed-bedrukken.png\",\"width\":900,\"height\":900},{\"@type\":\"BreadcrumbList\",\"@id\":\"https:\\\/\\\/www.amstelprinting.nl\\\/es\\\/tienda\\\/interior\\\/decoracion-de-pared\\\/tapiz-de-pared\\\/#breadcrumb\",\"itemListElement\":[{\"@type\":\"ListItem\",\"position\":1,\"name\":\"\",\"item\":\"https:\\\/\\\/www.amstelprinting.nl\\\/es\\\/\"},{\"@type\":\"ListItem\",\"position\":2,\"name\":\"Amstel Printing\",\"item\":\"https:\\\/\\\/www.amstelprinting.nl\\\/es\\\/comercio\\\/\"},{\"@type\":\"ListItem\",\"position\":3,\"name\":\"Publicidad interior\",\"item\":\"https:\\\/\\\/www.amstelprinting.nl\\\/es\\\/categor\u00eda\\\/publicidad-interior\\\/\"},{\"@type\":\"ListItem\",\"position\":4,\"name\":\"Publicidad en la pared\",\"item\":\"https:\\\/\\\/www.amstelprinting.nl\\\/es\\\/categor\u00eda\\\/publicidad-interior\\\/publicidad-en-la-pared\\\/\"},{\"@type\":\"ListItem\",\"position\":5,\"name\":\"Tapiz de pared\"}]},{\"@type\":\"WebSite\",\"@id\":\"https:\\\/\\\/www.amstelprinting.nl\\\/es\\\/#website\",\"url\":\"https:\\\/\\\/www.amstelprinting.nl\\\/es\\\/\",\"name\":\"Amstel Printing\",\"description\":\"Creating Exposure\",\"publisher\":{\"@id\":\"https:\\\/\\\/www.amstelprinting.nl\\\/es\\\/#organization\"},\"potentialAction\":[{\"@type\":\"SearchAction\",\"target\":{\"@type\":\"EntryPoint\",\"urlTemplate\":\"https:\\\/\\\/www.amstelprinting.nl\\\/es\\\/?s={search_term_string}\"},\"query-input\":{\"@type\":\"PropertyValueSpecification\",\"valueRequired\":true,\"valueName\":\"search_term_string\"}}],\"inLanguage\":\"es\"},{\"@type\":\"Organization\",\"@id\":\"https:\\\/\\\/www.amstelprinting.nl\\\/es\\\/#organization\",\"name\":\"Amstel Printing\",\"url\":\"https:\\\/\\\/www.amstelprinting.nl\\\/es\\\/\",\"logo\":{\"@type\":\"ImageObject\",\"inLanguage\":\"es\",\"@id\":\"https:\\\/\\\/www.amstelprinting.nl\\\/es\\\/#\\\/schema\\\/logo\\\/image\\\/\",\"url\":\"https:\\\/\\\/www.amstelprinting.nl\\\/wp-content\\\/uploads\\\/amstel_printing_logo_clean.png\",\"contentUrl\":\"https:\\\/\\\/www.amstelprinting.nl\\\/wp-content\\\/uploads\\\/amstel_printing_logo_clean.png\",\"width\":324,\"height\":73,\"caption\":\"Amstel Printing\"},\"image\":{\"@id\":\"https:\\\/\\\/www.amstelprinting.nl\\\/es\\\/#\\\/schema\\\/logo\\\/image\\\/\"}}]}<\/script>\n<!-- \/ Yoast SEO plugin. -->","yoast_head_json":{"title":"Dise\u00f1e su tapiz de pared \u00fanico - Acabado de calidad superior","description":"Tapiz de pared con dise\u00f1o propio o de entre m\u00e1s de 20.000 patrones. Elija el material, el tama\u00f1o y el acabado perfecto. R\u00e1pido, sencillo y visualmente impactante.","robots":{"index":"index","follow":"follow","max-snippet":"max-snippet:-1","max-image-preview":"max-image-preview:large","max-video-preview":"max-video-preview:-1"},"canonical":"https:\/\/www.amstelprinting.nl\/es\/tienda\/interior\/decoracion-de-pared\/tapiz-de-pared\/","og_locale":"es_ES","og_type":"article","og_title":"Dise\u00f1e su tapiz de pared \u00fanico - Acabado de calidad superior","og_description":"Tapiz de pared con dise\u00f1o propio o de entre m\u00e1s de 20.000 patrones. Elija el material, el tama\u00f1o y el acabado perfecto. R\u00e1pido, sencillo y visualmente impactante.","og_url":"https:\/\/www.amstelprinting.nl\/es\/tienda\/interior\/decoracion-de-pared\/tapiz-de-pared\/","og_site_name":"Amstel Printing","article_modified_time":"2026-02-18T11:48:12+00:00","og_image":[{"width":900,"height":900,"url":"https:\/\/www.amstelprinting.nl\/wp-content\/uploads\/wandkleed-bedrukken.png","type":"image\/png"}],"twitter_card":"summary_large_image","twitter_misc":{"Tiempo de lectura":"2 minutos"},"schema":{"@context":"https:\/\/schema.org","@graph":[{"@type":"WebPage","@id":"https:\/\/www.amstelprinting.nl\/es\/tienda\/interior\/decoracion-de-pared\/tapiz-de-pared\/","url":"https:\/\/www.amstelprinting.nl\/es\/tienda\/interior\/decoracion-de-pared\/tapiz-de-pared\/","name":"Dise\u00f1e su tapiz de pared \u00fanico - Acabado de calidad superior","isPartOf":{"@id":"https:\/\/www.amstelprinting.nl\/es\/#website"},"primaryImageOfPage":{"@id":"https:\/\/www.amstelprinting.nl\/es\/tienda\/interior\/decoracion-de-pared\/tapiz-de-pared\/#primaryimage"},"image":{"@id":"https:\/\/www.amstelprinting.nl\/es\/tienda\/interior\/decoracion-de-pared\/tapiz-de-pared\/#primaryimage"},"thumbnailUrl":"https:\/\/www.amstelprinting.nl\/wp-content\/uploads\/wandkleed-bedrukken.png","datePublished":"2025-01-24T10:28:06+00:00","dateModified":"2026-02-18T11:48:12+00:00","description":"Tapiz de pared con dise\u00f1o propio o de entre m\u00e1s de 20.000 patrones. Elija el material, el tama\u00f1o y el acabado perfecto. R\u00e1pido, sencillo y visualmente impactante.","breadcrumb":{"@id":"https:\/\/www.amstelprinting.nl\/es\/tienda\/interior\/decoracion-de-pared\/tapiz-de-pared\/#breadcrumb"},"inLanguage":"es","potentialAction":[{"@type":"ReadAction","target":["https:\/\/www.amstelprinting.nl\/es\/tienda\/interior\/decoracion-de-pared\/tapiz-de-pared\/"]}]},{"@type":"ImageObject","inLanguage":"es","@id":"https:\/\/www.amstelprinting.nl\/es\/tienda\/interior\/decoracion-de-pared\/tapiz-de-pared\/#primaryimage","url":"https:\/\/www.amstelprinting.nl\/wp-content\/uploads\/wandkleed-bedrukken.png","contentUrl":"https:\/\/www.amstelprinting.nl\/wp-content\/uploads\/wandkleed-bedrukken.png","width":900,"height":900},{"@type":"BreadcrumbList","@id":"https:\/\/www.amstelprinting.nl\/es\/tienda\/interior\/decoracion-de-pared\/tapiz-de-pared\/#breadcrumb","itemListElement":[{"@type":"ListItem","position":1,"name":"","item":"https:\/\/www.amstelprinting.nl\/es\/"},{"@type":"ListItem","position":2,"name":"Amstel Printing","item":"https:\/\/www.amstelprinting.nl\/es\/comercio\/"},{"@type":"ListItem","position":3,"name":"Publicidad interior","item":"https:\/\/www.amstelprinting.nl\/es\/categor\u00eda\/publicidad-interior\/"},{"@type":"ListItem","position":4,"name":"Publicidad en la pared","item":"https:\/\/www.amstelprinting.nl\/es\/categor\u00eda\/publicidad-interior\/publicidad-en-la-pared\/"},{"@type":"ListItem","position":5,"name":"Tapiz de pared"}]},{"@type":"WebSite","@id":"https:\/\/www.amstelprinting.nl\/es\/#website","url":"https:\/\/www.amstelprinting.nl\/es\/","name":"Amstel Printing","description":"Creating Exposure","publisher":{"@id":"https:\/\/www.amstelprinting.nl\/es\/#organization"},"potentialAction":[{"@type":"SearchAction","target":{"@type":"EntryPoint","urlTemplate":"https:\/\/www.amstelprinting.nl\/es\/?s={search_term_string}"},"query-input":{"@type":"PropertyValueSpecification","valueRequired":true,"valueName":"search_term_string"}}],"inLanguage":"es"},{"@type":"Organization","@id":"https:\/\/www.amstelprinting.nl\/es\/#organization","name":"Amstel Printing","url":"https:\/\/www.amstelprinting.nl\/es\/","logo":{"@type":"ImageObject","inLanguage":"es","@id":"https:\/\/www.amstelprinting.nl\/es\/#\/schema\/logo\/image\/","url":"https:\/\/www.amstelprinting.nl\/wp-content\/uploads\/amstel_printing_logo_clean.png","contentUrl":"https:\/\/www.amstelprinting.nl\/wp-content\/uploads\/amstel_printing_logo_clean.png","width":324,"height":73,"caption":"Amstel Printing"},"image":{"@id":"https:\/\/www.amstelprinting.nl\/es\/#\/schema\/logo\/image\/"}}]}},"_links":{"self":[{"href":"https:\/\/www.amstelprinting.nl\/es\/wp-json\/wp\/v2\/product\/14873","targetHints":{"allow":["GET"]}}],"collection":[{"href":"https:\/\/www.amstelprinting.nl\/es\/wp-json\/wp\/v2\/product"}],"about":[{"href":"https:\/\/www.amstelprinting.nl\/es\/wp-json\/wp\/v2\/types\/product"}],"wp:featuredmedia":[{"embeddable":true,"href":"https:\/\/www.amstelprinting.nl\/es\/wp-json\/wp\/v2\/media\/14874"}],"wp:attachment":[{"href":"https:\/\/www.amstelprinting.nl\/es\/wp-json\/wp\/v2\/media?parent=14873"}],"wp:term":[{"taxonomy":"product_brand","embeddable":true,"href":"https:\/\/www.amstelprinting.nl\/es\/wp-json\/wp\/v2\/product_brand?post=14873"},{"taxonomy":"product_cat","embeddable":true,"href":"https:\/\/www.amstelprinting.nl\/es\/wp-json\/wp\/v2\/product_cat?post=14873"},{"taxonomy":"product_tag","embeddable":true,"href":"https:\/\/www.amstelprinting.nl\/es\/wp-json\/wp\/v2\/product_tag?post=14873"}],"curies":[{"name":"wp","href":"https:\/\/api.w.org\/{rel}","templated":true}]}}