{"id":14883,"date":"2025-01-24T11:27:59","date_gmt":"2025-01-24T10:27:59","guid":{"rendered":"https:\/\/www.amstelprinting.nl\/winkel\/sin%20categor\u00eda\/naadloos-fotobehang\/"},"modified":"2026-02-18T12:48:12","modified_gmt":"2026-02-18T11:48:12","slug":"fotomural-sin-costuras","status":"publish","type":"product","link":"https:\/\/www.amstelprinting.nl\/es\/tienda\/interior\/papel-pintado\/fotomural-sin-costuras\/","title":{"rendered":"Fotomural sin costuras"},"content":{"rendered":"<h3>Pedir fotomural sin costuras: elija el material adecuado<\/h3>\n<p>Nuestro fotomural sin costuras est\u00e1 disponible en seis materiales:<\/p>\n<ul>\n<li><strong>Airtex\u00ae<\/strong> : lona de PVC de 330 gr.\/m2, f\u00e1cil de usar y sin arrugas. Certificado B1<\/li>\n<li><strong>WalltexPro\u00ae<\/strong>: inodoro, sin PVC y resistente a los ara\u00f1azos y golpes. En una pared con WalltexPro\u00ae, la luz no se refleja, lo que lo hace muy adecuado para estancias con mucha luz natural<\/li>\n<li><strong>SanoTex<\/strong>: lona duradera, sin PVC con reverso gris. Incluye certificado de incendio<\/li>\n<li><strong>MultiTexPro<\/strong>: revestimiento de paredes multifuncional: nivela, es ac\u00fastico e aislante. Incluye certificado de incendio<\/li>\n<li><strong>Basicwall<\/strong>: revestimiento de paredes sin costuras extra econ\u00f3mico de poli\u00e9ster con recubrimiento de PVC<\/li>\n<\/ul>\n<p>&nbsp;<\/p>\n<h3>Recubrimiento UV<\/h3>\n<p>El fotomural sin costuras es resistente a la luz UV, por lo que las impresiones no se desvanecen por la exposici\u00f3n al sol. Los materiales son ign\u00edfugos y disponen de certificado de incendio, lo que los hace especialmente adecuados para su uso en espacios p\u00fablicos y entornos empresariales.<\/p>\n<h3>\nAccesorios para una f\u00e1cil aplicaci\u00f3n<\/h3>\n<p>Amplia selecci\u00f3n de accesorios, que incluyen imprimaci\u00f3n para papel pintado, rodillo para papel pintado y cola para papel pintado.<\/p>\n<p>Elija calidad, durabilidad y un resultado sorprendente con nuestro fotomural sin costuras. Ya sea que desee embellecer una sala de estar, una oficina o un espacio comercial, ofrecemos la soluci\u00f3n perfecta para una decoraci\u00f3n de paredes impecable e impresionante. \u00a1Haga su pedido hoy y transforme su espacio con nuestros materiales vers\u00e1tiles y de alta calidad!<\/p>\n<h3>Preguntas frecuentes<\/h3>\n<p><strong>\u00bfEs posible pegar diferentes partes juntas?<\/strong><br \/>\n\u00a1S\u00ed, por supuesto! Sin embargo, para obtener el mejor resultado, recomendamos pedir su fotomural sin costuras en una sola pieza.<\/p>\n<p><strong>\u00bfQu\u00e9 pegamento debo utilizar para esto?<\/strong><br \/>\nEsto depende de la superficie. Para superficies altamente absorbentes como paredes de yeso o muros de hormig\u00f3n, utilice pegamento Medium (puede ser necesario tratar previamente con una imprimaci\u00f3n). Para superficies no absorbentes como paneles o puertas, elija pegamento High.<\/p>\n","protected":false},"excerpt":{"rendered":"<p>Aporte un aspecto \u00fanico e impresionante a cualquier habitaci\u00f3n con nuestro fotomural sin costuras. Con un ancho de impresi\u00f3n m\u00e1ximo de hasta 494 cm, crear\u00e1 una imagen impresionante y sin costuras que dar\u00e1 vida a cualquier espacio. Suba su propio dise\u00f1o o elija uno de los 20.000 dise\u00f1os diferentes.<\/p>\n","protected":false},"featured_media":14884,"template":"","meta":{"_et_pb_use_builder":"","_et_pb_old_content":"","_et_gb_content_width":""},"product_brand":[],"product_cat":[431,545,630,374,548,379,385],"product_tag":[],"class_list":{"0":"post-14883","1":"product","2":"type-product","3":"status-publish","4":"has-post-thumbnail","6":"product_cat-feria-y-evento","7":"product_cat-interior","8":"product_cat-oficina","9":"product_cat-panos-de-exposicion","10":"product_cat-papel-pintado","11":"product_cat-publicidad-interior","12":"product_cat-revestimientos-de-paredes-con-papel-tapiz","14":"first","15":"instock","16":"taxable","17":"shipping-taxable","18":"purchasable","19":"product-type-simple"},"yoast_head":"<!-- This site is optimized with the Yoast SEO plugin v27.3 - https:\/\/yoast.com\/product\/yoast-seo-wordpress\/ -->\n<title>Fotomural sin costuras | Amstel Printing<\/title>\n<meta name=\"robots\" content=\"index, follow, max-snippet:-1, max-image-preview:large, max-video-preview:-1\" \/>\n<link rel=\"canonical\" href=\"https:\/\/www.amstelprinting.nl\/es\/tienda\/interior\/papel-pintado\/fotomural-sin-costuras\/\" \/>\n<meta property=\"og:locale\" content=\"es_ES\" \/>\n<meta property=\"og:type\" content=\"article\" \/>\n<meta property=\"og:title\" content=\"Fotomural sin costuras | Amstel Printing\" \/>\n<meta property=\"og:description\" content=\"Aporte un aspecto \u00fanico e impresionante a cualquier habitaci\u00f3n con nuestro fotomural sin costuras. Con un ancho de impresi\u00f3n m\u00e1ximo de hasta 494 cm, crear\u00e1 una imagen impresionante y sin costuras que dar\u00e1 vida a cualquier espacio. Suba su propio dise\u00f1o o elija uno de los 20.000 dise\u00f1os diferentes.\" \/>\n<meta property=\"og:url\" content=\"https:\/\/www.amstelprinting.nl\/es\/tienda\/interior\/papel-pintado\/fotomural-sin-costuras\/\" \/>\n<meta property=\"og:site_name\" content=\"Amstel Printing\" \/>\n<meta property=\"article:modified_time\" content=\"2026-02-18T11:48:12+00:00\" \/>\n<meta property=\"og:image\" content=\"https:\/\/www.amstelprinting.nl\/wp-content\/uploads\/naadloos-fotobehang-bedrukken.png\" \/>\n\t<meta property=\"og:image:width\" content=\"900\" \/>\n\t<meta property=\"og:image:height\" content=\"900\" \/>\n\t<meta property=\"og:image:type\" content=\"image\/png\" \/>\n<meta name=\"twitter:card\" content=\"summary_large_image\" \/>\n<meta name=\"twitter:label1\" content=\"Tiempo de lectura\" \/>\n\t<meta name=\"twitter:data1\" content=\"2 minutos\" \/>\n<script type=\"application\/ld+json\" class=\"yoast-schema-graph\">{\"@context\":\"https:\\\/\\\/schema.org\",\"@graph\":[{\"@type\":\"WebPage\",\"@id\":\"https:\\\/\\\/www.amstelprinting.nl\\\/es\\\/tienda\\\/interior\\\/papel-pintado\\\/fotomural-sin-costuras\\\/\",\"url\":\"https:\\\/\\\/www.amstelprinting.nl\\\/es\\\/tienda\\\/interior\\\/papel-pintado\\\/fotomural-sin-costuras\\\/\",\"name\":\"Fotomural sin costuras | Amstel Printing\",\"isPartOf\":{\"@id\":\"https:\\\/\\\/www.amstelprinting.nl\\\/es\\\/#website\"},\"primaryImageOfPage\":{\"@id\":\"https:\\\/\\\/www.amstelprinting.nl\\\/es\\\/tienda\\\/interior\\\/papel-pintado\\\/fotomural-sin-costuras\\\/#primaryimage\"},\"image\":{\"@id\":\"https:\\\/\\\/www.amstelprinting.nl\\\/es\\\/tienda\\\/interior\\\/papel-pintado\\\/fotomural-sin-costuras\\\/#primaryimage\"},\"thumbnailUrl\":\"https:\\\/\\\/www.amstelprinting.nl\\\/wp-content\\\/uploads\\\/naadloos-fotobehang-bedrukken.png\",\"datePublished\":\"2025-01-24T10:27:59+00:00\",\"dateModified\":\"2026-02-18T11:48:12+00:00\",\"breadcrumb\":{\"@id\":\"https:\\\/\\\/www.amstelprinting.nl\\\/es\\\/tienda\\\/interior\\\/papel-pintado\\\/fotomural-sin-costuras\\\/#breadcrumb\"},\"inLanguage\":\"es\",\"potentialAction\":[{\"@type\":\"ReadAction\",\"target\":[\"https:\\\/\\\/www.amstelprinting.nl\\\/es\\\/tienda\\\/interior\\\/papel-pintado\\\/fotomural-sin-costuras\\\/\"]}]},{\"@type\":\"ImageObject\",\"inLanguage\":\"es\",\"@id\":\"https:\\\/\\\/www.amstelprinting.nl\\\/es\\\/tienda\\\/interior\\\/papel-pintado\\\/fotomural-sin-costuras\\\/#primaryimage\",\"url\":\"https:\\\/\\\/www.amstelprinting.nl\\\/wp-content\\\/uploads\\\/naadloos-fotobehang-bedrukken.png\",\"contentUrl\":\"https:\\\/\\\/www.amstelprinting.nl\\\/wp-content\\\/uploads\\\/naadloos-fotobehang-bedrukken.png\",\"width\":900,\"height\":900},{\"@type\":\"BreadcrumbList\",\"@id\":\"https:\\\/\\\/www.amstelprinting.nl\\\/es\\\/tienda\\\/interior\\\/papel-pintado\\\/fotomural-sin-costuras\\\/#breadcrumb\",\"itemListElement\":[{\"@type\":\"ListItem\",\"position\":1,\"name\":\"\",\"item\":\"https:\\\/\\\/www.amstelprinting.nl\\\/es\\\/\"},{\"@type\":\"ListItem\",\"position\":2,\"name\":\"Amstel Printing\",\"item\":\"https:\\\/\\\/www.amstelprinting.nl\\\/es\\\/comercio\\\/\"},{\"@type\":\"ListItem\",\"position\":3,\"name\":\"Publicidad interior\",\"item\":\"https:\\\/\\\/www.amstelprinting.nl\\\/es\\\/categor\u00eda\\\/publicidad-interior\\\/\"},{\"@type\":\"ListItem\",\"position\":4,\"name\":\"Revestimientos de paredes con papel tapiz\",\"item\":\"https:\\\/\\\/www.amstelprinting.nl\\\/es\\\/categor\u00eda\\\/publicidad-interior\\\/revestimientos-de-paredes-con-papel-tapiz\\\/\"},{\"@type\":\"ListItem\",\"position\":5,\"name\":\"Fotomural sin costuras\"}]},{\"@type\":\"WebSite\",\"@id\":\"https:\\\/\\\/www.amstelprinting.nl\\\/es\\\/#website\",\"url\":\"https:\\\/\\\/www.amstelprinting.nl\\\/es\\\/\",\"name\":\"Amstel Printing\",\"description\":\"Creating Exposure\",\"publisher\":{\"@id\":\"https:\\\/\\\/www.amstelprinting.nl\\\/es\\\/#organization\"},\"potentialAction\":[{\"@type\":\"SearchAction\",\"target\":{\"@type\":\"EntryPoint\",\"urlTemplate\":\"https:\\\/\\\/www.amstelprinting.nl\\\/es\\\/?s={search_term_string}\"},\"query-input\":{\"@type\":\"PropertyValueSpecification\",\"valueRequired\":true,\"valueName\":\"search_term_string\"}}],\"inLanguage\":\"es\"},{\"@type\":\"Organization\",\"@id\":\"https:\\\/\\\/www.amstelprinting.nl\\\/es\\\/#organization\",\"name\":\"Amstel Printing\",\"url\":\"https:\\\/\\\/www.amstelprinting.nl\\\/es\\\/\",\"logo\":{\"@type\":\"ImageObject\",\"inLanguage\":\"es\",\"@id\":\"https:\\\/\\\/www.amstelprinting.nl\\\/es\\\/#\\\/schema\\\/logo\\\/image\\\/\",\"url\":\"https:\\\/\\\/www.amstelprinting.nl\\\/wp-content\\\/uploads\\\/amstel_printing_logo_clean.png\",\"contentUrl\":\"https:\\\/\\\/www.amstelprinting.nl\\\/wp-content\\\/uploads\\\/amstel_printing_logo_clean.png\",\"width\":324,\"height\":73,\"caption\":\"Amstel Printing\"},\"image\":{\"@id\":\"https:\\\/\\\/www.amstelprinting.nl\\\/es\\\/#\\\/schema\\\/logo\\\/image\\\/\"}}]}<\/script>\n<!-- \/ Yoast SEO plugin. -->","yoast_head_json":{"title":"Fotomural sin costuras | Amstel Printing","robots":{"index":"index","follow":"follow","max-snippet":"max-snippet:-1","max-image-preview":"max-image-preview:large","max-video-preview":"max-video-preview:-1"},"canonical":"https:\/\/www.amstelprinting.nl\/es\/tienda\/interior\/papel-pintado\/fotomural-sin-costuras\/","og_locale":"es_ES","og_type":"article","og_title":"Fotomural sin costuras | Amstel Printing","og_description":"Aporte un aspecto \u00fanico e impresionante a cualquier habitaci\u00f3n con nuestro fotomural sin costuras. Con un ancho de impresi\u00f3n m\u00e1ximo de hasta 494 cm, crear\u00e1 una imagen impresionante y sin costuras que dar\u00e1 vida a cualquier espacio. Suba su propio dise\u00f1o o elija uno de los 20.000 dise\u00f1os diferentes.","og_url":"https:\/\/www.amstelprinting.nl\/es\/tienda\/interior\/papel-pintado\/fotomural-sin-costuras\/","og_site_name":"Amstel Printing","article_modified_time":"2026-02-18T11:48:12+00:00","og_image":[{"width":900,"height":900,"url":"https:\/\/www.amstelprinting.nl\/wp-content\/uploads\/naadloos-fotobehang-bedrukken.png","type":"image\/png"}],"twitter_card":"summary_large_image","twitter_misc":{"Tiempo de lectura":"2 minutos"},"schema":{"@context":"https:\/\/schema.org","@graph":[{"@type":"WebPage","@id":"https:\/\/www.amstelprinting.nl\/es\/tienda\/interior\/papel-pintado\/fotomural-sin-costuras\/","url":"https:\/\/www.amstelprinting.nl\/es\/tienda\/interior\/papel-pintado\/fotomural-sin-costuras\/","name":"Fotomural sin costuras | Amstel Printing","isPartOf":{"@id":"https:\/\/www.amstelprinting.nl\/es\/#website"},"primaryImageOfPage":{"@id":"https:\/\/www.amstelprinting.nl\/es\/tienda\/interior\/papel-pintado\/fotomural-sin-costuras\/#primaryimage"},"image":{"@id":"https:\/\/www.amstelprinting.nl\/es\/tienda\/interior\/papel-pintado\/fotomural-sin-costuras\/#primaryimage"},"thumbnailUrl":"https:\/\/www.amstelprinting.nl\/wp-content\/uploads\/naadloos-fotobehang-bedrukken.png","datePublished":"2025-01-24T10:27:59+00:00","dateModified":"2026-02-18T11:48:12+00:00","breadcrumb":{"@id":"https:\/\/www.amstelprinting.nl\/es\/tienda\/interior\/papel-pintado\/fotomural-sin-costuras\/#breadcrumb"},"inLanguage":"es","potentialAction":[{"@type":"ReadAction","target":["https:\/\/www.amstelprinting.nl\/es\/tienda\/interior\/papel-pintado\/fotomural-sin-costuras\/"]}]},{"@type":"ImageObject","inLanguage":"es","@id":"https:\/\/www.amstelprinting.nl\/es\/tienda\/interior\/papel-pintado\/fotomural-sin-costuras\/#primaryimage","url":"https:\/\/www.amstelprinting.nl\/wp-content\/uploads\/naadloos-fotobehang-bedrukken.png","contentUrl":"https:\/\/www.amstelprinting.nl\/wp-content\/uploads\/naadloos-fotobehang-bedrukken.png","width":900,"height":900},{"@type":"BreadcrumbList","@id":"https:\/\/www.amstelprinting.nl\/es\/tienda\/interior\/papel-pintado\/fotomural-sin-costuras\/#breadcrumb","itemListElement":[{"@type":"ListItem","position":1,"name":"","item":"https:\/\/www.amstelprinting.nl\/es\/"},{"@type":"ListItem","position":2,"name":"Amstel Printing","item":"https:\/\/www.amstelprinting.nl\/es\/comercio\/"},{"@type":"ListItem","position":3,"name":"Publicidad interior","item":"https:\/\/www.amstelprinting.nl\/es\/categor\u00eda\/publicidad-interior\/"},{"@type":"ListItem","position":4,"name":"Revestimientos de paredes con papel tapiz","item":"https:\/\/www.amstelprinting.nl\/es\/categor\u00eda\/publicidad-interior\/revestimientos-de-paredes-con-papel-tapiz\/"},{"@type":"ListItem","position":5,"name":"Fotomural sin costuras"}]},{"@type":"WebSite","@id":"https:\/\/www.amstelprinting.nl\/es\/#website","url":"https:\/\/www.amstelprinting.nl\/es\/","name":"Amstel Printing","description":"Creating Exposure","publisher":{"@id":"https:\/\/www.amstelprinting.nl\/es\/#organization"},"potentialAction":[{"@type":"SearchAction","target":{"@type":"EntryPoint","urlTemplate":"https:\/\/www.amstelprinting.nl\/es\/?s={search_term_string}"},"query-input":{"@type":"PropertyValueSpecification","valueRequired":true,"valueName":"search_term_string"}}],"inLanguage":"es"},{"@type":"Organization","@id":"https:\/\/www.amstelprinting.nl\/es\/#organization","name":"Amstel Printing","url":"https:\/\/www.amstelprinting.nl\/es\/","logo":{"@type":"ImageObject","inLanguage":"es","@id":"https:\/\/www.amstelprinting.nl\/es\/#\/schema\/logo\/image\/","url":"https:\/\/www.amstelprinting.nl\/wp-content\/uploads\/amstel_printing_logo_clean.png","contentUrl":"https:\/\/www.amstelprinting.nl\/wp-content\/uploads\/amstel_printing_logo_clean.png","width":324,"height":73,"caption":"Amstel Printing"},"image":{"@id":"https:\/\/www.amstelprinting.nl\/es\/#\/schema\/logo\/image\/"}}]}},"_links":{"self":[{"href":"https:\/\/www.amstelprinting.nl\/es\/wp-json\/wp\/v2\/product\/14883","targetHints":{"allow":["GET"]}}],"collection":[{"href":"https:\/\/www.amstelprinting.nl\/es\/wp-json\/wp\/v2\/product"}],"about":[{"href":"https:\/\/www.amstelprinting.nl\/es\/wp-json\/wp\/v2\/types\/product"}],"wp:featuredmedia":[{"embeddable":true,"href":"https:\/\/www.amstelprinting.nl\/es\/wp-json\/wp\/v2\/media\/14884"}],"wp:attachment":[{"href":"https:\/\/www.amstelprinting.nl\/es\/wp-json\/wp\/v2\/media?parent=14883"}],"wp:term":[{"taxonomy":"product_brand","embeddable":true,"href":"https:\/\/www.amstelprinting.nl\/es\/wp-json\/wp\/v2\/product_brand?post=14883"},{"taxonomy":"product_cat","embeddable":true,"href":"https:\/\/www.amstelprinting.nl\/es\/wp-json\/wp\/v2\/product_cat?post=14883"},{"taxonomy":"product_tag","embeddable":true,"href":"https:\/\/www.amstelprinting.nl\/es\/wp-json\/wp\/v2\/product_tag?post=14883"}],"curies":[{"name":"wp","href":"https:\/\/api.w.org\/{rel}","templated":true}]}}