{"id":14893,"date":"2025-01-24T11:27:54","date_gmt":"2025-01-24T10:27:54","guid":{"rendered":"https:\/\/www.amstelprinting.nl\/winkel\/sin%20categor\u00eda\/behangrollen\/"},"modified":"2026-02-18T12:48:13","modified_gmt":"2026-02-18T11:48:13","slug":"rollos-de-papel-pintado","status":"publish","type":"product","link":"https:\/\/www.amstelprinting.nl\/es\/tienda\/interior\/papel-pintado\/rollos-de-papel-pintado\/","title":{"rendered":"Rollos de papel pintado"},"content":{"rendered":"<h3>Impresi\u00f3n de rollos de papel pintado: elija el material adecuado<\/h3>\n<p>Nuestros rollos de papel pintado est\u00e1n disponibles en cuatro tipos de material. Los rollos pueden dividirse en un ancho de rol de 53 cent\u00edmetros o 70 cent\u00edmetros.<\/p>\n<ul>\n<li><strong>ProVinyl fino<\/strong>: Papel pintado de vinilo con una estructura de arena refinada y una base de tejido no tejido robusta, ideal para un acabado moderno y duradero.<\/li>\n<li><strong>Erfurt Variovlies<\/strong>: Papel pintado de vell\u00f3n con una capa superior lisa y tersa y una parte posterior de material no tejido, dise\u00f1ado para una apariencia impecable y elegante.<\/li>\n<li><strong>ProVinyl textil<\/strong>: Papel pintado de vinilo con un aspecto textil de lienzo de lujo, combinado con una base de tejido no tejido para un ambiente suntuoso y c\u00e1lido.<\/li>\n<li><strong>ProVlies mate<\/strong>: Papel pintado acr\u00edlico con un acabado mate y liso y una base de tejido no tejido, ofrece una alternativa ecol\u00f3gica al papel pintado de vinilo tradicional.<\/li>\n<\/ul>\n<p>&nbsp;<br \/>\nEl papel pintado ProVinyl mate cuenta con el sello FSC, lo que garantiza que proviene de bosques gestionados de forma responsable, con atenci\u00f3n a las personas, el medio ambiente y la econom\u00eda.<\/p>\n<h3>Accesorios<\/h3>\n<p>Complete su proyecto de empapelado con nuestra amplia selecci\u00f3n de accesorios. Desde imprimaci\u00f3n para papel pintado hasta rodillos y cola para papel pintado, ofrecemos todo lo que necesita para una instalaci\u00f3n impecable y un resultado perfecto.<\/p>\n<p>Realice su pedido hoy mismo y descubra un mundo de posibilidades para su interior con nuestra amplia colecci\u00f3n de rollos de papel pintado.<\/p>\n<h3>Preguntas frecuentes<\/h3>\n<p>\u00bfC\u00f3mo se asegura de que sus rollos de papel pintado encajen bien entre s\u00ed?<br \/>\nPara asegurar que su papel pintado encaje perfectamente, primero introduzca las dimensiones completas de la pared y suba el archivo con un margen de 1 cm alrededor para el sangrado. Puede elegir usted mismo el ancho de rol deseado. Nosotros nos encargamos de la divisi\u00f3n correcta, por lo que no tiene que preocuparse por eso.<\/p>\n<h3>\u00bfC\u00f3mo s\u00e9 qu\u00e9 tira va en qu\u00e9 lugar?<\/h3>\n<p>Cada tira cuenta con un llamado n\u00famero de parte, para que sepa exactamente d\u00f3nde debe colocarse cada secci\u00f3n de su papel pintado.<\/p>\n<h3>\u00bfC\u00f3mo se embala el papel pintado?<\/h3>\n<p>El papel pintado se env\u00eda en rollos, cada rol se envuelve cuidadosamente en film retr\u00e1ctil y luego se embala en una caja resistente. De esta manera, nos aseguramos de que reciba un producto sin da\u00f1os.<\/p>\n<h3>\u00bfQu\u00e9 pegamento debo utilizar para esto?<\/h3>\n<p>Recomendamos el uso de pegamento Perfax para la aplicaci\u00f3n del papel pintado. Esto garantiza una adherencia \u00f3ptima y un resultado excelente en su pared.<\/p>\n","protected":false},"excerpt":{"rendered":"<h3>Papel pintado en rollo resistente a los ara\u00f1azos con impresi\u00f3n propia<\/h3>\n<p>Transforme su espacio en un oasis de estilo y confort con nuestros rollos de papel pintado de alta calidad. Ya sea que busque un aspecto contempor\u00e1neo o un encanto cl\u00e1sico: nuestra colecci\u00f3n le ofrece las herramientas para dar vida a su visi\u00f3n de interiorismo.<\/p>\n","protected":false},"featured_media":14894,"template":"","meta":{"_et_pb_use_builder":"","_et_pb_old_content":"","_et_gb_content_width":""},"product_brand":[],"product_cat":[545,630,548,379,385],"product_tag":[],"class_list":{"0":"post-14893","1":"product","2":"type-product","3":"status-publish","4":"has-post-thumbnail","6":"product_cat-interior","7":"product_cat-oficina","8":"product_cat-papel-pintado","9":"product_cat-publicidad-interior","10":"product_cat-revestimientos-de-paredes-con-papel-tapiz","12":"first","13":"instock","14":"taxable","15":"shipping-taxable","16":"purchasable","17":"product-type-simple"},"yoast_head":"<!-- This site is optimized with the Yoast SEO plugin v27.3 - https:\/\/yoast.com\/product\/yoast-seo-wordpress\/ -->\n<title>Rollos de papel pintado | Amstel Printing<\/title>\n<meta name=\"robots\" content=\"index, follow, max-snippet:-1, max-image-preview:large, max-video-preview:-1\" \/>\n<link rel=\"canonical\" href=\"https:\/\/www.amstelprinting.nl\/es\/tienda\/interior\/papel-pintado\/rollos-de-papel-pintado\/\" \/>\n<meta property=\"og:locale\" content=\"es_ES\" \/>\n<meta property=\"og:type\" content=\"article\" \/>\n<meta property=\"og:title\" content=\"Rollos de papel pintado | Amstel Printing\" \/>\n<meta property=\"og:description\" content=\"Papel pintado en rollo resistente a los ara\u00f1azos con impresi\u00f3n propia Transforme su espacio en un oasis de estilo y confort con nuestros rollos de papel pintado de alta calidad. Ya sea que busque un aspecto contempor\u00e1neo o un encanto cl\u00e1sico: nuestra colecci\u00f3n le ofrece las herramientas para dar vida a su visi\u00f3n de interiorismo.\" \/>\n<meta property=\"og:url\" content=\"https:\/\/www.amstelprinting.nl\/es\/tienda\/interior\/papel-pintado\/rollos-de-papel-pintado\/\" \/>\n<meta property=\"og:site_name\" content=\"Amstel Printing\" \/>\n<meta property=\"article:modified_time\" content=\"2026-02-18T11:48:13+00:00\" \/>\n<meta property=\"og:image\" content=\"https:\/\/www.amstelprinting.nl\/wp-content\/uploads\/behang-bedrukken.png\" \/>\n\t<meta property=\"og:image:width\" content=\"900\" \/>\n\t<meta property=\"og:image:height\" content=\"900\" \/>\n\t<meta property=\"og:image:type\" content=\"image\/png\" \/>\n<meta name=\"twitter:card\" content=\"summary_large_image\" \/>\n<meta name=\"twitter:label1\" content=\"Tiempo de lectura\" \/>\n\t<meta name=\"twitter:data1\" content=\"2 minutos\" \/>\n<script type=\"application\/ld+json\" class=\"yoast-schema-graph\">{\"@context\":\"https:\\\/\\\/schema.org\",\"@graph\":[{\"@type\":\"WebPage\",\"@id\":\"https:\\\/\\\/www.amstelprinting.nl\\\/es\\\/tienda\\\/interior\\\/papel-pintado\\\/rollos-de-papel-pintado\\\/\",\"url\":\"https:\\\/\\\/www.amstelprinting.nl\\\/es\\\/tienda\\\/interior\\\/papel-pintado\\\/rollos-de-papel-pintado\\\/\",\"name\":\"Rollos de papel pintado | Amstel Printing\",\"isPartOf\":{\"@id\":\"https:\\\/\\\/www.amstelprinting.nl\\\/es\\\/#website\"},\"primaryImageOfPage\":{\"@id\":\"https:\\\/\\\/www.amstelprinting.nl\\\/es\\\/tienda\\\/interior\\\/papel-pintado\\\/rollos-de-papel-pintado\\\/#primaryimage\"},\"image\":{\"@id\":\"https:\\\/\\\/www.amstelprinting.nl\\\/es\\\/tienda\\\/interior\\\/papel-pintado\\\/rollos-de-papel-pintado\\\/#primaryimage\"},\"thumbnailUrl\":\"https:\\\/\\\/www.amstelprinting.nl\\\/wp-content\\\/uploads\\\/behang-bedrukken.png\",\"datePublished\":\"2025-01-24T10:27:54+00:00\",\"dateModified\":\"2026-02-18T11:48:13+00:00\",\"breadcrumb\":{\"@id\":\"https:\\\/\\\/www.amstelprinting.nl\\\/es\\\/tienda\\\/interior\\\/papel-pintado\\\/rollos-de-papel-pintado\\\/#breadcrumb\"},\"inLanguage\":\"es\",\"potentialAction\":[{\"@type\":\"ReadAction\",\"target\":[\"https:\\\/\\\/www.amstelprinting.nl\\\/es\\\/tienda\\\/interior\\\/papel-pintado\\\/rollos-de-papel-pintado\\\/\"]}]},{\"@type\":\"ImageObject\",\"inLanguage\":\"es\",\"@id\":\"https:\\\/\\\/www.amstelprinting.nl\\\/es\\\/tienda\\\/interior\\\/papel-pintado\\\/rollos-de-papel-pintado\\\/#primaryimage\",\"url\":\"https:\\\/\\\/www.amstelprinting.nl\\\/wp-content\\\/uploads\\\/behang-bedrukken.png\",\"contentUrl\":\"https:\\\/\\\/www.amstelprinting.nl\\\/wp-content\\\/uploads\\\/behang-bedrukken.png\",\"width\":900,\"height\":900},{\"@type\":\"BreadcrumbList\",\"@id\":\"https:\\\/\\\/www.amstelprinting.nl\\\/es\\\/tienda\\\/interior\\\/papel-pintado\\\/rollos-de-papel-pintado\\\/#breadcrumb\",\"itemListElement\":[{\"@type\":\"ListItem\",\"position\":1,\"name\":\"\",\"item\":\"https:\\\/\\\/www.amstelprinting.nl\\\/es\\\/\"},{\"@type\":\"ListItem\",\"position\":2,\"name\":\"Amstel Printing\",\"item\":\"https:\\\/\\\/www.amstelprinting.nl\\\/es\\\/comercio\\\/\"},{\"@type\":\"ListItem\",\"position\":3,\"name\":\"Publicidad interior\",\"item\":\"https:\\\/\\\/www.amstelprinting.nl\\\/es\\\/categor\u00eda\\\/publicidad-interior\\\/\"},{\"@type\":\"ListItem\",\"position\":4,\"name\":\"Revestimientos de paredes con papel tapiz\",\"item\":\"https:\\\/\\\/www.amstelprinting.nl\\\/es\\\/categor\u00eda\\\/publicidad-interior\\\/revestimientos-de-paredes-con-papel-tapiz\\\/\"},{\"@type\":\"ListItem\",\"position\":5,\"name\":\"Rollos de papel pintado\"}]},{\"@type\":\"WebSite\",\"@id\":\"https:\\\/\\\/www.amstelprinting.nl\\\/es\\\/#website\",\"url\":\"https:\\\/\\\/www.amstelprinting.nl\\\/es\\\/\",\"name\":\"Amstel Printing\",\"description\":\"Creating Exposure\",\"publisher\":{\"@id\":\"https:\\\/\\\/www.amstelprinting.nl\\\/es\\\/#organization\"},\"potentialAction\":[{\"@type\":\"SearchAction\",\"target\":{\"@type\":\"EntryPoint\",\"urlTemplate\":\"https:\\\/\\\/www.amstelprinting.nl\\\/es\\\/?s={search_term_string}\"},\"query-input\":{\"@type\":\"PropertyValueSpecification\",\"valueRequired\":true,\"valueName\":\"search_term_string\"}}],\"inLanguage\":\"es\"},{\"@type\":\"Organization\",\"@id\":\"https:\\\/\\\/www.amstelprinting.nl\\\/es\\\/#organization\",\"name\":\"Amstel Printing\",\"url\":\"https:\\\/\\\/www.amstelprinting.nl\\\/es\\\/\",\"logo\":{\"@type\":\"ImageObject\",\"inLanguage\":\"es\",\"@id\":\"https:\\\/\\\/www.amstelprinting.nl\\\/es\\\/#\\\/schema\\\/logo\\\/image\\\/\",\"url\":\"https:\\\/\\\/www.amstelprinting.nl\\\/wp-content\\\/uploads\\\/amstel_printing_logo_clean.png\",\"contentUrl\":\"https:\\\/\\\/www.amstelprinting.nl\\\/wp-content\\\/uploads\\\/amstel_printing_logo_clean.png\",\"width\":324,\"height\":73,\"caption\":\"Amstel Printing\"},\"image\":{\"@id\":\"https:\\\/\\\/www.amstelprinting.nl\\\/es\\\/#\\\/schema\\\/logo\\\/image\\\/\"}}]}<\/script>\n<!-- \/ Yoast SEO plugin. -->","yoast_head_json":{"title":"Rollos de papel pintado | Amstel Printing","robots":{"index":"index","follow":"follow","max-snippet":"max-snippet:-1","max-image-preview":"max-image-preview:large","max-video-preview":"max-video-preview:-1"},"canonical":"https:\/\/www.amstelprinting.nl\/es\/tienda\/interior\/papel-pintado\/rollos-de-papel-pintado\/","og_locale":"es_ES","og_type":"article","og_title":"Rollos de papel pintado | Amstel Printing","og_description":"Papel pintado en rollo resistente a los ara\u00f1azos con impresi\u00f3n propia Transforme su espacio en un oasis de estilo y confort con nuestros rollos de papel pintado de alta calidad. Ya sea que busque un aspecto contempor\u00e1neo o un encanto cl\u00e1sico: nuestra colecci\u00f3n le ofrece las herramientas para dar vida a su visi\u00f3n de interiorismo.","og_url":"https:\/\/www.amstelprinting.nl\/es\/tienda\/interior\/papel-pintado\/rollos-de-papel-pintado\/","og_site_name":"Amstel Printing","article_modified_time":"2026-02-18T11:48:13+00:00","og_image":[{"width":900,"height":900,"url":"https:\/\/www.amstelprinting.nl\/wp-content\/uploads\/behang-bedrukken.png","type":"image\/png"}],"twitter_card":"summary_large_image","twitter_misc":{"Tiempo de lectura":"2 minutos"},"schema":{"@context":"https:\/\/schema.org","@graph":[{"@type":"WebPage","@id":"https:\/\/www.amstelprinting.nl\/es\/tienda\/interior\/papel-pintado\/rollos-de-papel-pintado\/","url":"https:\/\/www.amstelprinting.nl\/es\/tienda\/interior\/papel-pintado\/rollos-de-papel-pintado\/","name":"Rollos de papel pintado | Amstel Printing","isPartOf":{"@id":"https:\/\/www.amstelprinting.nl\/es\/#website"},"primaryImageOfPage":{"@id":"https:\/\/www.amstelprinting.nl\/es\/tienda\/interior\/papel-pintado\/rollos-de-papel-pintado\/#primaryimage"},"image":{"@id":"https:\/\/www.amstelprinting.nl\/es\/tienda\/interior\/papel-pintado\/rollos-de-papel-pintado\/#primaryimage"},"thumbnailUrl":"https:\/\/www.amstelprinting.nl\/wp-content\/uploads\/behang-bedrukken.png","datePublished":"2025-01-24T10:27:54+00:00","dateModified":"2026-02-18T11:48:13+00:00","breadcrumb":{"@id":"https:\/\/www.amstelprinting.nl\/es\/tienda\/interior\/papel-pintado\/rollos-de-papel-pintado\/#breadcrumb"},"inLanguage":"es","potentialAction":[{"@type":"ReadAction","target":["https:\/\/www.amstelprinting.nl\/es\/tienda\/interior\/papel-pintado\/rollos-de-papel-pintado\/"]}]},{"@type":"ImageObject","inLanguage":"es","@id":"https:\/\/www.amstelprinting.nl\/es\/tienda\/interior\/papel-pintado\/rollos-de-papel-pintado\/#primaryimage","url":"https:\/\/www.amstelprinting.nl\/wp-content\/uploads\/behang-bedrukken.png","contentUrl":"https:\/\/www.amstelprinting.nl\/wp-content\/uploads\/behang-bedrukken.png","width":900,"height":900},{"@type":"BreadcrumbList","@id":"https:\/\/www.amstelprinting.nl\/es\/tienda\/interior\/papel-pintado\/rollos-de-papel-pintado\/#breadcrumb","itemListElement":[{"@type":"ListItem","position":1,"name":"","item":"https:\/\/www.amstelprinting.nl\/es\/"},{"@type":"ListItem","position":2,"name":"Amstel Printing","item":"https:\/\/www.amstelprinting.nl\/es\/comercio\/"},{"@type":"ListItem","position":3,"name":"Publicidad interior","item":"https:\/\/www.amstelprinting.nl\/es\/categor\u00eda\/publicidad-interior\/"},{"@type":"ListItem","position":4,"name":"Revestimientos de paredes con papel tapiz","item":"https:\/\/www.amstelprinting.nl\/es\/categor\u00eda\/publicidad-interior\/revestimientos-de-paredes-con-papel-tapiz\/"},{"@type":"ListItem","position":5,"name":"Rollos de papel pintado"}]},{"@type":"WebSite","@id":"https:\/\/www.amstelprinting.nl\/es\/#website","url":"https:\/\/www.amstelprinting.nl\/es\/","name":"Amstel Printing","description":"Creating Exposure","publisher":{"@id":"https:\/\/www.amstelprinting.nl\/es\/#organization"},"potentialAction":[{"@type":"SearchAction","target":{"@type":"EntryPoint","urlTemplate":"https:\/\/www.amstelprinting.nl\/es\/?s={search_term_string}"},"query-input":{"@type":"PropertyValueSpecification","valueRequired":true,"valueName":"search_term_string"}}],"inLanguage":"es"},{"@type":"Organization","@id":"https:\/\/www.amstelprinting.nl\/es\/#organization","name":"Amstel Printing","url":"https:\/\/www.amstelprinting.nl\/es\/","logo":{"@type":"ImageObject","inLanguage":"es","@id":"https:\/\/www.amstelprinting.nl\/es\/#\/schema\/logo\/image\/","url":"https:\/\/www.amstelprinting.nl\/wp-content\/uploads\/amstel_printing_logo_clean.png","contentUrl":"https:\/\/www.amstelprinting.nl\/wp-content\/uploads\/amstel_printing_logo_clean.png","width":324,"height":73,"caption":"Amstel Printing"},"image":{"@id":"https:\/\/www.amstelprinting.nl\/es\/#\/schema\/logo\/image\/"}}]}},"_links":{"self":[{"href":"https:\/\/www.amstelprinting.nl\/es\/wp-json\/wp\/v2\/product\/14893","targetHints":{"allow":["GET"]}}],"collection":[{"href":"https:\/\/www.amstelprinting.nl\/es\/wp-json\/wp\/v2\/product"}],"about":[{"href":"https:\/\/www.amstelprinting.nl\/es\/wp-json\/wp\/v2\/types\/product"}],"wp:featuredmedia":[{"embeddable":true,"href":"https:\/\/www.amstelprinting.nl\/es\/wp-json\/wp\/v2\/media\/14894"}],"wp:attachment":[{"href":"https:\/\/www.amstelprinting.nl\/es\/wp-json\/wp\/v2\/media?parent=14893"}],"wp:term":[{"taxonomy":"product_brand","embeddable":true,"href":"https:\/\/www.amstelprinting.nl\/es\/wp-json\/wp\/v2\/product_brand?post=14893"},{"taxonomy":"product_cat","embeddable":true,"href":"https:\/\/www.amstelprinting.nl\/es\/wp-json\/wp\/v2\/product_cat?post=14893"},{"taxonomy":"product_tag","embeddable":true,"href":"https:\/\/www.amstelprinting.nl\/es\/wp-json\/wp\/v2\/product_tag?post=14893"}],"curies":[{"name":"wp","href":"https:\/\/api.w.org\/{rel}","templated":true}]}}