{"id":14903,"date":"2025-01-24T11:27:50","date_gmt":"2025-01-24T10:27:50","guid":{"rendered":"https:\/\/www.amstelprinting.nl\/winkel\/sin%20categor\u00eda\/led-frame\/"},"modified":"2026-02-18T12:48:13","modified_gmt":"2026-02-18T11:48:13","slug":"marco-led","status":"publish","type":"product","link":"https:\/\/www.amstelprinting.nl\/es\/tienda\/feria-y-evento\/paredes-de-exposicion-iluminadas\/marco-led\/","title":{"rendered":"Marco LED"},"content":{"rendered":"<h3>Pedir marco LED<\/h3>\n<p>Deje que su dise\u00f1o brille y elija un marco LED a medida. El marco LED es perfecto para espacios comerciales (de empresa), salas de exposici\u00f3n, ferias o simplemente para el hogar. Elija un set completo con marco LED y tela con perfil de silicona o pida uno de los dos art\u00edculos por separado.<\/p>\n<h3>\nPor qu\u00e9 elegir marcos LED<\/h3>\n<ul>\n<li>Su impresi\u00f3n iluminada de forma intensa<\/li>\n<li>El centro de atenci\u00f3n para cualquier espacio<\/li>\n<li>Para fijaci\u00f3n a la pared<\/li>\n<li>Equipado con una impresi\u00f3n a una cara (\u00bfimpresi\u00f3n a doble cara? Elija entonces Pixlip)<\/li>\n<li>Elecci\u00f3n de luz regulable o no regulable<\/li>\n<li>Disponible en tres colores de marco y 2 tipos de telas con perfil de silicona<\/li>\n<\/ul>\n<p>&nbsp;<\/p>\n<h3>Material del marco LED y de la tela<\/h3>\n<p>El marco LED de aluminio est\u00e1 disponible en los colores blanco, negro y plata. El marco LED combina un perfil de aluminio con una placa trasera de Dibond\u00ae, sobre la cual se montan las tiras LED para una distribuci\u00f3n uniforme de la luz. Puede elegir entre iluminaci\u00f3n regulable o no regulable, seg\u00fan sus necesidades.<\/p>\n<p>Para la tela con perfil de silicona del marco LED, puede elegir entre dos materiales: Samba backlit y LumiTex. Samba backlit es una tela de poli\u00e9ster con colores intensos, dise\u00f1ada espec\u00edficamente para aportar brillo y vivacidad en marcos iluminados. El material LumiTex est\u00e1 compuesto por 100% poli\u00e9ster. Est\u00e1 fabricado con hilos extra finos y cuenta con una doble capa de tinta, lo que lo hace perfecto para su uso en aplicaciones iluminadas.<\/p>\n<h3>Diferencias entre Samba Backlit y LumiTex<\/h3>\n<p>La diferencia entre Samba Backlit y LumiTex est\u00e1 relacionada principalmente con la t\u00e9cnica de impresi\u00f3n. La tela con perfil de silicona Samba se suministra con una impresi\u00f3n UV al 200% y LumiTex consiste en una impresi\u00f3n por sublimaci\u00f3n al 200%. La desventaja de una impresi\u00f3n UV es que la doble capa de tinta emite un fuerte olor (temporal). Por el contrario, LumiTex es inodoro y no se arruga.<\/p>\n<p>Adem\u00e1s, la impresi\u00f3n en tela LumiTex es algo m\u00e1s duradera en comparaci\u00f3n con Samba Backlit. Las tintas utilizadas son a base de agua. Adem\u00e1s, LumiTex (al igual que Samba Backlit) no contiene PVC y es reciclable.<\/p>\n<p>La \u00faltima diferencia caracter\u00edstica entre ambas telas es que Samba Backlit cuenta con un recubrimiento. Gracias a este recubrimiento, Samba Backlit tambi\u00e9n puede utilizarse en exteriores por cortos periodos de tiempo. LumiTex es apto exclusivamente para aplicaciones en interiores.<\/p>\n<h3>Acabado del marco LED<\/h3>\n<p>La longitud est\u00e1ndar del cable es de 2 m, pero tambi\u00e9n tiene la opci\u00f3n de 3 m o 5 m. La conexi\u00f3n del cable puede colocarse a la izquierda, a la derecha, arriba o abajo para una m\u00e1xima flexibilidad durante la instalaci\u00f3n.<\/p>\n<h3>Alternativas<\/h3>\n<p>El marco LED de esta p\u00e1gina de producto es apto exclusivamente para su fijaci\u00f3n a la pared (para interiores). A continuaci\u00f3n, enumeramos todos los marcos LED y alternativas.<\/p>\n<ul>\n<li>Autoportante: el marco Pixlip Go con impresi\u00f3n a doble cara. Gracias a sus pies, este marco puede sostenerse de forma independiente.<\/li>\n<li>Uso en exteriores: \u00bfDesea utilizar el marco LED en exteriores? Elija entonces el marco LED Outdoor.<\/li>\n<\/ul>\n<p>&nbsp;<\/p>\n<h3>Preguntas frecuentes<\/h3>\n<p><strong>\u00bfHasta qu\u00e9 tama\u00f1o m\u00e1ximo puedo pedir el marco LED?<\/strong><br \/>\nPuede pedir marcos LED hasta un tama\u00f1o m\u00e1ximo de 305 cm de ancho por 150 cm de alto.<\/p>\n<p><strong>\u00bfNecesita un tama\u00f1o mayor o desea otro color?<\/strong><br \/>\nSimplemente solicite un presupuesto.<\/p>\n<p><strong>\u00bfPuedo elegir tambi\u00e9n un color de luz diferente?<\/strong><br \/>\nAdem\u00e1s de la opci\u00f3n est\u00e1ndar (6500K), puede elegir entre 3000K y 4000K. Estas opciones no est\u00e1n disponibles de forma est\u00e1ndar, pero pueden pedirse bajo solicitud.<\/p>\n<p><strong>Me gustar\u00eda tener el marco LED en otro color, \u00bfes posible?<\/strong><br \/>\nEl marco LED est\u00e1 disponible de forma est\u00e1ndar en plata, blanco y negro. Sin embargo, si desea otro color, puede indicarnos el c\u00f3digo de color RAL de su preferencia. Procederemos entonces al recubrimiento en polvo del perfil en el color elegido. Tenga en cuenta que esto puede aumentar el plazo de entrega en aproximadamente 2 semanas.<\/p>\n","protected":false},"excerpt":{"rendered":"<h3>Su impresi\u00f3n intensamente iluminada en un elegante marco de aluminio<\/h3>\n<p>\u00a1El marco que pone su impresi\u00f3n bajo los focos de forma espectacular! Gracias a la combinaci\u00f3n de la iluminaci\u00f3n LED y la tela con perfil de silicona, su dise\u00f1o se ilumina intensamente. Configure el marco LED totalmente a su gusto. Puede determinar el tama\u00f1o usted mismo, as\u00ed como el color del marco de aluminio. Este marco LED est\u00e1 abierto por la parte trasera y, por lo tanto, solo es apto para su fijaci\u00f3n a la pared. \u00bfSe ha cansado de la impresi\u00f3n? Simplemente puede pedir una impresi\u00f3n suelta y cambiarla. Configure a continuaci\u00f3n su marco LED en unos pocos pasos.<\/p>\n","protected":false},"featured_media":14904,"template":"","meta":{"_et_pb_use_builder":"","_et_pb_old_content":"","_et_gb_content_width":""},"product_brand":[],"product_cat":[431,399,382,379],"product_tag":[],"class_list":{"0":"post-14903","1":"product","2":"type-product","3":"status-publish","4":"has-post-thumbnail","6":"product_cat-feria-y-evento","7":"product_cat-paredes-de-exposicion-iluminadas","8":"product_cat-presentacion","9":"product_cat-publicidad-interior","11":"first","12":"instock","13":"taxable","14":"shipping-taxable","15":"purchasable","16":"product-type-simple"},"yoast_head":"<!-- This site is optimized with the Yoast SEO plugin v27.3 - https:\/\/yoast.com\/product\/yoast-seo-wordpress\/ -->\n<title>Comprar marco LED pop-up - Presentaciones potentes de forma r\u00e1pida y sencilla<\/title>\n<meta name=\"description\" content=\"Descubra el marco LED pop-up para una presentaci\u00f3n de marca llamativa y brillante. F\u00e1cil de montar. \u00a1Solicite un presupuesto ahora!\" \/>\n<meta name=\"robots\" content=\"index, follow, max-snippet:-1, max-image-preview:large, max-video-preview:-1\" \/>\n<link rel=\"canonical\" href=\"https:\/\/www.amstelprinting.nl\/es\/tienda\/feria-y-evento\/paredes-de-exposicion-iluminadas\/marco-led\/\" \/>\n<meta property=\"og:locale\" content=\"es_ES\" \/>\n<meta property=\"og:type\" content=\"article\" \/>\n<meta property=\"og:title\" content=\"Comprar marco LED pop-up - Presentaciones potentes de forma r\u00e1pida y sencilla\" \/>\n<meta property=\"og:description\" content=\"Descubra el marco LED pop-up para una presentaci\u00f3n de marca llamativa y brillante. F\u00e1cil de montar. \u00a1Solicite un presupuesto ahora!\" \/>\n<meta property=\"og:url\" content=\"https:\/\/www.amstelprinting.nl\/es\/tienda\/feria-y-evento\/paredes-de-exposicion-iluminadas\/marco-led\/\" \/>\n<meta property=\"og:site_name\" content=\"Amstel Printing\" \/>\n<meta property=\"article:modified_time\" content=\"2026-02-18T11:48:13+00:00\" \/>\n<meta property=\"og:image\" content=\"https:\/\/www.amstelprinting.nl\/wp-content\/uploads\/led-frame-bedrukken-1.png\" \/>\n\t<meta property=\"og:image:width\" content=\"900\" \/>\n\t<meta property=\"og:image:height\" content=\"900\" \/>\n\t<meta property=\"og:image:type\" content=\"image\/png\" \/>\n<meta name=\"twitter:card\" content=\"summary_large_image\" \/>\n<meta name=\"twitter:label1\" content=\"Tiempo de lectura\" \/>\n\t<meta name=\"twitter:data1\" content=\"3 minutos\" \/>\n<script type=\"application\/ld+json\" class=\"yoast-schema-graph\">{\"@context\":\"https:\\\/\\\/schema.org\",\"@graph\":[{\"@type\":\"WebPage\",\"@id\":\"https:\\\/\\\/www.amstelprinting.nl\\\/es\\\/tienda\\\/feria-y-evento\\\/paredes-de-exposicion-iluminadas\\\/marco-led\\\/\",\"url\":\"https:\\\/\\\/www.amstelprinting.nl\\\/es\\\/tienda\\\/feria-y-evento\\\/paredes-de-exposicion-iluminadas\\\/marco-led\\\/\",\"name\":\"Comprar marco LED pop-up - Presentaciones potentes de forma r\u00e1pida y sencilla\",\"isPartOf\":{\"@id\":\"https:\\\/\\\/www.amstelprinting.nl\\\/es\\\/#website\"},\"primaryImageOfPage\":{\"@id\":\"https:\\\/\\\/www.amstelprinting.nl\\\/es\\\/tienda\\\/feria-y-evento\\\/paredes-de-exposicion-iluminadas\\\/marco-led\\\/#primaryimage\"},\"image\":{\"@id\":\"https:\\\/\\\/www.amstelprinting.nl\\\/es\\\/tienda\\\/feria-y-evento\\\/paredes-de-exposicion-iluminadas\\\/marco-led\\\/#primaryimage\"},\"thumbnailUrl\":\"https:\\\/\\\/www.amstelprinting.nl\\\/wp-content\\\/uploads\\\/led-frame-bedrukken-1.png\",\"datePublished\":\"2025-01-24T10:27:50+00:00\",\"dateModified\":\"2026-02-18T11:48:13+00:00\",\"description\":\"Descubra el marco LED pop-up para una presentaci\u00f3n de marca llamativa y brillante. F\u00e1cil de montar. \u00a1Solicite un presupuesto ahora!\",\"breadcrumb\":{\"@id\":\"https:\\\/\\\/www.amstelprinting.nl\\\/es\\\/tienda\\\/feria-y-evento\\\/paredes-de-exposicion-iluminadas\\\/marco-led\\\/#breadcrumb\"},\"inLanguage\":\"es\",\"potentialAction\":[{\"@type\":\"ReadAction\",\"target\":[\"https:\\\/\\\/www.amstelprinting.nl\\\/es\\\/tienda\\\/feria-y-evento\\\/paredes-de-exposicion-iluminadas\\\/marco-led\\\/\"]}]},{\"@type\":\"ImageObject\",\"inLanguage\":\"es\",\"@id\":\"https:\\\/\\\/www.amstelprinting.nl\\\/es\\\/tienda\\\/feria-y-evento\\\/paredes-de-exposicion-iluminadas\\\/marco-led\\\/#primaryimage\",\"url\":\"https:\\\/\\\/www.amstelprinting.nl\\\/wp-content\\\/uploads\\\/led-frame-bedrukken-1.png\",\"contentUrl\":\"https:\\\/\\\/www.amstelprinting.nl\\\/wp-content\\\/uploads\\\/led-frame-bedrukken-1.png\",\"width\":900,\"height\":900},{\"@type\":\"BreadcrumbList\",\"@id\":\"https:\\\/\\\/www.amstelprinting.nl\\\/es\\\/tienda\\\/feria-y-evento\\\/paredes-de-exposicion-iluminadas\\\/marco-led\\\/#breadcrumb\",\"itemListElement\":[{\"@type\":\"ListItem\",\"position\":1,\"name\":\"\",\"item\":\"https:\\\/\\\/www.amstelprinting.nl\\\/es\\\/\"},{\"@type\":\"ListItem\",\"position\":2,\"name\":\"Amstel Printing\",\"item\":\"https:\\\/\\\/www.amstelprinting.nl\\\/es\\\/comercio\\\/\"},{\"@type\":\"ListItem\",\"position\":3,\"name\":\"Publicidad interior\",\"item\":\"https:\\\/\\\/www.amstelprinting.nl\\\/es\\\/categor\u00eda\\\/publicidad-interior\\\/\"},{\"@type\":\"ListItem\",\"position\":4,\"name\":\"Presentaci\u00f3n\",\"item\":\"https:\\\/\\\/www.amstelprinting.nl\\\/es\\\/categor\u00eda\\\/publicidad-interior\\\/presentacion\\\/\"},{\"@type\":\"ListItem\",\"position\":5,\"name\":\"Marco LED\"}]},{\"@type\":\"WebSite\",\"@id\":\"https:\\\/\\\/www.amstelprinting.nl\\\/es\\\/#website\",\"url\":\"https:\\\/\\\/www.amstelprinting.nl\\\/es\\\/\",\"name\":\"Amstel Printing\",\"description\":\"Creating Exposure\",\"publisher\":{\"@id\":\"https:\\\/\\\/www.amstelprinting.nl\\\/es\\\/#organization\"},\"potentialAction\":[{\"@type\":\"SearchAction\",\"target\":{\"@type\":\"EntryPoint\",\"urlTemplate\":\"https:\\\/\\\/www.amstelprinting.nl\\\/es\\\/?s={search_term_string}\"},\"query-input\":{\"@type\":\"PropertyValueSpecification\",\"valueRequired\":true,\"valueName\":\"search_term_string\"}}],\"inLanguage\":\"es\"},{\"@type\":\"Organization\",\"@id\":\"https:\\\/\\\/www.amstelprinting.nl\\\/es\\\/#organization\",\"name\":\"Amstel Printing\",\"url\":\"https:\\\/\\\/www.amstelprinting.nl\\\/es\\\/\",\"logo\":{\"@type\":\"ImageObject\",\"inLanguage\":\"es\",\"@id\":\"https:\\\/\\\/www.amstelprinting.nl\\\/es\\\/#\\\/schema\\\/logo\\\/image\\\/\",\"url\":\"https:\\\/\\\/www.amstelprinting.nl\\\/wp-content\\\/uploads\\\/amstel_printing_logo_clean.png\",\"contentUrl\":\"https:\\\/\\\/www.amstelprinting.nl\\\/wp-content\\\/uploads\\\/amstel_printing_logo_clean.png\",\"width\":324,\"height\":73,\"caption\":\"Amstel Printing\"},\"image\":{\"@id\":\"https:\\\/\\\/www.amstelprinting.nl\\\/es\\\/#\\\/schema\\\/logo\\\/image\\\/\"}}]}<\/script>\n<!-- \/ Yoast SEO plugin. -->","yoast_head_json":{"title":"Comprar marco LED pop-up - Presentaciones potentes de forma r\u00e1pida y sencilla","description":"Descubra el marco LED pop-up para una presentaci\u00f3n de marca llamativa y brillante. F\u00e1cil de montar. \u00a1Solicite un presupuesto ahora!","robots":{"index":"index","follow":"follow","max-snippet":"max-snippet:-1","max-image-preview":"max-image-preview:large","max-video-preview":"max-video-preview:-1"},"canonical":"https:\/\/www.amstelprinting.nl\/es\/tienda\/feria-y-evento\/paredes-de-exposicion-iluminadas\/marco-led\/","og_locale":"es_ES","og_type":"article","og_title":"Comprar marco LED pop-up - Presentaciones potentes de forma r\u00e1pida y sencilla","og_description":"Descubra el marco LED pop-up para una presentaci\u00f3n de marca llamativa y brillante. F\u00e1cil de montar. \u00a1Solicite un presupuesto ahora!","og_url":"https:\/\/www.amstelprinting.nl\/es\/tienda\/feria-y-evento\/paredes-de-exposicion-iluminadas\/marco-led\/","og_site_name":"Amstel Printing","article_modified_time":"2026-02-18T11:48:13+00:00","og_image":[{"width":900,"height":900,"url":"https:\/\/www.amstelprinting.nl\/wp-content\/uploads\/led-frame-bedrukken-1.png","type":"image\/png"}],"twitter_card":"summary_large_image","twitter_misc":{"Tiempo de lectura":"3 minutos"},"schema":{"@context":"https:\/\/schema.org","@graph":[{"@type":"WebPage","@id":"https:\/\/www.amstelprinting.nl\/es\/tienda\/feria-y-evento\/paredes-de-exposicion-iluminadas\/marco-led\/","url":"https:\/\/www.amstelprinting.nl\/es\/tienda\/feria-y-evento\/paredes-de-exposicion-iluminadas\/marco-led\/","name":"Comprar marco LED pop-up - Presentaciones potentes de forma r\u00e1pida y sencilla","isPartOf":{"@id":"https:\/\/www.amstelprinting.nl\/es\/#website"},"primaryImageOfPage":{"@id":"https:\/\/www.amstelprinting.nl\/es\/tienda\/feria-y-evento\/paredes-de-exposicion-iluminadas\/marco-led\/#primaryimage"},"image":{"@id":"https:\/\/www.amstelprinting.nl\/es\/tienda\/feria-y-evento\/paredes-de-exposicion-iluminadas\/marco-led\/#primaryimage"},"thumbnailUrl":"https:\/\/www.amstelprinting.nl\/wp-content\/uploads\/led-frame-bedrukken-1.png","datePublished":"2025-01-24T10:27:50+00:00","dateModified":"2026-02-18T11:48:13+00:00","description":"Descubra el marco LED pop-up para una presentaci\u00f3n de marca llamativa y brillante. F\u00e1cil de montar. \u00a1Solicite un presupuesto ahora!","breadcrumb":{"@id":"https:\/\/www.amstelprinting.nl\/es\/tienda\/feria-y-evento\/paredes-de-exposicion-iluminadas\/marco-led\/#breadcrumb"},"inLanguage":"es","potentialAction":[{"@type":"ReadAction","target":["https:\/\/www.amstelprinting.nl\/es\/tienda\/feria-y-evento\/paredes-de-exposicion-iluminadas\/marco-led\/"]}]},{"@type":"ImageObject","inLanguage":"es","@id":"https:\/\/www.amstelprinting.nl\/es\/tienda\/feria-y-evento\/paredes-de-exposicion-iluminadas\/marco-led\/#primaryimage","url":"https:\/\/www.amstelprinting.nl\/wp-content\/uploads\/led-frame-bedrukken-1.png","contentUrl":"https:\/\/www.amstelprinting.nl\/wp-content\/uploads\/led-frame-bedrukken-1.png","width":900,"height":900},{"@type":"BreadcrumbList","@id":"https:\/\/www.amstelprinting.nl\/es\/tienda\/feria-y-evento\/paredes-de-exposicion-iluminadas\/marco-led\/#breadcrumb","itemListElement":[{"@type":"ListItem","position":1,"name":"","item":"https:\/\/www.amstelprinting.nl\/es\/"},{"@type":"ListItem","position":2,"name":"Amstel Printing","item":"https:\/\/www.amstelprinting.nl\/es\/comercio\/"},{"@type":"ListItem","position":3,"name":"Publicidad interior","item":"https:\/\/www.amstelprinting.nl\/es\/categor\u00eda\/publicidad-interior\/"},{"@type":"ListItem","position":4,"name":"Presentaci\u00f3n","item":"https:\/\/www.amstelprinting.nl\/es\/categor\u00eda\/publicidad-interior\/presentacion\/"},{"@type":"ListItem","position":5,"name":"Marco LED"}]},{"@type":"WebSite","@id":"https:\/\/www.amstelprinting.nl\/es\/#website","url":"https:\/\/www.amstelprinting.nl\/es\/","name":"Amstel Printing","description":"Creating Exposure","publisher":{"@id":"https:\/\/www.amstelprinting.nl\/es\/#organization"},"potentialAction":[{"@type":"SearchAction","target":{"@type":"EntryPoint","urlTemplate":"https:\/\/www.amstelprinting.nl\/es\/?s={search_term_string}"},"query-input":{"@type":"PropertyValueSpecification","valueRequired":true,"valueName":"search_term_string"}}],"inLanguage":"es"},{"@type":"Organization","@id":"https:\/\/www.amstelprinting.nl\/es\/#organization","name":"Amstel Printing","url":"https:\/\/www.amstelprinting.nl\/es\/","logo":{"@type":"ImageObject","inLanguage":"es","@id":"https:\/\/www.amstelprinting.nl\/es\/#\/schema\/logo\/image\/","url":"https:\/\/www.amstelprinting.nl\/wp-content\/uploads\/amstel_printing_logo_clean.png","contentUrl":"https:\/\/www.amstelprinting.nl\/wp-content\/uploads\/amstel_printing_logo_clean.png","width":324,"height":73,"caption":"Amstel Printing"},"image":{"@id":"https:\/\/www.amstelprinting.nl\/es\/#\/schema\/logo\/image\/"}}]}},"_links":{"self":[{"href":"https:\/\/www.amstelprinting.nl\/es\/wp-json\/wp\/v2\/product\/14903","targetHints":{"allow":["GET"]}}],"collection":[{"href":"https:\/\/www.amstelprinting.nl\/es\/wp-json\/wp\/v2\/product"}],"about":[{"href":"https:\/\/www.amstelprinting.nl\/es\/wp-json\/wp\/v2\/types\/product"}],"wp:featuredmedia":[{"embeddable":true,"href":"https:\/\/www.amstelprinting.nl\/es\/wp-json\/wp\/v2\/media\/14904"}],"wp:attachment":[{"href":"https:\/\/www.amstelprinting.nl\/es\/wp-json\/wp\/v2\/media?parent=14903"}],"wp:term":[{"taxonomy":"product_brand","embeddable":true,"href":"https:\/\/www.amstelprinting.nl\/es\/wp-json\/wp\/v2\/product_brand?post=14903"},{"taxonomy":"product_cat","embeddable":true,"href":"https:\/\/www.amstelprinting.nl\/es\/wp-json\/wp\/v2\/product_cat?post=14903"},{"taxonomy":"product_tag","embeddable":true,"href":"https:\/\/www.amstelprinting.nl\/es\/wp-json\/wp\/v2\/product_tag?post=14903"}],"curies":[{"name":"wp","href":"https:\/\/api.w.org\/{rel}","templated":true}]}}