{"id":14913,"date":"2025-01-24T11:27:42","date_gmt":"2025-01-24T10:27:42","guid":{"rendered":"https:\/\/www.amstelprinting.nl\/winkel\/sin%20categor\u00eda\/zelfklevende-poster\/"},"modified":"2026-02-18T12:48:14","modified_gmt":"2026-02-18T11:48:14","slug":"poster-autoadhesivo","status":"publish","type":"product","link":"https:\/\/www.amstelprinting.nl\/es\/tienda\/publicidad-interior\/publicidad-en-la-pared\/poster-autoadhesivo\/","title":{"rendered":"P\u00f3ster autoadhesivo"},"content":{"rendered":"<h3>Formatos y material<\/h3>\n<p>Tanto si desea una decoraci\u00f3n peque\u00f1a y sutil como un mensaje grande y llamativo, ofrecemos una gama de formatos para satisfacer sus necesidades espec\u00edficas. Con nueve opciones diferentes, siempre encontrar\u00e1 el tama\u00f1o perfecto para su proyecto. Nuestros p\u00f3steres autoadhesivos est\u00e1n fabricados con l\u00e1mina DOT, un material de PVC blanco mate con una capa de adhesivo, adecuado tanto para uso interior como exterior. Gracias a su capa adhesiva especial, podr\u00e1 reutilizar los p\u00f3steres varias veces sin que pierdan su fuerza de adherencia.<\/p>\n<h3>Impresi\u00f3n UV<\/h3>\n<p>Gracias a nuestra avanzada t\u00e9cnica de impresi\u00f3n UV, nuestros p\u00f3steres cuentan con colores vivos y duraderos que no se decoloran. Esta t\u00e9cnica garantiza que su p\u00f3ster sea resistente a los rayos UV, por lo que los colores se mantienen brillantes y n\u00edtidos.<\/p>\n<h3>Accesorios<\/h3>\n<p>Ofrecemos diversos accesorios que simplifican el proceso de pegado y garantizan que su p\u00f3ster quede siempre perfectamente colocado. Tenemos todo lo que necesita para colgar su p\u00f3ster sin burbujas de aire ni arrugas. \u00a1Experimente c\u00f3mo nuestros p\u00f3steres autoadhesivos pueden dar a su espacio un aspecto vibrante y atractivo!<\/p>\n<p>Para quienes prefieran un p\u00f3ster tradicional sin capa adhesiva, tambi\u00e9n ofrecemos p\u00f3steres publicitarios. Son perfectos para situaciones en las que se necesita una soluci\u00f3n no permanente o cuando se desea colocar los p\u00f3steres en marcos.<\/p>\n","protected":false},"excerpt":{"rendered":"<h3>Autoadhesivo y f\u00e1cil de retirar<\/h3>\n<p>\u00a1D\u00e9 a su espacio una actualizaci\u00f3n r\u00e1pida y elegante con nuestros p\u00f3steres autoadhesivos! Ideales para diversas aplicaciones, tanto en interiores como en exteriores, estos p\u00f3steres est\u00e1n dise\u00f1ados para adherirse sin esfuerzo a cualquier superficie lisa y pueden reutilizarse varias veces sin perder su adherencia. Haga que su p\u00f3ster autoadhesivo sea \u00fanico subiendo su propio dise\u00f1o o elija entre una amplia gama de patrones existentes.<\/p>\n","protected":false},"featured_media":14914,"template":"","meta":{"_et_pb_use_builder":"","_et_pb_old_content":"","_et_gb_content_width":""},"product_brand":[],"product_cat":[640,315,442,379],"product_tag":[],"class_list":{"0":"post-14913","1":"product","2":"type-product","3":"status-publish","4":"has-post-thumbnail","6":"product_cat-posters","7":"product_cat-pegatinas-e-impresion","8":"product_cat-publicidad-en-la-pared","9":"product_cat-publicidad-interior","11":"first","12":"instock","13":"taxable","14":"shipping-taxable","15":"purchasable","16":"product-type-simple"},"yoast_head":"<!-- This site is optimized with the Yoast SEO plugin v27.3 - https:\/\/yoast.com\/product\/yoast-seo-wordpress\/ -->\n<title>P\u00f3ster autoadhesivo - Duradero, reutilizable y resistente a la intemperie<\/title>\n<meta name=\"description\" content=\"Pida un p\u00f3ster autoadhesivo flexible con colores de impresi\u00f3n UV vivos. F\u00e1cil de aplicar y reposicionar en superficies lisas,\" \/>\n<meta name=\"robots\" content=\"index, follow, max-snippet:-1, max-image-preview:large, max-video-preview:-1\" \/>\n<link rel=\"canonical\" href=\"https:\/\/www.amstelprinting.nl\/es\/tienda\/publicidad-interior\/publicidad-en-la-pared\/poster-autoadhesivo\/\" \/>\n<meta property=\"og:locale\" content=\"es_ES\" \/>\n<meta property=\"og:type\" content=\"article\" \/>\n<meta property=\"og:title\" content=\"P\u00f3ster autoadhesivo - Duradero, reutilizable y resistente a la intemperie\" \/>\n<meta property=\"og:description\" content=\"Pida un p\u00f3ster autoadhesivo flexible con colores de impresi\u00f3n UV vivos. F\u00e1cil de aplicar y reposicionar en superficies lisas,\" \/>\n<meta property=\"og:url\" content=\"https:\/\/www.amstelprinting.nl\/es\/tienda\/publicidad-interior\/publicidad-en-la-pared\/poster-autoadhesivo\/\" \/>\n<meta property=\"og:site_name\" content=\"Amstel Printing\" \/>\n<meta property=\"article:modified_time\" content=\"2026-02-18T11:48:14+00:00\" \/>\n<meta property=\"og:image\" content=\"https:\/\/www.amstelprinting.nl\/wp-content\/uploads\/Zelfklevende-poster.jpg\" \/>\n\t<meta property=\"og:image:width\" content=\"700\" \/>\n\t<meta property=\"og:image:height\" content=\"700\" \/>\n\t<meta property=\"og:image:type\" content=\"image\/jpeg\" \/>\n<meta name=\"twitter:card\" content=\"summary_large_image\" \/>\n<meta name=\"twitter:label1\" content=\"Tiempo de lectura\" \/>\n\t<meta name=\"twitter:data1\" content=\"1 minuto\" \/>\n<script type=\"application\/ld+json\" class=\"yoast-schema-graph\">{\"@context\":\"https:\\\/\\\/schema.org\",\"@graph\":[{\"@type\":\"WebPage\",\"@id\":\"https:\\\/\\\/www.amstelprinting.nl\\\/es\\\/tienda\\\/publicidad-interior\\\/publicidad-en-la-pared\\\/poster-autoadhesivo\\\/\",\"url\":\"https:\\\/\\\/www.amstelprinting.nl\\\/es\\\/tienda\\\/publicidad-interior\\\/publicidad-en-la-pared\\\/poster-autoadhesivo\\\/\",\"name\":\"P\u00f3ster autoadhesivo - Duradero, reutilizable y resistente a la intemperie\",\"isPartOf\":{\"@id\":\"https:\\\/\\\/www.amstelprinting.nl\\\/es\\\/#website\"},\"primaryImageOfPage\":{\"@id\":\"https:\\\/\\\/www.amstelprinting.nl\\\/es\\\/tienda\\\/publicidad-interior\\\/publicidad-en-la-pared\\\/poster-autoadhesivo\\\/#primaryimage\"},\"image\":{\"@id\":\"https:\\\/\\\/www.amstelprinting.nl\\\/es\\\/tienda\\\/publicidad-interior\\\/publicidad-en-la-pared\\\/poster-autoadhesivo\\\/#primaryimage\"},\"thumbnailUrl\":\"https:\\\/\\\/www.amstelprinting.nl\\\/wp-content\\\/uploads\\\/Zelfklevende-poster.jpg\",\"datePublished\":\"2025-01-24T10:27:42+00:00\",\"dateModified\":\"2026-02-18T11:48:14+00:00\",\"description\":\"Pida un p\u00f3ster autoadhesivo flexible con colores de impresi\u00f3n UV vivos. F\u00e1cil de aplicar y reposicionar en superficies lisas,\",\"breadcrumb\":{\"@id\":\"https:\\\/\\\/www.amstelprinting.nl\\\/es\\\/tienda\\\/publicidad-interior\\\/publicidad-en-la-pared\\\/poster-autoadhesivo\\\/#breadcrumb\"},\"inLanguage\":\"es\",\"potentialAction\":[{\"@type\":\"ReadAction\",\"target\":[\"https:\\\/\\\/www.amstelprinting.nl\\\/es\\\/tienda\\\/publicidad-interior\\\/publicidad-en-la-pared\\\/poster-autoadhesivo\\\/\"]}]},{\"@type\":\"ImageObject\",\"inLanguage\":\"es\",\"@id\":\"https:\\\/\\\/www.amstelprinting.nl\\\/es\\\/tienda\\\/publicidad-interior\\\/publicidad-en-la-pared\\\/poster-autoadhesivo\\\/#primaryimage\",\"url\":\"https:\\\/\\\/www.amstelprinting.nl\\\/wp-content\\\/uploads\\\/Zelfklevende-poster.jpg\",\"contentUrl\":\"https:\\\/\\\/www.amstelprinting.nl\\\/wp-content\\\/uploads\\\/Zelfklevende-poster.jpg\",\"width\":700,\"height\":700},{\"@type\":\"BreadcrumbList\",\"@id\":\"https:\\\/\\\/www.amstelprinting.nl\\\/es\\\/tienda\\\/publicidad-interior\\\/publicidad-en-la-pared\\\/poster-autoadhesivo\\\/#breadcrumb\",\"itemListElement\":[{\"@type\":\"ListItem\",\"position\":1,\"name\":\"\",\"item\":\"https:\\\/\\\/www.amstelprinting.nl\\\/es\\\/\"},{\"@type\":\"ListItem\",\"position\":2,\"name\":\"Amstel Printing\",\"item\":\"https:\\\/\\\/www.amstelprinting.nl\\\/es\\\/comercio\\\/\"},{\"@type\":\"ListItem\",\"position\":3,\"name\":\"Publicidad interior\",\"item\":\"https:\\\/\\\/www.amstelprinting.nl\\\/es\\\/categor\u00eda\\\/publicidad-interior\\\/\"},{\"@type\":\"ListItem\",\"position\":4,\"name\":\"Publicidad en la pared\",\"item\":\"https:\\\/\\\/www.amstelprinting.nl\\\/es\\\/categor\u00eda\\\/publicidad-interior\\\/publicidad-en-la-pared\\\/\"},{\"@type\":\"ListItem\",\"position\":5,\"name\":\"P\u00f3ster autoadhesivo\"}]},{\"@type\":\"WebSite\",\"@id\":\"https:\\\/\\\/www.amstelprinting.nl\\\/es\\\/#website\",\"url\":\"https:\\\/\\\/www.amstelprinting.nl\\\/es\\\/\",\"name\":\"Amstel Printing\",\"description\":\"Creating Exposure\",\"publisher\":{\"@id\":\"https:\\\/\\\/www.amstelprinting.nl\\\/es\\\/#organization\"},\"potentialAction\":[{\"@type\":\"SearchAction\",\"target\":{\"@type\":\"EntryPoint\",\"urlTemplate\":\"https:\\\/\\\/www.amstelprinting.nl\\\/es\\\/?s={search_term_string}\"},\"query-input\":{\"@type\":\"PropertyValueSpecification\",\"valueRequired\":true,\"valueName\":\"search_term_string\"}}],\"inLanguage\":\"es\"},{\"@type\":\"Organization\",\"@id\":\"https:\\\/\\\/www.amstelprinting.nl\\\/es\\\/#organization\",\"name\":\"Amstel Printing\",\"url\":\"https:\\\/\\\/www.amstelprinting.nl\\\/es\\\/\",\"logo\":{\"@type\":\"ImageObject\",\"inLanguage\":\"es\",\"@id\":\"https:\\\/\\\/www.amstelprinting.nl\\\/es\\\/#\\\/schema\\\/logo\\\/image\\\/\",\"url\":\"https:\\\/\\\/www.amstelprinting.nl\\\/wp-content\\\/uploads\\\/amstel_printing_logo_clean.png\",\"contentUrl\":\"https:\\\/\\\/www.amstelprinting.nl\\\/wp-content\\\/uploads\\\/amstel_printing_logo_clean.png\",\"width\":324,\"height\":73,\"caption\":\"Amstel Printing\"},\"image\":{\"@id\":\"https:\\\/\\\/www.amstelprinting.nl\\\/es\\\/#\\\/schema\\\/logo\\\/image\\\/\"}}]}<\/script>\n<!-- \/ Yoast SEO plugin. -->","yoast_head_json":{"title":"P\u00f3ster autoadhesivo - Duradero, reutilizable y resistente a la intemperie","description":"Pida un p\u00f3ster autoadhesivo flexible con colores de impresi\u00f3n UV vivos. F\u00e1cil de aplicar y reposicionar en superficies lisas,","robots":{"index":"index","follow":"follow","max-snippet":"max-snippet:-1","max-image-preview":"max-image-preview:large","max-video-preview":"max-video-preview:-1"},"canonical":"https:\/\/www.amstelprinting.nl\/es\/tienda\/publicidad-interior\/publicidad-en-la-pared\/poster-autoadhesivo\/","og_locale":"es_ES","og_type":"article","og_title":"P\u00f3ster autoadhesivo - Duradero, reutilizable y resistente a la intemperie","og_description":"Pida un p\u00f3ster autoadhesivo flexible con colores de impresi\u00f3n UV vivos. F\u00e1cil de aplicar y reposicionar en superficies lisas,","og_url":"https:\/\/www.amstelprinting.nl\/es\/tienda\/publicidad-interior\/publicidad-en-la-pared\/poster-autoadhesivo\/","og_site_name":"Amstel Printing","article_modified_time":"2026-02-18T11:48:14+00:00","og_image":[{"width":700,"height":700,"url":"https:\/\/www.amstelprinting.nl\/wp-content\/uploads\/Zelfklevende-poster.jpg","type":"image\/jpeg"}],"twitter_card":"summary_large_image","twitter_misc":{"Tiempo de lectura":"1 minuto"},"schema":{"@context":"https:\/\/schema.org","@graph":[{"@type":"WebPage","@id":"https:\/\/www.amstelprinting.nl\/es\/tienda\/publicidad-interior\/publicidad-en-la-pared\/poster-autoadhesivo\/","url":"https:\/\/www.amstelprinting.nl\/es\/tienda\/publicidad-interior\/publicidad-en-la-pared\/poster-autoadhesivo\/","name":"P\u00f3ster autoadhesivo - Duradero, reutilizable y resistente a la intemperie","isPartOf":{"@id":"https:\/\/www.amstelprinting.nl\/es\/#website"},"primaryImageOfPage":{"@id":"https:\/\/www.amstelprinting.nl\/es\/tienda\/publicidad-interior\/publicidad-en-la-pared\/poster-autoadhesivo\/#primaryimage"},"image":{"@id":"https:\/\/www.amstelprinting.nl\/es\/tienda\/publicidad-interior\/publicidad-en-la-pared\/poster-autoadhesivo\/#primaryimage"},"thumbnailUrl":"https:\/\/www.amstelprinting.nl\/wp-content\/uploads\/Zelfklevende-poster.jpg","datePublished":"2025-01-24T10:27:42+00:00","dateModified":"2026-02-18T11:48:14+00:00","description":"Pida un p\u00f3ster autoadhesivo flexible con colores de impresi\u00f3n UV vivos. F\u00e1cil de aplicar y reposicionar en superficies lisas,","breadcrumb":{"@id":"https:\/\/www.amstelprinting.nl\/es\/tienda\/publicidad-interior\/publicidad-en-la-pared\/poster-autoadhesivo\/#breadcrumb"},"inLanguage":"es","potentialAction":[{"@type":"ReadAction","target":["https:\/\/www.amstelprinting.nl\/es\/tienda\/publicidad-interior\/publicidad-en-la-pared\/poster-autoadhesivo\/"]}]},{"@type":"ImageObject","inLanguage":"es","@id":"https:\/\/www.amstelprinting.nl\/es\/tienda\/publicidad-interior\/publicidad-en-la-pared\/poster-autoadhesivo\/#primaryimage","url":"https:\/\/www.amstelprinting.nl\/wp-content\/uploads\/Zelfklevende-poster.jpg","contentUrl":"https:\/\/www.amstelprinting.nl\/wp-content\/uploads\/Zelfklevende-poster.jpg","width":700,"height":700},{"@type":"BreadcrumbList","@id":"https:\/\/www.amstelprinting.nl\/es\/tienda\/publicidad-interior\/publicidad-en-la-pared\/poster-autoadhesivo\/#breadcrumb","itemListElement":[{"@type":"ListItem","position":1,"name":"","item":"https:\/\/www.amstelprinting.nl\/es\/"},{"@type":"ListItem","position":2,"name":"Amstel Printing","item":"https:\/\/www.amstelprinting.nl\/es\/comercio\/"},{"@type":"ListItem","position":3,"name":"Publicidad interior","item":"https:\/\/www.amstelprinting.nl\/es\/categor\u00eda\/publicidad-interior\/"},{"@type":"ListItem","position":4,"name":"Publicidad en la pared","item":"https:\/\/www.amstelprinting.nl\/es\/categor\u00eda\/publicidad-interior\/publicidad-en-la-pared\/"},{"@type":"ListItem","position":5,"name":"P\u00f3ster autoadhesivo"}]},{"@type":"WebSite","@id":"https:\/\/www.amstelprinting.nl\/es\/#website","url":"https:\/\/www.amstelprinting.nl\/es\/","name":"Amstel Printing","description":"Creating Exposure","publisher":{"@id":"https:\/\/www.amstelprinting.nl\/es\/#organization"},"potentialAction":[{"@type":"SearchAction","target":{"@type":"EntryPoint","urlTemplate":"https:\/\/www.amstelprinting.nl\/es\/?s={search_term_string}"},"query-input":{"@type":"PropertyValueSpecification","valueRequired":true,"valueName":"search_term_string"}}],"inLanguage":"es"},{"@type":"Organization","@id":"https:\/\/www.amstelprinting.nl\/es\/#organization","name":"Amstel Printing","url":"https:\/\/www.amstelprinting.nl\/es\/","logo":{"@type":"ImageObject","inLanguage":"es","@id":"https:\/\/www.amstelprinting.nl\/es\/#\/schema\/logo\/image\/","url":"https:\/\/www.amstelprinting.nl\/wp-content\/uploads\/amstel_printing_logo_clean.png","contentUrl":"https:\/\/www.amstelprinting.nl\/wp-content\/uploads\/amstel_printing_logo_clean.png","width":324,"height":73,"caption":"Amstel Printing"},"image":{"@id":"https:\/\/www.amstelprinting.nl\/es\/#\/schema\/logo\/image\/"}}]}},"_links":{"self":[{"href":"https:\/\/www.amstelprinting.nl\/es\/wp-json\/wp\/v2\/product\/14913","targetHints":{"allow":["GET"]}}],"collection":[{"href":"https:\/\/www.amstelprinting.nl\/es\/wp-json\/wp\/v2\/product"}],"about":[{"href":"https:\/\/www.amstelprinting.nl\/es\/wp-json\/wp\/v2\/types\/product"}],"wp:featuredmedia":[{"embeddable":true,"href":"https:\/\/www.amstelprinting.nl\/es\/wp-json\/wp\/v2\/media\/14914"}],"wp:attachment":[{"href":"https:\/\/www.amstelprinting.nl\/es\/wp-json\/wp\/v2\/media?parent=14913"}],"wp:term":[{"taxonomy":"product_brand","embeddable":true,"href":"https:\/\/www.amstelprinting.nl\/es\/wp-json\/wp\/v2\/product_brand?post=14913"},{"taxonomy":"product_cat","embeddable":true,"href":"https:\/\/www.amstelprinting.nl\/es\/wp-json\/wp\/v2\/product_cat?post=14913"},{"taxonomy":"product_tag","embeddable":true,"href":"https:\/\/www.amstelprinting.nl\/es\/wp-json\/wp\/v2\/product_tag?post=14913"}],"curies":[{"name":"wp","href":"https:\/\/api.w.org\/{rel}","templated":true}]}}