{"id":14943,"date":"2025-01-24T11:27:27","date_gmt":"2025-01-24T10:27:27","guid":{"rendered":"https:\/\/www.amstelprinting.nl\/winkel\/sin%20categor\u00eda\/pop-up-led-frame\/"},"modified":"2026-02-18T12:48:15","modified_gmt":"2026-02-18T11:48:15","slug":"marco-led-pop-up","status":"publish","type":"product","link":"https:\/\/www.amstelprinting.nl\/es\/tienda\/feria-y-evento\/paredes-de-exposicion-iluminadas\/marco-led-pop-up\/","title":{"rendered":"Marco LED Pop-up"},"content":{"rendered":"<h3>Comprar marco LED Pop-up<\/h3>\n<p>\u00bfDesea llevar su presentaci\u00f3n al siguiente nivel? Este avanzado marco LED Pop-up de aluminio no solo ofrece una base s\u00f3lida, sino tambi\u00e9n una impresionante soluci\u00f3n de iluminaci\u00f3n para transmitir su mensaje. Perfecto para cualquier entorno profesional donde el impacto y el atractivo visual son esenciales.<\/p>\n<h3>Formatos y materiales<\/h3>\n<p>Este marco de aluminio plateado ofrece formatos de 85 x 200 cm o 100 x 200 cm, con un impresionante grosor de 60 mm para una m\u00e1xima estabilidad. Equipado con dos pies robustos, este marco de una sola cara se mantiene en pie sin esfuerzo en cualquier ubicaci\u00f3n deseada.<\/p>\n<p>Puede elegir entre dos materiales de alta calidad para la lona de su marco LED:<\/p>\n<ul>\n<li><strong>Samba Backlit<\/strong>: Esta lona de poli\u00e9ster es conocida por sus colores intensos y su claridad. Est\u00e1 especialmente dise\u00f1ada para brillar en marcos iluminados, lo que garantiza que su mensaje siempre se transmita de forma clara y v\u00edvida. Incluye certificado B1 para su seguridad contra incendios.<\/li>\n<li><strong>LumiTex<\/strong>: Poli\u00e9ster inodoro y sin arrugas con hilos extra finos y una doble capa de tinta. LumiTex ofrece una claridad excepcional y es perfecto para su uso en aplicaciones iluminadas, haciendo que sus visuales siempre luzcan profesionales y n\u00edtidos.<\/li>\n<\/ul>\n<p>&nbsp;<\/p>\n<h3>Diferencias entre Samba Backlit y LumiTex<\/h3>\n<p>La diferencia entre Samba Backlit y LumiTex est\u00e1 relacionada principalmente con la t\u00e9cnica de impresi\u00f3n. La lona Samba se suministra con una impresi\u00f3n UV al 200% y LumiTex consiste en una impresi\u00f3n por sublimaci\u00f3n al 200%. La desventaja de una impresi\u00f3n UV es que las capas dobles de tinta emiten un fuerte olor (temporal). LumiTex, por el contrario, es inodoro y no se arruga.<br \/>\nAdem\u00e1s, la impresi\u00f3n en lona LumiTex es algo m\u00e1s duradera en comparaci\u00f3n con Samba Backlit. Las tintas utilizadas son a base de agua. Adem\u00e1s, LumiTex (al igual que Samba Backlit) no contiene PVC y es reciclable.<\/p>\n<p>La \u00faltima diferencia caracter\u00edstica entre ambas lonas es que Samba Backlit cuenta con un recubrimiento. Gracias a este recubrimiento, Samba Backlit tambi\u00e9n se puede utilizar en exteriores por per\u00edodos cortos. LumiTex es exclusivamente adecuado para aplicaciones en interiores.<\/p>\n<h3>Accesorios incluidos<\/h3>\n<p>Cada detalle ha sido cuidadosamente dise\u00f1ado para optimizar su experiencia. La bolsa incluida garantiza un f\u00e1cil transporte y almacenamiento, mientras que los guantes y la herramienta e-lock garantizan seguridad y eficiencia al montar su marco LED Pop-up.<\/p>\n<p>Transforme su mensaje con visuales claros y v\u00edvidos y cause una impresi\u00f3n duradera en su audiencia. Elija el marco LED Pop-up y deje que su presentaci\u00f3n brille con el esplendor de la tecnolog\u00eda moderna.<\/p>\n","protected":false},"excerpt":{"rendered":"<h3>Su impresi\u00f3n iluminada de forma intensa<\/h3>\n<p>\u00a1El marco independiente que pone su impresi\u00f3n bajo los focos! Este sistema es muy ligero y, por tanto, f\u00e1cil de transportar. La iluminaci\u00f3n LED garantiza una iluminaci\u00f3n intensa de su impresi\u00f3n. \u00bfCansado de la impresi\u00f3n? Puede pedir f\u00e1cilmente la impresi\u00f3n por separado y cambiarla usted mismo. Configure su marco LED Pop-up en unos pocos pasos a continuaci\u00f3n. \u00a1Atenci\u00f3n! Equipado con una impresi\u00f3n de <strong>una sola cara<\/strong>. La Pop-up Ledbox con impresi\u00f3n de <strong>doble cara<\/strong> se puede pedir <a href=\"https:\/\/www.amstelprinting.nl\/es\/tienda\/feria-y-evento\/paredes-de-exposicion-iluminadas\/marco-pixlip-go\/?lang=es\">aqu\u00ed<\/a>.<\/p>\n","protected":false},"featured_media":14944,"template":"","meta":{"_et_pb_use_builder":"","_et_pb_old_content":"","_et_gb_content_width":""},"product_brand":[],"product_cat":[431,399,382,379],"product_tag":[],"class_list":{"0":"post-14943","1":"product","2":"type-product","3":"status-publish","4":"has-post-thumbnail","6":"product_cat-feria-y-evento","7":"product_cat-paredes-de-exposicion-iluminadas","8":"product_cat-presentacion","9":"product_cat-publicidad-interior","11":"first","12":"instock","13":"taxable","14":"shipping-taxable","15":"purchasable","16":"product-type-simple"},"yoast_head":"<!-- This site is optimized with the Yoast SEO plugin v27.3 - https:\/\/yoast.com\/product\/yoast-seo-wordpress\/ -->\n<title>Comprar marco LED Pop-up - Pantalla con iluminaci\u00f3n potente<\/title>\n<meta name=\"description\" content=\"Transforme su presentaci\u00f3n con un marco LED Pop-up ligero como una pluma. Iluminaci\u00f3n LED intensiva, impresiones f\u00e1cilmente intercambiables, incl. bolsa de transporte y accesorios.\" \/>\n<meta name=\"robots\" content=\"index, follow, max-snippet:-1, max-image-preview:large, max-video-preview:-1\" \/>\n<link rel=\"canonical\" href=\"https:\/\/www.amstelprinting.nl\/es\/tienda\/feria-y-evento\/paredes-de-exposicion-iluminadas\/marco-led-pop-up\/\" \/>\n<meta property=\"og:locale\" content=\"es_ES\" \/>\n<meta property=\"og:type\" content=\"article\" \/>\n<meta property=\"og:title\" content=\"Comprar marco LED Pop-up - Pantalla con iluminaci\u00f3n potente\" \/>\n<meta property=\"og:description\" content=\"Transforme su presentaci\u00f3n con un marco LED Pop-up ligero como una pluma. Iluminaci\u00f3n LED intensiva, impresiones f\u00e1cilmente intercambiables, incl. bolsa de transporte y accesorios.\" \/>\n<meta property=\"og:url\" content=\"https:\/\/www.amstelprinting.nl\/es\/tienda\/feria-y-evento\/paredes-de-exposicion-iluminadas\/marco-led-pop-up\/\" \/>\n<meta property=\"og:site_name\" content=\"Amstel Printing\" \/>\n<meta property=\"article:modified_time\" content=\"2026-02-18T11:48:15+00:00\" \/>\n<meta property=\"og:image\" content=\"https:\/\/www.amstelprinting.nl\/wp-content\/uploads\/pop-up-led-frame-bedrukken.png\" \/>\n\t<meta property=\"og:image:width\" content=\"900\" \/>\n\t<meta property=\"og:image:height\" content=\"900\" \/>\n\t<meta property=\"og:image:type\" content=\"image\/png\" \/>\n<meta name=\"twitter:card\" content=\"summary_large_image\" \/>\n<meta name=\"twitter:label1\" content=\"Tiempo de lectura\" \/>\n\t<meta name=\"twitter:data1\" content=\"2 minutos\" \/>\n<script type=\"application\/ld+json\" class=\"yoast-schema-graph\">{\"@context\":\"https:\\\/\\\/schema.org\",\"@graph\":[{\"@type\":\"WebPage\",\"@id\":\"https:\\\/\\\/www.amstelprinting.nl\\\/es\\\/tienda\\\/feria-y-evento\\\/paredes-de-exposicion-iluminadas\\\/marco-led-pop-up\\\/\",\"url\":\"https:\\\/\\\/www.amstelprinting.nl\\\/es\\\/tienda\\\/feria-y-evento\\\/paredes-de-exposicion-iluminadas\\\/marco-led-pop-up\\\/\",\"name\":\"Comprar marco LED Pop-up - Pantalla con iluminaci\u00f3n potente\",\"isPartOf\":{\"@id\":\"https:\\\/\\\/www.amstelprinting.nl\\\/es\\\/#website\"},\"primaryImageOfPage\":{\"@id\":\"https:\\\/\\\/www.amstelprinting.nl\\\/es\\\/tienda\\\/feria-y-evento\\\/paredes-de-exposicion-iluminadas\\\/marco-led-pop-up\\\/#primaryimage\"},\"image\":{\"@id\":\"https:\\\/\\\/www.amstelprinting.nl\\\/es\\\/tienda\\\/feria-y-evento\\\/paredes-de-exposicion-iluminadas\\\/marco-led-pop-up\\\/#primaryimage\"},\"thumbnailUrl\":\"https:\\\/\\\/www.amstelprinting.nl\\\/wp-content\\\/uploads\\\/pop-up-led-frame-bedrukken.png\",\"datePublished\":\"2025-01-24T10:27:27+00:00\",\"dateModified\":\"2026-02-18T11:48:15+00:00\",\"description\":\"Transforme su presentaci\u00f3n con un marco LED Pop-up ligero como una pluma. Iluminaci\u00f3n LED intensiva, impresiones f\u00e1cilmente intercambiables, incl. bolsa de transporte y accesorios.\",\"breadcrumb\":{\"@id\":\"https:\\\/\\\/www.amstelprinting.nl\\\/es\\\/tienda\\\/feria-y-evento\\\/paredes-de-exposicion-iluminadas\\\/marco-led-pop-up\\\/#breadcrumb\"},\"inLanguage\":\"es\",\"potentialAction\":[{\"@type\":\"ReadAction\",\"target\":[\"https:\\\/\\\/www.amstelprinting.nl\\\/es\\\/tienda\\\/feria-y-evento\\\/paredes-de-exposicion-iluminadas\\\/marco-led-pop-up\\\/\"]}]},{\"@type\":\"ImageObject\",\"inLanguage\":\"es\",\"@id\":\"https:\\\/\\\/www.amstelprinting.nl\\\/es\\\/tienda\\\/feria-y-evento\\\/paredes-de-exposicion-iluminadas\\\/marco-led-pop-up\\\/#primaryimage\",\"url\":\"https:\\\/\\\/www.amstelprinting.nl\\\/wp-content\\\/uploads\\\/pop-up-led-frame-bedrukken.png\",\"contentUrl\":\"https:\\\/\\\/www.amstelprinting.nl\\\/wp-content\\\/uploads\\\/pop-up-led-frame-bedrukken.png\",\"width\":900,\"height\":900},{\"@type\":\"BreadcrumbList\",\"@id\":\"https:\\\/\\\/www.amstelprinting.nl\\\/es\\\/tienda\\\/feria-y-evento\\\/paredes-de-exposicion-iluminadas\\\/marco-led-pop-up\\\/#breadcrumb\",\"itemListElement\":[{\"@type\":\"ListItem\",\"position\":1,\"name\":\"\",\"item\":\"https:\\\/\\\/www.amstelprinting.nl\\\/es\\\/\"},{\"@type\":\"ListItem\",\"position\":2,\"name\":\"Amstel Printing\",\"item\":\"https:\\\/\\\/www.amstelprinting.nl\\\/es\\\/comercio\\\/\"},{\"@type\":\"ListItem\",\"position\":3,\"name\":\"Publicidad interior\",\"item\":\"https:\\\/\\\/www.amstelprinting.nl\\\/es\\\/categor\u00eda\\\/publicidad-interior\\\/\"},{\"@type\":\"ListItem\",\"position\":4,\"name\":\"Presentaci\u00f3n\",\"item\":\"https:\\\/\\\/www.amstelprinting.nl\\\/es\\\/categor\u00eda\\\/publicidad-interior\\\/presentacion\\\/\"},{\"@type\":\"ListItem\",\"position\":5,\"name\":\"Marco LED Pop-up\"}]},{\"@type\":\"WebSite\",\"@id\":\"https:\\\/\\\/www.amstelprinting.nl\\\/es\\\/#website\",\"url\":\"https:\\\/\\\/www.amstelprinting.nl\\\/es\\\/\",\"name\":\"Amstel Printing\",\"description\":\"Creating Exposure\",\"publisher\":{\"@id\":\"https:\\\/\\\/www.amstelprinting.nl\\\/es\\\/#organization\"},\"potentialAction\":[{\"@type\":\"SearchAction\",\"target\":{\"@type\":\"EntryPoint\",\"urlTemplate\":\"https:\\\/\\\/www.amstelprinting.nl\\\/es\\\/?s={search_term_string}\"},\"query-input\":{\"@type\":\"PropertyValueSpecification\",\"valueRequired\":true,\"valueName\":\"search_term_string\"}}],\"inLanguage\":\"es\"},{\"@type\":\"Organization\",\"@id\":\"https:\\\/\\\/www.amstelprinting.nl\\\/es\\\/#organization\",\"name\":\"Amstel Printing\",\"url\":\"https:\\\/\\\/www.amstelprinting.nl\\\/es\\\/\",\"logo\":{\"@type\":\"ImageObject\",\"inLanguage\":\"es\",\"@id\":\"https:\\\/\\\/www.amstelprinting.nl\\\/es\\\/#\\\/schema\\\/logo\\\/image\\\/\",\"url\":\"https:\\\/\\\/www.amstelprinting.nl\\\/wp-content\\\/uploads\\\/amstel_printing_logo_clean.png\",\"contentUrl\":\"https:\\\/\\\/www.amstelprinting.nl\\\/wp-content\\\/uploads\\\/amstel_printing_logo_clean.png\",\"width\":324,\"height\":73,\"caption\":\"Amstel Printing\"},\"image\":{\"@id\":\"https:\\\/\\\/www.amstelprinting.nl\\\/es\\\/#\\\/schema\\\/logo\\\/image\\\/\"}}]}<\/script>\n<!-- \/ Yoast SEO plugin. -->","yoast_head_json":{"title":"Comprar marco LED Pop-up - Pantalla con iluminaci\u00f3n potente","description":"Transforme su presentaci\u00f3n con un marco LED Pop-up ligero como una pluma. Iluminaci\u00f3n LED intensiva, impresiones f\u00e1cilmente intercambiables, incl. bolsa de transporte y accesorios.","robots":{"index":"index","follow":"follow","max-snippet":"max-snippet:-1","max-image-preview":"max-image-preview:large","max-video-preview":"max-video-preview:-1"},"canonical":"https:\/\/www.amstelprinting.nl\/es\/tienda\/feria-y-evento\/paredes-de-exposicion-iluminadas\/marco-led-pop-up\/","og_locale":"es_ES","og_type":"article","og_title":"Comprar marco LED Pop-up - Pantalla con iluminaci\u00f3n potente","og_description":"Transforme su presentaci\u00f3n con un marco LED Pop-up ligero como una pluma. Iluminaci\u00f3n LED intensiva, impresiones f\u00e1cilmente intercambiables, incl. bolsa de transporte y accesorios.","og_url":"https:\/\/www.amstelprinting.nl\/es\/tienda\/feria-y-evento\/paredes-de-exposicion-iluminadas\/marco-led-pop-up\/","og_site_name":"Amstel Printing","article_modified_time":"2026-02-18T11:48:15+00:00","og_image":[{"width":900,"height":900,"url":"https:\/\/www.amstelprinting.nl\/wp-content\/uploads\/pop-up-led-frame-bedrukken.png","type":"image\/png"}],"twitter_card":"summary_large_image","twitter_misc":{"Tiempo de lectura":"2 minutos"},"schema":{"@context":"https:\/\/schema.org","@graph":[{"@type":"WebPage","@id":"https:\/\/www.amstelprinting.nl\/es\/tienda\/feria-y-evento\/paredes-de-exposicion-iluminadas\/marco-led-pop-up\/","url":"https:\/\/www.amstelprinting.nl\/es\/tienda\/feria-y-evento\/paredes-de-exposicion-iluminadas\/marco-led-pop-up\/","name":"Comprar marco LED Pop-up - Pantalla con iluminaci\u00f3n potente","isPartOf":{"@id":"https:\/\/www.amstelprinting.nl\/es\/#website"},"primaryImageOfPage":{"@id":"https:\/\/www.amstelprinting.nl\/es\/tienda\/feria-y-evento\/paredes-de-exposicion-iluminadas\/marco-led-pop-up\/#primaryimage"},"image":{"@id":"https:\/\/www.amstelprinting.nl\/es\/tienda\/feria-y-evento\/paredes-de-exposicion-iluminadas\/marco-led-pop-up\/#primaryimage"},"thumbnailUrl":"https:\/\/www.amstelprinting.nl\/wp-content\/uploads\/pop-up-led-frame-bedrukken.png","datePublished":"2025-01-24T10:27:27+00:00","dateModified":"2026-02-18T11:48:15+00:00","description":"Transforme su presentaci\u00f3n con un marco LED Pop-up ligero como una pluma. Iluminaci\u00f3n LED intensiva, impresiones f\u00e1cilmente intercambiables, incl. bolsa de transporte y accesorios.","breadcrumb":{"@id":"https:\/\/www.amstelprinting.nl\/es\/tienda\/feria-y-evento\/paredes-de-exposicion-iluminadas\/marco-led-pop-up\/#breadcrumb"},"inLanguage":"es","potentialAction":[{"@type":"ReadAction","target":["https:\/\/www.amstelprinting.nl\/es\/tienda\/feria-y-evento\/paredes-de-exposicion-iluminadas\/marco-led-pop-up\/"]}]},{"@type":"ImageObject","inLanguage":"es","@id":"https:\/\/www.amstelprinting.nl\/es\/tienda\/feria-y-evento\/paredes-de-exposicion-iluminadas\/marco-led-pop-up\/#primaryimage","url":"https:\/\/www.amstelprinting.nl\/wp-content\/uploads\/pop-up-led-frame-bedrukken.png","contentUrl":"https:\/\/www.amstelprinting.nl\/wp-content\/uploads\/pop-up-led-frame-bedrukken.png","width":900,"height":900},{"@type":"BreadcrumbList","@id":"https:\/\/www.amstelprinting.nl\/es\/tienda\/feria-y-evento\/paredes-de-exposicion-iluminadas\/marco-led-pop-up\/#breadcrumb","itemListElement":[{"@type":"ListItem","position":1,"name":"","item":"https:\/\/www.amstelprinting.nl\/es\/"},{"@type":"ListItem","position":2,"name":"Amstel Printing","item":"https:\/\/www.amstelprinting.nl\/es\/comercio\/"},{"@type":"ListItem","position":3,"name":"Publicidad interior","item":"https:\/\/www.amstelprinting.nl\/es\/categor\u00eda\/publicidad-interior\/"},{"@type":"ListItem","position":4,"name":"Presentaci\u00f3n","item":"https:\/\/www.amstelprinting.nl\/es\/categor\u00eda\/publicidad-interior\/presentacion\/"},{"@type":"ListItem","position":5,"name":"Marco LED Pop-up"}]},{"@type":"WebSite","@id":"https:\/\/www.amstelprinting.nl\/es\/#website","url":"https:\/\/www.amstelprinting.nl\/es\/","name":"Amstel Printing","description":"Creating Exposure","publisher":{"@id":"https:\/\/www.amstelprinting.nl\/es\/#organization"},"potentialAction":[{"@type":"SearchAction","target":{"@type":"EntryPoint","urlTemplate":"https:\/\/www.amstelprinting.nl\/es\/?s={search_term_string}"},"query-input":{"@type":"PropertyValueSpecification","valueRequired":true,"valueName":"search_term_string"}}],"inLanguage":"es"},{"@type":"Organization","@id":"https:\/\/www.amstelprinting.nl\/es\/#organization","name":"Amstel Printing","url":"https:\/\/www.amstelprinting.nl\/es\/","logo":{"@type":"ImageObject","inLanguage":"es","@id":"https:\/\/www.amstelprinting.nl\/es\/#\/schema\/logo\/image\/","url":"https:\/\/www.amstelprinting.nl\/wp-content\/uploads\/amstel_printing_logo_clean.png","contentUrl":"https:\/\/www.amstelprinting.nl\/wp-content\/uploads\/amstel_printing_logo_clean.png","width":324,"height":73,"caption":"Amstel Printing"},"image":{"@id":"https:\/\/www.amstelprinting.nl\/es\/#\/schema\/logo\/image\/"}}]}},"_links":{"self":[{"href":"https:\/\/www.amstelprinting.nl\/es\/wp-json\/wp\/v2\/product\/14943","targetHints":{"allow":["GET"]}}],"collection":[{"href":"https:\/\/www.amstelprinting.nl\/es\/wp-json\/wp\/v2\/product"}],"about":[{"href":"https:\/\/www.amstelprinting.nl\/es\/wp-json\/wp\/v2\/types\/product"}],"wp:featuredmedia":[{"embeddable":true,"href":"https:\/\/www.amstelprinting.nl\/es\/wp-json\/wp\/v2\/media\/14944"}],"wp:attachment":[{"href":"https:\/\/www.amstelprinting.nl\/es\/wp-json\/wp\/v2\/media?parent=14943"}],"wp:term":[{"taxonomy":"product_brand","embeddable":true,"href":"https:\/\/www.amstelprinting.nl\/es\/wp-json\/wp\/v2\/product_brand?post=14943"},{"taxonomy":"product_cat","embeddable":true,"href":"https:\/\/www.amstelprinting.nl\/es\/wp-json\/wp\/v2\/product_cat?post=14943"},{"taxonomy":"product_tag","embeddable":true,"href":"https:\/\/www.amstelprinting.nl\/es\/wp-json\/wp\/v2\/product_tag?post=14943"}],"curies":[{"name":"wp","href":"https:\/\/api.w.org\/{rel}","templated":true}]}}