{"id":14953,"date":"2025-01-24T11:27:23","date_gmt":"2025-01-24T10:27:23","guid":{"rendered":"https:\/\/www.amstelprinting.nl\/winkel\/sin%20categor\u00eda\/pixlip-go-frame\/"},"modified":"2026-02-18T12:48:16","modified_gmt":"2026-02-18T11:48:16","slug":"marco-pixlip-go","status":"publish","type":"product","link":"https:\/\/www.amstelprinting.nl\/es\/tienda\/feria-y-evento\/paredes-de-exposicion-iluminadas\/marco-pixlip-go\/","title":{"rendered":"Marco Pixlip Go"},"content":{"rendered":"<h3>Ventajas<\/h3>\n<ul>\n<li>Impresi\u00f3n a doble cara<\/li>\n<li>Montaje en menos de 5 minutos<\/li>\n<li>Disponible en 4 formatos fijos<\/li>\n<li>Sostenible: fabricado con pl\u00e1stico reciclado<\/li>\n<li>F\u00e1cil de transportar mediante la bolsa de transporte incluida<\/li>\n<li>Complem\u00e9ntelo con un portafolletos opcional<\/li>\n<li>Ign\u00edfugo: cuenta con certificaci\u00f3n de incendios B1<\/li>\n<\/ul>\n<p>&nbsp;<\/p>\n<h3>Pedir el marco Pixlip Go<\/h3>\n<p>\u00a1Haga que su presentaci\u00f3n cobre vida con el marco Pixlip Go, la soluci\u00f3n definitiva para una comunicaci\u00f3n visual profesional e impresionante! El marco Pixlip Go no solo es llamativo y elegante, sino tambi\u00e9n incre\u00edblemente f\u00e1cil de transportar y montar. Ya sea que organice un stand de feria, una presentaci\u00f3n en tienda o un evento corporativo, este innovador sistema de exposici\u00f3n a doble cara ofrece la soluci\u00f3n perfecta para sus necesidades de comunicaci\u00f3n visual.<\/p>\n<h3>Formatos y materiales<\/h3>\n<p>El marco Pixlip Go ofrece versatilidad y flexibilidad en varios formatos, adapt\u00e1ndose perfectamente a todos sus deseos de presentaci\u00f3n.<\/p>\n<ul>\n<li><strong>Mostrador de feria Pixlip<\/strong> &#8211; Est\u00e1 disponible como mostrador compacto (ver mostrador Pixlip Go) con unas dimensiones de 100 cm x 100 cm y un tablero de trabajo con una profundidad de 40 cm. Ideal para presentaciones funcionales y profesionales.<\/li>\n<li><strong>Marco LED Pixlip Go<\/strong> &#8211; Adem\u00e1s, puede elegir entre tres formatos de marco: 100 cm x 200 cm, 100 cm x 250 cm y 200 cm x 250 cm, para que siempre tenga el tama\u00f1o adecuado para cada presentaci\u00f3n, ya sea un peque\u00f1o expositor o un gran stand de feria.<\/li>\n<\/ul>\n<p>&nbsp;<br \/>\nPara el marco Pixlip Go, puede elegir entre dos materiales de alta calidad para la lona con perfil de silicona: Samba Backlit y LumiTex. Consta de dos lonas que se colocan tanto en la parte delantera como en la trasera del marco, lo que hace que su presentaci\u00f3n sea visible desde todos los lados.<\/p>\n<p><strong>Samba Backlit<\/strong>: Esta lona de poli\u00e9ster es conocida por sus colores intensos y su brillo. Est\u00e1 especialmente dise\u00f1ada para brillar en los marcos Pixlip iluminados, asegurando que su mensaje se transmita siempre de forma clara y v\u00edvida.<\/p>\n<p><strong>LumiTex<\/strong>: Fabricada en 100% poli\u00e9ster con hilos extra finos y una doble capa de tinta. LumiTex ofrece una claridad excepcional y es perfecta para su uso en aplicaciones Pixlip iluminadas, haciendo que sus visuales siempre se vean profesionales y n\u00edtidos.<\/p>\n<h3>Diferencias entre Samba Backlit y LumiTex<\/h3>\n<p>La diferencia entre Samba Backlit y LumiTex est\u00e1 relacionada principalmente con la t\u00e9cnica de impresi\u00f3n. La lona Samba se suministra con una lona de impresi\u00f3n UV al 200% y LumiTex se trata de una impresi\u00f3n por sublimaci\u00f3n al 200%. La desventaja de una impresi\u00f3n UV es que las capas dobles de tinta emiten un olor fuerte (temporal). LumiTex, por el contrario, no tiene olor y no se arruga.<br \/>\nAdem\u00e1s, la impresi\u00f3n en la lona LumiTex es algo m\u00e1s duradera en comparaci\u00f3n con la de Samba Backlit. Las tintas utilizadas son a base de agua. Adem\u00e1s, LumiTex (al igual que Samba Backlit) tambi\u00e9n est\u00e1 libre de PVC y es reciclable.<\/p>\n<p>La \u00faltima diferencia caracter\u00edstica entre ambas lonas es que Samba Backlit cuenta con un revestimiento. Gracias a este revestimiento, Samba Backlit tambi\u00e9n se puede utilizar en exteriores por per\u00edodos cortos. LumiTex es exclusivamente adecuado para aplicaciones en interiores.<\/p>\n<h3>Accesorios Pixlip<\/h3>\n<p>Complete su presentaci\u00f3n con pr\u00e1cticos accesorios dise\u00f1ados espec\u00edficamente para el marco Pixlip Go. La herramienta E-locktool garantiza un montaje sencillo de la lona en el marco Pixlip. \u00bfDesea conectar varios marcos de forma fluida? Entonces elija el Flexx Connector.<br \/>\nCon el marco Pixlip Go, siempre estar\u00e1 listo para dejar una impresi\u00f3n duradera. Combina sencillez, flexibilidad y profesionalidad en un solo sistema f\u00e1cil de usar. \u00a1Ponga su mensaje bajo los focos e impresione a su audiencia con el marco Pixlip Go!<\/p>\n<h3>Preguntas frecuentes<\/h3>\n<p><strong>\u00bfCu\u00e1ntas lonas con perfil de silicona recibir\u00e9 y es posible cargar varios dise\u00f1os?<\/strong><br \/>\nRecibir\u00e1 dos lonas con perfil de silicona: una para la parte delantera y otra para la trasera. Ambas pueden tener un dise\u00f1o diferente.<\/p>\n<p><strong>\u00bfEs posible pedir este producto en un formato diferente?<\/strong><br \/>\nS\u00ed, los formatos personalizados son ciertamente posibles. P\u00f3ngase en contacto con nuestro servicio de atenci\u00f3n al cliente para obtener m\u00e1s informaci\u00f3n y un presupuesto personalizado.<\/p>\n","protected":false},"excerpt":{"rendered":"<h3>Marco LED f\u00e1cil de transportar con impresi\u00f3n a doble cara<\/h3>\n<p>\u00a1El marco autoportante que pone su impresi\u00f3n bajo los focos por ambos lados! El marco Pixlip Go es muy ligero y, por lo tanto, f\u00e1cil de transportar. La iluminaci\u00f3n LED garantiza una iluminaci\u00f3n intensa de sus impresiones. \u00bfSe ha cansado de las impresiones? Puede pedir f\u00e1cilmente las impresiones sueltas y cambiarlas usted mismo. Configure su marco Pixlip Go en pocos pasos a continuaci\u00f3n.<\/p>\n","protected":false},"featured_media":14954,"template":"","meta":{"_et_pb_use_builder":"","_et_pb_old_content":"","_et_gb_content_width":""},"product_brand":[],"product_cat":[431,399,382,379],"product_tag":[],"class_list":{"0":"post-14953","1":"product","2":"type-product","3":"status-publish","4":"has-post-thumbnail","6":"product_cat-feria-y-evento","7":"product_cat-paredes-de-exposicion-iluminadas","8":"product_cat-presentacion","9":"product_cat-publicidad-interior","11":"first","12":"instock","13":"taxable","14":"shipping-taxable","15":"purchasable","16":"product-type-simple"},"yoast_head":"<!-- This site is optimized with the Yoast SEO plugin v27.3 - https:\/\/yoast.com\/product\/yoast-seo-wordpress\/ -->\n<title>Marco Pixlip Go | Amstel Printing<\/title>\n<meta name=\"robots\" content=\"index, follow, max-snippet:-1, max-image-preview:large, max-video-preview:-1\" \/>\n<link rel=\"canonical\" href=\"https:\/\/www.amstelprinting.nl\/es\/tienda\/feria-y-evento\/paredes-de-exposicion-iluminadas\/marco-pixlip-go\/\" \/>\n<meta property=\"og:locale\" content=\"es_ES\" \/>\n<meta property=\"og:type\" content=\"article\" \/>\n<meta property=\"og:title\" content=\"Marco Pixlip Go | Amstel Printing\" \/>\n<meta property=\"og:description\" content=\"Marco LED f\u00e1cil de transportar con impresi\u00f3n a doble cara \u00a1El marco autoportante que pone su impresi\u00f3n bajo los focos por ambos lados! El marco Pixlip Go es muy ligero y, por lo tanto, f\u00e1cil de transportar. La iluminaci\u00f3n LED garantiza una iluminaci\u00f3n intensa de sus impresiones. \u00bfSe ha cansado de las impresiones? Puede pedir f\u00e1cilmente las impresiones sueltas y cambiarlas usted mismo. Configure su marco Pixlip Go en pocos pasos a continuaci\u00f3n.\" \/>\n<meta property=\"og:url\" content=\"https:\/\/www.amstelprinting.nl\/es\/tienda\/feria-y-evento\/paredes-de-exposicion-iluminadas\/marco-pixlip-go\/\" \/>\n<meta property=\"og:site_name\" content=\"Amstel Printing\" \/>\n<meta property=\"article:modified_time\" content=\"2026-02-18T11:48:16+00:00\" \/>\n<meta property=\"og:image\" content=\"https:\/\/www.amstelprinting.nl\/wp-content\/uploads\/pixlip-go-frame-bedrukken.png\" \/>\n\t<meta property=\"og:image:width\" content=\"900\" \/>\n\t<meta property=\"og:image:height\" content=\"900\" \/>\n\t<meta property=\"og:image:type\" content=\"image\/png\" \/>\n<meta name=\"twitter:card\" content=\"summary_large_image\" \/>\n<meta name=\"twitter:label1\" content=\"Tiempo de lectura\" \/>\n\t<meta name=\"twitter:data1\" content=\"4 minutos\" \/>\n<script type=\"application\/ld+json\" class=\"yoast-schema-graph\">{\"@context\":\"https:\\\/\\\/schema.org\",\"@graph\":[{\"@type\":\"WebPage\",\"@id\":\"https:\\\/\\\/www.amstelprinting.nl\\\/es\\\/tienda\\\/feria-y-evento\\\/paredes-de-exposicion-iluminadas\\\/marco-pixlip-go\\\/\",\"url\":\"https:\\\/\\\/www.amstelprinting.nl\\\/es\\\/tienda\\\/feria-y-evento\\\/paredes-de-exposicion-iluminadas\\\/marco-pixlip-go\\\/\",\"name\":\"Marco Pixlip Go | Amstel Printing\",\"isPartOf\":{\"@id\":\"https:\\\/\\\/www.amstelprinting.nl\\\/es\\\/#website\"},\"primaryImageOfPage\":{\"@id\":\"https:\\\/\\\/www.amstelprinting.nl\\\/es\\\/tienda\\\/feria-y-evento\\\/paredes-de-exposicion-iluminadas\\\/marco-pixlip-go\\\/#primaryimage\"},\"image\":{\"@id\":\"https:\\\/\\\/www.amstelprinting.nl\\\/es\\\/tienda\\\/feria-y-evento\\\/paredes-de-exposicion-iluminadas\\\/marco-pixlip-go\\\/#primaryimage\"},\"thumbnailUrl\":\"https:\\\/\\\/www.amstelprinting.nl\\\/wp-content\\\/uploads\\\/pixlip-go-frame-bedrukken.png\",\"datePublished\":\"2025-01-24T10:27:23+00:00\",\"dateModified\":\"2026-02-18T11:48:16+00:00\",\"breadcrumb\":{\"@id\":\"https:\\\/\\\/www.amstelprinting.nl\\\/es\\\/tienda\\\/feria-y-evento\\\/paredes-de-exposicion-iluminadas\\\/marco-pixlip-go\\\/#breadcrumb\"},\"inLanguage\":\"es\",\"potentialAction\":[{\"@type\":\"ReadAction\",\"target\":[\"https:\\\/\\\/www.amstelprinting.nl\\\/es\\\/tienda\\\/feria-y-evento\\\/paredes-de-exposicion-iluminadas\\\/marco-pixlip-go\\\/\"]}]},{\"@type\":\"ImageObject\",\"inLanguage\":\"es\",\"@id\":\"https:\\\/\\\/www.amstelprinting.nl\\\/es\\\/tienda\\\/feria-y-evento\\\/paredes-de-exposicion-iluminadas\\\/marco-pixlip-go\\\/#primaryimage\",\"url\":\"https:\\\/\\\/www.amstelprinting.nl\\\/wp-content\\\/uploads\\\/pixlip-go-frame-bedrukken.png\",\"contentUrl\":\"https:\\\/\\\/www.amstelprinting.nl\\\/wp-content\\\/uploads\\\/pixlip-go-frame-bedrukken.png\",\"width\":900,\"height\":900},{\"@type\":\"BreadcrumbList\",\"@id\":\"https:\\\/\\\/www.amstelprinting.nl\\\/es\\\/tienda\\\/feria-y-evento\\\/paredes-de-exposicion-iluminadas\\\/marco-pixlip-go\\\/#breadcrumb\",\"itemListElement\":[{\"@type\":\"ListItem\",\"position\":1,\"name\":\"\",\"item\":\"https:\\\/\\\/www.amstelprinting.nl\\\/es\\\/\"},{\"@type\":\"ListItem\",\"position\":2,\"name\":\"Amstel Printing\",\"item\":\"https:\\\/\\\/www.amstelprinting.nl\\\/es\\\/comercio\\\/\"},{\"@type\":\"ListItem\",\"position\":3,\"name\":\"Publicidad interior\",\"item\":\"https:\\\/\\\/www.amstelprinting.nl\\\/es\\\/categor\u00eda\\\/publicidad-interior\\\/\"},{\"@type\":\"ListItem\",\"position\":4,\"name\":\"Presentaci\u00f3n\",\"item\":\"https:\\\/\\\/www.amstelprinting.nl\\\/es\\\/categor\u00eda\\\/publicidad-interior\\\/presentacion\\\/\"},{\"@type\":\"ListItem\",\"position\":5,\"name\":\"Marco Pixlip Go\"}]},{\"@type\":\"WebSite\",\"@id\":\"https:\\\/\\\/www.amstelprinting.nl\\\/es\\\/#website\",\"url\":\"https:\\\/\\\/www.amstelprinting.nl\\\/es\\\/\",\"name\":\"Amstel Printing\",\"description\":\"Creating Exposure\",\"publisher\":{\"@id\":\"https:\\\/\\\/www.amstelprinting.nl\\\/es\\\/#organization\"},\"potentialAction\":[{\"@type\":\"SearchAction\",\"target\":{\"@type\":\"EntryPoint\",\"urlTemplate\":\"https:\\\/\\\/www.amstelprinting.nl\\\/es\\\/?s={search_term_string}\"},\"query-input\":{\"@type\":\"PropertyValueSpecification\",\"valueRequired\":true,\"valueName\":\"search_term_string\"}}],\"inLanguage\":\"es\"},{\"@type\":\"Organization\",\"@id\":\"https:\\\/\\\/www.amstelprinting.nl\\\/es\\\/#organization\",\"name\":\"Amstel Printing\",\"url\":\"https:\\\/\\\/www.amstelprinting.nl\\\/es\\\/\",\"logo\":{\"@type\":\"ImageObject\",\"inLanguage\":\"es\",\"@id\":\"https:\\\/\\\/www.amstelprinting.nl\\\/es\\\/#\\\/schema\\\/logo\\\/image\\\/\",\"url\":\"https:\\\/\\\/www.amstelprinting.nl\\\/wp-content\\\/uploads\\\/amstel_printing_logo_clean.png\",\"contentUrl\":\"https:\\\/\\\/www.amstelprinting.nl\\\/wp-content\\\/uploads\\\/amstel_printing_logo_clean.png\",\"width\":324,\"height\":73,\"caption\":\"Amstel Printing\"},\"image\":{\"@id\":\"https:\\\/\\\/www.amstelprinting.nl\\\/es\\\/#\\\/schema\\\/logo\\\/image\\\/\"}}]}<\/script>\n<!-- \/ Yoast SEO plugin. -->","yoast_head_json":{"title":"Marco Pixlip Go | Amstel Printing","robots":{"index":"index","follow":"follow","max-snippet":"max-snippet:-1","max-image-preview":"max-image-preview:large","max-video-preview":"max-video-preview:-1"},"canonical":"https:\/\/www.amstelprinting.nl\/es\/tienda\/feria-y-evento\/paredes-de-exposicion-iluminadas\/marco-pixlip-go\/","og_locale":"es_ES","og_type":"article","og_title":"Marco Pixlip Go | Amstel Printing","og_description":"Marco LED f\u00e1cil de transportar con impresi\u00f3n a doble cara \u00a1El marco autoportante que pone su impresi\u00f3n bajo los focos por ambos lados! El marco Pixlip Go es muy ligero y, por lo tanto, f\u00e1cil de transportar. La iluminaci\u00f3n LED garantiza una iluminaci\u00f3n intensa de sus impresiones. \u00bfSe ha cansado de las impresiones? Puede pedir f\u00e1cilmente las impresiones sueltas y cambiarlas usted mismo. Configure su marco Pixlip Go en pocos pasos a continuaci\u00f3n.","og_url":"https:\/\/www.amstelprinting.nl\/es\/tienda\/feria-y-evento\/paredes-de-exposicion-iluminadas\/marco-pixlip-go\/","og_site_name":"Amstel Printing","article_modified_time":"2026-02-18T11:48:16+00:00","og_image":[{"width":900,"height":900,"url":"https:\/\/www.amstelprinting.nl\/wp-content\/uploads\/pixlip-go-frame-bedrukken.png","type":"image\/png"}],"twitter_card":"summary_large_image","twitter_misc":{"Tiempo de lectura":"4 minutos"},"schema":{"@context":"https:\/\/schema.org","@graph":[{"@type":"WebPage","@id":"https:\/\/www.amstelprinting.nl\/es\/tienda\/feria-y-evento\/paredes-de-exposicion-iluminadas\/marco-pixlip-go\/","url":"https:\/\/www.amstelprinting.nl\/es\/tienda\/feria-y-evento\/paredes-de-exposicion-iluminadas\/marco-pixlip-go\/","name":"Marco Pixlip Go | Amstel Printing","isPartOf":{"@id":"https:\/\/www.amstelprinting.nl\/es\/#website"},"primaryImageOfPage":{"@id":"https:\/\/www.amstelprinting.nl\/es\/tienda\/feria-y-evento\/paredes-de-exposicion-iluminadas\/marco-pixlip-go\/#primaryimage"},"image":{"@id":"https:\/\/www.amstelprinting.nl\/es\/tienda\/feria-y-evento\/paredes-de-exposicion-iluminadas\/marco-pixlip-go\/#primaryimage"},"thumbnailUrl":"https:\/\/www.amstelprinting.nl\/wp-content\/uploads\/pixlip-go-frame-bedrukken.png","datePublished":"2025-01-24T10:27:23+00:00","dateModified":"2026-02-18T11:48:16+00:00","breadcrumb":{"@id":"https:\/\/www.amstelprinting.nl\/es\/tienda\/feria-y-evento\/paredes-de-exposicion-iluminadas\/marco-pixlip-go\/#breadcrumb"},"inLanguage":"es","potentialAction":[{"@type":"ReadAction","target":["https:\/\/www.amstelprinting.nl\/es\/tienda\/feria-y-evento\/paredes-de-exposicion-iluminadas\/marco-pixlip-go\/"]}]},{"@type":"ImageObject","inLanguage":"es","@id":"https:\/\/www.amstelprinting.nl\/es\/tienda\/feria-y-evento\/paredes-de-exposicion-iluminadas\/marco-pixlip-go\/#primaryimage","url":"https:\/\/www.amstelprinting.nl\/wp-content\/uploads\/pixlip-go-frame-bedrukken.png","contentUrl":"https:\/\/www.amstelprinting.nl\/wp-content\/uploads\/pixlip-go-frame-bedrukken.png","width":900,"height":900},{"@type":"BreadcrumbList","@id":"https:\/\/www.amstelprinting.nl\/es\/tienda\/feria-y-evento\/paredes-de-exposicion-iluminadas\/marco-pixlip-go\/#breadcrumb","itemListElement":[{"@type":"ListItem","position":1,"name":"","item":"https:\/\/www.amstelprinting.nl\/es\/"},{"@type":"ListItem","position":2,"name":"Amstel Printing","item":"https:\/\/www.amstelprinting.nl\/es\/comercio\/"},{"@type":"ListItem","position":3,"name":"Publicidad interior","item":"https:\/\/www.amstelprinting.nl\/es\/categor\u00eda\/publicidad-interior\/"},{"@type":"ListItem","position":4,"name":"Presentaci\u00f3n","item":"https:\/\/www.amstelprinting.nl\/es\/categor\u00eda\/publicidad-interior\/presentacion\/"},{"@type":"ListItem","position":5,"name":"Marco Pixlip Go"}]},{"@type":"WebSite","@id":"https:\/\/www.amstelprinting.nl\/es\/#website","url":"https:\/\/www.amstelprinting.nl\/es\/","name":"Amstel Printing","description":"Creating Exposure","publisher":{"@id":"https:\/\/www.amstelprinting.nl\/es\/#organization"},"potentialAction":[{"@type":"SearchAction","target":{"@type":"EntryPoint","urlTemplate":"https:\/\/www.amstelprinting.nl\/es\/?s={search_term_string}"},"query-input":{"@type":"PropertyValueSpecification","valueRequired":true,"valueName":"search_term_string"}}],"inLanguage":"es"},{"@type":"Organization","@id":"https:\/\/www.amstelprinting.nl\/es\/#organization","name":"Amstel Printing","url":"https:\/\/www.amstelprinting.nl\/es\/","logo":{"@type":"ImageObject","inLanguage":"es","@id":"https:\/\/www.amstelprinting.nl\/es\/#\/schema\/logo\/image\/","url":"https:\/\/www.amstelprinting.nl\/wp-content\/uploads\/amstel_printing_logo_clean.png","contentUrl":"https:\/\/www.amstelprinting.nl\/wp-content\/uploads\/amstel_printing_logo_clean.png","width":324,"height":73,"caption":"Amstel Printing"},"image":{"@id":"https:\/\/www.amstelprinting.nl\/es\/#\/schema\/logo\/image\/"}}]}},"_links":{"self":[{"href":"https:\/\/www.amstelprinting.nl\/es\/wp-json\/wp\/v2\/product\/14953","targetHints":{"allow":["GET"]}}],"collection":[{"href":"https:\/\/www.amstelprinting.nl\/es\/wp-json\/wp\/v2\/product"}],"about":[{"href":"https:\/\/www.amstelprinting.nl\/es\/wp-json\/wp\/v2\/types\/product"}],"wp:featuredmedia":[{"embeddable":true,"href":"https:\/\/www.amstelprinting.nl\/es\/wp-json\/wp\/v2\/media\/14954"}],"wp:attachment":[{"href":"https:\/\/www.amstelprinting.nl\/es\/wp-json\/wp\/v2\/media?parent=14953"}],"wp:term":[{"taxonomy":"product_brand","embeddable":true,"href":"https:\/\/www.amstelprinting.nl\/es\/wp-json\/wp\/v2\/product_brand?post=14953"},{"taxonomy":"product_cat","embeddable":true,"href":"https:\/\/www.amstelprinting.nl\/es\/wp-json\/wp\/v2\/product_cat?post=14953"},{"taxonomy":"product_tag","embeddable":true,"href":"https:\/\/www.amstelprinting.nl\/es\/wp-json\/wp\/v2\/product_tag?post=14953"}],"curies":[{"name":"wp","href":"https:\/\/api.w.org\/{rel}","templated":true}]}}