{"id":14963,"date":"2025-01-24T11:26:37","date_gmt":"2025-01-24T10:26:37","guid":{"rendered":"https:\/\/www.amstelprinting.nl\/winkel\/sin%20categor\u00eda\/pixlip-go-balie\/"},"modified":"2026-02-18T12:48:17","modified_gmt":"2026-02-18T11:48:17","slug":"mostrador-pixlip-go","status":"publish","type":"product","link":"https:\/\/www.amstelprinting.nl\/es\/tienda\/feria-y-evento\/paredes-de-exposicion-iluminadas\/mostrador-pixlip-go\/","title":{"rendered":"Mostrador Pixlip Go"},"content":{"rendered":"<h3>\u00bfPor qu\u00e9 Pixlip Go?<\/h3>\n<ul>\n<li>Impresi\u00f3n a doble cara: para una m\u00e1xima exposici\u00f3n<\/li>\n<li>Ligero y f\u00e1cil de transportar mediante la bolsa de transporte<\/li>\n<li>Disponible en dos materiales diferentes<\/li>\n<li>Montado en 5 minutos gracias al innovador sistema de conexi\u00f3n (plug-in)<\/li>\n<li>Complete el Pixlip Go con un portafolletos opcional<\/li>\n<li>Resistente al fuego: con certificaci\u00f3n de incendio B1<\/li>\n<\/ul>\n<p>&nbsp;<\/p>\n<h3>Mostrador Pixlip Go: ligero, duradero y de calidad premium<\/h3>\n<p>Descubra el Mostrador Pixlip Go, una soluci\u00f3n innovadora que no solo permite presentaciones impresionantes, sino que tambi\u00e9n destaca por su facilidad de uso. Con su sencillo sistema de montaje (plug-in) y dise\u00f1o ligero, este mostrador se monta sin esfuerzo y es f\u00e1cil de transportar a cualquier ubicaci\u00f3n deseada. El mostrador de feria Pixlip Go es la combinaci\u00f3n perfecta de funcionalidad y portabilidad, lo que lo convierte en un elemento esencial para su pr\u00f3xima feria, showroom o evento.<\/p>\n<h3>Tama\u00f1o y materiales<\/h3>\n<p>Con un tama\u00f1o fijo de 100 cm x 100 cm y una profundidad de superficie de trabajo de 40 cm, este mostrador de feria (tambi\u00e9n llamado counter o desk) ofrece tanto funcionalidad como estilo. El mostrador de feria Pixlip Go consta de dos lonas tensadas de alta calidad que se colocan tanto en la parte delantera como en la trasera del marco. De este modo, su presentaci\u00f3n es siempre visible en cualquier lugar.<\/p>\n<p>Puede elegir entre dos materiales de lona con perfil de silicona:<\/p>\n<ul>\n<li><strong>Samba Backlit<\/strong>: Esta lona de poli\u00e9ster es conocida por sus colores intensos y su brillo. Est\u00e1 especialmente dise\u00f1ada para destacar en marcos iluminados, garantizando que su mensaje sea siempre claro y vibrante. Adem\u00e1s, cuenta con el certificado B1, lo que garantiza la seguridad contra incendios.<\/li>\n<li><strong>LumiTex<\/strong>: Fabricado con 100% poli\u00e9ster con hilos extra finos y una doble capa de tinta. LumiTex ofrece una claridad excepcional y es perfecto para su uso en aplicaciones iluminadas, asegurando que sus visuales se vean siempre profesionales y n\u00edtidos.<\/li>\n<\/ul>\n<p>&nbsp;<\/p>\n<h3>Diferencias entre Samba Backlit y LumiTex<\/h3>\n<p>La diferencia entre Samba Backlit y LumiTex est\u00e1 relacionada principalmente con la t\u00e9cnica de impresi\u00f3n. La lona Samba se suministra con una impresi\u00f3n UV al 200% y LumiTex se refiere a una impresi\u00f3n por sublimaci\u00f3n al 200%. La desventaja de una impresi\u00f3n UV es que las capas dobles de tinta emiten un olor fuerte (temporal). LumiTex, por el contrario, es inodoro y no se arruga.<br \/>\nAdem\u00e1s, la impresi\u00f3n en la lona LumiTex es algo m\u00e1s duradera en comparaci\u00f3n con Samba Backlit. Las tintas utilizadas son a base de agua. Por lo dem\u00e1s, LumiTex (al igual que Samba Backlit) tambi\u00e9n est\u00e1 libre de PVC y es reciclable.<\/p>\n<p>La \u00faltima diferencia caracter\u00edstica entre ambas lonas es que Samba Backlit cuenta con un recubrimiento. Gracias a este recubrimiento, Samba Backlit tambi\u00e9n puede utilizarse en exteriores por un corto periodo de tiempo. LumiTex es apto exclusivamente para aplicaciones en interiores.<\/p>\n<h3>Accesorios para el mostrador de feria Pixlip Go<\/h3>\n<p>Complete su presentaci\u00f3n con los accesorios especialmente dise\u00f1ados para el mostrador de feria Pixlip Go. La herramienta E-locktool asegura un montaje sencillo y seguro de la lona en su marco Pixlip Go. \u00bfDesea conectar varios marcos de forma fluida? Entonces elija el conector Flexx Connector para una configuraci\u00f3n de presentaci\u00f3n estilizada e impresionante.<br \/>\nCon el mostrador Pixlip Go, tiene asegurada una combinaci\u00f3n de estilo y funcionalidad que eleva sus presentaciones al siguiente nivel. Este mostrador Pixlip Go ofrece no solo ventajas pr\u00e1cticas sino tambi\u00e9n una apariencia profesional en cualquier ubicaci\u00f3n. Elija el mostrador de feria Pixlip Go e impresione con sus presentaciones visuales, dondequiera que est\u00e9.<\/p>\n<h3>Preguntas frecuentes<\/h3>\n<p><strong>\u00bfCu\u00e1ntas lonas recibir\u00e9 y es posible cargar varios dise\u00f1os?<\/strong><br \/>\nRecibir\u00e1 dos lonas: una para la parte delantera y otra para la trasera. Ambas lonas pueden contar con un dise\u00f1o diferente.<\/p>\n","protected":false},"excerpt":{"rendered":"<h3>Mostrador LED m\u00f3vil con impresi\u00f3n a doble cara<\/h3>\n<p>\u00bfBusca un mostrador de feria (counter) con un acabado de alta calidad? Entonces elija Pixlip Go. Este mostrador de feria cuenta con una impresi\u00f3n retroiluminada por LED de doble cara. El marco est\u00e1 fabricado con pl\u00e1stico reciclado. Muy ligero y, por tanto, muy f\u00e1cil de transportar en la bolsa de transporte incluida. Configure a continuaci\u00f3n en unos pocos pasos su mostrador Pixlip Go totalmente a su gusto.<\/p>\n","protected":false},"featured_media":14964,"template":"","meta":{"_et_pb_use_builder":"","_et_pb_old_content":"","_et_gb_content_width":""},"product_brand":[],"product_cat":[423,431,399,382,379],"product_tag":[],"class_list":{"0":"post-14963","1":"product","2":"type-product","3":"status-publish","4":"has-post-thumbnail","6":"product_cat-decoracion","7":"product_cat-feria-y-evento","8":"product_cat-paredes-de-exposicion-iluminadas","9":"product_cat-presentacion","10":"product_cat-publicidad-interior","12":"first","13":"instock","14":"taxable","15":"shipping-taxable","16":"purchasable","17":"product-type-simple"},"yoast_head":"<!-- This site is optimized with the Yoast SEO plugin v27.3 - https:\/\/yoast.com\/product\/yoast-seo-wordpress\/ -->\n<title>Mostrador Pixlip Go m\u00f3vil con iluminaci\u00f3n de doble cara | Montaje r\u00e1pido<\/title>\n<meta name=\"description\" content=\"Impresione en cada feria con el mostrador m\u00f3vil Pixlip Go. Iluminaci\u00f3n brillante de doble cara, marco ultraligero de pl\u00e1stico reciclado y montaje r\u00e1pido.\" \/>\n<meta name=\"robots\" content=\"index, follow, max-snippet:-1, max-image-preview:large, max-video-preview:-1\" \/>\n<link rel=\"canonical\" href=\"https:\/\/www.amstelprinting.nl\/es\/tienda\/feria-y-evento\/paredes-de-exposicion-iluminadas\/mostrador-pixlip-go\/\" \/>\n<meta property=\"og:locale\" content=\"es_ES\" \/>\n<meta property=\"og:type\" content=\"article\" \/>\n<meta property=\"og:title\" content=\"Mostrador Pixlip Go m\u00f3vil con iluminaci\u00f3n de doble cara | Montaje r\u00e1pido\" \/>\n<meta property=\"og:description\" content=\"Impresione en cada feria con el mostrador m\u00f3vil Pixlip Go. Iluminaci\u00f3n brillante de doble cara, marco ultraligero de pl\u00e1stico reciclado y montaje r\u00e1pido.\" \/>\n<meta property=\"og:url\" content=\"https:\/\/www.amstelprinting.nl\/es\/tienda\/feria-y-evento\/paredes-de-exposicion-iluminadas\/mostrador-pixlip-go\/\" \/>\n<meta property=\"og:site_name\" content=\"Amstel Printing\" \/>\n<meta property=\"article:modified_time\" content=\"2026-02-18T11:48:17+00:00\" \/>\n<meta property=\"og:image\" content=\"https:\/\/www.amstelprinting.nl\/wp-content\/uploads\/pixlip-go-balie-bedrukken.png\" \/>\n\t<meta property=\"og:image:width\" content=\"700\" \/>\n\t<meta property=\"og:image:height\" content=\"700\" \/>\n\t<meta property=\"og:image:type\" content=\"image\/png\" \/>\n<meta name=\"twitter:card\" content=\"summary_large_image\" \/>\n<meta name=\"twitter:label1\" content=\"Tiempo de lectura\" \/>\n\t<meta name=\"twitter:data1\" content=\"3 minutos\" \/>\n<script type=\"application\/ld+json\" class=\"yoast-schema-graph\">{\"@context\":\"https:\\\/\\\/schema.org\",\"@graph\":[{\"@type\":\"WebPage\",\"@id\":\"https:\\\/\\\/www.amstelprinting.nl\\\/es\\\/tienda\\\/feria-y-evento\\\/paredes-de-exposicion-iluminadas\\\/mostrador-pixlip-go\\\/\",\"url\":\"https:\\\/\\\/www.amstelprinting.nl\\\/es\\\/tienda\\\/feria-y-evento\\\/paredes-de-exposicion-iluminadas\\\/mostrador-pixlip-go\\\/\",\"name\":\"Mostrador Pixlip Go m\u00f3vil con iluminaci\u00f3n de doble cara | Montaje r\u00e1pido\",\"isPartOf\":{\"@id\":\"https:\\\/\\\/www.amstelprinting.nl\\\/es\\\/#website\"},\"primaryImageOfPage\":{\"@id\":\"https:\\\/\\\/www.amstelprinting.nl\\\/es\\\/tienda\\\/feria-y-evento\\\/paredes-de-exposicion-iluminadas\\\/mostrador-pixlip-go\\\/#primaryimage\"},\"image\":{\"@id\":\"https:\\\/\\\/www.amstelprinting.nl\\\/es\\\/tienda\\\/feria-y-evento\\\/paredes-de-exposicion-iluminadas\\\/mostrador-pixlip-go\\\/#primaryimage\"},\"thumbnailUrl\":\"https:\\\/\\\/www.amstelprinting.nl\\\/wp-content\\\/uploads\\\/pixlip-go-balie-bedrukken.png\",\"datePublished\":\"2025-01-24T10:26:37+00:00\",\"dateModified\":\"2026-02-18T11:48:17+00:00\",\"description\":\"Impresione en cada feria con el mostrador m\u00f3vil Pixlip Go. Iluminaci\u00f3n brillante de doble cara, marco ultraligero de pl\u00e1stico reciclado y montaje r\u00e1pido.\",\"breadcrumb\":{\"@id\":\"https:\\\/\\\/www.amstelprinting.nl\\\/es\\\/tienda\\\/feria-y-evento\\\/paredes-de-exposicion-iluminadas\\\/mostrador-pixlip-go\\\/#breadcrumb\"},\"inLanguage\":\"es\",\"potentialAction\":[{\"@type\":\"ReadAction\",\"target\":[\"https:\\\/\\\/www.amstelprinting.nl\\\/es\\\/tienda\\\/feria-y-evento\\\/paredes-de-exposicion-iluminadas\\\/mostrador-pixlip-go\\\/\"]}]},{\"@type\":\"ImageObject\",\"inLanguage\":\"es\",\"@id\":\"https:\\\/\\\/www.amstelprinting.nl\\\/es\\\/tienda\\\/feria-y-evento\\\/paredes-de-exposicion-iluminadas\\\/mostrador-pixlip-go\\\/#primaryimage\",\"url\":\"https:\\\/\\\/www.amstelprinting.nl\\\/wp-content\\\/uploads\\\/pixlip-go-balie-bedrukken.png\",\"contentUrl\":\"https:\\\/\\\/www.amstelprinting.nl\\\/wp-content\\\/uploads\\\/pixlip-go-balie-bedrukken.png\",\"width\":700,\"height\":700},{\"@type\":\"BreadcrumbList\",\"@id\":\"https:\\\/\\\/www.amstelprinting.nl\\\/es\\\/tienda\\\/feria-y-evento\\\/paredes-de-exposicion-iluminadas\\\/mostrador-pixlip-go\\\/#breadcrumb\",\"itemListElement\":[{\"@type\":\"ListItem\",\"position\":1,\"name\":\"\",\"item\":\"https:\\\/\\\/www.amstelprinting.nl\\\/es\\\/\"},{\"@type\":\"ListItem\",\"position\":2,\"name\":\"Amstel Printing\",\"item\":\"https:\\\/\\\/www.amstelprinting.nl\\\/es\\\/comercio\\\/\"},{\"@type\":\"ListItem\",\"position\":3,\"name\":\"Publicidad interior\",\"item\":\"https:\\\/\\\/www.amstelprinting.nl\\\/es\\\/categor\u00eda\\\/publicidad-interior\\\/\"},{\"@type\":\"ListItem\",\"position\":4,\"name\":\"Presentaci\u00f3n\",\"item\":\"https:\\\/\\\/www.amstelprinting.nl\\\/es\\\/categor\u00eda\\\/publicidad-interior\\\/presentacion\\\/\"},{\"@type\":\"ListItem\",\"position\":5,\"name\":\"Mostrador Pixlip Go\"}]},{\"@type\":\"WebSite\",\"@id\":\"https:\\\/\\\/www.amstelprinting.nl\\\/es\\\/#website\",\"url\":\"https:\\\/\\\/www.amstelprinting.nl\\\/es\\\/\",\"name\":\"Amstel Printing\",\"description\":\"Creating Exposure\",\"publisher\":{\"@id\":\"https:\\\/\\\/www.amstelprinting.nl\\\/es\\\/#organization\"},\"potentialAction\":[{\"@type\":\"SearchAction\",\"target\":{\"@type\":\"EntryPoint\",\"urlTemplate\":\"https:\\\/\\\/www.amstelprinting.nl\\\/es\\\/?s={search_term_string}\"},\"query-input\":{\"@type\":\"PropertyValueSpecification\",\"valueRequired\":true,\"valueName\":\"search_term_string\"}}],\"inLanguage\":\"es\"},{\"@type\":\"Organization\",\"@id\":\"https:\\\/\\\/www.amstelprinting.nl\\\/es\\\/#organization\",\"name\":\"Amstel Printing\",\"url\":\"https:\\\/\\\/www.amstelprinting.nl\\\/es\\\/\",\"logo\":{\"@type\":\"ImageObject\",\"inLanguage\":\"es\",\"@id\":\"https:\\\/\\\/www.amstelprinting.nl\\\/es\\\/#\\\/schema\\\/logo\\\/image\\\/\",\"url\":\"https:\\\/\\\/www.amstelprinting.nl\\\/wp-content\\\/uploads\\\/amstel_printing_logo_clean.png\",\"contentUrl\":\"https:\\\/\\\/www.amstelprinting.nl\\\/wp-content\\\/uploads\\\/amstel_printing_logo_clean.png\",\"width\":324,\"height\":73,\"caption\":\"Amstel Printing\"},\"image\":{\"@id\":\"https:\\\/\\\/www.amstelprinting.nl\\\/es\\\/#\\\/schema\\\/logo\\\/image\\\/\"}}]}<\/script>\n<!-- \/ Yoast SEO plugin. -->","yoast_head_json":{"title":"Mostrador Pixlip Go m\u00f3vil con iluminaci\u00f3n de doble cara | Montaje r\u00e1pido","description":"Impresione en cada feria con el mostrador m\u00f3vil Pixlip Go. Iluminaci\u00f3n brillante de doble cara, marco ultraligero de pl\u00e1stico reciclado y montaje r\u00e1pido.","robots":{"index":"index","follow":"follow","max-snippet":"max-snippet:-1","max-image-preview":"max-image-preview:large","max-video-preview":"max-video-preview:-1"},"canonical":"https:\/\/www.amstelprinting.nl\/es\/tienda\/feria-y-evento\/paredes-de-exposicion-iluminadas\/mostrador-pixlip-go\/","og_locale":"es_ES","og_type":"article","og_title":"Mostrador Pixlip Go m\u00f3vil con iluminaci\u00f3n de doble cara | Montaje r\u00e1pido","og_description":"Impresione en cada feria con el mostrador m\u00f3vil Pixlip Go. Iluminaci\u00f3n brillante de doble cara, marco ultraligero de pl\u00e1stico reciclado y montaje r\u00e1pido.","og_url":"https:\/\/www.amstelprinting.nl\/es\/tienda\/feria-y-evento\/paredes-de-exposicion-iluminadas\/mostrador-pixlip-go\/","og_site_name":"Amstel Printing","article_modified_time":"2026-02-18T11:48:17+00:00","og_image":[{"width":700,"height":700,"url":"https:\/\/www.amstelprinting.nl\/wp-content\/uploads\/pixlip-go-balie-bedrukken.png","type":"image\/png"}],"twitter_card":"summary_large_image","twitter_misc":{"Tiempo de lectura":"3 minutos"},"schema":{"@context":"https:\/\/schema.org","@graph":[{"@type":"WebPage","@id":"https:\/\/www.amstelprinting.nl\/es\/tienda\/feria-y-evento\/paredes-de-exposicion-iluminadas\/mostrador-pixlip-go\/","url":"https:\/\/www.amstelprinting.nl\/es\/tienda\/feria-y-evento\/paredes-de-exposicion-iluminadas\/mostrador-pixlip-go\/","name":"Mostrador Pixlip Go m\u00f3vil con iluminaci\u00f3n de doble cara | Montaje r\u00e1pido","isPartOf":{"@id":"https:\/\/www.amstelprinting.nl\/es\/#website"},"primaryImageOfPage":{"@id":"https:\/\/www.amstelprinting.nl\/es\/tienda\/feria-y-evento\/paredes-de-exposicion-iluminadas\/mostrador-pixlip-go\/#primaryimage"},"image":{"@id":"https:\/\/www.amstelprinting.nl\/es\/tienda\/feria-y-evento\/paredes-de-exposicion-iluminadas\/mostrador-pixlip-go\/#primaryimage"},"thumbnailUrl":"https:\/\/www.amstelprinting.nl\/wp-content\/uploads\/pixlip-go-balie-bedrukken.png","datePublished":"2025-01-24T10:26:37+00:00","dateModified":"2026-02-18T11:48:17+00:00","description":"Impresione en cada feria con el mostrador m\u00f3vil Pixlip Go. Iluminaci\u00f3n brillante de doble cara, marco ultraligero de pl\u00e1stico reciclado y montaje r\u00e1pido.","breadcrumb":{"@id":"https:\/\/www.amstelprinting.nl\/es\/tienda\/feria-y-evento\/paredes-de-exposicion-iluminadas\/mostrador-pixlip-go\/#breadcrumb"},"inLanguage":"es","potentialAction":[{"@type":"ReadAction","target":["https:\/\/www.amstelprinting.nl\/es\/tienda\/feria-y-evento\/paredes-de-exposicion-iluminadas\/mostrador-pixlip-go\/"]}]},{"@type":"ImageObject","inLanguage":"es","@id":"https:\/\/www.amstelprinting.nl\/es\/tienda\/feria-y-evento\/paredes-de-exposicion-iluminadas\/mostrador-pixlip-go\/#primaryimage","url":"https:\/\/www.amstelprinting.nl\/wp-content\/uploads\/pixlip-go-balie-bedrukken.png","contentUrl":"https:\/\/www.amstelprinting.nl\/wp-content\/uploads\/pixlip-go-balie-bedrukken.png","width":700,"height":700},{"@type":"BreadcrumbList","@id":"https:\/\/www.amstelprinting.nl\/es\/tienda\/feria-y-evento\/paredes-de-exposicion-iluminadas\/mostrador-pixlip-go\/#breadcrumb","itemListElement":[{"@type":"ListItem","position":1,"name":"","item":"https:\/\/www.amstelprinting.nl\/es\/"},{"@type":"ListItem","position":2,"name":"Amstel Printing","item":"https:\/\/www.amstelprinting.nl\/es\/comercio\/"},{"@type":"ListItem","position":3,"name":"Publicidad interior","item":"https:\/\/www.amstelprinting.nl\/es\/categor\u00eda\/publicidad-interior\/"},{"@type":"ListItem","position":4,"name":"Presentaci\u00f3n","item":"https:\/\/www.amstelprinting.nl\/es\/categor\u00eda\/publicidad-interior\/presentacion\/"},{"@type":"ListItem","position":5,"name":"Mostrador Pixlip Go"}]},{"@type":"WebSite","@id":"https:\/\/www.amstelprinting.nl\/es\/#website","url":"https:\/\/www.amstelprinting.nl\/es\/","name":"Amstel Printing","description":"Creating Exposure","publisher":{"@id":"https:\/\/www.amstelprinting.nl\/es\/#organization"},"potentialAction":[{"@type":"SearchAction","target":{"@type":"EntryPoint","urlTemplate":"https:\/\/www.amstelprinting.nl\/es\/?s={search_term_string}"},"query-input":{"@type":"PropertyValueSpecification","valueRequired":true,"valueName":"search_term_string"}}],"inLanguage":"es"},{"@type":"Organization","@id":"https:\/\/www.amstelprinting.nl\/es\/#organization","name":"Amstel Printing","url":"https:\/\/www.amstelprinting.nl\/es\/","logo":{"@type":"ImageObject","inLanguage":"es","@id":"https:\/\/www.amstelprinting.nl\/es\/#\/schema\/logo\/image\/","url":"https:\/\/www.amstelprinting.nl\/wp-content\/uploads\/amstel_printing_logo_clean.png","contentUrl":"https:\/\/www.amstelprinting.nl\/wp-content\/uploads\/amstel_printing_logo_clean.png","width":324,"height":73,"caption":"Amstel Printing"},"image":{"@id":"https:\/\/www.amstelprinting.nl\/es\/#\/schema\/logo\/image\/"}}]}},"_links":{"self":[{"href":"https:\/\/www.amstelprinting.nl\/es\/wp-json\/wp\/v2\/product\/14963","targetHints":{"allow":["GET"]}}],"collection":[{"href":"https:\/\/www.amstelprinting.nl\/es\/wp-json\/wp\/v2\/product"}],"about":[{"href":"https:\/\/www.amstelprinting.nl\/es\/wp-json\/wp\/v2\/types\/product"}],"wp:featuredmedia":[{"embeddable":true,"href":"https:\/\/www.amstelprinting.nl\/es\/wp-json\/wp\/v2\/media\/14964"}],"wp:attachment":[{"href":"https:\/\/www.amstelprinting.nl\/es\/wp-json\/wp\/v2\/media?parent=14963"}],"wp:term":[{"taxonomy":"product_brand","embeddable":true,"href":"https:\/\/www.amstelprinting.nl\/es\/wp-json\/wp\/v2\/product_brand?post=14963"},{"taxonomy":"product_cat","embeddable":true,"href":"https:\/\/www.amstelprinting.nl\/es\/wp-json\/wp\/v2\/product_cat?post=14963"},{"taxonomy":"product_tag","embeddable":true,"href":"https:\/\/www.amstelprinting.nl\/es\/wp-json\/wp\/v2\/product_tag?post=14963"}],"curies":[{"name":"wp","href":"https:\/\/api.w.org\/{rel}","templated":true}]}}