{"id":14977,"date":"2025-01-24T11:25:06","date_gmt":"2025-01-24T10:25:06","guid":{"rendered":"https:\/\/www.amstelprinting.nl\/winkel\/sin%20categor\u00eda\/roll-up-banners\/"},"modified":"2026-04-14T15:06:15","modified_gmt":"2026-04-14T13:06:15","slug":"roll-up-banners","status":"publish","type":"product","link":"https:\/\/www.amstelprinting.nl\/es\/tienda\/feria-y-evento\/enrollar-pancartas\/roll-up-banners\/","title":{"rendered":"Roll-up banners"},"content":{"rendered":"<h2><strong>Ventajas de los Roll-up Banners<\/strong><\/h2>\n<ul>\n<li>Montado en menos de 5 segundos<\/li>\n<li>Entrega r\u00e1pida (a menudo en 1 d\u00eda laborable)<\/li>\n<li>Opcional: el foco hal\u00f3geno<\/li>\n<li>Elecci\u00f3n entre diferentes tipos y materiales<\/li>\n<li>Certificado B1 de seguridad contra incendios<\/li>\n<li>F\u00e1cil de transportar en la bolsa de transporte (excepto la variante econ\u00f3mica).<\/li>\n<\/ul>\n<p>&nbsp;<\/p>\n<h2><strong>Resumen de Roll-up Banners: tome la decisi\u00f3n correcta<\/strong><\/h2>\n<p>&nbsp;<\/p>\n<h3>Roll-up Banner Econ\u00f3mico<\/h3>\n<p>\u00bfBusca un roll-up banner que solo quiera utilizar unas cuantas veces? Entonces el <a href=\"https:\/\/www.amstelprinting.nl\/es\/tienda\/feria-y-evento\/enrollar-pancartas\/banner-roll-up-economico\/\">roll-up banner econ\u00f3mico es una excelente elecci\u00f3n<\/a>. Este modelo asequible cuenta con un soporte con dos patas extensibles, lo que proporciona una estabilidad adicional. Este Roll-up banner tambi\u00e9n est\u00e1 disponible en versi\u00f3n negra.<\/p>\n<h3>Roll-up Banner Premium<\/h3>\n<p>Si busca un banner que pueda utilizarse repetidamente, el <a href=\"https:\/\/www.amstelprinting.nl\/es\/tienda\/feria-y-evento\/enrollar-pancartas\/banner-roll-up-premium\/\">roll-up banner premium es ideal<\/a>, tambi\u00e9n disponible en versi\u00f3n negra. Este banner tiene un soporte con una pata extensible y se suministra con una pr\u00e1ctica bolsa de transporte de nailon.<\/p>\n<h3>Roll-up Banner Deluxe<\/h3>\n<p>El <a href=\"https:\/\/www.amstelprinting.nl\/es\/tienda\/feria-y-evento\/enrollar-pancartas\/roll-up-banner-deluxe\/\">roll-up banner deluxe<\/a> ofrece un aspecto lujoso sin patas extensibles, lo que garantiza una presentaci\u00f3n elegante y estable. Este banner tambi\u00e9n est\u00e1 disponible en versi\u00f3n negra y se entrega de serie con una bolsa de transporte de nailon.<\/p>\n<h3>Roll-up Banner XXL<\/h3>\n<p>Para formatos extragrandes y el m\u00e1ximo impacto, el roll-up banner XXL es la elecci\u00f3n perfecta. Este sistema est\u00e1 dise\u00f1ado para un uso repetido y tiene un soporte con dos patas extensibles para mayor estabilidad. <a href=\"https:\/\/www.amstelprinting.nl\/es\/tienda\/feria-y-evento\/enrollar-pancartas\/roll-up-xxl\/\">El Roll-up banner XXL<\/a> es relativamente f\u00e1cil de transportar en la bolsa de transporte incluida.<\/p>\n<h3>Roll-up Banner para Exterior<\/h3>\n<p><a href=\"https:\/\/www.amstelprinting.nl\/es\/tienda\/feria-y-evento\/enrollar-pancartas\/roll-up-banner-de-exterior\/\">Sistema de roll-up banner para exterior<\/a>, adecuado para (como su nombre indica) el uso al aire libre. Se trata de un soporte m\u00e1s pesado equipado con patas m\u00e1s largas. Adem\u00e1s, puede anclar este Roll-up Banner para Exterior al suelo (para mayor estabilidad) mediante las piquetas suministradas. El Roll-up Banner para Exterior tambi\u00e9n se entrega con bolsa de transporte incluida.<\/p>\n<h3>Roll-up Banner Deluxe Doble<\/h3>\n<p>El <a href=\"https:\/\/www.amstelprinting.nl\/es\/tienda\/feria-y-evento\/enrollar-pancartas\/roll-up-banner-doble\/\">Roll-up banner Deluxe doble es un banner de doble cara<\/a> con sistema de enrollado, lo que garantiza la visibilidad por ambos lados. Esto lo convierte en una excelente opci\u00f3n para su uso en el centro de una estancia. Incluye una bolsa de transporte de nailon.<\/p>\n<h3>X-banner<\/h3>\n<p><a href=\"https:\/\/www.amstelprinting.nl\/es\/tienda\/feria-y-evento\/enrollar-pancartas\/x-banner\/\">El X-banner es una alternativa econ\u00f3mica<\/a> al roll-up banner y es adecuado para un uso repetido. Este sistema ligero es f\u00e1cil de montar y tiene un tama\u00f1o de 80 x 200 cm.<\/p>\n<h3>L-banner<\/h3>\n<p><a href=\"https:\/\/www.amstelprinting.nl\/es\/tienda\/feria-y-evento\/enrollar-pancartas\/l-banner\/\">El L-banner es otra opci\u00f3n asequible<\/a> para roll-up banners, con un sistema en forma de L f\u00e1cil de montar. Disponible en dos tama\u00f1os.<\/p>\n<h2><strong>Materiales<\/strong><\/h2>\n<p>Para el Roll-up Banner ofrecemos una amplia gama de materiales. Todos los materiales cuentan con un certificado B1, lo que significa que cumplen con las normas europeas de seguridad contra incendios.<\/p>\n<ul>\n<li><strong>Banner 510<\/strong>: La opci\u00f3n m\u00e1s solicitada. Lona de PVC con acabado brillante, apta tanto para interiores como para exteriores.<\/li>\n<li><strong>Airtex<\/strong>: Lona de PVC sin arrugas de 330 gr.\/m y f\u00e1cil de usar.<\/li>\n<li><strong>SanoTex<\/strong>: Lona sostenible sin PVC con reverso gris y respetuosa con el medio ambiente.<\/li>\n<li><strong>Banner Blanco y Negro<\/strong>: Lona de PVC block-out con reverso negro, apta para interior y exterior.<\/li>\n<\/ul>\n<p>Cree f\u00e1cilmente su propio dise\u00f1o para el roll-up banner utilizando las maquetas que encontrar\u00e1 en la secci\u00f3n de descargas. Nuestros roll-up banners combinan facilidad de uso, movilidad y una apariencia profesional con durabilidad y versatilidad. Est\u00e1n dise\u00f1ados para causar una impresi\u00f3n duradera y asegurar que su mensaje destaque. Si desea saber m\u00e1s sobre los costes reales de un roll up banner m\u00e1s econ\u00f3mico, lea <a href=\"https:\/\/www.amstelprinting.nl\/es\/base-de-conocimientos\/\">nuestro art\u00edculo sobre los costes reales de los roll-up banners baratos<\/a>.<\/p>\n<p>Tambi\u00e9n tenemos una <a href=\"https:\/\/www.amstelprinting.nl\/kennisbank\/budget-premium-deluxe-roll-up-banner-kiezen\/\">pr\u00e1ctica gu\u00eda de selecci\u00f3n por si tiene dudas entre comprar un roll-up banner econ\u00f3mico, premium o deluxe<\/a>.<\/p>\n<h2><strong>Preguntas frecuentes sobre Roll-up Banners<\/strong><\/h2>\n<p><strong>\u00bfPuedo sustituir yo mismo un banner?<\/strong><br \/>\nS\u00ed, es posible sustituir el banner usted mismo en los modelos Premium, Deluxe y XXL. Estos soportes est\u00e1n dise\u00f1ados para que el cambio de banner sea sencillo, de modo que pueda hacerlo de forma r\u00e1pida y eficiente.<\/p>\n<p><strong>\u00bfA qu\u00e9 debo prestar atenci\u00f3n al montar el Roll-up banner?<\/strong><br \/>\nAl montar el Roll-up banner, es importante asegurarse de no desenrollar la lona demasiado. Esto ayuda a evitar da\u00f1os irreparables en el sistema. No olvide tambi\u00e9n volver a fijar bien el pasador en el soporte. Este pasador es esencial para fijar la lona, lo que facilita la sustituci\u00f3n del Roll-up banner m\u00e1s adelante. Aseg\u00farese de que todo est\u00e9 bien sujeto antes de desenrollar el Roll-up banner por completo.<\/p>\n","protected":false},"excerpt":{"rendered":"<h3>Banners autoportantes en soporte<\/h3>\n<p>El Roll-up banner se caracteriza por su sistema de enrollado compacto que contiene la impresi\u00f3n. Hoy en d\u00eda, el Roll-up banner est\u00e1 disponible en numerosas variaciones. Ya sea para organizar una feria, realizar una presentaci\u00f3n importante o decorar su local comercial, nuestros roll-up banners ofrecen la soluci\u00f3n perfecta para cada ocasi\u00f3n. Con una gama de opciones adaptadas a diferentes presupuestos y frecuencias de uso, le garantizamos que encontrar\u00e1 el roll-up banner ideal.<\/p>\n","protected":false},"featured_media":25245,"template":"","meta":{"_et_pb_use_builder":"","_et_pb_old_content":"","_et_gb_content_width":""},"product_brand":[],"product_cat":[406,431,382,379],"product_tag":[],"class_list":{"0":"post-14977","1":"product","2":"type-product","3":"status-publish","4":"has-post-thumbnail","6":"product_cat-enrollar-pancartas","7":"product_cat-feria-y-evento","8":"product_cat-presentacion","9":"product_cat-publicidad-interior","11":"first","12":"instock","13":"featured","14":"taxable","15":"shipping-taxable","16":"purchasable","17":"product-type-simple"},"yoast_head":"<!-- This site is optimized with the Yoast SEO plugin v27.3 - https:\/\/yoast.com\/product\/yoast-seo-wordpress\/ -->\n<title>Roll-up banners | Amstel Printing<\/title>\n<meta name=\"robots\" content=\"index, follow, max-snippet:-1, max-image-preview:large, max-video-preview:-1\" \/>\n<link rel=\"canonical\" href=\"https:\/\/www.amstelprinting.nl\/es\/tienda\/feria-y-evento\/enrollar-pancartas\/roll-up-banners\/\" \/>\n<meta property=\"og:locale\" content=\"es_ES\" \/>\n<meta property=\"og:type\" content=\"article\" \/>\n<meta property=\"og:title\" content=\"Roll-up banners | Amstel Printing\" \/>\n<meta property=\"og:description\" content=\"Banners autoportantes en soporte El Roll-up banner se caracteriza por su sistema de enrollado compacto que contiene la impresi\u00f3n. Hoy en d\u00eda, el Roll-up banner est\u00e1 disponible en numerosas variaciones. Ya sea para organizar una feria, realizar una presentaci\u00f3n importante o decorar su local comercial, nuestros roll-up banners ofrecen la soluci\u00f3n perfecta para cada ocasi\u00f3n. Con una gama de opciones adaptadas a diferentes presupuestos y frecuencias de uso, le garantizamos que encontrar\u00e1 el roll-up banner ideal.\" \/>\n<meta property=\"og:url\" content=\"https:\/\/www.amstelprinting.nl\/es\/tienda\/feria-y-evento\/enrollar-pancartas\/roll-up-banners\/\" \/>\n<meta property=\"og:site_name\" content=\"Amstel Printing\" \/>\n<meta property=\"article:modified_time\" content=\"2026-04-14T13:06:15+00:00\" \/>\n<meta property=\"og:image\" content=\"https:\/\/www.amstelprinting.nl\/wp-content\/uploads\/roll-up-banners-bedrukken-1.webp\" \/>\n\t<meta property=\"og:image:width\" content=\"1000\" \/>\n\t<meta property=\"og:image:height\" content=\"1000\" \/>\n\t<meta property=\"og:image:type\" content=\"image\/webp\" \/>\n<meta name=\"twitter:card\" content=\"summary_large_image\" \/>\n<meta name=\"twitter:label1\" content=\"Tiempo de lectura\" \/>\n\t<meta name=\"twitter:data1\" content=\"4 minutos\" \/>\n<script type=\"application\/ld+json\" class=\"yoast-schema-graph\">{\"@context\":\"https:\\\/\\\/schema.org\",\"@graph\":[{\"@type\":\"WebPage\",\"@id\":\"https:\\\/\\\/www.amstelprinting.nl\\\/es\\\/tienda\\\/feria-y-evento\\\/enrollar-pancartas\\\/roll-up-banners\\\/\",\"url\":\"https:\\\/\\\/www.amstelprinting.nl\\\/es\\\/tienda\\\/feria-y-evento\\\/enrollar-pancartas\\\/roll-up-banners\\\/\",\"name\":\"Roll-up banners | Amstel Printing\",\"isPartOf\":{\"@id\":\"https:\\\/\\\/www.amstelprinting.nl\\\/es\\\/#website\"},\"primaryImageOfPage\":{\"@id\":\"https:\\\/\\\/www.amstelprinting.nl\\\/es\\\/tienda\\\/feria-y-evento\\\/enrollar-pancartas\\\/roll-up-banners\\\/#primaryimage\"},\"image\":{\"@id\":\"https:\\\/\\\/www.amstelprinting.nl\\\/es\\\/tienda\\\/feria-y-evento\\\/enrollar-pancartas\\\/roll-up-banners\\\/#primaryimage\"},\"thumbnailUrl\":\"https:\\\/\\\/www.amstelprinting.nl\\\/wp-content\\\/uploads\\\/roll-up-banners-bedrukken-1.webp\",\"datePublished\":\"2025-01-24T10:25:06+00:00\",\"dateModified\":\"2026-04-14T13:06:15+00:00\",\"breadcrumb\":{\"@id\":\"https:\\\/\\\/www.amstelprinting.nl\\\/es\\\/tienda\\\/feria-y-evento\\\/enrollar-pancartas\\\/roll-up-banners\\\/#breadcrumb\"},\"inLanguage\":\"es\",\"potentialAction\":[{\"@type\":\"ReadAction\",\"target\":[\"https:\\\/\\\/www.amstelprinting.nl\\\/es\\\/tienda\\\/feria-y-evento\\\/enrollar-pancartas\\\/roll-up-banners\\\/\"]}]},{\"@type\":\"ImageObject\",\"inLanguage\":\"es\",\"@id\":\"https:\\\/\\\/www.amstelprinting.nl\\\/es\\\/tienda\\\/feria-y-evento\\\/enrollar-pancartas\\\/roll-up-banners\\\/#primaryimage\",\"url\":\"https:\\\/\\\/www.amstelprinting.nl\\\/wp-content\\\/uploads\\\/roll-up-banners-bedrukken-1.webp\",\"contentUrl\":\"https:\\\/\\\/www.amstelprinting.nl\\\/wp-content\\\/uploads\\\/roll-up-banners-bedrukken-1.webp\",\"width\":1000,\"height\":1000},{\"@type\":\"BreadcrumbList\",\"@id\":\"https:\\\/\\\/www.amstelprinting.nl\\\/es\\\/tienda\\\/feria-y-evento\\\/enrollar-pancartas\\\/roll-up-banners\\\/#breadcrumb\",\"itemListElement\":[{\"@type\":\"ListItem\",\"position\":1,\"name\":\"\",\"item\":\"https:\\\/\\\/www.amstelprinting.nl\\\/es\\\/\"},{\"@type\":\"ListItem\",\"position\":2,\"name\":\"Amstel Printing\",\"item\":\"https:\\\/\\\/www.amstelprinting.nl\\\/es\\\/comercio\\\/\"},{\"@type\":\"ListItem\",\"position\":3,\"name\":\"Publicidad interior\",\"item\":\"https:\\\/\\\/www.amstelprinting.nl\\\/es\\\/categor\u00eda\\\/publicidad-interior\\\/\"},{\"@type\":\"ListItem\",\"position\":4,\"name\":\"Presentaci\u00f3n\",\"item\":\"https:\\\/\\\/www.amstelprinting.nl\\\/es\\\/categor\u00eda\\\/publicidad-interior\\\/presentacion\\\/\"},{\"@type\":\"ListItem\",\"position\":5,\"name\":\"Roll-up banners\"}]},{\"@type\":\"WebSite\",\"@id\":\"https:\\\/\\\/www.amstelprinting.nl\\\/es\\\/#website\",\"url\":\"https:\\\/\\\/www.amstelprinting.nl\\\/es\\\/\",\"name\":\"Amstel Printing\",\"description\":\"Creating Exposure\",\"publisher\":{\"@id\":\"https:\\\/\\\/www.amstelprinting.nl\\\/es\\\/#organization\"},\"potentialAction\":[{\"@type\":\"SearchAction\",\"target\":{\"@type\":\"EntryPoint\",\"urlTemplate\":\"https:\\\/\\\/www.amstelprinting.nl\\\/es\\\/?s={search_term_string}\"},\"query-input\":{\"@type\":\"PropertyValueSpecification\",\"valueRequired\":true,\"valueName\":\"search_term_string\"}}],\"inLanguage\":\"es\"},{\"@type\":\"Organization\",\"@id\":\"https:\\\/\\\/www.amstelprinting.nl\\\/es\\\/#organization\",\"name\":\"Amstel Printing\",\"url\":\"https:\\\/\\\/www.amstelprinting.nl\\\/es\\\/\",\"logo\":{\"@type\":\"ImageObject\",\"inLanguage\":\"es\",\"@id\":\"https:\\\/\\\/www.amstelprinting.nl\\\/es\\\/#\\\/schema\\\/logo\\\/image\\\/\",\"url\":\"https:\\\/\\\/www.amstelprinting.nl\\\/wp-content\\\/uploads\\\/amstel_printing_logo_clean.png\",\"contentUrl\":\"https:\\\/\\\/www.amstelprinting.nl\\\/wp-content\\\/uploads\\\/amstel_printing_logo_clean.png\",\"width\":324,\"height\":73,\"caption\":\"Amstel Printing\"},\"image\":{\"@id\":\"https:\\\/\\\/www.amstelprinting.nl\\\/es\\\/#\\\/schema\\\/logo\\\/image\\\/\"}}]}<\/script>\n<!-- \/ Yoast SEO plugin. -->","yoast_head_json":{"title":"Roll-up banners | Amstel Printing","robots":{"index":"index","follow":"follow","max-snippet":"max-snippet:-1","max-image-preview":"max-image-preview:large","max-video-preview":"max-video-preview:-1"},"canonical":"https:\/\/www.amstelprinting.nl\/es\/tienda\/feria-y-evento\/enrollar-pancartas\/roll-up-banners\/","og_locale":"es_ES","og_type":"article","og_title":"Roll-up banners | Amstel Printing","og_description":"Banners autoportantes en soporte El Roll-up banner se caracteriza por su sistema de enrollado compacto que contiene la impresi\u00f3n. Hoy en d\u00eda, el Roll-up banner est\u00e1 disponible en numerosas variaciones. Ya sea para organizar una feria, realizar una presentaci\u00f3n importante o decorar su local comercial, nuestros roll-up banners ofrecen la soluci\u00f3n perfecta para cada ocasi\u00f3n. Con una gama de opciones adaptadas a diferentes presupuestos y frecuencias de uso, le garantizamos que encontrar\u00e1 el roll-up banner ideal.","og_url":"https:\/\/www.amstelprinting.nl\/es\/tienda\/feria-y-evento\/enrollar-pancartas\/roll-up-banners\/","og_site_name":"Amstel Printing","article_modified_time":"2026-04-14T13:06:15+00:00","og_image":[{"width":1000,"height":1000,"url":"https:\/\/www.amstelprinting.nl\/wp-content\/uploads\/roll-up-banners-bedrukken-1.webp","type":"image\/webp"}],"twitter_card":"summary_large_image","twitter_misc":{"Tiempo de lectura":"4 minutos"},"schema":{"@context":"https:\/\/schema.org","@graph":[{"@type":"WebPage","@id":"https:\/\/www.amstelprinting.nl\/es\/tienda\/feria-y-evento\/enrollar-pancartas\/roll-up-banners\/","url":"https:\/\/www.amstelprinting.nl\/es\/tienda\/feria-y-evento\/enrollar-pancartas\/roll-up-banners\/","name":"Roll-up banners | Amstel Printing","isPartOf":{"@id":"https:\/\/www.amstelprinting.nl\/es\/#website"},"primaryImageOfPage":{"@id":"https:\/\/www.amstelprinting.nl\/es\/tienda\/feria-y-evento\/enrollar-pancartas\/roll-up-banners\/#primaryimage"},"image":{"@id":"https:\/\/www.amstelprinting.nl\/es\/tienda\/feria-y-evento\/enrollar-pancartas\/roll-up-banners\/#primaryimage"},"thumbnailUrl":"https:\/\/www.amstelprinting.nl\/wp-content\/uploads\/roll-up-banners-bedrukken-1.webp","datePublished":"2025-01-24T10:25:06+00:00","dateModified":"2026-04-14T13:06:15+00:00","breadcrumb":{"@id":"https:\/\/www.amstelprinting.nl\/es\/tienda\/feria-y-evento\/enrollar-pancartas\/roll-up-banners\/#breadcrumb"},"inLanguage":"es","potentialAction":[{"@type":"ReadAction","target":["https:\/\/www.amstelprinting.nl\/es\/tienda\/feria-y-evento\/enrollar-pancartas\/roll-up-banners\/"]}]},{"@type":"ImageObject","inLanguage":"es","@id":"https:\/\/www.amstelprinting.nl\/es\/tienda\/feria-y-evento\/enrollar-pancartas\/roll-up-banners\/#primaryimage","url":"https:\/\/www.amstelprinting.nl\/wp-content\/uploads\/roll-up-banners-bedrukken-1.webp","contentUrl":"https:\/\/www.amstelprinting.nl\/wp-content\/uploads\/roll-up-banners-bedrukken-1.webp","width":1000,"height":1000},{"@type":"BreadcrumbList","@id":"https:\/\/www.amstelprinting.nl\/es\/tienda\/feria-y-evento\/enrollar-pancartas\/roll-up-banners\/#breadcrumb","itemListElement":[{"@type":"ListItem","position":1,"name":"","item":"https:\/\/www.amstelprinting.nl\/es\/"},{"@type":"ListItem","position":2,"name":"Amstel Printing","item":"https:\/\/www.amstelprinting.nl\/es\/comercio\/"},{"@type":"ListItem","position":3,"name":"Publicidad interior","item":"https:\/\/www.amstelprinting.nl\/es\/categor\u00eda\/publicidad-interior\/"},{"@type":"ListItem","position":4,"name":"Presentaci\u00f3n","item":"https:\/\/www.amstelprinting.nl\/es\/categor\u00eda\/publicidad-interior\/presentacion\/"},{"@type":"ListItem","position":5,"name":"Roll-up banners"}]},{"@type":"WebSite","@id":"https:\/\/www.amstelprinting.nl\/es\/#website","url":"https:\/\/www.amstelprinting.nl\/es\/","name":"Amstel Printing","description":"Creating Exposure","publisher":{"@id":"https:\/\/www.amstelprinting.nl\/es\/#organization"},"potentialAction":[{"@type":"SearchAction","target":{"@type":"EntryPoint","urlTemplate":"https:\/\/www.amstelprinting.nl\/es\/?s={search_term_string}"},"query-input":{"@type":"PropertyValueSpecification","valueRequired":true,"valueName":"search_term_string"}}],"inLanguage":"es"},{"@type":"Organization","@id":"https:\/\/www.amstelprinting.nl\/es\/#organization","name":"Amstel Printing","url":"https:\/\/www.amstelprinting.nl\/es\/","logo":{"@type":"ImageObject","inLanguage":"es","@id":"https:\/\/www.amstelprinting.nl\/es\/#\/schema\/logo\/image\/","url":"https:\/\/www.amstelprinting.nl\/wp-content\/uploads\/amstel_printing_logo_clean.png","contentUrl":"https:\/\/www.amstelprinting.nl\/wp-content\/uploads\/amstel_printing_logo_clean.png","width":324,"height":73,"caption":"Amstel Printing"},"image":{"@id":"https:\/\/www.amstelprinting.nl\/es\/#\/schema\/logo\/image\/"}}]}},"_links":{"self":[{"href":"https:\/\/www.amstelprinting.nl\/es\/wp-json\/wp\/v2\/product\/14977","targetHints":{"allow":["GET"]}}],"collection":[{"href":"https:\/\/www.amstelprinting.nl\/es\/wp-json\/wp\/v2\/product"}],"about":[{"href":"https:\/\/www.amstelprinting.nl\/es\/wp-json\/wp\/v2\/types\/product"}],"wp:featuredmedia":[{"embeddable":true,"href":"https:\/\/www.amstelprinting.nl\/es\/wp-json\/wp\/v2\/media\/25245"}],"wp:attachment":[{"href":"https:\/\/www.amstelprinting.nl\/es\/wp-json\/wp\/v2\/media?parent=14977"}],"wp:term":[{"taxonomy":"product_brand","embeddable":true,"href":"https:\/\/www.amstelprinting.nl\/es\/wp-json\/wp\/v2\/product_brand?post=14977"},{"taxonomy":"product_cat","embeddable":true,"href":"https:\/\/www.amstelprinting.nl\/es\/wp-json\/wp\/v2\/product_cat?post=14977"},{"taxonomy":"product_tag","embeddable":true,"href":"https:\/\/www.amstelprinting.nl\/es\/wp-json\/wp\/v2\/product_tag?post=14977"}],"curies":[{"name":"wp","href":"https:\/\/api.w.org\/{rel}","templated":true}]}}