{"id":14992,"date":"2025-01-24T11:24:57","date_gmt":"2025-01-24T10:24:57","guid":{"rendered":"https:\/\/www.amstelprinting.nl\/winkel\/sin%20categor\u00eda\/premium-roll-up-banner\/"},"modified":"2026-04-14T15:27:40","modified_gmt":"2026-04-14T13:27:40","slug":"banner-roll-up-premium","status":"publish","type":"product","link":"https:\/\/www.amstelprinting.nl\/es\/tienda\/feria-y-evento\/enrollar-pancartas\/banner-roll-up-premium\/","title":{"rendered":"Banner roll-up Premium"},"content":{"rendered":"<h3>Pedir banner Roll-up Premium<\/h3>\n<p>El banner Roll-up Premium est\u00e1 dise\u00f1ado para un uso frecuente. El soporte premium est\u00e1 disponible en plata (aluminio) o negro y cuenta con una base extensible, lo que garantiza estabilidad y facilidad de uso. Para su banner Roll-up Premium, puede elegir entre tres tama\u00f1os diferentes: 85 cm x 200 cm, 100 cm x 200 cm o 120 cm x 200 cm. Adem\u00e1s, ofrecemos una amplia gama de materiales para su banner Roll-up:<\/p>\n<ul>\n<li><strong>Banner 510<\/strong>: lona de PVC con acabado brillante, apta tanto para interiores como para exteriores. Certificado B1 de seguridad contra incendios.<\/li>\n<li><strong>Airtex<\/strong>: lona de PVC antiarrugas de 330 g\/m2, f\u00e1cil de usar y con certificaci\u00f3n B1 de seguridad.<\/li>\n<li><strong>SanoTex<\/strong>: lona duradera sin PVC con trasera gris, respetuosa con el medio ambiente y con certificado ign\u00edfugo.<\/li>\n<li><strong>Banner Blanco y Negro<\/strong>: lona de PVC block-out con trasera negra, apta para interiores y exteriores, con certificado B1.<\/li>\n<li><strong>Material Roll Up<\/strong>: lona de PVC repelente al agua, ideal para uso en interiores.<\/li>\n<\/ul>\n<p>&nbsp;<\/p>\n<h3>Ventajas del banner Roll-up Premium<\/h3>\n<ul>\n<li>Apto para usos m\u00faltiples<\/li>\n<li>Disponible en cinco formatos fijos<\/li>\n<li>Listo para la presentaci\u00f3n en pocos minutos<\/li>\n<li>El banner es sustituible (en caso de cambio de dise\u00f1o)<\/li>\n<li>Elija el soporte que desee: en aluminio (plata) o negro<\/li>\n<li>Incluye una pr\u00e1ctica bolsa de transporte para un traslado compacto<\/li>\n<li>Resistente al fuego: material con certificaci\u00f3n B1<\/li>\n<li>Pida iluminaci\u00f3n opcional<\/li>\n<\/ul>\n<p>&nbsp;<\/p>\n<h3>Transporte compacto<\/h3>\n<p>Cada banner Roll-up Premium se entrega con una bolsa de transporte de nailon para facilitar su transporte y almacenamiento.<\/p>\n<h3>Accesorios<\/h3>\n<p>Aumente la visibilidad de su mensaje con la iluminaci\u00f3n LED opcional, disponible en aluminio plateado. Esto permite que su banner siga siendo eficaz incluso en entornos oscuros.<\/p>\n<p>Haga de su pr\u00f3xima presentaci\u00f3n un \u00e9xito memorable con este banner Roll-up Premium. Con su versatilidad de materiales, tama\u00f1os y facilidad de uso, este banner Roll-up garantiza una apariencia profesional. A\u00f1ada iluminaci\u00f3n LED opcional para un impacto adicional en cualquier entorno. Elija el banner Roll-up Premium y deje que su mensaje brille.<\/p>\n<h3>Preguntas frecuentes<\/h3>\n<p><strong>\u00bfPuedo sustituir el banner yo mismo?<\/strong><br \/>\nS\u00ed, es posible sustituir el banner usted mismo en los modelos Premium, Deluxe y XXL. Estos soportes est\u00e1n dise\u00f1ados para facilitar la sustituci\u00f3n del banner, de modo que pueda hacerlo de forma r\u00e1pida y eficaz.<\/p>\n<p><strong>\u00bfA qu\u00e9 debo prestar atenci\u00f3n al montar el banner Roll-up?<\/strong><br \/>\nAl montar el banner Roll-up, es importante asegurarse de no desenrollar la lona demasiado. Esto ayuda a evitar da\u00f1os irreparables en el sistema. Tampoco olvide volver a fijar correctamente el pasador en el soporte. Este pasador es esencial para fijar la lona, lo que facilita la sustituci\u00f3n del banner Roll-up m\u00e1s adelante. Aseg\u00farese de que todo est\u00e9 bien sujeto antes de desenrollar completamente el banner Roll-up.<\/p>\n","protected":false},"excerpt":{"rendered":"<h3>Banner Roll-up independiente en soporte compacto, incluye bolsa de transporte<\/h3>\n<p>Descubra el banner Roll-up Premium, su aliado definitivo para presentaciones exitosas en cualquier lugar. Tanto si organiza una peque\u00f1a reuni\u00f3n como si monta un gran stand de feria, este banner Roll-up Premium combina estilo y funcionalidad sin esfuerzo para transmitir su mensaje de forma profesional y llamativa. Despu\u00e9s de su uso, simplemente vuelva a enrollar el banner en el soporte (plata o negro). El almacenamiento y el transporte se realizan con la bolsa de transporte incluida.<\/p>\n","protected":false},"featured_media":14994,"template":"","meta":{"_et_pb_use_builder":"","_et_pb_old_content":"","_et_gb_content_width":""},"product_brand":[],"product_cat":[406,431,382,379],"product_tag":[],"class_list":{"0":"post-14992","1":"product","2":"type-product","3":"status-publish","4":"has-post-thumbnail","6":"product_cat-enrollar-pancartas","7":"product_cat-feria-y-evento","8":"product_cat-presentacion","9":"product_cat-publicidad-interior","11":"first","12":"instock","13":"taxable","14":"shipping-taxable","15":"purchasable","16":"product-type-simple"},"yoast_head":"<!-- This site is optimized with the Yoast SEO plugin v27.3 - https:\/\/yoast.com\/product\/yoast-seo-wordpress\/ -->\n<title>Banner Roll-up Premium - Display independiente para su presentaci\u00f3n<\/title>\n<meta name=\"description\" content=\"Pida hoy mismo su banner Roll-up Premium y presente su mensaje de forma elegante y eficaz. Entrega al d\u00eda siguiente, f\u00e1cil de montar, duradero\" \/>\n<meta name=\"robots\" content=\"index, follow, max-snippet:-1, max-image-preview:large, max-video-preview:-1\" \/>\n<link rel=\"canonical\" href=\"https:\/\/www.amstelprinting.nl\/es\/tienda\/feria-y-evento\/enrollar-pancartas\/banner-roll-up-premium\/\" \/>\n<meta property=\"og:locale\" content=\"es_ES\" \/>\n<meta property=\"og:type\" content=\"article\" \/>\n<meta property=\"og:title\" content=\"Banner Roll-up Premium - Display independiente para su presentaci\u00f3n\" \/>\n<meta property=\"og:description\" content=\"Pida hoy mismo su banner Roll-up Premium y presente su mensaje de forma elegante y eficaz. Entrega al d\u00eda siguiente, f\u00e1cil de montar, duradero\" \/>\n<meta property=\"og:url\" content=\"https:\/\/www.amstelprinting.nl\/es\/tienda\/feria-y-evento\/enrollar-pancartas\/banner-roll-up-premium\/\" \/>\n<meta property=\"og:site_name\" content=\"Amstel Printing\" \/>\n<meta property=\"article:modified_time\" content=\"2026-04-14T13:27:40+00:00\" \/>\n<meta property=\"og:image\" content=\"https:\/\/www.amstelprinting.nl\/wp-content\/uploads\/roll-up-premium-bedrukken.png\" \/>\n\t<meta property=\"og:image:width\" content=\"900\" \/>\n\t<meta property=\"og:image:height\" content=\"900\" \/>\n\t<meta property=\"og:image:type\" content=\"image\/png\" \/>\n<meta name=\"twitter:card\" content=\"summary_large_image\" \/>\n<meta name=\"twitter:label1\" content=\"Tiempo de lectura\" \/>\n\t<meta name=\"twitter:data1\" content=\"3 minutos\" \/>\n<script type=\"application\/ld+json\" class=\"yoast-schema-graph\">{\"@context\":\"https:\\\/\\\/schema.org\",\"@graph\":[{\"@type\":\"WebPage\",\"@id\":\"https:\\\/\\\/www.amstelprinting.nl\\\/es\\\/tienda\\\/feria-y-evento\\\/enrollar-pancartas\\\/banner-roll-up-premium\\\/\",\"url\":\"https:\\\/\\\/www.amstelprinting.nl\\\/es\\\/tienda\\\/feria-y-evento\\\/enrollar-pancartas\\\/banner-roll-up-premium\\\/\",\"name\":\"Banner Roll-up Premium - Display independiente para su presentaci\u00f3n\",\"isPartOf\":{\"@id\":\"https:\\\/\\\/www.amstelprinting.nl\\\/es\\\/#website\"},\"primaryImageOfPage\":{\"@id\":\"https:\\\/\\\/www.amstelprinting.nl\\\/es\\\/tienda\\\/feria-y-evento\\\/enrollar-pancartas\\\/banner-roll-up-premium\\\/#primaryimage\"},\"image\":{\"@id\":\"https:\\\/\\\/www.amstelprinting.nl\\\/es\\\/tienda\\\/feria-y-evento\\\/enrollar-pancartas\\\/banner-roll-up-premium\\\/#primaryimage\"},\"thumbnailUrl\":\"https:\\\/\\\/www.amstelprinting.nl\\\/wp-content\\\/uploads\\\/roll-up-premium-bedrukken.png\",\"datePublished\":\"2025-01-24T10:24:57+00:00\",\"dateModified\":\"2026-04-14T13:27:40+00:00\",\"description\":\"Pida hoy mismo su banner Roll-up Premium y presente su mensaje de forma elegante y eficaz. Entrega al d\u00eda siguiente, f\u00e1cil de montar, duradero\",\"breadcrumb\":{\"@id\":\"https:\\\/\\\/www.amstelprinting.nl\\\/es\\\/tienda\\\/feria-y-evento\\\/enrollar-pancartas\\\/banner-roll-up-premium\\\/#breadcrumb\"},\"inLanguage\":\"es\",\"potentialAction\":[{\"@type\":\"ReadAction\",\"target\":[\"https:\\\/\\\/www.amstelprinting.nl\\\/es\\\/tienda\\\/feria-y-evento\\\/enrollar-pancartas\\\/banner-roll-up-premium\\\/\"]}]},{\"@type\":\"ImageObject\",\"inLanguage\":\"es\",\"@id\":\"https:\\\/\\\/www.amstelprinting.nl\\\/es\\\/tienda\\\/feria-y-evento\\\/enrollar-pancartas\\\/banner-roll-up-premium\\\/#primaryimage\",\"url\":\"https:\\\/\\\/www.amstelprinting.nl\\\/wp-content\\\/uploads\\\/roll-up-premium-bedrukken.png\",\"contentUrl\":\"https:\\\/\\\/www.amstelprinting.nl\\\/wp-content\\\/uploads\\\/roll-up-premium-bedrukken.png\",\"width\":900,\"height\":900},{\"@type\":\"BreadcrumbList\",\"@id\":\"https:\\\/\\\/www.amstelprinting.nl\\\/es\\\/tienda\\\/feria-y-evento\\\/enrollar-pancartas\\\/banner-roll-up-premium\\\/#breadcrumb\",\"itemListElement\":[{\"@type\":\"ListItem\",\"position\":1,\"name\":\"\",\"item\":\"https:\\\/\\\/www.amstelprinting.nl\\\/es\\\/\"},{\"@type\":\"ListItem\",\"position\":2,\"name\":\"Amstel Printing\",\"item\":\"https:\\\/\\\/www.amstelprinting.nl\\\/es\\\/comercio\\\/\"},{\"@type\":\"ListItem\",\"position\":3,\"name\":\"Publicidad interior\",\"item\":\"https:\\\/\\\/www.amstelprinting.nl\\\/es\\\/categor\u00eda\\\/publicidad-interior\\\/\"},{\"@type\":\"ListItem\",\"position\":4,\"name\":\"Presentaci\u00f3n\",\"item\":\"https:\\\/\\\/www.amstelprinting.nl\\\/es\\\/categor\u00eda\\\/publicidad-interior\\\/presentacion\\\/\"},{\"@type\":\"ListItem\",\"position\":5,\"name\":\"Banner roll-up Premium\"}]},{\"@type\":\"WebSite\",\"@id\":\"https:\\\/\\\/www.amstelprinting.nl\\\/es\\\/#website\",\"url\":\"https:\\\/\\\/www.amstelprinting.nl\\\/es\\\/\",\"name\":\"Amstel Printing\",\"description\":\"Creating Exposure\",\"publisher\":{\"@id\":\"https:\\\/\\\/www.amstelprinting.nl\\\/es\\\/#organization\"},\"potentialAction\":[{\"@type\":\"SearchAction\",\"target\":{\"@type\":\"EntryPoint\",\"urlTemplate\":\"https:\\\/\\\/www.amstelprinting.nl\\\/es\\\/?s={search_term_string}\"},\"query-input\":{\"@type\":\"PropertyValueSpecification\",\"valueRequired\":true,\"valueName\":\"search_term_string\"}}],\"inLanguage\":\"es\"},{\"@type\":\"Organization\",\"@id\":\"https:\\\/\\\/www.amstelprinting.nl\\\/es\\\/#organization\",\"name\":\"Amstel Printing\",\"url\":\"https:\\\/\\\/www.amstelprinting.nl\\\/es\\\/\",\"logo\":{\"@type\":\"ImageObject\",\"inLanguage\":\"es\",\"@id\":\"https:\\\/\\\/www.amstelprinting.nl\\\/es\\\/#\\\/schema\\\/logo\\\/image\\\/\",\"url\":\"https:\\\/\\\/www.amstelprinting.nl\\\/wp-content\\\/uploads\\\/amstel_printing_logo_clean.png\",\"contentUrl\":\"https:\\\/\\\/www.amstelprinting.nl\\\/wp-content\\\/uploads\\\/amstel_printing_logo_clean.png\",\"width\":324,\"height\":73,\"caption\":\"Amstel Printing\"},\"image\":{\"@id\":\"https:\\\/\\\/www.amstelprinting.nl\\\/es\\\/#\\\/schema\\\/logo\\\/image\\\/\"}}]}<\/script>\n<!-- \/ Yoast SEO plugin. -->","yoast_head_json":{"title":"Banner Roll-up Premium - Display independiente para su presentaci\u00f3n","description":"Pida hoy mismo su banner Roll-up Premium y presente su mensaje de forma elegante y eficaz. Entrega al d\u00eda siguiente, f\u00e1cil de montar, duradero","robots":{"index":"index","follow":"follow","max-snippet":"max-snippet:-1","max-image-preview":"max-image-preview:large","max-video-preview":"max-video-preview:-1"},"canonical":"https:\/\/www.amstelprinting.nl\/es\/tienda\/feria-y-evento\/enrollar-pancartas\/banner-roll-up-premium\/","og_locale":"es_ES","og_type":"article","og_title":"Banner Roll-up Premium - Display independiente para su presentaci\u00f3n","og_description":"Pida hoy mismo su banner Roll-up Premium y presente su mensaje de forma elegante y eficaz. Entrega al d\u00eda siguiente, f\u00e1cil de montar, duradero","og_url":"https:\/\/www.amstelprinting.nl\/es\/tienda\/feria-y-evento\/enrollar-pancartas\/banner-roll-up-premium\/","og_site_name":"Amstel Printing","article_modified_time":"2026-04-14T13:27:40+00:00","og_image":[{"width":900,"height":900,"url":"https:\/\/www.amstelprinting.nl\/wp-content\/uploads\/roll-up-premium-bedrukken.png","type":"image\/png"}],"twitter_card":"summary_large_image","twitter_misc":{"Tiempo de lectura":"3 minutos"},"schema":{"@context":"https:\/\/schema.org","@graph":[{"@type":"WebPage","@id":"https:\/\/www.amstelprinting.nl\/es\/tienda\/feria-y-evento\/enrollar-pancartas\/banner-roll-up-premium\/","url":"https:\/\/www.amstelprinting.nl\/es\/tienda\/feria-y-evento\/enrollar-pancartas\/banner-roll-up-premium\/","name":"Banner Roll-up Premium - Display independiente para su presentaci\u00f3n","isPartOf":{"@id":"https:\/\/www.amstelprinting.nl\/es\/#website"},"primaryImageOfPage":{"@id":"https:\/\/www.amstelprinting.nl\/es\/tienda\/feria-y-evento\/enrollar-pancartas\/banner-roll-up-premium\/#primaryimage"},"image":{"@id":"https:\/\/www.amstelprinting.nl\/es\/tienda\/feria-y-evento\/enrollar-pancartas\/banner-roll-up-premium\/#primaryimage"},"thumbnailUrl":"https:\/\/www.amstelprinting.nl\/wp-content\/uploads\/roll-up-premium-bedrukken.png","datePublished":"2025-01-24T10:24:57+00:00","dateModified":"2026-04-14T13:27:40+00:00","description":"Pida hoy mismo su banner Roll-up Premium y presente su mensaje de forma elegante y eficaz. Entrega al d\u00eda siguiente, f\u00e1cil de montar, duradero","breadcrumb":{"@id":"https:\/\/www.amstelprinting.nl\/es\/tienda\/feria-y-evento\/enrollar-pancartas\/banner-roll-up-premium\/#breadcrumb"},"inLanguage":"es","potentialAction":[{"@type":"ReadAction","target":["https:\/\/www.amstelprinting.nl\/es\/tienda\/feria-y-evento\/enrollar-pancartas\/banner-roll-up-premium\/"]}]},{"@type":"ImageObject","inLanguage":"es","@id":"https:\/\/www.amstelprinting.nl\/es\/tienda\/feria-y-evento\/enrollar-pancartas\/banner-roll-up-premium\/#primaryimage","url":"https:\/\/www.amstelprinting.nl\/wp-content\/uploads\/roll-up-premium-bedrukken.png","contentUrl":"https:\/\/www.amstelprinting.nl\/wp-content\/uploads\/roll-up-premium-bedrukken.png","width":900,"height":900},{"@type":"BreadcrumbList","@id":"https:\/\/www.amstelprinting.nl\/es\/tienda\/feria-y-evento\/enrollar-pancartas\/banner-roll-up-premium\/#breadcrumb","itemListElement":[{"@type":"ListItem","position":1,"name":"","item":"https:\/\/www.amstelprinting.nl\/es\/"},{"@type":"ListItem","position":2,"name":"Amstel Printing","item":"https:\/\/www.amstelprinting.nl\/es\/comercio\/"},{"@type":"ListItem","position":3,"name":"Publicidad interior","item":"https:\/\/www.amstelprinting.nl\/es\/categor\u00eda\/publicidad-interior\/"},{"@type":"ListItem","position":4,"name":"Presentaci\u00f3n","item":"https:\/\/www.amstelprinting.nl\/es\/categor\u00eda\/publicidad-interior\/presentacion\/"},{"@type":"ListItem","position":5,"name":"Banner roll-up Premium"}]},{"@type":"WebSite","@id":"https:\/\/www.amstelprinting.nl\/es\/#website","url":"https:\/\/www.amstelprinting.nl\/es\/","name":"Amstel Printing","description":"Creating Exposure","publisher":{"@id":"https:\/\/www.amstelprinting.nl\/es\/#organization"},"potentialAction":[{"@type":"SearchAction","target":{"@type":"EntryPoint","urlTemplate":"https:\/\/www.amstelprinting.nl\/es\/?s={search_term_string}"},"query-input":{"@type":"PropertyValueSpecification","valueRequired":true,"valueName":"search_term_string"}}],"inLanguage":"es"},{"@type":"Organization","@id":"https:\/\/www.amstelprinting.nl\/es\/#organization","name":"Amstel Printing","url":"https:\/\/www.amstelprinting.nl\/es\/","logo":{"@type":"ImageObject","inLanguage":"es","@id":"https:\/\/www.amstelprinting.nl\/es\/#\/schema\/logo\/image\/","url":"https:\/\/www.amstelprinting.nl\/wp-content\/uploads\/amstel_printing_logo_clean.png","contentUrl":"https:\/\/www.amstelprinting.nl\/wp-content\/uploads\/amstel_printing_logo_clean.png","width":324,"height":73,"caption":"Amstel Printing"},"image":{"@id":"https:\/\/www.amstelprinting.nl\/es\/#\/schema\/logo\/image\/"}}]}},"_links":{"self":[{"href":"https:\/\/www.amstelprinting.nl\/es\/wp-json\/wp\/v2\/product\/14992","targetHints":{"allow":["GET"]}}],"collection":[{"href":"https:\/\/www.amstelprinting.nl\/es\/wp-json\/wp\/v2\/product"}],"about":[{"href":"https:\/\/www.amstelprinting.nl\/es\/wp-json\/wp\/v2\/types\/product"}],"wp:featuredmedia":[{"embeddable":true,"href":"https:\/\/www.amstelprinting.nl\/es\/wp-json\/wp\/v2\/media\/14994"}],"wp:attachment":[{"href":"https:\/\/www.amstelprinting.nl\/es\/wp-json\/wp\/v2\/media?parent=14992"}],"wp:term":[{"taxonomy":"product_brand","embeddable":true,"href":"https:\/\/www.amstelprinting.nl\/es\/wp-json\/wp\/v2\/product_brand?post=14992"},{"taxonomy":"product_cat","embeddable":true,"href":"https:\/\/www.amstelprinting.nl\/es\/wp-json\/wp\/v2\/product_cat?post=14992"},{"taxonomy":"product_tag","embeddable":true,"href":"https:\/\/www.amstelprinting.nl\/es\/wp-json\/wp\/v2\/product_tag?post=14992"}],"curies":[{"name":"wp","href":"https:\/\/api.w.org\/{rel}","templated":true}]}}