{"id":15003,"date":"2025-01-24T11:24:48","date_gmt":"2025-01-24T10:24:48","guid":{"rendered":"https:\/\/www.amstelprinting.nl\/winkel\/sin%20categor\u00eda\/deluxe-roll-up-banner\/"},"modified":"2026-02-18T12:48:19","modified_gmt":"2026-02-18T11:48:19","slug":"roll-up-banner-deluxe","status":"publish","type":"product","link":"https:\/\/www.amstelprinting.nl\/es\/tienda\/feria-y-evento\/enrollar-pancartas\/roll-up-banner-deluxe\/","title":{"rendered":"Roll-up banner Deluxe"},"content":{"rendered":"<h3>Pedir Roll-up banner Deluxe<\/h3>\n<p>Un Roll-up banner tambi\u00e9n se llama banner enrollable o simplemente roll-up. Independientemente del nombre: sigue siendo una forma pr\u00e1ctica y asequible de dar a conocer r\u00e1pidamente un producto, empresa o evento. El Roll-up banner Deluxe se puede utilizar una y otra vez, lo que lo hace especialmente pr\u00e1ctico. Tanto si organiza una reuni\u00f3n de negocios, un stand de feria o un evento promocional, este banner ofrece una versatilidad y calidad excepcionales para una experiencia de presentaci\u00f3n inolvidable.<\/p>\n<h3>Ventajas<\/h3>\n<ul>\n<li>Roll-up Banner en un casete con acabado de alta calidad<\/li>\n<li>F\u00e1cil de usar (montaje en 2 minutos)<\/li>\n<li>Disponible en dos formatos fijos<\/li>\n<li>El banner se puede sustituir (en caso de cambio de dise\u00f1o)<\/li>\n<li>Elija el casete que desee: en aluminio (plata) o negro<\/li>\n<li>Incluye una pr\u00e1ctica bolsa de transporte para un traslado compacto<\/li>\n<li>Ign\u00edfugo: Material con certificaci\u00f3n B1<\/li>\n<li>Pida iluminaci\u00f3n opcional<\/li>\n<\/ul>\n<p>&nbsp;<\/p>\n<h3>Formatos y materiales<\/h3>\n<p>El roll-up banner Deluxe est\u00e1 fabricado para m\u00faltiples usos. El casete est\u00e1 disponible en plata (aluminio) o negro. Puede elegir entre dos formatos fijos: 85 cm x 200 cm y 100 cm x 200 cm, para que siempre pueda elegir el tama\u00f1o adecuado para su presentaci\u00f3n. Adem\u00e1s, ofrecemos una amplia gama de materiales para el banner:<\/p>\n<ul>\n<li><strong>Banner 510<\/strong>: El m\u00e1s elegido &#8211; lona de PVC con un acabado brillante, adecuado tanto para uso interior como exterior. Certificaci\u00f3n B1 de seguridad contra incendios.<\/li>\n<li><strong>Airtex<\/strong>: Lona de PVC sin arrugas de 330 gr.\/m2, f\u00e1cil de usar y con certificaci\u00f3n B1 de seguridad.<\/li>\n<li><strong>SanoTex<\/strong>: Lona sostenible sin PVC con reverso gris, respetuosa con el medio ambiente y provista de certificado de ignifugaci\u00f3n.<\/li>\n<li><strong>Banner Blanco y Negro<\/strong>: Lona opaca de PVC con reverso negro, apta tanto para interior como para exterior, con certificado B1.<\/li>\n<li><strong>Material de Roll Up<\/strong>: Lona de PVC repelente al agua, perfecta para uso en interiores.<\/li>\n<\/ul>\n<p>&nbsp;<\/p>\n<h3>Transporte y almacenamiento<\/h3>\n<p>Cada roll-up banner Deluxe se entrega con una bolsa de transporte para facilitar su transporte y almacenamiento.<\/p>\n<h3>Accesorios<\/h3>\n<p>Aumente la visibilidad de su mensaje con iluminaci\u00f3n LED opcional, disponible en plata o negro. Esto permite que su roll-up banner Deluxe siga siendo eficaz incluso en entornos oscuros.<\/p>\n<p>Elija la combinaci\u00f3n definitiva de elegancia y eficacia con el roll-up banner Deluxe. Con sus diversos materiales, elegantes opciones de casete y pr\u00e1cticos accesorios como la iluminaci\u00f3n LED opcional, el roll-up banner Deluxe garantiza una apariencia profesional en cualquier evento. Ya sea que lo utilice para una presentaci\u00f3n o en una feria, su mensaje siempre destacar\u00e1 e impresionar\u00e1. Deje que su presentaci\u00f3n brille con el equilibrio perfecto entre dise\u00f1o y funcionalidad.<\/p>\n<h3>Preguntas frecuentes<\/h3>\n<p><strong>\u00bfPuedo sustituir el banner yo mismo?<\/strong><br \/>\nS\u00ed, es posible sustituir el banner usted mismo en los modelos Premium, Deluxe y XXL. Estos casetes est\u00e1n dise\u00f1ados para que la sustituci\u00f3n del banner sea sencilla, de modo que pueda hacerlo de forma r\u00e1pida y eficaz.<\/p>\n<p><strong>\u00bfA qu\u00e9 debo prestar atenci\u00f3n al montar el Roll-up banner?<\/strong><br \/>\nAl montar el Roll-up banner Deluxe, es importante asegurarse de no desenrollar la lona demasiado. Esto ayuda a evitar da\u00f1os irreparables en el sistema. No olvide tambi\u00e9n volver a fijar correctamente el pasador en el casete. Este pasador es esencial para fijar la lona, lo que facilita la sustituci\u00f3n del Roll-up banner m\u00e1s adelante. Aseg\u00farese de que todo est\u00e9 bien sujeto antes de desenrollar el Roll-up banner por completo.<\/p>\n","protected":false},"excerpt":{"rendered":"<p>El roll-up banner Deluxe es el buque insignia de nuestra gama de Roll-up Banners. Este sistema de alta calidad es tan s\u00f3lido que (a diferencia de otros sistemas) no necesita pies extensibles para mantenerse estable. El roll-up banner Deluxe est\u00e1 disponible en versi\u00f3n plateada (aluminio) y negra, y se entrega de serie con una bolsa de transporte.<\/p>\n","protected":false},"featured_media":15004,"template":"","meta":{"_et_pb_use_builder":"","_et_pb_old_content":"","_et_gb_content_width":""},"product_brand":[],"product_cat":[406,431,382,379],"product_tag":[],"class_list":{"0":"post-15003","1":"product","2":"type-product","3":"status-publish","4":"has-post-thumbnail","6":"product_cat-enrollar-pancartas","7":"product_cat-feria-y-evento","8":"product_cat-presentacion","9":"product_cat-publicidad-interior","11":"first","12":"instock","13":"taxable","14":"shipping-taxable","15":"purchasable","16":"product-type-simple"},"yoast_head":"<!-- This site is optimized with the Yoast SEO plugin v27.3 - https:\/\/yoast.com\/product\/yoast-seo-wordpress\/ -->\n<title>Roll-Up Banner Deluxe - Duradera y Profesional<\/title>\n<meta name=\"description\" content=\"Roll-Up Banner Deluxe, perfecto para ferias y eventos. F\u00e1cil de montar, incluye una bolsa de transporte para llevarlo a diferentes lugares.\" \/>\n<meta name=\"robots\" content=\"index, follow, max-snippet:-1, max-image-preview:large, max-video-preview:-1\" \/>\n<link rel=\"canonical\" href=\"https:\/\/www.amstelprinting.nl\/es\/tienda\/feria-y-evento\/enrollar-pancartas\/roll-up-banner-deluxe\/\" \/>\n<meta property=\"og:locale\" content=\"es_ES\" \/>\n<meta property=\"og:type\" content=\"article\" \/>\n<meta property=\"og:title\" content=\"Roll-Up Banner Deluxe - Duradera y Profesional\" \/>\n<meta property=\"og:description\" content=\"Roll-Up Banner Deluxe, perfecto para ferias y eventos. F\u00e1cil de montar, incluye una bolsa de transporte para llevarlo a diferentes lugares.\" \/>\n<meta property=\"og:url\" content=\"https:\/\/www.amstelprinting.nl\/es\/tienda\/feria-y-evento\/enrollar-pancartas\/roll-up-banner-deluxe\/\" \/>\n<meta property=\"og:site_name\" content=\"Amstel Printing\" \/>\n<meta property=\"article:modified_time\" content=\"2026-02-18T11:48:19+00:00\" \/>\n<meta property=\"og:image\" content=\"https:\/\/www.amstelprinting.nl\/wp-content\/uploads\/roll-up-deluxe-bedrukken-black.png\" \/>\n\t<meta property=\"og:image:width\" content=\"900\" \/>\n\t<meta property=\"og:image:height\" content=\"900\" \/>\n\t<meta property=\"og:image:type\" content=\"image\/png\" \/>\n<meta name=\"twitter:card\" content=\"summary_large_image\" \/>\n<meta name=\"twitter:label1\" content=\"Tiempo de lectura\" \/>\n\t<meta name=\"twitter:data1\" content=\"3 minutos\" \/>\n<script type=\"application\/ld+json\" class=\"yoast-schema-graph\">{\"@context\":\"https:\\\/\\\/schema.org\",\"@graph\":[{\"@type\":\"WebPage\",\"@id\":\"https:\\\/\\\/www.amstelprinting.nl\\\/es\\\/tienda\\\/feria-y-evento\\\/enrollar-pancartas\\\/roll-up-banner-deluxe\\\/\",\"url\":\"https:\\\/\\\/www.amstelprinting.nl\\\/es\\\/tienda\\\/feria-y-evento\\\/enrollar-pancartas\\\/roll-up-banner-deluxe\\\/\",\"name\":\"Roll-Up Banner Deluxe - Duradera y Profesional\",\"isPartOf\":{\"@id\":\"https:\\\/\\\/www.amstelprinting.nl\\\/es\\\/#website\"},\"primaryImageOfPage\":{\"@id\":\"https:\\\/\\\/www.amstelprinting.nl\\\/es\\\/tienda\\\/feria-y-evento\\\/enrollar-pancartas\\\/roll-up-banner-deluxe\\\/#primaryimage\"},\"image\":{\"@id\":\"https:\\\/\\\/www.amstelprinting.nl\\\/es\\\/tienda\\\/feria-y-evento\\\/enrollar-pancartas\\\/roll-up-banner-deluxe\\\/#primaryimage\"},\"thumbnailUrl\":\"https:\\\/\\\/www.amstelprinting.nl\\\/wp-content\\\/uploads\\\/roll-up-deluxe-bedrukken-black.png\",\"datePublished\":\"2025-01-24T10:24:48+00:00\",\"dateModified\":\"2026-02-18T11:48:19+00:00\",\"description\":\"Roll-Up Banner Deluxe, perfecto para ferias y eventos. F\u00e1cil de montar, incluye una bolsa de transporte para llevarlo a diferentes lugares.\",\"breadcrumb\":{\"@id\":\"https:\\\/\\\/www.amstelprinting.nl\\\/es\\\/tienda\\\/feria-y-evento\\\/enrollar-pancartas\\\/roll-up-banner-deluxe\\\/#breadcrumb\"},\"inLanguage\":\"es\",\"potentialAction\":[{\"@type\":\"ReadAction\",\"target\":[\"https:\\\/\\\/www.amstelprinting.nl\\\/es\\\/tienda\\\/feria-y-evento\\\/enrollar-pancartas\\\/roll-up-banner-deluxe\\\/\"]}]},{\"@type\":\"ImageObject\",\"inLanguage\":\"es\",\"@id\":\"https:\\\/\\\/www.amstelprinting.nl\\\/es\\\/tienda\\\/feria-y-evento\\\/enrollar-pancartas\\\/roll-up-banner-deluxe\\\/#primaryimage\",\"url\":\"https:\\\/\\\/www.amstelprinting.nl\\\/wp-content\\\/uploads\\\/roll-up-deluxe-bedrukken-black.png\",\"contentUrl\":\"https:\\\/\\\/www.amstelprinting.nl\\\/wp-content\\\/uploads\\\/roll-up-deluxe-bedrukken-black.png\",\"width\":900,\"height\":900},{\"@type\":\"BreadcrumbList\",\"@id\":\"https:\\\/\\\/www.amstelprinting.nl\\\/es\\\/tienda\\\/feria-y-evento\\\/enrollar-pancartas\\\/roll-up-banner-deluxe\\\/#breadcrumb\",\"itemListElement\":[{\"@type\":\"ListItem\",\"position\":1,\"name\":\"\",\"item\":\"https:\\\/\\\/www.amstelprinting.nl\\\/es\\\/\"},{\"@type\":\"ListItem\",\"position\":2,\"name\":\"Amstel Printing\",\"item\":\"https:\\\/\\\/www.amstelprinting.nl\\\/es\\\/comercio\\\/\"},{\"@type\":\"ListItem\",\"position\":3,\"name\":\"Publicidad interior\",\"item\":\"https:\\\/\\\/www.amstelprinting.nl\\\/es\\\/categor\u00eda\\\/publicidad-interior\\\/\"},{\"@type\":\"ListItem\",\"position\":4,\"name\":\"Presentaci\u00f3n\",\"item\":\"https:\\\/\\\/www.amstelprinting.nl\\\/es\\\/categor\u00eda\\\/publicidad-interior\\\/presentacion\\\/\"},{\"@type\":\"ListItem\",\"position\":5,\"name\":\"Roll-up banner Deluxe\"}]},{\"@type\":\"WebSite\",\"@id\":\"https:\\\/\\\/www.amstelprinting.nl\\\/es\\\/#website\",\"url\":\"https:\\\/\\\/www.amstelprinting.nl\\\/es\\\/\",\"name\":\"Amstel Printing\",\"description\":\"Creating Exposure\",\"publisher\":{\"@id\":\"https:\\\/\\\/www.amstelprinting.nl\\\/es\\\/#organization\"},\"potentialAction\":[{\"@type\":\"SearchAction\",\"target\":{\"@type\":\"EntryPoint\",\"urlTemplate\":\"https:\\\/\\\/www.amstelprinting.nl\\\/es\\\/?s={search_term_string}\"},\"query-input\":{\"@type\":\"PropertyValueSpecification\",\"valueRequired\":true,\"valueName\":\"search_term_string\"}}],\"inLanguage\":\"es\"},{\"@type\":\"Organization\",\"@id\":\"https:\\\/\\\/www.amstelprinting.nl\\\/es\\\/#organization\",\"name\":\"Amstel Printing\",\"url\":\"https:\\\/\\\/www.amstelprinting.nl\\\/es\\\/\",\"logo\":{\"@type\":\"ImageObject\",\"inLanguage\":\"es\",\"@id\":\"https:\\\/\\\/www.amstelprinting.nl\\\/es\\\/#\\\/schema\\\/logo\\\/image\\\/\",\"url\":\"https:\\\/\\\/www.amstelprinting.nl\\\/wp-content\\\/uploads\\\/amstel_printing_logo_clean.png\",\"contentUrl\":\"https:\\\/\\\/www.amstelprinting.nl\\\/wp-content\\\/uploads\\\/amstel_printing_logo_clean.png\",\"width\":324,\"height\":73,\"caption\":\"Amstel Printing\"},\"image\":{\"@id\":\"https:\\\/\\\/www.amstelprinting.nl\\\/es\\\/#\\\/schema\\\/logo\\\/image\\\/\"}}]}<\/script>\n<!-- \/ Yoast SEO plugin. -->","yoast_head_json":{"title":"Roll-Up Banner Deluxe - Duradera y Profesional","description":"Roll-Up Banner Deluxe, perfecto para ferias y eventos. F\u00e1cil de montar, incluye una bolsa de transporte para llevarlo a diferentes lugares.","robots":{"index":"index","follow":"follow","max-snippet":"max-snippet:-1","max-image-preview":"max-image-preview:large","max-video-preview":"max-video-preview:-1"},"canonical":"https:\/\/www.amstelprinting.nl\/es\/tienda\/feria-y-evento\/enrollar-pancartas\/roll-up-banner-deluxe\/","og_locale":"es_ES","og_type":"article","og_title":"Roll-Up Banner Deluxe - Duradera y Profesional","og_description":"Roll-Up Banner Deluxe, perfecto para ferias y eventos. F\u00e1cil de montar, incluye una bolsa de transporte para llevarlo a diferentes lugares.","og_url":"https:\/\/www.amstelprinting.nl\/es\/tienda\/feria-y-evento\/enrollar-pancartas\/roll-up-banner-deluxe\/","og_site_name":"Amstel Printing","article_modified_time":"2026-02-18T11:48:19+00:00","og_image":[{"width":900,"height":900,"url":"https:\/\/www.amstelprinting.nl\/wp-content\/uploads\/roll-up-deluxe-bedrukken-black.png","type":"image\/png"}],"twitter_card":"summary_large_image","twitter_misc":{"Tiempo de lectura":"3 minutos"},"schema":{"@context":"https:\/\/schema.org","@graph":[{"@type":"WebPage","@id":"https:\/\/www.amstelprinting.nl\/es\/tienda\/feria-y-evento\/enrollar-pancartas\/roll-up-banner-deluxe\/","url":"https:\/\/www.amstelprinting.nl\/es\/tienda\/feria-y-evento\/enrollar-pancartas\/roll-up-banner-deluxe\/","name":"Roll-Up Banner Deluxe - Duradera y Profesional","isPartOf":{"@id":"https:\/\/www.amstelprinting.nl\/es\/#website"},"primaryImageOfPage":{"@id":"https:\/\/www.amstelprinting.nl\/es\/tienda\/feria-y-evento\/enrollar-pancartas\/roll-up-banner-deluxe\/#primaryimage"},"image":{"@id":"https:\/\/www.amstelprinting.nl\/es\/tienda\/feria-y-evento\/enrollar-pancartas\/roll-up-banner-deluxe\/#primaryimage"},"thumbnailUrl":"https:\/\/www.amstelprinting.nl\/wp-content\/uploads\/roll-up-deluxe-bedrukken-black.png","datePublished":"2025-01-24T10:24:48+00:00","dateModified":"2026-02-18T11:48:19+00:00","description":"Roll-Up Banner Deluxe, perfecto para ferias y eventos. F\u00e1cil de montar, incluye una bolsa de transporte para llevarlo a diferentes lugares.","breadcrumb":{"@id":"https:\/\/www.amstelprinting.nl\/es\/tienda\/feria-y-evento\/enrollar-pancartas\/roll-up-banner-deluxe\/#breadcrumb"},"inLanguage":"es","potentialAction":[{"@type":"ReadAction","target":["https:\/\/www.amstelprinting.nl\/es\/tienda\/feria-y-evento\/enrollar-pancartas\/roll-up-banner-deluxe\/"]}]},{"@type":"ImageObject","inLanguage":"es","@id":"https:\/\/www.amstelprinting.nl\/es\/tienda\/feria-y-evento\/enrollar-pancartas\/roll-up-banner-deluxe\/#primaryimage","url":"https:\/\/www.amstelprinting.nl\/wp-content\/uploads\/roll-up-deluxe-bedrukken-black.png","contentUrl":"https:\/\/www.amstelprinting.nl\/wp-content\/uploads\/roll-up-deluxe-bedrukken-black.png","width":900,"height":900},{"@type":"BreadcrumbList","@id":"https:\/\/www.amstelprinting.nl\/es\/tienda\/feria-y-evento\/enrollar-pancartas\/roll-up-banner-deluxe\/#breadcrumb","itemListElement":[{"@type":"ListItem","position":1,"name":"","item":"https:\/\/www.amstelprinting.nl\/es\/"},{"@type":"ListItem","position":2,"name":"Amstel Printing","item":"https:\/\/www.amstelprinting.nl\/es\/comercio\/"},{"@type":"ListItem","position":3,"name":"Publicidad interior","item":"https:\/\/www.amstelprinting.nl\/es\/categor\u00eda\/publicidad-interior\/"},{"@type":"ListItem","position":4,"name":"Presentaci\u00f3n","item":"https:\/\/www.amstelprinting.nl\/es\/categor\u00eda\/publicidad-interior\/presentacion\/"},{"@type":"ListItem","position":5,"name":"Roll-up banner Deluxe"}]},{"@type":"WebSite","@id":"https:\/\/www.amstelprinting.nl\/es\/#website","url":"https:\/\/www.amstelprinting.nl\/es\/","name":"Amstel Printing","description":"Creating Exposure","publisher":{"@id":"https:\/\/www.amstelprinting.nl\/es\/#organization"},"potentialAction":[{"@type":"SearchAction","target":{"@type":"EntryPoint","urlTemplate":"https:\/\/www.amstelprinting.nl\/es\/?s={search_term_string}"},"query-input":{"@type":"PropertyValueSpecification","valueRequired":true,"valueName":"search_term_string"}}],"inLanguage":"es"},{"@type":"Organization","@id":"https:\/\/www.amstelprinting.nl\/es\/#organization","name":"Amstel Printing","url":"https:\/\/www.amstelprinting.nl\/es\/","logo":{"@type":"ImageObject","inLanguage":"es","@id":"https:\/\/www.amstelprinting.nl\/es\/#\/schema\/logo\/image\/","url":"https:\/\/www.amstelprinting.nl\/wp-content\/uploads\/amstel_printing_logo_clean.png","contentUrl":"https:\/\/www.amstelprinting.nl\/wp-content\/uploads\/amstel_printing_logo_clean.png","width":324,"height":73,"caption":"Amstel Printing"},"image":{"@id":"https:\/\/www.amstelprinting.nl\/es\/#\/schema\/logo\/image\/"}}]}},"_links":{"self":[{"href":"https:\/\/www.amstelprinting.nl\/es\/wp-json\/wp\/v2\/product\/15003","targetHints":{"allow":["GET"]}}],"collection":[{"href":"https:\/\/www.amstelprinting.nl\/es\/wp-json\/wp\/v2\/product"}],"about":[{"href":"https:\/\/www.amstelprinting.nl\/es\/wp-json\/wp\/v2\/types\/product"}],"wp:featuredmedia":[{"embeddable":true,"href":"https:\/\/www.amstelprinting.nl\/es\/wp-json\/wp\/v2\/media\/15004"}],"wp:attachment":[{"href":"https:\/\/www.amstelprinting.nl\/es\/wp-json\/wp\/v2\/media?parent=15003"}],"wp:term":[{"taxonomy":"product_brand","embeddable":true,"href":"https:\/\/www.amstelprinting.nl\/es\/wp-json\/wp\/v2\/product_brand?post=15003"},{"taxonomy":"product_cat","embeddable":true,"href":"https:\/\/www.amstelprinting.nl\/es\/wp-json\/wp\/v2\/product_cat?post=15003"},{"taxonomy":"product_tag","embeddable":true,"href":"https:\/\/www.amstelprinting.nl\/es\/wp-json\/wp\/v2\/product_tag?post=15003"}],"curies":[{"name":"wp","href":"https:\/\/api.w.org\/{rel}","templated":true}]}}