{"id":15013,"date":"2025-01-24T11:24:37","date_gmt":"2025-01-24T10:24:37","guid":{"rendered":"https:\/\/www.amstelprinting.nl\/winkel\/sin%20categor\u00eda\/budget-roll-up-banner\/"},"modified":"2026-04-14T15:24:59","modified_gmt":"2026-04-14T13:24:59","slug":"banner-roll-up-economico","status":"publish","type":"product","link":"https:\/\/www.amstelprinting.nl\/es\/tienda\/feria-y-evento\/enrollar-pancartas\/banner-roll-up-economico\/","title":{"rendered":"Banner roll-up econ\u00f3mico"},"content":{"rendered":"<h3>Ventajas<\/h3>\n<ul>\n<li>Precio econ\u00f3mico<\/li>\n<li>Montado en pocos minutos<\/li>\n<li>Carcasa: disponible en aluminio (plata) o negro<\/li>\n<li>Disponible en diferentes formatos y materiales con certificado B1<\/li>\n<li>Pida opcionalmente una bolsa de transporte e iluminaci\u00f3n<\/li>\n<\/ul>\n<p>&nbsp;<\/p>\n<h3>Desventajas<\/h3>\n<ul>\n<li>Menos adecuado para un uso frecuente y prolongado<\/li>\n<li>La lona no es reemplazable<\/li>\n<\/ul>\n<p>&nbsp;<\/p>\n<h3>Formatos y materiales<\/h3>\n<p>El Banner Roll-up Econ\u00f3mico est\u00e1 dise\u00f1ado para usarse varias veces. La carcasa est\u00e1 equipada con dos pies extensibles. La carcasa est\u00e1 disponible en aluminio plata o negro. Adem\u00e1s, puede elegir entre diferentes formatos: 85 cm x 200 cm, 100 cm x 200 cm o 120 cm x 200 cm. Adem\u00e1s, ofrecemos una amplia gama de materiales para su banner Roll-up Econ\u00f3mico:<\/p>\n<ul>\n<li><strong>Banner 510<\/strong>: Lona de PVC con un acabado brillante, adecuada tanto para uso interior como exterior. Certificado B1 de seguridad contra incendios.<\/li>\n<li><strong>Airtex<\/strong>: Lona de PVC sin arrugas de 330 gr.\/m2, f\u00e1cil de usar y con certificado B1 de seguridad.<\/li>\n<li><strong>SanoTex<\/strong>: Lona duradera sin PVC con reverso gris, respetuosa con el medio ambiente y con certificado de resistencia al fuego.<\/li>\n<li><strong>Lona Blanco y Negro<\/strong>: Lona de PVC block-out con reverso negro, adecuada para interior y exterior, con certificado B1.<\/li>\n<\/ul>\n<p>&nbsp;<\/p>\n<h3>Material del Roll Up: Lona de PVC repelente al agua, ideal para uso en interiores.<\/h3>\n<p>Cada banner roll-up Econ\u00f3mico puede suministrarse en una caja reutilizable con asa para facilitar el transporte, o en una pr\u00e1ctica bolsa de transporte especialmente dise\u00f1ada para banners roll-up, para que est\u00e9 listo para causar impresi\u00f3n en cualquier momento y lugar.<\/p>\n<h3>Accesorios para el Banner Roll-up Econ\u00f3mico<\/h3>\n<p>Haga que su banner Roll-up Econ\u00f3mico destaque a\u00fan m\u00e1s con la iluminaci\u00f3n LED opcional. Disponible en aluminio plata. Con ella se asegurar\u00e1 de que su mensaje sea visible incluso en entornos oscuros.<\/p>\n<p>Ya sea para ferias, presentaciones en tiendas u otros eventos empresariales, el banner Roll-up Econ\u00f3mico ofrece el equilibrio perfecto entre precio y calidad. Con varias opciones de materiales, formatos y pr\u00e1cticas soluciones de embalaje, siempre estar\u00e1 listo para causar impacto. Elija el banner roll-up Econ\u00f3mico y deje que su mensaje brille dondequiera que est\u00e9.<\/p>\n<h3>Preguntas frecuentes<\/h3>\n<p><strong>\u00bfPuedo reemplazar la lona yo mismo?<\/strong><br \/>\nNo, la lona del banner roll-up Econ\u00f3mico no se puede reemplazar. En los modelos Premium, Deluxe y XXL s\u00ed es posible. Estas carcasas est\u00e1n dise\u00f1adas para que el reemplazo de la lona sea sencillo, permiti\u00e9ndole hacerlo de forma r\u00e1pida y eficiente.<\/p>\n<p><strong>\u00bfA qu\u00e9 debo prestar atenci\u00f3n al montar el banner Roll-up?<\/strong><br \/>\nAl montar el banner Roll-up, es importante asegurarse de no desenrollar la lona demasiado. Esto ayuda a evitar da\u00f1os irreparables en el sistema.<\/p>\n","protected":false},"excerpt":{"rendered":"<h3>Banner Roll-up econ\u00f3mico en una carcasa compacta<\/h3>\n<p>Deje que su mensaje brille con el econ\u00f3mico banner Roll-up. Una opci\u00f3n pr\u00e1ctica para cualquier ocasi\u00f3n de presentaci\u00f3n. Ya sea un stand de feria, una presentaci\u00f3n en tienda o un evento corporativo; este banner Roll-up econ\u00f3mico ofrece todo lo que necesita. El banner Roll-up se monta en pocos minutos. Despu\u00e9s de su uso, la lona vuelve a guardarse en la carcasa compacta. Con la bolsa de transporte (opcional), podr\u00e1 guardarlo y transportarlo f\u00e1cilmente. Puede elegir entre un set completo con carcasa e impresi\u00f3n, o solo la impresi\u00f3n o la carcasa, dependiendo de sus necesidades.<\/p>\n","protected":false},"featured_media":14993,"template":"","meta":{"_et_pb_use_builder":"","_et_pb_old_content":"","_et_gb_content_width":""},"product_brand":[],"product_cat":[406,431,382,379],"product_tag":[],"class_list":{"0":"post-15013","1":"product","2":"type-product","3":"status-publish","4":"has-post-thumbnail","6":"product_cat-enrollar-pancartas","7":"product_cat-feria-y-evento","8":"product_cat-presentacion","9":"product_cat-publicidad-interior","11":"first","12":"instock","13":"taxable","14":"shipping-taxable","15":"purchasable","16":"product-type-simple"},"yoast_head":"<!-- This site is optimized with the Yoast SEO plugin v27.3 - https:\/\/yoast.com\/product\/yoast-seo-wordpress\/ -->\n<title>Banner Roll-up Econ\u00f3mico - Soluci\u00f3n de pantalla compacta<\/title>\n<meta name=\"description\" content=\"El Banner Roll-up Econ\u00f3mico de Amstel Printing es ideal para ferias y eventos. Ligero, f\u00e1cil de montar y fabricado con material duradero.\" \/>\n<meta name=\"robots\" content=\"index, follow, max-snippet:-1, max-image-preview:large, max-video-preview:-1\" \/>\n<link rel=\"canonical\" href=\"https:\/\/www.amstelprinting.nl\/es\/tienda\/feria-y-evento\/enrollar-pancartas\/banner-roll-up-economico\/\" \/>\n<meta property=\"og:locale\" content=\"es_ES\" \/>\n<meta property=\"og:type\" content=\"article\" \/>\n<meta property=\"og:title\" content=\"Banner Roll-up Econ\u00f3mico - Soluci\u00f3n de pantalla compacta\" \/>\n<meta property=\"og:description\" content=\"El Banner Roll-up Econ\u00f3mico de Amstel Printing es ideal para ferias y eventos. Ligero, f\u00e1cil de montar y fabricado con material duradero.\" \/>\n<meta property=\"og:url\" content=\"https:\/\/www.amstelprinting.nl\/es\/tienda\/feria-y-evento\/enrollar-pancartas\/banner-roll-up-economico\/\" \/>\n<meta property=\"og:site_name\" content=\"Amstel Printing\" \/>\n<meta property=\"article:modified_time\" content=\"2026-04-14T13:24:59+00:00\" \/>\n<meta property=\"og:image\" content=\"https:\/\/www.amstelprinting.nl\/wp-content\/uploads\/roll-up-budget-bedrukken.png\" \/>\n\t<meta property=\"og:image:width\" content=\"900\" \/>\n\t<meta property=\"og:image:height\" content=\"900\" \/>\n\t<meta property=\"og:image:type\" content=\"image\/png\" \/>\n<meta name=\"twitter:card\" content=\"summary_large_image\" \/>\n<meta name=\"twitter:label1\" content=\"Tiempo de lectura\" \/>\n\t<meta name=\"twitter:data1\" content=\"2 minutos\" \/>\n<script type=\"application\/ld+json\" class=\"yoast-schema-graph\">{\"@context\":\"https:\\\/\\\/schema.org\",\"@graph\":[{\"@type\":\"WebPage\",\"@id\":\"https:\\\/\\\/www.amstelprinting.nl\\\/es\\\/tienda\\\/feria-y-evento\\\/enrollar-pancartas\\\/banner-roll-up-economico\\\/\",\"url\":\"https:\\\/\\\/www.amstelprinting.nl\\\/es\\\/tienda\\\/feria-y-evento\\\/enrollar-pancartas\\\/banner-roll-up-economico\\\/\",\"name\":\"Banner Roll-up Econ\u00f3mico - Soluci\u00f3n de pantalla compacta\",\"isPartOf\":{\"@id\":\"https:\\\/\\\/www.amstelprinting.nl\\\/es\\\/#website\"},\"primaryImageOfPage\":{\"@id\":\"https:\\\/\\\/www.amstelprinting.nl\\\/es\\\/tienda\\\/feria-y-evento\\\/enrollar-pancartas\\\/banner-roll-up-economico\\\/#primaryimage\"},\"image\":{\"@id\":\"https:\\\/\\\/www.amstelprinting.nl\\\/es\\\/tienda\\\/feria-y-evento\\\/enrollar-pancartas\\\/banner-roll-up-economico\\\/#primaryimage\"},\"thumbnailUrl\":\"https:\\\/\\\/www.amstelprinting.nl\\\/wp-content\\\/uploads\\\/roll-up-budget-bedrukken.png\",\"datePublished\":\"2025-01-24T10:24:37+00:00\",\"dateModified\":\"2026-04-14T13:24:59+00:00\",\"description\":\"El Banner Roll-up Econ\u00f3mico de Amstel Printing es ideal para ferias y eventos. Ligero, f\u00e1cil de montar y fabricado con material duradero.\",\"breadcrumb\":{\"@id\":\"https:\\\/\\\/www.amstelprinting.nl\\\/es\\\/tienda\\\/feria-y-evento\\\/enrollar-pancartas\\\/banner-roll-up-economico\\\/#breadcrumb\"},\"inLanguage\":\"es\",\"potentialAction\":[{\"@type\":\"ReadAction\",\"target\":[\"https:\\\/\\\/www.amstelprinting.nl\\\/es\\\/tienda\\\/feria-y-evento\\\/enrollar-pancartas\\\/banner-roll-up-economico\\\/\"]}]},{\"@type\":\"ImageObject\",\"inLanguage\":\"es\",\"@id\":\"https:\\\/\\\/www.amstelprinting.nl\\\/es\\\/tienda\\\/feria-y-evento\\\/enrollar-pancartas\\\/banner-roll-up-economico\\\/#primaryimage\",\"url\":\"https:\\\/\\\/www.amstelprinting.nl\\\/wp-content\\\/uploads\\\/roll-up-budget-bedrukken.png\",\"contentUrl\":\"https:\\\/\\\/www.amstelprinting.nl\\\/wp-content\\\/uploads\\\/roll-up-budget-bedrukken.png\",\"width\":900,\"height\":900},{\"@type\":\"BreadcrumbList\",\"@id\":\"https:\\\/\\\/www.amstelprinting.nl\\\/es\\\/tienda\\\/feria-y-evento\\\/enrollar-pancartas\\\/banner-roll-up-economico\\\/#breadcrumb\",\"itemListElement\":[{\"@type\":\"ListItem\",\"position\":1,\"name\":\"\",\"item\":\"https:\\\/\\\/www.amstelprinting.nl\\\/es\\\/\"},{\"@type\":\"ListItem\",\"position\":2,\"name\":\"Amstel Printing\",\"item\":\"https:\\\/\\\/www.amstelprinting.nl\\\/es\\\/comercio\\\/\"},{\"@type\":\"ListItem\",\"position\":3,\"name\":\"Publicidad interior\",\"item\":\"https:\\\/\\\/www.amstelprinting.nl\\\/es\\\/categor\u00eda\\\/publicidad-interior\\\/\"},{\"@type\":\"ListItem\",\"position\":4,\"name\":\"Presentaci\u00f3n\",\"item\":\"https:\\\/\\\/www.amstelprinting.nl\\\/es\\\/categor\u00eda\\\/publicidad-interior\\\/presentacion\\\/\"},{\"@type\":\"ListItem\",\"position\":5,\"name\":\"Banner roll-up econ\u00f3mico\"}]},{\"@type\":\"WebSite\",\"@id\":\"https:\\\/\\\/www.amstelprinting.nl\\\/es\\\/#website\",\"url\":\"https:\\\/\\\/www.amstelprinting.nl\\\/es\\\/\",\"name\":\"Amstel Printing\",\"description\":\"Creating Exposure\",\"publisher\":{\"@id\":\"https:\\\/\\\/www.amstelprinting.nl\\\/es\\\/#organization\"},\"potentialAction\":[{\"@type\":\"SearchAction\",\"target\":{\"@type\":\"EntryPoint\",\"urlTemplate\":\"https:\\\/\\\/www.amstelprinting.nl\\\/es\\\/?s={search_term_string}\"},\"query-input\":{\"@type\":\"PropertyValueSpecification\",\"valueRequired\":true,\"valueName\":\"search_term_string\"}}],\"inLanguage\":\"es\"},{\"@type\":\"Organization\",\"@id\":\"https:\\\/\\\/www.amstelprinting.nl\\\/es\\\/#organization\",\"name\":\"Amstel Printing\",\"url\":\"https:\\\/\\\/www.amstelprinting.nl\\\/es\\\/\",\"logo\":{\"@type\":\"ImageObject\",\"inLanguage\":\"es\",\"@id\":\"https:\\\/\\\/www.amstelprinting.nl\\\/es\\\/#\\\/schema\\\/logo\\\/image\\\/\",\"url\":\"https:\\\/\\\/www.amstelprinting.nl\\\/wp-content\\\/uploads\\\/amstel_printing_logo_clean.png\",\"contentUrl\":\"https:\\\/\\\/www.amstelprinting.nl\\\/wp-content\\\/uploads\\\/amstel_printing_logo_clean.png\",\"width\":324,\"height\":73,\"caption\":\"Amstel Printing\"},\"image\":{\"@id\":\"https:\\\/\\\/www.amstelprinting.nl\\\/es\\\/#\\\/schema\\\/logo\\\/image\\\/\"}}]}<\/script>\n<!-- \/ Yoast SEO plugin. -->","yoast_head_json":{"title":"Banner Roll-up Econ\u00f3mico - Soluci\u00f3n de pantalla compacta","description":"El Banner Roll-up Econ\u00f3mico de Amstel Printing es ideal para ferias y eventos. Ligero, f\u00e1cil de montar y fabricado con material duradero.","robots":{"index":"index","follow":"follow","max-snippet":"max-snippet:-1","max-image-preview":"max-image-preview:large","max-video-preview":"max-video-preview:-1"},"canonical":"https:\/\/www.amstelprinting.nl\/es\/tienda\/feria-y-evento\/enrollar-pancartas\/banner-roll-up-economico\/","og_locale":"es_ES","og_type":"article","og_title":"Banner Roll-up Econ\u00f3mico - Soluci\u00f3n de pantalla compacta","og_description":"El Banner Roll-up Econ\u00f3mico de Amstel Printing es ideal para ferias y eventos. Ligero, f\u00e1cil de montar y fabricado con material duradero.","og_url":"https:\/\/www.amstelprinting.nl\/es\/tienda\/feria-y-evento\/enrollar-pancartas\/banner-roll-up-economico\/","og_site_name":"Amstel Printing","article_modified_time":"2026-04-14T13:24:59+00:00","og_image":[{"width":900,"height":900,"url":"https:\/\/www.amstelprinting.nl\/wp-content\/uploads\/roll-up-budget-bedrukken.png","type":"image\/png"}],"twitter_card":"summary_large_image","twitter_misc":{"Tiempo de lectura":"2 minutos"},"schema":{"@context":"https:\/\/schema.org","@graph":[{"@type":"WebPage","@id":"https:\/\/www.amstelprinting.nl\/es\/tienda\/feria-y-evento\/enrollar-pancartas\/banner-roll-up-economico\/","url":"https:\/\/www.amstelprinting.nl\/es\/tienda\/feria-y-evento\/enrollar-pancartas\/banner-roll-up-economico\/","name":"Banner Roll-up Econ\u00f3mico - Soluci\u00f3n de pantalla compacta","isPartOf":{"@id":"https:\/\/www.amstelprinting.nl\/es\/#website"},"primaryImageOfPage":{"@id":"https:\/\/www.amstelprinting.nl\/es\/tienda\/feria-y-evento\/enrollar-pancartas\/banner-roll-up-economico\/#primaryimage"},"image":{"@id":"https:\/\/www.amstelprinting.nl\/es\/tienda\/feria-y-evento\/enrollar-pancartas\/banner-roll-up-economico\/#primaryimage"},"thumbnailUrl":"https:\/\/www.amstelprinting.nl\/wp-content\/uploads\/roll-up-budget-bedrukken.png","datePublished":"2025-01-24T10:24:37+00:00","dateModified":"2026-04-14T13:24:59+00:00","description":"El Banner Roll-up Econ\u00f3mico de Amstel Printing es ideal para ferias y eventos. Ligero, f\u00e1cil de montar y fabricado con material duradero.","breadcrumb":{"@id":"https:\/\/www.amstelprinting.nl\/es\/tienda\/feria-y-evento\/enrollar-pancartas\/banner-roll-up-economico\/#breadcrumb"},"inLanguage":"es","potentialAction":[{"@type":"ReadAction","target":["https:\/\/www.amstelprinting.nl\/es\/tienda\/feria-y-evento\/enrollar-pancartas\/banner-roll-up-economico\/"]}]},{"@type":"ImageObject","inLanguage":"es","@id":"https:\/\/www.amstelprinting.nl\/es\/tienda\/feria-y-evento\/enrollar-pancartas\/banner-roll-up-economico\/#primaryimage","url":"https:\/\/www.amstelprinting.nl\/wp-content\/uploads\/roll-up-budget-bedrukken.png","contentUrl":"https:\/\/www.amstelprinting.nl\/wp-content\/uploads\/roll-up-budget-bedrukken.png","width":900,"height":900},{"@type":"BreadcrumbList","@id":"https:\/\/www.amstelprinting.nl\/es\/tienda\/feria-y-evento\/enrollar-pancartas\/banner-roll-up-economico\/#breadcrumb","itemListElement":[{"@type":"ListItem","position":1,"name":"","item":"https:\/\/www.amstelprinting.nl\/es\/"},{"@type":"ListItem","position":2,"name":"Amstel Printing","item":"https:\/\/www.amstelprinting.nl\/es\/comercio\/"},{"@type":"ListItem","position":3,"name":"Publicidad interior","item":"https:\/\/www.amstelprinting.nl\/es\/categor\u00eda\/publicidad-interior\/"},{"@type":"ListItem","position":4,"name":"Presentaci\u00f3n","item":"https:\/\/www.amstelprinting.nl\/es\/categor\u00eda\/publicidad-interior\/presentacion\/"},{"@type":"ListItem","position":5,"name":"Banner roll-up econ\u00f3mico"}]},{"@type":"WebSite","@id":"https:\/\/www.amstelprinting.nl\/es\/#website","url":"https:\/\/www.amstelprinting.nl\/es\/","name":"Amstel Printing","description":"Creating Exposure","publisher":{"@id":"https:\/\/www.amstelprinting.nl\/es\/#organization"},"potentialAction":[{"@type":"SearchAction","target":{"@type":"EntryPoint","urlTemplate":"https:\/\/www.amstelprinting.nl\/es\/?s={search_term_string}"},"query-input":{"@type":"PropertyValueSpecification","valueRequired":true,"valueName":"search_term_string"}}],"inLanguage":"es"},{"@type":"Organization","@id":"https:\/\/www.amstelprinting.nl\/es\/#organization","name":"Amstel Printing","url":"https:\/\/www.amstelprinting.nl\/es\/","logo":{"@type":"ImageObject","inLanguage":"es","@id":"https:\/\/www.amstelprinting.nl\/es\/#\/schema\/logo\/image\/","url":"https:\/\/www.amstelprinting.nl\/wp-content\/uploads\/amstel_printing_logo_clean.png","contentUrl":"https:\/\/www.amstelprinting.nl\/wp-content\/uploads\/amstel_printing_logo_clean.png","width":324,"height":73,"caption":"Amstel Printing"},"image":{"@id":"https:\/\/www.amstelprinting.nl\/es\/#\/schema\/logo\/image\/"}}]}},"_links":{"self":[{"href":"https:\/\/www.amstelprinting.nl\/es\/wp-json\/wp\/v2\/product\/15013","targetHints":{"allow":["GET"]}}],"collection":[{"href":"https:\/\/www.amstelprinting.nl\/es\/wp-json\/wp\/v2\/product"}],"about":[{"href":"https:\/\/www.amstelprinting.nl\/es\/wp-json\/wp\/v2\/types\/product"}],"wp:featuredmedia":[{"embeddable":true,"href":"https:\/\/www.amstelprinting.nl\/es\/wp-json\/wp\/v2\/media\/14993"}],"wp:attachment":[{"href":"https:\/\/www.amstelprinting.nl\/es\/wp-json\/wp\/v2\/media?parent=15013"}],"wp:term":[{"taxonomy":"product_brand","embeddable":true,"href":"https:\/\/www.amstelprinting.nl\/es\/wp-json\/wp\/v2\/product_brand?post=15013"},{"taxonomy":"product_cat","embeddable":true,"href":"https:\/\/www.amstelprinting.nl\/es\/wp-json\/wp\/v2\/product_cat?post=15013"},{"taxonomy":"product_tag","embeddable":true,"href":"https:\/\/www.amstelprinting.nl\/es\/wp-json\/wp\/v2\/product_tag?post=15013"}],"curies":[{"name":"wp","href":"https:\/\/api.w.org\/{rel}","templated":true}]}}