{"id":15023,"date":"2025-01-24T11:24:31","date_gmt":"2025-01-24T10:24:31","guid":{"rendered":"https:\/\/www.amstelprinting.nl\/winkel\/sin%20categor\u00eda\/roll-up-xxl\/"},"modified":"2026-04-14T15:44:26","modified_gmt":"2026-04-14T13:44:26","slug":"roll-up-xxl","status":"publish","type":"product","link":"https:\/\/www.amstelprinting.nl\/es\/tienda\/feria-y-evento\/enrollar-pancartas\/roll-up-xxl\/","title":{"rendered":"Roll-up XXL"},"content":{"rendered":"<h3>Roll-up XXL, un muro de presentaci\u00f3n compacto todo en uno de gran formato<\/h3>\n<p>Con el Roll-up XXL puede optar por su propio dise\u00f1o para comunicar su mensaje \u00fanico, o elegir uno de los 20.000 patrones est\u00e1ndar de nuestra colecci\u00f3n. Esto le ofrece la flexibilidad de adaptar el banner Roll-up XXL a sus deseos espec\u00edficos.<\/p>\n<h3>Ventajas<\/h3>\n<ul>\n<li>Visibilidad impresionante<\/li>\n<li>Sistema de presentaci\u00f3n todo en uno \u00fanico<\/li>\n<li>Elija entre 3 formatos grandes est\u00e1ndar<\/li>\n<li>Elecci\u00f3n entre dos materiales de lona<\/li>\n<li>F\u00e1cil de transportar en la bolsa incluida<\/li>\n<li>Suba su propio dise\u00f1o o elija entre 20.000 dise\u00f1os est\u00e1ndar<\/li>\n<li>Formatos y materiales<\/li>\n<\/ul>\n<p>&nbsp;<\/p>\n<h3>Pedir Banner Roll-up XXL<\/h3>\n<p>La resistente carcasa est\u00e1 equipada con dos pies extensibles para mayor estabilidad. Esto hace que el Roll-up XXL no solo sea robusto, sino tambi\u00e9n f\u00e1cil de montar y desmontar. Disponible en los formatos <strong>200 x 200 cm<\/strong>, <strong>200 x 250<\/strong> cm y <strong>200 x 300 cm<\/strong>, el Roll-up XXL ofrece espacio suficiente para presentar su mensaje de forma grandiosa.<\/p>\n<h3>Elija el material adecuado<\/h3>\n<p>Los banners Roll-up XXL est\u00e1n equipados con diferentes tipos de lonas.<\/p>\n<ul>\n<li><strong>Airtex<\/strong>: Lona de PVC sin arrugas de 330 gr.\/m\u00b2, f\u00e1cil de usar y con certificaci\u00f3n B1 de seguridad contra incendios.<\/li>\n<li><strong>SanoTex<\/strong>: Lona duradera, sin PVC con trasera gris, ecol\u00f3gica y con certificado de resistencia al fuego.<br \/>\nAccesorios<\/li>\n<\/ul>\n<p>&nbsp;<\/p>\n<h3>Almacenamiento y transporte compacto<\/h3>\n<p>Con el Roll-up XXL se incluye una pr\u00e1ctica bolsa de transporte, lo que permite el transporte y almacenamiento de su banner Roll-up. El banner es f\u00e1cil de reemplazar (y se puede pedir por separado de forma econ\u00f3mica), para que siempre est\u00e9 preparado para la pr\u00f3xima presentaci\u00f3n.<\/p>\n<p>Con formatos impresionantes, materiales de alta calidad y opciones de dise\u00f1o flexibles, este banner Roll-up ofrece la combinaci\u00f3n perfecta de visibilidad y facilidad de uso.<\/p>\n","protected":false},"excerpt":{"rendered":"<h3>Banner Roll-up extra grande: el muro de presentaci\u00f3n enrollable para ferias o eventos<\/h3>\n<p>Cause una impresi\u00f3n inolvidable con el Roll-up XXL, la soluci\u00f3n perfecta para presentaciones de gran formato. Ya sea para una feria, un evento corporativo o una presentaci\u00f3n en tienda, con este impresionante Banner Roll-up XXL marcar\u00e1 la diferencia. Disponible en los formatos 200 x 200 cm, 200 x 250 cm y 200 x 300 cm. Se entrega con bolsa incluida. \u00a1Configure su Banner Roll-up XXL en unos pocos pasos a continuaci\u00f3n!<\/p>\n","protected":false},"featured_media":15024,"template":"","meta":{"_et_pb_use_builder":"","_et_pb_old_content":"","_et_gb_content_width":""},"product_brand":[],"product_cat":[406,431,414,382,379],"product_tag":[],"class_list":{"0":"post-15023","1":"product","2":"type-product","3":"status-publish","4":"has-post-thumbnail","6":"product_cat-enrollar-pancartas","7":"product_cat-feria-y-evento","8":"product_cat-muros-de-exposicion","9":"product_cat-presentacion","10":"product_cat-publicidad-interior","12":"first","13":"instock","14":"taxable","15":"shipping-taxable","16":"purchasable","17":"product-type-simple"},"yoast_head":"<!-- This site is optimized with the Yoast SEO plugin v27.3 - https:\/\/yoast.com\/product\/yoast-seo-wordpress\/ -->\n<title>Pedir Roll-up XXL - M\u00e1xima visibilidad y entrega r\u00e1pida<\/title>\n<meta name=\"description\" content=\"Pida su Roll-up XXL hoy antes de las 21:30 y reciba ma\u00f1ana un banner profesional en formato grande. Entrega en toda Europa\" \/>\n<meta name=\"robots\" content=\"index, follow, max-snippet:-1, max-image-preview:large, max-video-preview:-1\" \/>\n<link rel=\"canonical\" href=\"https:\/\/www.amstelprinting.nl\/es\/tienda\/feria-y-evento\/enrollar-pancartas\/roll-up-xxl\/\" \/>\n<meta property=\"og:locale\" content=\"es_ES\" \/>\n<meta property=\"og:type\" content=\"article\" \/>\n<meta property=\"og:title\" content=\"Pedir Roll-up XXL - M\u00e1xima visibilidad y entrega r\u00e1pida\" \/>\n<meta property=\"og:description\" content=\"Pida su Roll-up XXL hoy antes de las 21:30 y reciba ma\u00f1ana un banner profesional en formato grande. Entrega en toda Europa\" \/>\n<meta property=\"og:url\" content=\"https:\/\/www.amstelprinting.nl\/es\/tienda\/feria-y-evento\/enrollar-pancartas\/roll-up-xxl\/\" \/>\n<meta property=\"og:site_name\" content=\"Amstel Printing\" \/>\n<meta property=\"article:modified_time\" content=\"2026-04-14T13:44:26+00:00\" \/>\n<meta property=\"og:image\" content=\"https:\/\/www.amstelprinting.nl\/wp-content\/uploads\/roll-up-xxl-bedrukken.png\" \/>\n\t<meta property=\"og:image:width\" content=\"900\" \/>\n\t<meta property=\"og:image:height\" content=\"900\" \/>\n\t<meta property=\"og:image:type\" content=\"image\/png\" \/>\n<meta name=\"twitter:card\" content=\"summary_large_image\" \/>\n<meta name=\"twitter:label1\" content=\"Tiempo de lectura\" \/>\n\t<meta name=\"twitter:data1\" content=\"2 minutos\" \/>\n<script type=\"application\/ld+json\" class=\"yoast-schema-graph\">{\"@context\":\"https:\\\/\\\/schema.org\",\"@graph\":[{\"@type\":\"WebPage\",\"@id\":\"https:\\\/\\\/www.amstelprinting.nl\\\/es\\\/tienda\\\/feria-y-evento\\\/enrollar-pancartas\\\/roll-up-xxl\\\/\",\"url\":\"https:\\\/\\\/www.amstelprinting.nl\\\/es\\\/tienda\\\/feria-y-evento\\\/enrollar-pancartas\\\/roll-up-xxl\\\/\",\"name\":\"Pedir Roll-up XXL - M\u00e1xima visibilidad y entrega r\u00e1pida\",\"isPartOf\":{\"@id\":\"https:\\\/\\\/www.amstelprinting.nl\\\/es\\\/#website\"},\"primaryImageOfPage\":{\"@id\":\"https:\\\/\\\/www.amstelprinting.nl\\\/es\\\/tienda\\\/feria-y-evento\\\/enrollar-pancartas\\\/roll-up-xxl\\\/#primaryimage\"},\"image\":{\"@id\":\"https:\\\/\\\/www.amstelprinting.nl\\\/es\\\/tienda\\\/feria-y-evento\\\/enrollar-pancartas\\\/roll-up-xxl\\\/#primaryimage\"},\"thumbnailUrl\":\"https:\\\/\\\/www.amstelprinting.nl\\\/wp-content\\\/uploads\\\/roll-up-xxl-bedrukken.png\",\"datePublished\":\"2025-01-24T10:24:31+00:00\",\"dateModified\":\"2026-04-14T13:44:26+00:00\",\"description\":\"Pida su Roll-up XXL hoy antes de las 21:30 y reciba ma\u00f1ana un banner profesional en formato grande. Entrega en toda Europa\",\"breadcrumb\":{\"@id\":\"https:\\\/\\\/www.amstelprinting.nl\\\/es\\\/tienda\\\/feria-y-evento\\\/enrollar-pancartas\\\/roll-up-xxl\\\/#breadcrumb\"},\"inLanguage\":\"es\",\"potentialAction\":[{\"@type\":\"ReadAction\",\"target\":[\"https:\\\/\\\/www.amstelprinting.nl\\\/es\\\/tienda\\\/feria-y-evento\\\/enrollar-pancartas\\\/roll-up-xxl\\\/\"]}]},{\"@type\":\"ImageObject\",\"inLanguage\":\"es\",\"@id\":\"https:\\\/\\\/www.amstelprinting.nl\\\/es\\\/tienda\\\/feria-y-evento\\\/enrollar-pancartas\\\/roll-up-xxl\\\/#primaryimage\",\"url\":\"https:\\\/\\\/www.amstelprinting.nl\\\/wp-content\\\/uploads\\\/roll-up-xxl-bedrukken.png\",\"contentUrl\":\"https:\\\/\\\/www.amstelprinting.nl\\\/wp-content\\\/uploads\\\/roll-up-xxl-bedrukken.png\",\"width\":900,\"height\":900},{\"@type\":\"BreadcrumbList\",\"@id\":\"https:\\\/\\\/www.amstelprinting.nl\\\/es\\\/tienda\\\/feria-y-evento\\\/enrollar-pancartas\\\/roll-up-xxl\\\/#breadcrumb\",\"itemListElement\":[{\"@type\":\"ListItem\",\"position\":1,\"name\":\"\",\"item\":\"https:\\\/\\\/www.amstelprinting.nl\\\/es\\\/\"},{\"@type\":\"ListItem\",\"position\":2,\"name\":\"Amstel Printing\",\"item\":\"https:\\\/\\\/www.amstelprinting.nl\\\/es\\\/comercio\\\/\"},{\"@type\":\"ListItem\",\"position\":3,\"name\":\"Publicidad interior\",\"item\":\"https:\\\/\\\/www.amstelprinting.nl\\\/es\\\/categor\u00eda\\\/publicidad-interior\\\/\"},{\"@type\":\"ListItem\",\"position\":4,\"name\":\"Presentaci\u00f3n\",\"item\":\"https:\\\/\\\/www.amstelprinting.nl\\\/es\\\/categor\u00eda\\\/publicidad-interior\\\/presentacion\\\/\"},{\"@type\":\"ListItem\",\"position\":5,\"name\":\"Roll-up XXL\"}]},{\"@type\":\"WebSite\",\"@id\":\"https:\\\/\\\/www.amstelprinting.nl\\\/es\\\/#website\",\"url\":\"https:\\\/\\\/www.amstelprinting.nl\\\/es\\\/\",\"name\":\"Amstel Printing\",\"description\":\"Creating Exposure\",\"publisher\":{\"@id\":\"https:\\\/\\\/www.amstelprinting.nl\\\/es\\\/#organization\"},\"potentialAction\":[{\"@type\":\"SearchAction\",\"target\":{\"@type\":\"EntryPoint\",\"urlTemplate\":\"https:\\\/\\\/www.amstelprinting.nl\\\/es\\\/?s={search_term_string}\"},\"query-input\":{\"@type\":\"PropertyValueSpecification\",\"valueRequired\":true,\"valueName\":\"search_term_string\"}}],\"inLanguage\":\"es\"},{\"@type\":\"Organization\",\"@id\":\"https:\\\/\\\/www.amstelprinting.nl\\\/es\\\/#organization\",\"name\":\"Amstel Printing\",\"url\":\"https:\\\/\\\/www.amstelprinting.nl\\\/es\\\/\",\"logo\":{\"@type\":\"ImageObject\",\"inLanguage\":\"es\",\"@id\":\"https:\\\/\\\/www.amstelprinting.nl\\\/es\\\/#\\\/schema\\\/logo\\\/image\\\/\",\"url\":\"https:\\\/\\\/www.amstelprinting.nl\\\/wp-content\\\/uploads\\\/amstel_printing_logo_clean.png\",\"contentUrl\":\"https:\\\/\\\/www.amstelprinting.nl\\\/wp-content\\\/uploads\\\/amstel_printing_logo_clean.png\",\"width\":324,\"height\":73,\"caption\":\"Amstel Printing\"},\"image\":{\"@id\":\"https:\\\/\\\/www.amstelprinting.nl\\\/es\\\/#\\\/schema\\\/logo\\\/image\\\/\"}}]}<\/script>\n<!-- \/ Yoast SEO plugin. -->","yoast_head_json":{"title":"Pedir Roll-up XXL - M\u00e1xima visibilidad y entrega r\u00e1pida","description":"Pida su Roll-up XXL hoy antes de las 21:30 y reciba ma\u00f1ana un banner profesional en formato grande. Entrega en toda Europa","robots":{"index":"index","follow":"follow","max-snippet":"max-snippet:-1","max-image-preview":"max-image-preview:large","max-video-preview":"max-video-preview:-1"},"canonical":"https:\/\/www.amstelprinting.nl\/es\/tienda\/feria-y-evento\/enrollar-pancartas\/roll-up-xxl\/","og_locale":"es_ES","og_type":"article","og_title":"Pedir Roll-up XXL - M\u00e1xima visibilidad y entrega r\u00e1pida","og_description":"Pida su Roll-up XXL hoy antes de las 21:30 y reciba ma\u00f1ana un banner profesional en formato grande. Entrega en toda Europa","og_url":"https:\/\/www.amstelprinting.nl\/es\/tienda\/feria-y-evento\/enrollar-pancartas\/roll-up-xxl\/","og_site_name":"Amstel Printing","article_modified_time":"2026-04-14T13:44:26+00:00","og_image":[{"width":900,"height":900,"url":"https:\/\/www.amstelprinting.nl\/wp-content\/uploads\/roll-up-xxl-bedrukken.png","type":"image\/png"}],"twitter_card":"summary_large_image","twitter_misc":{"Tiempo de lectura":"2 minutos"},"schema":{"@context":"https:\/\/schema.org","@graph":[{"@type":"WebPage","@id":"https:\/\/www.amstelprinting.nl\/es\/tienda\/feria-y-evento\/enrollar-pancartas\/roll-up-xxl\/","url":"https:\/\/www.amstelprinting.nl\/es\/tienda\/feria-y-evento\/enrollar-pancartas\/roll-up-xxl\/","name":"Pedir Roll-up XXL - M\u00e1xima visibilidad y entrega r\u00e1pida","isPartOf":{"@id":"https:\/\/www.amstelprinting.nl\/es\/#website"},"primaryImageOfPage":{"@id":"https:\/\/www.amstelprinting.nl\/es\/tienda\/feria-y-evento\/enrollar-pancartas\/roll-up-xxl\/#primaryimage"},"image":{"@id":"https:\/\/www.amstelprinting.nl\/es\/tienda\/feria-y-evento\/enrollar-pancartas\/roll-up-xxl\/#primaryimage"},"thumbnailUrl":"https:\/\/www.amstelprinting.nl\/wp-content\/uploads\/roll-up-xxl-bedrukken.png","datePublished":"2025-01-24T10:24:31+00:00","dateModified":"2026-04-14T13:44:26+00:00","description":"Pida su Roll-up XXL hoy antes de las 21:30 y reciba ma\u00f1ana un banner profesional en formato grande. Entrega en toda Europa","breadcrumb":{"@id":"https:\/\/www.amstelprinting.nl\/es\/tienda\/feria-y-evento\/enrollar-pancartas\/roll-up-xxl\/#breadcrumb"},"inLanguage":"es","potentialAction":[{"@type":"ReadAction","target":["https:\/\/www.amstelprinting.nl\/es\/tienda\/feria-y-evento\/enrollar-pancartas\/roll-up-xxl\/"]}]},{"@type":"ImageObject","inLanguage":"es","@id":"https:\/\/www.amstelprinting.nl\/es\/tienda\/feria-y-evento\/enrollar-pancartas\/roll-up-xxl\/#primaryimage","url":"https:\/\/www.amstelprinting.nl\/wp-content\/uploads\/roll-up-xxl-bedrukken.png","contentUrl":"https:\/\/www.amstelprinting.nl\/wp-content\/uploads\/roll-up-xxl-bedrukken.png","width":900,"height":900},{"@type":"BreadcrumbList","@id":"https:\/\/www.amstelprinting.nl\/es\/tienda\/feria-y-evento\/enrollar-pancartas\/roll-up-xxl\/#breadcrumb","itemListElement":[{"@type":"ListItem","position":1,"name":"","item":"https:\/\/www.amstelprinting.nl\/es\/"},{"@type":"ListItem","position":2,"name":"Amstel Printing","item":"https:\/\/www.amstelprinting.nl\/es\/comercio\/"},{"@type":"ListItem","position":3,"name":"Publicidad interior","item":"https:\/\/www.amstelprinting.nl\/es\/categor\u00eda\/publicidad-interior\/"},{"@type":"ListItem","position":4,"name":"Presentaci\u00f3n","item":"https:\/\/www.amstelprinting.nl\/es\/categor\u00eda\/publicidad-interior\/presentacion\/"},{"@type":"ListItem","position":5,"name":"Roll-up XXL"}]},{"@type":"WebSite","@id":"https:\/\/www.amstelprinting.nl\/es\/#website","url":"https:\/\/www.amstelprinting.nl\/es\/","name":"Amstel Printing","description":"Creating Exposure","publisher":{"@id":"https:\/\/www.amstelprinting.nl\/es\/#organization"},"potentialAction":[{"@type":"SearchAction","target":{"@type":"EntryPoint","urlTemplate":"https:\/\/www.amstelprinting.nl\/es\/?s={search_term_string}"},"query-input":{"@type":"PropertyValueSpecification","valueRequired":true,"valueName":"search_term_string"}}],"inLanguage":"es"},{"@type":"Organization","@id":"https:\/\/www.amstelprinting.nl\/es\/#organization","name":"Amstel Printing","url":"https:\/\/www.amstelprinting.nl\/es\/","logo":{"@type":"ImageObject","inLanguage":"es","@id":"https:\/\/www.amstelprinting.nl\/es\/#\/schema\/logo\/image\/","url":"https:\/\/www.amstelprinting.nl\/wp-content\/uploads\/amstel_printing_logo_clean.png","contentUrl":"https:\/\/www.amstelprinting.nl\/wp-content\/uploads\/amstel_printing_logo_clean.png","width":324,"height":73,"caption":"Amstel Printing"},"image":{"@id":"https:\/\/www.amstelprinting.nl\/es\/#\/schema\/logo\/image\/"}}]}},"_links":{"self":[{"href":"https:\/\/www.amstelprinting.nl\/es\/wp-json\/wp\/v2\/product\/15023","targetHints":{"allow":["GET"]}}],"collection":[{"href":"https:\/\/www.amstelprinting.nl\/es\/wp-json\/wp\/v2\/product"}],"about":[{"href":"https:\/\/www.amstelprinting.nl\/es\/wp-json\/wp\/v2\/types\/product"}],"wp:featuredmedia":[{"embeddable":true,"href":"https:\/\/www.amstelprinting.nl\/es\/wp-json\/wp\/v2\/media\/15024"}],"wp:attachment":[{"href":"https:\/\/www.amstelprinting.nl\/es\/wp-json\/wp\/v2\/media?parent=15023"}],"wp:term":[{"taxonomy":"product_brand","embeddable":true,"href":"https:\/\/www.amstelprinting.nl\/es\/wp-json\/wp\/v2\/product_brand?post=15023"},{"taxonomy":"product_cat","embeddable":true,"href":"https:\/\/www.amstelprinting.nl\/es\/wp-json\/wp\/v2\/product_cat?post=15023"},{"taxonomy":"product_tag","embeddable":true,"href":"https:\/\/www.amstelprinting.nl\/es\/wp-json\/wp\/v2\/product_tag?post=15023"}],"curies":[{"name":"wp","href":"https:\/\/api.w.org\/{rel}","templated":true}]}}