{"id":15033,"date":"2025-01-24T11:24:26","date_gmt":"2025-01-24T10:24:26","guid":{"rendered":"https:\/\/www.amstelprinting.nl\/winkel\/sin%20categor\u00eda\/x-banner\/"},"modified":"2026-02-10T12:45:51","modified_gmt":"2026-02-10T11:45:51","slug":"x-banner","status":"publish","type":"product","link":"https:\/\/www.amstelprinting.nl\/es\/tienda\/feria-y-evento\/enrollar-pancartas\/x-banner\/","title":{"rendered":"X-banner"},"content":{"rendered":"<h3>Imprimir X-banner con el dise\u00f1o de su elecci\u00f3n<\/h3>\n<p>El X-banner se entrega con un soporte \u00fanico en forma de X que no solo es elegante, sino que tambi\u00e9n ofrece la m\u00e1xima estabilidad. Con un tama\u00f1o de 80 cm x 200 cm, este banner encaja perfectamente en cualquier entorno de presentaci\u00f3n, desde ferias hasta eventos corporativos.<\/p>\n<h3>Formato y material<\/h3>\n<p>La lona del banner est\u00e1 fabricada en Banner 510, un material de PVC duradero con un acabado brillante. Este material cuenta con la certificaci\u00f3n B1 de seguridad contra incendios, lo que lo hace ideal para uso en interiores.<\/p>\n<h3>Ventajas<\/h3>\n<ul>\n<li>Banner ligero<\/li>\n<li>Banner 510 con certificado de incendio B1<\/li>\n<li>Presentaci\u00f3n econ\u00f3mica<\/li>\n<li>F\u00e1cil y r\u00e1pido de usar<\/li>\n<li>Se entrega con una pr\u00e1ctica bolsa de transporte<\/li>\n<li>\u00bfNuevo dise\u00f1o? Pida una impresi\u00f3n suelta econ\u00f3mica<\/li>\n<li>Entrega r\u00e1pida: enviado en 1 d\u00eda h\u00e1bil<\/li>\n<\/ul>\n<p>&nbsp;<\/p>\n<h3>Acabado<\/h3>\n<p>La lona del X-banner est\u00e1 equipada con una arandela en cada esquina que hace que colgarla y sustituirla en la estructura sea f\u00e1cil y r\u00e1pido. Adem\u00e1s, el banner se entrega con una bolsa de almacenamiento para que pueda transportar la estructura de forma segura y sencilla.<\/p>\n<p>Elija el X-banner y experimente la combinaci\u00f3n definitiva de dise\u00f1o ligero y apariencia profesional. Ya sea que se dirija a una feria, realice una presentaci\u00f3n de empresa u organice una promoci\u00f3n en una tienda, con el X-banner siempre estar\u00e1 listo para impresionar. Con su f\u00e1cil montaje, materiales de alta calidad y pr\u00e1ctica bolsa de transporte, el X-banner es la elecci\u00f3n perfecta para cualquier presentaci\u00f3n. Haga de cada ocasi\u00f3n un \u00e9xito y deje que su mensaje brille con el X-banner.<\/p>\n","protected":false},"excerpt":{"rendered":"<h3>Banner autoportante econ\u00f3mico con soporte en X<\/h3>\n<p>Descubra el X-banner, el banner autoportante m\u00e1s ligero de nuestra gama. El X-banner debe su nombre al soporte en forma de X y ha sido desarrollado especialmente para presentaciones m\u00f3viles. Este vers\u00e1til X-banner ofrece todo lo necesario para una apariencia profesional. Disponible como set completo, solo la lona o solo el sistema.<\/p>\n","protected":false},"featured_media":15034,"template":"","meta":{"_et_pb_use_builder":"","_et_pb_old_content":"","_et_gb_content_width":""},"product_brand":[],"product_cat":[406,431,382,379],"product_tag":[],"class_list":{"0":"post-15033","1":"product","2":"type-product","3":"status-publish","4":"has-post-thumbnail","6":"product_cat-enrollar-pancartas","7":"product_cat-feria-y-evento","8":"product_cat-presentacion","9":"product_cat-publicidad-interior","11":"first","12":"instock","13":"taxable","14":"shipping-taxable","15":"purchasable","16":"product-type-simple"},"yoast_head":"<!-- This site is optimized with the Yoast SEO plugin v27.3 - https:\/\/yoast.com\/product\/yoast-seo-wordpress\/ -->\n<title>X-banner - Configuraci\u00f3n f\u00e1cil para presentaciones profesionales<\/title>\n<meta name=\"description\" content=\"Pida su X-banner duradero e ign\u00edfugo con impresi\u00f3n de alta calidad. Perfecto para ferias, eventos corporativos y promociones.\" \/>\n<meta name=\"robots\" content=\"index, follow, max-snippet:-1, max-image-preview:large, max-video-preview:-1\" \/>\n<link rel=\"canonical\" href=\"https:\/\/www.amstelprinting.nl\/es\/tienda\/feria-y-evento\/enrollar-pancartas\/x-banner\/\" \/>\n<meta property=\"og:locale\" content=\"es_ES\" \/>\n<meta property=\"og:type\" content=\"article\" \/>\n<meta property=\"og:title\" content=\"X-banner - Configuraci\u00f3n f\u00e1cil para presentaciones profesionales\" \/>\n<meta property=\"og:description\" content=\"Pida su X-banner duradero e ign\u00edfugo con impresi\u00f3n de alta calidad. Perfecto para ferias, eventos corporativos y promociones.\" \/>\n<meta property=\"og:url\" content=\"https:\/\/www.amstelprinting.nl\/es\/tienda\/feria-y-evento\/enrollar-pancartas\/x-banner\/\" \/>\n<meta property=\"og:site_name\" content=\"Amstel Printing\" \/>\n<meta property=\"article:modified_time\" content=\"2026-02-10T11:45:51+00:00\" \/>\n<meta property=\"og:image\" content=\"https:\/\/www.amstelprinting.nl\/wp-content\/uploads\/x-banner-bedrukken.png\" \/>\n\t<meta property=\"og:image:width\" content=\"700\" \/>\n\t<meta property=\"og:image:height\" content=\"700\" \/>\n\t<meta property=\"og:image:type\" content=\"image\/png\" \/>\n<meta name=\"twitter:card\" content=\"summary_large_image\" \/>\n<meta name=\"twitter:label1\" content=\"Tiempo de lectura\" \/>\n\t<meta name=\"twitter:data1\" content=\"1 minuto\" \/>\n<script type=\"application\/ld+json\" class=\"yoast-schema-graph\">{\"@context\":\"https:\\\/\\\/schema.org\",\"@graph\":[{\"@type\":\"WebPage\",\"@id\":\"https:\\\/\\\/www.amstelprinting.nl\\\/es\\\/tienda\\\/feria-y-evento\\\/enrollar-pancartas\\\/x-banner\\\/\",\"url\":\"https:\\\/\\\/www.amstelprinting.nl\\\/es\\\/tienda\\\/feria-y-evento\\\/enrollar-pancartas\\\/x-banner\\\/\",\"name\":\"X-banner - Configuraci\u00f3n f\u00e1cil para presentaciones profesionales\",\"isPartOf\":{\"@id\":\"https:\\\/\\\/www.amstelprinting.nl\\\/es\\\/#website\"},\"primaryImageOfPage\":{\"@id\":\"https:\\\/\\\/www.amstelprinting.nl\\\/es\\\/tienda\\\/feria-y-evento\\\/enrollar-pancartas\\\/x-banner\\\/#primaryimage\"},\"image\":{\"@id\":\"https:\\\/\\\/www.amstelprinting.nl\\\/es\\\/tienda\\\/feria-y-evento\\\/enrollar-pancartas\\\/x-banner\\\/#primaryimage\"},\"thumbnailUrl\":\"https:\\\/\\\/www.amstelprinting.nl\\\/wp-content\\\/uploads\\\/x-banner-bedrukken.png\",\"datePublished\":\"2025-01-24T10:24:26+00:00\",\"dateModified\":\"2026-02-10T11:45:51+00:00\",\"description\":\"Pida su X-banner duradero e ign\u00edfugo con impresi\u00f3n de alta calidad. Perfecto para ferias, eventos corporativos y promociones.\",\"breadcrumb\":{\"@id\":\"https:\\\/\\\/www.amstelprinting.nl\\\/es\\\/tienda\\\/feria-y-evento\\\/enrollar-pancartas\\\/x-banner\\\/#breadcrumb\"},\"inLanguage\":\"es\",\"potentialAction\":[{\"@type\":\"ReadAction\",\"target\":[\"https:\\\/\\\/www.amstelprinting.nl\\\/es\\\/tienda\\\/feria-y-evento\\\/enrollar-pancartas\\\/x-banner\\\/\"]}]},{\"@type\":\"ImageObject\",\"inLanguage\":\"es\",\"@id\":\"https:\\\/\\\/www.amstelprinting.nl\\\/es\\\/tienda\\\/feria-y-evento\\\/enrollar-pancartas\\\/x-banner\\\/#primaryimage\",\"url\":\"https:\\\/\\\/www.amstelprinting.nl\\\/wp-content\\\/uploads\\\/x-banner-bedrukken.png\",\"contentUrl\":\"https:\\\/\\\/www.amstelprinting.nl\\\/wp-content\\\/uploads\\\/x-banner-bedrukken.png\",\"width\":700,\"height\":700},{\"@type\":\"BreadcrumbList\",\"@id\":\"https:\\\/\\\/www.amstelprinting.nl\\\/es\\\/tienda\\\/feria-y-evento\\\/enrollar-pancartas\\\/x-banner\\\/#breadcrumb\",\"itemListElement\":[{\"@type\":\"ListItem\",\"position\":1,\"name\":\"\",\"item\":\"https:\\\/\\\/www.amstelprinting.nl\\\/es\\\/\"},{\"@type\":\"ListItem\",\"position\":2,\"name\":\"Amstel Printing\",\"item\":\"https:\\\/\\\/www.amstelprinting.nl\\\/es\\\/comercio\\\/\"},{\"@type\":\"ListItem\",\"position\":3,\"name\":\"Publicidad interior\",\"item\":\"https:\\\/\\\/www.amstelprinting.nl\\\/es\\\/categor\u00eda\\\/publicidad-interior\\\/\"},{\"@type\":\"ListItem\",\"position\":4,\"name\":\"Presentaci\u00f3n\",\"item\":\"https:\\\/\\\/www.amstelprinting.nl\\\/es\\\/categor\u00eda\\\/publicidad-interior\\\/presentacion\\\/\"},{\"@type\":\"ListItem\",\"position\":5,\"name\":\"X-banner\"}]},{\"@type\":\"WebSite\",\"@id\":\"https:\\\/\\\/www.amstelprinting.nl\\\/es\\\/#website\",\"url\":\"https:\\\/\\\/www.amstelprinting.nl\\\/es\\\/\",\"name\":\"Amstel Printing\",\"description\":\"Creating Exposure\",\"publisher\":{\"@id\":\"https:\\\/\\\/www.amstelprinting.nl\\\/es\\\/#organization\"},\"potentialAction\":[{\"@type\":\"SearchAction\",\"target\":{\"@type\":\"EntryPoint\",\"urlTemplate\":\"https:\\\/\\\/www.amstelprinting.nl\\\/es\\\/?s={search_term_string}\"},\"query-input\":{\"@type\":\"PropertyValueSpecification\",\"valueRequired\":true,\"valueName\":\"search_term_string\"}}],\"inLanguage\":\"es\"},{\"@type\":\"Organization\",\"@id\":\"https:\\\/\\\/www.amstelprinting.nl\\\/es\\\/#organization\",\"name\":\"Amstel Printing\",\"url\":\"https:\\\/\\\/www.amstelprinting.nl\\\/es\\\/\",\"logo\":{\"@type\":\"ImageObject\",\"inLanguage\":\"es\",\"@id\":\"https:\\\/\\\/www.amstelprinting.nl\\\/es\\\/#\\\/schema\\\/logo\\\/image\\\/\",\"url\":\"https:\\\/\\\/www.amstelprinting.nl\\\/wp-content\\\/uploads\\\/amstel_printing_logo_clean.png\",\"contentUrl\":\"https:\\\/\\\/www.amstelprinting.nl\\\/wp-content\\\/uploads\\\/amstel_printing_logo_clean.png\",\"width\":324,\"height\":73,\"caption\":\"Amstel Printing\"},\"image\":{\"@id\":\"https:\\\/\\\/www.amstelprinting.nl\\\/es\\\/#\\\/schema\\\/logo\\\/image\\\/\"}}]}<\/script>\n<!-- \/ Yoast SEO plugin. -->","yoast_head_json":{"title":"X-banner - Configuraci\u00f3n f\u00e1cil para presentaciones profesionales","description":"Pida su X-banner duradero e ign\u00edfugo con impresi\u00f3n de alta calidad. Perfecto para ferias, eventos corporativos y promociones.","robots":{"index":"index","follow":"follow","max-snippet":"max-snippet:-1","max-image-preview":"max-image-preview:large","max-video-preview":"max-video-preview:-1"},"canonical":"https:\/\/www.amstelprinting.nl\/es\/tienda\/feria-y-evento\/enrollar-pancartas\/x-banner\/","og_locale":"es_ES","og_type":"article","og_title":"X-banner - Configuraci\u00f3n f\u00e1cil para presentaciones profesionales","og_description":"Pida su X-banner duradero e ign\u00edfugo con impresi\u00f3n de alta calidad. Perfecto para ferias, eventos corporativos y promociones.","og_url":"https:\/\/www.amstelprinting.nl\/es\/tienda\/feria-y-evento\/enrollar-pancartas\/x-banner\/","og_site_name":"Amstel Printing","article_modified_time":"2026-02-10T11:45:51+00:00","og_image":[{"width":700,"height":700,"url":"https:\/\/www.amstelprinting.nl\/wp-content\/uploads\/x-banner-bedrukken.png","type":"image\/png"}],"twitter_card":"summary_large_image","twitter_misc":{"Tiempo de lectura":"1 minuto"},"schema":{"@context":"https:\/\/schema.org","@graph":[{"@type":"WebPage","@id":"https:\/\/www.amstelprinting.nl\/es\/tienda\/feria-y-evento\/enrollar-pancartas\/x-banner\/","url":"https:\/\/www.amstelprinting.nl\/es\/tienda\/feria-y-evento\/enrollar-pancartas\/x-banner\/","name":"X-banner - Configuraci\u00f3n f\u00e1cil para presentaciones profesionales","isPartOf":{"@id":"https:\/\/www.amstelprinting.nl\/es\/#website"},"primaryImageOfPage":{"@id":"https:\/\/www.amstelprinting.nl\/es\/tienda\/feria-y-evento\/enrollar-pancartas\/x-banner\/#primaryimage"},"image":{"@id":"https:\/\/www.amstelprinting.nl\/es\/tienda\/feria-y-evento\/enrollar-pancartas\/x-banner\/#primaryimage"},"thumbnailUrl":"https:\/\/www.amstelprinting.nl\/wp-content\/uploads\/x-banner-bedrukken.png","datePublished":"2025-01-24T10:24:26+00:00","dateModified":"2026-02-10T11:45:51+00:00","description":"Pida su X-banner duradero e ign\u00edfugo con impresi\u00f3n de alta calidad. Perfecto para ferias, eventos corporativos y promociones.","breadcrumb":{"@id":"https:\/\/www.amstelprinting.nl\/es\/tienda\/feria-y-evento\/enrollar-pancartas\/x-banner\/#breadcrumb"},"inLanguage":"es","potentialAction":[{"@type":"ReadAction","target":["https:\/\/www.amstelprinting.nl\/es\/tienda\/feria-y-evento\/enrollar-pancartas\/x-banner\/"]}]},{"@type":"ImageObject","inLanguage":"es","@id":"https:\/\/www.amstelprinting.nl\/es\/tienda\/feria-y-evento\/enrollar-pancartas\/x-banner\/#primaryimage","url":"https:\/\/www.amstelprinting.nl\/wp-content\/uploads\/x-banner-bedrukken.png","contentUrl":"https:\/\/www.amstelprinting.nl\/wp-content\/uploads\/x-banner-bedrukken.png","width":700,"height":700},{"@type":"BreadcrumbList","@id":"https:\/\/www.amstelprinting.nl\/es\/tienda\/feria-y-evento\/enrollar-pancartas\/x-banner\/#breadcrumb","itemListElement":[{"@type":"ListItem","position":1,"name":"","item":"https:\/\/www.amstelprinting.nl\/es\/"},{"@type":"ListItem","position":2,"name":"Amstel Printing","item":"https:\/\/www.amstelprinting.nl\/es\/comercio\/"},{"@type":"ListItem","position":3,"name":"Publicidad interior","item":"https:\/\/www.amstelprinting.nl\/es\/categor\u00eda\/publicidad-interior\/"},{"@type":"ListItem","position":4,"name":"Presentaci\u00f3n","item":"https:\/\/www.amstelprinting.nl\/es\/categor\u00eda\/publicidad-interior\/presentacion\/"},{"@type":"ListItem","position":5,"name":"X-banner"}]},{"@type":"WebSite","@id":"https:\/\/www.amstelprinting.nl\/es\/#website","url":"https:\/\/www.amstelprinting.nl\/es\/","name":"Amstel Printing","description":"Creating Exposure","publisher":{"@id":"https:\/\/www.amstelprinting.nl\/es\/#organization"},"potentialAction":[{"@type":"SearchAction","target":{"@type":"EntryPoint","urlTemplate":"https:\/\/www.amstelprinting.nl\/es\/?s={search_term_string}"},"query-input":{"@type":"PropertyValueSpecification","valueRequired":true,"valueName":"search_term_string"}}],"inLanguage":"es"},{"@type":"Organization","@id":"https:\/\/www.amstelprinting.nl\/es\/#organization","name":"Amstel Printing","url":"https:\/\/www.amstelprinting.nl\/es\/","logo":{"@type":"ImageObject","inLanguage":"es","@id":"https:\/\/www.amstelprinting.nl\/es\/#\/schema\/logo\/image\/","url":"https:\/\/www.amstelprinting.nl\/wp-content\/uploads\/amstel_printing_logo_clean.png","contentUrl":"https:\/\/www.amstelprinting.nl\/wp-content\/uploads\/amstel_printing_logo_clean.png","width":324,"height":73,"caption":"Amstel Printing"},"image":{"@id":"https:\/\/www.amstelprinting.nl\/es\/#\/schema\/logo\/image\/"}}]}},"_links":{"self":[{"href":"https:\/\/www.amstelprinting.nl\/es\/wp-json\/wp\/v2\/product\/15033","targetHints":{"allow":["GET"]}}],"collection":[{"href":"https:\/\/www.amstelprinting.nl\/es\/wp-json\/wp\/v2\/product"}],"about":[{"href":"https:\/\/www.amstelprinting.nl\/es\/wp-json\/wp\/v2\/types\/product"}],"wp:featuredmedia":[{"embeddable":true,"href":"https:\/\/www.amstelprinting.nl\/es\/wp-json\/wp\/v2\/media\/15034"}],"wp:attachment":[{"href":"https:\/\/www.amstelprinting.nl\/es\/wp-json\/wp\/v2\/media?parent=15033"}],"wp:term":[{"taxonomy":"product_brand","embeddable":true,"href":"https:\/\/www.amstelprinting.nl\/es\/wp-json\/wp\/v2\/product_brand?post=15033"},{"taxonomy":"product_cat","embeddable":true,"href":"https:\/\/www.amstelprinting.nl\/es\/wp-json\/wp\/v2\/product_cat?post=15033"},{"taxonomy":"product_tag","embeddable":true,"href":"https:\/\/www.amstelprinting.nl\/es\/wp-json\/wp\/v2\/product_tag?post=15033"}],"curies":[{"name":"wp","href":"https:\/\/api.w.org\/{rel}","templated":true}]}}