{"id":15043,"date":"2025-01-24T11:24:21","date_gmt":"2025-01-24T10:24:21","guid":{"rendered":"https:\/\/www.amstelprinting.nl\/winkel\/sin%20categor\u00eda\/l-banner\/"},"modified":"2026-02-10T12:45:51","modified_gmt":"2026-02-10T11:45:51","slug":"l-banner","status":"publish","type":"product","link":"https:\/\/www.amstelprinting.nl\/es\/tienda\/feria-y-evento\/enrollar-pancartas\/l-banner\/","title":{"rendered":"L-banner"},"content":{"rendered":"<h3>Impresi\u00f3n de L-Banner<\/h3>\n<p>Disponible en los formatos <strong>80 cm x 200 cm<\/strong> y <strong>100 cm x 200 cm<\/strong>. La lona est\u00e1 fabricada en Banner 510 con certificaci\u00f3n de incendio B1, lo que la hace segura y adecuada para su uso en espacios p\u00fablicos. Este material garantiza impresiones vibrantes y durabilidad, perfecto para un uso prolongado. F\u00e1cil de transportar y almacenar gracias a la pr\u00e1ctica bolsa incluida. Ideal para ferias, presentaciones en tiendas y otros eventos donde la movilidad y la profesionalidad son esenciales.<\/p>\n<h3>Ventajas<\/h3>\n<ul>\n<li>Banner ligero<\/li>\n<li>Disponible en dos formatos<\/li>\n<li>Presentaci\u00f3n econ\u00f3mica<\/li>\n<li>F\u00e1cil y r\u00e1pido de usar<\/li>\n<li>Se entrega con una pr\u00e1ctica bolsa de transporte<\/li>\n<li>\u00bfNuevo dise\u00f1o? Pida una impresi\u00f3n suelta econ\u00f3mica<\/li>\n<li>Entrega r\u00e1pida: enviado en 1 d\u00eda laborable<\/li>\n<\/ul>\n<p>&nbsp;<\/p>\n<h3>Accesorios<\/h3>\n<p>El L-banner es f\u00e1cil de transportar y almacenar gracias a la pr\u00e1ctica bolsa incluida. Ideal para ferias, presentaciones en tiendas y otros eventos donde la movilidad y la profesionalidad son esenciales.<\/p>\n<p>D\u00e9 vida a su mensaje con la versatilidad y elegancia del L-Banner. Este innovador sistema publicitario ofrece no solo un montaje sencillo y estabilidad, sino tambi\u00e9n material Banner 510 de alta calidad con certificaci\u00f3n de incendio B1 para seguridad y durabilidad. Con una pr\u00e1ctica bolsa para un transporte y almacenamiento sin esfuerzo, el L-Banner es perfecto para ferias, presentaciones en tiendas y m\u00e1s.<\/p>\n","protected":false},"excerpt":{"rendered":"<p>El L-Banner: la elecci\u00f3n definitiva para publicidad interior econ\u00f3mica. Este sistema de aluminio consta de un solo m\u00e1stil y una sola pata, lo que garantiza una configuraci\u00f3n sencilla y, al mismo tiempo, la m\u00e1xima estabilidad. Gracias a los materiales de alta calidad y las caracter\u00edsticas f\u00e1ciles de usar, el L-Banner es la elecci\u00f3n ideal para ferias, presentaciones en tiendas y m\u00e1s. Disponible en los formatos 80 cm x 200 cm y 100 cm x 200 cm. Equipado con una impresi\u00f3n n\u00edtida de su dise\u00f1o. Entrega posible en 1 d\u00eda laborable.<\/p>\n","protected":false},"featured_media":15044,"template":"","meta":{"_et_pb_use_builder":"","_et_pb_old_content":"","_et_gb_content_width":""},"product_brand":[],"product_cat":[406,431,382,379],"product_tag":[],"class_list":{"0":"post-15043","1":"product","2":"type-product","3":"status-publish","4":"has-post-thumbnail","6":"product_cat-enrollar-pancartas","7":"product_cat-feria-y-evento","8":"product_cat-presentacion","9":"product_cat-publicidad-interior","11":"first","12":"instock","13":"taxable","14":"shipping-taxable","15":"purchasable","16":"product-type-simple"},"yoast_head":"<!-- This site is optimized with the Yoast SEO plugin v27.3 - https:\/\/yoast.com\/product\/yoast-seo-wordpress\/ -->\n<title>Pedido de L-banner en Amstel Printing: Solo la mejor calidad<\/title>\n<meta name=\"description\" content=\"Pedir L-banner. Elija entre diferentes formatos y materiales para impresiones n\u00edtidas y un precio bajo. \u00a1Perfecto para ferias, eventos y tiendas!\" \/>\n<meta name=\"robots\" content=\"index, follow, max-snippet:-1, max-image-preview:large, max-video-preview:-1\" \/>\n<link rel=\"canonical\" href=\"https:\/\/www.amstelprinting.nl\/es\/tienda\/feria-y-evento\/enrollar-pancartas\/l-banner\/\" \/>\n<meta property=\"og:locale\" content=\"es_ES\" \/>\n<meta property=\"og:type\" content=\"article\" \/>\n<meta property=\"og:title\" content=\"Pedido de L-banner en Amstel Printing: Solo la mejor calidad\" \/>\n<meta property=\"og:description\" content=\"Pedir L-banner. Elija entre diferentes formatos y materiales para impresiones n\u00edtidas y un precio bajo. \u00a1Perfecto para ferias, eventos y tiendas!\" \/>\n<meta property=\"og:url\" content=\"https:\/\/www.amstelprinting.nl\/es\/tienda\/feria-y-evento\/enrollar-pancartas\/l-banner\/\" \/>\n<meta property=\"og:site_name\" content=\"Amstel Printing\" \/>\n<meta property=\"article:modified_time\" content=\"2026-02-10T11:45:51+00:00\" \/>\n<meta property=\"og:image\" content=\"https:\/\/www.amstelprinting.nl\/wp-content\/uploads\/l-banner-bedrukken.png\" \/>\n\t<meta property=\"og:image:width\" content=\"900\" \/>\n\t<meta property=\"og:image:height\" content=\"900\" \/>\n\t<meta property=\"og:image:type\" content=\"image\/png\" \/>\n<meta name=\"twitter:card\" content=\"summary_large_image\" \/>\n<meta name=\"twitter:label1\" content=\"Tiempo de lectura\" \/>\n\t<meta name=\"twitter:data1\" content=\"1 minuto\" \/>\n<script type=\"application\/ld+json\" class=\"yoast-schema-graph\">{\"@context\":\"https:\\\/\\\/schema.org\",\"@graph\":[{\"@type\":\"WebPage\",\"@id\":\"https:\\\/\\\/www.amstelprinting.nl\\\/es\\\/tienda\\\/feria-y-evento\\\/enrollar-pancartas\\\/l-banner\\\/\",\"url\":\"https:\\\/\\\/www.amstelprinting.nl\\\/es\\\/tienda\\\/feria-y-evento\\\/enrollar-pancartas\\\/l-banner\\\/\",\"name\":\"Pedido de L-banner en Amstel Printing: Solo la mejor calidad\",\"isPartOf\":{\"@id\":\"https:\\\/\\\/www.amstelprinting.nl\\\/es\\\/#website\"},\"primaryImageOfPage\":{\"@id\":\"https:\\\/\\\/www.amstelprinting.nl\\\/es\\\/tienda\\\/feria-y-evento\\\/enrollar-pancartas\\\/l-banner\\\/#primaryimage\"},\"image\":{\"@id\":\"https:\\\/\\\/www.amstelprinting.nl\\\/es\\\/tienda\\\/feria-y-evento\\\/enrollar-pancartas\\\/l-banner\\\/#primaryimage\"},\"thumbnailUrl\":\"https:\\\/\\\/www.amstelprinting.nl\\\/wp-content\\\/uploads\\\/l-banner-bedrukken.png\",\"datePublished\":\"2025-01-24T10:24:21+00:00\",\"dateModified\":\"2026-02-10T11:45:51+00:00\",\"description\":\"Pedir L-banner. Elija entre diferentes formatos y materiales para impresiones n\u00edtidas y un precio bajo. \u00a1Perfecto para ferias, eventos y tiendas!\",\"breadcrumb\":{\"@id\":\"https:\\\/\\\/www.amstelprinting.nl\\\/es\\\/tienda\\\/feria-y-evento\\\/enrollar-pancartas\\\/l-banner\\\/#breadcrumb\"},\"inLanguage\":\"es\",\"potentialAction\":[{\"@type\":\"ReadAction\",\"target\":[\"https:\\\/\\\/www.amstelprinting.nl\\\/es\\\/tienda\\\/feria-y-evento\\\/enrollar-pancartas\\\/l-banner\\\/\"]}]},{\"@type\":\"ImageObject\",\"inLanguage\":\"es\",\"@id\":\"https:\\\/\\\/www.amstelprinting.nl\\\/es\\\/tienda\\\/feria-y-evento\\\/enrollar-pancartas\\\/l-banner\\\/#primaryimage\",\"url\":\"https:\\\/\\\/www.amstelprinting.nl\\\/wp-content\\\/uploads\\\/l-banner-bedrukken.png\",\"contentUrl\":\"https:\\\/\\\/www.amstelprinting.nl\\\/wp-content\\\/uploads\\\/l-banner-bedrukken.png\",\"width\":900,\"height\":900},{\"@type\":\"BreadcrumbList\",\"@id\":\"https:\\\/\\\/www.amstelprinting.nl\\\/es\\\/tienda\\\/feria-y-evento\\\/enrollar-pancartas\\\/l-banner\\\/#breadcrumb\",\"itemListElement\":[{\"@type\":\"ListItem\",\"position\":1,\"name\":\"\",\"item\":\"https:\\\/\\\/www.amstelprinting.nl\\\/es\\\/\"},{\"@type\":\"ListItem\",\"position\":2,\"name\":\"Amstel Printing\",\"item\":\"https:\\\/\\\/www.amstelprinting.nl\\\/es\\\/comercio\\\/\"},{\"@type\":\"ListItem\",\"position\":3,\"name\":\"Publicidad interior\",\"item\":\"https:\\\/\\\/www.amstelprinting.nl\\\/es\\\/categor\u00eda\\\/publicidad-interior\\\/\"},{\"@type\":\"ListItem\",\"position\":4,\"name\":\"Presentaci\u00f3n\",\"item\":\"https:\\\/\\\/www.amstelprinting.nl\\\/es\\\/categor\u00eda\\\/publicidad-interior\\\/presentacion\\\/\"},{\"@type\":\"ListItem\",\"position\":5,\"name\":\"L-banner\"}]},{\"@type\":\"WebSite\",\"@id\":\"https:\\\/\\\/www.amstelprinting.nl\\\/es\\\/#website\",\"url\":\"https:\\\/\\\/www.amstelprinting.nl\\\/es\\\/\",\"name\":\"Amstel Printing\",\"description\":\"Creating Exposure\",\"publisher\":{\"@id\":\"https:\\\/\\\/www.amstelprinting.nl\\\/es\\\/#organization\"},\"potentialAction\":[{\"@type\":\"SearchAction\",\"target\":{\"@type\":\"EntryPoint\",\"urlTemplate\":\"https:\\\/\\\/www.amstelprinting.nl\\\/es\\\/?s={search_term_string}\"},\"query-input\":{\"@type\":\"PropertyValueSpecification\",\"valueRequired\":true,\"valueName\":\"search_term_string\"}}],\"inLanguage\":\"es\"},{\"@type\":\"Organization\",\"@id\":\"https:\\\/\\\/www.amstelprinting.nl\\\/es\\\/#organization\",\"name\":\"Amstel Printing\",\"url\":\"https:\\\/\\\/www.amstelprinting.nl\\\/es\\\/\",\"logo\":{\"@type\":\"ImageObject\",\"inLanguage\":\"es\",\"@id\":\"https:\\\/\\\/www.amstelprinting.nl\\\/es\\\/#\\\/schema\\\/logo\\\/image\\\/\",\"url\":\"https:\\\/\\\/www.amstelprinting.nl\\\/wp-content\\\/uploads\\\/amstel_printing_logo_clean.png\",\"contentUrl\":\"https:\\\/\\\/www.amstelprinting.nl\\\/wp-content\\\/uploads\\\/amstel_printing_logo_clean.png\",\"width\":324,\"height\":73,\"caption\":\"Amstel Printing\"},\"image\":{\"@id\":\"https:\\\/\\\/www.amstelprinting.nl\\\/es\\\/#\\\/schema\\\/logo\\\/image\\\/\"}}]}<\/script>\n<!-- \/ Yoast SEO plugin. -->","yoast_head_json":{"title":"Pedido de L-banner en Amstel Printing: Solo la mejor calidad","description":"Pedir L-banner. Elija entre diferentes formatos y materiales para impresiones n\u00edtidas y un precio bajo. \u00a1Perfecto para ferias, eventos y tiendas!","robots":{"index":"index","follow":"follow","max-snippet":"max-snippet:-1","max-image-preview":"max-image-preview:large","max-video-preview":"max-video-preview:-1"},"canonical":"https:\/\/www.amstelprinting.nl\/es\/tienda\/feria-y-evento\/enrollar-pancartas\/l-banner\/","og_locale":"es_ES","og_type":"article","og_title":"Pedido de L-banner en Amstel Printing: Solo la mejor calidad","og_description":"Pedir L-banner. Elija entre diferentes formatos y materiales para impresiones n\u00edtidas y un precio bajo. \u00a1Perfecto para ferias, eventos y tiendas!","og_url":"https:\/\/www.amstelprinting.nl\/es\/tienda\/feria-y-evento\/enrollar-pancartas\/l-banner\/","og_site_name":"Amstel Printing","article_modified_time":"2026-02-10T11:45:51+00:00","og_image":[{"width":900,"height":900,"url":"https:\/\/www.amstelprinting.nl\/wp-content\/uploads\/l-banner-bedrukken.png","type":"image\/png"}],"twitter_card":"summary_large_image","twitter_misc":{"Tiempo de lectura":"1 minuto"},"schema":{"@context":"https:\/\/schema.org","@graph":[{"@type":"WebPage","@id":"https:\/\/www.amstelprinting.nl\/es\/tienda\/feria-y-evento\/enrollar-pancartas\/l-banner\/","url":"https:\/\/www.amstelprinting.nl\/es\/tienda\/feria-y-evento\/enrollar-pancartas\/l-banner\/","name":"Pedido de L-banner en Amstel Printing: Solo la mejor calidad","isPartOf":{"@id":"https:\/\/www.amstelprinting.nl\/es\/#website"},"primaryImageOfPage":{"@id":"https:\/\/www.amstelprinting.nl\/es\/tienda\/feria-y-evento\/enrollar-pancartas\/l-banner\/#primaryimage"},"image":{"@id":"https:\/\/www.amstelprinting.nl\/es\/tienda\/feria-y-evento\/enrollar-pancartas\/l-banner\/#primaryimage"},"thumbnailUrl":"https:\/\/www.amstelprinting.nl\/wp-content\/uploads\/l-banner-bedrukken.png","datePublished":"2025-01-24T10:24:21+00:00","dateModified":"2026-02-10T11:45:51+00:00","description":"Pedir L-banner. Elija entre diferentes formatos y materiales para impresiones n\u00edtidas y un precio bajo. \u00a1Perfecto para ferias, eventos y tiendas!","breadcrumb":{"@id":"https:\/\/www.amstelprinting.nl\/es\/tienda\/feria-y-evento\/enrollar-pancartas\/l-banner\/#breadcrumb"},"inLanguage":"es","potentialAction":[{"@type":"ReadAction","target":["https:\/\/www.amstelprinting.nl\/es\/tienda\/feria-y-evento\/enrollar-pancartas\/l-banner\/"]}]},{"@type":"ImageObject","inLanguage":"es","@id":"https:\/\/www.amstelprinting.nl\/es\/tienda\/feria-y-evento\/enrollar-pancartas\/l-banner\/#primaryimage","url":"https:\/\/www.amstelprinting.nl\/wp-content\/uploads\/l-banner-bedrukken.png","contentUrl":"https:\/\/www.amstelprinting.nl\/wp-content\/uploads\/l-banner-bedrukken.png","width":900,"height":900},{"@type":"BreadcrumbList","@id":"https:\/\/www.amstelprinting.nl\/es\/tienda\/feria-y-evento\/enrollar-pancartas\/l-banner\/#breadcrumb","itemListElement":[{"@type":"ListItem","position":1,"name":"","item":"https:\/\/www.amstelprinting.nl\/es\/"},{"@type":"ListItem","position":2,"name":"Amstel Printing","item":"https:\/\/www.amstelprinting.nl\/es\/comercio\/"},{"@type":"ListItem","position":3,"name":"Publicidad interior","item":"https:\/\/www.amstelprinting.nl\/es\/categor\u00eda\/publicidad-interior\/"},{"@type":"ListItem","position":4,"name":"Presentaci\u00f3n","item":"https:\/\/www.amstelprinting.nl\/es\/categor\u00eda\/publicidad-interior\/presentacion\/"},{"@type":"ListItem","position":5,"name":"L-banner"}]},{"@type":"WebSite","@id":"https:\/\/www.amstelprinting.nl\/es\/#website","url":"https:\/\/www.amstelprinting.nl\/es\/","name":"Amstel Printing","description":"Creating Exposure","publisher":{"@id":"https:\/\/www.amstelprinting.nl\/es\/#organization"},"potentialAction":[{"@type":"SearchAction","target":{"@type":"EntryPoint","urlTemplate":"https:\/\/www.amstelprinting.nl\/es\/?s={search_term_string}"},"query-input":{"@type":"PropertyValueSpecification","valueRequired":true,"valueName":"search_term_string"}}],"inLanguage":"es"},{"@type":"Organization","@id":"https:\/\/www.amstelprinting.nl\/es\/#organization","name":"Amstel Printing","url":"https:\/\/www.amstelprinting.nl\/es\/","logo":{"@type":"ImageObject","inLanguage":"es","@id":"https:\/\/www.amstelprinting.nl\/es\/#\/schema\/logo\/image\/","url":"https:\/\/www.amstelprinting.nl\/wp-content\/uploads\/amstel_printing_logo_clean.png","contentUrl":"https:\/\/www.amstelprinting.nl\/wp-content\/uploads\/amstel_printing_logo_clean.png","width":324,"height":73,"caption":"Amstel Printing"},"image":{"@id":"https:\/\/www.amstelprinting.nl\/es\/#\/schema\/logo\/image\/"}}]}},"_links":{"self":[{"href":"https:\/\/www.amstelprinting.nl\/es\/wp-json\/wp\/v2\/product\/15043","targetHints":{"allow":["GET"]}}],"collection":[{"href":"https:\/\/www.amstelprinting.nl\/es\/wp-json\/wp\/v2\/product"}],"about":[{"href":"https:\/\/www.amstelprinting.nl\/es\/wp-json\/wp\/v2\/types\/product"}],"wp:featuredmedia":[{"embeddable":true,"href":"https:\/\/www.amstelprinting.nl\/es\/wp-json\/wp\/v2\/media\/15044"}],"wp:attachment":[{"href":"https:\/\/www.amstelprinting.nl\/es\/wp-json\/wp\/v2\/media?parent=15043"}],"wp:term":[{"taxonomy":"product_brand","embeddable":true,"href":"https:\/\/www.amstelprinting.nl\/es\/wp-json\/wp\/v2\/product_brand?post=15043"},{"taxonomy":"product_cat","embeddable":true,"href":"https:\/\/www.amstelprinting.nl\/es\/wp-json\/wp\/v2\/product_cat?post=15043"},{"taxonomy":"product_tag","embeddable":true,"href":"https:\/\/www.amstelprinting.nl\/es\/wp-json\/wp\/v2\/product_tag?post=15043"}],"curies":[{"name":"wp","href":"https:\/\/api.w.org\/{rel}","templated":true}]}}