{"id":15053,"date":"2025-01-24T11:24:06","date_gmt":"2025-01-24T10:24:06","guid":{"rendered":"https:\/\/www.amstelprinting.nl\/winkel\/sin%20categor\u00eda\/pos-display\/"},"modified":"2026-02-18T12:48:22","modified_gmt":"2026-02-18T11:48:22","slug":"expositor-plv","status":"publish","type":"product","link":"https:\/\/www.amstelprinting.nl\/es\/tienda\/publicidad-interior\/presentacion\/expositor-plv\/","title":{"rendered":"Expositor PLV"},"content":{"rendered":"<h3>Expositor de folletos<\/h3>\n<p>Elija entre formatos A4 o A5 para presentar sus folletos o flyers de forma organizada. Nuestros expositores de folletos son ideales para mostradores, recepciones o ferias, donde atraen f\u00e1cilmente la atenci\u00f3n e informan a los clientes.<\/p>\n<h3>Expositor de producto<\/h3>\n<p>Ya sea en el mostrador o en el suelo, nuestros expositores de productos est\u00e1n disponibles en modelos anchos y profundos para presentar sus productos de forma \u00f3ptima. Con un enfoque en el dise\u00f1o y la funcionalidad, garantizan que sus productos destaquen y atraigan a los clientes.<\/p>\n<h3>Expositor de estanter\u00eda<\/h3>\n<p>Elija entre expositores de estanter\u00eda completos o solo paneles frontales, con opciones de 4 o 5 estantes. Ideal para espacios comerciales donde desea presentar sus productos de forma sistem\u00e1tica y mostrar su marca de forma destacada.<\/p>\n<h3>Material<\/h3>\n<p>Nuestros expositores PLV est\u00e1n fabricados en Re-board\u00ae, un material innovador que es ligero y, al mismo tiempo, extremadamente resistente. Esto los hace no solo f\u00e1ciles de transportar y montar, sino tambi\u00e9n muy duraderos para un uso repetido. \u00a1Transforme su presentaci\u00f3n en el punto de venta con nuestros innovadores expositores. Descubra las posibilidades hoy mismo y d\u00e9 vida a su marca en la tienda!<\/p>\n","protected":false},"excerpt":{"rendered":"<h3>Expositor de folletos, productos y estanter\u00eda<\/h3>\n<p>Descubra nuestros vers\u00e1tiles expositores PLV (Publicidad en el Lugar de Venta), dise\u00f1ados para presentar sus productos y material de marketing de forma profesional y atractiva. Ya sea que busque un expositor de folletos, de productos o de estanter\u00eda, ofrecemos soluciones a medida que se adaptan perfectamente a sus necesidades.<\/p>\n","protected":false},"featured_media":15054,"template":"","meta":{"_et_pb_use_builder":"","_et_pb_old_content":"","_et_gb_content_width":""},"product_brand":[],"product_cat":[382,379],"product_tag":[],"class_list":{"0":"post-15053","1":"product","2":"type-product","3":"status-publish","4":"has-post-thumbnail","6":"product_cat-presentacion","7":"product_cat-publicidad-interior","9":"first","10":"instock","11":"taxable","12":"shipping-taxable","13":"purchasable","14":"product-type-simple"},"yoast_head":"<!-- This site is optimized with the Yoast SEO plugin v27.3 - https:\/\/yoast.com\/product\/yoast-seo-wordpress\/ -->\n<title>Expositor PLV a medida - Sostenible, resistente y entrega r\u00e1pida<\/title>\n<meta name=\"description\" content=\"Pida expositores PLV sostenibles de Re-board\u00ae robusto para cualquier punto de venta. Aumente sus ventas con nuestros vers\u00e1tiles expositores para folletos, productos y estanter\u00edas.\" \/>\n<meta name=\"robots\" content=\"index, follow, max-snippet:-1, max-image-preview:large, max-video-preview:-1\" \/>\n<link rel=\"canonical\" href=\"https:\/\/www.amstelprinting.nl\/es\/tienda\/publicidad-interior\/presentacion\/expositor-plv\/\" \/>\n<meta property=\"og:locale\" content=\"es_ES\" \/>\n<meta property=\"og:type\" content=\"article\" \/>\n<meta property=\"og:title\" content=\"Expositor PLV a medida - Sostenible, resistente y entrega r\u00e1pida\" \/>\n<meta property=\"og:description\" content=\"Pida expositores PLV sostenibles de Re-board\u00ae robusto para cualquier punto de venta. Aumente sus ventas con nuestros vers\u00e1tiles expositores para folletos, productos y estanter\u00edas.\" \/>\n<meta property=\"og:url\" content=\"https:\/\/www.amstelprinting.nl\/es\/tienda\/publicidad-interior\/presentacion\/expositor-plv\/\" \/>\n<meta property=\"og:site_name\" content=\"Amstel Printing\" \/>\n<meta property=\"article:modified_time\" content=\"2026-02-18T11:48:22+00:00\" \/>\n<meta property=\"og:image\" content=\"https:\/\/www.amstelprinting.nl\/wp-content\/uploads\/POS-display.jpg\" \/>\n\t<meta property=\"og:image:width\" content=\"700\" \/>\n\t<meta property=\"og:image:height\" content=\"700\" \/>\n\t<meta property=\"og:image:type\" content=\"image\/jpeg\" \/>\n<meta name=\"twitter:card\" content=\"summary_large_image\" \/>\n<meta name=\"twitter:label1\" content=\"Tiempo de lectura\" \/>\n\t<meta name=\"twitter:data1\" content=\"1 minuto\" \/>\n<script type=\"application\/ld+json\" class=\"yoast-schema-graph\">{\"@context\":\"https:\\\/\\\/schema.org\",\"@graph\":[{\"@type\":\"WebPage\",\"@id\":\"https:\\\/\\\/www.amstelprinting.nl\\\/es\\\/tienda\\\/publicidad-interior\\\/presentacion\\\/expositor-plv\\\/\",\"url\":\"https:\\\/\\\/www.amstelprinting.nl\\\/es\\\/tienda\\\/publicidad-interior\\\/presentacion\\\/expositor-plv\\\/\",\"name\":\"Expositor PLV a medida - Sostenible, resistente y entrega r\u00e1pida\",\"isPartOf\":{\"@id\":\"https:\\\/\\\/www.amstelprinting.nl\\\/es\\\/#website\"},\"primaryImageOfPage\":{\"@id\":\"https:\\\/\\\/www.amstelprinting.nl\\\/es\\\/tienda\\\/publicidad-interior\\\/presentacion\\\/expositor-plv\\\/#primaryimage\"},\"image\":{\"@id\":\"https:\\\/\\\/www.amstelprinting.nl\\\/es\\\/tienda\\\/publicidad-interior\\\/presentacion\\\/expositor-plv\\\/#primaryimage\"},\"thumbnailUrl\":\"https:\\\/\\\/www.amstelprinting.nl\\\/wp-content\\\/uploads\\\/POS-display.jpg\",\"datePublished\":\"2025-01-24T10:24:06+00:00\",\"dateModified\":\"2026-02-18T11:48:22+00:00\",\"description\":\"Pida expositores PLV sostenibles de Re-board\u00ae robusto para cualquier punto de venta. Aumente sus ventas con nuestros vers\u00e1tiles expositores para folletos, productos y estanter\u00edas.\",\"breadcrumb\":{\"@id\":\"https:\\\/\\\/www.amstelprinting.nl\\\/es\\\/tienda\\\/publicidad-interior\\\/presentacion\\\/expositor-plv\\\/#breadcrumb\"},\"inLanguage\":\"es\",\"potentialAction\":[{\"@type\":\"ReadAction\",\"target\":[\"https:\\\/\\\/www.amstelprinting.nl\\\/es\\\/tienda\\\/publicidad-interior\\\/presentacion\\\/expositor-plv\\\/\"]}]},{\"@type\":\"ImageObject\",\"inLanguage\":\"es\",\"@id\":\"https:\\\/\\\/www.amstelprinting.nl\\\/es\\\/tienda\\\/publicidad-interior\\\/presentacion\\\/expositor-plv\\\/#primaryimage\",\"url\":\"https:\\\/\\\/www.amstelprinting.nl\\\/wp-content\\\/uploads\\\/POS-display.jpg\",\"contentUrl\":\"https:\\\/\\\/www.amstelprinting.nl\\\/wp-content\\\/uploads\\\/POS-display.jpg\",\"width\":700,\"height\":700},{\"@type\":\"BreadcrumbList\",\"@id\":\"https:\\\/\\\/www.amstelprinting.nl\\\/es\\\/tienda\\\/publicidad-interior\\\/presentacion\\\/expositor-plv\\\/#breadcrumb\",\"itemListElement\":[{\"@type\":\"ListItem\",\"position\":1,\"name\":\"\",\"item\":\"https:\\\/\\\/www.amstelprinting.nl\\\/es\\\/\"},{\"@type\":\"ListItem\",\"position\":2,\"name\":\"Amstel Printing\",\"item\":\"https:\\\/\\\/www.amstelprinting.nl\\\/es\\\/comercio\\\/\"},{\"@type\":\"ListItem\",\"position\":3,\"name\":\"Publicidad interior\",\"item\":\"https:\\\/\\\/www.amstelprinting.nl\\\/es\\\/categor\u00eda\\\/publicidad-interior\\\/\"},{\"@type\":\"ListItem\",\"position\":4,\"name\":\"Presentaci\u00f3n\",\"item\":\"https:\\\/\\\/www.amstelprinting.nl\\\/es\\\/categor\u00eda\\\/publicidad-interior\\\/presentacion\\\/\"},{\"@type\":\"ListItem\",\"position\":5,\"name\":\"Expositor PLV\"}]},{\"@type\":\"WebSite\",\"@id\":\"https:\\\/\\\/www.amstelprinting.nl\\\/es\\\/#website\",\"url\":\"https:\\\/\\\/www.amstelprinting.nl\\\/es\\\/\",\"name\":\"Amstel Printing\",\"description\":\"Creating Exposure\",\"publisher\":{\"@id\":\"https:\\\/\\\/www.amstelprinting.nl\\\/es\\\/#organization\"},\"potentialAction\":[{\"@type\":\"SearchAction\",\"target\":{\"@type\":\"EntryPoint\",\"urlTemplate\":\"https:\\\/\\\/www.amstelprinting.nl\\\/es\\\/?s={search_term_string}\"},\"query-input\":{\"@type\":\"PropertyValueSpecification\",\"valueRequired\":true,\"valueName\":\"search_term_string\"}}],\"inLanguage\":\"es\"},{\"@type\":\"Organization\",\"@id\":\"https:\\\/\\\/www.amstelprinting.nl\\\/es\\\/#organization\",\"name\":\"Amstel Printing\",\"url\":\"https:\\\/\\\/www.amstelprinting.nl\\\/es\\\/\",\"logo\":{\"@type\":\"ImageObject\",\"inLanguage\":\"es\",\"@id\":\"https:\\\/\\\/www.amstelprinting.nl\\\/es\\\/#\\\/schema\\\/logo\\\/image\\\/\",\"url\":\"https:\\\/\\\/www.amstelprinting.nl\\\/wp-content\\\/uploads\\\/amstel_printing_logo_clean.png\",\"contentUrl\":\"https:\\\/\\\/www.amstelprinting.nl\\\/wp-content\\\/uploads\\\/amstel_printing_logo_clean.png\",\"width\":324,\"height\":73,\"caption\":\"Amstel Printing\"},\"image\":{\"@id\":\"https:\\\/\\\/www.amstelprinting.nl\\\/es\\\/#\\\/schema\\\/logo\\\/image\\\/\"}}]}<\/script>\n<!-- \/ Yoast SEO plugin. -->","yoast_head_json":{"title":"Expositor PLV a medida - Sostenible, resistente y entrega r\u00e1pida","description":"Pida expositores PLV sostenibles de Re-board\u00ae robusto para cualquier punto de venta. Aumente sus ventas con nuestros vers\u00e1tiles expositores para folletos, productos y estanter\u00edas.","robots":{"index":"index","follow":"follow","max-snippet":"max-snippet:-1","max-image-preview":"max-image-preview:large","max-video-preview":"max-video-preview:-1"},"canonical":"https:\/\/www.amstelprinting.nl\/es\/tienda\/publicidad-interior\/presentacion\/expositor-plv\/","og_locale":"es_ES","og_type":"article","og_title":"Expositor PLV a medida - Sostenible, resistente y entrega r\u00e1pida","og_description":"Pida expositores PLV sostenibles de Re-board\u00ae robusto para cualquier punto de venta. Aumente sus ventas con nuestros vers\u00e1tiles expositores para folletos, productos y estanter\u00edas.","og_url":"https:\/\/www.amstelprinting.nl\/es\/tienda\/publicidad-interior\/presentacion\/expositor-plv\/","og_site_name":"Amstel Printing","article_modified_time":"2026-02-18T11:48:22+00:00","og_image":[{"width":700,"height":700,"url":"https:\/\/www.amstelprinting.nl\/wp-content\/uploads\/POS-display.jpg","type":"image\/jpeg"}],"twitter_card":"summary_large_image","twitter_misc":{"Tiempo de lectura":"1 minuto"},"schema":{"@context":"https:\/\/schema.org","@graph":[{"@type":"WebPage","@id":"https:\/\/www.amstelprinting.nl\/es\/tienda\/publicidad-interior\/presentacion\/expositor-plv\/","url":"https:\/\/www.amstelprinting.nl\/es\/tienda\/publicidad-interior\/presentacion\/expositor-plv\/","name":"Expositor PLV a medida - Sostenible, resistente y entrega r\u00e1pida","isPartOf":{"@id":"https:\/\/www.amstelprinting.nl\/es\/#website"},"primaryImageOfPage":{"@id":"https:\/\/www.amstelprinting.nl\/es\/tienda\/publicidad-interior\/presentacion\/expositor-plv\/#primaryimage"},"image":{"@id":"https:\/\/www.amstelprinting.nl\/es\/tienda\/publicidad-interior\/presentacion\/expositor-plv\/#primaryimage"},"thumbnailUrl":"https:\/\/www.amstelprinting.nl\/wp-content\/uploads\/POS-display.jpg","datePublished":"2025-01-24T10:24:06+00:00","dateModified":"2026-02-18T11:48:22+00:00","description":"Pida expositores PLV sostenibles de Re-board\u00ae robusto para cualquier punto de venta. Aumente sus ventas con nuestros vers\u00e1tiles expositores para folletos, productos y estanter\u00edas.","breadcrumb":{"@id":"https:\/\/www.amstelprinting.nl\/es\/tienda\/publicidad-interior\/presentacion\/expositor-plv\/#breadcrumb"},"inLanguage":"es","potentialAction":[{"@type":"ReadAction","target":["https:\/\/www.amstelprinting.nl\/es\/tienda\/publicidad-interior\/presentacion\/expositor-plv\/"]}]},{"@type":"ImageObject","inLanguage":"es","@id":"https:\/\/www.amstelprinting.nl\/es\/tienda\/publicidad-interior\/presentacion\/expositor-plv\/#primaryimage","url":"https:\/\/www.amstelprinting.nl\/wp-content\/uploads\/POS-display.jpg","contentUrl":"https:\/\/www.amstelprinting.nl\/wp-content\/uploads\/POS-display.jpg","width":700,"height":700},{"@type":"BreadcrumbList","@id":"https:\/\/www.amstelprinting.nl\/es\/tienda\/publicidad-interior\/presentacion\/expositor-plv\/#breadcrumb","itemListElement":[{"@type":"ListItem","position":1,"name":"","item":"https:\/\/www.amstelprinting.nl\/es\/"},{"@type":"ListItem","position":2,"name":"Amstel Printing","item":"https:\/\/www.amstelprinting.nl\/es\/comercio\/"},{"@type":"ListItem","position":3,"name":"Publicidad interior","item":"https:\/\/www.amstelprinting.nl\/es\/categor\u00eda\/publicidad-interior\/"},{"@type":"ListItem","position":4,"name":"Presentaci\u00f3n","item":"https:\/\/www.amstelprinting.nl\/es\/categor\u00eda\/publicidad-interior\/presentacion\/"},{"@type":"ListItem","position":5,"name":"Expositor PLV"}]},{"@type":"WebSite","@id":"https:\/\/www.amstelprinting.nl\/es\/#website","url":"https:\/\/www.amstelprinting.nl\/es\/","name":"Amstel Printing","description":"Creating Exposure","publisher":{"@id":"https:\/\/www.amstelprinting.nl\/es\/#organization"},"potentialAction":[{"@type":"SearchAction","target":{"@type":"EntryPoint","urlTemplate":"https:\/\/www.amstelprinting.nl\/es\/?s={search_term_string}"},"query-input":{"@type":"PropertyValueSpecification","valueRequired":true,"valueName":"search_term_string"}}],"inLanguage":"es"},{"@type":"Organization","@id":"https:\/\/www.amstelprinting.nl\/es\/#organization","name":"Amstel Printing","url":"https:\/\/www.amstelprinting.nl\/es\/","logo":{"@type":"ImageObject","inLanguage":"es","@id":"https:\/\/www.amstelprinting.nl\/es\/#\/schema\/logo\/image\/","url":"https:\/\/www.amstelprinting.nl\/wp-content\/uploads\/amstel_printing_logo_clean.png","contentUrl":"https:\/\/www.amstelprinting.nl\/wp-content\/uploads\/amstel_printing_logo_clean.png","width":324,"height":73,"caption":"Amstel Printing"},"image":{"@id":"https:\/\/www.amstelprinting.nl\/es\/#\/schema\/logo\/image\/"}}]}},"_links":{"self":[{"href":"https:\/\/www.amstelprinting.nl\/es\/wp-json\/wp\/v2\/product\/15053","targetHints":{"allow":["GET"]}}],"collection":[{"href":"https:\/\/www.amstelprinting.nl\/es\/wp-json\/wp\/v2\/product"}],"about":[{"href":"https:\/\/www.amstelprinting.nl\/es\/wp-json\/wp\/v2\/types\/product"}],"wp:featuredmedia":[{"embeddable":true,"href":"https:\/\/www.amstelprinting.nl\/es\/wp-json\/wp\/v2\/media\/15054"}],"wp:attachment":[{"href":"https:\/\/www.amstelprinting.nl\/es\/wp-json\/wp\/v2\/media?parent=15053"}],"wp:term":[{"taxonomy":"product_brand","embeddable":true,"href":"https:\/\/www.amstelprinting.nl\/es\/wp-json\/wp\/v2\/product_brand?post=15053"},{"taxonomy":"product_cat","embeddable":true,"href":"https:\/\/www.amstelprinting.nl\/es\/wp-json\/wp\/v2\/product_cat?post=15053"},{"taxonomy":"product_tag","embeddable":true,"href":"https:\/\/www.amstelprinting.nl\/es\/wp-json\/wp\/v2\/product_tag?post=15053"}],"curies":[{"name":"wp","href":"https:\/\/api.w.org\/{rel}","templated":true}]}}