{"id":15063,"date":"2025-01-24T11:23:55","date_gmt":"2025-01-24T10:23:55","guid":{"rendered":"https:\/\/www.amstelprinting.nl\/winkel\/sin%20categor\u00eda\/bierviltjes\/"},"modified":"2026-02-18T12:48:23","modified_gmt":"2026-02-18T11:48:23","slug":"posavasos","status":"publish","type":"product","link":"https:\/\/www.amstelprinting.nl\/es\/tienda\/interior\/casa-y-amp-industria-de-la-restauracion\/posavasos\/","title":{"rendered":"Posavasos"},"content":{"rendered":"<p>Destaque su marca o mensaje con nuestros posavasos impresos de alta calidad. Disponibles tanto en formas redondas como cuadradas, nuestros posavasos ofrecen versatilidad y estilo para cualquier entorno, desde cafeter\u00edas y restaurantes hasta el uso dom\u00e9stico. Elija entre formas redondas o cuadradas y personalice sus posavasos con impresiones en uno o ambos lados para lograr el m\u00e1ximo impacto.<\/p>\n<h3>Ventajas<\/h3>\n<ul>\n<li>Absorbente de humedad<\/li>\n<li>Disponible en cuadrado o redondo<\/li>\n<li>Impresi\u00f3n a una o dos caras<\/li>\n<\/ul>\n<p>&nbsp;<\/p>\n<h3>Material<\/h3>\n<p>Nuestros posavasos est\u00e1n fabricados con cart\u00f3n de fieltro absorbente de humedad, lo que garantiza durabilidad y una excelente absorci\u00f3n. Este material mantiene las mesas secas y limpias, mientras mantiene su dise\u00f1o n\u00edtido y vibrante.<\/p>\n<p>Ya sea para una cafeter\u00eda, restaurante o evento, nuestros posavasos son la elecci\u00f3n ideal para reforzar su marca o mensaje. Con sus dise\u00f1os vers\u00e1tiles y materiales de alta calidad, no solo aseguran una mesa limpia, sino tambi\u00e9n una impresi\u00f3n duradera. Utilice nuestras plantillas para crear f\u00e1cilmente su dise\u00f1o.<\/p>\n","protected":false},"excerpt":{"rendered":"<p>Destaque su marca o mensaje con nuestros posavasos impresos de alta calidad. Disponibles tanto en formas redondas como cuadradas, nuestros posavasos ofrecen versatilidad y estilo para cualquier entorno, desde cafeter\u00edas y restaurantes hasta el uso dom\u00e9stico. Elija entre formas redondas o cuadradas y personalice sus posavasos con impresiones en uno o ambos lados para lograr el m\u00e1ximo impacto.<\/p>\n","protected":false},"featured_media":15064,"template":"","meta":{"_et_pb_use_builder":"","_et_pb_old_content":"","_et_gb_content_width":""},"product_brand":[],"product_cat":[565,423,431,394,545,379],"product_tag":[],"class_list":{"0":"post-15063","1":"product","2":"type-product","3":"status-publish","4":"has-post-thumbnail","6":"product_cat-casa-y-amp-industria-de-la-restauracion","7":"product_cat-decoracion","8":"product_cat-feria-y-evento","9":"product_cat-hospitalidad","10":"product_cat-interior","11":"product_cat-publicidad-interior","13":"first","14":"instock","15":"taxable","16":"shipping-taxable","17":"purchasable","18":"product-type-simple"},"yoast_head":"<!-- This site is optimized with the Yoast SEO plugin v27.3 - https:\/\/yoast.com\/product\/yoast-seo-wordpress\/ -->\n<title>Posavasos | Amstel Printing<\/title>\n<meta name=\"robots\" content=\"index, follow, max-snippet:-1, max-image-preview:large, max-video-preview:-1\" \/>\n<link rel=\"canonical\" href=\"https:\/\/www.amstelprinting.nl\/es\/tienda\/interior\/casa-y-amp-industria-de-la-restauracion\/posavasos\/\" \/>\n<meta property=\"og:locale\" content=\"es_ES\" \/>\n<meta property=\"og:type\" content=\"article\" \/>\n<meta property=\"og:title\" content=\"Posavasos | Amstel Printing\" \/>\n<meta property=\"og:description\" content=\"Destaque su marca o mensaje con nuestros posavasos impresos de alta calidad. Disponibles tanto en formas redondas como cuadradas, nuestros posavasos ofrecen versatilidad y estilo para cualquier entorno, desde cafeter\u00edas y restaurantes hasta el uso dom\u00e9stico. Elija entre formas redondas o cuadradas y personalice sus posavasos con impresiones en uno o ambos lados para lograr el m\u00e1ximo impacto.\" \/>\n<meta property=\"og:url\" content=\"https:\/\/www.amstelprinting.nl\/es\/tienda\/interior\/casa-y-amp-industria-de-la-restauracion\/posavasos\/\" \/>\n<meta property=\"og:site_name\" content=\"Amstel Printing\" \/>\n<meta property=\"article:modified_time\" content=\"2026-02-18T11:48:23+00:00\" \/>\n<meta property=\"og:image\" content=\"https:\/\/www.amstelprinting.nl\/wp-content\/uploads\/bierviltjes-bedrukken.png\" \/>\n\t<meta property=\"og:image:width\" content=\"700\" \/>\n\t<meta property=\"og:image:height\" content=\"700\" \/>\n\t<meta property=\"og:image:type\" content=\"image\/png\" \/>\n<meta name=\"twitter:card\" content=\"summary_large_image\" \/>\n<meta name=\"twitter:label1\" content=\"Tiempo de lectura\" \/>\n\t<meta name=\"twitter:data1\" content=\"1 minuto\" \/>\n<script type=\"application\/ld+json\" class=\"yoast-schema-graph\">{\"@context\":\"https:\\\/\\\/schema.org\",\"@graph\":[{\"@type\":\"WebPage\",\"@id\":\"https:\\\/\\\/www.amstelprinting.nl\\\/es\\\/tienda\\\/interior\\\/casa-y-amp-industria-de-la-restauracion\\\/posavasos\\\/\",\"url\":\"https:\\\/\\\/www.amstelprinting.nl\\\/es\\\/tienda\\\/interior\\\/casa-y-amp-industria-de-la-restauracion\\\/posavasos\\\/\",\"name\":\"Posavasos | Amstel Printing\",\"isPartOf\":{\"@id\":\"https:\\\/\\\/www.amstelprinting.nl\\\/es\\\/#website\"},\"primaryImageOfPage\":{\"@id\":\"https:\\\/\\\/www.amstelprinting.nl\\\/es\\\/tienda\\\/interior\\\/casa-y-amp-industria-de-la-restauracion\\\/posavasos\\\/#primaryimage\"},\"image\":{\"@id\":\"https:\\\/\\\/www.amstelprinting.nl\\\/es\\\/tienda\\\/interior\\\/casa-y-amp-industria-de-la-restauracion\\\/posavasos\\\/#primaryimage\"},\"thumbnailUrl\":\"https:\\\/\\\/www.amstelprinting.nl\\\/wp-content\\\/uploads\\\/bierviltjes-bedrukken.png\",\"datePublished\":\"2025-01-24T10:23:55+00:00\",\"dateModified\":\"2026-02-18T11:48:23+00:00\",\"breadcrumb\":{\"@id\":\"https:\\\/\\\/www.amstelprinting.nl\\\/es\\\/tienda\\\/interior\\\/casa-y-amp-industria-de-la-restauracion\\\/posavasos\\\/#breadcrumb\"},\"inLanguage\":\"es\",\"potentialAction\":[{\"@type\":\"ReadAction\",\"target\":[\"https:\\\/\\\/www.amstelprinting.nl\\\/es\\\/tienda\\\/interior\\\/casa-y-amp-industria-de-la-restauracion\\\/posavasos\\\/\"]}]},{\"@type\":\"ImageObject\",\"inLanguage\":\"es\",\"@id\":\"https:\\\/\\\/www.amstelprinting.nl\\\/es\\\/tienda\\\/interior\\\/casa-y-amp-industria-de-la-restauracion\\\/posavasos\\\/#primaryimage\",\"url\":\"https:\\\/\\\/www.amstelprinting.nl\\\/wp-content\\\/uploads\\\/bierviltjes-bedrukken.png\",\"contentUrl\":\"https:\\\/\\\/www.amstelprinting.nl\\\/wp-content\\\/uploads\\\/bierviltjes-bedrukken.png\",\"width\":700,\"height\":700},{\"@type\":\"BreadcrumbList\",\"@id\":\"https:\\\/\\\/www.amstelprinting.nl\\\/es\\\/tienda\\\/interior\\\/casa-y-amp-industria-de-la-restauracion\\\/posavasos\\\/#breadcrumb\",\"itemListElement\":[{\"@type\":\"ListItem\",\"position\":1,\"name\":\"\",\"item\":\"https:\\\/\\\/www.amstelprinting.nl\\\/es\\\/\"},{\"@type\":\"ListItem\",\"position\":2,\"name\":\"Amstel Printing\",\"item\":\"https:\\\/\\\/www.amstelprinting.nl\\\/es\\\/comercio\\\/\"},{\"@type\":\"ListItem\",\"position\":3,\"name\":\"Publicidad interior\",\"item\":\"https:\\\/\\\/www.amstelprinting.nl\\\/es\\\/categor\u00eda\\\/publicidad-interior\\\/\"},{\"@type\":\"ListItem\",\"position\":4,\"name\":\"Hospitalidad\",\"item\":\"https:\\\/\\\/www.amstelprinting.nl\\\/es\\\/categor\u00eda\\\/publicidad-interior\\\/hospitalidad\\\/\"},{\"@type\":\"ListItem\",\"position\":5,\"name\":\"Posavasos\"}]},{\"@type\":\"WebSite\",\"@id\":\"https:\\\/\\\/www.amstelprinting.nl\\\/es\\\/#website\",\"url\":\"https:\\\/\\\/www.amstelprinting.nl\\\/es\\\/\",\"name\":\"Amstel Printing\",\"description\":\"Creating Exposure\",\"publisher\":{\"@id\":\"https:\\\/\\\/www.amstelprinting.nl\\\/es\\\/#organization\"},\"potentialAction\":[{\"@type\":\"SearchAction\",\"target\":{\"@type\":\"EntryPoint\",\"urlTemplate\":\"https:\\\/\\\/www.amstelprinting.nl\\\/es\\\/?s={search_term_string}\"},\"query-input\":{\"@type\":\"PropertyValueSpecification\",\"valueRequired\":true,\"valueName\":\"search_term_string\"}}],\"inLanguage\":\"es\"},{\"@type\":\"Organization\",\"@id\":\"https:\\\/\\\/www.amstelprinting.nl\\\/es\\\/#organization\",\"name\":\"Amstel Printing\",\"url\":\"https:\\\/\\\/www.amstelprinting.nl\\\/es\\\/\",\"logo\":{\"@type\":\"ImageObject\",\"inLanguage\":\"es\",\"@id\":\"https:\\\/\\\/www.amstelprinting.nl\\\/es\\\/#\\\/schema\\\/logo\\\/image\\\/\",\"url\":\"https:\\\/\\\/www.amstelprinting.nl\\\/wp-content\\\/uploads\\\/amstel_printing_logo_clean.png\",\"contentUrl\":\"https:\\\/\\\/www.amstelprinting.nl\\\/wp-content\\\/uploads\\\/amstel_printing_logo_clean.png\",\"width\":324,\"height\":73,\"caption\":\"Amstel Printing\"},\"image\":{\"@id\":\"https:\\\/\\\/www.amstelprinting.nl\\\/es\\\/#\\\/schema\\\/logo\\\/image\\\/\"}}]}<\/script>\n<!-- \/ Yoast SEO plugin. -->","yoast_head_json":{"title":"Posavasos | Amstel Printing","robots":{"index":"index","follow":"follow","max-snippet":"max-snippet:-1","max-image-preview":"max-image-preview:large","max-video-preview":"max-video-preview:-1"},"canonical":"https:\/\/www.amstelprinting.nl\/es\/tienda\/interior\/casa-y-amp-industria-de-la-restauracion\/posavasos\/","og_locale":"es_ES","og_type":"article","og_title":"Posavasos | Amstel Printing","og_description":"Destaque su marca o mensaje con nuestros posavasos impresos de alta calidad. Disponibles tanto en formas redondas como cuadradas, nuestros posavasos ofrecen versatilidad y estilo para cualquier entorno, desde cafeter\u00edas y restaurantes hasta el uso dom\u00e9stico. Elija entre formas redondas o cuadradas y personalice sus posavasos con impresiones en uno o ambos lados para lograr el m\u00e1ximo impacto.","og_url":"https:\/\/www.amstelprinting.nl\/es\/tienda\/interior\/casa-y-amp-industria-de-la-restauracion\/posavasos\/","og_site_name":"Amstel Printing","article_modified_time":"2026-02-18T11:48:23+00:00","og_image":[{"width":700,"height":700,"url":"https:\/\/www.amstelprinting.nl\/wp-content\/uploads\/bierviltjes-bedrukken.png","type":"image\/png"}],"twitter_card":"summary_large_image","twitter_misc":{"Tiempo de lectura":"1 minuto"},"schema":{"@context":"https:\/\/schema.org","@graph":[{"@type":"WebPage","@id":"https:\/\/www.amstelprinting.nl\/es\/tienda\/interior\/casa-y-amp-industria-de-la-restauracion\/posavasos\/","url":"https:\/\/www.amstelprinting.nl\/es\/tienda\/interior\/casa-y-amp-industria-de-la-restauracion\/posavasos\/","name":"Posavasos | Amstel Printing","isPartOf":{"@id":"https:\/\/www.amstelprinting.nl\/es\/#website"},"primaryImageOfPage":{"@id":"https:\/\/www.amstelprinting.nl\/es\/tienda\/interior\/casa-y-amp-industria-de-la-restauracion\/posavasos\/#primaryimage"},"image":{"@id":"https:\/\/www.amstelprinting.nl\/es\/tienda\/interior\/casa-y-amp-industria-de-la-restauracion\/posavasos\/#primaryimage"},"thumbnailUrl":"https:\/\/www.amstelprinting.nl\/wp-content\/uploads\/bierviltjes-bedrukken.png","datePublished":"2025-01-24T10:23:55+00:00","dateModified":"2026-02-18T11:48:23+00:00","breadcrumb":{"@id":"https:\/\/www.amstelprinting.nl\/es\/tienda\/interior\/casa-y-amp-industria-de-la-restauracion\/posavasos\/#breadcrumb"},"inLanguage":"es","potentialAction":[{"@type":"ReadAction","target":["https:\/\/www.amstelprinting.nl\/es\/tienda\/interior\/casa-y-amp-industria-de-la-restauracion\/posavasos\/"]}]},{"@type":"ImageObject","inLanguage":"es","@id":"https:\/\/www.amstelprinting.nl\/es\/tienda\/interior\/casa-y-amp-industria-de-la-restauracion\/posavasos\/#primaryimage","url":"https:\/\/www.amstelprinting.nl\/wp-content\/uploads\/bierviltjes-bedrukken.png","contentUrl":"https:\/\/www.amstelprinting.nl\/wp-content\/uploads\/bierviltjes-bedrukken.png","width":700,"height":700},{"@type":"BreadcrumbList","@id":"https:\/\/www.amstelprinting.nl\/es\/tienda\/interior\/casa-y-amp-industria-de-la-restauracion\/posavasos\/#breadcrumb","itemListElement":[{"@type":"ListItem","position":1,"name":"","item":"https:\/\/www.amstelprinting.nl\/es\/"},{"@type":"ListItem","position":2,"name":"Amstel Printing","item":"https:\/\/www.amstelprinting.nl\/es\/comercio\/"},{"@type":"ListItem","position":3,"name":"Publicidad interior","item":"https:\/\/www.amstelprinting.nl\/es\/categor\u00eda\/publicidad-interior\/"},{"@type":"ListItem","position":4,"name":"Hospitalidad","item":"https:\/\/www.amstelprinting.nl\/es\/categor\u00eda\/publicidad-interior\/hospitalidad\/"},{"@type":"ListItem","position":5,"name":"Posavasos"}]},{"@type":"WebSite","@id":"https:\/\/www.amstelprinting.nl\/es\/#website","url":"https:\/\/www.amstelprinting.nl\/es\/","name":"Amstel Printing","description":"Creating Exposure","publisher":{"@id":"https:\/\/www.amstelprinting.nl\/es\/#organization"},"potentialAction":[{"@type":"SearchAction","target":{"@type":"EntryPoint","urlTemplate":"https:\/\/www.amstelprinting.nl\/es\/?s={search_term_string}"},"query-input":{"@type":"PropertyValueSpecification","valueRequired":true,"valueName":"search_term_string"}}],"inLanguage":"es"},{"@type":"Organization","@id":"https:\/\/www.amstelprinting.nl\/es\/#organization","name":"Amstel Printing","url":"https:\/\/www.amstelprinting.nl\/es\/","logo":{"@type":"ImageObject","inLanguage":"es","@id":"https:\/\/www.amstelprinting.nl\/es\/#\/schema\/logo\/image\/","url":"https:\/\/www.amstelprinting.nl\/wp-content\/uploads\/amstel_printing_logo_clean.png","contentUrl":"https:\/\/www.amstelprinting.nl\/wp-content\/uploads\/amstel_printing_logo_clean.png","width":324,"height":73,"caption":"Amstel Printing"},"image":{"@id":"https:\/\/www.amstelprinting.nl\/es\/#\/schema\/logo\/image\/"}}]}},"_links":{"self":[{"href":"https:\/\/www.amstelprinting.nl\/es\/wp-json\/wp\/v2\/product\/15063","targetHints":{"allow":["GET"]}}],"collection":[{"href":"https:\/\/www.amstelprinting.nl\/es\/wp-json\/wp\/v2\/product"}],"about":[{"href":"https:\/\/www.amstelprinting.nl\/es\/wp-json\/wp\/v2\/types\/product"}],"wp:featuredmedia":[{"embeddable":true,"href":"https:\/\/www.amstelprinting.nl\/es\/wp-json\/wp\/v2\/media\/15064"}],"wp:attachment":[{"href":"https:\/\/www.amstelprinting.nl\/es\/wp-json\/wp\/v2\/media?parent=15063"}],"wp:term":[{"taxonomy":"product_brand","embeddable":true,"href":"https:\/\/www.amstelprinting.nl\/es\/wp-json\/wp\/v2\/product_brand?post=15063"},{"taxonomy":"product_cat","embeddable":true,"href":"https:\/\/www.amstelprinting.nl\/es\/wp-json\/wp\/v2\/product_cat?post=15063"},{"taxonomy":"product_tag","embeddable":true,"href":"https:\/\/www.amstelprinting.nl\/es\/wp-json\/wp\/v2\/product_tag?post=15063"}],"curies":[{"name":"wp","href":"https:\/\/api.w.org\/{rel}","templated":true}]}}