{"id":15077,"date":"2025-01-24T11:23:52","date_gmt":"2025-01-24T10:23:52","guid":{"rendered":"https:\/\/www.amstelprinting.nl\/winkel\/sin%20categor\u00eda\/placemats\/"},"modified":"2026-02-18T12:48:24","modified_gmt":"2026-02-18T11:48:24","slug":"manteles-individuales","status":"publish","type":"product","link":"https:\/\/www.amstelprinting.nl\/es\/tienda\/interior\/casa-y-amp-industria-de-la-restauracion\/manteles-individuales\/","title":{"rendered":"Manteles individuales"},"content":{"rendered":"<h3>Impresi\u00f3n de manteles individuales<\/h3>\n<p>Nuestros manteles individuales se pueden personalizar totalmente con su propio dise\u00f1o o patr\u00f3n. Tanto si elige un estampado llamativo, un patr\u00f3n sutil o el logotipo de su empresa, las posibilidades son infinitas. Adem\u00e1s, ofrecemos la flexibilidad de tiradas grandes o peque\u00f1as, para que siempre reciba exactamente la cantidad que necesita.<\/p>\n<p>Nuestros manteles individuales ofrecen un equilibrio perfecto entre est\u00e9tica y funcionalidad. Protegen su mesa y a\u00f1aden un toque de estilo a cualquier ocasi\u00f3n. Proteja su mesa y dele un cambio de imagen al mismo tiempo con nuestros vers\u00e1tiles y elegantes manteles individuales. \u00a1Haga su pedido hoy mismo y descubra lo f\u00e1cil que es hacer que cada comida sea especial con un toque personal y profesional!<\/p>\n<h3>Manteles individuales: elija el material adecuado<\/h3>\n<p>Nuestros manteles individuales est\u00e1n disponibles en varias opciones de papel y tela, cada una con propiedades \u00fanicas.<\/p>\n<p><strong>Manteles individuales de papel<\/strong><br \/>\nPara el papel, puede elegir entre HVO blanco, que ofrece un aspecto mate y una textura natural; HV apto para l\u00e1ser blanco, ideal para impresiones n\u00edtidas y claras con impresoras l\u00e1ser; HV MC satinado (Brillo), que tiene un acabado brillante para colores vivos; Synaps, un papel sint\u00e9tico resistente al agua y a los desgarros; y YupoBlue, que tambi\u00e9n es sint\u00e9tico, con gran blancura y durabilidad. Los manteles individuales de papel se pueden imprimir tanto a una cara como a doble cara.<\/p>\n<p><strong>Manteles individuales de tela<\/strong><br \/>\nPara los manteles individuales de tela, ofrecemos Pro Cotton Percal, un algod\u00f3n suave y transpirable con un tejido fino; Kendal, que es robusto pero c\u00f3modo y apto tanto para interiores como para exteriores; y ProPES Outdoor, una lona sint\u00e9tica hidr\u00f3fuga y resistente a la intemperie, perfecta para uso en exteriores. Estos manteles individuales de tela est\u00e1n acabados con un dobladillo doble, disponible con hilo blanco o negro, lo que garantiza un acabado impecable y evita que se deshilachen.<\/p>\n","protected":false},"excerpt":{"rendered":"<h3>Provistos de una impresi\u00f3n de gran nitidez a su elecci\u00f3n<\/h3>\n<p>D\u00e9 a su mesa un aspecto elegante con nuestros manteles individuales de alta calidad. Perfectos para restaurantes, cafeter\u00edas, eventos o uso dom\u00e9stico. Nuestros manteles individuales ofrecen la combinaci\u00f3n ideal de estilo y, al mismo tiempo, protegen el tablero de la mesa. Disponibles en el amplio formato A3 (horizontal), son lo suficientemente grandes como para completar cualquier mesa.<\/p>\n","protected":false},"featured_media":15079,"template":"","meta":{"_et_pb_use_builder":"","_et_pb_old_content":"","_et_gb_content_width":""},"product_brand":[],"product_cat":[565,394,545,379],"product_tag":[],"class_list":{"0":"post-15077","1":"product","2":"type-product","3":"status-publish","4":"has-post-thumbnail","6":"product_cat-casa-y-amp-industria-de-la-restauracion","7":"product_cat-hospitalidad","8":"product_cat-interior","9":"product_cat-publicidad-interior","11":"first","12":"instock","13":"taxable","14":"shipping-taxable","15":"purchasable","16":"product-type-simple"},"yoast_head":"<!-- This site is optimized with the Yoast SEO plugin v27.3 - https:\/\/yoast.com\/product\/yoast-seo-wordpress\/ -->\n<title>Manteles individuales | Amstel Printing<\/title>\n<meta name=\"robots\" content=\"index, follow, max-snippet:-1, max-image-preview:large, max-video-preview:-1\" \/>\n<link rel=\"canonical\" href=\"https:\/\/www.amstelprinting.nl\/es\/tienda\/interior\/casa-y-amp-industria-de-la-restauracion\/manteles-individuales\/\" \/>\n<meta property=\"og:locale\" content=\"es_ES\" \/>\n<meta property=\"og:type\" content=\"article\" \/>\n<meta property=\"og:title\" content=\"Manteles individuales | Amstel Printing\" \/>\n<meta property=\"og:description\" content=\"Provistos de una impresi\u00f3n de gran nitidez a su elecci\u00f3n D\u00e9 a su mesa un aspecto elegante con nuestros manteles individuales de alta calidad. Perfectos para restaurantes, cafeter\u00edas, eventos o uso dom\u00e9stico. Nuestros manteles individuales ofrecen la combinaci\u00f3n ideal de estilo y, al mismo tiempo, protegen el tablero de la mesa. Disponibles en el amplio formato A3 (horizontal), son lo suficientemente grandes como para completar cualquier mesa.\" \/>\n<meta property=\"og:url\" content=\"https:\/\/www.amstelprinting.nl\/es\/tienda\/interior\/casa-y-amp-industria-de-la-restauracion\/manteles-individuales\/\" \/>\n<meta property=\"og:site_name\" content=\"Amstel Printing\" \/>\n<meta property=\"article:modified_time\" content=\"2026-02-18T11:48:24+00:00\" \/>\n<meta property=\"og:image\" content=\"https:\/\/www.amstelprinting.nl\/wp-content\/uploads\/Placemats4.jpg\" \/>\n\t<meta property=\"og:image:width\" content=\"700\" \/>\n\t<meta property=\"og:image:height\" content=\"700\" \/>\n\t<meta property=\"og:image:type\" content=\"image\/jpeg\" \/>\n<meta name=\"twitter:card\" content=\"summary_large_image\" \/>\n<meta name=\"twitter:label1\" content=\"Tiempo de lectura\" \/>\n\t<meta name=\"twitter:data1\" content=\"2 minutos\" \/>\n<script type=\"application\/ld+json\" class=\"yoast-schema-graph\">{\"@context\":\"https:\\\/\\\/schema.org\",\"@graph\":[{\"@type\":\"WebPage\",\"@id\":\"https:\\\/\\\/www.amstelprinting.nl\\\/es\\\/tienda\\\/interior\\\/casa-y-amp-industria-de-la-restauracion\\\/manteles-individuales\\\/\",\"url\":\"https:\\\/\\\/www.amstelprinting.nl\\\/es\\\/tienda\\\/interior\\\/casa-y-amp-industria-de-la-restauracion\\\/manteles-individuales\\\/\",\"name\":\"Manteles individuales | Amstel Printing\",\"isPartOf\":{\"@id\":\"https:\\\/\\\/www.amstelprinting.nl\\\/es\\\/#website\"},\"primaryImageOfPage\":{\"@id\":\"https:\\\/\\\/www.amstelprinting.nl\\\/es\\\/tienda\\\/interior\\\/casa-y-amp-industria-de-la-restauracion\\\/manteles-individuales\\\/#primaryimage\"},\"image\":{\"@id\":\"https:\\\/\\\/www.amstelprinting.nl\\\/es\\\/tienda\\\/interior\\\/casa-y-amp-industria-de-la-restauracion\\\/manteles-individuales\\\/#primaryimage\"},\"thumbnailUrl\":\"https:\\\/\\\/www.amstelprinting.nl\\\/wp-content\\\/uploads\\\/Placemats4.jpg\",\"datePublished\":\"2025-01-24T10:23:52+00:00\",\"dateModified\":\"2026-02-18T11:48:24+00:00\",\"breadcrumb\":{\"@id\":\"https:\\\/\\\/www.amstelprinting.nl\\\/es\\\/tienda\\\/interior\\\/casa-y-amp-industria-de-la-restauracion\\\/manteles-individuales\\\/#breadcrumb\"},\"inLanguage\":\"es\",\"potentialAction\":[{\"@type\":\"ReadAction\",\"target\":[\"https:\\\/\\\/www.amstelprinting.nl\\\/es\\\/tienda\\\/interior\\\/casa-y-amp-industria-de-la-restauracion\\\/manteles-individuales\\\/\"]}]},{\"@type\":\"ImageObject\",\"inLanguage\":\"es\",\"@id\":\"https:\\\/\\\/www.amstelprinting.nl\\\/es\\\/tienda\\\/interior\\\/casa-y-amp-industria-de-la-restauracion\\\/manteles-individuales\\\/#primaryimage\",\"url\":\"https:\\\/\\\/www.amstelprinting.nl\\\/wp-content\\\/uploads\\\/Placemats4.jpg\",\"contentUrl\":\"https:\\\/\\\/www.amstelprinting.nl\\\/wp-content\\\/uploads\\\/Placemats4.jpg\",\"width\":700,\"height\":700},{\"@type\":\"BreadcrumbList\",\"@id\":\"https:\\\/\\\/www.amstelprinting.nl\\\/es\\\/tienda\\\/interior\\\/casa-y-amp-industria-de-la-restauracion\\\/manteles-individuales\\\/#breadcrumb\",\"itemListElement\":[{\"@type\":\"ListItem\",\"position\":1,\"name\":\"\",\"item\":\"https:\\\/\\\/www.amstelprinting.nl\\\/es\\\/\"},{\"@type\":\"ListItem\",\"position\":2,\"name\":\"Amstel Printing\",\"item\":\"https:\\\/\\\/www.amstelprinting.nl\\\/es\\\/comercio\\\/\"},{\"@type\":\"ListItem\",\"position\":3,\"name\":\"Publicidad interior\",\"item\":\"https:\\\/\\\/www.amstelprinting.nl\\\/es\\\/categor\u00eda\\\/publicidad-interior\\\/\"},{\"@type\":\"ListItem\",\"position\":4,\"name\":\"Hospitalidad\",\"item\":\"https:\\\/\\\/www.amstelprinting.nl\\\/es\\\/categor\u00eda\\\/publicidad-interior\\\/hospitalidad\\\/\"},{\"@type\":\"ListItem\",\"position\":5,\"name\":\"Manteles individuales\"}]},{\"@type\":\"WebSite\",\"@id\":\"https:\\\/\\\/www.amstelprinting.nl\\\/es\\\/#website\",\"url\":\"https:\\\/\\\/www.amstelprinting.nl\\\/es\\\/\",\"name\":\"Amstel Printing\",\"description\":\"Creating Exposure\",\"publisher\":{\"@id\":\"https:\\\/\\\/www.amstelprinting.nl\\\/es\\\/#organization\"},\"potentialAction\":[{\"@type\":\"SearchAction\",\"target\":{\"@type\":\"EntryPoint\",\"urlTemplate\":\"https:\\\/\\\/www.amstelprinting.nl\\\/es\\\/?s={search_term_string}\"},\"query-input\":{\"@type\":\"PropertyValueSpecification\",\"valueRequired\":true,\"valueName\":\"search_term_string\"}}],\"inLanguage\":\"es\"},{\"@type\":\"Organization\",\"@id\":\"https:\\\/\\\/www.amstelprinting.nl\\\/es\\\/#organization\",\"name\":\"Amstel Printing\",\"url\":\"https:\\\/\\\/www.amstelprinting.nl\\\/es\\\/\",\"logo\":{\"@type\":\"ImageObject\",\"inLanguage\":\"es\",\"@id\":\"https:\\\/\\\/www.amstelprinting.nl\\\/es\\\/#\\\/schema\\\/logo\\\/image\\\/\",\"url\":\"https:\\\/\\\/www.amstelprinting.nl\\\/wp-content\\\/uploads\\\/amstel_printing_logo_clean.png\",\"contentUrl\":\"https:\\\/\\\/www.amstelprinting.nl\\\/wp-content\\\/uploads\\\/amstel_printing_logo_clean.png\",\"width\":324,\"height\":73,\"caption\":\"Amstel Printing\"},\"image\":{\"@id\":\"https:\\\/\\\/www.amstelprinting.nl\\\/es\\\/#\\\/schema\\\/logo\\\/image\\\/\"}}]}<\/script>\n<!-- \/ Yoast SEO plugin. -->","yoast_head_json":{"title":"Manteles individuales | Amstel Printing","robots":{"index":"index","follow":"follow","max-snippet":"max-snippet:-1","max-image-preview":"max-image-preview:large","max-video-preview":"max-video-preview:-1"},"canonical":"https:\/\/www.amstelprinting.nl\/es\/tienda\/interior\/casa-y-amp-industria-de-la-restauracion\/manteles-individuales\/","og_locale":"es_ES","og_type":"article","og_title":"Manteles individuales | Amstel Printing","og_description":"Provistos de una impresi\u00f3n de gran nitidez a su elecci\u00f3n D\u00e9 a su mesa un aspecto elegante con nuestros manteles individuales de alta calidad. Perfectos para restaurantes, cafeter\u00edas, eventos o uso dom\u00e9stico. Nuestros manteles individuales ofrecen la combinaci\u00f3n ideal de estilo y, al mismo tiempo, protegen el tablero de la mesa. Disponibles en el amplio formato A3 (horizontal), son lo suficientemente grandes como para completar cualquier mesa.","og_url":"https:\/\/www.amstelprinting.nl\/es\/tienda\/interior\/casa-y-amp-industria-de-la-restauracion\/manteles-individuales\/","og_site_name":"Amstel Printing","article_modified_time":"2026-02-18T11:48:24+00:00","og_image":[{"width":700,"height":700,"url":"https:\/\/www.amstelprinting.nl\/wp-content\/uploads\/Placemats4.jpg","type":"image\/jpeg"}],"twitter_card":"summary_large_image","twitter_misc":{"Tiempo de lectura":"2 minutos"},"schema":{"@context":"https:\/\/schema.org","@graph":[{"@type":"WebPage","@id":"https:\/\/www.amstelprinting.nl\/es\/tienda\/interior\/casa-y-amp-industria-de-la-restauracion\/manteles-individuales\/","url":"https:\/\/www.amstelprinting.nl\/es\/tienda\/interior\/casa-y-amp-industria-de-la-restauracion\/manteles-individuales\/","name":"Manteles individuales | Amstel Printing","isPartOf":{"@id":"https:\/\/www.amstelprinting.nl\/es\/#website"},"primaryImageOfPage":{"@id":"https:\/\/www.amstelprinting.nl\/es\/tienda\/interior\/casa-y-amp-industria-de-la-restauracion\/manteles-individuales\/#primaryimage"},"image":{"@id":"https:\/\/www.amstelprinting.nl\/es\/tienda\/interior\/casa-y-amp-industria-de-la-restauracion\/manteles-individuales\/#primaryimage"},"thumbnailUrl":"https:\/\/www.amstelprinting.nl\/wp-content\/uploads\/Placemats4.jpg","datePublished":"2025-01-24T10:23:52+00:00","dateModified":"2026-02-18T11:48:24+00:00","breadcrumb":{"@id":"https:\/\/www.amstelprinting.nl\/es\/tienda\/interior\/casa-y-amp-industria-de-la-restauracion\/manteles-individuales\/#breadcrumb"},"inLanguage":"es","potentialAction":[{"@type":"ReadAction","target":["https:\/\/www.amstelprinting.nl\/es\/tienda\/interior\/casa-y-amp-industria-de-la-restauracion\/manteles-individuales\/"]}]},{"@type":"ImageObject","inLanguage":"es","@id":"https:\/\/www.amstelprinting.nl\/es\/tienda\/interior\/casa-y-amp-industria-de-la-restauracion\/manteles-individuales\/#primaryimage","url":"https:\/\/www.amstelprinting.nl\/wp-content\/uploads\/Placemats4.jpg","contentUrl":"https:\/\/www.amstelprinting.nl\/wp-content\/uploads\/Placemats4.jpg","width":700,"height":700},{"@type":"BreadcrumbList","@id":"https:\/\/www.amstelprinting.nl\/es\/tienda\/interior\/casa-y-amp-industria-de-la-restauracion\/manteles-individuales\/#breadcrumb","itemListElement":[{"@type":"ListItem","position":1,"name":"","item":"https:\/\/www.amstelprinting.nl\/es\/"},{"@type":"ListItem","position":2,"name":"Amstel Printing","item":"https:\/\/www.amstelprinting.nl\/es\/comercio\/"},{"@type":"ListItem","position":3,"name":"Publicidad interior","item":"https:\/\/www.amstelprinting.nl\/es\/categor\u00eda\/publicidad-interior\/"},{"@type":"ListItem","position":4,"name":"Hospitalidad","item":"https:\/\/www.amstelprinting.nl\/es\/categor\u00eda\/publicidad-interior\/hospitalidad\/"},{"@type":"ListItem","position":5,"name":"Manteles individuales"}]},{"@type":"WebSite","@id":"https:\/\/www.amstelprinting.nl\/es\/#website","url":"https:\/\/www.amstelprinting.nl\/es\/","name":"Amstel Printing","description":"Creating Exposure","publisher":{"@id":"https:\/\/www.amstelprinting.nl\/es\/#organization"},"potentialAction":[{"@type":"SearchAction","target":{"@type":"EntryPoint","urlTemplate":"https:\/\/www.amstelprinting.nl\/es\/?s={search_term_string}"},"query-input":{"@type":"PropertyValueSpecification","valueRequired":true,"valueName":"search_term_string"}}],"inLanguage":"es"},{"@type":"Organization","@id":"https:\/\/www.amstelprinting.nl\/es\/#organization","name":"Amstel Printing","url":"https:\/\/www.amstelprinting.nl\/es\/","logo":{"@type":"ImageObject","inLanguage":"es","@id":"https:\/\/www.amstelprinting.nl\/es\/#\/schema\/logo\/image\/","url":"https:\/\/www.amstelprinting.nl\/wp-content\/uploads\/amstel_printing_logo_clean.png","contentUrl":"https:\/\/www.amstelprinting.nl\/wp-content\/uploads\/amstel_printing_logo_clean.png","width":324,"height":73,"caption":"Amstel Printing"},"image":{"@id":"https:\/\/www.amstelprinting.nl\/es\/#\/schema\/logo\/image\/"}}]}},"_links":{"self":[{"href":"https:\/\/www.amstelprinting.nl\/es\/wp-json\/wp\/v2\/product\/15077","targetHints":{"allow":["GET"]}}],"collection":[{"href":"https:\/\/www.amstelprinting.nl\/es\/wp-json\/wp\/v2\/product"}],"about":[{"href":"https:\/\/www.amstelprinting.nl\/es\/wp-json\/wp\/v2\/types\/product"}],"wp:featuredmedia":[{"embeddable":true,"href":"https:\/\/www.amstelprinting.nl\/es\/wp-json\/wp\/v2\/media\/15079"}],"wp:attachment":[{"href":"https:\/\/www.amstelprinting.nl\/es\/wp-json\/wp\/v2\/media?parent=15077"}],"wp:term":[{"taxonomy":"product_brand","embeddable":true,"href":"https:\/\/www.amstelprinting.nl\/es\/wp-json\/wp\/v2\/product_brand?post=15077"},{"taxonomy":"product_cat","embeddable":true,"href":"https:\/\/www.amstelprinting.nl\/es\/wp-json\/wp\/v2\/product_cat?post=15077"},{"taxonomy":"product_tag","embeddable":true,"href":"https:\/\/www.amstelprinting.nl\/es\/wp-json\/wp\/v2\/product_tag?post=15077"}],"curies":[{"name":"wp","href":"https:\/\/api.w.org\/{rel}","templated":true}]}}