{"id":15088,"date":"2025-01-24T11:23:48","date_gmt":"2025-01-24T10:23:48","guid":{"rendered":"https:\/\/www.amstelprinting.nl\/winkel\/sin%20categor\u00eda\/acousticpro-dividers\/"},"modified":"2026-02-18T12:48:25","modified_gmt":"2026-02-18T11:48:25","slug":"divisores-acousticpro","status":"publish","type":"product","link":"https:\/\/www.amstelprinting.nl\/es\/tienda\/interior\/casa-y-amp-industria-de-la-restauracion\/divisores-acousticpro\/","title":{"rendered":"Divisores AcousticPro\u00ae"},"content":{"rendered":"<h3>Divisores AcousticPro\u00ae<\/h3>\n<p>Nuestros divisores AcousticPro\u00ae le ofrecen la libertad de crear su propio dise\u00f1o o elegir entre nuestros elegantes patrones. Gracias al uso de material ac\u00fastico, fabricado con un 90% de fibras de algod\u00f3n reciclado de vaqueros, estos divisores absorben eficazmente las ondas sonoras y reducen la reverberaci\u00f3n. Con un valor \u03b1 de 0,7 dentro del rango de voz (500-1000 Hz), proporcionan un entorno sonoro significativamente mejor.<\/p>\n<h3>Ventajas<\/h3>\n<ul>\n<li>Elecci\u00f3n entre: Divisor de escritorio o de ambiente (independiente o m\u00f3vil)<\/li>\n<li>Material ac\u00fastico que absorbe el sonido<\/li>\n<li>Equipado con una impresi\u00f3n a doble cara<\/li>\n<li>Se entrega como un marco totalmente montado<\/li>\n<li>Sistema modular innovador (cree combinaciones infinitas)<\/li>\n<li>Suba su dise\u00f1o o elija entre uno de los 20.000 dise\u00f1os de nuestra colecci\u00f3n<\/li>\n<li>Incluye diversos accesorios<\/li>\n<\/ul>\n<p>&nbsp;<\/p>\n<h3>Accesorios<\/h3>\n<p>Nuestros divisores de escritorio (paneles divisorios) se suministran con abrazaderas de escritorio, protectores de esquinas y material de fijaci\u00f3n. Para los divisores de ambiente, ofrecemos placas base (tanto independientes como m\u00f3viles), protectores de esquinas y material de fijaci\u00f3n. Estos accesorios garantizan una instalaci\u00f3n sencilla y la m\u00e1xima estabilidad.<br \/>\nAporte tranquilidad y concentraci\u00f3n a su espacio de trabajo con los vers\u00e1tiles y elegantes divisores AcousticPro\u00ae. Con sus excelentes propiedades ac\u00fasticas, materiales sostenibles y dise\u00f1os personalizables, son la soluci\u00f3n perfecta para cualquier entorno. Ya sea que elija un divisor de ambiente o un divisor de escritorio, notar\u00e1 inmediatamente la diferencia en calidad de sonido y est\u00e9tica.<\/p>\n","protected":false},"excerpt":{"rendered":"<h3>Divisores de escritorio y de ambiente personalizados<\/h3>\n<p>Cree un entorno tranquilo y productivo con nuestros divisores AcousticPro\u00ae. Estos vers\u00e1tiles paneles divisorios est\u00e1n disponibles como divisores de ambiente o divisores de escritorio, disponibles en un marco negro o blanco elegante. Elija una versi\u00f3n independiente o una versi\u00f3n m\u00f3vil para una mayor flexibilidad.<\/p>\n","protected":false},"featured_media":15089,"template":"","meta":{"_et_pb_use_builder":"","_et_pb_old_content":"","_et_gb_content_width":""},"product_brand":[],"product_cat":[565,394,545,379],"product_tag":[],"class_list":{"0":"post-15088","1":"product","2":"type-product","3":"status-publish","4":"has-post-thumbnail","6":"product_cat-casa-y-amp-industria-de-la-restauracion","7":"product_cat-hospitalidad","8":"product_cat-interior","9":"product_cat-publicidad-interior","11":"first","12":"instock","13":"taxable","14":"shipping-taxable","15":"purchasable","16":"product-type-simple"},"yoast_head":"<!-- This site is optimized with the Yoast SEO plugin v27.3 - https:\/\/yoast.com\/product\/yoast-seo-wordpress\/ -->\n<title>Divisores AcousticPro\u00ae | Amstel Printing<\/title>\n<meta name=\"robots\" content=\"index, follow, max-snippet:-1, max-image-preview:large, max-video-preview:-1\" \/>\n<link rel=\"canonical\" href=\"https:\/\/www.amstelprinting.nl\/es\/tienda\/interior\/casa-y-amp-industria-de-la-restauracion\/divisores-acousticpro\/\" \/>\n<meta property=\"og:locale\" content=\"es_ES\" \/>\n<meta property=\"og:type\" content=\"article\" \/>\n<meta property=\"og:title\" content=\"Divisores AcousticPro\u00ae | Amstel Printing\" \/>\n<meta property=\"og:description\" content=\"Divisores de escritorio y de ambiente personalizados Cree un entorno tranquilo y productivo con nuestros divisores AcousticPro\u00ae. Estos vers\u00e1tiles paneles divisorios est\u00e1n disponibles como divisores de ambiente o divisores de escritorio, disponibles en un marco negro o blanco elegante. Elija una versi\u00f3n independiente o una versi\u00f3n m\u00f3vil para una mayor flexibilidad.\" \/>\n<meta property=\"og:url\" content=\"https:\/\/www.amstelprinting.nl\/es\/tienda\/interior\/casa-y-amp-industria-de-la-restauracion\/divisores-acousticpro\/\" \/>\n<meta property=\"og:site_name\" content=\"Amstel Printing\" \/>\n<meta property=\"article:modified_time\" content=\"2026-02-18T11:48:25+00:00\" \/>\n<meta property=\"og:image\" content=\"https:\/\/www.amstelprinting.nl\/wp-content\/uploads\/AcousticPro-divider-bedrukken.png\" \/>\n\t<meta property=\"og:image:width\" content=\"900\" \/>\n\t<meta property=\"og:image:height\" content=\"900\" \/>\n\t<meta property=\"og:image:type\" content=\"image\/png\" \/>\n<meta name=\"twitter:card\" content=\"summary_large_image\" \/>\n<meta name=\"twitter:label1\" content=\"Tiempo de lectura\" \/>\n\t<meta name=\"twitter:data1\" content=\"1 minuto\" \/>\n<script type=\"application\/ld+json\" class=\"yoast-schema-graph\">{\"@context\":\"https:\\\/\\\/schema.org\",\"@graph\":[{\"@type\":\"WebPage\",\"@id\":\"https:\\\/\\\/www.amstelprinting.nl\\\/es\\\/tienda\\\/interior\\\/casa-y-amp-industria-de-la-restauracion\\\/divisores-acousticpro\\\/\",\"url\":\"https:\\\/\\\/www.amstelprinting.nl\\\/es\\\/tienda\\\/interior\\\/casa-y-amp-industria-de-la-restauracion\\\/divisores-acousticpro\\\/\",\"name\":\"Divisores AcousticPro\u00ae | Amstel Printing\",\"isPartOf\":{\"@id\":\"https:\\\/\\\/www.amstelprinting.nl\\\/es\\\/#website\"},\"primaryImageOfPage\":{\"@id\":\"https:\\\/\\\/www.amstelprinting.nl\\\/es\\\/tienda\\\/interior\\\/casa-y-amp-industria-de-la-restauracion\\\/divisores-acousticpro\\\/#primaryimage\"},\"image\":{\"@id\":\"https:\\\/\\\/www.amstelprinting.nl\\\/es\\\/tienda\\\/interior\\\/casa-y-amp-industria-de-la-restauracion\\\/divisores-acousticpro\\\/#primaryimage\"},\"thumbnailUrl\":\"https:\\\/\\\/www.amstelprinting.nl\\\/wp-content\\\/uploads\\\/AcousticPro-divider-bedrukken.png\",\"datePublished\":\"2025-01-24T10:23:48+00:00\",\"dateModified\":\"2026-02-18T11:48:25+00:00\",\"breadcrumb\":{\"@id\":\"https:\\\/\\\/www.amstelprinting.nl\\\/es\\\/tienda\\\/interior\\\/casa-y-amp-industria-de-la-restauracion\\\/divisores-acousticpro\\\/#breadcrumb\"},\"inLanguage\":\"es\",\"potentialAction\":[{\"@type\":\"ReadAction\",\"target\":[\"https:\\\/\\\/www.amstelprinting.nl\\\/es\\\/tienda\\\/interior\\\/casa-y-amp-industria-de-la-restauracion\\\/divisores-acousticpro\\\/\"]}]},{\"@type\":\"ImageObject\",\"inLanguage\":\"es\",\"@id\":\"https:\\\/\\\/www.amstelprinting.nl\\\/es\\\/tienda\\\/interior\\\/casa-y-amp-industria-de-la-restauracion\\\/divisores-acousticpro\\\/#primaryimage\",\"url\":\"https:\\\/\\\/www.amstelprinting.nl\\\/wp-content\\\/uploads\\\/AcousticPro-divider-bedrukken.png\",\"contentUrl\":\"https:\\\/\\\/www.amstelprinting.nl\\\/wp-content\\\/uploads\\\/AcousticPro-divider-bedrukken.png\",\"width\":900,\"height\":900},{\"@type\":\"BreadcrumbList\",\"@id\":\"https:\\\/\\\/www.amstelprinting.nl\\\/es\\\/tienda\\\/interior\\\/casa-y-amp-industria-de-la-restauracion\\\/divisores-acousticpro\\\/#breadcrumb\",\"itemListElement\":[{\"@type\":\"ListItem\",\"position\":1,\"name\":\"\",\"item\":\"https:\\\/\\\/www.amstelprinting.nl\\\/es\\\/\"},{\"@type\":\"ListItem\",\"position\":2,\"name\":\"Amstel Printing\",\"item\":\"https:\\\/\\\/www.amstelprinting.nl\\\/es\\\/comercio\\\/\"},{\"@type\":\"ListItem\",\"position\":3,\"name\":\"Publicidad interior\",\"item\":\"https:\\\/\\\/www.amstelprinting.nl\\\/es\\\/categor\u00eda\\\/publicidad-interior\\\/\"},{\"@type\":\"ListItem\",\"position\":4,\"name\":\"Hospitalidad\",\"item\":\"https:\\\/\\\/www.amstelprinting.nl\\\/es\\\/categor\u00eda\\\/publicidad-interior\\\/hospitalidad\\\/\"},{\"@type\":\"ListItem\",\"position\":5,\"name\":\"Divisores AcousticPro\u00ae\"}]},{\"@type\":\"WebSite\",\"@id\":\"https:\\\/\\\/www.amstelprinting.nl\\\/es\\\/#website\",\"url\":\"https:\\\/\\\/www.amstelprinting.nl\\\/es\\\/\",\"name\":\"Amstel Printing\",\"description\":\"Creating Exposure\",\"publisher\":{\"@id\":\"https:\\\/\\\/www.amstelprinting.nl\\\/es\\\/#organization\"},\"potentialAction\":[{\"@type\":\"SearchAction\",\"target\":{\"@type\":\"EntryPoint\",\"urlTemplate\":\"https:\\\/\\\/www.amstelprinting.nl\\\/es\\\/?s={search_term_string}\"},\"query-input\":{\"@type\":\"PropertyValueSpecification\",\"valueRequired\":true,\"valueName\":\"search_term_string\"}}],\"inLanguage\":\"es\"},{\"@type\":\"Organization\",\"@id\":\"https:\\\/\\\/www.amstelprinting.nl\\\/es\\\/#organization\",\"name\":\"Amstel Printing\",\"url\":\"https:\\\/\\\/www.amstelprinting.nl\\\/es\\\/\",\"logo\":{\"@type\":\"ImageObject\",\"inLanguage\":\"es\",\"@id\":\"https:\\\/\\\/www.amstelprinting.nl\\\/es\\\/#\\\/schema\\\/logo\\\/image\\\/\",\"url\":\"https:\\\/\\\/www.amstelprinting.nl\\\/wp-content\\\/uploads\\\/amstel_printing_logo_clean.png\",\"contentUrl\":\"https:\\\/\\\/www.amstelprinting.nl\\\/wp-content\\\/uploads\\\/amstel_printing_logo_clean.png\",\"width\":324,\"height\":73,\"caption\":\"Amstel Printing\"},\"image\":{\"@id\":\"https:\\\/\\\/www.amstelprinting.nl\\\/es\\\/#\\\/schema\\\/logo\\\/image\\\/\"}}]}<\/script>\n<!-- \/ Yoast SEO plugin. -->","yoast_head_json":{"title":"Divisores AcousticPro\u00ae | Amstel Printing","robots":{"index":"index","follow":"follow","max-snippet":"max-snippet:-1","max-image-preview":"max-image-preview:large","max-video-preview":"max-video-preview:-1"},"canonical":"https:\/\/www.amstelprinting.nl\/es\/tienda\/interior\/casa-y-amp-industria-de-la-restauracion\/divisores-acousticpro\/","og_locale":"es_ES","og_type":"article","og_title":"Divisores AcousticPro\u00ae | Amstel Printing","og_description":"Divisores de escritorio y de ambiente personalizados Cree un entorno tranquilo y productivo con nuestros divisores AcousticPro\u00ae. Estos vers\u00e1tiles paneles divisorios est\u00e1n disponibles como divisores de ambiente o divisores de escritorio, disponibles en un marco negro o blanco elegante. Elija una versi\u00f3n independiente o una versi\u00f3n m\u00f3vil para una mayor flexibilidad.","og_url":"https:\/\/www.amstelprinting.nl\/es\/tienda\/interior\/casa-y-amp-industria-de-la-restauracion\/divisores-acousticpro\/","og_site_name":"Amstel Printing","article_modified_time":"2026-02-18T11:48:25+00:00","og_image":[{"width":900,"height":900,"url":"https:\/\/www.amstelprinting.nl\/wp-content\/uploads\/AcousticPro-divider-bedrukken.png","type":"image\/png"}],"twitter_card":"summary_large_image","twitter_misc":{"Tiempo de lectura":"1 minuto"},"schema":{"@context":"https:\/\/schema.org","@graph":[{"@type":"WebPage","@id":"https:\/\/www.amstelprinting.nl\/es\/tienda\/interior\/casa-y-amp-industria-de-la-restauracion\/divisores-acousticpro\/","url":"https:\/\/www.amstelprinting.nl\/es\/tienda\/interior\/casa-y-amp-industria-de-la-restauracion\/divisores-acousticpro\/","name":"Divisores AcousticPro\u00ae | Amstel Printing","isPartOf":{"@id":"https:\/\/www.amstelprinting.nl\/es\/#website"},"primaryImageOfPage":{"@id":"https:\/\/www.amstelprinting.nl\/es\/tienda\/interior\/casa-y-amp-industria-de-la-restauracion\/divisores-acousticpro\/#primaryimage"},"image":{"@id":"https:\/\/www.amstelprinting.nl\/es\/tienda\/interior\/casa-y-amp-industria-de-la-restauracion\/divisores-acousticpro\/#primaryimage"},"thumbnailUrl":"https:\/\/www.amstelprinting.nl\/wp-content\/uploads\/AcousticPro-divider-bedrukken.png","datePublished":"2025-01-24T10:23:48+00:00","dateModified":"2026-02-18T11:48:25+00:00","breadcrumb":{"@id":"https:\/\/www.amstelprinting.nl\/es\/tienda\/interior\/casa-y-amp-industria-de-la-restauracion\/divisores-acousticpro\/#breadcrumb"},"inLanguage":"es","potentialAction":[{"@type":"ReadAction","target":["https:\/\/www.amstelprinting.nl\/es\/tienda\/interior\/casa-y-amp-industria-de-la-restauracion\/divisores-acousticpro\/"]}]},{"@type":"ImageObject","inLanguage":"es","@id":"https:\/\/www.amstelprinting.nl\/es\/tienda\/interior\/casa-y-amp-industria-de-la-restauracion\/divisores-acousticpro\/#primaryimage","url":"https:\/\/www.amstelprinting.nl\/wp-content\/uploads\/AcousticPro-divider-bedrukken.png","contentUrl":"https:\/\/www.amstelprinting.nl\/wp-content\/uploads\/AcousticPro-divider-bedrukken.png","width":900,"height":900},{"@type":"BreadcrumbList","@id":"https:\/\/www.amstelprinting.nl\/es\/tienda\/interior\/casa-y-amp-industria-de-la-restauracion\/divisores-acousticpro\/#breadcrumb","itemListElement":[{"@type":"ListItem","position":1,"name":"","item":"https:\/\/www.amstelprinting.nl\/es\/"},{"@type":"ListItem","position":2,"name":"Amstel Printing","item":"https:\/\/www.amstelprinting.nl\/es\/comercio\/"},{"@type":"ListItem","position":3,"name":"Publicidad interior","item":"https:\/\/www.amstelprinting.nl\/es\/categor\u00eda\/publicidad-interior\/"},{"@type":"ListItem","position":4,"name":"Hospitalidad","item":"https:\/\/www.amstelprinting.nl\/es\/categor\u00eda\/publicidad-interior\/hospitalidad\/"},{"@type":"ListItem","position":5,"name":"Divisores AcousticPro\u00ae"}]},{"@type":"WebSite","@id":"https:\/\/www.amstelprinting.nl\/es\/#website","url":"https:\/\/www.amstelprinting.nl\/es\/","name":"Amstel Printing","description":"Creating Exposure","publisher":{"@id":"https:\/\/www.amstelprinting.nl\/es\/#organization"},"potentialAction":[{"@type":"SearchAction","target":{"@type":"EntryPoint","urlTemplate":"https:\/\/www.amstelprinting.nl\/es\/?s={search_term_string}"},"query-input":{"@type":"PropertyValueSpecification","valueRequired":true,"valueName":"search_term_string"}}],"inLanguage":"es"},{"@type":"Organization","@id":"https:\/\/www.amstelprinting.nl\/es\/#organization","name":"Amstel Printing","url":"https:\/\/www.amstelprinting.nl\/es\/","logo":{"@type":"ImageObject","inLanguage":"es","@id":"https:\/\/www.amstelprinting.nl\/es\/#\/schema\/logo\/image\/","url":"https:\/\/www.amstelprinting.nl\/wp-content\/uploads\/amstel_printing_logo_clean.png","contentUrl":"https:\/\/www.amstelprinting.nl\/wp-content\/uploads\/amstel_printing_logo_clean.png","width":324,"height":73,"caption":"Amstel Printing"},"image":{"@id":"https:\/\/www.amstelprinting.nl\/es\/#\/schema\/logo\/image\/"}}]}},"_links":{"self":[{"href":"https:\/\/www.amstelprinting.nl\/es\/wp-json\/wp\/v2\/product\/15088","targetHints":{"allow":["GET"]}}],"collection":[{"href":"https:\/\/www.amstelprinting.nl\/es\/wp-json\/wp\/v2\/product"}],"about":[{"href":"https:\/\/www.amstelprinting.nl\/es\/wp-json\/wp\/v2\/types\/product"}],"wp:featuredmedia":[{"embeddable":true,"href":"https:\/\/www.amstelprinting.nl\/es\/wp-json\/wp\/v2\/media\/15089"}],"wp:attachment":[{"href":"https:\/\/www.amstelprinting.nl\/es\/wp-json\/wp\/v2\/media?parent=15088"}],"wp:term":[{"taxonomy":"product_brand","embeddable":true,"href":"https:\/\/www.amstelprinting.nl\/es\/wp-json\/wp\/v2\/product_brand?post=15088"},{"taxonomy":"product_cat","embeddable":true,"href":"https:\/\/www.amstelprinting.nl\/es\/wp-json\/wp\/v2\/product_cat?post=15088"},{"taxonomy":"product_tag","embeddable":true,"href":"https:\/\/www.amstelprinting.nl\/es\/wp-json\/wp\/v2\/product_tag?post=15088"}],"curies":[{"name":"wp","href":"https:\/\/api.w.org\/{rel}","templated":true}]}}