{"id":15098,"date":"2025-01-24T11:23:42","date_gmt":"2025-01-24T10:23:42","guid":{"rendered":"https:\/\/www.amstelprinting.nl\/winkel\/sin%20categor\u00eda\/posters\/"},"modified":"2026-02-18T12:48:26","modified_gmt":"2026-02-18T11:48:26","slug":"posteres","status":"publish","type":"product","link":"https:\/\/www.amstelprinting.nl\/es\/tienda\/publicidad-interior\/minorista\/posteres\/","title":{"rendered":"P\u00f3steres"},"content":{"rendered":"<h3>Por qu\u00e9 imprimir p\u00f3steres<\/h3>\n<ul>\n<li>Impresiones de alta calidad<\/li>\n<li>Disponible en 16 tama\u00f1os<\/li>\n<li>Selecci\u00f3n de 11 tipos de papel diferentes<\/li>\n<li>Impresi\u00f3n a una o dos caras<\/li>\n<li>Garantizamos una resoluci\u00f3n extra alta (1625 PPP) para tama\u00f1os hasta 50 x 70 cm<\/li>\n<\/ul>\n<p>&nbsp;<\/p>\n<h3>Pedir p\u00f3steres<\/h3>\n<p>Tanto si busca una forma llamativa de transmitir su mensaje como si desea embellecer su interior, nuestros p\u00f3steres ofrecen la soluci\u00f3n perfecta. Desde impresiones peque\u00f1as y sutiles hasta dise\u00f1os grandes e impresionantes: lo tenemos todo. Con nuestras amplias opciones, puede configurar exactamente el p\u00f3ster que satisfaga todos sus deseos. Nuestros p\u00f3steres combinan alta calidad con tarifas econ\u00f3micas. Obtendr\u00e1 valor por su dinero, con un producto que no solo tiene un aspecto magn\u00edfico, sino que tambi\u00e9n dura mucho tiempo. Valoramos mucho la calidad, por lo que puede contar con impresiones perfectas una y otra vez.<\/p>\n<h3>Tama\u00f1os de p\u00f3steres<\/h3>\n<p>Nuestros p\u00f3steres est\u00e1n disponibles en 16 tama\u00f1os diferentes, desde el compacto A4 hasta el impresionante formato Mupi (Abri). Tanto si quiere un p\u00f3ster peque\u00f1o para un rinc\u00f3n acogedor como un p\u00f3ster grande para causar impacto, tenemos el tama\u00f1o adecuado para usted.<\/p>\n<h3>Tama\u00f1os de p\u00f3steres peque\u00f1os est\u00e1ndar<\/h3>\n<ul>\n<li>A4 (21 x 29,7 cm)<\/li>\n<li>A3 (29,7 x 42 cm)<\/li>\n<li>A2 (42 x 59,4 cm)<\/li>\n<li>B2 (50 x 70 cm)<\/li>\n<li>20 x 30 cm<\/li>\n<li>20 x 40 cm<\/li>\n<li>30 x 30 cm<\/li>\n<li>30 x 40 cm<\/li>\n<li>40 x 40 cm<\/li>\n<li>40 x 50 cm<\/li>\n<li>40 x 60 cm<\/li>\n<\/ul>\n<p>&nbsp;<\/p>\n<h3>Tama\u00f1os de p\u00f3steres grandes est\u00e1ndar<\/h3>\n<ul>\n<li>A1 (59,4 x 84 cm)<\/li>\n<li>A0 (84 x 118,9 cm)<\/li>\n<li>Abri (118,5 x 175 cm)<\/li>\n<li>B1 (70 x 100 cm)<\/li>\n<li>B0v (100 x 140 cm)<\/li>\n<\/ul>\n<p>&nbsp;<\/p>\n<h3>Tipos de papel para p\u00f3steres<\/h3>\n<p>Elija entre 11 tipos de papel diferentes que se adaptan perfectamente a sus necesidades espec\u00edficas. Desde el cl\u00e1sico mate al brillante e incluso tipos hidr\u00f3fugos para uso en exteriores. Su p\u00f3ster siempre lucir\u00e1 impecable y profesional, independientemente de las condiciones.<\/p>\n<ul>\n<li><strong>Papel para p\u00f3steres<\/strong> &#8211; Papel sin madera de alta calidad 100% reciclable. El papel no es hidr\u00f3fugo.<\/li>\n<li><strong>Papel Blueback<\/strong> &#8211; Papel para p\u00f3steres con una alta opacidad. El papel es limitadamente hidr\u00f3fugo.<\/li>\n<li><strong>Poli\u00e9ster retroiluminado<\/strong> &#8211; P\u00f3ster para mupi iluminado o caja de luz.<\/li>\n<li><strong>Biotop Naturel<\/strong> &#8211; Biotop es un tipo de papel sin estuco, de color crema, que permite escribir y sellar sobre \u00e9l. Disponible en 250 g\/m\u00b2.<\/li>\n<li><strong>HV estucado brillante (Glans)<\/strong> &#8211; Papel estucado sin madera con una capa brillante, no es apto para escribir o sellar. Disponible en 135 g\/m\u00b2, 170 g\/m\u00b2 y 250 g\/m\u00b2.<\/li>\n<li><strong>HV estucado semimate (Silk)<\/strong> &#8211; Papel estucado semimate sin madera con una capa mate, no es apto para escribir o sellar. Disponible en 135 g\/m\u00b2 y 250 g\/m\u00b2.<\/li>\n<li><strong>Synaps<\/strong> &#8211; Synaps es sint\u00e9tico y, por tanto, irrompible, resistente al agua y altamente resistente a los rayos UV. Apto para exteriores y no apto para escribir o sellar. Disponible en 300 g\/m\u00b2.<\/li>\n<li><strong>HVO blanco<\/strong> &#8211; El papel offset blanco sin madera es un tipo de papel sin estuco sobre el que se puede escribir y sellar f\u00e1cilmente. Disponible en 170 g\/m\u00b2.<\/li>\n<\/ul>\n<p>&nbsp;<\/p>\n<h3>Opciones de impresi\u00f3n de p\u00f3steres<\/h3>\n<p>Elija entre impresi\u00f3n a una o dos caras, seg\u00fan sus preferencias y la visibilidad que desee lograr. Con t\u00e9cnicas de impresi\u00f3n de alta calidad, garantizamos detalles n\u00edtidos y colores vibrantes que dan vida a su dise\u00f1o. Ya sea que necesite un solo p\u00f3ster o una gran tirada para un evento o promoci\u00f3n, podemos satisfacer sus necesidades. La flexibilidad en el volumen del pedido es uno de nuestros puntos fuertes, permiti\u00e9ndonos entregar cada pedido de forma personalizada.<\/p>\n<h3>Accesorios<\/h3>\n<p>D\u00e9 a su p\u00f3ster un acabado elegante con nuestro colgador de p\u00f3ster de roble. Este accesorio a\u00f1ade un toque natural y moderno a su p\u00f3ster, haciendo que destaque a\u00fan m\u00e1s.<\/p>\n<p>\u00bfListo para presentar su mensaje de una manera impresionante? Nuestros p\u00f3steres ofrecen la combinaci\u00f3n perfecta de calidad, versatilidad y asequibilidad. Ya sea para promoci\u00f3n, decoraci\u00f3n o informaci\u00f3n, con nuestros p\u00f3steres siempre tomar\u00e1 la decisi\u00f3n correcta. Deje volar su creatividad y cree una obra maestra visual que todos notar\u00e1n.<\/p>\n","protected":false},"excerpt":{"rendered":"<h3>Impresiones n\u00edtidas. Disponible en varios tama\u00f1os<\/h3>\n<p>Los p\u00f3steres se han utilizado como herramienta promocional durante m\u00e1s de cien a\u00f1os. Originalmente solo con texto, m\u00e1s tarde se complementaron con im\u00e1genes. Hasta el d\u00eda de hoy, los p\u00f3steres siguen siendo una de las formas m\u00e1s populares, vers\u00e1tiles y econ\u00f3micas de hacer publicidad. En Amstel Printing puede elegir entre m\u00e1s de 16 tama\u00f1os diferentes y 11 tipos de papel distintos. Configure su p\u00f3ster a su gusto en unos pocos pasos.<\/p>\n","protected":false},"featured_media":15099,"template":"","meta":{"_et_pb_use_builder":"","_et_pb_old_content":"","_et_gb_content_width":""},"product_brand":[],"product_cat":[580,440,640,315,379],"product_tag":[],"class_list":{"0":"post-15098","1":"product","2":"type-product","3":"status-publish","4":"has-post-thumbnail","6":"product_cat-impresion","7":"product_cat-minorista","8":"product_cat-posters","9":"product_cat-pegatinas-e-impresion","10":"product_cat-publicidad-interior","12":"first","13":"instock","14":"taxable","15":"shipping-taxable","16":"purchasable","17":"product-type-simple"},"yoast_head":"<!-- This site is optimized with the Yoast SEO plugin v27.3 - https:\/\/yoast.com\/product\/yoast-seo-wordpress\/ -->\n<title>Entrega r\u00e1pida de p\u00f3steres en 16 tama\u00f1os | Impresiones n\u00edtidas en 1 d\u00eda<\/title>\n<meta name=\"description\" content=\"Pida p\u00f3steres profesionales con una selecci\u00f3n de 16 tama\u00f1os y 11 tipos de papel. Impresi\u00f3n a una o dos caras, resoluci\u00f3n n\u00edtida y entrega r\u00e1pida.\" \/>\n<meta name=\"robots\" content=\"index, follow, max-snippet:-1, max-image-preview:large, max-video-preview:-1\" \/>\n<link rel=\"canonical\" href=\"https:\/\/www.amstelprinting.nl\/es\/tienda\/publicidad-interior\/minorista\/posteres\/\" \/>\n<meta property=\"og:locale\" content=\"es_ES\" \/>\n<meta property=\"og:type\" content=\"article\" \/>\n<meta property=\"og:title\" content=\"Entrega r\u00e1pida de p\u00f3steres en 16 tama\u00f1os | Impresiones n\u00edtidas en 1 d\u00eda\" \/>\n<meta property=\"og:description\" content=\"Pida p\u00f3steres profesionales con una selecci\u00f3n de 16 tama\u00f1os y 11 tipos de papel. Impresi\u00f3n a una o dos caras, resoluci\u00f3n n\u00edtida y entrega r\u00e1pida.\" \/>\n<meta property=\"og:url\" content=\"https:\/\/www.amstelprinting.nl\/es\/tienda\/publicidad-interior\/minorista\/posteres\/\" \/>\n<meta property=\"og:site_name\" content=\"Amstel Printing\" \/>\n<meta property=\"article:modified_time\" content=\"2026-02-18T11:48:26+00:00\" \/>\n<meta property=\"og:image\" content=\"https:\/\/www.amstelprinting.nl\/wp-content\/uploads\/Posters.jpg\" \/>\n\t<meta property=\"og:image:width\" content=\"700\" \/>\n\t<meta property=\"og:image:height\" content=\"700\" \/>\n\t<meta property=\"og:image:type\" content=\"image\/jpeg\" \/>\n<meta name=\"twitter:card\" content=\"summary_large_image\" \/>\n<meta name=\"twitter:label1\" content=\"Tiempo de lectura\" \/>\n\t<meta name=\"twitter:data1\" content=\"3 minutos\" \/>\n<script type=\"application\/ld+json\" class=\"yoast-schema-graph\">{\"@context\":\"https:\\\/\\\/schema.org\",\"@graph\":[{\"@type\":\"WebPage\",\"@id\":\"https:\\\/\\\/www.amstelprinting.nl\\\/es\\\/tienda\\\/publicidad-interior\\\/minorista\\\/posteres\\\/\",\"url\":\"https:\\\/\\\/www.amstelprinting.nl\\\/es\\\/tienda\\\/publicidad-interior\\\/minorista\\\/posteres\\\/\",\"name\":\"Entrega r\u00e1pida de p\u00f3steres en 16 tama\u00f1os | Impresiones n\u00edtidas en 1 d\u00eda\",\"isPartOf\":{\"@id\":\"https:\\\/\\\/www.amstelprinting.nl\\\/es\\\/#website\"},\"primaryImageOfPage\":{\"@id\":\"https:\\\/\\\/www.amstelprinting.nl\\\/es\\\/tienda\\\/publicidad-interior\\\/minorista\\\/posteres\\\/#primaryimage\"},\"image\":{\"@id\":\"https:\\\/\\\/www.amstelprinting.nl\\\/es\\\/tienda\\\/publicidad-interior\\\/minorista\\\/posteres\\\/#primaryimage\"},\"thumbnailUrl\":\"https:\\\/\\\/www.amstelprinting.nl\\\/wp-content\\\/uploads\\\/Posters.jpg\",\"datePublished\":\"2025-01-24T10:23:42+00:00\",\"dateModified\":\"2026-02-18T11:48:26+00:00\",\"description\":\"Pida p\u00f3steres profesionales con una selecci\u00f3n de 16 tama\u00f1os y 11 tipos de papel. Impresi\u00f3n a una o dos caras, resoluci\u00f3n n\u00edtida y entrega r\u00e1pida.\",\"breadcrumb\":{\"@id\":\"https:\\\/\\\/www.amstelprinting.nl\\\/es\\\/tienda\\\/publicidad-interior\\\/minorista\\\/posteres\\\/#breadcrumb\"},\"inLanguage\":\"es\",\"potentialAction\":[{\"@type\":\"ReadAction\",\"target\":[\"https:\\\/\\\/www.amstelprinting.nl\\\/es\\\/tienda\\\/publicidad-interior\\\/minorista\\\/posteres\\\/\"]}]},{\"@type\":\"ImageObject\",\"inLanguage\":\"es\",\"@id\":\"https:\\\/\\\/www.amstelprinting.nl\\\/es\\\/tienda\\\/publicidad-interior\\\/minorista\\\/posteres\\\/#primaryimage\",\"url\":\"https:\\\/\\\/www.amstelprinting.nl\\\/wp-content\\\/uploads\\\/Posters.jpg\",\"contentUrl\":\"https:\\\/\\\/www.amstelprinting.nl\\\/wp-content\\\/uploads\\\/Posters.jpg\",\"width\":700,\"height\":700},{\"@type\":\"BreadcrumbList\",\"@id\":\"https:\\\/\\\/www.amstelprinting.nl\\\/es\\\/tienda\\\/publicidad-interior\\\/minorista\\\/posteres\\\/#breadcrumb\",\"itemListElement\":[{\"@type\":\"ListItem\",\"position\":1,\"name\":\"\",\"item\":\"https:\\\/\\\/www.amstelprinting.nl\\\/es\\\/\"},{\"@type\":\"ListItem\",\"position\":2,\"name\":\"Amstel Printing\",\"item\":\"https:\\\/\\\/www.amstelprinting.nl\\\/es\\\/comercio\\\/\"},{\"@type\":\"ListItem\",\"position\":3,\"name\":\"Publicidad interior\",\"item\":\"https:\\\/\\\/www.amstelprinting.nl\\\/es\\\/categor\u00eda\\\/publicidad-interior\\\/\"},{\"@type\":\"ListItem\",\"position\":4,\"name\":\"Minorista\",\"item\":\"https:\\\/\\\/www.amstelprinting.nl\\\/es\\\/categor\u00eda\\\/publicidad-interior\\\/minorista\\\/\"},{\"@type\":\"ListItem\",\"position\":5,\"name\":\"P\u00f3steres\"}]},{\"@type\":\"WebSite\",\"@id\":\"https:\\\/\\\/www.amstelprinting.nl\\\/es\\\/#website\",\"url\":\"https:\\\/\\\/www.amstelprinting.nl\\\/es\\\/\",\"name\":\"Amstel Printing\",\"description\":\"Creating Exposure\",\"publisher\":{\"@id\":\"https:\\\/\\\/www.amstelprinting.nl\\\/es\\\/#organization\"},\"potentialAction\":[{\"@type\":\"SearchAction\",\"target\":{\"@type\":\"EntryPoint\",\"urlTemplate\":\"https:\\\/\\\/www.amstelprinting.nl\\\/es\\\/?s={search_term_string}\"},\"query-input\":{\"@type\":\"PropertyValueSpecification\",\"valueRequired\":true,\"valueName\":\"search_term_string\"}}],\"inLanguage\":\"es\"},{\"@type\":\"Organization\",\"@id\":\"https:\\\/\\\/www.amstelprinting.nl\\\/es\\\/#organization\",\"name\":\"Amstel Printing\",\"url\":\"https:\\\/\\\/www.amstelprinting.nl\\\/es\\\/\",\"logo\":{\"@type\":\"ImageObject\",\"inLanguage\":\"es\",\"@id\":\"https:\\\/\\\/www.amstelprinting.nl\\\/es\\\/#\\\/schema\\\/logo\\\/image\\\/\",\"url\":\"https:\\\/\\\/www.amstelprinting.nl\\\/wp-content\\\/uploads\\\/amstel_printing_logo_clean.png\",\"contentUrl\":\"https:\\\/\\\/www.amstelprinting.nl\\\/wp-content\\\/uploads\\\/amstel_printing_logo_clean.png\",\"width\":324,\"height\":73,\"caption\":\"Amstel Printing\"},\"image\":{\"@id\":\"https:\\\/\\\/www.amstelprinting.nl\\\/es\\\/#\\\/schema\\\/logo\\\/image\\\/\"}}]}<\/script>\n<!-- \/ Yoast SEO plugin. -->","yoast_head_json":{"title":"Entrega r\u00e1pida de p\u00f3steres en 16 tama\u00f1os | Impresiones n\u00edtidas en 1 d\u00eda","description":"Pida p\u00f3steres profesionales con una selecci\u00f3n de 16 tama\u00f1os y 11 tipos de papel. Impresi\u00f3n a una o dos caras, resoluci\u00f3n n\u00edtida y entrega r\u00e1pida.","robots":{"index":"index","follow":"follow","max-snippet":"max-snippet:-1","max-image-preview":"max-image-preview:large","max-video-preview":"max-video-preview:-1"},"canonical":"https:\/\/www.amstelprinting.nl\/es\/tienda\/publicidad-interior\/minorista\/posteres\/","og_locale":"es_ES","og_type":"article","og_title":"Entrega r\u00e1pida de p\u00f3steres en 16 tama\u00f1os | Impresiones n\u00edtidas en 1 d\u00eda","og_description":"Pida p\u00f3steres profesionales con una selecci\u00f3n de 16 tama\u00f1os y 11 tipos de papel. Impresi\u00f3n a una o dos caras, resoluci\u00f3n n\u00edtida y entrega r\u00e1pida.","og_url":"https:\/\/www.amstelprinting.nl\/es\/tienda\/publicidad-interior\/minorista\/posteres\/","og_site_name":"Amstel Printing","article_modified_time":"2026-02-18T11:48:26+00:00","og_image":[{"width":700,"height":700,"url":"https:\/\/www.amstelprinting.nl\/wp-content\/uploads\/Posters.jpg","type":"image\/jpeg"}],"twitter_card":"summary_large_image","twitter_misc":{"Tiempo de lectura":"3 minutos"},"schema":{"@context":"https:\/\/schema.org","@graph":[{"@type":"WebPage","@id":"https:\/\/www.amstelprinting.nl\/es\/tienda\/publicidad-interior\/minorista\/posteres\/","url":"https:\/\/www.amstelprinting.nl\/es\/tienda\/publicidad-interior\/minorista\/posteres\/","name":"Entrega r\u00e1pida de p\u00f3steres en 16 tama\u00f1os | Impresiones n\u00edtidas en 1 d\u00eda","isPartOf":{"@id":"https:\/\/www.amstelprinting.nl\/es\/#website"},"primaryImageOfPage":{"@id":"https:\/\/www.amstelprinting.nl\/es\/tienda\/publicidad-interior\/minorista\/posteres\/#primaryimage"},"image":{"@id":"https:\/\/www.amstelprinting.nl\/es\/tienda\/publicidad-interior\/minorista\/posteres\/#primaryimage"},"thumbnailUrl":"https:\/\/www.amstelprinting.nl\/wp-content\/uploads\/Posters.jpg","datePublished":"2025-01-24T10:23:42+00:00","dateModified":"2026-02-18T11:48:26+00:00","description":"Pida p\u00f3steres profesionales con una selecci\u00f3n de 16 tama\u00f1os y 11 tipos de papel. Impresi\u00f3n a una o dos caras, resoluci\u00f3n n\u00edtida y entrega r\u00e1pida.","breadcrumb":{"@id":"https:\/\/www.amstelprinting.nl\/es\/tienda\/publicidad-interior\/minorista\/posteres\/#breadcrumb"},"inLanguage":"es","potentialAction":[{"@type":"ReadAction","target":["https:\/\/www.amstelprinting.nl\/es\/tienda\/publicidad-interior\/minorista\/posteres\/"]}]},{"@type":"ImageObject","inLanguage":"es","@id":"https:\/\/www.amstelprinting.nl\/es\/tienda\/publicidad-interior\/minorista\/posteres\/#primaryimage","url":"https:\/\/www.amstelprinting.nl\/wp-content\/uploads\/Posters.jpg","contentUrl":"https:\/\/www.amstelprinting.nl\/wp-content\/uploads\/Posters.jpg","width":700,"height":700},{"@type":"BreadcrumbList","@id":"https:\/\/www.amstelprinting.nl\/es\/tienda\/publicidad-interior\/minorista\/posteres\/#breadcrumb","itemListElement":[{"@type":"ListItem","position":1,"name":"","item":"https:\/\/www.amstelprinting.nl\/es\/"},{"@type":"ListItem","position":2,"name":"Amstel Printing","item":"https:\/\/www.amstelprinting.nl\/es\/comercio\/"},{"@type":"ListItem","position":3,"name":"Publicidad interior","item":"https:\/\/www.amstelprinting.nl\/es\/categor\u00eda\/publicidad-interior\/"},{"@type":"ListItem","position":4,"name":"Minorista","item":"https:\/\/www.amstelprinting.nl\/es\/categor\u00eda\/publicidad-interior\/minorista\/"},{"@type":"ListItem","position":5,"name":"P\u00f3steres"}]},{"@type":"WebSite","@id":"https:\/\/www.amstelprinting.nl\/es\/#website","url":"https:\/\/www.amstelprinting.nl\/es\/","name":"Amstel Printing","description":"Creating Exposure","publisher":{"@id":"https:\/\/www.amstelprinting.nl\/es\/#organization"},"potentialAction":[{"@type":"SearchAction","target":{"@type":"EntryPoint","urlTemplate":"https:\/\/www.amstelprinting.nl\/es\/?s={search_term_string}"},"query-input":{"@type":"PropertyValueSpecification","valueRequired":true,"valueName":"search_term_string"}}],"inLanguage":"es"},{"@type":"Organization","@id":"https:\/\/www.amstelprinting.nl\/es\/#organization","name":"Amstel Printing","url":"https:\/\/www.amstelprinting.nl\/es\/","logo":{"@type":"ImageObject","inLanguage":"es","@id":"https:\/\/www.amstelprinting.nl\/es\/#\/schema\/logo\/image\/","url":"https:\/\/www.amstelprinting.nl\/wp-content\/uploads\/amstel_printing_logo_clean.png","contentUrl":"https:\/\/www.amstelprinting.nl\/wp-content\/uploads\/amstel_printing_logo_clean.png","width":324,"height":73,"caption":"Amstel Printing"},"image":{"@id":"https:\/\/www.amstelprinting.nl\/es\/#\/schema\/logo\/image\/"}}]}},"_links":{"self":[{"href":"https:\/\/www.amstelprinting.nl\/es\/wp-json\/wp\/v2\/product\/15098","targetHints":{"allow":["GET"]}}],"collection":[{"href":"https:\/\/www.amstelprinting.nl\/es\/wp-json\/wp\/v2\/product"}],"about":[{"href":"https:\/\/www.amstelprinting.nl\/es\/wp-json\/wp\/v2\/types\/product"}],"wp:featuredmedia":[{"embeddable":true,"href":"https:\/\/www.amstelprinting.nl\/es\/wp-json\/wp\/v2\/media\/15099"}],"wp:attachment":[{"href":"https:\/\/www.amstelprinting.nl\/es\/wp-json\/wp\/v2\/media?parent=15098"}],"wp:term":[{"taxonomy":"product_brand","embeddable":true,"href":"https:\/\/www.amstelprinting.nl\/es\/wp-json\/wp\/v2\/product_brand?post=15098"},{"taxonomy":"product_cat","embeddable":true,"href":"https:\/\/www.amstelprinting.nl\/es\/wp-json\/wp\/v2\/product_cat?post=15098"},{"taxonomy":"product_tag","embeddable":true,"href":"https:\/\/www.amstelprinting.nl\/es\/wp-json\/wp\/v2\/product_tag?post=15098"}],"curies":[{"name":"wp","href":"https:\/\/api.w.org\/{rel}","templated":true}]}}