{"id":15108,"date":"2025-01-24T11:23:37","date_gmt":"2025-01-24T10:23:37","guid":{"rendered":"https:\/\/www.amstelprinting.nl\/winkel\/sin%20categor\u00eda\/de-inhaker-beursstand\/"},"modified":"2026-02-18T12:48:28","modified_gmt":"2026-02-18T11:48:28","slug":"el-stand-de-feria-de-inhaker","status":"publish","type":"product","link":"https:\/\/www.amstelprinting.nl\/es\/tienda\/feria-y-evento\/muros-de-exposicion\/el-stand-de-feria-de-inhaker\/","title":{"rendered":"El stand de feria De Inhaker\u00ae"},"content":{"rendered":"<h3>Formatos<\/h3>\n<p>Con diferentes configuraciones y dimensiones, el stand de feria De Inhaker\u00ae ofrece innumerables posibilidades. Elija una pared trasera recta en anchuras de 300 cm, 400 cm o 600 cm. \u00bfTiene un stand de esquina? Entonces las paredes en L de 300 x 400 cm y 300 x 600 cm son perfectas. Para un stand m\u00e1s extenso, puede optar por la forma en U con dimensiones de 300 x 400 x 300 cm y 300 x 600 x 300 cm.<\/p>\n<h3>Materiales<\/h3>\n<p>Los materiales son de alta calidad: el Inhaker est\u00e1 fabricado en PVC negro reciclado, y los paneles est\u00e1n disponibles en Forex, Multiplex (con o sin acabado white wash), Re-board y Easyprint.<\/p>\n<ul>\n<li><strong>Forex<\/strong> es un material de PVC espumado resistente y ligero, conocido por su superficie lisa y uniforme. Es ideal para impresiones n\u00edtidas y claras, y ofrece una excelente resistencia a la intemperie, lo que permite su uso tanto en interiores como en exteriores.<\/li>\n<li><strong>Multiplex<\/strong> consta de varias capas de chapa de madera encoladas transversalmente. Este material es fuerte, duradero y tiene un aspecto natural y c\u00e1lido. Puede elegir Multiplex con o sin acabado white wash.<\/li>\n<li><strong>Re-board<\/strong> es un material innovador y ecol\u00f3gico fabricado a partir de cart\u00f3n. Es extremadamente ligero, pero muy fuerte y r\u00edgido. Re-board es ideal para impresiones y construcciones grandes porque es f\u00e1cil de cortar y dar forma.<\/li>\n<li><strong>Easyprint<\/strong> es un material vers\u00e1til fabricado en polipropileno que es perfecto para impresiones de alta calidad. Es ligero y ofrece una superficie lisa para im\u00e1genes n\u00edtidas y vibrantes.<\/li>\n<\/ul>\n<p>&nbsp;<br \/>\nCon nuestra amplia selecci\u00f3n de materiales de alta calidad, el stand de feria De Inhaker\u00ae ofrece la soluci\u00f3n perfecta para su pr\u00f3ximo stand de feria. Elija impresiones elegantes, sostenibilidad y flexibilidad, todo ello en una soluci\u00f3n de presentaci\u00f3n innovadora. Con el stand de feria De Inhaker\u00ae, \u00a1siempre tomar\u00e1 la decisi\u00f3n correcta para un stand de feria llamativo y profesional!<\/p>\n","protected":false},"excerpt":{"rendered":"<h3>Un stand de feria completo. Modular y ampliable.<\/h3>\n<p>El stand de feria De Inhaker\u00ae ofrece la soluci\u00f3n definitiva para un stand de feria vers\u00e1til y sostenible. Dise\u00f1ado para satisfacer todas sus necesidades de presentaci\u00f3n, esta innovadora pared de feria combina flexibilidad con materiales de alta calidad, haciendo que su stand siempre destaque. De Inhaker\u00ae est\u00e1 disponible como set completo, paneles individuales o Inhaker suelto, para que tenga total libertad en la composici\u00f3n de su expositor de presentaci\u00f3n.<\/p>\n","protected":false},"featured_media":15109,"template":"","meta":{"_et_pb_use_builder":"","_et_pb_old_content":"","_et_gb_content_width":""},"product_brand":[],"product_cat":[431,440,414,379],"product_tag":[],"class_list":{"0":"post-15108","1":"product","2":"type-product","3":"status-publish","4":"has-post-thumbnail","6":"product_cat-feria-y-evento","7":"product_cat-minorista","8":"product_cat-muros-de-exposicion","9":"product_cat-publicidad-interior","11":"first","12":"instock","13":"taxable","14":"shipping-taxable","15":"purchasable","16":"product-type-simple"},"yoast_head":"<!-- This site is optimized with the Yoast SEO plugin v27.3 - https:\/\/yoast.com\/product\/yoast-seo-wordpress\/ -->\n<title>Comprar stand de feria profesional - Flexible, sostenible e impactante<\/title>\n<meta name=\"description\" content=\"Descubra el stand de feria modular con impresiones UV de alta definici\u00f3n y material reciclado. R\u00e1pido de montar y desmontar. \u00a1Pida su stand de feria ideal ahora!\" \/>\n<meta name=\"robots\" content=\"index, follow, max-snippet:-1, max-image-preview:large, max-video-preview:-1\" \/>\n<link rel=\"canonical\" href=\"https:\/\/www.amstelprinting.nl\/es\/tienda\/feria-y-evento\/muros-de-exposicion\/el-stand-de-feria-de-inhaker\/\" \/>\n<meta property=\"og:locale\" content=\"es_ES\" \/>\n<meta property=\"og:type\" content=\"article\" \/>\n<meta property=\"og:title\" content=\"Comprar stand de feria profesional - Flexible, sostenible e impactante\" \/>\n<meta property=\"og:description\" content=\"Descubra el stand de feria modular con impresiones UV de alta definici\u00f3n y material reciclado. R\u00e1pido de montar y desmontar. \u00a1Pida su stand de feria ideal ahora!\" \/>\n<meta property=\"og:url\" content=\"https:\/\/www.amstelprinting.nl\/es\/tienda\/feria-y-evento\/muros-de-exposicion\/el-stand-de-feria-de-inhaker\/\" \/>\n<meta property=\"og:site_name\" content=\"Amstel Printing\" \/>\n<meta property=\"article:modified_time\" content=\"2026-02-18T11:48:28+00:00\" \/>\n<meta property=\"og:image\" content=\"https:\/\/www.amstelprinting.nl\/wp-content\/uploads\/de-inhaker-bedrukken2.png\" \/>\n\t<meta property=\"og:image:width\" content=\"700\" \/>\n\t<meta property=\"og:image:height\" content=\"700\" \/>\n\t<meta property=\"og:image:type\" content=\"image\/png\" \/>\n<meta name=\"twitter:card\" content=\"summary_large_image\" \/>\n<meta name=\"twitter:label1\" content=\"Tiempo de lectura\" \/>\n\t<meta name=\"twitter:data1\" content=\"2 minutos\" \/>\n<script type=\"application\/ld+json\" class=\"yoast-schema-graph\">{\"@context\":\"https:\\\/\\\/schema.org\",\"@graph\":[{\"@type\":\"WebPage\",\"@id\":\"https:\\\/\\\/www.amstelprinting.nl\\\/es\\\/tienda\\\/feria-y-evento\\\/muros-de-exposicion\\\/el-stand-de-feria-de-inhaker\\\/\",\"url\":\"https:\\\/\\\/www.amstelprinting.nl\\\/es\\\/tienda\\\/feria-y-evento\\\/muros-de-exposicion\\\/el-stand-de-feria-de-inhaker\\\/\",\"name\":\"Comprar stand de feria profesional - Flexible, sostenible e impactante\",\"isPartOf\":{\"@id\":\"https:\\\/\\\/www.amstelprinting.nl\\\/es\\\/#website\"},\"primaryImageOfPage\":{\"@id\":\"https:\\\/\\\/www.amstelprinting.nl\\\/es\\\/tienda\\\/feria-y-evento\\\/muros-de-exposicion\\\/el-stand-de-feria-de-inhaker\\\/#primaryimage\"},\"image\":{\"@id\":\"https:\\\/\\\/www.amstelprinting.nl\\\/es\\\/tienda\\\/feria-y-evento\\\/muros-de-exposicion\\\/el-stand-de-feria-de-inhaker\\\/#primaryimage\"},\"thumbnailUrl\":\"https:\\\/\\\/www.amstelprinting.nl\\\/wp-content\\\/uploads\\\/de-inhaker-bedrukken2.png\",\"datePublished\":\"2025-01-24T10:23:37+00:00\",\"dateModified\":\"2026-02-18T11:48:28+00:00\",\"description\":\"Descubra el stand de feria modular con impresiones UV de alta definici\u00f3n y material reciclado. R\u00e1pido de montar y desmontar. \u00a1Pida su stand de feria ideal ahora!\",\"breadcrumb\":{\"@id\":\"https:\\\/\\\/www.amstelprinting.nl\\\/es\\\/tienda\\\/feria-y-evento\\\/muros-de-exposicion\\\/el-stand-de-feria-de-inhaker\\\/#breadcrumb\"},\"inLanguage\":\"es\",\"potentialAction\":[{\"@type\":\"ReadAction\",\"target\":[\"https:\\\/\\\/www.amstelprinting.nl\\\/es\\\/tienda\\\/feria-y-evento\\\/muros-de-exposicion\\\/el-stand-de-feria-de-inhaker\\\/\"]}]},{\"@type\":\"ImageObject\",\"inLanguage\":\"es\",\"@id\":\"https:\\\/\\\/www.amstelprinting.nl\\\/es\\\/tienda\\\/feria-y-evento\\\/muros-de-exposicion\\\/el-stand-de-feria-de-inhaker\\\/#primaryimage\",\"url\":\"https:\\\/\\\/www.amstelprinting.nl\\\/wp-content\\\/uploads\\\/de-inhaker-bedrukken2.png\",\"contentUrl\":\"https:\\\/\\\/www.amstelprinting.nl\\\/wp-content\\\/uploads\\\/de-inhaker-bedrukken2.png\",\"width\":700,\"height\":700},{\"@type\":\"BreadcrumbList\",\"@id\":\"https:\\\/\\\/www.amstelprinting.nl\\\/es\\\/tienda\\\/feria-y-evento\\\/muros-de-exposicion\\\/el-stand-de-feria-de-inhaker\\\/#breadcrumb\",\"itemListElement\":[{\"@type\":\"ListItem\",\"position\":1,\"name\":\"\",\"item\":\"https:\\\/\\\/www.amstelprinting.nl\\\/es\\\/\"},{\"@type\":\"ListItem\",\"position\":2,\"name\":\"Amstel Printing\",\"item\":\"https:\\\/\\\/www.amstelprinting.nl\\\/es\\\/comercio\\\/\"},{\"@type\":\"ListItem\",\"position\":3,\"name\":\"Publicidad interior\",\"item\":\"https:\\\/\\\/www.amstelprinting.nl\\\/es\\\/categor\u00eda\\\/publicidad-interior\\\/\"},{\"@type\":\"ListItem\",\"position\":4,\"name\":\"Minorista\",\"item\":\"https:\\\/\\\/www.amstelprinting.nl\\\/es\\\/categor\u00eda\\\/publicidad-interior\\\/minorista\\\/\"},{\"@type\":\"ListItem\",\"position\":5,\"name\":\"El stand de feria De Inhaker\u00ae\"}]},{\"@type\":\"WebSite\",\"@id\":\"https:\\\/\\\/www.amstelprinting.nl\\\/es\\\/#website\",\"url\":\"https:\\\/\\\/www.amstelprinting.nl\\\/es\\\/\",\"name\":\"Amstel Printing\",\"description\":\"Creating Exposure\",\"publisher\":{\"@id\":\"https:\\\/\\\/www.amstelprinting.nl\\\/es\\\/#organization\"},\"potentialAction\":[{\"@type\":\"SearchAction\",\"target\":{\"@type\":\"EntryPoint\",\"urlTemplate\":\"https:\\\/\\\/www.amstelprinting.nl\\\/es\\\/?s={search_term_string}\"},\"query-input\":{\"@type\":\"PropertyValueSpecification\",\"valueRequired\":true,\"valueName\":\"search_term_string\"}}],\"inLanguage\":\"es\"},{\"@type\":\"Organization\",\"@id\":\"https:\\\/\\\/www.amstelprinting.nl\\\/es\\\/#organization\",\"name\":\"Amstel Printing\",\"url\":\"https:\\\/\\\/www.amstelprinting.nl\\\/es\\\/\",\"logo\":{\"@type\":\"ImageObject\",\"inLanguage\":\"es\",\"@id\":\"https:\\\/\\\/www.amstelprinting.nl\\\/es\\\/#\\\/schema\\\/logo\\\/image\\\/\",\"url\":\"https:\\\/\\\/www.amstelprinting.nl\\\/wp-content\\\/uploads\\\/amstel_printing_logo_clean.png\",\"contentUrl\":\"https:\\\/\\\/www.amstelprinting.nl\\\/wp-content\\\/uploads\\\/amstel_printing_logo_clean.png\",\"width\":324,\"height\":73,\"caption\":\"Amstel Printing\"},\"image\":{\"@id\":\"https:\\\/\\\/www.amstelprinting.nl\\\/es\\\/#\\\/schema\\\/logo\\\/image\\\/\"}}]}<\/script>\n<!-- \/ Yoast SEO plugin. -->","yoast_head_json":{"title":"Comprar stand de feria profesional - Flexible, sostenible e impactante","description":"Descubra el stand de feria modular con impresiones UV de alta definici\u00f3n y material reciclado. R\u00e1pido de montar y desmontar. \u00a1Pida su stand de feria ideal ahora!","robots":{"index":"index","follow":"follow","max-snippet":"max-snippet:-1","max-image-preview":"max-image-preview:large","max-video-preview":"max-video-preview:-1"},"canonical":"https:\/\/www.amstelprinting.nl\/es\/tienda\/feria-y-evento\/muros-de-exposicion\/el-stand-de-feria-de-inhaker\/","og_locale":"es_ES","og_type":"article","og_title":"Comprar stand de feria profesional - Flexible, sostenible e impactante","og_description":"Descubra el stand de feria modular con impresiones UV de alta definici\u00f3n y material reciclado. R\u00e1pido de montar y desmontar. \u00a1Pida su stand de feria ideal ahora!","og_url":"https:\/\/www.amstelprinting.nl\/es\/tienda\/feria-y-evento\/muros-de-exposicion\/el-stand-de-feria-de-inhaker\/","og_site_name":"Amstel Printing","article_modified_time":"2026-02-18T11:48:28+00:00","og_image":[{"width":700,"height":700,"url":"https:\/\/www.amstelprinting.nl\/wp-content\/uploads\/de-inhaker-bedrukken2.png","type":"image\/png"}],"twitter_card":"summary_large_image","twitter_misc":{"Tiempo de lectura":"2 minutos"},"schema":{"@context":"https:\/\/schema.org","@graph":[{"@type":"WebPage","@id":"https:\/\/www.amstelprinting.nl\/es\/tienda\/feria-y-evento\/muros-de-exposicion\/el-stand-de-feria-de-inhaker\/","url":"https:\/\/www.amstelprinting.nl\/es\/tienda\/feria-y-evento\/muros-de-exposicion\/el-stand-de-feria-de-inhaker\/","name":"Comprar stand de feria profesional - Flexible, sostenible e impactante","isPartOf":{"@id":"https:\/\/www.amstelprinting.nl\/es\/#website"},"primaryImageOfPage":{"@id":"https:\/\/www.amstelprinting.nl\/es\/tienda\/feria-y-evento\/muros-de-exposicion\/el-stand-de-feria-de-inhaker\/#primaryimage"},"image":{"@id":"https:\/\/www.amstelprinting.nl\/es\/tienda\/feria-y-evento\/muros-de-exposicion\/el-stand-de-feria-de-inhaker\/#primaryimage"},"thumbnailUrl":"https:\/\/www.amstelprinting.nl\/wp-content\/uploads\/de-inhaker-bedrukken2.png","datePublished":"2025-01-24T10:23:37+00:00","dateModified":"2026-02-18T11:48:28+00:00","description":"Descubra el stand de feria modular con impresiones UV de alta definici\u00f3n y material reciclado. R\u00e1pido de montar y desmontar. \u00a1Pida su stand de feria ideal ahora!","breadcrumb":{"@id":"https:\/\/www.amstelprinting.nl\/es\/tienda\/feria-y-evento\/muros-de-exposicion\/el-stand-de-feria-de-inhaker\/#breadcrumb"},"inLanguage":"es","potentialAction":[{"@type":"ReadAction","target":["https:\/\/www.amstelprinting.nl\/es\/tienda\/feria-y-evento\/muros-de-exposicion\/el-stand-de-feria-de-inhaker\/"]}]},{"@type":"ImageObject","inLanguage":"es","@id":"https:\/\/www.amstelprinting.nl\/es\/tienda\/feria-y-evento\/muros-de-exposicion\/el-stand-de-feria-de-inhaker\/#primaryimage","url":"https:\/\/www.amstelprinting.nl\/wp-content\/uploads\/de-inhaker-bedrukken2.png","contentUrl":"https:\/\/www.amstelprinting.nl\/wp-content\/uploads\/de-inhaker-bedrukken2.png","width":700,"height":700},{"@type":"BreadcrumbList","@id":"https:\/\/www.amstelprinting.nl\/es\/tienda\/feria-y-evento\/muros-de-exposicion\/el-stand-de-feria-de-inhaker\/#breadcrumb","itemListElement":[{"@type":"ListItem","position":1,"name":"","item":"https:\/\/www.amstelprinting.nl\/es\/"},{"@type":"ListItem","position":2,"name":"Amstel Printing","item":"https:\/\/www.amstelprinting.nl\/es\/comercio\/"},{"@type":"ListItem","position":3,"name":"Publicidad interior","item":"https:\/\/www.amstelprinting.nl\/es\/categor\u00eda\/publicidad-interior\/"},{"@type":"ListItem","position":4,"name":"Minorista","item":"https:\/\/www.amstelprinting.nl\/es\/categor\u00eda\/publicidad-interior\/minorista\/"},{"@type":"ListItem","position":5,"name":"El stand de feria De Inhaker\u00ae"}]},{"@type":"WebSite","@id":"https:\/\/www.amstelprinting.nl\/es\/#website","url":"https:\/\/www.amstelprinting.nl\/es\/","name":"Amstel Printing","description":"Creating Exposure","publisher":{"@id":"https:\/\/www.amstelprinting.nl\/es\/#organization"},"potentialAction":[{"@type":"SearchAction","target":{"@type":"EntryPoint","urlTemplate":"https:\/\/www.amstelprinting.nl\/es\/?s={search_term_string}"},"query-input":{"@type":"PropertyValueSpecification","valueRequired":true,"valueName":"search_term_string"}}],"inLanguage":"es"},{"@type":"Organization","@id":"https:\/\/www.amstelprinting.nl\/es\/#organization","name":"Amstel Printing","url":"https:\/\/www.amstelprinting.nl\/es\/","logo":{"@type":"ImageObject","inLanguage":"es","@id":"https:\/\/www.amstelprinting.nl\/es\/#\/schema\/logo\/image\/","url":"https:\/\/www.amstelprinting.nl\/wp-content\/uploads\/amstel_printing_logo_clean.png","contentUrl":"https:\/\/www.amstelprinting.nl\/wp-content\/uploads\/amstel_printing_logo_clean.png","width":324,"height":73,"caption":"Amstel Printing"},"image":{"@id":"https:\/\/www.amstelprinting.nl\/es\/#\/schema\/logo\/image\/"}}]}},"_links":{"self":[{"href":"https:\/\/www.amstelprinting.nl\/es\/wp-json\/wp\/v2\/product\/15108","targetHints":{"allow":["GET"]}}],"collection":[{"href":"https:\/\/www.amstelprinting.nl\/es\/wp-json\/wp\/v2\/product"}],"about":[{"href":"https:\/\/www.amstelprinting.nl\/es\/wp-json\/wp\/v2\/types\/product"}],"wp:featuredmedia":[{"embeddable":true,"href":"https:\/\/www.amstelprinting.nl\/es\/wp-json\/wp\/v2\/media\/15109"}],"wp:attachment":[{"href":"https:\/\/www.amstelprinting.nl\/es\/wp-json\/wp\/v2\/media?parent=15108"}],"wp:term":[{"taxonomy":"product_brand","embeddable":true,"href":"https:\/\/www.amstelprinting.nl\/es\/wp-json\/wp\/v2\/product_brand?post=15108"},{"taxonomy":"product_cat","embeddable":true,"href":"https:\/\/www.amstelprinting.nl\/es\/wp-json\/wp\/v2\/product_cat?post=15108"},{"taxonomy":"product_tag","embeddable":true,"href":"https:\/\/www.amstelprinting.nl\/es\/wp-json\/wp\/v2\/product_tag?post=15108"}],"curies":[{"name":"wp","href":"https:\/\/api.w.org\/{rel}","templated":true}]}}