{"id":15118,"date":"2025-01-24T11:23:08","date_gmt":"2025-01-24T10:23:08","guid":{"rendered":"https:\/\/www.amstelprinting.nl\/winkel\/sin%20categor\u00eda\/plafondhanger\/"},"modified":"2026-02-18T12:48:29","modified_gmt":"2026-02-18T11:48:29","slug":"colgador-de-techo","status":"publish","type":"product","link":"https:\/\/www.amstelprinting.nl\/es\/tienda\/publicidad-interior\/minorista\/colgador-de-techo\/","title":{"rendered":"Colgador de techo"},"content":{"rendered":"<h3>Impresi\u00f3n de colgadores de techo: elija entre 4 materiales<\/h3>\n<p>Con opciones de personalizaci\u00f3n como la presentaci\u00f3n a una o doble cara, puede presentar su mensaje exactamente como desee. Elija entre materiales de alta calidad como Sign Again, cart\u00f3n display, Forex o polipropileno celular.<\/p>\n<p><strong>Sign Again\u00ae<\/strong> &#8211; Material robusto y duradero ideal para un uso prolongado. Ofrece una superficie lisa para impresiones n\u00edtidas y es apto tanto para interiores como para exteriores, resistente a los impactos y flexible. Sign Again\u00ae es un material circular fabricado a partir de lonas usadas y residuos de corte.<\/p>\n<p><strong>Cart\u00f3n display<\/strong> &#8211; un cart\u00f3n gris compacto con una capa superior blanca por ambas caras. El material es flexible y adecuado para uso en interiores.<\/p>\n<p><strong>Forex<\/strong> &#8211; tambi\u00e9n conocido como PVC espumado, es un material popular debido a su ligereza. Adecuado para uso en interiores.<br \/>\nEl polipropileno celular es una l\u00e1mina de pl\u00e1stico, adecuada tanto para interiores como para exteriores.<\/p>\n<p><strong>Polipropileno celular<\/strong> &#8211; L\u00e1mina de pl\u00e1stico para uso en interiores y exteriores. Tambi\u00e9n apta para el plegado.<\/p>\n<h3>Acabado<\/h3>\n<p>Para el acabado, puede optar por cortar el colgador de techo en el formato deseado o siguiendo el contorno de su dise\u00f1o. Adem\u00e1s, tiene la posibilidad de a\u00f1adir agujeros a su colgador de techo.<\/p>\n<h3>Accesorios<\/h3>\n<p>Para completar su colgador de techo, ofrecemos diversos accesorios. Con los ganchos de techo o la pinza para techo, colgar\u00e1 el cartel en un abrir y cerrar de ojos.<\/p>\n","protected":false},"excerpt":{"rendered":"<h3>Panel con impresi\u00f3n de alta nitidez. Para fijaci\u00f3n al techo.<\/h3>\n<p>Aumente la visibilidad de sus ofertas o transmita su mensaje con nuestro vers\u00e1til colgador de techo, tambi\u00e9n conocido como cartel de techo. Ya sea para campa\u00f1as especiales, promociones o mensajes informativos, este colgador est\u00e1 dise\u00f1ado para atraer la atenci\u00f3n de inmediato. Usted mismo elige el tama\u00f1o. Configure su colgador de techo impreso en unos pocos pasos a continuaci\u00f3n.<\/p>\n","protected":false},"featured_media":15119,"template":"","meta":{"_et_pb_use_builder":"","_et_pb_old_content":"","_et_gb_content_width":""},"product_brand":[],"product_cat":[440,379],"product_tag":[],"class_list":{"0":"post-15118","1":"product","2":"type-product","3":"status-publish","4":"has-post-thumbnail","6":"product_cat-minorista","7":"product_cat-publicidad-interior","9":"first","10":"instock","11":"taxable","12":"shipping-taxable","13":"purchasable","14":"product-type-simple"},"yoast_head":"<!-- This site is optimized with the Yoast SEO plugin v27.3 - https:\/\/yoast.com\/product\/yoast-seo-wordpress\/ -->\n<title>Pedir colgador de techo con entrega r\u00e1pida | Calidad personalizada<\/title>\n<meta name=\"description\" content=\"Pida un colgador de techo profesional. Elija entre cuatro materiales duraderos, con impresi\u00f3n a una o doble cara. Entrega en toda Europa\" \/>\n<meta name=\"robots\" content=\"index, follow, max-snippet:-1, max-image-preview:large, max-video-preview:-1\" \/>\n<link rel=\"canonical\" href=\"https:\/\/www.amstelprinting.nl\/es\/tienda\/publicidad-interior\/minorista\/colgador-de-techo\/\" \/>\n<meta property=\"og:locale\" content=\"es_ES\" \/>\n<meta property=\"og:type\" content=\"article\" \/>\n<meta property=\"og:title\" content=\"Pedir colgador de techo con entrega r\u00e1pida | Calidad personalizada\" \/>\n<meta property=\"og:description\" content=\"Pida un colgador de techo profesional. Elija entre cuatro materiales duraderos, con impresi\u00f3n a una o doble cara. Entrega en toda Europa\" \/>\n<meta property=\"og:url\" content=\"https:\/\/www.amstelprinting.nl\/es\/tienda\/publicidad-interior\/minorista\/colgador-de-techo\/\" \/>\n<meta property=\"og:site_name\" content=\"Amstel Printing\" \/>\n<meta property=\"article:modified_time\" content=\"2026-02-18T11:48:29+00:00\" \/>\n<meta property=\"og:image\" content=\"https:\/\/www.amstelprinting.nl\/wp-content\/uploads\/plafondhanger-bedrukken.png\" \/>\n\t<meta property=\"og:image:width\" content=\"900\" \/>\n\t<meta property=\"og:image:height\" content=\"900\" \/>\n\t<meta property=\"og:image:type\" content=\"image\/png\" \/>\n<meta name=\"twitter:card\" content=\"summary_large_image\" \/>\n<meta name=\"twitter:label1\" content=\"Tiempo de lectura\" \/>\n\t<meta name=\"twitter:data1\" content=\"1 minuto\" \/>\n<script type=\"application\/ld+json\" class=\"yoast-schema-graph\">{\"@context\":\"https:\\\/\\\/schema.org\",\"@graph\":[{\"@type\":\"WebPage\",\"@id\":\"https:\\\/\\\/www.amstelprinting.nl\\\/es\\\/tienda\\\/publicidad-interior\\\/minorista\\\/colgador-de-techo\\\/\",\"url\":\"https:\\\/\\\/www.amstelprinting.nl\\\/es\\\/tienda\\\/publicidad-interior\\\/minorista\\\/colgador-de-techo\\\/\",\"name\":\"Pedir colgador de techo con entrega r\u00e1pida | Calidad personalizada\",\"isPartOf\":{\"@id\":\"https:\\\/\\\/www.amstelprinting.nl\\\/es\\\/#website\"},\"primaryImageOfPage\":{\"@id\":\"https:\\\/\\\/www.amstelprinting.nl\\\/es\\\/tienda\\\/publicidad-interior\\\/minorista\\\/colgador-de-techo\\\/#primaryimage\"},\"image\":{\"@id\":\"https:\\\/\\\/www.amstelprinting.nl\\\/es\\\/tienda\\\/publicidad-interior\\\/minorista\\\/colgador-de-techo\\\/#primaryimage\"},\"thumbnailUrl\":\"https:\\\/\\\/www.amstelprinting.nl\\\/wp-content\\\/uploads\\\/plafondhanger-bedrukken.png\",\"datePublished\":\"2025-01-24T10:23:08+00:00\",\"dateModified\":\"2026-02-18T11:48:29+00:00\",\"description\":\"Pida un colgador de techo profesional. Elija entre cuatro materiales duraderos, con impresi\u00f3n a una o doble cara. Entrega en toda Europa\",\"breadcrumb\":{\"@id\":\"https:\\\/\\\/www.amstelprinting.nl\\\/es\\\/tienda\\\/publicidad-interior\\\/minorista\\\/colgador-de-techo\\\/#breadcrumb\"},\"inLanguage\":\"es\",\"potentialAction\":[{\"@type\":\"ReadAction\",\"target\":[\"https:\\\/\\\/www.amstelprinting.nl\\\/es\\\/tienda\\\/publicidad-interior\\\/minorista\\\/colgador-de-techo\\\/\"]}]},{\"@type\":\"ImageObject\",\"inLanguage\":\"es\",\"@id\":\"https:\\\/\\\/www.amstelprinting.nl\\\/es\\\/tienda\\\/publicidad-interior\\\/minorista\\\/colgador-de-techo\\\/#primaryimage\",\"url\":\"https:\\\/\\\/www.amstelprinting.nl\\\/wp-content\\\/uploads\\\/plafondhanger-bedrukken.png\",\"contentUrl\":\"https:\\\/\\\/www.amstelprinting.nl\\\/wp-content\\\/uploads\\\/plafondhanger-bedrukken.png\",\"width\":900,\"height\":900},{\"@type\":\"BreadcrumbList\",\"@id\":\"https:\\\/\\\/www.amstelprinting.nl\\\/es\\\/tienda\\\/publicidad-interior\\\/minorista\\\/colgador-de-techo\\\/#breadcrumb\",\"itemListElement\":[{\"@type\":\"ListItem\",\"position\":1,\"name\":\"\",\"item\":\"https:\\\/\\\/www.amstelprinting.nl\\\/es\\\/\"},{\"@type\":\"ListItem\",\"position\":2,\"name\":\"Amstel Printing\",\"item\":\"https:\\\/\\\/www.amstelprinting.nl\\\/es\\\/comercio\\\/\"},{\"@type\":\"ListItem\",\"position\":3,\"name\":\"Publicidad interior\",\"item\":\"https:\\\/\\\/www.amstelprinting.nl\\\/es\\\/categor\u00eda\\\/publicidad-interior\\\/\"},{\"@type\":\"ListItem\",\"position\":4,\"name\":\"Minorista\",\"item\":\"https:\\\/\\\/www.amstelprinting.nl\\\/es\\\/categor\u00eda\\\/publicidad-interior\\\/minorista\\\/\"},{\"@type\":\"ListItem\",\"position\":5,\"name\":\"Colgador de techo\"}]},{\"@type\":\"WebSite\",\"@id\":\"https:\\\/\\\/www.amstelprinting.nl\\\/es\\\/#website\",\"url\":\"https:\\\/\\\/www.amstelprinting.nl\\\/es\\\/\",\"name\":\"Amstel Printing\",\"description\":\"Creating Exposure\",\"publisher\":{\"@id\":\"https:\\\/\\\/www.amstelprinting.nl\\\/es\\\/#organization\"},\"potentialAction\":[{\"@type\":\"SearchAction\",\"target\":{\"@type\":\"EntryPoint\",\"urlTemplate\":\"https:\\\/\\\/www.amstelprinting.nl\\\/es\\\/?s={search_term_string}\"},\"query-input\":{\"@type\":\"PropertyValueSpecification\",\"valueRequired\":true,\"valueName\":\"search_term_string\"}}],\"inLanguage\":\"es\"},{\"@type\":\"Organization\",\"@id\":\"https:\\\/\\\/www.amstelprinting.nl\\\/es\\\/#organization\",\"name\":\"Amstel Printing\",\"url\":\"https:\\\/\\\/www.amstelprinting.nl\\\/es\\\/\",\"logo\":{\"@type\":\"ImageObject\",\"inLanguage\":\"es\",\"@id\":\"https:\\\/\\\/www.amstelprinting.nl\\\/es\\\/#\\\/schema\\\/logo\\\/image\\\/\",\"url\":\"https:\\\/\\\/www.amstelprinting.nl\\\/wp-content\\\/uploads\\\/amstel_printing_logo_clean.png\",\"contentUrl\":\"https:\\\/\\\/www.amstelprinting.nl\\\/wp-content\\\/uploads\\\/amstel_printing_logo_clean.png\",\"width\":324,\"height\":73,\"caption\":\"Amstel Printing\"},\"image\":{\"@id\":\"https:\\\/\\\/www.amstelprinting.nl\\\/es\\\/#\\\/schema\\\/logo\\\/image\\\/\"}}]}<\/script>\n<!-- \/ Yoast SEO plugin. -->","yoast_head_json":{"title":"Pedir colgador de techo con entrega r\u00e1pida | Calidad personalizada","description":"Pida un colgador de techo profesional. Elija entre cuatro materiales duraderos, con impresi\u00f3n a una o doble cara. Entrega en toda Europa","robots":{"index":"index","follow":"follow","max-snippet":"max-snippet:-1","max-image-preview":"max-image-preview:large","max-video-preview":"max-video-preview:-1"},"canonical":"https:\/\/www.amstelprinting.nl\/es\/tienda\/publicidad-interior\/minorista\/colgador-de-techo\/","og_locale":"es_ES","og_type":"article","og_title":"Pedir colgador de techo con entrega r\u00e1pida | Calidad personalizada","og_description":"Pida un colgador de techo profesional. Elija entre cuatro materiales duraderos, con impresi\u00f3n a una o doble cara. Entrega en toda Europa","og_url":"https:\/\/www.amstelprinting.nl\/es\/tienda\/publicidad-interior\/minorista\/colgador-de-techo\/","og_site_name":"Amstel Printing","article_modified_time":"2026-02-18T11:48:29+00:00","og_image":[{"width":900,"height":900,"url":"https:\/\/www.amstelprinting.nl\/wp-content\/uploads\/plafondhanger-bedrukken.png","type":"image\/png"}],"twitter_card":"summary_large_image","twitter_misc":{"Tiempo de lectura":"1 minuto"},"schema":{"@context":"https:\/\/schema.org","@graph":[{"@type":"WebPage","@id":"https:\/\/www.amstelprinting.nl\/es\/tienda\/publicidad-interior\/minorista\/colgador-de-techo\/","url":"https:\/\/www.amstelprinting.nl\/es\/tienda\/publicidad-interior\/minorista\/colgador-de-techo\/","name":"Pedir colgador de techo con entrega r\u00e1pida | Calidad personalizada","isPartOf":{"@id":"https:\/\/www.amstelprinting.nl\/es\/#website"},"primaryImageOfPage":{"@id":"https:\/\/www.amstelprinting.nl\/es\/tienda\/publicidad-interior\/minorista\/colgador-de-techo\/#primaryimage"},"image":{"@id":"https:\/\/www.amstelprinting.nl\/es\/tienda\/publicidad-interior\/minorista\/colgador-de-techo\/#primaryimage"},"thumbnailUrl":"https:\/\/www.amstelprinting.nl\/wp-content\/uploads\/plafondhanger-bedrukken.png","datePublished":"2025-01-24T10:23:08+00:00","dateModified":"2026-02-18T11:48:29+00:00","description":"Pida un colgador de techo profesional. Elija entre cuatro materiales duraderos, con impresi\u00f3n a una o doble cara. Entrega en toda Europa","breadcrumb":{"@id":"https:\/\/www.amstelprinting.nl\/es\/tienda\/publicidad-interior\/minorista\/colgador-de-techo\/#breadcrumb"},"inLanguage":"es","potentialAction":[{"@type":"ReadAction","target":["https:\/\/www.amstelprinting.nl\/es\/tienda\/publicidad-interior\/minorista\/colgador-de-techo\/"]}]},{"@type":"ImageObject","inLanguage":"es","@id":"https:\/\/www.amstelprinting.nl\/es\/tienda\/publicidad-interior\/minorista\/colgador-de-techo\/#primaryimage","url":"https:\/\/www.amstelprinting.nl\/wp-content\/uploads\/plafondhanger-bedrukken.png","contentUrl":"https:\/\/www.amstelprinting.nl\/wp-content\/uploads\/plafondhanger-bedrukken.png","width":900,"height":900},{"@type":"BreadcrumbList","@id":"https:\/\/www.amstelprinting.nl\/es\/tienda\/publicidad-interior\/minorista\/colgador-de-techo\/#breadcrumb","itemListElement":[{"@type":"ListItem","position":1,"name":"","item":"https:\/\/www.amstelprinting.nl\/es\/"},{"@type":"ListItem","position":2,"name":"Amstel Printing","item":"https:\/\/www.amstelprinting.nl\/es\/comercio\/"},{"@type":"ListItem","position":3,"name":"Publicidad interior","item":"https:\/\/www.amstelprinting.nl\/es\/categor\u00eda\/publicidad-interior\/"},{"@type":"ListItem","position":4,"name":"Minorista","item":"https:\/\/www.amstelprinting.nl\/es\/categor\u00eda\/publicidad-interior\/minorista\/"},{"@type":"ListItem","position":5,"name":"Colgador de techo"}]},{"@type":"WebSite","@id":"https:\/\/www.amstelprinting.nl\/es\/#website","url":"https:\/\/www.amstelprinting.nl\/es\/","name":"Amstel Printing","description":"Creating Exposure","publisher":{"@id":"https:\/\/www.amstelprinting.nl\/es\/#organization"},"potentialAction":[{"@type":"SearchAction","target":{"@type":"EntryPoint","urlTemplate":"https:\/\/www.amstelprinting.nl\/es\/?s={search_term_string}"},"query-input":{"@type":"PropertyValueSpecification","valueRequired":true,"valueName":"search_term_string"}}],"inLanguage":"es"},{"@type":"Organization","@id":"https:\/\/www.amstelprinting.nl\/es\/#organization","name":"Amstel Printing","url":"https:\/\/www.amstelprinting.nl\/es\/","logo":{"@type":"ImageObject","inLanguage":"es","@id":"https:\/\/www.amstelprinting.nl\/es\/#\/schema\/logo\/image\/","url":"https:\/\/www.amstelprinting.nl\/wp-content\/uploads\/amstel_printing_logo_clean.png","contentUrl":"https:\/\/www.amstelprinting.nl\/wp-content\/uploads\/amstel_printing_logo_clean.png","width":324,"height":73,"caption":"Amstel Printing"},"image":{"@id":"https:\/\/www.amstelprinting.nl\/es\/#\/schema\/logo\/image\/"}}]}},"_links":{"self":[{"href":"https:\/\/www.amstelprinting.nl\/es\/wp-json\/wp\/v2\/product\/15118","targetHints":{"allow":["GET"]}}],"collection":[{"href":"https:\/\/www.amstelprinting.nl\/es\/wp-json\/wp\/v2\/product"}],"about":[{"href":"https:\/\/www.amstelprinting.nl\/es\/wp-json\/wp\/v2\/types\/product"}],"wp:featuredmedia":[{"embeddable":true,"href":"https:\/\/www.amstelprinting.nl\/es\/wp-json\/wp\/v2\/media\/15119"}],"wp:attachment":[{"href":"https:\/\/www.amstelprinting.nl\/es\/wp-json\/wp\/v2\/media?parent=15118"}],"wp:term":[{"taxonomy":"product_brand","embeddable":true,"href":"https:\/\/www.amstelprinting.nl\/es\/wp-json\/wp\/v2\/product_brand?post=15118"},{"taxonomy":"product_cat","embeddable":true,"href":"https:\/\/www.amstelprinting.nl\/es\/wp-json\/wp\/v2\/product_cat?post=15118"},{"taxonomy":"product_tag","embeddable":true,"href":"https:\/\/www.amstelprinting.nl\/es\/wp-json\/wp\/v2\/product_tag?post=15118"}],"curies":[{"name":"wp","href":"https:\/\/api.w.org\/{rel}","templated":true}]}}