{"id":15128,"date":"2025-01-24T11:23:05","date_gmt":"2025-01-24T10:23:05","guid":{"rendered":"https:\/\/www.amstelprinting.nl\/winkel\/sin%20categor\u00eda\/ijzerhoudende-folie\/"},"modified":"2026-02-18T12:48:29","modified_gmt":"2026-02-18T11:48:29","slug":"lamina-ferrosa","status":"publish","type":"product","link":"https:\/\/www.amstelprinting.nl\/es\/tienda\/publicidad-interior\/minorista\/lamina-ferrosa\/","title":{"rendered":"L\u00e1mina ferrosa"},"content":{"rendered":"<h3>Impresi\u00f3n de l\u00e1mina ferrosa<\/h3>\n<p>Ya sea que desee transformar su espacio de oficina o busque formas creativas de transmitir su mensaje, nuestra l\u00e1mina ferrosa ofrece la flexibilidad y funcionalidad que necesita. La l\u00e1mina es una pel\u00edcula de poli\u00e9ster blanco de alta calidad con un recubrimiento ferroso negro, dise\u00f1ada especialmente para su uso en superficies magn\u00e9ticas. Atenci\u00f3n: \u00a1esta l\u00e1mina ferrosa no es un im\u00e1n! Para ello, debe pedir nuestra <a href=\"https:\/\/www.amstelprinting.nl\/es\/tienda\/pegatinas-e-impresion\/pegatinas-grandes\/pegatina-magnetica\/\">l\u00e1mina magn\u00e9tica<\/a>.<\/p>\n<h3>Material<\/h3>\n<p>La l\u00e1mina ferrosa tiene un ancho m\u00e1ximo de impresi\u00f3n de 123 cm en una sola pieza. La l\u00e1mina es f\u00e1cil de montar y reposicionar, lo que ofrece flexibilidad al dise\u00f1ar y ajustar expositores magn\u00e9ticos. La l\u00e1mina ferrosa es reutilizable y 100% reciclable, lo que la convierte en un producto muy sostenible.<\/p>\n<h3>\u00bfPor qu\u00e9 imprimir l\u00e1mina ferrosa?<\/h3>\n<ul>\n<li>Incluye impresi\u00f3n a su gusto<\/li>\n<li>Se puede pedir en formato personalizado<\/li>\n<li>La l\u00e1mina de hierro es 100% reciclable<\/li>\n<li>F\u00e1cil de montar en superficies magn\u00e9ticas<\/li>\n<li>Sostenible: f\u00e1cil de usar una y otra vez<\/li>\n<\/ul>\n<p>&nbsp;<\/p>\n<h3>Puntos a tener en cuenta sobre la l\u00e1mina ferrosa<\/h3>\n<p>La l\u00e1mina ferrosa a veces se confunde con una l\u00e1mina magn\u00e9tica \/ pegatina magn\u00e9tica. Esta l\u00e1mina ferrosa solo puede aplicarse sobre una superficie magn\u00e9tica.<\/p>\n<h3>Preguntas frecuentes sobre la l\u00e1mina ferrosa<\/h3>\n<p><strong>\u00bfFunciona la l\u00e1mina ferrosa como un im\u00e1n?<\/strong><br \/>\nNo, la l\u00e1mina ferrosa no es lo mismo que un im\u00e1n. La l\u00e1mina ferrosa debe aplicarse sobre una superficie magn\u00e9tica. Los imanes, por el contrario, deben aplicarse sobre superficies de hierro. Por tanto, la l\u00e1mina ferrosa es lo opuesto a un im\u00e1n.<\/p>\n","protected":false},"excerpt":{"rendered":"<p><span style=\"font-weight: 400;\">La l\u00e1mina ferrosa (tambi\u00e9n llamada l\u00e1mina ferro) es apta para su aplicaci\u00f3n <strong>sobre superficies magn\u00e9ticas<\/strong>. Ideal para cambiar visuales de forma r\u00e1pida y sencilla. Reutilizable y 100% reciclable. Equipada con una <strong>impresi\u00f3n n\u00edtida<\/strong> de su dise\u00f1o o foto. Usted mismo determina las dimensiones de esta l\u00e1mina ferrosa.<\/span><\/p>\n","protected":false},"featured_media":15129,"template":"","meta":{"_et_pb_use_builder":"","_et_pb_old_content":"","_et_gb_content_width":""},"product_brand":[],"product_cat":[440,640,315,379],"product_tag":[],"class_list":{"0":"post-15128","1":"product","2":"type-product","3":"status-publish","4":"has-post-thumbnail","6":"product_cat-minorista","7":"product_cat-posters","8":"product_cat-pegatinas-e-impresion","9":"product_cat-publicidad-interior","11":"first","12":"instock","13":"taxable","14":"shipping-taxable","15":"purchasable","16":"product-type-simple"},"yoast_head":"<!-- This site is optimized with the Yoast SEO plugin v27.3 - https:\/\/yoast.com\/product\/yoast-seo-wordpress\/ -->\n<title>Impresi\u00f3n de l\u00e1mina ferrosa a medida \u2013 sostenible y flexible<\/title>\n<meta name=\"description\" content=\"Pida l\u00e1mina ferrosa con impresi\u00f3n a todo color de alta nitidez, apta para superficies magn\u00e9ticas. Reutilizable, 100% reciclable y f\u00e1cil de cambiar\" \/>\n<meta name=\"robots\" content=\"index, follow, max-snippet:-1, max-image-preview:large, max-video-preview:-1\" \/>\n<link rel=\"canonical\" href=\"https:\/\/www.amstelprinting.nl\/es\/tienda\/publicidad-interior\/minorista\/lamina-ferrosa\/\" \/>\n<meta property=\"og:locale\" content=\"es_ES\" \/>\n<meta property=\"og:type\" content=\"article\" \/>\n<meta property=\"og:title\" content=\"Impresi\u00f3n de l\u00e1mina ferrosa a medida \u2013 sostenible y flexible\" \/>\n<meta property=\"og:description\" content=\"Pida l\u00e1mina ferrosa con impresi\u00f3n a todo color de alta nitidez, apta para superficies magn\u00e9ticas. Reutilizable, 100% reciclable y f\u00e1cil de cambiar\" \/>\n<meta property=\"og:url\" content=\"https:\/\/www.amstelprinting.nl\/es\/tienda\/publicidad-interior\/minorista\/lamina-ferrosa\/\" \/>\n<meta property=\"og:site_name\" content=\"Amstel Printing\" \/>\n<meta property=\"article:modified_time\" content=\"2026-02-18T11:48:29+00:00\" \/>\n<meta property=\"og:image\" content=\"https:\/\/www.amstelprinting.nl\/wp-content\/uploads\/ijzerhoudende-folie-bedrukken.jpg\" \/>\n\t<meta property=\"og:image:width\" content=\"700\" \/>\n\t<meta property=\"og:image:height\" content=\"443\" \/>\n\t<meta property=\"og:image:type\" content=\"image\/jpeg\" \/>\n<meta name=\"twitter:card\" content=\"summary_large_image\" \/>\n<meta name=\"twitter:label1\" content=\"Tiempo de lectura\" \/>\n\t<meta name=\"twitter:data1\" content=\"1 minuto\" \/>\n<script type=\"application\/ld+json\" class=\"yoast-schema-graph\">{\"@context\":\"https:\\\/\\\/schema.org\",\"@graph\":[{\"@type\":\"WebPage\",\"@id\":\"https:\\\/\\\/www.amstelprinting.nl\\\/es\\\/tienda\\\/publicidad-interior\\\/minorista\\\/lamina-ferrosa\\\/\",\"url\":\"https:\\\/\\\/www.amstelprinting.nl\\\/es\\\/tienda\\\/publicidad-interior\\\/minorista\\\/lamina-ferrosa\\\/\",\"name\":\"Impresi\u00f3n de l\u00e1mina ferrosa a medida \u2013 sostenible y flexible\",\"isPartOf\":{\"@id\":\"https:\\\/\\\/www.amstelprinting.nl\\\/es\\\/#website\"},\"primaryImageOfPage\":{\"@id\":\"https:\\\/\\\/www.amstelprinting.nl\\\/es\\\/tienda\\\/publicidad-interior\\\/minorista\\\/lamina-ferrosa\\\/#primaryimage\"},\"image\":{\"@id\":\"https:\\\/\\\/www.amstelprinting.nl\\\/es\\\/tienda\\\/publicidad-interior\\\/minorista\\\/lamina-ferrosa\\\/#primaryimage\"},\"thumbnailUrl\":\"https:\\\/\\\/www.amstelprinting.nl\\\/wp-content\\\/uploads\\\/ijzerhoudende-folie-bedrukken.jpg\",\"datePublished\":\"2025-01-24T10:23:05+00:00\",\"dateModified\":\"2026-02-18T11:48:29+00:00\",\"description\":\"Pida l\u00e1mina ferrosa con impresi\u00f3n a todo color de alta nitidez, apta para superficies magn\u00e9ticas. Reutilizable, 100% reciclable y f\u00e1cil de cambiar\",\"breadcrumb\":{\"@id\":\"https:\\\/\\\/www.amstelprinting.nl\\\/es\\\/tienda\\\/publicidad-interior\\\/minorista\\\/lamina-ferrosa\\\/#breadcrumb\"},\"inLanguage\":\"es\",\"potentialAction\":[{\"@type\":\"ReadAction\",\"target\":[\"https:\\\/\\\/www.amstelprinting.nl\\\/es\\\/tienda\\\/publicidad-interior\\\/minorista\\\/lamina-ferrosa\\\/\"]}]},{\"@type\":\"ImageObject\",\"inLanguage\":\"es\",\"@id\":\"https:\\\/\\\/www.amstelprinting.nl\\\/es\\\/tienda\\\/publicidad-interior\\\/minorista\\\/lamina-ferrosa\\\/#primaryimage\",\"url\":\"https:\\\/\\\/www.amstelprinting.nl\\\/wp-content\\\/uploads\\\/ijzerhoudende-folie-bedrukken.jpg\",\"contentUrl\":\"https:\\\/\\\/www.amstelprinting.nl\\\/wp-content\\\/uploads\\\/ijzerhoudende-folie-bedrukken.jpg\",\"width\":700,\"height\":443},{\"@type\":\"BreadcrumbList\",\"@id\":\"https:\\\/\\\/www.amstelprinting.nl\\\/es\\\/tienda\\\/publicidad-interior\\\/minorista\\\/lamina-ferrosa\\\/#breadcrumb\",\"itemListElement\":[{\"@type\":\"ListItem\",\"position\":1,\"name\":\"\",\"item\":\"https:\\\/\\\/www.amstelprinting.nl\\\/es\\\/\"},{\"@type\":\"ListItem\",\"position\":2,\"name\":\"Amstel Printing\",\"item\":\"https:\\\/\\\/www.amstelprinting.nl\\\/es\\\/comercio\\\/\"},{\"@type\":\"ListItem\",\"position\":3,\"name\":\"Publicidad interior\",\"item\":\"https:\\\/\\\/www.amstelprinting.nl\\\/es\\\/categor\u00eda\\\/publicidad-interior\\\/\"},{\"@type\":\"ListItem\",\"position\":4,\"name\":\"Minorista\",\"item\":\"https:\\\/\\\/www.amstelprinting.nl\\\/es\\\/categor\u00eda\\\/publicidad-interior\\\/minorista\\\/\"},{\"@type\":\"ListItem\",\"position\":5,\"name\":\"L\u00e1mina ferrosa\"}]},{\"@type\":\"WebSite\",\"@id\":\"https:\\\/\\\/www.amstelprinting.nl\\\/es\\\/#website\",\"url\":\"https:\\\/\\\/www.amstelprinting.nl\\\/es\\\/\",\"name\":\"Amstel Printing\",\"description\":\"Creating Exposure\",\"publisher\":{\"@id\":\"https:\\\/\\\/www.amstelprinting.nl\\\/es\\\/#organization\"},\"potentialAction\":[{\"@type\":\"SearchAction\",\"target\":{\"@type\":\"EntryPoint\",\"urlTemplate\":\"https:\\\/\\\/www.amstelprinting.nl\\\/es\\\/?s={search_term_string}\"},\"query-input\":{\"@type\":\"PropertyValueSpecification\",\"valueRequired\":true,\"valueName\":\"search_term_string\"}}],\"inLanguage\":\"es\"},{\"@type\":\"Organization\",\"@id\":\"https:\\\/\\\/www.amstelprinting.nl\\\/es\\\/#organization\",\"name\":\"Amstel Printing\",\"url\":\"https:\\\/\\\/www.amstelprinting.nl\\\/es\\\/\",\"logo\":{\"@type\":\"ImageObject\",\"inLanguage\":\"es\",\"@id\":\"https:\\\/\\\/www.amstelprinting.nl\\\/es\\\/#\\\/schema\\\/logo\\\/image\\\/\",\"url\":\"https:\\\/\\\/www.amstelprinting.nl\\\/wp-content\\\/uploads\\\/amstel_printing_logo_clean.png\",\"contentUrl\":\"https:\\\/\\\/www.amstelprinting.nl\\\/wp-content\\\/uploads\\\/amstel_printing_logo_clean.png\",\"width\":324,\"height\":73,\"caption\":\"Amstel Printing\"},\"image\":{\"@id\":\"https:\\\/\\\/www.amstelprinting.nl\\\/es\\\/#\\\/schema\\\/logo\\\/image\\\/\"}}]}<\/script>\n<!-- \/ Yoast SEO plugin. -->","yoast_head_json":{"title":"Impresi\u00f3n de l\u00e1mina ferrosa a medida \u2013 sostenible y flexible","description":"Pida l\u00e1mina ferrosa con impresi\u00f3n a todo color de alta nitidez, apta para superficies magn\u00e9ticas. Reutilizable, 100% reciclable y f\u00e1cil de cambiar","robots":{"index":"index","follow":"follow","max-snippet":"max-snippet:-1","max-image-preview":"max-image-preview:large","max-video-preview":"max-video-preview:-1"},"canonical":"https:\/\/www.amstelprinting.nl\/es\/tienda\/publicidad-interior\/minorista\/lamina-ferrosa\/","og_locale":"es_ES","og_type":"article","og_title":"Impresi\u00f3n de l\u00e1mina ferrosa a medida \u2013 sostenible y flexible","og_description":"Pida l\u00e1mina ferrosa con impresi\u00f3n a todo color de alta nitidez, apta para superficies magn\u00e9ticas. Reutilizable, 100% reciclable y f\u00e1cil de cambiar","og_url":"https:\/\/www.amstelprinting.nl\/es\/tienda\/publicidad-interior\/minorista\/lamina-ferrosa\/","og_site_name":"Amstel Printing","article_modified_time":"2026-02-18T11:48:29+00:00","og_image":[{"width":700,"height":443,"url":"https:\/\/www.amstelprinting.nl\/wp-content\/uploads\/ijzerhoudende-folie-bedrukken.jpg","type":"image\/jpeg"}],"twitter_card":"summary_large_image","twitter_misc":{"Tiempo de lectura":"1 minuto"},"schema":{"@context":"https:\/\/schema.org","@graph":[{"@type":"WebPage","@id":"https:\/\/www.amstelprinting.nl\/es\/tienda\/publicidad-interior\/minorista\/lamina-ferrosa\/","url":"https:\/\/www.amstelprinting.nl\/es\/tienda\/publicidad-interior\/minorista\/lamina-ferrosa\/","name":"Impresi\u00f3n de l\u00e1mina ferrosa a medida \u2013 sostenible y flexible","isPartOf":{"@id":"https:\/\/www.amstelprinting.nl\/es\/#website"},"primaryImageOfPage":{"@id":"https:\/\/www.amstelprinting.nl\/es\/tienda\/publicidad-interior\/minorista\/lamina-ferrosa\/#primaryimage"},"image":{"@id":"https:\/\/www.amstelprinting.nl\/es\/tienda\/publicidad-interior\/minorista\/lamina-ferrosa\/#primaryimage"},"thumbnailUrl":"https:\/\/www.amstelprinting.nl\/wp-content\/uploads\/ijzerhoudende-folie-bedrukken.jpg","datePublished":"2025-01-24T10:23:05+00:00","dateModified":"2026-02-18T11:48:29+00:00","description":"Pida l\u00e1mina ferrosa con impresi\u00f3n a todo color de alta nitidez, apta para superficies magn\u00e9ticas. Reutilizable, 100% reciclable y f\u00e1cil de cambiar","breadcrumb":{"@id":"https:\/\/www.amstelprinting.nl\/es\/tienda\/publicidad-interior\/minorista\/lamina-ferrosa\/#breadcrumb"},"inLanguage":"es","potentialAction":[{"@type":"ReadAction","target":["https:\/\/www.amstelprinting.nl\/es\/tienda\/publicidad-interior\/minorista\/lamina-ferrosa\/"]}]},{"@type":"ImageObject","inLanguage":"es","@id":"https:\/\/www.amstelprinting.nl\/es\/tienda\/publicidad-interior\/minorista\/lamina-ferrosa\/#primaryimage","url":"https:\/\/www.amstelprinting.nl\/wp-content\/uploads\/ijzerhoudende-folie-bedrukken.jpg","contentUrl":"https:\/\/www.amstelprinting.nl\/wp-content\/uploads\/ijzerhoudende-folie-bedrukken.jpg","width":700,"height":443},{"@type":"BreadcrumbList","@id":"https:\/\/www.amstelprinting.nl\/es\/tienda\/publicidad-interior\/minorista\/lamina-ferrosa\/#breadcrumb","itemListElement":[{"@type":"ListItem","position":1,"name":"","item":"https:\/\/www.amstelprinting.nl\/es\/"},{"@type":"ListItem","position":2,"name":"Amstel Printing","item":"https:\/\/www.amstelprinting.nl\/es\/comercio\/"},{"@type":"ListItem","position":3,"name":"Publicidad interior","item":"https:\/\/www.amstelprinting.nl\/es\/categor\u00eda\/publicidad-interior\/"},{"@type":"ListItem","position":4,"name":"Minorista","item":"https:\/\/www.amstelprinting.nl\/es\/categor\u00eda\/publicidad-interior\/minorista\/"},{"@type":"ListItem","position":5,"name":"L\u00e1mina ferrosa"}]},{"@type":"WebSite","@id":"https:\/\/www.amstelprinting.nl\/es\/#website","url":"https:\/\/www.amstelprinting.nl\/es\/","name":"Amstel Printing","description":"Creating Exposure","publisher":{"@id":"https:\/\/www.amstelprinting.nl\/es\/#organization"},"potentialAction":[{"@type":"SearchAction","target":{"@type":"EntryPoint","urlTemplate":"https:\/\/www.amstelprinting.nl\/es\/?s={search_term_string}"},"query-input":{"@type":"PropertyValueSpecification","valueRequired":true,"valueName":"search_term_string"}}],"inLanguage":"es"},{"@type":"Organization","@id":"https:\/\/www.amstelprinting.nl\/es\/#organization","name":"Amstel Printing","url":"https:\/\/www.amstelprinting.nl\/es\/","logo":{"@type":"ImageObject","inLanguage":"es","@id":"https:\/\/www.amstelprinting.nl\/es\/#\/schema\/logo\/image\/","url":"https:\/\/www.amstelprinting.nl\/wp-content\/uploads\/amstel_printing_logo_clean.png","contentUrl":"https:\/\/www.amstelprinting.nl\/wp-content\/uploads\/amstel_printing_logo_clean.png","width":324,"height":73,"caption":"Amstel Printing"},"image":{"@id":"https:\/\/www.amstelprinting.nl\/es\/#\/schema\/logo\/image\/"}}]}},"_links":{"self":[{"href":"https:\/\/www.amstelprinting.nl\/es\/wp-json\/wp\/v2\/product\/15128","targetHints":{"allow":["GET"]}}],"collection":[{"href":"https:\/\/www.amstelprinting.nl\/es\/wp-json\/wp\/v2\/product"}],"about":[{"href":"https:\/\/www.amstelprinting.nl\/es\/wp-json\/wp\/v2\/types\/product"}],"wp:featuredmedia":[{"embeddable":true,"href":"https:\/\/www.amstelprinting.nl\/es\/wp-json\/wp\/v2\/media\/15129"}],"wp:attachment":[{"href":"https:\/\/www.amstelprinting.nl\/es\/wp-json\/wp\/v2\/media?parent=15128"}],"wp:term":[{"taxonomy":"product_brand","embeddable":true,"href":"https:\/\/www.amstelprinting.nl\/es\/wp-json\/wp\/v2\/product_brand?post=15128"},{"taxonomy":"product_cat","embeddable":true,"href":"https:\/\/www.amstelprinting.nl\/es\/wp-json\/wp\/v2\/product_cat?post=15128"},{"taxonomy":"product_tag","embeddable":true,"href":"https:\/\/www.amstelprinting.nl\/es\/wp-json\/wp\/v2\/product_tag?post=15128"}],"curies":[{"name":"wp","href":"https:\/\/api.w.org\/{rel}","templated":true}]}}