{"id":15142,"date":"2025-01-24T11:23:02","date_gmt":"2025-01-24T10:23:02","guid":{"rendered":"https:\/\/www.amstelprinting.nl\/winkel\/sin%20categor\u00eda\/detectiepoorthoes\/"},"modified":"2026-02-18T12:48:30","modified_gmt":"2026-02-18T11:48:30","slug":"funda-para-arco-de-seguridad","status":"publish","type":"product","link":"https:\/\/www.amstelprinting.nl\/es\/tienda\/publicidad-interior\/minorista\/funda-para-arco-de-seguridad\/","title":{"rendered":"Funda para arco de seguridad"},"content":{"rendered":"<h3>Impresi\u00f3n de fundas para arcos de seguridad<\/h3>\n<p>Descubra la versatilidad de nuestra funda para arco de seguridad, tambi\u00e9n conocida como funda de alarma. La funda para arco de seguridad no solo protege el arco de detecci\u00f3n, sino que tambi\u00e9n transmite su mensaje de forma profesional. As\u00ed que, tanto si busca funcionalidad como un a\u00f1adido elegante para su sistema de seguridad: \u00a1la funda de alarma lo hace posible! Ajuste el tama\u00f1o a su arco de seguridad espec\u00edfico (consulte tambi\u00e9n las instrucciones de medici\u00f3n). Puede elegir diferentes dise\u00f1os para la parte delantera y trasera.<\/p>\n<h3>Ventajas<\/h3>\n<ul>\n<li>Ofrece protecci\u00f3n y estilo<\/li>\n<li>Impresi\u00f3n n\u00edtida por ambas caras<\/li>\n<li>Nueva impresi\u00f3n f\u00e1cil para cada temporada o promoci\u00f3n<\/li>\n<li>Tama\u00f1o ajustable a su arco de seguridad<\/li>\n<li>Provisto de certificado B1 (material ign\u00edfugo)<\/li>\n<\/ul>\n<p>&nbsp;<\/p>\n<h3>Material<\/h3>\n<p>Nuestra funda para arco de seguridad est\u00e1 fabricada en Dekostof, un material duradero que garantiza un buen ajuste y un mantenimiento sencillo. La tela es el\u00e1stica, lo que permite que se adapte f\u00e1cilmente a su arco de seguridad. Puede elegir hilos blancos o negros para adaptar la funda al interior de la tienda o a los colores corporativos.<\/p>\n<p><strong>Seguridad contra incendios<\/strong> &#8211; Las fundas para arcos de seguridad tambi\u00e9n cumplen con las normas de seguridad contra incendios gracias al certificado B1. Gracias al material el\u00e1stico, la funda se desliza f\u00e1cilmente sobre el arco de detecci\u00f3n.<\/p>\n<p>\u00bfListo para mejorar su arco de seguridad? D\u00e9 a su arco de seguridad un nuevo aspecto con nuestra vers\u00e1til y funcional funda para arco de seguridad. No solo protege su sistema de alarma, \u00a1sino que la funda de alarma impresa tambi\u00e9n embellece el aspecto de cualquier entrada!<\/p>\n<h3>Preguntas frecuentes sobre fundas para arcos de seguridad<\/h3>\n<p><strong>\u00bfSe puede lavar la funda para arco de seguridad?<\/strong><br \/>\nS\u00ed, la funda para arco de seguridad (funda de alarma) se puede lavar a 30 grados con detergente suave. \u00a1No apta para secadora!<\/p>\n","protected":false},"excerpt":{"rendered":"<h3>Funda el\u00e1stica impresa para arcos de seguridad.<\/h3>\n<p>Preciosa funda el\u00e1stica con impresi\u00f3n a doble cara de su dise\u00f1o o imagen. La funda para arco de seguridad tambi\u00e9n se denomina funda de alarma y est\u00e1 disponible en cualquier tama\u00f1o deseado (consulte tambi\u00e9n las instrucciones de medici\u00f3n). A menudo imprimimos la funda de alarma en un plazo de 3 d\u00edas laborables. \u00a1Configure su funda para arco de seguridad a continuaci\u00f3n en unos pocos pasos!<\/p>\n","protected":false},"featured_media":15144,"template":"","meta":{"_et_pb_use_builder":"","_et_pb_old_content":"","_et_gb_content_width":""},"product_brand":[],"product_cat":[440,379],"product_tag":[],"class_list":{"0":"post-15142","1":"product","2":"type-product","3":"status-publish","4":"has-post-thumbnail","6":"product_cat-minorista","7":"product_cat-publicidad-interior","9":"first","10":"instock","11":"taxable","12":"shipping-taxable","13":"purchasable","14":"product-type-simple"},"yoast_head":"<!-- This site is optimized with the Yoast SEO plugin v27.3 - https:\/\/yoast.com\/product\/yoast-seo-wordpress\/ -->\n<title>Funda para arco de seguridad \u2013 Proteja y fortalezca su marca con estilo<\/title>\n<meta name=\"description\" content=\"D\u00e9 a su arco de seguridad un aspecto profesional con una funda para arco de seguridad personalizada. Impresiones a doble cara n\u00edtidas, ajuste perfecto e ign\u00edfugo.\" \/>\n<meta name=\"robots\" content=\"index, follow, max-snippet:-1, max-image-preview:large, max-video-preview:-1\" \/>\n<link rel=\"canonical\" href=\"https:\/\/www.amstelprinting.nl\/es\/tienda\/publicidad-interior\/minorista\/funda-para-arco-de-seguridad\/\" \/>\n<meta property=\"og:locale\" content=\"es_ES\" \/>\n<meta property=\"og:type\" content=\"article\" \/>\n<meta property=\"og:title\" content=\"Funda para arco de seguridad \u2013 Proteja y fortalezca su marca con estilo\" \/>\n<meta property=\"og:description\" content=\"D\u00e9 a su arco de seguridad un aspecto profesional con una funda para arco de seguridad personalizada. Impresiones a doble cara n\u00edtidas, ajuste perfecto e ign\u00edfugo.\" \/>\n<meta property=\"og:url\" content=\"https:\/\/www.amstelprinting.nl\/es\/tienda\/publicidad-interior\/minorista\/funda-para-arco-de-seguridad\/\" \/>\n<meta property=\"og:site_name\" content=\"Amstel Printing\" \/>\n<meta property=\"article:modified_time\" content=\"2026-02-18T11:48:30+00:00\" \/>\n<meta property=\"og:image\" content=\"https:\/\/www.amstelprinting.nl\/wp-content\/uploads\/detectiepoort-hoes-bedrukken-4.png\" \/>\n\t<meta property=\"og:image:width\" content=\"900\" \/>\n\t<meta property=\"og:image:height\" content=\"900\" \/>\n\t<meta property=\"og:image:type\" content=\"image\/png\" \/>\n<meta name=\"twitter:card\" content=\"summary_large_image\" \/>\n<meta name=\"twitter:label1\" content=\"Tiempo de lectura\" \/>\n\t<meta name=\"twitter:data1\" content=\"2 minutos\" \/>\n<script type=\"application\/ld+json\" class=\"yoast-schema-graph\">{\"@context\":\"https:\\\/\\\/schema.org\",\"@graph\":[{\"@type\":\"WebPage\",\"@id\":\"https:\\\/\\\/www.amstelprinting.nl\\\/es\\\/tienda\\\/publicidad-interior\\\/minorista\\\/funda-para-arco-de-seguridad\\\/\",\"url\":\"https:\\\/\\\/www.amstelprinting.nl\\\/es\\\/tienda\\\/publicidad-interior\\\/minorista\\\/funda-para-arco-de-seguridad\\\/\",\"name\":\"Funda para arco de seguridad \u2013 Proteja y fortalezca su marca con estilo\",\"isPartOf\":{\"@id\":\"https:\\\/\\\/www.amstelprinting.nl\\\/es\\\/#website\"},\"primaryImageOfPage\":{\"@id\":\"https:\\\/\\\/www.amstelprinting.nl\\\/es\\\/tienda\\\/publicidad-interior\\\/minorista\\\/funda-para-arco-de-seguridad\\\/#primaryimage\"},\"image\":{\"@id\":\"https:\\\/\\\/www.amstelprinting.nl\\\/es\\\/tienda\\\/publicidad-interior\\\/minorista\\\/funda-para-arco-de-seguridad\\\/#primaryimage\"},\"thumbnailUrl\":\"https:\\\/\\\/www.amstelprinting.nl\\\/wp-content\\\/uploads\\\/detectiepoort-hoes-bedrukken-4.png\",\"datePublished\":\"2025-01-24T10:23:02+00:00\",\"dateModified\":\"2026-02-18T11:48:30+00:00\",\"description\":\"D\u00e9 a su arco de seguridad un aspecto profesional con una funda para arco de seguridad personalizada. Impresiones a doble cara n\u00edtidas, ajuste perfecto e ign\u00edfugo.\",\"breadcrumb\":{\"@id\":\"https:\\\/\\\/www.amstelprinting.nl\\\/es\\\/tienda\\\/publicidad-interior\\\/minorista\\\/funda-para-arco-de-seguridad\\\/#breadcrumb\"},\"inLanguage\":\"es\",\"potentialAction\":[{\"@type\":\"ReadAction\",\"target\":[\"https:\\\/\\\/www.amstelprinting.nl\\\/es\\\/tienda\\\/publicidad-interior\\\/minorista\\\/funda-para-arco-de-seguridad\\\/\"]}]},{\"@type\":\"ImageObject\",\"inLanguage\":\"es\",\"@id\":\"https:\\\/\\\/www.amstelprinting.nl\\\/es\\\/tienda\\\/publicidad-interior\\\/minorista\\\/funda-para-arco-de-seguridad\\\/#primaryimage\",\"url\":\"https:\\\/\\\/www.amstelprinting.nl\\\/wp-content\\\/uploads\\\/detectiepoort-hoes-bedrukken-4.png\",\"contentUrl\":\"https:\\\/\\\/www.amstelprinting.nl\\\/wp-content\\\/uploads\\\/detectiepoort-hoes-bedrukken-4.png\",\"width\":900,\"height\":900},{\"@type\":\"BreadcrumbList\",\"@id\":\"https:\\\/\\\/www.amstelprinting.nl\\\/es\\\/tienda\\\/publicidad-interior\\\/minorista\\\/funda-para-arco-de-seguridad\\\/#breadcrumb\",\"itemListElement\":[{\"@type\":\"ListItem\",\"position\":1,\"name\":\"\",\"item\":\"https:\\\/\\\/www.amstelprinting.nl\\\/es\\\/\"},{\"@type\":\"ListItem\",\"position\":2,\"name\":\"Amstel Printing\",\"item\":\"https:\\\/\\\/www.amstelprinting.nl\\\/es\\\/comercio\\\/\"},{\"@type\":\"ListItem\",\"position\":3,\"name\":\"Publicidad interior\",\"item\":\"https:\\\/\\\/www.amstelprinting.nl\\\/es\\\/categor\u00eda\\\/publicidad-interior\\\/\"},{\"@type\":\"ListItem\",\"position\":4,\"name\":\"Minorista\",\"item\":\"https:\\\/\\\/www.amstelprinting.nl\\\/es\\\/categor\u00eda\\\/publicidad-interior\\\/minorista\\\/\"},{\"@type\":\"ListItem\",\"position\":5,\"name\":\"Funda para arco de seguridad\"}]},{\"@type\":\"WebSite\",\"@id\":\"https:\\\/\\\/www.amstelprinting.nl\\\/es\\\/#website\",\"url\":\"https:\\\/\\\/www.amstelprinting.nl\\\/es\\\/\",\"name\":\"Amstel Printing\",\"description\":\"Creating Exposure\",\"publisher\":{\"@id\":\"https:\\\/\\\/www.amstelprinting.nl\\\/es\\\/#organization\"},\"potentialAction\":[{\"@type\":\"SearchAction\",\"target\":{\"@type\":\"EntryPoint\",\"urlTemplate\":\"https:\\\/\\\/www.amstelprinting.nl\\\/es\\\/?s={search_term_string}\"},\"query-input\":{\"@type\":\"PropertyValueSpecification\",\"valueRequired\":true,\"valueName\":\"search_term_string\"}}],\"inLanguage\":\"es\"},{\"@type\":\"Organization\",\"@id\":\"https:\\\/\\\/www.amstelprinting.nl\\\/es\\\/#organization\",\"name\":\"Amstel Printing\",\"url\":\"https:\\\/\\\/www.amstelprinting.nl\\\/es\\\/\",\"logo\":{\"@type\":\"ImageObject\",\"inLanguage\":\"es\",\"@id\":\"https:\\\/\\\/www.amstelprinting.nl\\\/es\\\/#\\\/schema\\\/logo\\\/image\\\/\",\"url\":\"https:\\\/\\\/www.amstelprinting.nl\\\/wp-content\\\/uploads\\\/amstel_printing_logo_clean.png\",\"contentUrl\":\"https:\\\/\\\/www.amstelprinting.nl\\\/wp-content\\\/uploads\\\/amstel_printing_logo_clean.png\",\"width\":324,\"height\":73,\"caption\":\"Amstel Printing\"},\"image\":{\"@id\":\"https:\\\/\\\/www.amstelprinting.nl\\\/es\\\/#\\\/schema\\\/logo\\\/image\\\/\"}}]}<\/script>\n<!-- \/ Yoast SEO plugin. -->","yoast_head_json":{"title":"Funda para arco de seguridad \u2013 Proteja y fortalezca su marca con estilo","description":"D\u00e9 a su arco de seguridad un aspecto profesional con una funda para arco de seguridad personalizada. Impresiones a doble cara n\u00edtidas, ajuste perfecto e ign\u00edfugo.","robots":{"index":"index","follow":"follow","max-snippet":"max-snippet:-1","max-image-preview":"max-image-preview:large","max-video-preview":"max-video-preview:-1"},"canonical":"https:\/\/www.amstelprinting.nl\/es\/tienda\/publicidad-interior\/minorista\/funda-para-arco-de-seguridad\/","og_locale":"es_ES","og_type":"article","og_title":"Funda para arco de seguridad \u2013 Proteja y fortalezca su marca con estilo","og_description":"D\u00e9 a su arco de seguridad un aspecto profesional con una funda para arco de seguridad personalizada. Impresiones a doble cara n\u00edtidas, ajuste perfecto e ign\u00edfugo.","og_url":"https:\/\/www.amstelprinting.nl\/es\/tienda\/publicidad-interior\/minorista\/funda-para-arco-de-seguridad\/","og_site_name":"Amstel Printing","article_modified_time":"2026-02-18T11:48:30+00:00","og_image":[{"width":900,"height":900,"url":"https:\/\/www.amstelprinting.nl\/wp-content\/uploads\/detectiepoort-hoes-bedrukken-4.png","type":"image\/png"}],"twitter_card":"summary_large_image","twitter_misc":{"Tiempo de lectura":"2 minutos"},"schema":{"@context":"https:\/\/schema.org","@graph":[{"@type":"WebPage","@id":"https:\/\/www.amstelprinting.nl\/es\/tienda\/publicidad-interior\/minorista\/funda-para-arco-de-seguridad\/","url":"https:\/\/www.amstelprinting.nl\/es\/tienda\/publicidad-interior\/minorista\/funda-para-arco-de-seguridad\/","name":"Funda para arco de seguridad \u2013 Proteja y fortalezca su marca con estilo","isPartOf":{"@id":"https:\/\/www.amstelprinting.nl\/es\/#website"},"primaryImageOfPage":{"@id":"https:\/\/www.amstelprinting.nl\/es\/tienda\/publicidad-interior\/minorista\/funda-para-arco-de-seguridad\/#primaryimage"},"image":{"@id":"https:\/\/www.amstelprinting.nl\/es\/tienda\/publicidad-interior\/minorista\/funda-para-arco-de-seguridad\/#primaryimage"},"thumbnailUrl":"https:\/\/www.amstelprinting.nl\/wp-content\/uploads\/detectiepoort-hoes-bedrukken-4.png","datePublished":"2025-01-24T10:23:02+00:00","dateModified":"2026-02-18T11:48:30+00:00","description":"D\u00e9 a su arco de seguridad un aspecto profesional con una funda para arco de seguridad personalizada. Impresiones a doble cara n\u00edtidas, ajuste perfecto e ign\u00edfugo.","breadcrumb":{"@id":"https:\/\/www.amstelprinting.nl\/es\/tienda\/publicidad-interior\/minorista\/funda-para-arco-de-seguridad\/#breadcrumb"},"inLanguage":"es","potentialAction":[{"@type":"ReadAction","target":["https:\/\/www.amstelprinting.nl\/es\/tienda\/publicidad-interior\/minorista\/funda-para-arco-de-seguridad\/"]}]},{"@type":"ImageObject","inLanguage":"es","@id":"https:\/\/www.amstelprinting.nl\/es\/tienda\/publicidad-interior\/minorista\/funda-para-arco-de-seguridad\/#primaryimage","url":"https:\/\/www.amstelprinting.nl\/wp-content\/uploads\/detectiepoort-hoes-bedrukken-4.png","contentUrl":"https:\/\/www.amstelprinting.nl\/wp-content\/uploads\/detectiepoort-hoes-bedrukken-4.png","width":900,"height":900},{"@type":"BreadcrumbList","@id":"https:\/\/www.amstelprinting.nl\/es\/tienda\/publicidad-interior\/minorista\/funda-para-arco-de-seguridad\/#breadcrumb","itemListElement":[{"@type":"ListItem","position":1,"name":"","item":"https:\/\/www.amstelprinting.nl\/es\/"},{"@type":"ListItem","position":2,"name":"Amstel Printing","item":"https:\/\/www.amstelprinting.nl\/es\/comercio\/"},{"@type":"ListItem","position":3,"name":"Publicidad interior","item":"https:\/\/www.amstelprinting.nl\/es\/categor\u00eda\/publicidad-interior\/"},{"@type":"ListItem","position":4,"name":"Minorista","item":"https:\/\/www.amstelprinting.nl\/es\/categor\u00eda\/publicidad-interior\/minorista\/"},{"@type":"ListItem","position":5,"name":"Funda para arco de seguridad"}]},{"@type":"WebSite","@id":"https:\/\/www.amstelprinting.nl\/es\/#website","url":"https:\/\/www.amstelprinting.nl\/es\/","name":"Amstel Printing","description":"Creating Exposure","publisher":{"@id":"https:\/\/www.amstelprinting.nl\/es\/#organization"},"potentialAction":[{"@type":"SearchAction","target":{"@type":"EntryPoint","urlTemplate":"https:\/\/www.amstelprinting.nl\/es\/?s={search_term_string}"},"query-input":{"@type":"PropertyValueSpecification","valueRequired":true,"valueName":"search_term_string"}}],"inLanguage":"es"},{"@type":"Organization","@id":"https:\/\/www.amstelprinting.nl\/es\/#organization","name":"Amstel Printing","url":"https:\/\/www.amstelprinting.nl\/es\/","logo":{"@type":"ImageObject","inLanguage":"es","@id":"https:\/\/www.amstelprinting.nl\/es\/#\/schema\/logo\/image\/","url":"https:\/\/www.amstelprinting.nl\/wp-content\/uploads\/amstel_printing_logo_clean.png","contentUrl":"https:\/\/www.amstelprinting.nl\/wp-content\/uploads\/amstel_printing_logo_clean.png","width":324,"height":73,"caption":"Amstel Printing"},"image":{"@id":"https:\/\/www.amstelprinting.nl\/es\/#\/schema\/logo\/image\/"}}]}},"_links":{"self":[{"href":"https:\/\/www.amstelprinting.nl\/es\/wp-json\/wp\/v2\/product\/15142","targetHints":{"allow":["GET"]}}],"collection":[{"href":"https:\/\/www.amstelprinting.nl\/es\/wp-json\/wp\/v2\/product"}],"about":[{"href":"https:\/\/www.amstelprinting.nl\/es\/wp-json\/wp\/v2\/types\/product"}],"wp:featuredmedia":[{"embeddable":true,"href":"https:\/\/www.amstelprinting.nl\/es\/wp-json\/wp\/v2\/media\/15144"}],"wp:attachment":[{"href":"https:\/\/www.amstelprinting.nl\/es\/wp-json\/wp\/v2\/media?parent=15142"}],"wp:term":[{"taxonomy":"product_brand","embeddable":true,"href":"https:\/\/www.amstelprinting.nl\/es\/wp-json\/wp\/v2\/product_brand?post=15142"},{"taxonomy":"product_cat","embeddable":true,"href":"https:\/\/www.amstelprinting.nl\/es\/wp-json\/wp\/v2\/product_cat?post=15142"},{"taxonomy":"product_tag","embeddable":true,"href":"https:\/\/www.amstelprinting.nl\/es\/wp-json\/wp\/v2\/product_tag?post=15142"}],"curies":[{"name":"wp","href":"https:\/\/api.w.org\/{rel}","templated":true}]}}