{"id":15153,"date":"2025-01-24T11:22:55","date_gmt":"2025-01-24T10:22:55","guid":{"rendered":"https:\/\/www.amstelprinting.nl\/winkel\/sin%20categor\u00eda\/gebogen-pop-up-wand\/"},"modified":"2026-02-18T12:48:30","modified_gmt":"2026-02-18T11:48:30","slug":"muro-pop-up-curvo","status":"publish","type":"product","link":"https:\/\/www.amstelprinting.nl\/es\/tienda\/feria-y-evento\/muros-de-exposicion\/muro-pop-up-curvo\/","title":{"rendered":"Muro pop-up curvo"},"content":{"rendered":"<h3>Formatos: Medium o Large<\/h3>\n<p>Elija entre dos formatos:<\/p>\n<ul>\n<li>Medium, con una impresi\u00f3n de 335,8 cm x 225,6 cm<\/li>\n<li>Large, con una impresi\u00f3n de 405,8 cm x 225,6 cm<\/li>\n<\/ul>\n<p>&nbsp;<\/p>\n<h3>Impresi\u00f3n de muro Pop-Up curvo: plantillas<\/h3>\n<p>En Descargas puede descargar las plantillas para ambos tama\u00f1os. Tambi\u00e9n puede subir su dise\u00f1o f\u00e1cilmente durante el proceso de pedido. Elija su propio dise\u00f1o o foto, o elija uno de nuestros 20.000 patrones est\u00e1ndar.<\/p>\n<h3>Material del sistema<\/h3>\n<p>Nuestro muro pop-up curvo est\u00e1 fabricado con PVC flexible de alta calidad, un material que destaca tanto por su flexibilidad como por su durabilidad. El material tambi\u00e9n es f\u00e1cil de mantener y limpiar, lo que lo hace ideal para la reutilizaci\u00f3n y el uso a largo plazo.<\/p>\n<h3>Montaje del Muro Pop-up Curvo<\/h3>\n<p>Cada muro pop-up est\u00e1 cuidadosamente acabado con un perfil de suspensi\u00f3n y tiras magn\u00e9ticas. Esto garantiza un montaje r\u00e1pido y sencillo, permitiendo que la lona permanezca en su lugar sin esfuerzo y ofrezca una presentaci\u00f3n impecable sin pliegues ni arrugas.<\/p>\n<h3>Almacenamiento y transporte<\/h3>\n<p>El muro de feria pop-up curvo se entrega con un trolley con ruedas, lo que le permite transportarlo f\u00e1cilmente a su pr\u00f3ximo evento o feria. Adem\u00e1s, hay varios accesorios disponibles, incluyendo iluminaci\u00f3n LED para una visibilidad \u00f3ptima.<\/p>\n","protected":false},"excerpt":{"rendered":"<h3>Muro de presentaci\u00f3n completo. Compacto: incluye trolley.<\/h3>\n<p>Impresione a su p\u00fablico con nuestro muro pop-up curvo, una combinaci\u00f3n perfecta de sencillez e impacto. El muro de feria curvo est\u00e1 dise\u00f1ado para una instalaci\u00f3n sin esfuerzo y tambi\u00e9n es f\u00e1cil de transportar con la ayuda del trolley incluido. Elija entre un set completo con lona y marco o pida solo una lona suelta.<\/p>\n","protected":false},"featured_media":15154,"template":"","meta":{"_et_pb_use_builder":"","_et_pb_old_content":"","_et_gb_content_width":""},"product_brand":[],"product_cat":[431,414],"product_tag":[],"class_list":{"0":"post-15153","1":"product","2":"type-product","3":"status-publish","4":"has-post-thumbnail","6":"product_cat-feria-y-evento","7":"product_cat-muros-de-exposicion","9":"first","10":"instock","11":"taxable","12":"shipping-taxable","13":"purchasable","14":"product-type-simple"},"yoast_head":"<!-- This site is optimized with the Yoast SEO plugin v27.3 - https:\/\/yoast.com\/product\/yoast-seo-wordpress\/ -->\n<title>Muro Pop-up Curvo \u2013 Montaje R\u00e1pido y Presentaci\u00f3n Profesional<\/title>\n<meta name=\"description\" content=\"Cree una experiencia de marca impresionante con el muro pop-up curvo flexible. Impresiones a todo color n\u00edtidas: perfectas para cualquier evento empresarial.\" \/>\n<meta name=\"robots\" content=\"index, follow, max-snippet:-1, max-image-preview:large, max-video-preview:-1\" \/>\n<link rel=\"canonical\" href=\"https:\/\/www.amstelprinting.nl\/es\/tienda\/feria-y-evento\/muros-de-exposicion\/muro-pop-up-curvo\/\" \/>\n<meta property=\"og:locale\" content=\"es_ES\" \/>\n<meta property=\"og:type\" content=\"article\" \/>\n<meta property=\"og:title\" content=\"Muro Pop-up Curvo \u2013 Montaje R\u00e1pido y Presentaci\u00f3n Profesional\" \/>\n<meta property=\"og:description\" content=\"Cree una experiencia de marca impresionante con el muro pop-up curvo flexible. Impresiones a todo color n\u00edtidas: perfectas para cualquier evento empresarial.\" \/>\n<meta property=\"og:url\" content=\"https:\/\/www.amstelprinting.nl\/es\/tienda\/feria-y-evento\/muros-de-exposicion\/muro-pop-up-curvo\/\" \/>\n<meta property=\"og:site_name\" content=\"Amstel Printing\" \/>\n<meta property=\"article:modified_time\" content=\"2026-02-18T11:48:30+00:00\" \/>\n<meta property=\"og:image\" content=\"https:\/\/www.amstelprinting.nl\/wp-content\/uploads\/gebogen-pop-up-wand-bedrukken.png\" \/>\n\t<meta property=\"og:image:width\" content=\"900\" \/>\n\t<meta property=\"og:image:height\" content=\"900\" \/>\n\t<meta property=\"og:image:type\" content=\"image\/png\" \/>\n<meta name=\"twitter:card\" content=\"summary_large_image\" \/>\n<meta name=\"twitter:label1\" content=\"Tiempo de lectura\" \/>\n\t<meta name=\"twitter:data1\" content=\"1 minuto\" \/>\n<script type=\"application\/ld+json\" class=\"yoast-schema-graph\">{\"@context\":\"https:\\\/\\\/schema.org\",\"@graph\":[{\"@type\":\"WebPage\",\"@id\":\"https:\\\/\\\/www.amstelprinting.nl\\\/es\\\/tienda\\\/feria-y-evento\\\/muros-de-exposicion\\\/muro-pop-up-curvo\\\/\",\"url\":\"https:\\\/\\\/www.amstelprinting.nl\\\/es\\\/tienda\\\/feria-y-evento\\\/muros-de-exposicion\\\/muro-pop-up-curvo\\\/\",\"name\":\"Muro Pop-up Curvo \u2013 Montaje R\u00e1pido y Presentaci\u00f3n Profesional\",\"isPartOf\":{\"@id\":\"https:\\\/\\\/www.amstelprinting.nl\\\/es\\\/#website\"},\"primaryImageOfPage\":{\"@id\":\"https:\\\/\\\/www.amstelprinting.nl\\\/es\\\/tienda\\\/feria-y-evento\\\/muros-de-exposicion\\\/muro-pop-up-curvo\\\/#primaryimage\"},\"image\":{\"@id\":\"https:\\\/\\\/www.amstelprinting.nl\\\/es\\\/tienda\\\/feria-y-evento\\\/muros-de-exposicion\\\/muro-pop-up-curvo\\\/#primaryimage\"},\"thumbnailUrl\":\"https:\\\/\\\/www.amstelprinting.nl\\\/wp-content\\\/uploads\\\/gebogen-pop-up-wand-bedrukken.png\",\"datePublished\":\"2025-01-24T10:22:55+00:00\",\"dateModified\":\"2026-02-18T11:48:30+00:00\",\"description\":\"Cree una experiencia de marca impresionante con el muro pop-up curvo flexible. Impresiones a todo color n\u00edtidas: perfectas para cualquier evento empresarial.\",\"breadcrumb\":{\"@id\":\"https:\\\/\\\/www.amstelprinting.nl\\\/es\\\/tienda\\\/feria-y-evento\\\/muros-de-exposicion\\\/muro-pop-up-curvo\\\/#breadcrumb\"},\"inLanguage\":\"es\",\"potentialAction\":[{\"@type\":\"ReadAction\",\"target\":[\"https:\\\/\\\/www.amstelprinting.nl\\\/es\\\/tienda\\\/feria-y-evento\\\/muros-de-exposicion\\\/muro-pop-up-curvo\\\/\"]}]},{\"@type\":\"ImageObject\",\"inLanguage\":\"es\",\"@id\":\"https:\\\/\\\/www.amstelprinting.nl\\\/es\\\/tienda\\\/feria-y-evento\\\/muros-de-exposicion\\\/muro-pop-up-curvo\\\/#primaryimage\",\"url\":\"https:\\\/\\\/www.amstelprinting.nl\\\/wp-content\\\/uploads\\\/gebogen-pop-up-wand-bedrukken.png\",\"contentUrl\":\"https:\\\/\\\/www.amstelprinting.nl\\\/wp-content\\\/uploads\\\/gebogen-pop-up-wand-bedrukken.png\",\"width\":900,\"height\":900},{\"@type\":\"BreadcrumbList\",\"@id\":\"https:\\\/\\\/www.amstelprinting.nl\\\/es\\\/tienda\\\/feria-y-evento\\\/muros-de-exposicion\\\/muro-pop-up-curvo\\\/#breadcrumb\",\"itemListElement\":[{\"@type\":\"ListItem\",\"position\":1,\"name\":\"\",\"item\":\"https:\\\/\\\/www.amstelprinting.nl\\\/es\\\/\"},{\"@type\":\"ListItem\",\"position\":2,\"name\":\"Amstel Printing\",\"item\":\"https:\\\/\\\/www.amstelprinting.nl\\\/es\\\/comercio\\\/\"},{\"@type\":\"ListItem\",\"position\":3,\"name\":\"Feria y evento\",\"item\":\"https:\\\/\\\/www.amstelprinting.nl\\\/es\\\/categor\u00eda\\\/feria-y-evento\\\/\"},{\"@type\":\"ListItem\",\"position\":4,\"name\":\"Muros de exposici\u00f3n\",\"item\":\"https:\\\/\\\/www.amstelprinting.nl\\\/es\\\/categor\u00eda\\\/feria-y-evento\\\/muros-de-exposicion\\\/\"},{\"@type\":\"ListItem\",\"position\":5,\"name\":\"Muro pop-up curvo\"}]},{\"@type\":\"WebSite\",\"@id\":\"https:\\\/\\\/www.amstelprinting.nl\\\/es\\\/#website\",\"url\":\"https:\\\/\\\/www.amstelprinting.nl\\\/es\\\/\",\"name\":\"Amstel Printing\",\"description\":\"Creating Exposure\",\"publisher\":{\"@id\":\"https:\\\/\\\/www.amstelprinting.nl\\\/es\\\/#organization\"},\"potentialAction\":[{\"@type\":\"SearchAction\",\"target\":{\"@type\":\"EntryPoint\",\"urlTemplate\":\"https:\\\/\\\/www.amstelprinting.nl\\\/es\\\/?s={search_term_string}\"},\"query-input\":{\"@type\":\"PropertyValueSpecification\",\"valueRequired\":true,\"valueName\":\"search_term_string\"}}],\"inLanguage\":\"es\"},{\"@type\":\"Organization\",\"@id\":\"https:\\\/\\\/www.amstelprinting.nl\\\/es\\\/#organization\",\"name\":\"Amstel Printing\",\"url\":\"https:\\\/\\\/www.amstelprinting.nl\\\/es\\\/\",\"logo\":{\"@type\":\"ImageObject\",\"inLanguage\":\"es\",\"@id\":\"https:\\\/\\\/www.amstelprinting.nl\\\/es\\\/#\\\/schema\\\/logo\\\/image\\\/\",\"url\":\"https:\\\/\\\/www.amstelprinting.nl\\\/wp-content\\\/uploads\\\/amstel_printing_logo_clean.png\",\"contentUrl\":\"https:\\\/\\\/www.amstelprinting.nl\\\/wp-content\\\/uploads\\\/amstel_printing_logo_clean.png\",\"width\":324,\"height\":73,\"caption\":\"Amstel Printing\"},\"image\":{\"@id\":\"https:\\\/\\\/www.amstelprinting.nl\\\/es\\\/#\\\/schema\\\/logo\\\/image\\\/\"}}]}<\/script>\n<!-- \/ Yoast SEO plugin. -->","yoast_head_json":{"title":"Muro Pop-up Curvo \u2013 Montaje R\u00e1pido y Presentaci\u00f3n Profesional","description":"Cree una experiencia de marca impresionante con el muro pop-up curvo flexible. Impresiones a todo color n\u00edtidas: perfectas para cualquier evento empresarial.","robots":{"index":"index","follow":"follow","max-snippet":"max-snippet:-1","max-image-preview":"max-image-preview:large","max-video-preview":"max-video-preview:-1"},"canonical":"https:\/\/www.amstelprinting.nl\/es\/tienda\/feria-y-evento\/muros-de-exposicion\/muro-pop-up-curvo\/","og_locale":"es_ES","og_type":"article","og_title":"Muro Pop-up Curvo \u2013 Montaje R\u00e1pido y Presentaci\u00f3n Profesional","og_description":"Cree una experiencia de marca impresionante con el muro pop-up curvo flexible. Impresiones a todo color n\u00edtidas: perfectas para cualquier evento empresarial.","og_url":"https:\/\/www.amstelprinting.nl\/es\/tienda\/feria-y-evento\/muros-de-exposicion\/muro-pop-up-curvo\/","og_site_name":"Amstel Printing","article_modified_time":"2026-02-18T11:48:30+00:00","og_image":[{"width":900,"height":900,"url":"https:\/\/www.amstelprinting.nl\/wp-content\/uploads\/gebogen-pop-up-wand-bedrukken.png","type":"image\/png"}],"twitter_card":"summary_large_image","twitter_misc":{"Tiempo de lectura":"1 minuto"},"schema":{"@context":"https:\/\/schema.org","@graph":[{"@type":"WebPage","@id":"https:\/\/www.amstelprinting.nl\/es\/tienda\/feria-y-evento\/muros-de-exposicion\/muro-pop-up-curvo\/","url":"https:\/\/www.amstelprinting.nl\/es\/tienda\/feria-y-evento\/muros-de-exposicion\/muro-pop-up-curvo\/","name":"Muro Pop-up Curvo \u2013 Montaje R\u00e1pido y Presentaci\u00f3n Profesional","isPartOf":{"@id":"https:\/\/www.amstelprinting.nl\/es\/#website"},"primaryImageOfPage":{"@id":"https:\/\/www.amstelprinting.nl\/es\/tienda\/feria-y-evento\/muros-de-exposicion\/muro-pop-up-curvo\/#primaryimage"},"image":{"@id":"https:\/\/www.amstelprinting.nl\/es\/tienda\/feria-y-evento\/muros-de-exposicion\/muro-pop-up-curvo\/#primaryimage"},"thumbnailUrl":"https:\/\/www.amstelprinting.nl\/wp-content\/uploads\/gebogen-pop-up-wand-bedrukken.png","datePublished":"2025-01-24T10:22:55+00:00","dateModified":"2026-02-18T11:48:30+00:00","description":"Cree una experiencia de marca impresionante con el muro pop-up curvo flexible. Impresiones a todo color n\u00edtidas: perfectas para cualquier evento empresarial.","breadcrumb":{"@id":"https:\/\/www.amstelprinting.nl\/es\/tienda\/feria-y-evento\/muros-de-exposicion\/muro-pop-up-curvo\/#breadcrumb"},"inLanguage":"es","potentialAction":[{"@type":"ReadAction","target":["https:\/\/www.amstelprinting.nl\/es\/tienda\/feria-y-evento\/muros-de-exposicion\/muro-pop-up-curvo\/"]}]},{"@type":"ImageObject","inLanguage":"es","@id":"https:\/\/www.amstelprinting.nl\/es\/tienda\/feria-y-evento\/muros-de-exposicion\/muro-pop-up-curvo\/#primaryimage","url":"https:\/\/www.amstelprinting.nl\/wp-content\/uploads\/gebogen-pop-up-wand-bedrukken.png","contentUrl":"https:\/\/www.amstelprinting.nl\/wp-content\/uploads\/gebogen-pop-up-wand-bedrukken.png","width":900,"height":900},{"@type":"BreadcrumbList","@id":"https:\/\/www.amstelprinting.nl\/es\/tienda\/feria-y-evento\/muros-de-exposicion\/muro-pop-up-curvo\/#breadcrumb","itemListElement":[{"@type":"ListItem","position":1,"name":"","item":"https:\/\/www.amstelprinting.nl\/es\/"},{"@type":"ListItem","position":2,"name":"Amstel Printing","item":"https:\/\/www.amstelprinting.nl\/es\/comercio\/"},{"@type":"ListItem","position":3,"name":"Feria y evento","item":"https:\/\/www.amstelprinting.nl\/es\/categor\u00eda\/feria-y-evento\/"},{"@type":"ListItem","position":4,"name":"Muros de exposici\u00f3n","item":"https:\/\/www.amstelprinting.nl\/es\/categor\u00eda\/feria-y-evento\/muros-de-exposicion\/"},{"@type":"ListItem","position":5,"name":"Muro pop-up curvo"}]},{"@type":"WebSite","@id":"https:\/\/www.amstelprinting.nl\/es\/#website","url":"https:\/\/www.amstelprinting.nl\/es\/","name":"Amstel Printing","description":"Creating Exposure","publisher":{"@id":"https:\/\/www.amstelprinting.nl\/es\/#organization"},"potentialAction":[{"@type":"SearchAction","target":{"@type":"EntryPoint","urlTemplate":"https:\/\/www.amstelprinting.nl\/es\/?s={search_term_string}"},"query-input":{"@type":"PropertyValueSpecification","valueRequired":true,"valueName":"search_term_string"}}],"inLanguage":"es"},{"@type":"Organization","@id":"https:\/\/www.amstelprinting.nl\/es\/#organization","name":"Amstel Printing","url":"https:\/\/www.amstelprinting.nl\/es\/","logo":{"@type":"ImageObject","inLanguage":"es","@id":"https:\/\/www.amstelprinting.nl\/es\/#\/schema\/logo\/image\/","url":"https:\/\/www.amstelprinting.nl\/wp-content\/uploads\/amstel_printing_logo_clean.png","contentUrl":"https:\/\/www.amstelprinting.nl\/wp-content\/uploads\/amstel_printing_logo_clean.png","width":324,"height":73,"caption":"Amstel Printing"},"image":{"@id":"https:\/\/www.amstelprinting.nl\/es\/#\/schema\/logo\/image\/"}}]}},"_links":{"self":[{"href":"https:\/\/www.amstelprinting.nl\/es\/wp-json\/wp\/v2\/product\/15153","targetHints":{"allow":["GET"]}}],"collection":[{"href":"https:\/\/www.amstelprinting.nl\/es\/wp-json\/wp\/v2\/product"}],"about":[{"href":"https:\/\/www.amstelprinting.nl\/es\/wp-json\/wp\/v2\/types\/product"}],"wp:featuredmedia":[{"embeddable":true,"href":"https:\/\/www.amstelprinting.nl\/es\/wp-json\/wp\/v2\/media\/15154"}],"wp:attachment":[{"href":"https:\/\/www.amstelprinting.nl\/es\/wp-json\/wp\/v2\/media?parent=15153"}],"wp:term":[{"taxonomy":"product_brand","embeddable":true,"href":"https:\/\/www.amstelprinting.nl\/es\/wp-json\/wp\/v2\/product_brand?post=15153"},{"taxonomy":"product_cat","embeddable":true,"href":"https:\/\/www.amstelprinting.nl\/es\/wp-json\/wp\/v2\/product_cat?post=15153"},{"taxonomy":"product_tag","embeddable":true,"href":"https:\/\/www.amstelprinting.nl\/es\/wp-json\/wp\/v2\/product_tag?post=15153"}],"curies":[{"name":"wp","href":"https:\/\/api.w.org\/{rel}","templated":true}]}}