{"id":15163,"date":"2025-01-24T11:22:47","date_gmt":"2025-01-24T10:22:47","guid":{"rendered":"https:\/\/www.amstelprinting.nl\/winkel\/sin%20categor\u00eda\/beurswanden\/"},"modified":"2026-02-18T12:48:30","modified_gmt":"2026-02-18T11:48:30","slug":"muros-feriales","status":"publish","type":"product","link":"https:\/\/www.amstelprinting.nl\/es\/tienda\/feria-y-evento\/muros-de-exposicion\/muros-feriales\/","title":{"rendered":"Muros feriales"},"content":{"rendered":"<h2><strong>Resumen de nuestros muros feriales<\/strong><\/h2>\n<h3>Muro Pop-up Recto<\/h3>\n<p>El muro pop-up recto ofrece un aspecto limpio y moderno con una impresi\u00f3n en Dekostof o Blackback Soft. Estos muros son perfectos para configuraciones rectas y ofrecen un excelente impacto visual. Con este modelo recibir\u00e1 una pr\u00e1ctica bolsa trolley.<\/p>\n<h3>Muro Pop-up Curvo<\/h3>\n<p>Nuestro muro pop-up curvo cuenta con una impresi\u00f3n en PVC flexible y su forma curva garantiza una presentaci\u00f3n visualmente atractiva y espaciosa. Incluye una pr\u00e1ctica maleta con ruedas para que pueda transportar y montar el muro f\u00e1cilmente en cualquier lugar.<\/p>\n<h3>Roll-up XXL<\/h3>\n<p>Para un impacto impresionante, nuestro roll-up XXL es la elecci\u00f3n perfecta. Con un ancho de impresi\u00f3n de 200 cm, es el hermano mayor del conocido banner Roll-up est\u00e1ndar. Este banner roll-up cuenta con una impresi\u00f3n en lona Airtex\u00ae (f\u00e1cil de usar y sin arrugas). Opcionalmente, el Roll-up XXL tambi\u00e9n puede fabricarse con una lona m\u00e1s respetuosa con el medio ambiente: Sanotext (\u00a1sin PVC!).<\/p>\n<p>A pesar de su tama\u00f1o, este gran banner roll-up es f\u00e1cil de transportar (por lo que es perfecto para ferias). El banner Roll-up XXL siempre se entrega con una bolsa de transporte compacta. En un abrir y cerrar de ojos, este banner Roll-up XXL est\u00e1 listo para su uso. \u00a1No necesita herramientas para su montaje! El banner Roll-up XXL est\u00e1 disponible en tres alturas diferentes (todas de 200 cm de ancho):<\/p>\n<ul>\n<li>200 x 200 cm (ancho x alto)<\/li>\n<li>200 x 250 cm (ancho x alto)<\/li>\n<li>200 x 300 cm (ancho x alto)<\/li>\n<\/ul>\n<p>El transporte sencillo y compacto son las razones principales por las que el banner Roll-up XXL es el favorito entre los expositores en ferias. Otro factor importante es que la lona es ign\u00edfuga y cuenta con un certificado B1 (a menudo requerido para uso profesional y promocional en interiores en espacios p\u00fablicos).<\/p>\n<h3>Muro Zipper<\/h3>\n<p>El muro Zipper (ligeramente curvo) ofrece una soluci\u00f3n vers\u00e1til y elegante para cualquier presentaci\u00f3n. La tela del muro Zipper est\u00e1 fabricada en Dekostof y est\u00e1 acabada en todo su per\u00edmetro con una resistente cremallera. Se pueden imprimir tanto la parte delantera como la trasera. El muro Zipper se entrega de serie en una pr\u00e1ctica bolsa. Este muro ferial de 230 cm de altura est\u00e1 disponible en tres anchos diferentes: 300 cm, 400 cm y 500 cm. \u00bfLa instalaci\u00f3n? Se hace en 5-10 minutos (sin herramientas).<\/p>\n<h3>Marco para ferias<\/h3>\n<p>Para una soluci\u00f3n sencilla y robusta, elija nuestro marco para ferias. Este s\u00f3lido marco de aluminio ofrece una base flexible para su presentaci\u00f3n y puede adaptarse f\u00e1cilmente con impresiones sueltas que pueden pedirse por separado.<\/p>\n<h3>Muro ferial modular: De Inhaker\u00ae<\/h3>\n<p>Cuando se desea modularidad, los magn\u00edficos sistemas s\u00f3lidos de De Inhaker\u00ae ofrecen la soluci\u00f3n. Con el muro ferial De Inhaker\u00ae se pueden realizar infinitas combinaciones. Conecte varios muros feriales entre s\u00ed para crear una longitud infinita de paredes. Tambi\u00e9n se pueden realizar f\u00e1cilmente combinaciones en esquina con De Inhaker\u00ae. Equipado con impresi\u00f3n a doble cara. Y el montaje se completa en solo 15 minutos. Combine y dise\u00f1e aqu\u00ed su muro ferial modular a su gusto.<\/p>\n<h3>Materiales<\/h3>\n<ul>\n<li><strong>PVC Flexible<\/strong>: un material que destaca tanto por su flexibilidad como por su durabilidad. El material tambi\u00e9n es f\u00e1cil de mantener y limpiar, lo que lo hace ideal para su reutilizaci\u00f3n y tambi\u00e9n para un uso prolongado.<\/li>\n<li><strong>Dekostof<\/strong>: este tejido ofrece una reproducci\u00f3n crom\u00e1tica asombrosa que hace que cada imagen sea realmente viva y vibrante. El acabado mate evita reflejos no deseados, por lo que su impresi\u00f3n permanece siempre claramente visible. Incluye certificado B1.<\/li>\n<li><strong>Blackback Soft<\/strong>: una lona de poli\u00e9ster opaca (block-out) con el reverso negro (para evitar que pase la luz).<\/li>\n<li><strong>Airtex\u00ae<\/strong>: esta lona de PVC sin arrugas de 330 gr.\/m\u00b2 es f\u00e1cil de usar y tiene certificaci\u00f3n B1 de resistencia al fuego, lo que la hace perfecta para ferias y eventos.<\/li>\n<\/ul>\n<p>&nbsp;<\/p>\n<h3>Repedido de lonas<\/h3>\n<p>La inversi\u00f3n que realiza al adquirir un producto para ferias es una inversi\u00f3n a largo plazo. Para el muro zipper, los muros pop-up curvos y rectos y el marco para ferias, puede pedir impresiones sueltas. Esto permite renovar regularmente su muro ferial y adaptarlo a diferentes campa\u00f1as o eventos. Cree f\u00e1cilmente su propio dise\u00f1o utilizando las plantillas disponibles en nuestras descargas o elija uno de nuestros dise\u00f1os existentes.<\/p>\n","protected":false},"excerpt":{"rendered":"<p>Una feria o evento de \u00e9xito comienza con una presentaci\u00f3n visual potente. Nuestros muros feriales ofrecen la soluci\u00f3n perfecta para que su stand destaque y transmita su mensaje con fuerza. \u00a1Configure su muro ferial con impresi\u00f3n en pocos pasos a continuaci\u00f3n!<\/p>\n","protected":false},"featured_media":15164,"template":"","meta":{"_et_pb_use_builder":"","_et_pb_old_content":"","_et_gb_content_width":""},"product_brand":[],"product_cat":[431,414],"product_tag":[],"class_list":{"0":"post-15163","1":"product","2":"type-product","3":"status-publish","4":"has-post-thumbnail","6":"product_cat-feria-y-evento","7":"product_cat-muros-de-exposicion","9":"first","10":"instock","11":"taxable","12":"shipping-taxable","13":"purchasable","14":"product-type-simple"},"yoast_head":"<!-- This site is optimized with the Yoast SEO plugin v27.3 - https:\/\/yoast.com\/product\/yoast-seo-wordpress\/ -->\n<title>Muros feriales para una exposici\u00f3n m\u00e1xima \u2013 Completos y entrega r\u00e1pida<\/title>\n<meta name=\"description\" content=\"Descubra el muro ferial perfecto para su presentaci\u00f3n: elija entre 5 tipos, dise\u00f1o propio, listos para el transporte con trolleys o maletas y opci\u00f3n de iluminaci\u00f3n LED.\" \/>\n<meta name=\"robots\" content=\"index, follow, max-snippet:-1, max-image-preview:large, max-video-preview:-1\" \/>\n<link rel=\"canonical\" href=\"https:\/\/www.amstelprinting.nl\/es\/tienda\/feria-y-evento\/muros-de-exposicion\/muros-feriales\/\" \/>\n<meta property=\"og:locale\" content=\"es_ES\" \/>\n<meta property=\"og:type\" content=\"article\" \/>\n<meta property=\"og:title\" content=\"Muros feriales para una exposici\u00f3n m\u00e1xima \u2013 Completos y entrega r\u00e1pida\" \/>\n<meta property=\"og:description\" content=\"Descubra el muro ferial perfecto para su presentaci\u00f3n: elija entre 5 tipos, dise\u00f1o propio, listos para el transporte con trolleys o maletas y opci\u00f3n de iluminaci\u00f3n LED.\" \/>\n<meta property=\"og:url\" content=\"https:\/\/www.amstelprinting.nl\/es\/tienda\/feria-y-evento\/muros-de-exposicion\/muros-feriales\/\" \/>\n<meta property=\"og:site_name\" content=\"Amstel Printing\" \/>\n<meta property=\"article:modified_time\" content=\"2026-02-18T11:48:30+00:00\" \/>\n<meta property=\"og:image\" content=\"https:\/\/www.amstelprinting.nl\/wp-content\/uploads\/Beurswanden.jpg\" \/>\n\t<meta property=\"og:image:width\" content=\"700\" \/>\n\t<meta property=\"og:image:height\" content=\"700\" \/>\n\t<meta property=\"og:image:type\" content=\"image\/jpeg\" \/>\n<meta name=\"twitter:card\" content=\"summary_large_image\" \/>\n<meta name=\"twitter:label1\" content=\"Tiempo de lectura\" \/>\n\t<meta name=\"twitter:data1\" content=\"4 minutos\" \/>\n<script type=\"application\/ld+json\" class=\"yoast-schema-graph\">{\"@context\":\"https:\\\/\\\/schema.org\",\"@graph\":[{\"@type\":\"WebPage\",\"@id\":\"https:\\\/\\\/www.amstelprinting.nl\\\/es\\\/tienda\\\/feria-y-evento\\\/muros-de-exposicion\\\/muros-feriales\\\/\",\"url\":\"https:\\\/\\\/www.amstelprinting.nl\\\/es\\\/tienda\\\/feria-y-evento\\\/muros-de-exposicion\\\/muros-feriales\\\/\",\"name\":\"Muros feriales para una exposici\u00f3n m\u00e1xima \u2013 Completos y entrega r\u00e1pida\",\"isPartOf\":{\"@id\":\"https:\\\/\\\/www.amstelprinting.nl\\\/es\\\/#website\"},\"primaryImageOfPage\":{\"@id\":\"https:\\\/\\\/www.amstelprinting.nl\\\/es\\\/tienda\\\/feria-y-evento\\\/muros-de-exposicion\\\/muros-feriales\\\/#primaryimage\"},\"image\":{\"@id\":\"https:\\\/\\\/www.amstelprinting.nl\\\/es\\\/tienda\\\/feria-y-evento\\\/muros-de-exposicion\\\/muros-feriales\\\/#primaryimage\"},\"thumbnailUrl\":\"https:\\\/\\\/www.amstelprinting.nl\\\/wp-content\\\/uploads\\\/Beurswanden.jpg\",\"datePublished\":\"2025-01-24T10:22:47+00:00\",\"dateModified\":\"2026-02-18T11:48:30+00:00\",\"description\":\"Descubra el muro ferial perfecto para su presentaci\u00f3n: elija entre 5 tipos, dise\u00f1o propio, listos para el transporte con trolleys o maletas y opci\u00f3n de iluminaci\u00f3n LED.\",\"breadcrumb\":{\"@id\":\"https:\\\/\\\/www.amstelprinting.nl\\\/es\\\/tienda\\\/feria-y-evento\\\/muros-de-exposicion\\\/muros-feriales\\\/#breadcrumb\"},\"inLanguage\":\"es\",\"potentialAction\":[{\"@type\":\"ReadAction\",\"target\":[\"https:\\\/\\\/www.amstelprinting.nl\\\/es\\\/tienda\\\/feria-y-evento\\\/muros-de-exposicion\\\/muros-feriales\\\/\"]}]},{\"@type\":\"ImageObject\",\"inLanguage\":\"es\",\"@id\":\"https:\\\/\\\/www.amstelprinting.nl\\\/es\\\/tienda\\\/feria-y-evento\\\/muros-de-exposicion\\\/muros-feriales\\\/#primaryimage\",\"url\":\"https:\\\/\\\/www.amstelprinting.nl\\\/wp-content\\\/uploads\\\/Beurswanden.jpg\",\"contentUrl\":\"https:\\\/\\\/www.amstelprinting.nl\\\/wp-content\\\/uploads\\\/Beurswanden.jpg\",\"width\":700,\"height\":700},{\"@type\":\"BreadcrumbList\",\"@id\":\"https:\\\/\\\/www.amstelprinting.nl\\\/es\\\/tienda\\\/feria-y-evento\\\/muros-de-exposicion\\\/muros-feriales\\\/#breadcrumb\",\"itemListElement\":[{\"@type\":\"ListItem\",\"position\":1,\"name\":\"\",\"item\":\"https:\\\/\\\/www.amstelprinting.nl\\\/es\\\/\"},{\"@type\":\"ListItem\",\"position\":2,\"name\":\"Amstel Printing\",\"item\":\"https:\\\/\\\/www.amstelprinting.nl\\\/es\\\/comercio\\\/\"},{\"@type\":\"ListItem\",\"position\":3,\"name\":\"Feria y evento\",\"item\":\"https:\\\/\\\/www.amstelprinting.nl\\\/es\\\/categor\u00eda\\\/feria-y-evento\\\/\"},{\"@type\":\"ListItem\",\"position\":4,\"name\":\"Muros de exposici\u00f3n\",\"item\":\"https:\\\/\\\/www.amstelprinting.nl\\\/es\\\/categor\u00eda\\\/feria-y-evento\\\/muros-de-exposicion\\\/\"},{\"@type\":\"ListItem\",\"position\":5,\"name\":\"Muros feriales\"}]},{\"@type\":\"WebSite\",\"@id\":\"https:\\\/\\\/www.amstelprinting.nl\\\/es\\\/#website\",\"url\":\"https:\\\/\\\/www.amstelprinting.nl\\\/es\\\/\",\"name\":\"Amstel Printing\",\"description\":\"Creating Exposure\",\"publisher\":{\"@id\":\"https:\\\/\\\/www.amstelprinting.nl\\\/es\\\/#organization\"},\"potentialAction\":[{\"@type\":\"SearchAction\",\"target\":{\"@type\":\"EntryPoint\",\"urlTemplate\":\"https:\\\/\\\/www.amstelprinting.nl\\\/es\\\/?s={search_term_string}\"},\"query-input\":{\"@type\":\"PropertyValueSpecification\",\"valueRequired\":true,\"valueName\":\"search_term_string\"}}],\"inLanguage\":\"es\"},{\"@type\":\"Organization\",\"@id\":\"https:\\\/\\\/www.amstelprinting.nl\\\/es\\\/#organization\",\"name\":\"Amstel Printing\",\"url\":\"https:\\\/\\\/www.amstelprinting.nl\\\/es\\\/\",\"logo\":{\"@type\":\"ImageObject\",\"inLanguage\":\"es\",\"@id\":\"https:\\\/\\\/www.amstelprinting.nl\\\/es\\\/#\\\/schema\\\/logo\\\/image\\\/\",\"url\":\"https:\\\/\\\/www.amstelprinting.nl\\\/wp-content\\\/uploads\\\/amstel_printing_logo_clean.png\",\"contentUrl\":\"https:\\\/\\\/www.amstelprinting.nl\\\/wp-content\\\/uploads\\\/amstel_printing_logo_clean.png\",\"width\":324,\"height\":73,\"caption\":\"Amstel Printing\"},\"image\":{\"@id\":\"https:\\\/\\\/www.amstelprinting.nl\\\/es\\\/#\\\/schema\\\/logo\\\/image\\\/\"}}]}<\/script>\n<!-- \/ Yoast SEO plugin. -->","yoast_head_json":{"title":"Muros feriales para una exposici\u00f3n m\u00e1xima \u2013 Completos y entrega r\u00e1pida","description":"Descubra el muro ferial perfecto para su presentaci\u00f3n: elija entre 5 tipos, dise\u00f1o propio, listos para el transporte con trolleys o maletas y opci\u00f3n de iluminaci\u00f3n LED.","robots":{"index":"index","follow":"follow","max-snippet":"max-snippet:-1","max-image-preview":"max-image-preview:large","max-video-preview":"max-video-preview:-1"},"canonical":"https:\/\/www.amstelprinting.nl\/es\/tienda\/feria-y-evento\/muros-de-exposicion\/muros-feriales\/","og_locale":"es_ES","og_type":"article","og_title":"Muros feriales para una exposici\u00f3n m\u00e1xima \u2013 Completos y entrega r\u00e1pida","og_description":"Descubra el muro ferial perfecto para su presentaci\u00f3n: elija entre 5 tipos, dise\u00f1o propio, listos para el transporte con trolleys o maletas y opci\u00f3n de iluminaci\u00f3n LED.","og_url":"https:\/\/www.amstelprinting.nl\/es\/tienda\/feria-y-evento\/muros-de-exposicion\/muros-feriales\/","og_site_name":"Amstel Printing","article_modified_time":"2026-02-18T11:48:30+00:00","og_image":[{"width":700,"height":700,"url":"https:\/\/www.amstelprinting.nl\/wp-content\/uploads\/Beurswanden.jpg","type":"image\/jpeg"}],"twitter_card":"summary_large_image","twitter_misc":{"Tiempo de lectura":"4 minutos"},"schema":{"@context":"https:\/\/schema.org","@graph":[{"@type":"WebPage","@id":"https:\/\/www.amstelprinting.nl\/es\/tienda\/feria-y-evento\/muros-de-exposicion\/muros-feriales\/","url":"https:\/\/www.amstelprinting.nl\/es\/tienda\/feria-y-evento\/muros-de-exposicion\/muros-feriales\/","name":"Muros feriales para una exposici\u00f3n m\u00e1xima \u2013 Completos y entrega r\u00e1pida","isPartOf":{"@id":"https:\/\/www.amstelprinting.nl\/es\/#website"},"primaryImageOfPage":{"@id":"https:\/\/www.amstelprinting.nl\/es\/tienda\/feria-y-evento\/muros-de-exposicion\/muros-feriales\/#primaryimage"},"image":{"@id":"https:\/\/www.amstelprinting.nl\/es\/tienda\/feria-y-evento\/muros-de-exposicion\/muros-feriales\/#primaryimage"},"thumbnailUrl":"https:\/\/www.amstelprinting.nl\/wp-content\/uploads\/Beurswanden.jpg","datePublished":"2025-01-24T10:22:47+00:00","dateModified":"2026-02-18T11:48:30+00:00","description":"Descubra el muro ferial perfecto para su presentaci\u00f3n: elija entre 5 tipos, dise\u00f1o propio, listos para el transporte con trolleys o maletas y opci\u00f3n de iluminaci\u00f3n LED.","breadcrumb":{"@id":"https:\/\/www.amstelprinting.nl\/es\/tienda\/feria-y-evento\/muros-de-exposicion\/muros-feriales\/#breadcrumb"},"inLanguage":"es","potentialAction":[{"@type":"ReadAction","target":["https:\/\/www.amstelprinting.nl\/es\/tienda\/feria-y-evento\/muros-de-exposicion\/muros-feriales\/"]}]},{"@type":"ImageObject","inLanguage":"es","@id":"https:\/\/www.amstelprinting.nl\/es\/tienda\/feria-y-evento\/muros-de-exposicion\/muros-feriales\/#primaryimage","url":"https:\/\/www.amstelprinting.nl\/wp-content\/uploads\/Beurswanden.jpg","contentUrl":"https:\/\/www.amstelprinting.nl\/wp-content\/uploads\/Beurswanden.jpg","width":700,"height":700},{"@type":"BreadcrumbList","@id":"https:\/\/www.amstelprinting.nl\/es\/tienda\/feria-y-evento\/muros-de-exposicion\/muros-feriales\/#breadcrumb","itemListElement":[{"@type":"ListItem","position":1,"name":"","item":"https:\/\/www.amstelprinting.nl\/es\/"},{"@type":"ListItem","position":2,"name":"Amstel Printing","item":"https:\/\/www.amstelprinting.nl\/es\/comercio\/"},{"@type":"ListItem","position":3,"name":"Feria y evento","item":"https:\/\/www.amstelprinting.nl\/es\/categor\u00eda\/feria-y-evento\/"},{"@type":"ListItem","position":4,"name":"Muros de exposici\u00f3n","item":"https:\/\/www.amstelprinting.nl\/es\/categor\u00eda\/feria-y-evento\/muros-de-exposicion\/"},{"@type":"ListItem","position":5,"name":"Muros feriales"}]},{"@type":"WebSite","@id":"https:\/\/www.amstelprinting.nl\/es\/#website","url":"https:\/\/www.amstelprinting.nl\/es\/","name":"Amstel Printing","description":"Creating Exposure","publisher":{"@id":"https:\/\/www.amstelprinting.nl\/es\/#organization"},"potentialAction":[{"@type":"SearchAction","target":{"@type":"EntryPoint","urlTemplate":"https:\/\/www.amstelprinting.nl\/es\/?s={search_term_string}"},"query-input":{"@type":"PropertyValueSpecification","valueRequired":true,"valueName":"search_term_string"}}],"inLanguage":"es"},{"@type":"Organization","@id":"https:\/\/www.amstelprinting.nl\/es\/#organization","name":"Amstel Printing","url":"https:\/\/www.amstelprinting.nl\/es\/","logo":{"@type":"ImageObject","inLanguage":"es","@id":"https:\/\/www.amstelprinting.nl\/es\/#\/schema\/logo\/image\/","url":"https:\/\/www.amstelprinting.nl\/wp-content\/uploads\/amstel_printing_logo_clean.png","contentUrl":"https:\/\/www.amstelprinting.nl\/wp-content\/uploads\/amstel_printing_logo_clean.png","width":324,"height":73,"caption":"Amstel Printing"},"image":{"@id":"https:\/\/www.amstelprinting.nl\/es\/#\/schema\/logo\/image\/"}}]}},"_links":{"self":[{"href":"https:\/\/www.amstelprinting.nl\/es\/wp-json\/wp\/v2\/product\/15163","targetHints":{"allow":["GET"]}}],"collection":[{"href":"https:\/\/www.amstelprinting.nl\/es\/wp-json\/wp\/v2\/product"}],"about":[{"href":"https:\/\/www.amstelprinting.nl\/es\/wp-json\/wp\/v2\/types\/product"}],"wp:featuredmedia":[{"embeddable":true,"href":"https:\/\/www.amstelprinting.nl\/es\/wp-json\/wp\/v2\/media\/15164"}],"wp:attachment":[{"href":"https:\/\/www.amstelprinting.nl\/es\/wp-json\/wp\/v2\/media?parent=15163"}],"wp:term":[{"taxonomy":"product_brand","embeddable":true,"href":"https:\/\/www.amstelprinting.nl\/es\/wp-json\/wp\/v2\/product_brand?post=15163"},{"taxonomy":"product_cat","embeddable":true,"href":"https:\/\/www.amstelprinting.nl\/es\/wp-json\/wp\/v2\/product_cat?post=15163"},{"taxonomy":"product_tag","embeddable":true,"href":"https:\/\/www.amstelprinting.nl\/es\/wp-json\/wp\/v2\/product_tag?post=15163"}],"curies":[{"name":"wp","href":"https:\/\/api.w.org\/{rel}","templated":true}]}}