{"id":15173,"date":"2025-01-24T11:22:42","date_gmt":"2025-01-24T10:22:42","guid":{"rendered":"https:\/\/www.amstelprinting.nl\/winkel\/sin%20categor\u00eda\/zipper-wand\/"},"modified":"2026-02-18T12:48:31","modified_gmt":"2026-02-18T11:48:31","slug":"muro-zipper","status":"publish","type":"product","link":"https:\/\/www.amstelprinting.nl\/es\/tienda\/feria-y-evento\/muros-de-exposicion\/muro-zipper\/","title":{"rendered":"Muro Zipper"},"content":{"rendered":"<h3>Impresi\u00f3n de Muro Zipper curvo<\/h3>\n<p>Cause una impresi\u00f3n inolvidable con el Muro Zipper. El vers\u00e1til Muro Zipper cuenta con impresi\u00f3n a doble cara. Por lo tanto, tanto si prepara una feria, un evento o una presentaci\u00f3n, el muro zipper es el fondo perfecto para cualquier exposici\u00f3n. Y como su nombre indica, el Muro Zipper tiene un acabado en la parte inferior con una cremallera resistente. Esto permite un montaje (y desmontaje) f\u00e1cil y r\u00e1pido.<\/p>\n<h3>Tama\u00f1os y material<\/h3>\n<p>El muro zipper est\u00e1 disponible en tres tama\u00f1os: M (300 x 230 cm), L (400 x 230 cm) y XL (500 x 230 cm). La tela est\u00e1 fabricada en Dekostof. El tejido Dekostof destaca por sus colores vivos y su acabado mate. Esta tela de poli\u00e9ster flexible tiene una textura fina que absorbe la luz en lugar de reflejarla, por lo que la impresi\u00f3n siempre es perfectamente visible. Adem\u00e1s, puede elegir hilo blanco o negro para un acabado perfecto.<\/p>\n<h3>Almacenamiento y transporte del Muro Zipper<\/h3>\n<p>La tela se puede plegar, lo que facilita su transporte. Las posibles arrugas se pueden eliminar con la plancha y, adem\u00e1s, las arrugas se tensar\u00e1n cuando la tela se coloque en el marco. Transporte el Muro Zipper f\u00e1cilmente en la bolsa suministrada.<\/p>\n","protected":false},"excerpt":{"rendered":"<h3>Muro Zipper ligeramente curvo. Impresi\u00f3n a doble cara.<\/h3>\n<p>El Muro Zipper (ligeramente curvo) ofrece una soluci\u00f3n vers\u00e1til y elegante para cualquier presentaci\u00f3n. La tela del Muro Zipper est\u00e1 fabricada en Dekostof y tiene un acabado perimetral con una cremallera resistente. Se pueden imprimir tanto la parte delantera como la trasera. El Muro Zipper se entrega de serie en una pr\u00e1ctica bolsa. Este muro de feria de 230 cm de altura est\u00e1 disponible en tres anchos diferentes: 300 cm, 400 cm y 500 cm. \u00bfInstalaci\u00f3n? Se realiza en 5-10 minutos (sin herramientas).<\/p>\n","protected":false},"featured_media":15174,"template":"","meta":{"_et_pb_use_builder":"","_et_pb_old_content":"","_et_gb_content_width":""},"product_brand":[],"product_cat":[431,414],"product_tag":[],"class_list":{"0":"post-15173","1":"product","2":"type-product","3":"status-publish","4":"has-post-thumbnail","6":"product_cat-feria-y-evento","7":"product_cat-muros-de-exposicion","9":"first","10":"instock","11":"taxable","12":"shipping-taxable","13":"purchasable","14":"product-type-simple"},"yoast_head":"<!-- This site is optimized with the Yoast SEO plugin v27.3 - https:\/\/yoast.com\/product\/yoast-seo-wordpress\/ -->\n<title>Muro Zipper \u2013 Muro de feria de doble cara: montaje r\u00e1pido y sencillo<\/title>\n<meta name=\"description\" content=\"Cause impacto con el Muro Zipper: impresi\u00f3n a doble cara, disponible en 3 tama\u00f1os, montaje r\u00e1pido sin herramientas e incluye bolsa de transporte.\" \/>\n<meta name=\"robots\" content=\"index, follow, max-snippet:-1, max-image-preview:large, max-video-preview:-1\" \/>\n<link rel=\"canonical\" href=\"https:\/\/www.amstelprinting.nl\/es\/tienda\/feria-y-evento\/muros-de-exposicion\/muro-zipper\/\" \/>\n<meta property=\"og:locale\" content=\"es_ES\" \/>\n<meta property=\"og:type\" content=\"article\" \/>\n<meta property=\"og:title\" content=\"Muro Zipper \u2013 Muro de feria de doble cara: montaje r\u00e1pido y sencillo\" \/>\n<meta property=\"og:description\" content=\"Cause impacto con el Muro Zipper: impresi\u00f3n a doble cara, disponible en 3 tama\u00f1os, montaje r\u00e1pido sin herramientas e incluye bolsa de transporte.\" \/>\n<meta property=\"og:url\" content=\"https:\/\/www.amstelprinting.nl\/es\/tienda\/feria-y-evento\/muros-de-exposicion\/muro-zipper\/\" \/>\n<meta property=\"og:site_name\" content=\"Amstel Printing\" \/>\n<meta property=\"article:modified_time\" content=\"2026-02-18T11:48:31+00:00\" \/>\n<meta property=\"og:image\" content=\"https:\/\/www.amstelprinting.nl\/wp-content\/uploads\/gebogen-zipper-wand-bedrukken.png\" \/>\n\t<meta property=\"og:image:width\" content=\"900\" \/>\n\t<meta property=\"og:image:height\" content=\"900\" \/>\n\t<meta property=\"og:image:type\" content=\"image\/png\" \/>\n<meta name=\"twitter:card\" content=\"summary_large_image\" \/>\n<meta name=\"twitter:label1\" content=\"Tiempo de lectura\" \/>\n\t<meta name=\"twitter:data1\" content=\"1 minuto\" \/>\n<script type=\"application\/ld+json\" class=\"yoast-schema-graph\">{\"@context\":\"https:\\\/\\\/schema.org\",\"@graph\":[{\"@type\":\"WebPage\",\"@id\":\"https:\\\/\\\/www.amstelprinting.nl\\\/es\\\/tienda\\\/feria-y-evento\\\/muros-de-exposicion\\\/muro-zipper\\\/\",\"url\":\"https:\\\/\\\/www.amstelprinting.nl\\\/es\\\/tienda\\\/feria-y-evento\\\/muros-de-exposicion\\\/muro-zipper\\\/\",\"name\":\"Muro Zipper \u2013 Muro de feria de doble cara: montaje r\u00e1pido y sencillo\",\"isPartOf\":{\"@id\":\"https:\\\/\\\/www.amstelprinting.nl\\\/es\\\/#website\"},\"primaryImageOfPage\":{\"@id\":\"https:\\\/\\\/www.amstelprinting.nl\\\/es\\\/tienda\\\/feria-y-evento\\\/muros-de-exposicion\\\/muro-zipper\\\/#primaryimage\"},\"image\":{\"@id\":\"https:\\\/\\\/www.amstelprinting.nl\\\/es\\\/tienda\\\/feria-y-evento\\\/muros-de-exposicion\\\/muro-zipper\\\/#primaryimage\"},\"thumbnailUrl\":\"https:\\\/\\\/www.amstelprinting.nl\\\/wp-content\\\/uploads\\\/gebogen-zipper-wand-bedrukken.png\",\"datePublished\":\"2025-01-24T10:22:42+00:00\",\"dateModified\":\"2026-02-18T11:48:31+00:00\",\"description\":\"Cause impacto con el Muro Zipper: impresi\u00f3n a doble cara, disponible en 3 tama\u00f1os, montaje r\u00e1pido sin herramientas e incluye bolsa de transporte.\",\"breadcrumb\":{\"@id\":\"https:\\\/\\\/www.amstelprinting.nl\\\/es\\\/tienda\\\/feria-y-evento\\\/muros-de-exposicion\\\/muro-zipper\\\/#breadcrumb\"},\"inLanguage\":\"es\",\"potentialAction\":[{\"@type\":\"ReadAction\",\"target\":[\"https:\\\/\\\/www.amstelprinting.nl\\\/es\\\/tienda\\\/feria-y-evento\\\/muros-de-exposicion\\\/muro-zipper\\\/\"]}]},{\"@type\":\"ImageObject\",\"inLanguage\":\"es\",\"@id\":\"https:\\\/\\\/www.amstelprinting.nl\\\/es\\\/tienda\\\/feria-y-evento\\\/muros-de-exposicion\\\/muro-zipper\\\/#primaryimage\",\"url\":\"https:\\\/\\\/www.amstelprinting.nl\\\/wp-content\\\/uploads\\\/gebogen-zipper-wand-bedrukken.png\",\"contentUrl\":\"https:\\\/\\\/www.amstelprinting.nl\\\/wp-content\\\/uploads\\\/gebogen-zipper-wand-bedrukken.png\",\"width\":900,\"height\":900},{\"@type\":\"BreadcrumbList\",\"@id\":\"https:\\\/\\\/www.amstelprinting.nl\\\/es\\\/tienda\\\/feria-y-evento\\\/muros-de-exposicion\\\/muro-zipper\\\/#breadcrumb\",\"itemListElement\":[{\"@type\":\"ListItem\",\"position\":1,\"name\":\"\",\"item\":\"https:\\\/\\\/www.amstelprinting.nl\\\/es\\\/\"},{\"@type\":\"ListItem\",\"position\":2,\"name\":\"Amstel Printing\",\"item\":\"https:\\\/\\\/www.amstelprinting.nl\\\/es\\\/comercio\\\/\"},{\"@type\":\"ListItem\",\"position\":3,\"name\":\"Feria y evento\",\"item\":\"https:\\\/\\\/www.amstelprinting.nl\\\/es\\\/categor\u00eda\\\/feria-y-evento\\\/\"},{\"@type\":\"ListItem\",\"position\":4,\"name\":\"Muros de exposici\u00f3n\",\"item\":\"https:\\\/\\\/www.amstelprinting.nl\\\/es\\\/categor\u00eda\\\/feria-y-evento\\\/muros-de-exposicion\\\/\"},{\"@type\":\"ListItem\",\"position\":5,\"name\":\"Muro Zipper\"}]},{\"@type\":\"WebSite\",\"@id\":\"https:\\\/\\\/www.amstelprinting.nl\\\/es\\\/#website\",\"url\":\"https:\\\/\\\/www.amstelprinting.nl\\\/es\\\/\",\"name\":\"Amstel Printing\",\"description\":\"Creating Exposure\",\"publisher\":{\"@id\":\"https:\\\/\\\/www.amstelprinting.nl\\\/es\\\/#organization\"},\"potentialAction\":[{\"@type\":\"SearchAction\",\"target\":{\"@type\":\"EntryPoint\",\"urlTemplate\":\"https:\\\/\\\/www.amstelprinting.nl\\\/es\\\/?s={search_term_string}\"},\"query-input\":{\"@type\":\"PropertyValueSpecification\",\"valueRequired\":true,\"valueName\":\"search_term_string\"}}],\"inLanguage\":\"es\"},{\"@type\":\"Organization\",\"@id\":\"https:\\\/\\\/www.amstelprinting.nl\\\/es\\\/#organization\",\"name\":\"Amstel Printing\",\"url\":\"https:\\\/\\\/www.amstelprinting.nl\\\/es\\\/\",\"logo\":{\"@type\":\"ImageObject\",\"inLanguage\":\"es\",\"@id\":\"https:\\\/\\\/www.amstelprinting.nl\\\/es\\\/#\\\/schema\\\/logo\\\/image\\\/\",\"url\":\"https:\\\/\\\/www.amstelprinting.nl\\\/wp-content\\\/uploads\\\/amstel_printing_logo_clean.png\",\"contentUrl\":\"https:\\\/\\\/www.amstelprinting.nl\\\/wp-content\\\/uploads\\\/amstel_printing_logo_clean.png\",\"width\":324,\"height\":73,\"caption\":\"Amstel Printing\"},\"image\":{\"@id\":\"https:\\\/\\\/www.amstelprinting.nl\\\/es\\\/#\\\/schema\\\/logo\\\/image\\\/\"}}]}<\/script>\n<!-- \/ Yoast SEO plugin. -->","yoast_head_json":{"title":"Muro Zipper \u2013 Muro de feria de doble cara: montaje r\u00e1pido y sencillo","description":"Cause impacto con el Muro Zipper: impresi\u00f3n a doble cara, disponible en 3 tama\u00f1os, montaje r\u00e1pido sin herramientas e incluye bolsa de transporte.","robots":{"index":"index","follow":"follow","max-snippet":"max-snippet:-1","max-image-preview":"max-image-preview:large","max-video-preview":"max-video-preview:-1"},"canonical":"https:\/\/www.amstelprinting.nl\/es\/tienda\/feria-y-evento\/muros-de-exposicion\/muro-zipper\/","og_locale":"es_ES","og_type":"article","og_title":"Muro Zipper \u2013 Muro de feria de doble cara: montaje r\u00e1pido y sencillo","og_description":"Cause impacto con el Muro Zipper: impresi\u00f3n a doble cara, disponible en 3 tama\u00f1os, montaje r\u00e1pido sin herramientas e incluye bolsa de transporte.","og_url":"https:\/\/www.amstelprinting.nl\/es\/tienda\/feria-y-evento\/muros-de-exposicion\/muro-zipper\/","og_site_name":"Amstel Printing","article_modified_time":"2026-02-18T11:48:31+00:00","og_image":[{"width":900,"height":900,"url":"https:\/\/www.amstelprinting.nl\/wp-content\/uploads\/gebogen-zipper-wand-bedrukken.png","type":"image\/png"}],"twitter_card":"summary_large_image","twitter_misc":{"Tiempo de lectura":"1 minuto"},"schema":{"@context":"https:\/\/schema.org","@graph":[{"@type":"WebPage","@id":"https:\/\/www.amstelprinting.nl\/es\/tienda\/feria-y-evento\/muros-de-exposicion\/muro-zipper\/","url":"https:\/\/www.amstelprinting.nl\/es\/tienda\/feria-y-evento\/muros-de-exposicion\/muro-zipper\/","name":"Muro Zipper \u2013 Muro de feria de doble cara: montaje r\u00e1pido y sencillo","isPartOf":{"@id":"https:\/\/www.amstelprinting.nl\/es\/#website"},"primaryImageOfPage":{"@id":"https:\/\/www.amstelprinting.nl\/es\/tienda\/feria-y-evento\/muros-de-exposicion\/muro-zipper\/#primaryimage"},"image":{"@id":"https:\/\/www.amstelprinting.nl\/es\/tienda\/feria-y-evento\/muros-de-exposicion\/muro-zipper\/#primaryimage"},"thumbnailUrl":"https:\/\/www.amstelprinting.nl\/wp-content\/uploads\/gebogen-zipper-wand-bedrukken.png","datePublished":"2025-01-24T10:22:42+00:00","dateModified":"2026-02-18T11:48:31+00:00","description":"Cause impacto con el Muro Zipper: impresi\u00f3n a doble cara, disponible en 3 tama\u00f1os, montaje r\u00e1pido sin herramientas e incluye bolsa de transporte.","breadcrumb":{"@id":"https:\/\/www.amstelprinting.nl\/es\/tienda\/feria-y-evento\/muros-de-exposicion\/muro-zipper\/#breadcrumb"},"inLanguage":"es","potentialAction":[{"@type":"ReadAction","target":["https:\/\/www.amstelprinting.nl\/es\/tienda\/feria-y-evento\/muros-de-exposicion\/muro-zipper\/"]}]},{"@type":"ImageObject","inLanguage":"es","@id":"https:\/\/www.amstelprinting.nl\/es\/tienda\/feria-y-evento\/muros-de-exposicion\/muro-zipper\/#primaryimage","url":"https:\/\/www.amstelprinting.nl\/wp-content\/uploads\/gebogen-zipper-wand-bedrukken.png","contentUrl":"https:\/\/www.amstelprinting.nl\/wp-content\/uploads\/gebogen-zipper-wand-bedrukken.png","width":900,"height":900},{"@type":"BreadcrumbList","@id":"https:\/\/www.amstelprinting.nl\/es\/tienda\/feria-y-evento\/muros-de-exposicion\/muro-zipper\/#breadcrumb","itemListElement":[{"@type":"ListItem","position":1,"name":"","item":"https:\/\/www.amstelprinting.nl\/es\/"},{"@type":"ListItem","position":2,"name":"Amstel Printing","item":"https:\/\/www.amstelprinting.nl\/es\/comercio\/"},{"@type":"ListItem","position":3,"name":"Feria y evento","item":"https:\/\/www.amstelprinting.nl\/es\/categor\u00eda\/feria-y-evento\/"},{"@type":"ListItem","position":4,"name":"Muros de exposici\u00f3n","item":"https:\/\/www.amstelprinting.nl\/es\/categor\u00eda\/feria-y-evento\/muros-de-exposicion\/"},{"@type":"ListItem","position":5,"name":"Muro Zipper"}]},{"@type":"WebSite","@id":"https:\/\/www.amstelprinting.nl\/es\/#website","url":"https:\/\/www.amstelprinting.nl\/es\/","name":"Amstel Printing","description":"Creating Exposure","publisher":{"@id":"https:\/\/www.amstelprinting.nl\/es\/#organization"},"potentialAction":[{"@type":"SearchAction","target":{"@type":"EntryPoint","urlTemplate":"https:\/\/www.amstelprinting.nl\/es\/?s={search_term_string}"},"query-input":{"@type":"PropertyValueSpecification","valueRequired":true,"valueName":"search_term_string"}}],"inLanguage":"es"},{"@type":"Organization","@id":"https:\/\/www.amstelprinting.nl\/es\/#organization","name":"Amstel Printing","url":"https:\/\/www.amstelprinting.nl\/es\/","logo":{"@type":"ImageObject","inLanguage":"es","@id":"https:\/\/www.amstelprinting.nl\/es\/#\/schema\/logo\/image\/","url":"https:\/\/www.amstelprinting.nl\/wp-content\/uploads\/amstel_printing_logo_clean.png","contentUrl":"https:\/\/www.amstelprinting.nl\/wp-content\/uploads\/amstel_printing_logo_clean.png","width":324,"height":73,"caption":"Amstel Printing"},"image":{"@id":"https:\/\/www.amstelprinting.nl\/es\/#\/schema\/logo\/image\/"}}]}},"_links":{"self":[{"href":"https:\/\/www.amstelprinting.nl\/es\/wp-json\/wp\/v2\/product\/15173","targetHints":{"allow":["GET"]}}],"collection":[{"href":"https:\/\/www.amstelprinting.nl\/es\/wp-json\/wp\/v2\/product"}],"about":[{"href":"https:\/\/www.amstelprinting.nl\/es\/wp-json\/wp\/v2\/types\/product"}],"wp:featuredmedia":[{"embeddable":true,"href":"https:\/\/www.amstelprinting.nl\/es\/wp-json\/wp\/v2\/media\/15174"}],"wp:attachment":[{"href":"https:\/\/www.amstelprinting.nl\/es\/wp-json\/wp\/v2\/media?parent=15173"}],"wp:term":[{"taxonomy":"product_brand","embeddable":true,"href":"https:\/\/www.amstelprinting.nl\/es\/wp-json\/wp\/v2\/product_brand?post=15173"},{"taxonomy":"product_cat","embeddable":true,"href":"https:\/\/www.amstelprinting.nl\/es\/wp-json\/wp\/v2\/product_cat?post=15173"},{"taxonomy":"product_tag","embeddable":true,"href":"https:\/\/www.amstelprinting.nl\/es\/wp-json\/wp\/v2\/product_tag?post=15173"}],"curies":[{"name":"wp","href":"https:\/\/api.w.org\/{rel}","templated":true}]}}