{"id":15197,"date":"2025-01-24T11:13:42","date_gmt":"2025-01-24T10:13:42","guid":{"rendered":"https:\/\/www.amstelprinting.nl\/winkel\/sin%20categor\u00eda\/vloermatten\/"},"modified":"2026-02-18T12:48:32","modified_gmt":"2026-02-18T11:48:32","slug":"alfombrillas","status":"publish","type":"product","link":"https:\/\/www.amstelprinting.nl\/es\/tienda\/interior\/decoracion-del-suelo\/alfombrillas\/","title":{"rendered":"Alfombrillas"},"content":{"rendered":"<h3>Impresi\u00f3n de alfombrillas<\/h3>\n<p>Nuestras alfombrillas son vers\u00e1tiles y funcionales para eventos de larga y corta duraci\u00f3n. Las alfombrillas se colocan y retiran r\u00e1pidamente, lo que las convierte en productos populares para ferias comerciales. Amstel Printing ofrece dos tipos diferentes de alfombrillas; como alfombrilla de entrada o como vinilo para suelo.<\/p>\n<h3>Ventajas<\/h3>\n<ul>\n<li>Aptas para uso en superficies planas<\/li>\n<li>F\u00e1ciles de limpiar (lavables)<\/li>\n<li>F\u00e1ciles de mover y tambi\u00e9n reutilizables<\/li>\n<li>Equipadas con impresi\u00f3n antideslizante y resistente al desgaste<\/li>\n<\/ul>\n<p>&nbsp;<\/p>\n<h3>Alfombrilla de entrada<\/h3>\n<p>La alfombrilla de entrada es ideal para zonas muy transitadas, ya que atrapa eficazmente la suciedad y la humedad, manteniendo sus suelos limpios y seguros. La parte trasera cuenta con un soporte de TPE, fabricado con material reciclado, que no solo ofrece un alto valor antideslizante, sino que tambi\u00e9n contribuye al car\u00e1cter sostenible de cualquier interior.<\/p>\n<h3>Vinilo para suelo<\/h3>\n<p>El vinilo para suelo tiene una parte frontal texturizada y antideslizante y una c\u00f3moda parte trasera de espuma. Este material es ideal para aplicaciones temporales, como ferias y eventos, donde tanto la seguridad como la comodidad son importantes.<\/p>\n<p>Nuestras alfombrillas est\u00e1n dise\u00f1adas especialmente para uso en interiores, lo que las hace perfectas para oficinas, \u00e1reas de recepci\u00f3n, tiendas y otros entornos comerciales. Con su combinaci\u00f3n de funcionalidad y estilo, contribuyen a una primera impresi\u00f3n positiva de cualquier entrada y espacio (empresarial).<\/p>\n<h3>Acabado<\/h3>\n<p>Ambas alfombrillas son f\u00e1ciles de adaptar a sus deseos espec\u00edficos. Puede elegir entre corte est\u00e1ndar o corte de contorno, para que la alfombrilla se adapte perfectamente a la distribuci\u00f3n de su espacio. Esto hace que la instalaci\u00f3n sea muy sencilla y garantiza un acabado profesional.<\/p>\n<p>Elija nuestras alfombrillas e invierta en la seguridad y apariencia de su espacio interior. Con una combinaci\u00f3n perfecta de funcionalidad, est\u00e9tica y durabilidad, son el complemento ideal para cualquier entorno.<\/p>\n","protected":false},"excerpt":{"rendered":"<p>Transforme cualquier espacio interior con la ayuda de nuestras alfombrillas de alta calidad. Elija entre la alfombrilla de entrada o el vinilo para suelo seg\u00fan sus deseos. Ambas opciones de alfombrillas est\u00e1n dise\u00f1adas para ofrecer un confort, seguridad y protecci\u00f3n \u00f3ptimos para el suelo subyacente. Totalmente equipadas con una impresi\u00f3n integral n\u00edtida seg\u00fan sus deseos.<\/p>\n","protected":false},"featured_media":15199,"template":"","meta":{"_et_pb_use_builder":"","_et_pb_old_content":"","_et_gb_content_width":""},"product_brand":[],"product_cat":[423,571,431,545,421],"product_tag":[],"class_list":{"0":"post-15197","1":"product","2":"type-product","3":"status-publish","4":"has-post-thumbnail","6":"product_cat-decoracion","7":"product_cat-decoracion-del-suelo","8":"product_cat-feria-y-evento","9":"product_cat-interior","10":"product_cat-pisos-de-negociacion","12":"first","13":"instock","14":"taxable","15":"shipping-taxable","16":"purchasable","17":"product-type-simple"},"yoast_head":"<!-- This site is optimized with the Yoast SEO plugin v27.3 - https:\/\/yoast.com\/product\/yoast-seo-wordpress\/ -->\n<title>Alfombrillas | Amstel Printing<\/title>\n<meta name=\"robots\" content=\"index, follow, max-snippet:-1, max-image-preview:large, max-video-preview:-1\" \/>\n<link rel=\"canonical\" href=\"https:\/\/www.amstelprinting.nl\/es\/tienda\/interior\/decoracion-del-suelo\/alfombrillas\/\" \/>\n<meta property=\"og:locale\" content=\"es_ES\" \/>\n<meta property=\"og:type\" content=\"article\" \/>\n<meta property=\"og:title\" content=\"Alfombrillas | Amstel Printing\" \/>\n<meta property=\"og:description\" content=\"Transforme cualquier espacio interior con la ayuda de nuestras alfombrillas de alta calidad. Elija entre la alfombrilla de entrada o el vinilo para suelo seg\u00fan sus deseos. Ambas opciones de alfombrillas est\u00e1n dise\u00f1adas para ofrecer un confort, seguridad y protecci\u00f3n \u00f3ptimos para el suelo subyacente. Totalmente equipadas con una impresi\u00f3n integral n\u00edtida seg\u00fan sus deseos.\" \/>\n<meta property=\"og:url\" content=\"https:\/\/www.amstelprinting.nl\/es\/tienda\/interior\/decoracion-del-suelo\/alfombrillas\/\" \/>\n<meta property=\"og:site_name\" content=\"Amstel Printing\" \/>\n<meta property=\"article:modified_time\" content=\"2026-02-18T11:48:32+00:00\" \/>\n<meta property=\"og:image\" content=\"https:\/\/www.amstelprinting.nl\/wp-content\/uploads\/Vloerzeil2-1.jpg\" \/>\n\t<meta property=\"og:image:width\" content=\"700\" \/>\n\t<meta property=\"og:image:height\" content=\"700\" \/>\n\t<meta property=\"og:image:type\" content=\"image\/jpeg\" \/>\n<meta name=\"twitter:card\" content=\"summary_large_image\" \/>\n<meta name=\"twitter:label1\" content=\"Tiempo de lectura\" \/>\n\t<meta name=\"twitter:data1\" content=\"2 minutos\" \/>\n<script type=\"application\/ld+json\" class=\"yoast-schema-graph\">{\"@context\":\"https:\\\/\\\/schema.org\",\"@graph\":[{\"@type\":\"WebPage\",\"@id\":\"https:\\\/\\\/www.amstelprinting.nl\\\/es\\\/tienda\\\/interior\\\/decoracion-del-suelo\\\/alfombrillas\\\/\",\"url\":\"https:\\\/\\\/www.amstelprinting.nl\\\/es\\\/tienda\\\/interior\\\/decoracion-del-suelo\\\/alfombrillas\\\/\",\"name\":\"Alfombrillas | Amstel Printing\",\"isPartOf\":{\"@id\":\"https:\\\/\\\/www.amstelprinting.nl\\\/es\\\/#website\"},\"primaryImageOfPage\":{\"@id\":\"https:\\\/\\\/www.amstelprinting.nl\\\/es\\\/tienda\\\/interior\\\/decoracion-del-suelo\\\/alfombrillas\\\/#primaryimage\"},\"image\":{\"@id\":\"https:\\\/\\\/www.amstelprinting.nl\\\/es\\\/tienda\\\/interior\\\/decoracion-del-suelo\\\/alfombrillas\\\/#primaryimage\"},\"thumbnailUrl\":\"https:\\\/\\\/www.amstelprinting.nl\\\/wp-content\\\/uploads\\\/Vloerzeil2-1.jpg\",\"datePublished\":\"2025-01-24T10:13:42+00:00\",\"dateModified\":\"2026-02-18T11:48:32+00:00\",\"breadcrumb\":{\"@id\":\"https:\\\/\\\/www.amstelprinting.nl\\\/es\\\/tienda\\\/interior\\\/decoracion-del-suelo\\\/alfombrillas\\\/#breadcrumb\"},\"inLanguage\":\"es\",\"potentialAction\":[{\"@type\":\"ReadAction\",\"target\":[\"https:\\\/\\\/www.amstelprinting.nl\\\/es\\\/tienda\\\/interior\\\/decoracion-del-suelo\\\/alfombrillas\\\/\"]}]},{\"@type\":\"ImageObject\",\"inLanguage\":\"es\",\"@id\":\"https:\\\/\\\/www.amstelprinting.nl\\\/es\\\/tienda\\\/interior\\\/decoracion-del-suelo\\\/alfombrillas\\\/#primaryimage\",\"url\":\"https:\\\/\\\/www.amstelprinting.nl\\\/wp-content\\\/uploads\\\/Vloerzeil2-1.jpg\",\"contentUrl\":\"https:\\\/\\\/www.amstelprinting.nl\\\/wp-content\\\/uploads\\\/Vloerzeil2-1.jpg\",\"width\":700,\"height\":700},{\"@type\":\"BreadcrumbList\",\"@id\":\"https:\\\/\\\/www.amstelprinting.nl\\\/es\\\/tienda\\\/interior\\\/decoracion-del-suelo\\\/alfombrillas\\\/#breadcrumb\",\"itemListElement\":[{\"@type\":\"ListItem\",\"position\":1,\"name\":\"\",\"item\":\"https:\\\/\\\/www.amstelprinting.nl\\\/es\\\/\"},{\"@type\":\"ListItem\",\"position\":2,\"name\":\"Amstel Printing\",\"item\":\"https:\\\/\\\/www.amstelprinting.nl\\\/es\\\/comercio\\\/\"},{\"@type\":\"ListItem\",\"position\":3,\"name\":\"Feria y evento\",\"item\":\"https:\\\/\\\/www.amstelprinting.nl\\\/es\\\/categor\u00eda\\\/feria-y-evento\\\/\"},{\"@type\":\"ListItem\",\"position\":4,\"name\":\"Decoraci\u00f3n\",\"item\":\"https:\\\/\\\/www.amstelprinting.nl\\\/es\\\/categor\u00eda\\\/feria-y-evento\\\/decoracion\\\/\"},{\"@type\":\"ListItem\",\"position\":5,\"name\":\"Alfombrillas\"}]},{\"@type\":\"WebSite\",\"@id\":\"https:\\\/\\\/www.amstelprinting.nl\\\/es\\\/#website\",\"url\":\"https:\\\/\\\/www.amstelprinting.nl\\\/es\\\/\",\"name\":\"Amstel Printing\",\"description\":\"Creating Exposure\",\"publisher\":{\"@id\":\"https:\\\/\\\/www.amstelprinting.nl\\\/es\\\/#organization\"},\"potentialAction\":[{\"@type\":\"SearchAction\",\"target\":{\"@type\":\"EntryPoint\",\"urlTemplate\":\"https:\\\/\\\/www.amstelprinting.nl\\\/es\\\/?s={search_term_string}\"},\"query-input\":{\"@type\":\"PropertyValueSpecification\",\"valueRequired\":true,\"valueName\":\"search_term_string\"}}],\"inLanguage\":\"es\"},{\"@type\":\"Organization\",\"@id\":\"https:\\\/\\\/www.amstelprinting.nl\\\/es\\\/#organization\",\"name\":\"Amstel Printing\",\"url\":\"https:\\\/\\\/www.amstelprinting.nl\\\/es\\\/\",\"logo\":{\"@type\":\"ImageObject\",\"inLanguage\":\"es\",\"@id\":\"https:\\\/\\\/www.amstelprinting.nl\\\/es\\\/#\\\/schema\\\/logo\\\/image\\\/\",\"url\":\"https:\\\/\\\/www.amstelprinting.nl\\\/wp-content\\\/uploads\\\/amstel_printing_logo_clean.png\",\"contentUrl\":\"https:\\\/\\\/www.amstelprinting.nl\\\/wp-content\\\/uploads\\\/amstel_printing_logo_clean.png\",\"width\":324,\"height\":73,\"caption\":\"Amstel Printing\"},\"image\":{\"@id\":\"https:\\\/\\\/www.amstelprinting.nl\\\/es\\\/#\\\/schema\\\/logo\\\/image\\\/\"}}]}<\/script>\n<!-- \/ Yoast SEO plugin. -->","yoast_head_json":{"title":"Alfombrillas | Amstel Printing","robots":{"index":"index","follow":"follow","max-snippet":"max-snippet:-1","max-image-preview":"max-image-preview:large","max-video-preview":"max-video-preview:-1"},"canonical":"https:\/\/www.amstelprinting.nl\/es\/tienda\/interior\/decoracion-del-suelo\/alfombrillas\/","og_locale":"es_ES","og_type":"article","og_title":"Alfombrillas | Amstel Printing","og_description":"Transforme cualquier espacio interior con la ayuda de nuestras alfombrillas de alta calidad. Elija entre la alfombrilla de entrada o el vinilo para suelo seg\u00fan sus deseos. Ambas opciones de alfombrillas est\u00e1n dise\u00f1adas para ofrecer un confort, seguridad y protecci\u00f3n \u00f3ptimos para el suelo subyacente. Totalmente equipadas con una impresi\u00f3n integral n\u00edtida seg\u00fan sus deseos.","og_url":"https:\/\/www.amstelprinting.nl\/es\/tienda\/interior\/decoracion-del-suelo\/alfombrillas\/","og_site_name":"Amstel Printing","article_modified_time":"2026-02-18T11:48:32+00:00","og_image":[{"width":700,"height":700,"url":"https:\/\/www.amstelprinting.nl\/wp-content\/uploads\/Vloerzeil2-1.jpg","type":"image\/jpeg"}],"twitter_card":"summary_large_image","twitter_misc":{"Tiempo de lectura":"2 minutos"},"schema":{"@context":"https:\/\/schema.org","@graph":[{"@type":"WebPage","@id":"https:\/\/www.amstelprinting.nl\/es\/tienda\/interior\/decoracion-del-suelo\/alfombrillas\/","url":"https:\/\/www.amstelprinting.nl\/es\/tienda\/interior\/decoracion-del-suelo\/alfombrillas\/","name":"Alfombrillas | Amstel Printing","isPartOf":{"@id":"https:\/\/www.amstelprinting.nl\/es\/#website"},"primaryImageOfPage":{"@id":"https:\/\/www.amstelprinting.nl\/es\/tienda\/interior\/decoracion-del-suelo\/alfombrillas\/#primaryimage"},"image":{"@id":"https:\/\/www.amstelprinting.nl\/es\/tienda\/interior\/decoracion-del-suelo\/alfombrillas\/#primaryimage"},"thumbnailUrl":"https:\/\/www.amstelprinting.nl\/wp-content\/uploads\/Vloerzeil2-1.jpg","datePublished":"2025-01-24T10:13:42+00:00","dateModified":"2026-02-18T11:48:32+00:00","breadcrumb":{"@id":"https:\/\/www.amstelprinting.nl\/es\/tienda\/interior\/decoracion-del-suelo\/alfombrillas\/#breadcrumb"},"inLanguage":"es","potentialAction":[{"@type":"ReadAction","target":["https:\/\/www.amstelprinting.nl\/es\/tienda\/interior\/decoracion-del-suelo\/alfombrillas\/"]}]},{"@type":"ImageObject","inLanguage":"es","@id":"https:\/\/www.amstelprinting.nl\/es\/tienda\/interior\/decoracion-del-suelo\/alfombrillas\/#primaryimage","url":"https:\/\/www.amstelprinting.nl\/wp-content\/uploads\/Vloerzeil2-1.jpg","contentUrl":"https:\/\/www.amstelprinting.nl\/wp-content\/uploads\/Vloerzeil2-1.jpg","width":700,"height":700},{"@type":"BreadcrumbList","@id":"https:\/\/www.amstelprinting.nl\/es\/tienda\/interior\/decoracion-del-suelo\/alfombrillas\/#breadcrumb","itemListElement":[{"@type":"ListItem","position":1,"name":"","item":"https:\/\/www.amstelprinting.nl\/es\/"},{"@type":"ListItem","position":2,"name":"Amstel Printing","item":"https:\/\/www.amstelprinting.nl\/es\/comercio\/"},{"@type":"ListItem","position":3,"name":"Feria y evento","item":"https:\/\/www.amstelprinting.nl\/es\/categor\u00eda\/feria-y-evento\/"},{"@type":"ListItem","position":4,"name":"Decoraci\u00f3n","item":"https:\/\/www.amstelprinting.nl\/es\/categor\u00eda\/feria-y-evento\/decoracion\/"},{"@type":"ListItem","position":5,"name":"Alfombrillas"}]},{"@type":"WebSite","@id":"https:\/\/www.amstelprinting.nl\/es\/#website","url":"https:\/\/www.amstelprinting.nl\/es\/","name":"Amstel Printing","description":"Creating Exposure","publisher":{"@id":"https:\/\/www.amstelprinting.nl\/es\/#organization"},"potentialAction":[{"@type":"SearchAction","target":{"@type":"EntryPoint","urlTemplate":"https:\/\/www.amstelprinting.nl\/es\/?s={search_term_string}"},"query-input":{"@type":"PropertyValueSpecification","valueRequired":true,"valueName":"search_term_string"}}],"inLanguage":"es"},{"@type":"Organization","@id":"https:\/\/www.amstelprinting.nl\/es\/#organization","name":"Amstel Printing","url":"https:\/\/www.amstelprinting.nl\/es\/","logo":{"@type":"ImageObject","inLanguage":"es","@id":"https:\/\/www.amstelprinting.nl\/es\/#\/schema\/logo\/image\/","url":"https:\/\/www.amstelprinting.nl\/wp-content\/uploads\/amstel_printing_logo_clean.png","contentUrl":"https:\/\/www.amstelprinting.nl\/wp-content\/uploads\/amstel_printing_logo_clean.png","width":324,"height":73,"caption":"Amstel Printing"},"image":{"@id":"https:\/\/www.amstelprinting.nl\/es\/#\/schema\/logo\/image\/"}}]}},"_links":{"self":[{"href":"https:\/\/www.amstelprinting.nl\/es\/wp-json\/wp\/v2\/product\/15197","targetHints":{"allow":["GET"]}}],"collection":[{"href":"https:\/\/www.amstelprinting.nl\/es\/wp-json\/wp\/v2\/product"}],"about":[{"href":"https:\/\/www.amstelprinting.nl\/es\/wp-json\/wp\/v2\/types\/product"}],"wp:featuredmedia":[{"embeddable":true,"href":"https:\/\/www.amstelprinting.nl\/es\/wp-json\/wp\/v2\/media\/15199"}],"wp:attachment":[{"href":"https:\/\/www.amstelprinting.nl\/es\/wp-json\/wp\/v2\/media?parent=15197"}],"wp:term":[{"taxonomy":"product_brand","embeddable":true,"href":"https:\/\/www.amstelprinting.nl\/es\/wp-json\/wp\/v2\/product_brand?post=15197"},{"taxonomy":"product_cat","embeddable":true,"href":"https:\/\/www.amstelprinting.nl\/es\/wp-json\/wp\/v2\/product_cat?post=15197"},{"taxonomy":"product_tag","embeddable":true,"href":"https:\/\/www.amstelprinting.nl\/es\/wp-json\/wp\/v2\/product_tag?post=15197"}],"curies":[{"name":"wp","href":"https:\/\/api.w.org\/{rel}","templated":true}]}}