{"id":15208,"date":"2025-01-23T21:05:11","date_gmt":"2025-01-23T20:05:11","guid":{"rendered":"https:\/\/www.amstelprinting.nl\/winkel\/sin%20categor\u00eda\/deurmat\/"},"modified":"2026-02-18T12:48:32","modified_gmt":"2026-02-18T11:48:32","slug":"felpudo","status":"publish","type":"product","link":"https:\/\/www.amstelprinting.nl\/es\/tienda\/interior\/casa-y-amp-industria-de-la-restauracion\/felpudo\/","title":{"rendered":"Felpudo"},"content":{"rendered":"<h3>Impresi\u00f3n de felpudos<\/h3>\n<p>Un felpudo personalizado con una impresi\u00f3n a su gusto a\u00f1ade valor a la apariencia de cualquier entrada. Combine diferentes funcionalidades: promocione su mensaje o marca y, al mismo tiempo, mantenga la suciedad fuera de la puerta. Los felpudos impresos son perfectos tanto para aplicaciones interiores como exteriores y se pueden pedir en cualquier tama\u00f1o y forma deseados. Adem\u00e1s, los felpudos son seguros de usar; por un lado, son antideslizantes y, por otro, el material es ign\u00edfugo.<\/p>\n<h3>\u00bfPor qu\u00e9 pedir felpudos?<\/h3>\n<ul>\n<li>Pida el felpudo en el tama\u00f1o que desee<\/li>\n<li>Entrega en tan solo 4 d\u00edas h\u00e1biles<\/li>\n<li>Disponible en cualquier forma deseada (corte de contorno)<\/li>\n<li>Calidad de impresi\u00f3n de alta gama para un dise\u00f1o propio o un patr\u00f3n de su elecci\u00f3n<\/li>\n<li>Equipado con antideslizante y provisto de propiedades resistentes al desgaste<\/li>\n<li>Pida f\u00e1cilmente accesorios opcionales (cinta de doble cara)<\/li>\n<li>Cumple con las normas de seguridad contra incendios con el certificado de incendio para vinilo de suelo<\/li>\n<\/ul>\n<p>&nbsp;<\/p>\n<h3>\u00bfQu\u00e9 felpudo es adecuado para mi entrada?<br \/>\nElija entre 3 opciones.<\/h3>\n<p>Amstel Printing tiene tres felpudos personalizables diferentes en su gama: la <strong>alfombra antisuciedad<\/strong>, el <strong>vinilo de suelo<\/strong> y el <strong>felpudo para exterior<\/strong>. A continuaci\u00f3n, explicamos brevemente las propiedades de cada tipo de alfombra de suelo. De este modo, podr\u00e1 encargar la impresi\u00f3n del felpudo adecuado de forma r\u00e1pida y sencilla.<\/p>\n<h4>1. Alfombra antisuciedad (con antideslizante)<\/h4>\n<p>La alfombra antisuciedad es un felpudo de pelo corto. Como su nombre indica, la alfombra antisuciedad retiene la suciedad y la humedad. Como resultado, los suelos permanecen limpios durante m\u00e1s tiempo y, por consiguiente, se desgastan con menor rapidez. El felpudo antisuciedad consta de una cara frontal estructurada de fibras sint\u00e9ticas. La parte posterior est\u00e1 provista de un soporte de TPE. Se trata de material reciclado que garantiza un alto valor antideslizante.<\/p>\n<h4>2. Vinilo de suelo (aplicaciones temporales)<\/h4>\n<p>Vinilo con una cara frontal antideslizante estructurada y una parte posterior de espuma. Perfecto para aplicaciones temporales como ferias y eventos.<\/p>\n<h4>3. Alfombra de suelo para exterior<\/h4>\n<p>La alfombra de suelo para exterior est\u00e1 fabricada con material resistente al desgaste de alta calidad, lo que garantiza una larga vida \u00fatil. Incluso con un uso intensivo.<\/p>\n","protected":false},"excerpt":{"rendered":"<h3>Impresi\u00f3n de felpudo con dise\u00f1o propio.<\/h3>\n<p>Cree una c\u00e1lida bienvenida y mantenga los suelos limpios. Con nosotros puede pedir felpudos con una impresi\u00f3n o dise\u00f1o propio de su elecci\u00f3n. Usted mismo elige el tama\u00f1o y la forma. El felpudo impreso est\u00e1 disponible como alfombra antisuciedad (con antideslizante), vinilo de suelo (uso temporal) o como felpudo de exterior (apto para fuera). Configure su felpudo impreso en unos pocos pasos a continuaci\u00f3n.<\/p>\n","protected":false},"featured_media":15209,"template":"","meta":{"_et_pb_use_builder":"","_et_pb_old_content":"","_et_gb_content_width":""},"product_brand":[],"product_cat":[565,571,545],"product_tag":[],"class_list":{"0":"post-15208","1":"product","2":"type-product","3":"status-publish","4":"has-post-thumbnail","6":"product_cat-casa-y-amp-industria-de-la-restauracion","7":"product_cat-decoracion-del-suelo","8":"product_cat-interior","10":"first","11":"instock","12":"taxable","13":"shipping-taxable","14":"purchasable","15":"product-type-simple"},"yoast_head":"<!-- This site is optimized with the Yoast SEO plugin v27.3 - https:\/\/yoast.com\/product\/yoast-seo-wordpress\/ -->\n<title>Felpudo | Amstel Printing<\/title>\n<meta name=\"robots\" content=\"index, follow, max-snippet:-1, max-image-preview:large, max-video-preview:-1\" \/>\n<link rel=\"canonical\" href=\"https:\/\/www.amstelprinting.nl\/es\/tienda\/interior\/casa-y-amp-industria-de-la-restauracion\/felpudo\/\" \/>\n<meta property=\"og:locale\" content=\"es_ES\" \/>\n<meta property=\"og:type\" content=\"article\" \/>\n<meta property=\"og:title\" content=\"Felpudo | Amstel Printing\" \/>\n<meta property=\"og:description\" content=\"Impresi\u00f3n de felpudo con dise\u00f1o propio. Cree una c\u00e1lida bienvenida y mantenga los suelos limpios. Con nosotros puede pedir felpudos con una impresi\u00f3n o dise\u00f1o propio de su elecci\u00f3n. Usted mismo elige el tama\u00f1o y la forma. El felpudo impreso est\u00e1 disponible como alfombra antisuciedad (con antideslizante), vinilo de suelo (uso temporal) o como felpudo de exterior (apto para fuera). Configure su felpudo impreso en unos pocos pasos a continuaci\u00f3n.\" \/>\n<meta property=\"og:url\" content=\"https:\/\/www.amstelprinting.nl\/es\/tienda\/interior\/casa-y-amp-industria-de-la-restauracion\/felpudo\/\" \/>\n<meta property=\"og:site_name\" content=\"Amstel Printing\" \/>\n<meta property=\"article:modified_time\" content=\"2026-02-18T11:48:32+00:00\" \/>\n<meta property=\"og:image\" content=\"https:\/\/www.amstelprinting.nl\/wp-content\/uploads\/Outdoor-vloermat.jpg\" \/>\n\t<meta property=\"og:image:width\" content=\"700\" \/>\n\t<meta property=\"og:image:height\" content=\"700\" \/>\n\t<meta property=\"og:image:type\" content=\"image\/jpeg\" \/>\n<meta name=\"twitter:card\" content=\"summary_large_image\" \/>\n<meta name=\"twitter:label1\" content=\"Tiempo de lectura\" \/>\n\t<meta name=\"twitter:data1\" content=\"2 minutos\" \/>\n<script type=\"application\/ld+json\" class=\"yoast-schema-graph\">{\"@context\":\"https:\\\/\\\/schema.org\",\"@graph\":[{\"@type\":\"WebPage\",\"@id\":\"https:\\\/\\\/www.amstelprinting.nl\\\/es\\\/tienda\\\/interior\\\/casa-y-amp-industria-de-la-restauracion\\\/felpudo\\\/\",\"url\":\"https:\\\/\\\/www.amstelprinting.nl\\\/es\\\/tienda\\\/interior\\\/casa-y-amp-industria-de-la-restauracion\\\/felpudo\\\/\",\"name\":\"Felpudo | Amstel Printing\",\"isPartOf\":{\"@id\":\"https:\\\/\\\/www.amstelprinting.nl\\\/es\\\/#website\"},\"primaryImageOfPage\":{\"@id\":\"https:\\\/\\\/www.amstelprinting.nl\\\/es\\\/tienda\\\/interior\\\/casa-y-amp-industria-de-la-restauracion\\\/felpudo\\\/#primaryimage\"},\"image\":{\"@id\":\"https:\\\/\\\/www.amstelprinting.nl\\\/es\\\/tienda\\\/interior\\\/casa-y-amp-industria-de-la-restauracion\\\/felpudo\\\/#primaryimage\"},\"thumbnailUrl\":\"https:\\\/\\\/www.amstelprinting.nl\\\/wp-content\\\/uploads\\\/Outdoor-vloermat.jpg\",\"datePublished\":\"2025-01-23T20:05:11+00:00\",\"dateModified\":\"2026-02-18T11:48:32+00:00\",\"breadcrumb\":{\"@id\":\"https:\\\/\\\/www.amstelprinting.nl\\\/es\\\/tienda\\\/interior\\\/casa-y-amp-industria-de-la-restauracion\\\/felpudo\\\/#breadcrumb\"},\"inLanguage\":\"es\",\"potentialAction\":[{\"@type\":\"ReadAction\",\"target\":[\"https:\\\/\\\/www.amstelprinting.nl\\\/es\\\/tienda\\\/interior\\\/casa-y-amp-industria-de-la-restauracion\\\/felpudo\\\/\"]}]},{\"@type\":\"ImageObject\",\"inLanguage\":\"es\",\"@id\":\"https:\\\/\\\/www.amstelprinting.nl\\\/es\\\/tienda\\\/interior\\\/casa-y-amp-industria-de-la-restauracion\\\/felpudo\\\/#primaryimage\",\"url\":\"https:\\\/\\\/www.amstelprinting.nl\\\/wp-content\\\/uploads\\\/Outdoor-vloermat.jpg\",\"contentUrl\":\"https:\\\/\\\/www.amstelprinting.nl\\\/wp-content\\\/uploads\\\/Outdoor-vloermat.jpg\",\"width\":700,\"height\":700},{\"@type\":\"BreadcrumbList\",\"@id\":\"https:\\\/\\\/www.amstelprinting.nl\\\/es\\\/tienda\\\/interior\\\/casa-y-amp-industria-de-la-restauracion\\\/felpudo\\\/#breadcrumb\",\"itemListElement\":[{\"@type\":\"ListItem\",\"position\":1,\"name\":\"\",\"item\":\"https:\\\/\\\/www.amstelprinting.nl\\\/es\\\/\"},{\"@type\":\"ListItem\",\"position\":2,\"name\":\"Amstel Printing\",\"item\":\"https:\\\/\\\/www.amstelprinting.nl\\\/es\\\/comercio\\\/\"},{\"@type\":\"ListItem\",\"position\":3,\"name\":\"Interior\",\"item\":\"https:\\\/\\\/www.amstelprinting.nl\\\/es\\\/categor\u00eda\\\/interior\\\/\"},{\"@type\":\"ListItem\",\"position\":4,\"name\":\"Casa y amp; industria de la restauraci\u00f3n\",\"item\":\"https:\\\/\\\/www.amstelprinting.nl\\\/es\\\/categor\u00eda\\\/interior\\\/casa-y-amp-industria-de-la-restauracion\\\/\"},{\"@type\":\"ListItem\",\"position\":5,\"name\":\"Felpudo\"}]},{\"@type\":\"WebSite\",\"@id\":\"https:\\\/\\\/www.amstelprinting.nl\\\/es\\\/#website\",\"url\":\"https:\\\/\\\/www.amstelprinting.nl\\\/es\\\/\",\"name\":\"Amstel Printing\",\"description\":\"Creating Exposure\",\"publisher\":{\"@id\":\"https:\\\/\\\/www.amstelprinting.nl\\\/es\\\/#organization\"},\"potentialAction\":[{\"@type\":\"SearchAction\",\"target\":{\"@type\":\"EntryPoint\",\"urlTemplate\":\"https:\\\/\\\/www.amstelprinting.nl\\\/es\\\/?s={search_term_string}\"},\"query-input\":{\"@type\":\"PropertyValueSpecification\",\"valueRequired\":true,\"valueName\":\"search_term_string\"}}],\"inLanguage\":\"es\"},{\"@type\":\"Organization\",\"@id\":\"https:\\\/\\\/www.amstelprinting.nl\\\/es\\\/#organization\",\"name\":\"Amstel Printing\",\"url\":\"https:\\\/\\\/www.amstelprinting.nl\\\/es\\\/\",\"logo\":{\"@type\":\"ImageObject\",\"inLanguage\":\"es\",\"@id\":\"https:\\\/\\\/www.amstelprinting.nl\\\/es\\\/#\\\/schema\\\/logo\\\/image\\\/\",\"url\":\"https:\\\/\\\/www.amstelprinting.nl\\\/wp-content\\\/uploads\\\/amstel_printing_logo_clean.png\",\"contentUrl\":\"https:\\\/\\\/www.amstelprinting.nl\\\/wp-content\\\/uploads\\\/amstel_printing_logo_clean.png\",\"width\":324,\"height\":73,\"caption\":\"Amstel Printing\"},\"image\":{\"@id\":\"https:\\\/\\\/www.amstelprinting.nl\\\/es\\\/#\\\/schema\\\/logo\\\/image\\\/\"}}]}<\/script>\n<!-- \/ Yoast SEO plugin. -->","yoast_head_json":{"title":"Felpudo | Amstel Printing","robots":{"index":"index","follow":"follow","max-snippet":"max-snippet:-1","max-image-preview":"max-image-preview:large","max-video-preview":"max-video-preview:-1"},"canonical":"https:\/\/www.amstelprinting.nl\/es\/tienda\/interior\/casa-y-amp-industria-de-la-restauracion\/felpudo\/","og_locale":"es_ES","og_type":"article","og_title":"Felpudo | Amstel Printing","og_description":"Impresi\u00f3n de felpudo con dise\u00f1o propio. Cree una c\u00e1lida bienvenida y mantenga los suelos limpios. Con nosotros puede pedir felpudos con una impresi\u00f3n o dise\u00f1o propio de su elecci\u00f3n. Usted mismo elige el tama\u00f1o y la forma. El felpudo impreso est\u00e1 disponible como alfombra antisuciedad (con antideslizante), vinilo de suelo (uso temporal) o como felpudo de exterior (apto para fuera). Configure su felpudo impreso en unos pocos pasos a continuaci\u00f3n.","og_url":"https:\/\/www.amstelprinting.nl\/es\/tienda\/interior\/casa-y-amp-industria-de-la-restauracion\/felpudo\/","og_site_name":"Amstel Printing","article_modified_time":"2026-02-18T11:48:32+00:00","og_image":[{"width":700,"height":700,"url":"https:\/\/www.amstelprinting.nl\/wp-content\/uploads\/Outdoor-vloermat.jpg","type":"image\/jpeg"}],"twitter_card":"summary_large_image","twitter_misc":{"Tiempo de lectura":"2 minutos"},"schema":{"@context":"https:\/\/schema.org","@graph":[{"@type":"WebPage","@id":"https:\/\/www.amstelprinting.nl\/es\/tienda\/interior\/casa-y-amp-industria-de-la-restauracion\/felpudo\/","url":"https:\/\/www.amstelprinting.nl\/es\/tienda\/interior\/casa-y-amp-industria-de-la-restauracion\/felpudo\/","name":"Felpudo | Amstel Printing","isPartOf":{"@id":"https:\/\/www.amstelprinting.nl\/es\/#website"},"primaryImageOfPage":{"@id":"https:\/\/www.amstelprinting.nl\/es\/tienda\/interior\/casa-y-amp-industria-de-la-restauracion\/felpudo\/#primaryimage"},"image":{"@id":"https:\/\/www.amstelprinting.nl\/es\/tienda\/interior\/casa-y-amp-industria-de-la-restauracion\/felpudo\/#primaryimage"},"thumbnailUrl":"https:\/\/www.amstelprinting.nl\/wp-content\/uploads\/Outdoor-vloermat.jpg","datePublished":"2025-01-23T20:05:11+00:00","dateModified":"2026-02-18T11:48:32+00:00","breadcrumb":{"@id":"https:\/\/www.amstelprinting.nl\/es\/tienda\/interior\/casa-y-amp-industria-de-la-restauracion\/felpudo\/#breadcrumb"},"inLanguage":"es","potentialAction":[{"@type":"ReadAction","target":["https:\/\/www.amstelprinting.nl\/es\/tienda\/interior\/casa-y-amp-industria-de-la-restauracion\/felpudo\/"]}]},{"@type":"ImageObject","inLanguage":"es","@id":"https:\/\/www.amstelprinting.nl\/es\/tienda\/interior\/casa-y-amp-industria-de-la-restauracion\/felpudo\/#primaryimage","url":"https:\/\/www.amstelprinting.nl\/wp-content\/uploads\/Outdoor-vloermat.jpg","contentUrl":"https:\/\/www.amstelprinting.nl\/wp-content\/uploads\/Outdoor-vloermat.jpg","width":700,"height":700},{"@type":"BreadcrumbList","@id":"https:\/\/www.amstelprinting.nl\/es\/tienda\/interior\/casa-y-amp-industria-de-la-restauracion\/felpudo\/#breadcrumb","itemListElement":[{"@type":"ListItem","position":1,"name":"","item":"https:\/\/www.amstelprinting.nl\/es\/"},{"@type":"ListItem","position":2,"name":"Amstel Printing","item":"https:\/\/www.amstelprinting.nl\/es\/comercio\/"},{"@type":"ListItem","position":3,"name":"Interior","item":"https:\/\/www.amstelprinting.nl\/es\/categor\u00eda\/interior\/"},{"@type":"ListItem","position":4,"name":"Casa y amp; industria de la restauraci\u00f3n","item":"https:\/\/www.amstelprinting.nl\/es\/categor\u00eda\/interior\/casa-y-amp-industria-de-la-restauracion\/"},{"@type":"ListItem","position":5,"name":"Felpudo"}]},{"@type":"WebSite","@id":"https:\/\/www.amstelprinting.nl\/es\/#website","url":"https:\/\/www.amstelprinting.nl\/es\/","name":"Amstel Printing","description":"Creating Exposure","publisher":{"@id":"https:\/\/www.amstelprinting.nl\/es\/#organization"},"potentialAction":[{"@type":"SearchAction","target":{"@type":"EntryPoint","urlTemplate":"https:\/\/www.amstelprinting.nl\/es\/?s={search_term_string}"},"query-input":{"@type":"PropertyValueSpecification","valueRequired":true,"valueName":"search_term_string"}}],"inLanguage":"es"},{"@type":"Organization","@id":"https:\/\/www.amstelprinting.nl\/es\/#organization","name":"Amstel Printing","url":"https:\/\/www.amstelprinting.nl\/es\/","logo":{"@type":"ImageObject","inLanguage":"es","@id":"https:\/\/www.amstelprinting.nl\/es\/#\/schema\/logo\/image\/","url":"https:\/\/www.amstelprinting.nl\/wp-content\/uploads\/amstel_printing_logo_clean.png","contentUrl":"https:\/\/www.amstelprinting.nl\/wp-content\/uploads\/amstel_printing_logo_clean.png","width":324,"height":73,"caption":"Amstel Printing"},"image":{"@id":"https:\/\/www.amstelprinting.nl\/es\/#\/schema\/logo\/image\/"}}]}},"_links":{"self":[{"href":"https:\/\/www.amstelprinting.nl\/es\/wp-json\/wp\/v2\/product\/15208","targetHints":{"allow":["GET"]}}],"collection":[{"href":"https:\/\/www.amstelprinting.nl\/es\/wp-json\/wp\/v2\/product"}],"about":[{"href":"https:\/\/www.amstelprinting.nl\/es\/wp-json\/wp\/v2\/types\/product"}],"wp:featuredmedia":[{"embeddable":true,"href":"https:\/\/www.amstelprinting.nl\/es\/wp-json\/wp\/v2\/media\/15209"}],"wp:attachment":[{"href":"https:\/\/www.amstelprinting.nl\/es\/wp-json\/wp\/v2\/media?parent=15208"}],"wp:term":[{"taxonomy":"product_brand","embeddable":true,"href":"https:\/\/www.amstelprinting.nl\/es\/wp-json\/wp\/v2\/product_brand?post=15208"},{"taxonomy":"product_cat","embeddable":true,"href":"https:\/\/www.amstelprinting.nl\/es\/wp-json\/wp\/v2\/product_cat?post=15208"},{"taxonomy":"product_tag","embeddable":true,"href":"https:\/\/www.amstelprinting.nl\/es\/wp-json\/wp\/v2\/product_tag?post=15208"}],"curies":[{"name":"wp","href":"https:\/\/api.w.org\/{rel}","templated":true}]}}