{"id":15222,"date":"2025-01-23T21:05:08","date_gmt":"2025-01-23T20:05:08","guid":{"rendered":"https:\/\/www.amstelprinting.nl\/winkel\/sin%20categor\u00eda\/schoonloopmat\/"},"modified":"2026-02-18T12:48:33","modified_gmt":"2026-02-18T11:48:33","slug":"felpudo-antisuciedad","status":"publish","type":"product","link":"https:\/\/www.amstelprinting.nl\/es\/tienda\/interior\/decoracion-del-suelo\/felpudo-antisuciedad\/","title":{"rendered":"Felpudo antisuciedad"},"content":{"rendered":"<h3>Impresi\u00f3n de felpudo antisuciedad<\/h3>\n<p>El felpudo antisuciedad es una alfombra de entrada de pelo corto. Como su nombre indica, el felpudo antisuciedad retiene la suciedad y la humedad. Gracias a esto, los suelos permanecen limpios durante m\u00e1s tiempo y, como consecuencia, se desgastan menos r\u00e1pido. El felpudo antisuciedad consta de una parte frontal estructurada de fibras sint\u00e9ticas. La parte posterior cuenta con un soporte de TPE. Se trata de un material reciclado que garantiza un alto valor antideslizante.<\/p>\n<h3>Aplicaci\u00f3n del felpudo antisuciedad<\/h3>\n<p>El felpudo antisuciedad es perfecto para la entrada de una vivienda particular, un espacio de oficina concurrido o un entorno comercial.<\/p>\n<h3>\u00bfPor qu\u00e9 pedir un felpudo antisuciedad?<\/h3>\n<ul>\n<li>Garant\u00eda de excelente absorci\u00f3n de suciedad y humedad<\/li>\n<li>Se puede pedir totalmente en sus propias dimensiones y forma<\/li>\n<li>Se mantiene bien en su lugar gracias a la capa antideslizante<\/li>\n<li>Tambi\u00e9n apto para suelos con calefacci\u00f3n radiante<\/li>\n<li>Fabricado con material resistente al corte (posibilidad de corte a medida posterior)<\/li>\n<li>Lavable a 30 grados cent\u00edgrados<\/li>\n<li>Calidad superior que no se deshilacha (no requiere acabado de bordes)<\/li>\n<li>Equipado con una impresi\u00f3n resistente al desgaste en toda la superficie a todo color<\/li>\n<\/ul>\n<p>&nbsp;<\/p>\n<h3>Tama\u00f1o del felpudo antisuciedad<\/h3>\n<p>Nuestros felpudos antisuciedad est\u00e1n disponibles en anchos de hasta 198 cm y alturas de hasta 700 cm (en una sola pieza), lo que le permite pedir la alfombra cortada exactamente a medida. Puede optar por que el felpudo se corte en el tama\u00f1o deseado o siguiendo los contornos de su dise\u00f1o.<\/p>\n<h3>Material del felpudo antisuciedad<\/h3>\n<p>Nuestro felpudo antisuciedad cuenta con una parte frontal estructurada hecha de fibra sint\u00e9tica (terciopelo de fibra sint\u00e9tica PA). Esto garantiza una excelente absorci\u00f3n tanto de suciedad como de humedad. De este modo, su suelo se mantiene limpio y seco. La parte posterior de la alfombra tambi\u00e9n cuenta con un soporte de TPE de material reciclado. Esto garantiza adem\u00e1s un alto valor antideslizante. El felpudo antisuciedad es adecuado para todo tipo de suelos, incluidos los suelos con calefacci\u00f3n radiante. La impresi\u00f3n resistente al desgaste no solo proporciona un aspecto profesional, sino que tambi\u00e9n es resistente al desgaste bajo un uso intensivo.<\/p>\n","protected":false},"excerpt":{"rendered":"<h3>Impresi\u00f3n de felpudo antisuciedad: mantiene la humedad y la suciedad fuera<\/h3>\n<p>Con un felpudo antisuciedad, la suciedad y la humedad se capturan al m\u00e1ximo en la entrada, manteniendo sus suelos bonitos por m\u00e1s tiempo. Cree una entrada magn\u00edfica personalizando el felpudo con una impresi\u00f3n de su logotipo, imagen o patr\u00f3n de su elecci\u00f3n. Ideal para empresas, tiendas o espacios p\u00fablicos. Adem\u00e1s, el felpudo antisuciedad cuenta con una capa antideslizante. Usted mismo determina el tama\u00f1o y la forma del felpudo impreso.<\/p>\n","protected":false},"featured_media":15224,"template":"","meta":{"_et_pb_use_builder":"","_et_pb_old_content":"","_et_gb_content_width":""},"product_brand":[],"product_cat":[571,545,630],"product_tag":[],"class_list":{"0":"post-15222","1":"product","2":"type-product","3":"status-publish","4":"has-post-thumbnail","6":"product_cat-decoracion-del-suelo","7":"product_cat-interior","8":"product_cat-oficina","10":"first","11":"instock","12":"taxable","13":"shipping-taxable","14":"purchasable","15":"product-type-simple"},"yoast_head":"<!-- This site is optimized with the Yoast SEO plugin v27.3 - https:\/\/yoast.com\/product\/yoast-seo-wordpress\/ -->\n<title>Felpudo antisuciedad | Amstel Printing<\/title>\n<meta name=\"robots\" content=\"index, follow, max-snippet:-1, max-image-preview:large, max-video-preview:-1\" \/>\n<link rel=\"canonical\" href=\"https:\/\/www.amstelprinting.nl\/es\/tienda\/interior\/decoracion-del-suelo\/felpudo-antisuciedad\/\" \/>\n<meta property=\"og:locale\" content=\"es_ES\" \/>\n<meta property=\"og:type\" content=\"article\" \/>\n<meta property=\"og:title\" content=\"Felpudo antisuciedad | Amstel Printing\" \/>\n<meta property=\"og:description\" content=\"Impresi\u00f3n de felpudo antisuciedad: mantiene la humedad y la suciedad fuera Con un felpudo antisuciedad, la suciedad y la humedad se capturan al m\u00e1ximo en la entrada, manteniendo sus suelos bonitos por m\u00e1s tiempo. Cree una entrada magn\u00edfica personalizando el felpudo con una impresi\u00f3n de su logotipo, imagen o patr\u00f3n de su elecci\u00f3n. Ideal para empresas, tiendas o espacios p\u00fablicos. Adem\u00e1s, el felpudo antisuciedad cuenta con una capa antideslizante. Usted mismo determina el tama\u00f1o y la forma del felpudo impreso.\" \/>\n<meta property=\"og:url\" content=\"https:\/\/www.amstelprinting.nl\/es\/tienda\/interior\/decoracion-del-suelo\/felpudo-antisuciedad\/\" \/>\n<meta property=\"og:site_name\" content=\"Amstel Printing\" \/>\n<meta property=\"article:modified_time\" content=\"2026-02-18T11:48:33+00:00\" \/>\n<meta property=\"og:image\" content=\"https:\/\/www.amstelprinting.nl\/wp-content\/uploads\/Vloermatten-bedrukken-schoonloopmat.jpg\" \/>\n\t<meta property=\"og:image:width\" content=\"2001\" \/>\n\t<meta property=\"og:image:height\" content=\"2001\" \/>\n\t<meta property=\"og:image:type\" content=\"image\/jpeg\" \/>\n<meta name=\"twitter:card\" content=\"summary_large_image\" \/>\n<meta name=\"twitter:label1\" content=\"Tiempo de lectura\" \/>\n\t<meta name=\"twitter:data1\" content=\"2 minutos\" \/>\n<script type=\"application\/ld+json\" class=\"yoast-schema-graph\">{\"@context\":\"https:\\\/\\\/schema.org\",\"@graph\":[{\"@type\":\"WebPage\",\"@id\":\"https:\\\/\\\/www.amstelprinting.nl\\\/es\\\/tienda\\\/interior\\\/decoracion-del-suelo\\\/felpudo-antisuciedad\\\/\",\"url\":\"https:\\\/\\\/www.amstelprinting.nl\\\/es\\\/tienda\\\/interior\\\/decoracion-del-suelo\\\/felpudo-antisuciedad\\\/\",\"name\":\"Felpudo antisuciedad | Amstel Printing\",\"isPartOf\":{\"@id\":\"https:\\\/\\\/www.amstelprinting.nl\\\/es\\\/#website\"},\"primaryImageOfPage\":{\"@id\":\"https:\\\/\\\/www.amstelprinting.nl\\\/es\\\/tienda\\\/interior\\\/decoracion-del-suelo\\\/felpudo-antisuciedad\\\/#primaryimage\"},\"image\":{\"@id\":\"https:\\\/\\\/www.amstelprinting.nl\\\/es\\\/tienda\\\/interior\\\/decoracion-del-suelo\\\/felpudo-antisuciedad\\\/#primaryimage\"},\"thumbnailUrl\":\"https:\\\/\\\/www.amstelprinting.nl\\\/wp-content\\\/uploads\\\/Vloermatten-bedrukken-schoonloopmat.jpg\",\"datePublished\":\"2025-01-23T20:05:08+00:00\",\"dateModified\":\"2026-02-18T11:48:33+00:00\",\"breadcrumb\":{\"@id\":\"https:\\\/\\\/www.amstelprinting.nl\\\/es\\\/tienda\\\/interior\\\/decoracion-del-suelo\\\/felpudo-antisuciedad\\\/#breadcrumb\"},\"inLanguage\":\"es\",\"potentialAction\":[{\"@type\":\"ReadAction\",\"target\":[\"https:\\\/\\\/www.amstelprinting.nl\\\/es\\\/tienda\\\/interior\\\/decoracion-del-suelo\\\/felpudo-antisuciedad\\\/\"]}]},{\"@type\":\"ImageObject\",\"inLanguage\":\"es\",\"@id\":\"https:\\\/\\\/www.amstelprinting.nl\\\/es\\\/tienda\\\/interior\\\/decoracion-del-suelo\\\/felpudo-antisuciedad\\\/#primaryimage\",\"url\":\"https:\\\/\\\/www.amstelprinting.nl\\\/wp-content\\\/uploads\\\/Vloermatten-bedrukken-schoonloopmat.jpg\",\"contentUrl\":\"https:\\\/\\\/www.amstelprinting.nl\\\/wp-content\\\/uploads\\\/Vloermatten-bedrukken-schoonloopmat.jpg\",\"width\":2001,\"height\":2001},{\"@type\":\"BreadcrumbList\",\"@id\":\"https:\\\/\\\/www.amstelprinting.nl\\\/es\\\/tienda\\\/interior\\\/decoracion-del-suelo\\\/felpudo-antisuciedad\\\/#breadcrumb\",\"itemListElement\":[{\"@type\":\"ListItem\",\"position\":1,\"name\":\"\",\"item\":\"https:\\\/\\\/www.amstelprinting.nl\\\/es\\\/\"},{\"@type\":\"ListItem\",\"position\":2,\"name\":\"Amstel Printing\",\"item\":\"https:\\\/\\\/www.amstelprinting.nl\\\/es\\\/comercio\\\/\"},{\"@type\":\"ListItem\",\"position\":3,\"name\":\"Interior\",\"item\":\"https:\\\/\\\/www.amstelprinting.nl\\\/es\\\/categor\u00eda\\\/interior\\\/\"},{\"@type\":\"ListItem\",\"position\":4,\"name\":\"Oficina\",\"item\":\"https:\\\/\\\/www.amstelprinting.nl\\\/es\\\/categor\u00eda\\\/interior\\\/oficina\\\/\"},{\"@type\":\"ListItem\",\"position\":5,\"name\":\"Felpudo antisuciedad\"}]},{\"@type\":\"WebSite\",\"@id\":\"https:\\\/\\\/www.amstelprinting.nl\\\/es\\\/#website\",\"url\":\"https:\\\/\\\/www.amstelprinting.nl\\\/es\\\/\",\"name\":\"Amstel Printing\",\"description\":\"Creating Exposure\",\"publisher\":{\"@id\":\"https:\\\/\\\/www.amstelprinting.nl\\\/es\\\/#organization\"},\"potentialAction\":[{\"@type\":\"SearchAction\",\"target\":{\"@type\":\"EntryPoint\",\"urlTemplate\":\"https:\\\/\\\/www.amstelprinting.nl\\\/es\\\/?s={search_term_string}\"},\"query-input\":{\"@type\":\"PropertyValueSpecification\",\"valueRequired\":true,\"valueName\":\"search_term_string\"}}],\"inLanguage\":\"es\"},{\"@type\":\"Organization\",\"@id\":\"https:\\\/\\\/www.amstelprinting.nl\\\/es\\\/#organization\",\"name\":\"Amstel Printing\",\"url\":\"https:\\\/\\\/www.amstelprinting.nl\\\/es\\\/\",\"logo\":{\"@type\":\"ImageObject\",\"inLanguage\":\"es\",\"@id\":\"https:\\\/\\\/www.amstelprinting.nl\\\/es\\\/#\\\/schema\\\/logo\\\/image\\\/\",\"url\":\"https:\\\/\\\/www.amstelprinting.nl\\\/wp-content\\\/uploads\\\/amstel_printing_logo_clean.png\",\"contentUrl\":\"https:\\\/\\\/www.amstelprinting.nl\\\/wp-content\\\/uploads\\\/amstel_printing_logo_clean.png\",\"width\":324,\"height\":73,\"caption\":\"Amstel Printing\"},\"image\":{\"@id\":\"https:\\\/\\\/www.amstelprinting.nl\\\/es\\\/#\\\/schema\\\/logo\\\/image\\\/\"}}]}<\/script>\n<!-- \/ Yoast SEO plugin. -->","yoast_head_json":{"title":"Felpudo antisuciedad | Amstel Printing","robots":{"index":"index","follow":"follow","max-snippet":"max-snippet:-1","max-image-preview":"max-image-preview:large","max-video-preview":"max-video-preview:-1"},"canonical":"https:\/\/www.amstelprinting.nl\/es\/tienda\/interior\/decoracion-del-suelo\/felpudo-antisuciedad\/","og_locale":"es_ES","og_type":"article","og_title":"Felpudo antisuciedad | Amstel Printing","og_description":"Impresi\u00f3n de felpudo antisuciedad: mantiene la humedad y la suciedad fuera Con un felpudo antisuciedad, la suciedad y la humedad se capturan al m\u00e1ximo en la entrada, manteniendo sus suelos bonitos por m\u00e1s tiempo. Cree una entrada magn\u00edfica personalizando el felpudo con una impresi\u00f3n de su logotipo, imagen o patr\u00f3n de su elecci\u00f3n. Ideal para empresas, tiendas o espacios p\u00fablicos. Adem\u00e1s, el felpudo antisuciedad cuenta con una capa antideslizante. Usted mismo determina el tama\u00f1o y la forma del felpudo impreso.","og_url":"https:\/\/www.amstelprinting.nl\/es\/tienda\/interior\/decoracion-del-suelo\/felpudo-antisuciedad\/","og_site_name":"Amstel Printing","article_modified_time":"2026-02-18T11:48:33+00:00","og_image":[{"width":2001,"height":2001,"url":"https:\/\/www.amstelprinting.nl\/wp-content\/uploads\/Vloermatten-bedrukken-schoonloopmat.jpg","type":"image\/jpeg"}],"twitter_card":"summary_large_image","twitter_misc":{"Tiempo de lectura":"2 minutos"},"schema":{"@context":"https:\/\/schema.org","@graph":[{"@type":"WebPage","@id":"https:\/\/www.amstelprinting.nl\/es\/tienda\/interior\/decoracion-del-suelo\/felpudo-antisuciedad\/","url":"https:\/\/www.amstelprinting.nl\/es\/tienda\/interior\/decoracion-del-suelo\/felpudo-antisuciedad\/","name":"Felpudo antisuciedad | Amstel Printing","isPartOf":{"@id":"https:\/\/www.amstelprinting.nl\/es\/#website"},"primaryImageOfPage":{"@id":"https:\/\/www.amstelprinting.nl\/es\/tienda\/interior\/decoracion-del-suelo\/felpudo-antisuciedad\/#primaryimage"},"image":{"@id":"https:\/\/www.amstelprinting.nl\/es\/tienda\/interior\/decoracion-del-suelo\/felpudo-antisuciedad\/#primaryimage"},"thumbnailUrl":"https:\/\/www.amstelprinting.nl\/wp-content\/uploads\/Vloermatten-bedrukken-schoonloopmat.jpg","datePublished":"2025-01-23T20:05:08+00:00","dateModified":"2026-02-18T11:48:33+00:00","breadcrumb":{"@id":"https:\/\/www.amstelprinting.nl\/es\/tienda\/interior\/decoracion-del-suelo\/felpudo-antisuciedad\/#breadcrumb"},"inLanguage":"es","potentialAction":[{"@type":"ReadAction","target":["https:\/\/www.amstelprinting.nl\/es\/tienda\/interior\/decoracion-del-suelo\/felpudo-antisuciedad\/"]}]},{"@type":"ImageObject","inLanguage":"es","@id":"https:\/\/www.amstelprinting.nl\/es\/tienda\/interior\/decoracion-del-suelo\/felpudo-antisuciedad\/#primaryimage","url":"https:\/\/www.amstelprinting.nl\/wp-content\/uploads\/Vloermatten-bedrukken-schoonloopmat.jpg","contentUrl":"https:\/\/www.amstelprinting.nl\/wp-content\/uploads\/Vloermatten-bedrukken-schoonloopmat.jpg","width":2001,"height":2001},{"@type":"BreadcrumbList","@id":"https:\/\/www.amstelprinting.nl\/es\/tienda\/interior\/decoracion-del-suelo\/felpudo-antisuciedad\/#breadcrumb","itemListElement":[{"@type":"ListItem","position":1,"name":"","item":"https:\/\/www.amstelprinting.nl\/es\/"},{"@type":"ListItem","position":2,"name":"Amstel Printing","item":"https:\/\/www.amstelprinting.nl\/es\/comercio\/"},{"@type":"ListItem","position":3,"name":"Interior","item":"https:\/\/www.amstelprinting.nl\/es\/categor\u00eda\/interior\/"},{"@type":"ListItem","position":4,"name":"Oficina","item":"https:\/\/www.amstelprinting.nl\/es\/categor\u00eda\/interior\/oficina\/"},{"@type":"ListItem","position":5,"name":"Felpudo antisuciedad"}]},{"@type":"WebSite","@id":"https:\/\/www.amstelprinting.nl\/es\/#website","url":"https:\/\/www.amstelprinting.nl\/es\/","name":"Amstel Printing","description":"Creating Exposure","publisher":{"@id":"https:\/\/www.amstelprinting.nl\/es\/#organization"},"potentialAction":[{"@type":"SearchAction","target":{"@type":"EntryPoint","urlTemplate":"https:\/\/www.amstelprinting.nl\/es\/?s={search_term_string}"},"query-input":{"@type":"PropertyValueSpecification","valueRequired":true,"valueName":"search_term_string"}}],"inLanguage":"es"},{"@type":"Organization","@id":"https:\/\/www.amstelprinting.nl\/es\/#organization","name":"Amstel Printing","url":"https:\/\/www.amstelprinting.nl\/es\/","logo":{"@type":"ImageObject","inLanguage":"es","@id":"https:\/\/www.amstelprinting.nl\/es\/#\/schema\/logo\/image\/","url":"https:\/\/www.amstelprinting.nl\/wp-content\/uploads\/amstel_printing_logo_clean.png","contentUrl":"https:\/\/www.amstelprinting.nl\/wp-content\/uploads\/amstel_printing_logo_clean.png","width":324,"height":73,"caption":"Amstel Printing"},"image":{"@id":"https:\/\/www.amstelprinting.nl\/es\/#\/schema\/logo\/image\/"}}]}},"_links":{"self":[{"href":"https:\/\/www.amstelprinting.nl\/es\/wp-json\/wp\/v2\/product\/15222","targetHints":{"allow":["GET"]}}],"collection":[{"href":"https:\/\/www.amstelprinting.nl\/es\/wp-json\/wp\/v2\/product"}],"about":[{"href":"https:\/\/www.amstelprinting.nl\/es\/wp-json\/wp\/v2\/types\/product"}],"wp:featuredmedia":[{"embeddable":true,"href":"https:\/\/www.amstelprinting.nl\/es\/wp-json\/wp\/v2\/media\/15224"}],"wp:attachment":[{"href":"https:\/\/www.amstelprinting.nl\/es\/wp-json\/wp\/v2\/media?parent=15222"}],"wp:term":[{"taxonomy":"product_brand","embeddable":true,"href":"https:\/\/www.amstelprinting.nl\/es\/wp-json\/wp\/v2\/product_brand?post=15222"},{"taxonomy":"product_cat","embeddable":true,"href":"https:\/\/www.amstelprinting.nl\/es\/wp-json\/wp\/v2\/product_cat?post=15222"},{"taxonomy":"product_tag","embeddable":true,"href":"https:\/\/www.amstelprinting.nl\/es\/wp-json\/wp\/v2\/product_tag?post=15222"}],"curies":[{"name":"wp","href":"https:\/\/api.w.org\/{rel}","templated":true}]}}