{"id":15247,"date":"2025-01-23T21:04:47","date_gmt":"2025-01-23T20:04:47","guid":{"rendered":"https:\/\/www.amstelprinting.nl\/winkel\/sin%20categor\u00eda\/muurcirkel-2\/"},"modified":"2026-02-18T12:48:33","modified_gmt":"2026-02-18T11:48:33","slug":"circulo-de-pared","status":"publish","type":"product","link":"https:\/\/www.amstelprinting.nl\/es\/tienda\/interior\/decoracion-de-pared\/circulo-de-pared\/","title":{"rendered":"C\u00edrculo de pared"},"content":{"rendered":"<h3>Impresi\u00f3n de C\u00edrculos de Pared<\/h3>\n<p>Dale a tu espacio interior un aspecto \u00fanico con c\u00edrculos de pared personalizados. Estas decoraciones elegantes y modernas pueden imprimirse totalmente a medida. Equipado con un <strong>dise\u00f1o propio, logotipo o patr\u00f3n<\/strong> de tu elecci\u00f3n. Durante el proceso de pedido, puedes elegir entre m\u00e1s de 20.000 patrones est\u00e1ndar (dise\u00f1os).<\/p>\n<h3>F\u00e1cil de colgar o colocar<\/h3>\n<p>Los c\u00edrculos de pared impresos son r\u00e1pidos y f\u00e1ciles de colgar. Cu\u00e9lgalos como una sola pieza o crea una bonita combinaci\u00f3n de varios c\u00edrculos de pared (de forma l\u00fadica). Utiliza una placa de suspensi\u00f3n, un distanciador de agarre lateral o cinta de doble cara para una fijaci\u00f3n sencilla. Tambi\u00e9n puedes poner el c\u00edrculo de pared sobre un mueble. O, por ejemplo, colocarlo en un estante en la pared.<\/p>\n<p><strong>Nuestro consejo creativo<\/strong>: Combina c\u00edrculos de pared impresos peque\u00f1os con otros m\u00e1s grandes. Var\u00eda entre impresiones con textos, fotos y uno de nuestros 20.000 patrones fijos. \u00a1Deja volar tu creatividad!<\/p>\n<h3>Ventajas de los C\u00edrculos de Pared<\/h3>\n<ul>\n<li>Equipado con su <strong>propia impresi\u00f3n<\/strong> o elija entre m\u00e1s de 20.000 dise\u00f1os<\/li>\n<li>Perfecto para salas de estar, oficinas, tiendas o eventos<\/li>\n<li><strong>F\u00e1cil de aplicar<\/strong> en paredes lisas<\/li>\n<li>Se puede pedir en <strong>cualquier tama\u00f1o<\/strong> deseado<\/li>\n<li>Elecci\u00f3n entre una <strong>gran variedad de materiales<\/strong><\/li>\n<li>Seguro: material <strong>retardante de llama<\/strong> (certificado B1)<\/li>\n<li>Pide materiales de montaje opcionales de forma sencilla<\/li>\n<li>Apto para <strong>interior y exterior<\/strong> (dependiendo del material elegido)<\/li>\n<\/ul>\n<p>&nbsp;<\/p>\n<h3>Materiales<\/h3>\n<p>Ofrecemos c\u00edrculos de pared con impresi\u00f3n propia en una amplia gama de materiales diferentes. A continuaci\u00f3n, una descripci\u00f3n general con las propiedades por tipo de material. De esta manera, podr\u00e1 configurar y pedir r\u00e1pidamente los c\u00edrculos de pared adecuados.<\/p>\n<ul>\n<li><strong>Dibond\u00ae premium 3 mm<\/strong>: Un panel s\u00e1ndwich de aluminio de primera calidad con n\u00facleo negro, apto para uso tanto en interiores como en exteriores.<\/li>\n<li><strong>Dibond\u00ae Budget 3 mm<\/strong>: Un panel s\u00e1ndwich de aluminio econ\u00f3mico con n\u00facleo negro, apto para uso tanto en interiores como en exteriores.<\/li>\n<li><strong>Dibond\u00ae Butler Finish<\/strong>: Un panel s\u00e1ndwich de aluminio con n\u00facleo negro y una apariencia de acero inoxidable cepillado, apto para uso tanto en interiores como en exteriores, con un certificado B1 de seguridad contra incendios.<\/li>\n<li><strong>Forex\u00ae<\/strong>: PVC espumado ligero, ideal para uso en interiores y exteriores, con un certificado B1 de seguridad contra incendios.<\/li>\n<li><strong>Plexiglas<\/strong>: Material transparente con un aspecto moderno, apto para uso en interiores y exteriores, pero sensible a los ara\u00f1azos.<\/li>\n<li><strong>Multiplex<\/strong>: Madera de chopo respetuosa con el medio ambiente con un aspecto natural, apta para uso en interiores.<\/li>\n<li><strong>Sign Again<\/strong>: Material circular fabricado a partir de lonas y restos de corte reciclados, apto para uso tanto en interiores como en exteriores, resistente a los impactos y flexible.<\/li>\n<\/ul>\n<p>&nbsp;<\/p>\n<h3>Pedido de c\u00edrculos de pared<\/h3>\n<p>Transforma tus paredes con nuestros c\u00edrculos de pared y crea una declaraci\u00f3n que perdure literalmente. Perfecto para oficinas, salas de exposici\u00f3n o como elemento llamativo en su hogar. Haga su pedido hoy y descubra las infinitas posibilidades para su interior.<\/p>\n","protected":false},"excerpt":{"rendered":"<h3>Equipado con una hermosa impresi\u00f3n, patr\u00f3n o foto propia.<\/h3>\n<p>Dale vida a tu interior con nuestros exclusivos c\u00edrculos de pared impresos, la decoraci\u00f3n perfecta para transformar cualquier espacio. Ya sea que desees crear un aspecto moderno o a\u00f1adir un ambiente m\u00e1s c\u00e1lido, nuestros c\u00edrculos de pared son vers\u00e1tiles y elegantes.<\/p>\n","protected":false},"featured_media":15249,"template":"","meta":{"_et_pb_use_builder":"","_et_pb_old_content":"","_et_gb_content_width":""},"product_brand":[],"product_cat":[626,545],"product_tag":[],"class_list":{"0":"post-15247","1":"product","2":"type-product","3":"status-publish","4":"has-post-thumbnail","6":"product_cat-decoracion-de-pared","7":"product_cat-interior","9":"first","10":"instock","11":"taxable","12":"shipping-taxable","13":"purchasable","14":"product-type-simple"},"yoast_head":"<!-- This site is optimized with the Yoast SEO plugin v27.3 - https:\/\/yoast.com\/product\/yoast-seo-wordpress\/ -->\n<title>C\u00edrculo de pared | Amstel Printing<\/title>\n<meta name=\"robots\" content=\"index, follow, max-snippet:-1, max-image-preview:large, max-video-preview:-1\" \/>\n<link rel=\"canonical\" href=\"https:\/\/www.amstelprinting.nl\/es\/tienda\/interior\/decoracion-de-pared\/circulo-de-pared\/\" \/>\n<meta property=\"og:locale\" content=\"es_ES\" \/>\n<meta property=\"og:type\" content=\"article\" \/>\n<meta property=\"og:title\" content=\"C\u00edrculo de pared | Amstel Printing\" \/>\n<meta property=\"og:description\" content=\"Equipado con una hermosa impresi\u00f3n, patr\u00f3n o foto propia. Dale vida a tu interior con nuestros exclusivos c\u00edrculos de pared impresos, la decoraci\u00f3n perfecta para transformar cualquier espacio. Ya sea que desees crear un aspecto moderno o a\u00f1adir un ambiente m\u00e1s c\u00e1lido, nuestros c\u00edrculos de pared son vers\u00e1tiles y elegantes.\" \/>\n<meta property=\"og:url\" content=\"https:\/\/www.amstelprinting.nl\/es\/tienda\/interior\/decoracion-de-pared\/circulo-de-pared\/\" \/>\n<meta property=\"og:site_name\" content=\"Amstel Printing\" \/>\n<meta property=\"article:modified_time\" content=\"2026-02-18T11:48:33+00:00\" \/>\n<meta property=\"og:image\" content=\"https:\/\/www.amstelprinting.nl\/wp-content\/uploads\/Muurcirkel3.jpg\" \/>\n\t<meta property=\"og:image:width\" content=\"700\" \/>\n\t<meta property=\"og:image:height\" content=\"700\" \/>\n\t<meta property=\"og:image:type\" content=\"image\/jpeg\" \/>\n<meta name=\"twitter:card\" content=\"summary_large_image\" \/>\n<meta name=\"twitter:label1\" content=\"Tiempo de lectura\" \/>\n\t<meta name=\"twitter:data1\" content=\"3 minutos\" \/>\n<script type=\"application\/ld+json\" class=\"yoast-schema-graph\">{\"@context\":\"https:\\\/\\\/schema.org\",\"@graph\":[{\"@type\":\"WebPage\",\"@id\":\"https:\\\/\\\/www.amstelprinting.nl\\\/es\\\/tienda\\\/interior\\\/decoracion-de-pared\\\/circulo-de-pared\\\/\",\"url\":\"https:\\\/\\\/www.amstelprinting.nl\\\/es\\\/tienda\\\/interior\\\/decoracion-de-pared\\\/circulo-de-pared\\\/\",\"name\":\"C\u00edrculo de pared | Amstel Printing\",\"isPartOf\":{\"@id\":\"https:\\\/\\\/www.amstelprinting.nl\\\/es\\\/#website\"},\"primaryImageOfPage\":{\"@id\":\"https:\\\/\\\/www.amstelprinting.nl\\\/es\\\/tienda\\\/interior\\\/decoracion-de-pared\\\/circulo-de-pared\\\/#primaryimage\"},\"image\":{\"@id\":\"https:\\\/\\\/www.amstelprinting.nl\\\/es\\\/tienda\\\/interior\\\/decoracion-de-pared\\\/circulo-de-pared\\\/#primaryimage\"},\"thumbnailUrl\":\"https:\\\/\\\/www.amstelprinting.nl\\\/wp-content\\\/uploads\\\/Muurcirkel3.jpg\",\"datePublished\":\"2025-01-23T20:04:47+00:00\",\"dateModified\":\"2026-02-18T11:48:33+00:00\",\"breadcrumb\":{\"@id\":\"https:\\\/\\\/www.amstelprinting.nl\\\/es\\\/tienda\\\/interior\\\/decoracion-de-pared\\\/circulo-de-pared\\\/#breadcrumb\"},\"inLanguage\":\"es\",\"potentialAction\":[{\"@type\":\"ReadAction\",\"target\":[\"https:\\\/\\\/www.amstelprinting.nl\\\/es\\\/tienda\\\/interior\\\/decoracion-de-pared\\\/circulo-de-pared\\\/\"]}]},{\"@type\":\"ImageObject\",\"inLanguage\":\"es\",\"@id\":\"https:\\\/\\\/www.amstelprinting.nl\\\/es\\\/tienda\\\/interior\\\/decoracion-de-pared\\\/circulo-de-pared\\\/#primaryimage\",\"url\":\"https:\\\/\\\/www.amstelprinting.nl\\\/wp-content\\\/uploads\\\/Muurcirkel3.jpg\",\"contentUrl\":\"https:\\\/\\\/www.amstelprinting.nl\\\/wp-content\\\/uploads\\\/Muurcirkel3.jpg\",\"width\":700,\"height\":700},{\"@type\":\"BreadcrumbList\",\"@id\":\"https:\\\/\\\/www.amstelprinting.nl\\\/es\\\/tienda\\\/interior\\\/decoracion-de-pared\\\/circulo-de-pared\\\/#breadcrumb\",\"itemListElement\":[{\"@type\":\"ListItem\",\"position\":1,\"name\":\"\",\"item\":\"https:\\\/\\\/www.amstelprinting.nl\\\/es\\\/\"},{\"@type\":\"ListItem\",\"position\":2,\"name\":\"Amstel Printing\",\"item\":\"https:\\\/\\\/www.amstelprinting.nl\\\/es\\\/comercio\\\/\"},{\"@type\":\"ListItem\",\"position\":3,\"name\":\"Interior\",\"item\":\"https:\\\/\\\/www.amstelprinting.nl\\\/es\\\/categor\u00eda\\\/interior\\\/\"},{\"@type\":\"ListItem\",\"position\":4,\"name\":\"Decoraci\u00f3n de pared\",\"item\":\"https:\\\/\\\/www.amstelprinting.nl\\\/es\\\/categor\u00eda\\\/interior\\\/decoracion-de-pared\\\/\"},{\"@type\":\"ListItem\",\"position\":5,\"name\":\"C\u00edrculo de pared\"}]},{\"@type\":\"WebSite\",\"@id\":\"https:\\\/\\\/www.amstelprinting.nl\\\/es\\\/#website\",\"url\":\"https:\\\/\\\/www.amstelprinting.nl\\\/es\\\/\",\"name\":\"Amstel Printing\",\"description\":\"Creating Exposure\",\"publisher\":{\"@id\":\"https:\\\/\\\/www.amstelprinting.nl\\\/es\\\/#organization\"},\"potentialAction\":[{\"@type\":\"SearchAction\",\"target\":{\"@type\":\"EntryPoint\",\"urlTemplate\":\"https:\\\/\\\/www.amstelprinting.nl\\\/es\\\/?s={search_term_string}\"},\"query-input\":{\"@type\":\"PropertyValueSpecification\",\"valueRequired\":true,\"valueName\":\"search_term_string\"}}],\"inLanguage\":\"es\"},{\"@type\":\"Organization\",\"@id\":\"https:\\\/\\\/www.amstelprinting.nl\\\/es\\\/#organization\",\"name\":\"Amstel Printing\",\"url\":\"https:\\\/\\\/www.amstelprinting.nl\\\/es\\\/\",\"logo\":{\"@type\":\"ImageObject\",\"inLanguage\":\"es\",\"@id\":\"https:\\\/\\\/www.amstelprinting.nl\\\/es\\\/#\\\/schema\\\/logo\\\/image\\\/\",\"url\":\"https:\\\/\\\/www.amstelprinting.nl\\\/wp-content\\\/uploads\\\/amstel_printing_logo_clean.png\",\"contentUrl\":\"https:\\\/\\\/www.amstelprinting.nl\\\/wp-content\\\/uploads\\\/amstel_printing_logo_clean.png\",\"width\":324,\"height\":73,\"caption\":\"Amstel Printing\"},\"image\":{\"@id\":\"https:\\\/\\\/www.amstelprinting.nl\\\/es\\\/#\\\/schema\\\/logo\\\/image\\\/\"}}]}<\/script>\n<!-- \/ Yoast SEO plugin. -->","yoast_head_json":{"title":"C\u00edrculo de pared | Amstel Printing","robots":{"index":"index","follow":"follow","max-snippet":"max-snippet:-1","max-image-preview":"max-image-preview:large","max-video-preview":"max-video-preview:-1"},"canonical":"https:\/\/www.amstelprinting.nl\/es\/tienda\/interior\/decoracion-de-pared\/circulo-de-pared\/","og_locale":"es_ES","og_type":"article","og_title":"C\u00edrculo de pared | Amstel Printing","og_description":"Equipado con una hermosa impresi\u00f3n, patr\u00f3n o foto propia. Dale vida a tu interior con nuestros exclusivos c\u00edrculos de pared impresos, la decoraci\u00f3n perfecta para transformar cualquier espacio. Ya sea que desees crear un aspecto moderno o a\u00f1adir un ambiente m\u00e1s c\u00e1lido, nuestros c\u00edrculos de pared son vers\u00e1tiles y elegantes.","og_url":"https:\/\/www.amstelprinting.nl\/es\/tienda\/interior\/decoracion-de-pared\/circulo-de-pared\/","og_site_name":"Amstel Printing","article_modified_time":"2026-02-18T11:48:33+00:00","og_image":[{"width":700,"height":700,"url":"https:\/\/www.amstelprinting.nl\/wp-content\/uploads\/Muurcirkel3.jpg","type":"image\/jpeg"}],"twitter_card":"summary_large_image","twitter_misc":{"Tiempo de lectura":"3 minutos"},"schema":{"@context":"https:\/\/schema.org","@graph":[{"@type":"WebPage","@id":"https:\/\/www.amstelprinting.nl\/es\/tienda\/interior\/decoracion-de-pared\/circulo-de-pared\/","url":"https:\/\/www.amstelprinting.nl\/es\/tienda\/interior\/decoracion-de-pared\/circulo-de-pared\/","name":"C\u00edrculo de pared | Amstel Printing","isPartOf":{"@id":"https:\/\/www.amstelprinting.nl\/es\/#website"},"primaryImageOfPage":{"@id":"https:\/\/www.amstelprinting.nl\/es\/tienda\/interior\/decoracion-de-pared\/circulo-de-pared\/#primaryimage"},"image":{"@id":"https:\/\/www.amstelprinting.nl\/es\/tienda\/interior\/decoracion-de-pared\/circulo-de-pared\/#primaryimage"},"thumbnailUrl":"https:\/\/www.amstelprinting.nl\/wp-content\/uploads\/Muurcirkel3.jpg","datePublished":"2025-01-23T20:04:47+00:00","dateModified":"2026-02-18T11:48:33+00:00","breadcrumb":{"@id":"https:\/\/www.amstelprinting.nl\/es\/tienda\/interior\/decoracion-de-pared\/circulo-de-pared\/#breadcrumb"},"inLanguage":"es","potentialAction":[{"@type":"ReadAction","target":["https:\/\/www.amstelprinting.nl\/es\/tienda\/interior\/decoracion-de-pared\/circulo-de-pared\/"]}]},{"@type":"ImageObject","inLanguage":"es","@id":"https:\/\/www.amstelprinting.nl\/es\/tienda\/interior\/decoracion-de-pared\/circulo-de-pared\/#primaryimage","url":"https:\/\/www.amstelprinting.nl\/wp-content\/uploads\/Muurcirkel3.jpg","contentUrl":"https:\/\/www.amstelprinting.nl\/wp-content\/uploads\/Muurcirkel3.jpg","width":700,"height":700},{"@type":"BreadcrumbList","@id":"https:\/\/www.amstelprinting.nl\/es\/tienda\/interior\/decoracion-de-pared\/circulo-de-pared\/#breadcrumb","itemListElement":[{"@type":"ListItem","position":1,"name":"","item":"https:\/\/www.amstelprinting.nl\/es\/"},{"@type":"ListItem","position":2,"name":"Amstel Printing","item":"https:\/\/www.amstelprinting.nl\/es\/comercio\/"},{"@type":"ListItem","position":3,"name":"Interior","item":"https:\/\/www.amstelprinting.nl\/es\/categor\u00eda\/interior\/"},{"@type":"ListItem","position":4,"name":"Decoraci\u00f3n de pared","item":"https:\/\/www.amstelprinting.nl\/es\/categor\u00eda\/interior\/decoracion-de-pared\/"},{"@type":"ListItem","position":5,"name":"C\u00edrculo de pared"}]},{"@type":"WebSite","@id":"https:\/\/www.amstelprinting.nl\/es\/#website","url":"https:\/\/www.amstelprinting.nl\/es\/","name":"Amstel Printing","description":"Creating Exposure","publisher":{"@id":"https:\/\/www.amstelprinting.nl\/es\/#organization"},"potentialAction":[{"@type":"SearchAction","target":{"@type":"EntryPoint","urlTemplate":"https:\/\/www.amstelprinting.nl\/es\/?s={search_term_string}"},"query-input":{"@type":"PropertyValueSpecification","valueRequired":true,"valueName":"search_term_string"}}],"inLanguage":"es"},{"@type":"Organization","@id":"https:\/\/www.amstelprinting.nl\/es\/#organization","name":"Amstel Printing","url":"https:\/\/www.amstelprinting.nl\/es\/","logo":{"@type":"ImageObject","inLanguage":"es","@id":"https:\/\/www.amstelprinting.nl\/es\/#\/schema\/logo\/image\/","url":"https:\/\/www.amstelprinting.nl\/wp-content\/uploads\/amstel_printing_logo_clean.png","contentUrl":"https:\/\/www.amstelprinting.nl\/wp-content\/uploads\/amstel_printing_logo_clean.png","width":324,"height":73,"caption":"Amstel Printing"},"image":{"@id":"https:\/\/www.amstelprinting.nl\/es\/#\/schema\/logo\/image\/"}}]}},"_links":{"self":[{"href":"https:\/\/www.amstelprinting.nl\/es\/wp-json\/wp\/v2\/product\/15247","targetHints":{"allow":["GET"]}}],"collection":[{"href":"https:\/\/www.amstelprinting.nl\/es\/wp-json\/wp\/v2\/product"}],"about":[{"href":"https:\/\/www.amstelprinting.nl\/es\/wp-json\/wp\/v2\/types\/product"}],"wp:featuredmedia":[{"embeddable":true,"href":"https:\/\/www.amstelprinting.nl\/es\/wp-json\/wp\/v2\/media\/15249"}],"wp:attachment":[{"href":"https:\/\/www.amstelprinting.nl\/es\/wp-json\/wp\/v2\/media?parent=15247"}],"wp:term":[{"taxonomy":"product_brand","embeddable":true,"href":"https:\/\/www.amstelprinting.nl\/es\/wp-json\/wp\/v2\/product_brand?post=15247"},{"taxonomy":"product_cat","embeddable":true,"href":"https:\/\/www.amstelprinting.nl\/es\/wp-json\/wp\/v2\/product_cat?post=15247"},{"taxonomy":"product_tag","embeddable":true,"href":"https:\/\/www.amstelprinting.nl\/es\/wp-json\/wp\/v2\/product_tag?post=15247"}],"curies":[{"name":"wp","href":"https:\/\/api.w.org\/{rel}","templated":true}]}}