{"id":15258,"date":"2025-01-23T21:04:34","date_gmt":"2025-01-23T20:04:34","guid":{"rendered":"https:\/\/www.amstelprinting.nl\/winkel\/sin%20categor\u00eda\/transportkoffer-print\/"},"modified":"2026-02-18T12:48:34","modified_gmt":"2026-02-18T11:48:34","slug":"impresion-para-maleta-de-transporte","status":"publish","type":"product","link":"https:\/\/www.amstelprinting.nl\/es\/tienda\/feria-y-evento\/decoracion\/impresion-para-maleta-de-transporte\/","title":{"rendered":"Impresi\u00f3n para maleta de transporte"},"content":{"rendered":"<h3>Maleta de transporte para el muro de feria<\/h3>\n<p>Con nuestra impresi\u00f3n a medida para la maleta de transporte, obtendr\u00e1 una potente herramienta de branding que har\u00e1 brillar su marca en cada evento. Gracias a su f\u00e1cil intercambio y apariencia profesional, siempre estar\u00e1 preparado para impresionar. Con la plantilla f\u00e1cil de usar, disponible en descargas, podr\u00e1 crear su dise\u00f1o de forma r\u00e1pida y sencilla. Adapte la maleta a su identidad corporativa o campa\u00f1a, y aseg\u00farese de que su marca siempre destaque. \u00bfBusca un muro pop-up curvo? Haga clic <a href=\"https:\/\/www.amstelprinting.nl\/es\/tienda\/feria-y-evento\/muros-de-exposicion\/muro-pop-up-curvo\/\">aqu\u00ed<\/a>.<\/p>\n<h3>Ventajas<\/h3>\n<ul>\n<li>Transforme su maleta de transporte con una impresi\u00f3n a medida<\/li>\n<li>Cambie la impresi\u00f3n sin esfuerzo con el cierre de velcro<\/li>\n<li>Fabricado en PVC flexible con certificaci\u00f3n B2<\/li>\n<\/ul>\n<p>&nbsp;<\/p>\n<h3>Formato y material<\/h3>\n<p>Con un formato de 181 x 78,7 cm, esta impresi\u00f3n est\u00e1 perfectamente adaptada a su maleta de transporte. Fabricada en PVC flexible, la impresi\u00f3n ofrece durabilidad y un aspecto de alta calidad. Adem\u00e1s, el material es resistente al fuego con certificaci\u00f3n B2, para que pueda transportar sus materiales con total tranquilidad.<\/p>\n<h3>Uso multifuncional<\/h3>\n<p>Un consejo \u00fatil: \u00a1utilice la maleta como mostrador de feria! Gracias a la posibilidad de cambiar la impresi\u00f3n f\u00e1cilmente, puede transformar esta maleta para cada evento, feria o promoci\u00f3n especial. El cierre de velcro hace que cambiar la impresi\u00f3n sea lo m\u00e1s sencillo posible. De este modo, siempre podr\u00e1 dar un aspecto fresco y actual a su presentaci\u00f3n, adaptado al objetivo espec\u00edfico del evento.<\/p>\n","protected":false},"excerpt":{"rendered":"<h3>Para el muro pop-up curvo<\/h3>\n<p>La impresi\u00f3n para la maleta de un muro de feria curvo. D\u00e9 a su maleta de transporte un aspecto profesional con nuestra impresi\u00f3n a medida, dise\u00f1ada especialmente para transportar piezas de su muro pop-up curvo. Esta impresi\u00f3n no solo ofrece protecci\u00f3n, sino tambi\u00e9n una oportunidad \u00fanica para promocionar su marca.<\/p>\n","protected":false},"featured_media":15259,"template":"","meta":{"_et_pb_use_builder":"","_et_pb_old_content":"","_et_gb_content_width":""},"product_brand":[],"product_cat":[423,431,315],"product_tag":[],"class_list":{"0":"post-15258","1":"product","2":"type-product","3":"status-publish","4":"has-post-thumbnail","6":"product_cat-decoracion","7":"product_cat-feria-y-evento","8":"product_cat-pegatinas-e-impresion","10":"first","11":"instock","12":"taxable","13":"shipping-taxable","14":"purchasable","15":"product-type-simple"},"yoast_head":"<!-- This site is optimized with the Yoast SEO plugin v27.3 - https:\/\/yoast.com\/product\/yoast-seo-wordpress\/ -->\n<title>Impresi\u00f3n para maleta de transporte \u2013 Para branding y protecci\u00f3n \u00f3ptima<\/title>\n<meta name=\"description\" content=\"Transforme su maleta de transporte para muros pop-up en una potente herramienta de marketing con impresiones duraderas y a medida.\" \/>\n<meta name=\"robots\" content=\"index, follow, max-snippet:-1, max-image-preview:large, max-video-preview:-1\" \/>\n<link rel=\"canonical\" href=\"https:\/\/www.amstelprinting.nl\/es\/tienda\/feria-y-evento\/decoracion\/impresion-para-maleta-de-transporte\/\" \/>\n<meta property=\"og:locale\" content=\"es_ES\" \/>\n<meta property=\"og:type\" content=\"article\" \/>\n<meta property=\"og:title\" content=\"Impresi\u00f3n para maleta de transporte \u2013 Para branding y protecci\u00f3n \u00f3ptima\" \/>\n<meta property=\"og:description\" content=\"Transforme su maleta de transporte para muros pop-up en una potente herramienta de marketing con impresiones duraderas y a medida.\" \/>\n<meta property=\"og:url\" content=\"https:\/\/www.amstelprinting.nl\/es\/tienda\/feria-y-evento\/decoracion\/impresion-para-maleta-de-transporte\/\" \/>\n<meta property=\"og:site_name\" content=\"Amstel Printing\" \/>\n<meta property=\"article:modified_time\" content=\"2026-02-18T11:48:34+00:00\" \/>\n<meta property=\"og:image\" content=\"https:\/\/www.amstelprinting.nl\/wp-content\/uploads\/kofferprint-bedrukken.png\" \/>\n\t<meta property=\"og:image:width\" content=\"900\" \/>\n\t<meta property=\"og:image:height\" content=\"900\" \/>\n\t<meta property=\"og:image:type\" content=\"image\/png\" \/>\n<meta name=\"twitter:card\" content=\"summary_large_image\" \/>\n<meta name=\"twitter:label1\" content=\"Tiempo de lectura\" \/>\n\t<meta name=\"twitter:data1\" content=\"1 minuto\" \/>\n<script type=\"application\/ld+json\" class=\"yoast-schema-graph\">{\"@context\":\"https:\\\/\\\/schema.org\",\"@graph\":[{\"@type\":\"WebPage\",\"@id\":\"https:\\\/\\\/www.amstelprinting.nl\\\/es\\\/tienda\\\/feria-y-evento\\\/decoracion\\\/impresion-para-maleta-de-transporte\\\/\",\"url\":\"https:\\\/\\\/www.amstelprinting.nl\\\/es\\\/tienda\\\/feria-y-evento\\\/decoracion\\\/impresion-para-maleta-de-transporte\\\/\",\"name\":\"Impresi\u00f3n para maleta de transporte \u2013 Para branding y protecci\u00f3n \u00f3ptima\",\"isPartOf\":{\"@id\":\"https:\\\/\\\/www.amstelprinting.nl\\\/es\\\/#website\"},\"primaryImageOfPage\":{\"@id\":\"https:\\\/\\\/www.amstelprinting.nl\\\/es\\\/tienda\\\/feria-y-evento\\\/decoracion\\\/impresion-para-maleta-de-transporte\\\/#primaryimage\"},\"image\":{\"@id\":\"https:\\\/\\\/www.amstelprinting.nl\\\/es\\\/tienda\\\/feria-y-evento\\\/decoracion\\\/impresion-para-maleta-de-transporte\\\/#primaryimage\"},\"thumbnailUrl\":\"https:\\\/\\\/www.amstelprinting.nl\\\/wp-content\\\/uploads\\\/kofferprint-bedrukken.png\",\"datePublished\":\"2025-01-23T20:04:34+00:00\",\"dateModified\":\"2026-02-18T11:48:34+00:00\",\"description\":\"Transforme su maleta de transporte para muros pop-up en una potente herramienta de marketing con impresiones duraderas y a medida.\",\"breadcrumb\":{\"@id\":\"https:\\\/\\\/www.amstelprinting.nl\\\/es\\\/tienda\\\/feria-y-evento\\\/decoracion\\\/impresion-para-maleta-de-transporte\\\/#breadcrumb\"},\"inLanguage\":\"es\",\"potentialAction\":[{\"@type\":\"ReadAction\",\"target\":[\"https:\\\/\\\/www.amstelprinting.nl\\\/es\\\/tienda\\\/feria-y-evento\\\/decoracion\\\/impresion-para-maleta-de-transporte\\\/\"]}]},{\"@type\":\"ImageObject\",\"inLanguage\":\"es\",\"@id\":\"https:\\\/\\\/www.amstelprinting.nl\\\/es\\\/tienda\\\/feria-y-evento\\\/decoracion\\\/impresion-para-maleta-de-transporte\\\/#primaryimage\",\"url\":\"https:\\\/\\\/www.amstelprinting.nl\\\/wp-content\\\/uploads\\\/kofferprint-bedrukken.png\",\"contentUrl\":\"https:\\\/\\\/www.amstelprinting.nl\\\/wp-content\\\/uploads\\\/kofferprint-bedrukken.png\",\"width\":900,\"height\":900},{\"@type\":\"BreadcrumbList\",\"@id\":\"https:\\\/\\\/www.amstelprinting.nl\\\/es\\\/tienda\\\/feria-y-evento\\\/decoracion\\\/impresion-para-maleta-de-transporte\\\/#breadcrumb\",\"itemListElement\":[{\"@type\":\"ListItem\",\"position\":1,\"name\":\"\",\"item\":\"https:\\\/\\\/www.amstelprinting.nl\\\/es\\\/\"},{\"@type\":\"ListItem\",\"position\":2,\"name\":\"Amstel Printing\",\"item\":\"https:\\\/\\\/www.amstelprinting.nl\\\/es\\\/comercio\\\/\"},{\"@type\":\"ListItem\",\"position\":3,\"name\":\"Feria y evento\",\"item\":\"https:\\\/\\\/www.amstelprinting.nl\\\/es\\\/categor\u00eda\\\/feria-y-evento\\\/\"},{\"@type\":\"ListItem\",\"position\":4,\"name\":\"Decoraci\u00f3n\",\"item\":\"https:\\\/\\\/www.amstelprinting.nl\\\/es\\\/categor\u00eda\\\/feria-y-evento\\\/decoracion\\\/\"},{\"@type\":\"ListItem\",\"position\":5,\"name\":\"Impresi\u00f3n para maleta de transporte\"}]},{\"@type\":\"WebSite\",\"@id\":\"https:\\\/\\\/www.amstelprinting.nl\\\/es\\\/#website\",\"url\":\"https:\\\/\\\/www.amstelprinting.nl\\\/es\\\/\",\"name\":\"Amstel Printing\",\"description\":\"Creating Exposure\",\"publisher\":{\"@id\":\"https:\\\/\\\/www.amstelprinting.nl\\\/es\\\/#organization\"},\"potentialAction\":[{\"@type\":\"SearchAction\",\"target\":{\"@type\":\"EntryPoint\",\"urlTemplate\":\"https:\\\/\\\/www.amstelprinting.nl\\\/es\\\/?s={search_term_string}\"},\"query-input\":{\"@type\":\"PropertyValueSpecification\",\"valueRequired\":true,\"valueName\":\"search_term_string\"}}],\"inLanguage\":\"es\"},{\"@type\":\"Organization\",\"@id\":\"https:\\\/\\\/www.amstelprinting.nl\\\/es\\\/#organization\",\"name\":\"Amstel Printing\",\"url\":\"https:\\\/\\\/www.amstelprinting.nl\\\/es\\\/\",\"logo\":{\"@type\":\"ImageObject\",\"inLanguage\":\"es\",\"@id\":\"https:\\\/\\\/www.amstelprinting.nl\\\/es\\\/#\\\/schema\\\/logo\\\/image\\\/\",\"url\":\"https:\\\/\\\/www.amstelprinting.nl\\\/wp-content\\\/uploads\\\/amstel_printing_logo_clean.png\",\"contentUrl\":\"https:\\\/\\\/www.amstelprinting.nl\\\/wp-content\\\/uploads\\\/amstel_printing_logo_clean.png\",\"width\":324,\"height\":73,\"caption\":\"Amstel Printing\"},\"image\":{\"@id\":\"https:\\\/\\\/www.amstelprinting.nl\\\/es\\\/#\\\/schema\\\/logo\\\/image\\\/\"}}]}<\/script>\n<!-- \/ Yoast SEO plugin. -->","yoast_head_json":{"title":"Impresi\u00f3n para maleta de transporte \u2013 Para branding y protecci\u00f3n \u00f3ptima","description":"Transforme su maleta de transporte para muros pop-up en una potente herramienta de marketing con impresiones duraderas y a medida.","robots":{"index":"index","follow":"follow","max-snippet":"max-snippet:-1","max-image-preview":"max-image-preview:large","max-video-preview":"max-video-preview:-1"},"canonical":"https:\/\/www.amstelprinting.nl\/es\/tienda\/feria-y-evento\/decoracion\/impresion-para-maleta-de-transporte\/","og_locale":"es_ES","og_type":"article","og_title":"Impresi\u00f3n para maleta de transporte \u2013 Para branding y protecci\u00f3n \u00f3ptima","og_description":"Transforme su maleta de transporte para muros pop-up en una potente herramienta de marketing con impresiones duraderas y a medida.","og_url":"https:\/\/www.amstelprinting.nl\/es\/tienda\/feria-y-evento\/decoracion\/impresion-para-maleta-de-transporte\/","og_site_name":"Amstel Printing","article_modified_time":"2026-02-18T11:48:34+00:00","og_image":[{"width":900,"height":900,"url":"https:\/\/www.amstelprinting.nl\/wp-content\/uploads\/kofferprint-bedrukken.png","type":"image\/png"}],"twitter_card":"summary_large_image","twitter_misc":{"Tiempo de lectura":"1 minuto"},"schema":{"@context":"https:\/\/schema.org","@graph":[{"@type":"WebPage","@id":"https:\/\/www.amstelprinting.nl\/es\/tienda\/feria-y-evento\/decoracion\/impresion-para-maleta-de-transporte\/","url":"https:\/\/www.amstelprinting.nl\/es\/tienda\/feria-y-evento\/decoracion\/impresion-para-maleta-de-transporte\/","name":"Impresi\u00f3n para maleta de transporte \u2013 Para branding y protecci\u00f3n \u00f3ptima","isPartOf":{"@id":"https:\/\/www.amstelprinting.nl\/es\/#website"},"primaryImageOfPage":{"@id":"https:\/\/www.amstelprinting.nl\/es\/tienda\/feria-y-evento\/decoracion\/impresion-para-maleta-de-transporte\/#primaryimage"},"image":{"@id":"https:\/\/www.amstelprinting.nl\/es\/tienda\/feria-y-evento\/decoracion\/impresion-para-maleta-de-transporte\/#primaryimage"},"thumbnailUrl":"https:\/\/www.amstelprinting.nl\/wp-content\/uploads\/kofferprint-bedrukken.png","datePublished":"2025-01-23T20:04:34+00:00","dateModified":"2026-02-18T11:48:34+00:00","description":"Transforme su maleta de transporte para muros pop-up en una potente herramienta de marketing con impresiones duraderas y a medida.","breadcrumb":{"@id":"https:\/\/www.amstelprinting.nl\/es\/tienda\/feria-y-evento\/decoracion\/impresion-para-maleta-de-transporte\/#breadcrumb"},"inLanguage":"es","potentialAction":[{"@type":"ReadAction","target":["https:\/\/www.amstelprinting.nl\/es\/tienda\/feria-y-evento\/decoracion\/impresion-para-maleta-de-transporte\/"]}]},{"@type":"ImageObject","inLanguage":"es","@id":"https:\/\/www.amstelprinting.nl\/es\/tienda\/feria-y-evento\/decoracion\/impresion-para-maleta-de-transporte\/#primaryimage","url":"https:\/\/www.amstelprinting.nl\/wp-content\/uploads\/kofferprint-bedrukken.png","contentUrl":"https:\/\/www.amstelprinting.nl\/wp-content\/uploads\/kofferprint-bedrukken.png","width":900,"height":900},{"@type":"BreadcrumbList","@id":"https:\/\/www.amstelprinting.nl\/es\/tienda\/feria-y-evento\/decoracion\/impresion-para-maleta-de-transporte\/#breadcrumb","itemListElement":[{"@type":"ListItem","position":1,"name":"","item":"https:\/\/www.amstelprinting.nl\/es\/"},{"@type":"ListItem","position":2,"name":"Amstel Printing","item":"https:\/\/www.amstelprinting.nl\/es\/comercio\/"},{"@type":"ListItem","position":3,"name":"Feria y evento","item":"https:\/\/www.amstelprinting.nl\/es\/categor\u00eda\/feria-y-evento\/"},{"@type":"ListItem","position":4,"name":"Decoraci\u00f3n","item":"https:\/\/www.amstelprinting.nl\/es\/categor\u00eda\/feria-y-evento\/decoracion\/"},{"@type":"ListItem","position":5,"name":"Impresi\u00f3n para maleta de transporte"}]},{"@type":"WebSite","@id":"https:\/\/www.amstelprinting.nl\/es\/#website","url":"https:\/\/www.amstelprinting.nl\/es\/","name":"Amstel Printing","description":"Creating Exposure","publisher":{"@id":"https:\/\/www.amstelprinting.nl\/es\/#organization"},"potentialAction":[{"@type":"SearchAction","target":{"@type":"EntryPoint","urlTemplate":"https:\/\/www.amstelprinting.nl\/es\/?s={search_term_string}"},"query-input":{"@type":"PropertyValueSpecification","valueRequired":true,"valueName":"search_term_string"}}],"inLanguage":"es"},{"@type":"Organization","@id":"https:\/\/www.amstelprinting.nl\/es\/#organization","name":"Amstel Printing","url":"https:\/\/www.amstelprinting.nl\/es\/","logo":{"@type":"ImageObject","inLanguage":"es","@id":"https:\/\/www.amstelprinting.nl\/es\/#\/schema\/logo\/image\/","url":"https:\/\/www.amstelprinting.nl\/wp-content\/uploads\/amstel_printing_logo_clean.png","contentUrl":"https:\/\/www.amstelprinting.nl\/wp-content\/uploads\/amstel_printing_logo_clean.png","width":324,"height":73,"caption":"Amstel Printing"},"image":{"@id":"https:\/\/www.amstelprinting.nl\/es\/#\/schema\/logo\/image\/"}}]}},"_links":{"self":[{"href":"https:\/\/www.amstelprinting.nl\/es\/wp-json\/wp\/v2\/product\/15258","targetHints":{"allow":["GET"]}}],"collection":[{"href":"https:\/\/www.amstelprinting.nl\/es\/wp-json\/wp\/v2\/product"}],"about":[{"href":"https:\/\/www.amstelprinting.nl\/es\/wp-json\/wp\/v2\/types\/product"}],"wp:featuredmedia":[{"embeddable":true,"href":"https:\/\/www.amstelprinting.nl\/es\/wp-json\/wp\/v2\/media\/15259"}],"wp:attachment":[{"href":"https:\/\/www.amstelprinting.nl\/es\/wp-json\/wp\/v2\/media?parent=15258"}],"wp:term":[{"taxonomy":"product_brand","embeddable":true,"href":"https:\/\/www.amstelprinting.nl\/es\/wp-json\/wp\/v2\/product_brand?post=15258"},{"taxonomy":"product_cat","embeddable":true,"href":"https:\/\/www.amstelprinting.nl\/es\/wp-json\/wp\/v2\/product_cat?post=15258"},{"taxonomy":"product_tag","embeddable":true,"href":"https:\/\/www.amstelprinting.nl\/es\/wp-json\/wp\/v2\/product_tag?post=15258"}],"curies":[{"name":"wp","href":"https:\/\/api.w.org\/{rel}","templated":true}]}}