{"id":15268,"date":"2025-01-23T21:04:13","date_gmt":"2025-01-23T20:04:13","guid":{"rendered":"https:\/\/www.amstelprinting.nl\/winkel\/sin%20categor\u00eda\/skytube\/"},"modified":"2026-02-10T12:46:06","modified_gmt":"2026-02-10T11:46:06","slug":"skytube","status":"publish","type":"product","link":"https:\/\/www.amstelprinting.nl\/es\/tienda\/feria-y-evento\/decoracion\/skytube\/","title":{"rendered":"Skytube"},"content":{"rendered":"<h3>Impresi\u00f3n de Skytube &#8211; Skydancer<\/h3>\n<p>Con el Skytube, obtendr\u00e1 un reclamo espectacular que no solo atrae la atenci\u00f3n, sino que tambi\u00e9n crea una atm\u00f3sfera en\u00e9rgica. Ya sea para una feria, un festival o una promoci\u00f3n, este skydancer hace que su mensaje flote literal y figuradamente. Pida hoy mismo su Skytube con la impresi\u00f3n de su logotipo o dise\u00f1o y descubra el impacto que puede tener en su pr\u00f3ximo evento.<\/p>\n<h3>\u00bfPor qu\u00e9 pedir un Skydancer?<\/h3>\n<ul>\n<li>Equipado con una impresi\u00f3n a todo color seg\u00fan sus deseos<\/li>\n<li>Se entrega completo (incluye soplador)<\/li>\n<li>Reclamo visual deslumbrante<\/li>\n<li>Disponible en tres longitudes (6, 7 u 8 metros)<\/li>\n<li>Resistente a diversas condiciones clim\u00e1ticas<\/li>\n<li>Muy flexible gracias a la tela de spinnaker especial<\/li>\n<\/ul>\n<p>&nbsp;<\/p>\n<h3>Formatos y material<\/h3>\n<p>El Skytube (skydancer) est\u00e1 disponible en tres longitudes: 6 metros, 7 metros y 8 metros, con un di\u00e1metro de 45 cm. Nuestro Skytube est\u00e1 fabricado en spinnaker, un material conocido por su hermeticidad y propiedades repelentes al agua. Esto asegura que su Skytube sea resistente a diversas condiciones clim\u00e1ticas y pueda utilizarse durante mucho tiempo.<\/p>\n<h3>\u00bfC\u00f3mo funciona el Skytube con impresi\u00f3n?<\/h3>\n<p>La parte inferior del Skytube (skydancer) est\u00e1 acabada con velcro. Con esto, la tela se fija de forma segura al soplador. La parte superior cuenta con un t\u00fanel con un cord\u00f3n, que le permite ajustar el movimiento del Skytube. Este cord\u00f3n ofrece la posibilidad de regular el flujo de aire y cambiar la din\u00e1mica de los movimientos, haciendo que su Skytube destaque a\u00fan m\u00e1s.<\/p>\n","protected":false},"excerpt":{"rendered":"<h3>Skydancer. Equipado con su impresi\u00f3n total.<\/h3>\n<p>Atraiga la atenci\u00f3n de los transe\u00fantes y deje una impresi\u00f3n duradera con nuestro Skytube, tambi\u00e9n conocido como skydancer. Es el reclamo perfecto para cualquier ocasi\u00f3n. Ya sea un evento, una feria o una promoci\u00f3n especial, el Skytube garantiza que su mensaje no pase desapercibido. Nuestro Skytube est\u00e1 disponible como un set completo, incluyendo el soplador, o como piezas sueltas. <\/p>\n","protected":false},"featured_media":15269,"template":"","meta":{"_et_pb_use_builder":"","_et_pb_old_content":"","_et_gb_content_width":""},"product_brand":[],"product_cat":[423,431],"product_tag":[],"class_list":{"0":"post-15268","1":"product","2":"type-product","3":"status-publish","4":"has-post-thumbnail","6":"product_cat-decoracion","7":"product_cat-feria-y-evento","9":"first","10":"instock","11":"taxable","12":"shipping-taxable","13":"purchasable","14":"product-type-simple"},"yoast_head":"<!-- This site is optimized with the Yoast SEO plugin v27.3 - https:\/\/yoast.com\/product\/yoast-seo-wordpress\/ -->\n<title>Skytube: reclamo din\u00e1mico para una visibilidad m\u00e1xima<\/title>\n<meta name=\"description\" content=\"Atraiga la atenci\u00f3n garantizada con el duradero Skytube de 6, 7 u 8 metros. R\u00e1pido de instalar y listo para usar de inmediato con un potente soplador para su evento.\" \/>\n<meta name=\"robots\" content=\"index, follow, max-snippet:-1, max-image-preview:large, max-video-preview:-1\" \/>\n<link rel=\"canonical\" href=\"https:\/\/www.amstelprinting.nl\/es\/tienda\/feria-y-evento\/decoracion\/skytube\/\" \/>\n<meta property=\"og:locale\" content=\"es_ES\" \/>\n<meta property=\"og:type\" content=\"article\" \/>\n<meta property=\"og:title\" content=\"Skytube: reclamo din\u00e1mico para una visibilidad m\u00e1xima\" \/>\n<meta property=\"og:description\" content=\"Atraiga la atenci\u00f3n garantizada con el duradero Skytube de 6, 7 u 8 metros. R\u00e1pido de instalar y listo para usar de inmediato con un potente soplador para su evento.\" \/>\n<meta property=\"og:url\" content=\"https:\/\/www.amstelprinting.nl\/es\/tienda\/feria-y-evento\/decoracion\/skytube\/\" \/>\n<meta property=\"og:site_name\" content=\"Amstel Printing\" \/>\n<meta property=\"article:modified_time\" content=\"2026-02-10T11:46:06+00:00\" \/>\n<meta property=\"og:image\" content=\"https:\/\/www.amstelprinting.nl\/wp-content\/uploads\/skytube-bedrukken.png\" \/>\n\t<meta property=\"og:image:width\" content=\"900\" \/>\n\t<meta property=\"og:image:height\" content=\"900\" \/>\n\t<meta property=\"og:image:type\" content=\"image\/png\" \/>\n<meta name=\"twitter:card\" content=\"summary_large_image\" \/>\n<meta name=\"twitter:label1\" content=\"Tiempo de lectura\" \/>\n\t<meta name=\"twitter:data1\" content=\"1 minuto\" \/>\n<script type=\"application\/ld+json\" class=\"yoast-schema-graph\">{\"@context\":\"https:\\\/\\\/schema.org\",\"@graph\":[{\"@type\":\"WebPage\",\"@id\":\"https:\\\/\\\/www.amstelprinting.nl\\\/es\\\/tienda\\\/feria-y-evento\\\/decoracion\\\/skytube\\\/\",\"url\":\"https:\\\/\\\/www.amstelprinting.nl\\\/es\\\/tienda\\\/feria-y-evento\\\/decoracion\\\/skytube\\\/\",\"name\":\"Skytube: reclamo din\u00e1mico para una visibilidad m\u00e1xima\",\"isPartOf\":{\"@id\":\"https:\\\/\\\/www.amstelprinting.nl\\\/es\\\/#website\"},\"primaryImageOfPage\":{\"@id\":\"https:\\\/\\\/www.amstelprinting.nl\\\/es\\\/tienda\\\/feria-y-evento\\\/decoracion\\\/skytube\\\/#primaryimage\"},\"image\":{\"@id\":\"https:\\\/\\\/www.amstelprinting.nl\\\/es\\\/tienda\\\/feria-y-evento\\\/decoracion\\\/skytube\\\/#primaryimage\"},\"thumbnailUrl\":\"https:\\\/\\\/www.amstelprinting.nl\\\/wp-content\\\/uploads\\\/skytube-bedrukken.png\",\"datePublished\":\"2025-01-23T20:04:13+00:00\",\"dateModified\":\"2026-02-10T11:46:06+00:00\",\"description\":\"Atraiga la atenci\u00f3n garantizada con el duradero Skytube de 6, 7 u 8 metros. R\u00e1pido de instalar y listo para usar de inmediato con un potente soplador para su evento.\",\"breadcrumb\":{\"@id\":\"https:\\\/\\\/www.amstelprinting.nl\\\/es\\\/tienda\\\/feria-y-evento\\\/decoracion\\\/skytube\\\/#breadcrumb\"},\"inLanguage\":\"es\",\"potentialAction\":[{\"@type\":\"ReadAction\",\"target\":[\"https:\\\/\\\/www.amstelprinting.nl\\\/es\\\/tienda\\\/feria-y-evento\\\/decoracion\\\/skytube\\\/\"]}]},{\"@type\":\"ImageObject\",\"inLanguage\":\"es\",\"@id\":\"https:\\\/\\\/www.amstelprinting.nl\\\/es\\\/tienda\\\/feria-y-evento\\\/decoracion\\\/skytube\\\/#primaryimage\",\"url\":\"https:\\\/\\\/www.amstelprinting.nl\\\/wp-content\\\/uploads\\\/skytube-bedrukken.png\",\"contentUrl\":\"https:\\\/\\\/www.amstelprinting.nl\\\/wp-content\\\/uploads\\\/skytube-bedrukken.png\",\"width\":900,\"height\":900},{\"@type\":\"BreadcrumbList\",\"@id\":\"https:\\\/\\\/www.amstelprinting.nl\\\/es\\\/tienda\\\/feria-y-evento\\\/decoracion\\\/skytube\\\/#breadcrumb\",\"itemListElement\":[{\"@type\":\"ListItem\",\"position\":1,\"name\":\"\",\"item\":\"https:\\\/\\\/www.amstelprinting.nl\\\/es\\\/\"},{\"@type\":\"ListItem\",\"position\":2,\"name\":\"Amstel Printing\",\"item\":\"https:\\\/\\\/www.amstelprinting.nl\\\/es\\\/comercio\\\/\"},{\"@type\":\"ListItem\",\"position\":3,\"name\":\"Feria y evento\",\"item\":\"https:\\\/\\\/www.amstelprinting.nl\\\/es\\\/categor\u00eda\\\/feria-y-evento\\\/\"},{\"@type\":\"ListItem\",\"position\":4,\"name\":\"Decoraci\u00f3n\",\"item\":\"https:\\\/\\\/www.amstelprinting.nl\\\/es\\\/categor\u00eda\\\/feria-y-evento\\\/decoracion\\\/\"},{\"@type\":\"ListItem\",\"position\":5,\"name\":\"Skytube\"}]},{\"@type\":\"WebSite\",\"@id\":\"https:\\\/\\\/www.amstelprinting.nl\\\/es\\\/#website\",\"url\":\"https:\\\/\\\/www.amstelprinting.nl\\\/es\\\/\",\"name\":\"Amstel Printing\",\"description\":\"Creating Exposure\",\"publisher\":{\"@id\":\"https:\\\/\\\/www.amstelprinting.nl\\\/es\\\/#organization\"},\"potentialAction\":[{\"@type\":\"SearchAction\",\"target\":{\"@type\":\"EntryPoint\",\"urlTemplate\":\"https:\\\/\\\/www.amstelprinting.nl\\\/es\\\/?s={search_term_string}\"},\"query-input\":{\"@type\":\"PropertyValueSpecification\",\"valueRequired\":true,\"valueName\":\"search_term_string\"}}],\"inLanguage\":\"es\"},{\"@type\":\"Organization\",\"@id\":\"https:\\\/\\\/www.amstelprinting.nl\\\/es\\\/#organization\",\"name\":\"Amstel Printing\",\"url\":\"https:\\\/\\\/www.amstelprinting.nl\\\/es\\\/\",\"logo\":{\"@type\":\"ImageObject\",\"inLanguage\":\"es\",\"@id\":\"https:\\\/\\\/www.amstelprinting.nl\\\/es\\\/#\\\/schema\\\/logo\\\/image\\\/\",\"url\":\"https:\\\/\\\/www.amstelprinting.nl\\\/wp-content\\\/uploads\\\/amstel_printing_logo_clean.png\",\"contentUrl\":\"https:\\\/\\\/www.amstelprinting.nl\\\/wp-content\\\/uploads\\\/amstel_printing_logo_clean.png\",\"width\":324,\"height\":73,\"caption\":\"Amstel Printing\"},\"image\":{\"@id\":\"https:\\\/\\\/www.amstelprinting.nl\\\/es\\\/#\\\/schema\\\/logo\\\/image\\\/\"}}]}<\/script>\n<!-- \/ Yoast SEO plugin. -->","yoast_head_json":{"title":"Skytube: reclamo din\u00e1mico para una visibilidad m\u00e1xima","description":"Atraiga la atenci\u00f3n garantizada con el duradero Skytube de 6, 7 u 8 metros. R\u00e1pido de instalar y listo para usar de inmediato con un potente soplador para su evento.","robots":{"index":"index","follow":"follow","max-snippet":"max-snippet:-1","max-image-preview":"max-image-preview:large","max-video-preview":"max-video-preview:-1"},"canonical":"https:\/\/www.amstelprinting.nl\/es\/tienda\/feria-y-evento\/decoracion\/skytube\/","og_locale":"es_ES","og_type":"article","og_title":"Skytube: reclamo din\u00e1mico para una visibilidad m\u00e1xima","og_description":"Atraiga la atenci\u00f3n garantizada con el duradero Skytube de 6, 7 u 8 metros. R\u00e1pido de instalar y listo para usar de inmediato con un potente soplador para su evento.","og_url":"https:\/\/www.amstelprinting.nl\/es\/tienda\/feria-y-evento\/decoracion\/skytube\/","og_site_name":"Amstel Printing","article_modified_time":"2026-02-10T11:46:06+00:00","og_image":[{"width":900,"height":900,"url":"https:\/\/www.amstelprinting.nl\/wp-content\/uploads\/skytube-bedrukken.png","type":"image\/png"}],"twitter_card":"summary_large_image","twitter_misc":{"Tiempo de lectura":"1 minuto"},"schema":{"@context":"https:\/\/schema.org","@graph":[{"@type":"WebPage","@id":"https:\/\/www.amstelprinting.nl\/es\/tienda\/feria-y-evento\/decoracion\/skytube\/","url":"https:\/\/www.amstelprinting.nl\/es\/tienda\/feria-y-evento\/decoracion\/skytube\/","name":"Skytube: reclamo din\u00e1mico para una visibilidad m\u00e1xima","isPartOf":{"@id":"https:\/\/www.amstelprinting.nl\/es\/#website"},"primaryImageOfPage":{"@id":"https:\/\/www.amstelprinting.nl\/es\/tienda\/feria-y-evento\/decoracion\/skytube\/#primaryimage"},"image":{"@id":"https:\/\/www.amstelprinting.nl\/es\/tienda\/feria-y-evento\/decoracion\/skytube\/#primaryimage"},"thumbnailUrl":"https:\/\/www.amstelprinting.nl\/wp-content\/uploads\/skytube-bedrukken.png","datePublished":"2025-01-23T20:04:13+00:00","dateModified":"2026-02-10T11:46:06+00:00","description":"Atraiga la atenci\u00f3n garantizada con el duradero Skytube de 6, 7 u 8 metros. R\u00e1pido de instalar y listo para usar de inmediato con un potente soplador para su evento.","breadcrumb":{"@id":"https:\/\/www.amstelprinting.nl\/es\/tienda\/feria-y-evento\/decoracion\/skytube\/#breadcrumb"},"inLanguage":"es","potentialAction":[{"@type":"ReadAction","target":["https:\/\/www.amstelprinting.nl\/es\/tienda\/feria-y-evento\/decoracion\/skytube\/"]}]},{"@type":"ImageObject","inLanguage":"es","@id":"https:\/\/www.amstelprinting.nl\/es\/tienda\/feria-y-evento\/decoracion\/skytube\/#primaryimage","url":"https:\/\/www.amstelprinting.nl\/wp-content\/uploads\/skytube-bedrukken.png","contentUrl":"https:\/\/www.amstelprinting.nl\/wp-content\/uploads\/skytube-bedrukken.png","width":900,"height":900},{"@type":"BreadcrumbList","@id":"https:\/\/www.amstelprinting.nl\/es\/tienda\/feria-y-evento\/decoracion\/skytube\/#breadcrumb","itemListElement":[{"@type":"ListItem","position":1,"name":"","item":"https:\/\/www.amstelprinting.nl\/es\/"},{"@type":"ListItem","position":2,"name":"Amstel Printing","item":"https:\/\/www.amstelprinting.nl\/es\/comercio\/"},{"@type":"ListItem","position":3,"name":"Feria y evento","item":"https:\/\/www.amstelprinting.nl\/es\/categor\u00eda\/feria-y-evento\/"},{"@type":"ListItem","position":4,"name":"Decoraci\u00f3n","item":"https:\/\/www.amstelprinting.nl\/es\/categor\u00eda\/feria-y-evento\/decoracion\/"},{"@type":"ListItem","position":5,"name":"Skytube"}]},{"@type":"WebSite","@id":"https:\/\/www.amstelprinting.nl\/es\/#website","url":"https:\/\/www.amstelprinting.nl\/es\/","name":"Amstel Printing","description":"Creating Exposure","publisher":{"@id":"https:\/\/www.amstelprinting.nl\/es\/#organization"},"potentialAction":[{"@type":"SearchAction","target":{"@type":"EntryPoint","urlTemplate":"https:\/\/www.amstelprinting.nl\/es\/?s={search_term_string}"},"query-input":{"@type":"PropertyValueSpecification","valueRequired":true,"valueName":"search_term_string"}}],"inLanguage":"es"},{"@type":"Organization","@id":"https:\/\/www.amstelprinting.nl\/es\/#organization","name":"Amstel Printing","url":"https:\/\/www.amstelprinting.nl\/es\/","logo":{"@type":"ImageObject","inLanguage":"es","@id":"https:\/\/www.amstelprinting.nl\/es\/#\/schema\/logo\/image\/","url":"https:\/\/www.amstelprinting.nl\/wp-content\/uploads\/amstel_printing_logo_clean.png","contentUrl":"https:\/\/www.amstelprinting.nl\/wp-content\/uploads\/amstel_printing_logo_clean.png","width":324,"height":73,"caption":"Amstel Printing"},"image":{"@id":"https:\/\/www.amstelprinting.nl\/es\/#\/schema\/logo\/image\/"}}]}},"_links":{"self":[{"href":"https:\/\/www.amstelprinting.nl\/es\/wp-json\/wp\/v2\/product\/15268","targetHints":{"allow":["GET"]}}],"collection":[{"href":"https:\/\/www.amstelprinting.nl\/es\/wp-json\/wp\/v2\/product"}],"about":[{"href":"https:\/\/www.amstelprinting.nl\/es\/wp-json\/wp\/v2\/types\/product"}],"wp:featuredmedia":[{"embeddable":true,"href":"https:\/\/www.amstelprinting.nl\/es\/wp-json\/wp\/v2\/media\/15269"}],"wp:attachment":[{"href":"https:\/\/www.amstelprinting.nl\/es\/wp-json\/wp\/v2\/media?parent=15268"}],"wp:term":[{"taxonomy":"product_brand","embeddable":true,"href":"https:\/\/www.amstelprinting.nl\/es\/wp-json\/wp\/v2\/product_brand?post=15268"},{"taxonomy":"product_cat","embeddable":true,"href":"https:\/\/www.amstelprinting.nl\/es\/wp-json\/wp\/v2\/product_cat?post=15268"},{"taxonomy":"product_tag","embeddable":true,"href":"https:\/\/www.amstelprinting.nl\/es\/wp-json\/wp\/v2\/product_tag?post=15268"}],"curies":[{"name":"wp","href":"https:\/\/api.w.org\/{rel}","templated":true}]}}