{"id":15278,"date":"2025-01-23T21:04:07","date_gmt":"2025-01-23T20:04:07","guid":{"rendered":"https:\/\/www.amstelprinting.nl\/winkel\/sin%20categor\u00eda\/rechte-pop-up-balie-2\/"},"modified":"2026-02-18T12:48:34","modified_gmt":"2026-02-18T11:48:34","slug":"mostrador-pop-up-recto","status":"publish","type":"product","link":"https:\/\/www.amstelprinting.nl\/es\/tienda\/feria-y-evento\/muros-de-exposicion\/mostrador-pop-up-recto\/","title":{"rendered":"Mostrador pop-up recto"},"content":{"rendered":"<h3>Pedir mostrador de feria<\/h3>\n<p>Impresiona en tu pr\u00f3ximo evento con este mostrador de feria recto. Totalmente personalizado con tu propio dise\u00f1o. Este mostrador pr\u00e1ctico y elegante ofrece espacio suficiente para presentar tus productos o informaci\u00f3n. Ideal para ferias, eventos o promociones. \u00a1El montaje es pan comido, sin herramientas! Despu\u00e9s de su uso, guarda este mostrador de feria de nuevo en la bolsa de transporte compacta suministrada.<\/p>\n<h3>Ventajas<\/h3>\n<ul>\n<li>Disponible en dos materiales<\/li>\n<li>Montado en un santiam\u00e9n (sin herramientas)<\/li>\n<li>Incluye pr\u00e1ctica bolsa de transporte (almacenamiento y transporte compacto)<\/li>\n<li>\u00bfNuevo dise\u00f1o? Pide f\u00e1cilmente una impresi\u00f3n suelta<\/li>\n<\/ul>\n<p>&nbsp;<\/p>\n<h3>Materiales<\/h3>\n<p>Elige entre dos tipos de materiales para tu mostrador de feria:<\/p>\n<ul>\n<li><strong>Dekostof<\/strong>: Este tejido de poli\u00e9ster flexible con una estructura fina ofrece colores potentes que hacen que tu dise\u00f1o brille. Ten en cuenta que en salas muy iluminadas, el marco puede traslucirse a trav\u00e9s de la tela del mostrador.<\/li>\n<li><strong>Blackback Soft<\/strong>: Esta tela de poli\u00e9ster block-out con el reverso negro es perfecta para situaciones donde la absorci\u00f3n de luz y la minimizaci\u00f3n de la interferencia del fondo son esenciales. La tela es inodora, plegable y cuenta con el certificado B1 de seguridad contra incendios, lo que la hace ideal para un uso intensivo en ferias y eventos.<\/li>\n<\/ul>\n<p>&nbsp;<\/p>\n<h3>Unboxing, instalaci\u00f3n y transporte<\/h3>\n<p>Recibir\u00e1s el mostrador con una bolsa de transporte incluida, donde podr\u00e1s guardarlo. Durante el transporte, puedes dejar la tela sujeta al marco. Gracias a esto, puedes montar el mostrador pop-up en solo cinco minutos. La robustez del marco est\u00e1 garantizada por uniones de pl\u00e1stico en cruz. El estante de pl\u00e1stico ofrece espacio de almacenamiento adicional y, junto con la encimera de madera, contribuye a la estabilidad.<\/p>\n<p>Presente su marca de la mejor manera posible con nuestro mostrador de feria m\u00f3vil y atraiga todas las miradas en su pr\u00f3ximo evento. Utiliza nuestras pr\u00e1cticas plantillas, disponibles en las descargas, para crear f\u00e1cilmente tu propio dise\u00f1o. Con nuestro mostrador de feria m\u00f3vil, tienes garantizada una presentaci\u00f3n profesional y llamativa que capte la atenci\u00f3n y represente a tu marca de la mejor forma posible.<\/p>\n<h3>\u00bfMostrador de feria con iluminaci\u00f3n LED?<\/h3>\n<p>\u00bfQuieres destacar de verdad? Entonces elige nuestro mostrador Pixlip Go, una variante con iluminaci\u00f3n integrada que asegura que tu mensaje est\u00e9 en el centro de atenci\u00f3n.<\/p>\n","protected":false},"excerpt":{"rendered":"<h3>Mostrador m\u00f3vil para un stand de feria. Con una impresi\u00f3n espectacular.<\/h3>\n<p>Causa una impresi\u00f3n duradera en tu pr\u00f3xima feria o evento con nuestro mostrador de feria m\u00f3vil (tambi\u00e9n conocido como mostrador de feria, counter o desk). Este mostrador no es solo un foco de atenci\u00f3n, sino que tambi\u00e9n ofrece la combinaci\u00f3n perfecta de funcionalidad y dise\u00f1o. Nuestro mostrador de feria est\u00e1 disponible como un set completo, incluyendo encimera negra y estante, o puedes elegir piezas sueltas como solo la tela impresa del mostrador o un sistema suelto.<\/p>\n","protected":false},"featured_media":15279,"template":"","meta":{"_et_pb_use_builder":"","_et_pb_old_content":"","_et_gb_content_width":""},"product_brand":[],"product_cat":[423,431,414,382,379],"product_tag":[],"class_list":{"0":"post-15278","1":"product","2":"type-product","3":"status-publish","4":"has-post-thumbnail","6":"product_cat-decoracion","7":"product_cat-feria-y-evento","8":"product_cat-muros-de-exposicion","9":"product_cat-presentacion","10":"product_cat-publicidad-interior","12":"first","13":"instock","14":"taxable","15":"shipping-taxable","16":"purchasable","17":"product-type-simple"},"yoast_head":"<!-- This site is optimized with the Yoast SEO plugin v27.3 - https:\/\/yoast.com\/product\/yoast-seo-wordpress\/ -->\n<title>Mostrador pop-up recto \u2013 F\u00e1cil Montaje | Entrega r\u00e1pida<\/title>\n<meta name=\"description\" content=\"Descubre el mostrador pop-up recto para una potente presentaci\u00f3n de marca en ferias y eventos. \u00a1Solicita tu presupuesto ahora!\" \/>\n<meta name=\"robots\" content=\"index, follow, max-snippet:-1, max-image-preview:large, max-video-preview:-1\" \/>\n<link rel=\"canonical\" href=\"https:\/\/www.amstelprinting.nl\/es\/tienda\/feria-y-evento\/muros-de-exposicion\/mostrador-pop-up-recto\/\" \/>\n<meta property=\"og:locale\" content=\"es_ES\" \/>\n<meta property=\"og:type\" content=\"article\" \/>\n<meta property=\"og:title\" content=\"Mostrador pop-up recto \u2013 F\u00e1cil Montaje | Entrega r\u00e1pida\" \/>\n<meta property=\"og:description\" content=\"Descubre el mostrador pop-up recto para una potente presentaci\u00f3n de marca en ferias y eventos. \u00a1Solicita tu presupuesto ahora!\" \/>\n<meta property=\"og:url\" content=\"https:\/\/www.amstelprinting.nl\/es\/tienda\/feria-y-evento\/muros-de-exposicion\/mostrador-pop-up-recto\/\" \/>\n<meta property=\"og:site_name\" content=\"Amstel Printing\" \/>\n<meta property=\"article:modified_time\" content=\"2026-02-18T11:48:34+00:00\" \/>\n<meta property=\"og:image\" content=\"https:\/\/www.amstelprinting.nl\/wp-content\/uploads\/balie-bedrukken.png\" \/>\n\t<meta property=\"og:image:width\" content=\"900\" \/>\n\t<meta property=\"og:image:height\" content=\"900\" \/>\n\t<meta property=\"og:image:type\" content=\"image\/png\" \/>\n<meta name=\"twitter:card\" content=\"summary_large_image\" \/>\n<meta name=\"twitter:label1\" content=\"Tiempo de lectura\" \/>\n\t<meta name=\"twitter:data1\" content=\"2 minutos\" \/>\n<script type=\"application\/ld+json\" class=\"yoast-schema-graph\">{\"@context\":\"https:\\\/\\\/schema.org\",\"@graph\":[{\"@type\":\"WebPage\",\"@id\":\"https:\\\/\\\/www.amstelprinting.nl\\\/es\\\/tienda\\\/feria-y-evento\\\/muros-de-exposicion\\\/mostrador-pop-up-recto\\\/\",\"url\":\"https:\\\/\\\/www.amstelprinting.nl\\\/es\\\/tienda\\\/feria-y-evento\\\/muros-de-exposicion\\\/mostrador-pop-up-recto\\\/\",\"name\":\"Mostrador pop-up recto \u2013 F\u00e1cil Montaje | Entrega r\u00e1pida\",\"isPartOf\":{\"@id\":\"https:\\\/\\\/www.amstelprinting.nl\\\/es\\\/#website\"},\"primaryImageOfPage\":{\"@id\":\"https:\\\/\\\/www.amstelprinting.nl\\\/es\\\/tienda\\\/feria-y-evento\\\/muros-de-exposicion\\\/mostrador-pop-up-recto\\\/#primaryimage\"},\"image\":{\"@id\":\"https:\\\/\\\/www.amstelprinting.nl\\\/es\\\/tienda\\\/feria-y-evento\\\/muros-de-exposicion\\\/mostrador-pop-up-recto\\\/#primaryimage\"},\"thumbnailUrl\":\"https:\\\/\\\/www.amstelprinting.nl\\\/wp-content\\\/uploads\\\/balie-bedrukken.png\",\"datePublished\":\"2025-01-23T20:04:07+00:00\",\"dateModified\":\"2026-02-18T11:48:34+00:00\",\"description\":\"Descubre el mostrador pop-up recto para una potente presentaci\u00f3n de marca en ferias y eventos. \u00a1Solicita tu presupuesto ahora!\",\"breadcrumb\":{\"@id\":\"https:\\\/\\\/www.amstelprinting.nl\\\/es\\\/tienda\\\/feria-y-evento\\\/muros-de-exposicion\\\/mostrador-pop-up-recto\\\/#breadcrumb\"},\"inLanguage\":\"es\",\"potentialAction\":[{\"@type\":\"ReadAction\",\"target\":[\"https:\\\/\\\/www.amstelprinting.nl\\\/es\\\/tienda\\\/feria-y-evento\\\/muros-de-exposicion\\\/mostrador-pop-up-recto\\\/\"]}]},{\"@type\":\"ImageObject\",\"inLanguage\":\"es\",\"@id\":\"https:\\\/\\\/www.amstelprinting.nl\\\/es\\\/tienda\\\/feria-y-evento\\\/muros-de-exposicion\\\/mostrador-pop-up-recto\\\/#primaryimage\",\"url\":\"https:\\\/\\\/www.amstelprinting.nl\\\/wp-content\\\/uploads\\\/balie-bedrukken.png\",\"contentUrl\":\"https:\\\/\\\/www.amstelprinting.nl\\\/wp-content\\\/uploads\\\/balie-bedrukken.png\",\"width\":900,\"height\":900},{\"@type\":\"BreadcrumbList\",\"@id\":\"https:\\\/\\\/www.amstelprinting.nl\\\/es\\\/tienda\\\/feria-y-evento\\\/muros-de-exposicion\\\/mostrador-pop-up-recto\\\/#breadcrumb\",\"itemListElement\":[{\"@type\":\"ListItem\",\"position\":1,\"name\":\"\",\"item\":\"https:\\\/\\\/www.amstelprinting.nl\\\/es\\\/\"},{\"@type\":\"ListItem\",\"position\":2,\"name\":\"Amstel Printing\",\"item\":\"https:\\\/\\\/www.amstelprinting.nl\\\/es\\\/comercio\\\/\"},{\"@type\":\"ListItem\",\"position\":3,\"name\":\"Publicidad interior\",\"item\":\"https:\\\/\\\/www.amstelprinting.nl\\\/es\\\/categor\u00eda\\\/publicidad-interior\\\/\"},{\"@type\":\"ListItem\",\"position\":4,\"name\":\"Presentaci\u00f3n\",\"item\":\"https:\\\/\\\/www.amstelprinting.nl\\\/es\\\/categor\u00eda\\\/publicidad-interior\\\/presentacion\\\/\"},{\"@type\":\"ListItem\",\"position\":5,\"name\":\"Mostrador pop-up recto\"}]},{\"@type\":\"WebSite\",\"@id\":\"https:\\\/\\\/www.amstelprinting.nl\\\/es\\\/#website\",\"url\":\"https:\\\/\\\/www.amstelprinting.nl\\\/es\\\/\",\"name\":\"Amstel Printing\",\"description\":\"Creating Exposure\",\"publisher\":{\"@id\":\"https:\\\/\\\/www.amstelprinting.nl\\\/es\\\/#organization\"},\"potentialAction\":[{\"@type\":\"SearchAction\",\"target\":{\"@type\":\"EntryPoint\",\"urlTemplate\":\"https:\\\/\\\/www.amstelprinting.nl\\\/es\\\/?s={search_term_string}\"},\"query-input\":{\"@type\":\"PropertyValueSpecification\",\"valueRequired\":true,\"valueName\":\"search_term_string\"}}],\"inLanguage\":\"es\"},{\"@type\":\"Organization\",\"@id\":\"https:\\\/\\\/www.amstelprinting.nl\\\/es\\\/#organization\",\"name\":\"Amstel Printing\",\"url\":\"https:\\\/\\\/www.amstelprinting.nl\\\/es\\\/\",\"logo\":{\"@type\":\"ImageObject\",\"inLanguage\":\"es\",\"@id\":\"https:\\\/\\\/www.amstelprinting.nl\\\/es\\\/#\\\/schema\\\/logo\\\/image\\\/\",\"url\":\"https:\\\/\\\/www.amstelprinting.nl\\\/wp-content\\\/uploads\\\/amstel_printing_logo_clean.png\",\"contentUrl\":\"https:\\\/\\\/www.amstelprinting.nl\\\/wp-content\\\/uploads\\\/amstel_printing_logo_clean.png\",\"width\":324,\"height\":73,\"caption\":\"Amstel Printing\"},\"image\":{\"@id\":\"https:\\\/\\\/www.amstelprinting.nl\\\/es\\\/#\\\/schema\\\/logo\\\/image\\\/\"}}]}<\/script>\n<!-- \/ Yoast SEO plugin. -->","yoast_head_json":{"title":"Mostrador pop-up recto \u2013 F\u00e1cil Montaje | Entrega r\u00e1pida","description":"Descubre el mostrador pop-up recto para una potente presentaci\u00f3n de marca en ferias y eventos. \u00a1Solicita tu presupuesto ahora!","robots":{"index":"index","follow":"follow","max-snippet":"max-snippet:-1","max-image-preview":"max-image-preview:large","max-video-preview":"max-video-preview:-1"},"canonical":"https:\/\/www.amstelprinting.nl\/es\/tienda\/feria-y-evento\/muros-de-exposicion\/mostrador-pop-up-recto\/","og_locale":"es_ES","og_type":"article","og_title":"Mostrador pop-up recto \u2013 F\u00e1cil Montaje | Entrega r\u00e1pida","og_description":"Descubre el mostrador pop-up recto para una potente presentaci\u00f3n de marca en ferias y eventos. \u00a1Solicita tu presupuesto ahora!","og_url":"https:\/\/www.amstelprinting.nl\/es\/tienda\/feria-y-evento\/muros-de-exposicion\/mostrador-pop-up-recto\/","og_site_name":"Amstel Printing","article_modified_time":"2026-02-18T11:48:34+00:00","og_image":[{"width":900,"height":900,"url":"https:\/\/www.amstelprinting.nl\/wp-content\/uploads\/balie-bedrukken.png","type":"image\/png"}],"twitter_card":"summary_large_image","twitter_misc":{"Tiempo de lectura":"2 minutos"},"schema":{"@context":"https:\/\/schema.org","@graph":[{"@type":"WebPage","@id":"https:\/\/www.amstelprinting.nl\/es\/tienda\/feria-y-evento\/muros-de-exposicion\/mostrador-pop-up-recto\/","url":"https:\/\/www.amstelprinting.nl\/es\/tienda\/feria-y-evento\/muros-de-exposicion\/mostrador-pop-up-recto\/","name":"Mostrador pop-up recto \u2013 F\u00e1cil Montaje | Entrega r\u00e1pida","isPartOf":{"@id":"https:\/\/www.amstelprinting.nl\/es\/#website"},"primaryImageOfPage":{"@id":"https:\/\/www.amstelprinting.nl\/es\/tienda\/feria-y-evento\/muros-de-exposicion\/mostrador-pop-up-recto\/#primaryimage"},"image":{"@id":"https:\/\/www.amstelprinting.nl\/es\/tienda\/feria-y-evento\/muros-de-exposicion\/mostrador-pop-up-recto\/#primaryimage"},"thumbnailUrl":"https:\/\/www.amstelprinting.nl\/wp-content\/uploads\/balie-bedrukken.png","datePublished":"2025-01-23T20:04:07+00:00","dateModified":"2026-02-18T11:48:34+00:00","description":"Descubre el mostrador pop-up recto para una potente presentaci\u00f3n de marca en ferias y eventos. \u00a1Solicita tu presupuesto ahora!","breadcrumb":{"@id":"https:\/\/www.amstelprinting.nl\/es\/tienda\/feria-y-evento\/muros-de-exposicion\/mostrador-pop-up-recto\/#breadcrumb"},"inLanguage":"es","potentialAction":[{"@type":"ReadAction","target":["https:\/\/www.amstelprinting.nl\/es\/tienda\/feria-y-evento\/muros-de-exposicion\/mostrador-pop-up-recto\/"]}]},{"@type":"ImageObject","inLanguage":"es","@id":"https:\/\/www.amstelprinting.nl\/es\/tienda\/feria-y-evento\/muros-de-exposicion\/mostrador-pop-up-recto\/#primaryimage","url":"https:\/\/www.amstelprinting.nl\/wp-content\/uploads\/balie-bedrukken.png","contentUrl":"https:\/\/www.amstelprinting.nl\/wp-content\/uploads\/balie-bedrukken.png","width":900,"height":900},{"@type":"BreadcrumbList","@id":"https:\/\/www.amstelprinting.nl\/es\/tienda\/feria-y-evento\/muros-de-exposicion\/mostrador-pop-up-recto\/#breadcrumb","itemListElement":[{"@type":"ListItem","position":1,"name":"","item":"https:\/\/www.amstelprinting.nl\/es\/"},{"@type":"ListItem","position":2,"name":"Amstel Printing","item":"https:\/\/www.amstelprinting.nl\/es\/comercio\/"},{"@type":"ListItem","position":3,"name":"Publicidad interior","item":"https:\/\/www.amstelprinting.nl\/es\/categor\u00eda\/publicidad-interior\/"},{"@type":"ListItem","position":4,"name":"Presentaci\u00f3n","item":"https:\/\/www.amstelprinting.nl\/es\/categor\u00eda\/publicidad-interior\/presentacion\/"},{"@type":"ListItem","position":5,"name":"Mostrador pop-up recto"}]},{"@type":"WebSite","@id":"https:\/\/www.amstelprinting.nl\/es\/#website","url":"https:\/\/www.amstelprinting.nl\/es\/","name":"Amstel Printing","description":"Creating Exposure","publisher":{"@id":"https:\/\/www.amstelprinting.nl\/es\/#organization"},"potentialAction":[{"@type":"SearchAction","target":{"@type":"EntryPoint","urlTemplate":"https:\/\/www.amstelprinting.nl\/es\/?s={search_term_string}"},"query-input":{"@type":"PropertyValueSpecification","valueRequired":true,"valueName":"search_term_string"}}],"inLanguage":"es"},{"@type":"Organization","@id":"https:\/\/www.amstelprinting.nl\/es\/#organization","name":"Amstel Printing","url":"https:\/\/www.amstelprinting.nl\/es\/","logo":{"@type":"ImageObject","inLanguage":"es","@id":"https:\/\/www.amstelprinting.nl\/es\/#\/schema\/logo\/image\/","url":"https:\/\/www.amstelprinting.nl\/wp-content\/uploads\/amstel_printing_logo_clean.png","contentUrl":"https:\/\/www.amstelprinting.nl\/wp-content\/uploads\/amstel_printing_logo_clean.png","width":324,"height":73,"caption":"Amstel Printing"},"image":{"@id":"https:\/\/www.amstelprinting.nl\/es\/#\/schema\/logo\/image\/"}}]}},"_links":{"self":[{"href":"https:\/\/www.amstelprinting.nl\/es\/wp-json\/wp\/v2\/product\/15278","targetHints":{"allow":["GET"]}}],"collection":[{"href":"https:\/\/www.amstelprinting.nl\/es\/wp-json\/wp\/v2\/product"}],"about":[{"href":"https:\/\/www.amstelprinting.nl\/es\/wp-json\/wp\/v2\/types\/product"}],"wp:featuredmedia":[{"embeddable":true,"href":"https:\/\/www.amstelprinting.nl\/es\/wp-json\/wp\/v2\/media\/15279"}],"wp:attachment":[{"href":"https:\/\/www.amstelprinting.nl\/es\/wp-json\/wp\/v2\/media?parent=15278"}],"wp:term":[{"taxonomy":"product_brand","embeddable":true,"href":"https:\/\/www.amstelprinting.nl\/es\/wp-json\/wp\/v2\/product_brand?post=15278"},{"taxonomy":"product_cat","embeddable":true,"href":"https:\/\/www.amstelprinting.nl\/es\/wp-json\/wp\/v2\/product_cat?post=15278"},{"taxonomy":"product_tag","embeddable":true,"href":"https:\/\/www.amstelprinting.nl\/es\/wp-json\/wp\/v2\/product_tag?post=15278"}],"curies":[{"name":"wp","href":"https:\/\/api.w.org\/{rel}","templated":true}]}}