{"id":15303,"date":"2025-01-23T21:03:48","date_gmt":"2025-01-23T20:03:48","guid":{"rendered":"https:\/\/www.amstelprinting.nl\/winkel\/sin%20categor\u00eda\/vloersticker\/"},"modified":"2026-02-18T12:48:35","modified_gmt":"2026-02-18T11:48:35","slug":"vinilo-para-suelo","status":"publish","type":"product","link":"https:\/\/www.amstelprinting.nl\/es\/tienda\/interior\/decoracion-del-suelo\/vinilo-para-suelo\/","title":{"rendered":"Vinilo para suelo"},"content":{"rendered":"<h3>Impresi\u00f3n de vinilos para suelo<\/h3>\n<p>Haga que su mensaje destaque con nuestros vinilos para suelo impresos. Perfectos tanto para aplicaciones en interiores como en exteriores, los vinilos para suelo impresos son ideales para campa\u00f1as temporales o soluciones a largo plazo. Ya sea que est\u00e9 organizando un evento, desee embellecer su tienda o comunicar un mensaje, los vinilos para suelo con impresi\u00f3n ofrecen flexibilidad y durabilidad. Con diversos materiales y opciones personalizadas, los vinilos para suelo son la elecci\u00f3n perfecta para hacer que cualquier marca o mensaje destaque.<\/p>\n<h3>Materiales<\/h3>\n<p>Los vinilos para suelo est\u00e1n disponibles en cuatro materiales: DOT, l\u00e1mina blanca, roughmark y adhesivo para asfalto.<\/p>\n<ul>\n<li><strong>DOT<\/strong> es f\u00e1cil de reposicionar y tiene una vida \u00fatil esperada de unos 3 meses, con un valor antideslizante de R10. Adecuado para uso en interiores.<\/li>\n<li><strong>L\u00e1mina blanca<\/strong> cuenta con una capa de adhesivo removible y tambi\u00e9n ofrece una vida \u00fatil de al menos 3 meses, con un valor antideslizante de R10. Adecuada para uso en interiores.<\/li>\n<li><strong>Roughmark<\/strong> es una l\u00e1mina universal con una capa de adhesivo High-Tack, adecuada para casi todas las superficies tanto en interiores como en exteriores. Tiene una vida \u00fatil esperada de 3 meses y un valor antideslizante de R10.<\/li>\n<li><strong>Adhesivo para asfalto<\/strong> es un vinilo para suelo de exterior duradero con una base de aluminio, perfecto para su uso en hormig\u00f3n, pavimentos y asfalto. Esta l\u00e1mina universal es ideal para aplicaciones temporales al aire libre y ofrece una excelente resistencia al desgaste.<\/li>\n<\/ul>\n<p>&nbsp;<br \/>\nTodos nuestros vinilos para suelo se pueden cortar en el tama\u00f1o o contorno deseado, para que se adapten perfectamente a su dise\u00f1o y espacio.<\/p>\n<h3>Accesorios<\/h3>\n<p>Haga su instalaci\u00f3n a\u00fan m\u00e1s sencilla con nuestros diversos accesorios, que incluyen punzones para burbujas, cinta de carrocero y cajas de herramientas. Estas herramientas aseguran que pueda empezar a trabajar de forma r\u00e1pida y eficiente.<br \/>\nCon nuestros vinilos para suelo, invierte en un producto que es tanto visualmente atractivo como funcional. Ya sea que necesite una soluci\u00f3n temporal o a largo plazo, nuestros vinilos para suelo impresos son la elecci\u00f3n perfecta para cada situaci\u00f3n. Dele a su mensaje un lugar potente y cree una impresi\u00f3n duradera con nuestros vinilos para suelo.<\/p>\n<h3>Consejos para la aplicaci\u00f3n<\/h3>\n<p>Aseg\u00farese de que la temperatura durante la colocaci\u00f3n del vinilo para suelo impreso est\u00e9 entre 10 y un m\u00e1ximo de 32 \u00b0C. Aplique la l\u00e1mina para suelo exclusivamente sobre superficies secas, limpias y libres de grasa. \u00bfVa a pegar el vinilo para suelo en el exterior? Elija entonces el material adecuado (ver arriba) y aseg\u00farese de que los bordes coincidan lo m\u00e1s posible con las baldosas. Adem\u00e1s, intente evitar las juntas, ya que esto favorece la vida \u00fatil del adhesivo.<\/p>\n<h3>Preguntas frecuentes<\/h3>\n<p><strong>\u00bfCu\u00e1l es la vida \u00fatil?<\/strong><br \/>\nLos vinilos para suelo con impresi\u00f3n tienen (dependiendo del uso) una vida \u00fatil esperada de aproximadamente 3 meses.<br \/>\n\u00bfQu\u00e9 material o adhesivo es adecuado para cada superficie?<br \/>\nLos vinilos para suelo de uso interior son adecuados para superficies planas y lisas como baldosas. Si tiene dudas sobre la adherencia, puede considerar el Roughmark; este ofrece una adhesi\u00f3n inicial m\u00e1s alta que otras l\u00e1minas. Los vinilos para suelo de uso exterior son aplicables sobre ladrillos, asfalto y hormig\u00f3n.<\/p>\n<p><strong>\u00bfC\u00f3mo evitar burbujas al pegar?<\/strong><br \/>\nAseg\u00farese de que la superficie est\u00e9 limpia y libre de grasa. Si la capa de adhesivo es apta para la aplicaci\u00f3n en h\u00famedo, humedezca tanto la superficie como la capa de adhesivo y coloque la l\u00e1mina para suelo. Fije la l\u00e1mina y pase la esp\u00e1tula de forma lenta y uniforme para extraer la humedad de debajo del adhesivo. Si no es posible pegar en h\u00famedo, coloque el adhesivo por la parte superior y trabaje uniformemente hacia abajo. Trabaje con cuidado, ya que al pegar en seco es m\u00e1s dif\u00edcil reposicionar el vinilo o eliminar las burbujas de aire.<\/p>\n","protected":false},"excerpt":{"rendered":"<h3>Adhesivo resistente al desgaste para suelos planos<\/h3>\n<p>Cree un alto valor de atenci\u00f3n con la ayuda de vinilos para suelo impresos. Se pueden pedir en cualquier tama\u00f1o y forma (contorno). Y siempre con una impresi\u00f3n n\u00edtida. Los vinilos para suelo impresos protegen el suelo subyocente. Adecuados para uso en interiores y exteriores. Configure su vinilo para suelo impreso en unos pocos pasos a continuaci\u00f3n.<\/p>\n","protected":false},"featured_media":15304,"template":"","meta":{"_et_pb_use_builder":"","_et_pb_old_content":"","_et_gb_content_width":""},"product_brand":[],"product_cat":[571,431,545,315,576,421],"product_tag":[],"class_list":{"0":"post-15303","1":"product","2":"type-product","3":"status-publish","4":"has-post-thumbnail","6":"product_cat-decoracion-del-suelo","7":"product_cat-feria-y-evento","8":"product_cat-interior","9":"product_cat-pegatinas-e-impresion","10":"product_cat-pegatinas-grandes","11":"product_cat-pisos-de-negociacion","13":"first","14":"instock","15":"taxable","16":"shipping-taxable","17":"purchasable","18":"product-type-simple"},"yoast_head":"<!-- This site is optimized with the Yoast SEO plugin v27.3 - https:\/\/yoast.com\/product\/yoast-seo-wordpress\/ -->\n<title>Vinilo para suelo | Amstel Printing<\/title>\n<meta name=\"robots\" content=\"index, follow, max-snippet:-1, max-image-preview:large, max-video-preview:-1\" \/>\n<link rel=\"canonical\" href=\"https:\/\/www.amstelprinting.nl\/es\/tienda\/interior\/decoracion-del-suelo\/vinilo-para-suelo\/\" \/>\n<meta property=\"og:locale\" content=\"es_ES\" \/>\n<meta property=\"og:type\" content=\"article\" \/>\n<meta property=\"og:title\" content=\"Vinilo para suelo | Amstel Printing\" \/>\n<meta property=\"og:description\" content=\"Adhesivo resistente al desgaste para suelos planos Cree un alto valor de atenci\u00f3n con la ayuda de vinilos para suelo impresos. Se pueden pedir en cualquier tama\u00f1o y forma (contorno). Y siempre con una impresi\u00f3n n\u00edtida. Los vinilos para suelo impresos protegen el suelo subyocente. Adecuados para uso en interiores y exteriores. Configure su vinilo para suelo impreso en unos pocos pasos a continuaci\u00f3n.\" \/>\n<meta property=\"og:url\" content=\"https:\/\/www.amstelprinting.nl\/es\/tienda\/interior\/decoracion-del-suelo\/vinilo-para-suelo\/\" \/>\n<meta property=\"og:site_name\" content=\"Amstel Printing\" \/>\n<meta property=\"article:modified_time\" content=\"2026-02-18T11:48:35+00:00\" \/>\n<meta property=\"og:image\" content=\"https:\/\/www.amstelprinting.nl\/wp-content\/uploads\/vloersticker-bedrukken.png\" \/>\n\t<meta property=\"og:image:width\" content=\"900\" \/>\n\t<meta property=\"og:image:height\" content=\"900\" \/>\n\t<meta property=\"og:image:type\" content=\"image\/png\" \/>\n<meta name=\"twitter:card\" content=\"summary_large_image\" \/>\n<meta name=\"twitter:label1\" content=\"Tiempo de lectura\" \/>\n\t<meta name=\"twitter:data1\" content=\"3 minutos\" \/>\n<script type=\"application\/ld+json\" class=\"yoast-schema-graph\">{\"@context\":\"https:\\\/\\\/schema.org\",\"@graph\":[{\"@type\":\"WebPage\",\"@id\":\"https:\\\/\\\/www.amstelprinting.nl\\\/es\\\/tienda\\\/interior\\\/decoracion-del-suelo\\\/vinilo-para-suelo\\\/\",\"url\":\"https:\\\/\\\/www.amstelprinting.nl\\\/es\\\/tienda\\\/interior\\\/decoracion-del-suelo\\\/vinilo-para-suelo\\\/\",\"name\":\"Vinilo para suelo | Amstel Printing\",\"isPartOf\":{\"@id\":\"https:\\\/\\\/www.amstelprinting.nl\\\/es\\\/#website\"},\"primaryImageOfPage\":{\"@id\":\"https:\\\/\\\/www.amstelprinting.nl\\\/es\\\/tienda\\\/interior\\\/decoracion-del-suelo\\\/vinilo-para-suelo\\\/#primaryimage\"},\"image\":{\"@id\":\"https:\\\/\\\/www.amstelprinting.nl\\\/es\\\/tienda\\\/interior\\\/decoracion-del-suelo\\\/vinilo-para-suelo\\\/#primaryimage\"},\"thumbnailUrl\":\"https:\\\/\\\/www.amstelprinting.nl\\\/wp-content\\\/uploads\\\/vloersticker-bedrukken.png\",\"datePublished\":\"2025-01-23T20:03:48+00:00\",\"dateModified\":\"2026-02-18T11:48:35+00:00\",\"breadcrumb\":{\"@id\":\"https:\\\/\\\/www.amstelprinting.nl\\\/es\\\/tienda\\\/interior\\\/decoracion-del-suelo\\\/vinilo-para-suelo\\\/#breadcrumb\"},\"inLanguage\":\"es\",\"potentialAction\":[{\"@type\":\"ReadAction\",\"target\":[\"https:\\\/\\\/www.amstelprinting.nl\\\/es\\\/tienda\\\/interior\\\/decoracion-del-suelo\\\/vinilo-para-suelo\\\/\"]}]},{\"@type\":\"ImageObject\",\"inLanguage\":\"es\",\"@id\":\"https:\\\/\\\/www.amstelprinting.nl\\\/es\\\/tienda\\\/interior\\\/decoracion-del-suelo\\\/vinilo-para-suelo\\\/#primaryimage\",\"url\":\"https:\\\/\\\/www.amstelprinting.nl\\\/wp-content\\\/uploads\\\/vloersticker-bedrukken.png\",\"contentUrl\":\"https:\\\/\\\/www.amstelprinting.nl\\\/wp-content\\\/uploads\\\/vloersticker-bedrukken.png\",\"width\":900,\"height\":900},{\"@type\":\"BreadcrumbList\",\"@id\":\"https:\\\/\\\/www.amstelprinting.nl\\\/es\\\/tienda\\\/interior\\\/decoracion-del-suelo\\\/vinilo-para-suelo\\\/#breadcrumb\",\"itemListElement\":[{\"@type\":\"ListItem\",\"position\":1,\"name\":\"\",\"item\":\"https:\\\/\\\/www.amstelprinting.nl\\\/es\\\/\"},{\"@type\":\"ListItem\",\"position\":2,\"name\":\"Amstel Printing\",\"item\":\"https:\\\/\\\/www.amstelprinting.nl\\\/es\\\/comercio\\\/\"},{\"@type\":\"ListItem\",\"position\":3,\"name\":\"Feria y evento\",\"item\":\"https:\\\/\\\/www.amstelprinting.nl\\\/es\\\/categor\u00eda\\\/feria-y-evento\\\/\"},{\"@type\":\"ListItem\",\"position\":4,\"name\":\"Pisos de negociaci\u00f3n\",\"item\":\"https:\\\/\\\/www.amstelprinting.nl\\\/es\\\/categor\u00eda\\\/feria-y-evento\\\/pisos-de-negociacion\\\/\"},{\"@type\":\"ListItem\",\"position\":5,\"name\":\"Vinilo para suelo\"}]},{\"@type\":\"WebSite\",\"@id\":\"https:\\\/\\\/www.amstelprinting.nl\\\/es\\\/#website\",\"url\":\"https:\\\/\\\/www.amstelprinting.nl\\\/es\\\/\",\"name\":\"Amstel Printing\",\"description\":\"Creating Exposure\",\"publisher\":{\"@id\":\"https:\\\/\\\/www.amstelprinting.nl\\\/es\\\/#organization\"},\"potentialAction\":[{\"@type\":\"SearchAction\",\"target\":{\"@type\":\"EntryPoint\",\"urlTemplate\":\"https:\\\/\\\/www.amstelprinting.nl\\\/es\\\/?s={search_term_string}\"},\"query-input\":{\"@type\":\"PropertyValueSpecification\",\"valueRequired\":true,\"valueName\":\"search_term_string\"}}],\"inLanguage\":\"es\"},{\"@type\":\"Organization\",\"@id\":\"https:\\\/\\\/www.amstelprinting.nl\\\/es\\\/#organization\",\"name\":\"Amstel Printing\",\"url\":\"https:\\\/\\\/www.amstelprinting.nl\\\/es\\\/\",\"logo\":{\"@type\":\"ImageObject\",\"inLanguage\":\"es\",\"@id\":\"https:\\\/\\\/www.amstelprinting.nl\\\/es\\\/#\\\/schema\\\/logo\\\/image\\\/\",\"url\":\"https:\\\/\\\/www.amstelprinting.nl\\\/wp-content\\\/uploads\\\/amstel_printing_logo_clean.png\",\"contentUrl\":\"https:\\\/\\\/www.amstelprinting.nl\\\/wp-content\\\/uploads\\\/amstel_printing_logo_clean.png\",\"width\":324,\"height\":73,\"caption\":\"Amstel Printing\"},\"image\":{\"@id\":\"https:\\\/\\\/www.amstelprinting.nl\\\/es\\\/#\\\/schema\\\/logo\\\/image\\\/\"}}]}<\/script>\n<!-- \/ Yoast SEO plugin. -->","yoast_head_json":{"title":"Vinilo para suelo | Amstel Printing","robots":{"index":"index","follow":"follow","max-snippet":"max-snippet:-1","max-image-preview":"max-image-preview:large","max-video-preview":"max-video-preview:-1"},"canonical":"https:\/\/www.amstelprinting.nl\/es\/tienda\/interior\/decoracion-del-suelo\/vinilo-para-suelo\/","og_locale":"es_ES","og_type":"article","og_title":"Vinilo para suelo | Amstel Printing","og_description":"Adhesivo resistente al desgaste para suelos planos Cree un alto valor de atenci\u00f3n con la ayuda de vinilos para suelo impresos. Se pueden pedir en cualquier tama\u00f1o y forma (contorno). Y siempre con una impresi\u00f3n n\u00edtida. Los vinilos para suelo impresos protegen el suelo subyocente. Adecuados para uso en interiores y exteriores. Configure su vinilo para suelo impreso en unos pocos pasos a continuaci\u00f3n.","og_url":"https:\/\/www.amstelprinting.nl\/es\/tienda\/interior\/decoracion-del-suelo\/vinilo-para-suelo\/","og_site_name":"Amstel Printing","article_modified_time":"2026-02-18T11:48:35+00:00","og_image":[{"width":900,"height":900,"url":"https:\/\/www.amstelprinting.nl\/wp-content\/uploads\/vloersticker-bedrukken.png","type":"image\/png"}],"twitter_card":"summary_large_image","twitter_misc":{"Tiempo de lectura":"3 minutos"},"schema":{"@context":"https:\/\/schema.org","@graph":[{"@type":"WebPage","@id":"https:\/\/www.amstelprinting.nl\/es\/tienda\/interior\/decoracion-del-suelo\/vinilo-para-suelo\/","url":"https:\/\/www.amstelprinting.nl\/es\/tienda\/interior\/decoracion-del-suelo\/vinilo-para-suelo\/","name":"Vinilo para suelo | Amstel Printing","isPartOf":{"@id":"https:\/\/www.amstelprinting.nl\/es\/#website"},"primaryImageOfPage":{"@id":"https:\/\/www.amstelprinting.nl\/es\/tienda\/interior\/decoracion-del-suelo\/vinilo-para-suelo\/#primaryimage"},"image":{"@id":"https:\/\/www.amstelprinting.nl\/es\/tienda\/interior\/decoracion-del-suelo\/vinilo-para-suelo\/#primaryimage"},"thumbnailUrl":"https:\/\/www.amstelprinting.nl\/wp-content\/uploads\/vloersticker-bedrukken.png","datePublished":"2025-01-23T20:03:48+00:00","dateModified":"2026-02-18T11:48:35+00:00","breadcrumb":{"@id":"https:\/\/www.amstelprinting.nl\/es\/tienda\/interior\/decoracion-del-suelo\/vinilo-para-suelo\/#breadcrumb"},"inLanguage":"es","potentialAction":[{"@type":"ReadAction","target":["https:\/\/www.amstelprinting.nl\/es\/tienda\/interior\/decoracion-del-suelo\/vinilo-para-suelo\/"]}]},{"@type":"ImageObject","inLanguage":"es","@id":"https:\/\/www.amstelprinting.nl\/es\/tienda\/interior\/decoracion-del-suelo\/vinilo-para-suelo\/#primaryimage","url":"https:\/\/www.amstelprinting.nl\/wp-content\/uploads\/vloersticker-bedrukken.png","contentUrl":"https:\/\/www.amstelprinting.nl\/wp-content\/uploads\/vloersticker-bedrukken.png","width":900,"height":900},{"@type":"BreadcrumbList","@id":"https:\/\/www.amstelprinting.nl\/es\/tienda\/interior\/decoracion-del-suelo\/vinilo-para-suelo\/#breadcrumb","itemListElement":[{"@type":"ListItem","position":1,"name":"","item":"https:\/\/www.amstelprinting.nl\/es\/"},{"@type":"ListItem","position":2,"name":"Amstel Printing","item":"https:\/\/www.amstelprinting.nl\/es\/comercio\/"},{"@type":"ListItem","position":3,"name":"Feria y evento","item":"https:\/\/www.amstelprinting.nl\/es\/categor\u00eda\/feria-y-evento\/"},{"@type":"ListItem","position":4,"name":"Pisos de negociaci\u00f3n","item":"https:\/\/www.amstelprinting.nl\/es\/categor\u00eda\/feria-y-evento\/pisos-de-negociacion\/"},{"@type":"ListItem","position":5,"name":"Vinilo para suelo"}]},{"@type":"WebSite","@id":"https:\/\/www.amstelprinting.nl\/es\/#website","url":"https:\/\/www.amstelprinting.nl\/es\/","name":"Amstel Printing","description":"Creating Exposure","publisher":{"@id":"https:\/\/www.amstelprinting.nl\/es\/#organization"},"potentialAction":[{"@type":"SearchAction","target":{"@type":"EntryPoint","urlTemplate":"https:\/\/www.amstelprinting.nl\/es\/?s={search_term_string}"},"query-input":{"@type":"PropertyValueSpecification","valueRequired":true,"valueName":"search_term_string"}}],"inLanguage":"es"},{"@type":"Organization","@id":"https:\/\/www.amstelprinting.nl\/es\/#organization","name":"Amstel Printing","url":"https:\/\/www.amstelprinting.nl\/es\/","logo":{"@type":"ImageObject","inLanguage":"es","@id":"https:\/\/www.amstelprinting.nl\/es\/#\/schema\/logo\/image\/","url":"https:\/\/www.amstelprinting.nl\/wp-content\/uploads\/amstel_printing_logo_clean.png","contentUrl":"https:\/\/www.amstelprinting.nl\/wp-content\/uploads\/amstel_printing_logo_clean.png","width":324,"height":73,"caption":"Amstel Printing"},"image":{"@id":"https:\/\/www.amstelprinting.nl\/es\/#\/schema\/logo\/image\/"}}]}},"_links":{"self":[{"href":"https:\/\/www.amstelprinting.nl\/es\/wp-json\/wp\/v2\/product\/15303","targetHints":{"allow":["GET"]}}],"collection":[{"href":"https:\/\/www.amstelprinting.nl\/es\/wp-json\/wp\/v2\/product"}],"about":[{"href":"https:\/\/www.amstelprinting.nl\/es\/wp-json\/wp\/v2\/types\/product"}],"wp:featuredmedia":[{"embeddable":true,"href":"https:\/\/www.amstelprinting.nl\/es\/wp-json\/wp\/v2\/media\/15304"}],"wp:attachment":[{"href":"https:\/\/www.amstelprinting.nl\/es\/wp-json\/wp\/v2\/media?parent=15303"}],"wp:term":[{"taxonomy":"product_brand","embeddable":true,"href":"https:\/\/www.amstelprinting.nl\/es\/wp-json\/wp\/v2\/product_brand?post=15303"},{"taxonomy":"product_cat","embeddable":true,"href":"https:\/\/www.amstelprinting.nl\/es\/wp-json\/wp\/v2\/product_cat?post=15303"},{"taxonomy":"product_tag","embeddable":true,"href":"https:\/\/www.amstelprinting.nl\/es\/wp-json\/wp\/v2\/product_tag?post=15303"}],"curies":[{"name":"wp","href":"https:\/\/api.w.org\/{rel}","templated":true}]}}