{"id":15313,"date":"2025-01-23T21:03:42","date_gmt":"2025-01-23T20:03:42","guid":{"rendered":"https:\/\/www.amstelprinting.nl\/winkel\/sin%20categor\u00eda\/double-roll-up-banner\/"},"modified":"2026-02-18T12:48:36","modified_gmt":"2026-02-18T11:48:36","slug":"roll-up-banner-doble","status":"publish","type":"product","link":"https:\/\/www.amstelprinting.nl\/es\/tienda\/feria-y-evento\/enrollar-pancartas\/roll-up-banner-doble\/","title":{"rendered":"Roll-up banner doble"},"content":{"rendered":"<h3>Pedir Roll-up Banner doble<\/h3>\n<p>\u00a1Impresione a los transe\u00fantes y clientes (potenciales) con nuestro roll-up banner doble! El casete de este roll-up banner est\u00e1 equipado con nada menos que dos lonas enrollables. Al mismo tiempo, puede desenrollar una o dos impresiones. El sistema es muy s\u00f3lido y puede mantenerse en pie por s\u00ed solo en superficies planas. Tenga en cuenta: \u00a1el roll-up banner doble solo es adecuado para uso en interiores! El Roll-up banner de exterior lo puede pedir aqu\u00ed.<\/p>\n<h3>Ventajas del Roll-up Banner doble<\/h3>\n<ul>\n<li>Impresi\u00f3n a doble cara para una visibilidad m\u00e1xima<\/li>\n<li>Sistema autoportante de alta calidad<\/li>\n<li>Disponible en diferentes formatos y materiales<\/li>\n<li>Incluye una pr\u00e1ctica bolsa de transporte (para almacenamiento y transporte)<\/li>\n<li>F\u00e1cil de montar (sin herramientas)<\/li>\n<li>\u00bfNuevo dise\u00f1o? \u00a1Los banners tambi\u00e9n se pueden pedir por separado!<\/li>\n<\/ul>\n<p>&nbsp;<\/p>\n<h3>Lonas reemplazables<\/h3>\n<p>Lo mejor del roll-up banner doble es que puede reemplazar ambas lonas usted mismo. En el proceso de pedido, puede optar por pedir un juego completo (casete + banners), solo los banners o solo el casete. Esto hace que este sistema sea muy duradero y no tenga que comprar un nuevo sistema de roll-up al cambiar de dise\u00f1o. El manual para reemplazar las lonas dobles usted mismo se encuentra en la secci\u00f3n de descargas de esta p\u00e1gina de producto.<\/p>\n<h3>Almacenamiento y transporte<\/h3>\n<p>\u00bfSab\u00eda que nuestro roll-up banner doble se entrega con una pr\u00e1ctica bolsa de transporte? \u00a1Puede guardar y transportar todo el sistema ligero en ella!<\/p>\n<h3>Formatos y materiales<\/h3>\n<p>El roll-up banner doble est\u00e1 disponible en dos formatos: 85 x 200 cm o 100 x 200 cm, para que pueda elegir el tama\u00f1o perfecto que se adapte a su presentaci\u00f3n. El banner est\u00e1 disponible en cinco materiales:<\/p>\n<ul>\n<li><strong>Banner 510<\/strong>: <span style=\"text-decoration: underline;\">Opci\u00f3n m\u00e1s elegida<\/span> para el roll-up banner doble. Una lona de PVC brillante (la m\u00e1s pedida). Este material cuenta con certificaci\u00f3n B1 de seguridad contra incendios, para que pueda realizar su presentaci\u00f3n con total tranquilidad.<\/li>\n<li><strong>Airtex<\/strong>: Esta lona de PVC sin arrugas de 330 gr.\/m\u00b2 es f\u00e1cil de usar y ofrece un aspecto profesional. Este material tambi\u00e9n cuenta con la certificaci\u00f3n B1 para mayor seguridad.<\/li>\n<li><strong>SanoTex<\/strong>: Una lona ecol\u00f3gica, duradera y sin PVC con trasera gris. Este material no solo es bueno para el medio ambiente, sino que tambi\u00e9n cuenta con un certificado de incendio.<\/li>\n<li><strong>Banner Blanco y Negro<\/strong>: Una lona block-out de PVC con trasera negra (para evitar que traspase la luz), perfecta para uso en interiores y exteriores. Esta lona tambi\u00e9n cuenta con la certificaci\u00f3n B1, lo que garantiza una mayor seguridad.<\/li>\n<li><strong>Material Roll Up<\/strong>: Lona de PVC repelente al agua, ideal para uso en interiores. Nota: este material no es ign\u00edfugo y no ofrece funci\u00f3n block-out. Adem\u00e1s, la lona es repelente al agua, pero el casete del roll-up banner doble no es apto para aplicaciones en exteriores.<\/li>\n<\/ul>\n<p>&nbsp;<\/p>\n<h3>Opcional: iluminaci\u00f3n LED<\/h3>\n<p>Opcionalmente, puede elegir a\u00f1adir iluminaci\u00f3n LED a su pedido, para que sea siempre visible en condiciones de oscuridad.<\/p>\n<h3>Resumen de todos los sistemas de Roll-up Banner<\/h3>\n<ul>\n<li><strong>Roll-up banner Budget<\/strong> \u2013 Soluci\u00f3n econ\u00f3mica para promociones temporales o eventos.<\/li>\n<li><strong>Roll-up banner Premium<\/strong> \u2013 Extra s\u00f3lido con un aspecto lujoso para un uso frecuente. Adecuado para (re)utilizar con frecuencia. El casete tiene una pata extensible. Incluye una pr\u00e1ctica bolsa de transporte.<\/li>\n<li><strong>Roll-up banner Deluxe<\/strong> \u2013 Adecuado para (re)utilizar con frecuencia. El casete no tiene patas extensibles. Incluye una pr\u00e1ctica bolsa de transporte.<\/li>\n<li><strong>Roll-up banner XXL<\/strong> \u2013 Banner en formatos extra grandes. Adecuado para usar varias veces. El casete tiene dos patas extensibles. Incluye una pr\u00e1ctica bolsa de transporte.<\/li>\n<li><strong>Roll-up banner Outdoor<\/strong> &#8211; Adecuado para uso en exteriores. Casete m\u00e1s pesado con patas m\u00e1s largas para fijaci\u00f3n al suelo con piquetas. Incluye una pr\u00e1ctica bolsa de transporte.<\/li>\n<li><strong>Roll-up banner doble<\/strong> &#8211; El sistema de esta p\u00e1gina de producto. Un banner de doble cara autoportante. Adecuado para (re)utilizar con frecuencia. Incluye una pr\u00e1ctica bolsa de transporte.<\/li>\n<\/ul>\n<p>&nbsp;<\/p>\n<h3>Pedir Roll-up Banner doble<\/h3>\n<p>El Roll-up Banner doble es la soluci\u00f3n ideal para una presentaci\u00f3n doble de gran impacto. Tanto si participa en una feria, un evento u otra ocasi\u00f3n, el roll-up banner doble ofrece la visibilidad y las caracter\u00edsticas flexibles (montaje y transporte sencillos) que necesita.<\/p>\n","protected":false},"excerpt":{"rendered":"<h3>Banner de doble cara autoportante. Enrollable en un casete compacto.<\/h3>\n<p>\u00bfQuiere pedir un Roll-Up Banner con impresi\u00f3n a doble cara? \u00a1Entonces elija el Roll-up Banner doble! El casete de este Roll-up Banner doble est\u00e1 equipado con dos lonas impresas, por lo que su dise\u00f1o es visible por ambos lados. Este roll-up banner doble se entrega con una pr\u00e1ctica bolsa de transporte.<\/p>\n","protected":false},"featured_media":15314,"template":"","meta":{"_et_pb_use_builder":"","_et_pb_old_content":"","_et_gb_content_width":""},"product_brand":[],"product_cat":[406,431,315],"product_tag":[],"class_list":{"0":"post-15313","1":"product","2":"type-product","3":"status-publish","4":"has-post-thumbnail","6":"product_cat-enrollar-pancartas","7":"product_cat-feria-y-evento","8":"product_cat-pegatinas-e-impresion","10":"first","11":"instock","12":"taxable","13":"shipping-taxable","14":"purchasable","15":"product-type-simple"},"yoast_head":"<!-- This site is optimized with the Yoast SEO plugin v27.3 - https:\/\/yoast.com\/product\/yoast-seo-wordpress\/ -->\n<title>Roll-up Banner doble - Soluci\u00f3n de banner atractiva<\/title>\n<meta name=\"description\" content=\"\u00bfPedir un Roll-up Banner doble? Ideal para eventos y presentaciones. Elija entre diversos materiales y opciones de personalizaci\u00f3n.\" \/>\n<meta name=\"robots\" content=\"index, follow, max-snippet:-1, max-image-preview:large, max-video-preview:-1\" \/>\n<link rel=\"canonical\" href=\"https:\/\/www.amstelprinting.nl\/es\/tienda\/feria-y-evento\/enrollar-pancartas\/roll-up-banner-doble\/\" \/>\n<meta property=\"og:locale\" content=\"es_ES\" \/>\n<meta property=\"og:type\" content=\"article\" \/>\n<meta property=\"og:title\" content=\"Roll-up Banner doble - Soluci\u00f3n de banner atractiva\" \/>\n<meta property=\"og:description\" content=\"\u00bfPedir un Roll-up Banner doble? Ideal para eventos y presentaciones. Elija entre diversos materiales y opciones de personalizaci\u00f3n.\" \/>\n<meta property=\"og:url\" content=\"https:\/\/www.amstelprinting.nl\/es\/tienda\/feria-y-evento\/enrollar-pancartas\/roll-up-banner-doble\/\" \/>\n<meta property=\"og:site_name\" content=\"Amstel Printing\" \/>\n<meta property=\"article:modified_time\" content=\"2026-02-18T11:48:36+00:00\" \/>\n<meta property=\"og:image\" content=\"https:\/\/www.amstelprinting.nl\/wp-content\/uploads\/double-roll-up-banner-bedrukken.png\" \/>\n\t<meta property=\"og:image:width\" content=\"700\" \/>\n\t<meta property=\"og:image:height\" content=\"700\" \/>\n\t<meta property=\"og:image:type\" content=\"image\/png\" \/>\n<meta name=\"twitter:card\" content=\"summary_large_image\" \/>\n<meta name=\"twitter:label1\" content=\"Tiempo de lectura\" \/>\n\t<meta name=\"twitter:data1\" content=\"4 minutos\" \/>\n<script type=\"application\/ld+json\" class=\"yoast-schema-graph\">{\"@context\":\"https:\\\/\\\/schema.org\",\"@graph\":[{\"@type\":\"WebPage\",\"@id\":\"https:\\\/\\\/www.amstelprinting.nl\\\/es\\\/tienda\\\/feria-y-evento\\\/enrollar-pancartas\\\/roll-up-banner-doble\\\/\",\"url\":\"https:\\\/\\\/www.amstelprinting.nl\\\/es\\\/tienda\\\/feria-y-evento\\\/enrollar-pancartas\\\/roll-up-banner-doble\\\/\",\"name\":\"Roll-up Banner doble - Soluci\u00f3n de banner atractiva\",\"isPartOf\":{\"@id\":\"https:\\\/\\\/www.amstelprinting.nl\\\/es\\\/#website\"},\"primaryImageOfPage\":{\"@id\":\"https:\\\/\\\/www.amstelprinting.nl\\\/es\\\/tienda\\\/feria-y-evento\\\/enrollar-pancartas\\\/roll-up-banner-doble\\\/#primaryimage\"},\"image\":{\"@id\":\"https:\\\/\\\/www.amstelprinting.nl\\\/es\\\/tienda\\\/feria-y-evento\\\/enrollar-pancartas\\\/roll-up-banner-doble\\\/#primaryimage\"},\"thumbnailUrl\":\"https:\\\/\\\/www.amstelprinting.nl\\\/wp-content\\\/uploads\\\/double-roll-up-banner-bedrukken.png\",\"datePublished\":\"2025-01-23T20:03:42+00:00\",\"dateModified\":\"2026-02-18T11:48:36+00:00\",\"description\":\"\u00bfPedir un Roll-up Banner doble? Ideal para eventos y presentaciones. Elija entre diversos materiales y opciones de personalizaci\u00f3n.\",\"breadcrumb\":{\"@id\":\"https:\\\/\\\/www.amstelprinting.nl\\\/es\\\/tienda\\\/feria-y-evento\\\/enrollar-pancartas\\\/roll-up-banner-doble\\\/#breadcrumb\"},\"inLanguage\":\"es\",\"potentialAction\":[{\"@type\":\"ReadAction\",\"target\":[\"https:\\\/\\\/www.amstelprinting.nl\\\/es\\\/tienda\\\/feria-y-evento\\\/enrollar-pancartas\\\/roll-up-banner-doble\\\/\"]}]},{\"@type\":\"ImageObject\",\"inLanguage\":\"es\",\"@id\":\"https:\\\/\\\/www.amstelprinting.nl\\\/es\\\/tienda\\\/feria-y-evento\\\/enrollar-pancartas\\\/roll-up-banner-doble\\\/#primaryimage\",\"url\":\"https:\\\/\\\/www.amstelprinting.nl\\\/wp-content\\\/uploads\\\/double-roll-up-banner-bedrukken.png\",\"contentUrl\":\"https:\\\/\\\/www.amstelprinting.nl\\\/wp-content\\\/uploads\\\/double-roll-up-banner-bedrukken.png\",\"width\":700,\"height\":700},{\"@type\":\"BreadcrumbList\",\"@id\":\"https:\\\/\\\/www.amstelprinting.nl\\\/es\\\/tienda\\\/feria-y-evento\\\/enrollar-pancartas\\\/roll-up-banner-doble\\\/#breadcrumb\",\"itemListElement\":[{\"@type\":\"ListItem\",\"position\":1,\"name\":\"\",\"item\":\"https:\\\/\\\/www.amstelprinting.nl\\\/es\\\/\"},{\"@type\":\"ListItem\",\"position\":2,\"name\":\"Amstel Printing\",\"item\":\"https:\\\/\\\/www.amstelprinting.nl\\\/es\\\/comercio\\\/\"},{\"@type\":\"ListItem\",\"position\":3,\"name\":\"Feria y evento\",\"item\":\"https:\\\/\\\/www.amstelprinting.nl\\\/es\\\/categor\u00eda\\\/feria-y-evento\\\/\"},{\"@type\":\"ListItem\",\"position\":4,\"name\":\"enrollar pancartas\",\"item\":\"https:\\\/\\\/www.amstelprinting.nl\\\/es\\\/categor\u00eda\\\/feria-y-evento\\\/enrollar-pancartas\\\/\"},{\"@type\":\"ListItem\",\"position\":5,\"name\":\"Roll-up banner doble\"}]},{\"@type\":\"WebSite\",\"@id\":\"https:\\\/\\\/www.amstelprinting.nl\\\/es\\\/#website\",\"url\":\"https:\\\/\\\/www.amstelprinting.nl\\\/es\\\/\",\"name\":\"Amstel Printing\",\"description\":\"Creating Exposure\",\"publisher\":{\"@id\":\"https:\\\/\\\/www.amstelprinting.nl\\\/es\\\/#organization\"},\"potentialAction\":[{\"@type\":\"SearchAction\",\"target\":{\"@type\":\"EntryPoint\",\"urlTemplate\":\"https:\\\/\\\/www.amstelprinting.nl\\\/es\\\/?s={search_term_string}\"},\"query-input\":{\"@type\":\"PropertyValueSpecification\",\"valueRequired\":true,\"valueName\":\"search_term_string\"}}],\"inLanguage\":\"es\"},{\"@type\":\"Organization\",\"@id\":\"https:\\\/\\\/www.amstelprinting.nl\\\/es\\\/#organization\",\"name\":\"Amstel Printing\",\"url\":\"https:\\\/\\\/www.amstelprinting.nl\\\/es\\\/\",\"logo\":{\"@type\":\"ImageObject\",\"inLanguage\":\"es\",\"@id\":\"https:\\\/\\\/www.amstelprinting.nl\\\/es\\\/#\\\/schema\\\/logo\\\/image\\\/\",\"url\":\"https:\\\/\\\/www.amstelprinting.nl\\\/wp-content\\\/uploads\\\/amstel_printing_logo_clean.png\",\"contentUrl\":\"https:\\\/\\\/www.amstelprinting.nl\\\/wp-content\\\/uploads\\\/amstel_printing_logo_clean.png\",\"width\":324,\"height\":73,\"caption\":\"Amstel Printing\"},\"image\":{\"@id\":\"https:\\\/\\\/www.amstelprinting.nl\\\/es\\\/#\\\/schema\\\/logo\\\/image\\\/\"}}]}<\/script>\n<!-- \/ Yoast SEO plugin. -->","yoast_head_json":{"title":"Roll-up Banner doble - Soluci\u00f3n de banner atractiva","description":"\u00bfPedir un Roll-up Banner doble? Ideal para eventos y presentaciones. Elija entre diversos materiales y opciones de personalizaci\u00f3n.","robots":{"index":"index","follow":"follow","max-snippet":"max-snippet:-1","max-image-preview":"max-image-preview:large","max-video-preview":"max-video-preview:-1"},"canonical":"https:\/\/www.amstelprinting.nl\/es\/tienda\/feria-y-evento\/enrollar-pancartas\/roll-up-banner-doble\/","og_locale":"es_ES","og_type":"article","og_title":"Roll-up Banner doble - Soluci\u00f3n de banner atractiva","og_description":"\u00bfPedir un Roll-up Banner doble? Ideal para eventos y presentaciones. Elija entre diversos materiales y opciones de personalizaci\u00f3n.","og_url":"https:\/\/www.amstelprinting.nl\/es\/tienda\/feria-y-evento\/enrollar-pancartas\/roll-up-banner-doble\/","og_site_name":"Amstel Printing","article_modified_time":"2026-02-18T11:48:36+00:00","og_image":[{"width":700,"height":700,"url":"https:\/\/www.amstelprinting.nl\/wp-content\/uploads\/double-roll-up-banner-bedrukken.png","type":"image\/png"}],"twitter_card":"summary_large_image","twitter_misc":{"Tiempo de lectura":"4 minutos"},"schema":{"@context":"https:\/\/schema.org","@graph":[{"@type":"WebPage","@id":"https:\/\/www.amstelprinting.nl\/es\/tienda\/feria-y-evento\/enrollar-pancartas\/roll-up-banner-doble\/","url":"https:\/\/www.amstelprinting.nl\/es\/tienda\/feria-y-evento\/enrollar-pancartas\/roll-up-banner-doble\/","name":"Roll-up Banner doble - Soluci\u00f3n de banner atractiva","isPartOf":{"@id":"https:\/\/www.amstelprinting.nl\/es\/#website"},"primaryImageOfPage":{"@id":"https:\/\/www.amstelprinting.nl\/es\/tienda\/feria-y-evento\/enrollar-pancartas\/roll-up-banner-doble\/#primaryimage"},"image":{"@id":"https:\/\/www.amstelprinting.nl\/es\/tienda\/feria-y-evento\/enrollar-pancartas\/roll-up-banner-doble\/#primaryimage"},"thumbnailUrl":"https:\/\/www.amstelprinting.nl\/wp-content\/uploads\/double-roll-up-banner-bedrukken.png","datePublished":"2025-01-23T20:03:42+00:00","dateModified":"2026-02-18T11:48:36+00:00","description":"\u00bfPedir un Roll-up Banner doble? Ideal para eventos y presentaciones. Elija entre diversos materiales y opciones de personalizaci\u00f3n.","breadcrumb":{"@id":"https:\/\/www.amstelprinting.nl\/es\/tienda\/feria-y-evento\/enrollar-pancartas\/roll-up-banner-doble\/#breadcrumb"},"inLanguage":"es","potentialAction":[{"@type":"ReadAction","target":["https:\/\/www.amstelprinting.nl\/es\/tienda\/feria-y-evento\/enrollar-pancartas\/roll-up-banner-doble\/"]}]},{"@type":"ImageObject","inLanguage":"es","@id":"https:\/\/www.amstelprinting.nl\/es\/tienda\/feria-y-evento\/enrollar-pancartas\/roll-up-banner-doble\/#primaryimage","url":"https:\/\/www.amstelprinting.nl\/wp-content\/uploads\/double-roll-up-banner-bedrukken.png","contentUrl":"https:\/\/www.amstelprinting.nl\/wp-content\/uploads\/double-roll-up-banner-bedrukken.png","width":700,"height":700},{"@type":"BreadcrumbList","@id":"https:\/\/www.amstelprinting.nl\/es\/tienda\/feria-y-evento\/enrollar-pancartas\/roll-up-banner-doble\/#breadcrumb","itemListElement":[{"@type":"ListItem","position":1,"name":"","item":"https:\/\/www.amstelprinting.nl\/es\/"},{"@type":"ListItem","position":2,"name":"Amstel Printing","item":"https:\/\/www.amstelprinting.nl\/es\/comercio\/"},{"@type":"ListItem","position":3,"name":"Feria y evento","item":"https:\/\/www.amstelprinting.nl\/es\/categor\u00eda\/feria-y-evento\/"},{"@type":"ListItem","position":4,"name":"enrollar pancartas","item":"https:\/\/www.amstelprinting.nl\/es\/categor\u00eda\/feria-y-evento\/enrollar-pancartas\/"},{"@type":"ListItem","position":5,"name":"Roll-up banner doble"}]},{"@type":"WebSite","@id":"https:\/\/www.amstelprinting.nl\/es\/#website","url":"https:\/\/www.amstelprinting.nl\/es\/","name":"Amstel Printing","description":"Creating Exposure","publisher":{"@id":"https:\/\/www.amstelprinting.nl\/es\/#organization"},"potentialAction":[{"@type":"SearchAction","target":{"@type":"EntryPoint","urlTemplate":"https:\/\/www.amstelprinting.nl\/es\/?s={search_term_string}"},"query-input":{"@type":"PropertyValueSpecification","valueRequired":true,"valueName":"search_term_string"}}],"inLanguage":"es"},{"@type":"Organization","@id":"https:\/\/www.amstelprinting.nl\/es\/#organization","name":"Amstel Printing","url":"https:\/\/www.amstelprinting.nl\/es\/","logo":{"@type":"ImageObject","inLanguage":"es","@id":"https:\/\/www.amstelprinting.nl\/es\/#\/schema\/logo\/image\/","url":"https:\/\/www.amstelprinting.nl\/wp-content\/uploads\/amstel_printing_logo_clean.png","contentUrl":"https:\/\/www.amstelprinting.nl\/wp-content\/uploads\/amstel_printing_logo_clean.png","width":324,"height":73,"caption":"Amstel Printing"},"image":{"@id":"https:\/\/www.amstelprinting.nl\/es\/#\/schema\/logo\/image\/"}}]}},"_links":{"self":[{"href":"https:\/\/www.amstelprinting.nl\/es\/wp-json\/wp\/v2\/product\/15313","targetHints":{"allow":["GET"]}}],"collection":[{"href":"https:\/\/www.amstelprinting.nl\/es\/wp-json\/wp\/v2\/product"}],"about":[{"href":"https:\/\/www.amstelprinting.nl\/es\/wp-json\/wp\/v2\/types\/product"}],"wp:featuredmedia":[{"embeddable":true,"href":"https:\/\/www.amstelprinting.nl\/es\/wp-json\/wp\/v2\/media\/15314"}],"wp:attachment":[{"href":"https:\/\/www.amstelprinting.nl\/es\/wp-json\/wp\/v2\/media?parent=15313"}],"wp:term":[{"taxonomy":"product_brand","embeddable":true,"href":"https:\/\/www.amstelprinting.nl\/es\/wp-json\/wp\/v2\/product_brand?post=15313"},{"taxonomy":"product_cat","embeddable":true,"href":"https:\/\/www.amstelprinting.nl\/es\/wp-json\/wp\/v2\/product_cat?post=15313"},{"taxonomy":"product_tag","embeddable":true,"href":"https:\/\/www.amstelprinting.nl\/es\/wp-json\/wp\/v2\/product_tag?post=15313"}],"curies":[{"name":"wp","href":"https:\/\/api.w.org\/{rel}","templated":true}]}}