{"id":15323,"date":"2025-01-23T21:03:27","date_gmt":"2025-01-23T20:03:27","guid":{"rendered":"https:\/\/www.amstelprinting.nl\/winkel\/sin%20categor\u00eda\/backdrop\/"},"modified":"2026-02-10T13:06:46","modified_gmt":"2026-02-10T12:06:46","slug":"backdrop","status":"publish","type":"product","link":"https:\/\/www.amstelprinting.nl\/es\/tienda\/feria-y-evento\/panos-de-fiesta\/backdrop\/","title":{"rendered":"Backdrop"},"content":{"rendered":"<h3>Impresi\u00f3n de backdrops<\/h3>\n<p>Un backdrop es el decorado ideal para eventos (para colocar detr\u00e1s de escenarios), presentaciones o sesiones fotogr\u00e1ficas. Este gran panel trasero (con o sin impresi\u00f3n) ofrece un aspecto profesional y es funcional al mismo tiempo. Gracias al acabado mate de la tela del backdrop, se evitan los reflejos de la mejor manera posible. Un backdrop se puede imprimir completamente con su marca o logotipo. El certificado de incendio B1 hace que el backdrop sea adem\u00e1s ign\u00edfugo y, por tanto, seguro para su uso en espacios p\u00fablicos.<\/p>\n<h3>\u00bfPor qu\u00e9 pedir un backdrop?<\/h3>\n<ul>\n<li>Los backdrops son fondos perfectos para escenarios<\/li>\n<li>El acabado mate evita los reflejos<\/li>\n<li>Se puede pedir en cualquier tama\u00f1o<\/li>\n<li>Para uso tanto en interiores como en exteriores<\/li>\n<li>Elija entre muchos acabados y tipos de tela (para cada aplicaci\u00f3n)<\/li>\n<li>Seguro: cuenta con certificaci\u00f3n B1<\/li>\n<\/ul>\n<p>&nbsp;<br \/>\nD\u00e9 a sus eventos un aspecto profesional con nuestros backdrops de alta calidad, tambi\u00e9n conocidos como lonas para escenarios o telones de teatro. Estas lonas son ideales para escenarios, decorados y eventos, y garantizan que su mensaje est\u00e9 siempre en el centro de atenci\u00f3n.<\/p>\n<h3>Elegir el material adecuado<\/h3>\n<p>Gracias al acabado mate, la luz de los focos no se refleja en la tela, lo que proporciona un aspecto impecable y profesional. Nuestros backdrops est\u00e1n disponibles en varios materiales de alta calidad, cada uno con propiedades \u00fanicas. Todos los materiales pueden utilizarse tanto en interiores como en exteriores.<\/p>\n<ul>\n<li><strong>Dekostof<\/strong>: Esta tela de poli\u00e9ster flexible tiene una estructura fina y ofrece un aspecto potente. Es perfecta para un look profesional y es adecuada para aplicaciones tanto en interiores como en exteriores.<\/li>\n<li><strong>Structex<\/strong>: Este tejido estructurado de poli\u00e9ster de gran calidad tiene un aspecto de algod\u00f3n de lujo, lo que ofrece una apariencia refinada. Con el certificado B1, cumple con las normas de seguridad contra incendios.<\/li>\n<li><strong>Blackback XL<\/strong>: Esta tela block-out de poli\u00e9ster con reverso negro es ideal para impresiones de gran formato de hasta 496 cm de ancho. Gracias al reverso negro, evita que pase la luz y tambi\u00e9n cuenta con certificaci\u00f3n B1 para mayor seguridad.<\/li>\n<li><strong>Decotex UV<\/strong>: Esta tela de poli\u00e9ster flexible es perfecta para formatos grandes y ofrece un aspecto potente, ideal para uso en exteriores. El certificado B1 garantiza que la tela cumple con los requisitos de seguridad contra incendios.<\/li>\n<\/ul>\n<p>&nbsp;<\/p>\n<h3>Acabado de backdrops<\/h3>\n<p>Dependiendo del material elegido, los acabados pueden variar, como corte limpio, vaina plana y velcro. Esto le ofrece la flexibilidad de adaptar el backdrop a sus necesidades espec\u00edficas y m\u00e9todos de fijaci\u00f3n.<\/p>\n<p>Tiene la posibilidad de dise\u00f1ar las lonas de forma continua o no. \u00bfDesea que el dise\u00f1o contin\u00fae en varias lonas o son suficientes dise\u00f1os individuales? Nos adaptamos a sus deseos para que su backdrop se ajuste perfectamente a sus necesidades.<\/p>\n<p>Con nuestros backdrops, crear\u00e1 un fondo impresionante para cualquier escenario o decorado. Tanto si organiza un evento, una actuaci\u00f3n o una sesi\u00f3n de fotos, nuestras lonas de alta calidad garantizan un aspecto impecable y profesional. \u00a1Elija calidad y versatilidad con nuestros backdrops y haga de su evento un \u00e9xito!<\/p>\n","protected":false},"excerpt":{"rendered":"<p>Un backdrop es el decorado ideal para eventos (para colocar detr\u00e1s de escenarios), presentaciones o sesiones fotogr\u00e1ficas. Este gran panel trasero (con o sin impresi\u00f3n) ofrece un aspecto profesional y es funcional al mismo tiempo. Gracias al acabado mate de la tela del backdrop, se evitan los reflejos de la mejor manera posible. Un backdrop se puede imprimir completamente con su marca o logotipo. El certificado de incendio B1 hace que el backdrop sea adem\u00e1s ign\u00edfugo y, por tanto, seguro para su uso en espacios p\u00fablicos.<\/p>\n","protected":false},"featured_media":15324,"template":"","meta":{"_et_pb_use_builder":"","_et_pb_old_content":"","_et_gb_content_width":""},"product_brand":[],"product_cat":[431,409],"product_tag":[],"class_list":{"0":"post-15323","1":"product","2":"type-product","3":"status-publish","4":"has-post-thumbnail","6":"product_cat-feria-y-evento","7":"product_cat-panos-de-fiesta","9":"first","10":"instock","11":"taxable","12":"shipping-taxable","13":"purchasable","14":"product-type-simple"},"yoast_head":"<!-- This site is optimized with the Yoast SEO plugin v27.3 - https:\/\/yoast.com\/product\/yoast-seo-wordpress\/ -->\n<title>Backdrop profesional a medida: mate, seguro y con entrega r\u00e1pida<\/title>\n<meta name=\"description\" content=\"Descubra backdrops personalizados de alta calidad con acabado mate, ign\u00edfugos B1 y totalmente personalizables. \u00a1P\u00eddalo hoy y rec\u00edbalo pronto!\" \/>\n<meta name=\"robots\" content=\"index, follow, max-snippet:-1, max-image-preview:large, max-video-preview:-1\" \/>\n<link rel=\"canonical\" href=\"https:\/\/www.amstelprinting.nl\/es\/tienda\/feria-y-evento\/panos-de-fiesta\/backdrop\/\" \/>\n<meta property=\"og:locale\" content=\"es_ES\" \/>\n<meta property=\"og:type\" content=\"article\" \/>\n<meta property=\"og:title\" content=\"Backdrop profesional a medida: mate, seguro y con entrega r\u00e1pida\" \/>\n<meta property=\"og:description\" content=\"Descubra backdrops personalizados de alta calidad con acabado mate, ign\u00edfugos B1 y totalmente personalizables. \u00a1P\u00eddalo hoy y rec\u00edbalo pronto!\" \/>\n<meta property=\"og:url\" content=\"https:\/\/www.amstelprinting.nl\/es\/tienda\/feria-y-evento\/panos-de-fiesta\/backdrop\/\" \/>\n<meta property=\"og:site_name\" content=\"Amstel Printing\" \/>\n<meta property=\"article:modified_time\" content=\"2026-02-10T12:06:46+00:00\" \/>\n<meta property=\"og:image\" content=\"https:\/\/www.amstelprinting.nl\/wp-content\/uploads\/backdrop-bedrukken.png\" \/>\n\t<meta property=\"og:image:width\" content=\"900\" \/>\n\t<meta property=\"og:image:height\" content=\"900\" \/>\n\t<meta property=\"og:image:type\" content=\"image\/png\" \/>\n<meta name=\"twitter:card\" content=\"summary_large_image\" \/>\n<meta name=\"twitter:label1\" content=\"Tiempo de lectura\" \/>\n\t<meta name=\"twitter:data1\" content=\"3 minutos\" \/>\n<script type=\"application\/ld+json\" class=\"yoast-schema-graph\">{\"@context\":\"https:\\\/\\\/schema.org\",\"@graph\":[{\"@type\":\"WebPage\",\"@id\":\"https:\\\/\\\/www.amstelprinting.nl\\\/es\\\/tienda\\\/feria-y-evento\\\/panos-de-fiesta\\\/backdrop\\\/\",\"url\":\"https:\\\/\\\/www.amstelprinting.nl\\\/es\\\/tienda\\\/feria-y-evento\\\/panos-de-fiesta\\\/backdrop\\\/\",\"name\":\"Backdrop profesional a medida: mate, seguro y con entrega r\u00e1pida\",\"isPartOf\":{\"@id\":\"https:\\\/\\\/www.amstelprinting.nl\\\/es\\\/#website\"},\"primaryImageOfPage\":{\"@id\":\"https:\\\/\\\/www.amstelprinting.nl\\\/es\\\/tienda\\\/feria-y-evento\\\/panos-de-fiesta\\\/backdrop\\\/#primaryimage\"},\"image\":{\"@id\":\"https:\\\/\\\/www.amstelprinting.nl\\\/es\\\/tienda\\\/feria-y-evento\\\/panos-de-fiesta\\\/backdrop\\\/#primaryimage\"},\"thumbnailUrl\":\"https:\\\/\\\/www.amstelprinting.nl\\\/wp-content\\\/uploads\\\/backdrop-bedrukken.png\",\"datePublished\":\"2025-01-23T20:03:27+00:00\",\"dateModified\":\"2026-02-10T12:06:46+00:00\",\"description\":\"Descubra backdrops personalizados de alta calidad con acabado mate, ign\u00edfugos B1 y totalmente personalizables. \u00a1P\u00eddalo hoy y rec\u00edbalo pronto!\",\"breadcrumb\":{\"@id\":\"https:\\\/\\\/www.amstelprinting.nl\\\/es\\\/tienda\\\/feria-y-evento\\\/panos-de-fiesta\\\/backdrop\\\/#breadcrumb\"},\"inLanguage\":\"es\",\"potentialAction\":[{\"@type\":\"ReadAction\",\"target\":[\"https:\\\/\\\/www.amstelprinting.nl\\\/es\\\/tienda\\\/feria-y-evento\\\/panos-de-fiesta\\\/backdrop\\\/\"]}]},{\"@type\":\"ImageObject\",\"inLanguage\":\"es\",\"@id\":\"https:\\\/\\\/www.amstelprinting.nl\\\/es\\\/tienda\\\/feria-y-evento\\\/panos-de-fiesta\\\/backdrop\\\/#primaryimage\",\"url\":\"https:\\\/\\\/www.amstelprinting.nl\\\/wp-content\\\/uploads\\\/backdrop-bedrukken.png\",\"contentUrl\":\"https:\\\/\\\/www.amstelprinting.nl\\\/wp-content\\\/uploads\\\/backdrop-bedrukken.png\",\"width\":900,\"height\":900},{\"@type\":\"BreadcrumbList\",\"@id\":\"https:\\\/\\\/www.amstelprinting.nl\\\/es\\\/tienda\\\/feria-y-evento\\\/panos-de-fiesta\\\/backdrop\\\/#breadcrumb\",\"itemListElement\":[{\"@type\":\"ListItem\",\"position\":1,\"name\":\"\",\"item\":\"https:\\\/\\\/www.amstelprinting.nl\\\/es\\\/\"},{\"@type\":\"ListItem\",\"position\":2,\"name\":\"Amstel Printing\",\"item\":\"https:\\\/\\\/www.amstelprinting.nl\\\/es\\\/comercio\\\/\"},{\"@type\":\"ListItem\",\"position\":3,\"name\":\"Feria y evento\",\"item\":\"https:\\\/\\\/www.amstelprinting.nl\\\/es\\\/categor\u00eda\\\/feria-y-evento\\\/\"},{\"@type\":\"ListItem\",\"position\":4,\"name\":\"pa\u00f1os de fiesta\",\"item\":\"https:\\\/\\\/www.amstelprinting.nl\\\/es\\\/categor\u00eda\\\/feria-y-evento\\\/panos-de-fiesta\\\/\"},{\"@type\":\"ListItem\",\"position\":5,\"name\":\"Backdrop\"}]},{\"@type\":\"WebSite\",\"@id\":\"https:\\\/\\\/www.amstelprinting.nl\\\/es\\\/#website\",\"url\":\"https:\\\/\\\/www.amstelprinting.nl\\\/es\\\/\",\"name\":\"Amstel Printing\",\"description\":\"Creating Exposure\",\"publisher\":{\"@id\":\"https:\\\/\\\/www.amstelprinting.nl\\\/es\\\/#organization\"},\"potentialAction\":[{\"@type\":\"SearchAction\",\"target\":{\"@type\":\"EntryPoint\",\"urlTemplate\":\"https:\\\/\\\/www.amstelprinting.nl\\\/es\\\/?s={search_term_string}\"},\"query-input\":{\"@type\":\"PropertyValueSpecification\",\"valueRequired\":true,\"valueName\":\"search_term_string\"}}],\"inLanguage\":\"es\"},{\"@type\":\"Organization\",\"@id\":\"https:\\\/\\\/www.amstelprinting.nl\\\/es\\\/#organization\",\"name\":\"Amstel Printing\",\"url\":\"https:\\\/\\\/www.amstelprinting.nl\\\/es\\\/\",\"logo\":{\"@type\":\"ImageObject\",\"inLanguage\":\"es\",\"@id\":\"https:\\\/\\\/www.amstelprinting.nl\\\/es\\\/#\\\/schema\\\/logo\\\/image\\\/\",\"url\":\"https:\\\/\\\/www.amstelprinting.nl\\\/wp-content\\\/uploads\\\/amstel_printing_logo_clean.png\",\"contentUrl\":\"https:\\\/\\\/www.amstelprinting.nl\\\/wp-content\\\/uploads\\\/amstel_printing_logo_clean.png\",\"width\":324,\"height\":73,\"caption\":\"Amstel Printing\"},\"image\":{\"@id\":\"https:\\\/\\\/www.amstelprinting.nl\\\/es\\\/#\\\/schema\\\/logo\\\/image\\\/\"}}]}<\/script>\n<!-- \/ Yoast SEO plugin. -->","yoast_head_json":{"title":"Backdrop profesional a medida: mate, seguro y con entrega r\u00e1pida","description":"Descubra backdrops personalizados de alta calidad con acabado mate, ign\u00edfugos B1 y totalmente personalizables. \u00a1P\u00eddalo hoy y rec\u00edbalo pronto!","robots":{"index":"index","follow":"follow","max-snippet":"max-snippet:-1","max-image-preview":"max-image-preview:large","max-video-preview":"max-video-preview:-1"},"canonical":"https:\/\/www.amstelprinting.nl\/es\/tienda\/feria-y-evento\/panos-de-fiesta\/backdrop\/","og_locale":"es_ES","og_type":"article","og_title":"Backdrop profesional a medida: mate, seguro y con entrega r\u00e1pida","og_description":"Descubra backdrops personalizados de alta calidad con acabado mate, ign\u00edfugos B1 y totalmente personalizables. \u00a1P\u00eddalo hoy y rec\u00edbalo pronto!","og_url":"https:\/\/www.amstelprinting.nl\/es\/tienda\/feria-y-evento\/panos-de-fiesta\/backdrop\/","og_site_name":"Amstel Printing","article_modified_time":"2026-02-10T12:06:46+00:00","og_image":[{"width":900,"height":900,"url":"https:\/\/www.amstelprinting.nl\/wp-content\/uploads\/backdrop-bedrukken.png","type":"image\/png"}],"twitter_card":"summary_large_image","twitter_misc":{"Tiempo de lectura":"3 minutos"},"schema":{"@context":"https:\/\/schema.org","@graph":[{"@type":"WebPage","@id":"https:\/\/www.amstelprinting.nl\/es\/tienda\/feria-y-evento\/panos-de-fiesta\/backdrop\/","url":"https:\/\/www.amstelprinting.nl\/es\/tienda\/feria-y-evento\/panos-de-fiesta\/backdrop\/","name":"Backdrop profesional a medida: mate, seguro y con entrega r\u00e1pida","isPartOf":{"@id":"https:\/\/www.amstelprinting.nl\/es\/#website"},"primaryImageOfPage":{"@id":"https:\/\/www.amstelprinting.nl\/es\/tienda\/feria-y-evento\/panos-de-fiesta\/backdrop\/#primaryimage"},"image":{"@id":"https:\/\/www.amstelprinting.nl\/es\/tienda\/feria-y-evento\/panos-de-fiesta\/backdrop\/#primaryimage"},"thumbnailUrl":"https:\/\/www.amstelprinting.nl\/wp-content\/uploads\/backdrop-bedrukken.png","datePublished":"2025-01-23T20:03:27+00:00","dateModified":"2026-02-10T12:06:46+00:00","description":"Descubra backdrops personalizados de alta calidad con acabado mate, ign\u00edfugos B1 y totalmente personalizables. \u00a1P\u00eddalo hoy y rec\u00edbalo pronto!","breadcrumb":{"@id":"https:\/\/www.amstelprinting.nl\/es\/tienda\/feria-y-evento\/panos-de-fiesta\/backdrop\/#breadcrumb"},"inLanguage":"es","potentialAction":[{"@type":"ReadAction","target":["https:\/\/www.amstelprinting.nl\/es\/tienda\/feria-y-evento\/panos-de-fiesta\/backdrop\/"]}]},{"@type":"ImageObject","inLanguage":"es","@id":"https:\/\/www.amstelprinting.nl\/es\/tienda\/feria-y-evento\/panos-de-fiesta\/backdrop\/#primaryimage","url":"https:\/\/www.amstelprinting.nl\/wp-content\/uploads\/backdrop-bedrukken.png","contentUrl":"https:\/\/www.amstelprinting.nl\/wp-content\/uploads\/backdrop-bedrukken.png","width":900,"height":900},{"@type":"BreadcrumbList","@id":"https:\/\/www.amstelprinting.nl\/es\/tienda\/feria-y-evento\/panos-de-fiesta\/backdrop\/#breadcrumb","itemListElement":[{"@type":"ListItem","position":1,"name":"","item":"https:\/\/www.amstelprinting.nl\/es\/"},{"@type":"ListItem","position":2,"name":"Amstel Printing","item":"https:\/\/www.amstelprinting.nl\/es\/comercio\/"},{"@type":"ListItem","position":3,"name":"Feria y evento","item":"https:\/\/www.amstelprinting.nl\/es\/categor\u00eda\/feria-y-evento\/"},{"@type":"ListItem","position":4,"name":"pa\u00f1os de fiesta","item":"https:\/\/www.amstelprinting.nl\/es\/categor\u00eda\/feria-y-evento\/panos-de-fiesta\/"},{"@type":"ListItem","position":5,"name":"Backdrop"}]},{"@type":"WebSite","@id":"https:\/\/www.amstelprinting.nl\/es\/#website","url":"https:\/\/www.amstelprinting.nl\/es\/","name":"Amstel Printing","description":"Creating Exposure","publisher":{"@id":"https:\/\/www.amstelprinting.nl\/es\/#organization"},"potentialAction":[{"@type":"SearchAction","target":{"@type":"EntryPoint","urlTemplate":"https:\/\/www.amstelprinting.nl\/es\/?s={search_term_string}"},"query-input":{"@type":"PropertyValueSpecification","valueRequired":true,"valueName":"search_term_string"}}],"inLanguage":"es"},{"@type":"Organization","@id":"https:\/\/www.amstelprinting.nl\/es\/#organization","name":"Amstel Printing","url":"https:\/\/www.amstelprinting.nl\/es\/","logo":{"@type":"ImageObject","inLanguage":"es","@id":"https:\/\/www.amstelprinting.nl\/es\/#\/schema\/logo\/image\/","url":"https:\/\/www.amstelprinting.nl\/wp-content\/uploads\/amstel_printing_logo_clean.png","contentUrl":"https:\/\/www.amstelprinting.nl\/wp-content\/uploads\/amstel_printing_logo_clean.png","width":324,"height":73,"caption":"Amstel Printing"},"image":{"@id":"https:\/\/www.amstelprinting.nl\/es\/#\/schema\/logo\/image\/"}}]}},"_links":{"self":[{"href":"https:\/\/www.amstelprinting.nl\/es\/wp-json\/wp\/v2\/product\/15323","targetHints":{"allow":["GET"]}}],"collection":[{"href":"https:\/\/www.amstelprinting.nl\/es\/wp-json\/wp\/v2\/product"}],"about":[{"href":"https:\/\/www.amstelprinting.nl\/es\/wp-json\/wp\/v2\/types\/product"}],"wp:featuredmedia":[{"embeddable":true,"href":"https:\/\/www.amstelprinting.nl\/es\/wp-json\/wp\/v2\/media\/15324"}],"wp:attachment":[{"href":"https:\/\/www.amstelprinting.nl\/es\/wp-json\/wp\/v2\/media?parent=15323"}],"wp:term":[{"taxonomy":"product_brand","embeddable":true,"href":"https:\/\/www.amstelprinting.nl\/es\/wp-json\/wp\/v2\/product_brand?post=15323"},{"taxonomy":"product_cat","embeddable":true,"href":"https:\/\/www.amstelprinting.nl\/es\/wp-json\/wp\/v2\/product_cat?post=15323"},{"taxonomy":"product_tag","embeddable":true,"href":"https:\/\/www.amstelprinting.nl\/es\/wp-json\/wp\/v2\/product_tag?post=15323"}],"curies":[{"name":"wp","href":"https:\/\/api.w.org\/{rel}","templated":true}]}}