{"id":15333,"date":"2025-01-23T21:02:42","date_gmt":"2025-01-23T20:02:42","guid":{"rendered":"https:\/\/www.amstelprinting.nl\/winkel\/sin%20categor\u00eda\/beursbanner\/"},"modified":"2026-02-18T12:48:37","modified_gmt":"2026-02-18T11:48:37","slug":"banner-para-ferias","status":"publish","type":"product","link":"https:\/\/www.amstelprinting.nl\/es\/tienda\/feria-y-evento\/panos-de-exposicion\/banner-para-ferias\/","title":{"rendered":"Banner para ferias"},"content":{"rendered":"<h3>Impresi\u00f3n de banners para ferias<\/h3>\n<p>Nuestros banners para ferias son la elecci\u00f3n perfecta para destacar su marca en una feria o evento en el centro de atenci\u00f3n. Con una combinaci\u00f3n de calidad e impacto visual impresionante, nuestros banners para ferias impresos aseguran que su stand destaque. D\u00e9 a su presentaci\u00f3n un aspecto profesional y atraiga la atenci\u00f3n de su p\u00fablico.<\/p>\n<h3>Ventajas<\/h3>\n<ul>\n<li>Disponible en cuatro materiales de alta calidad<\/li>\n<li>Elija el formato que desee<\/li>\n<li>Ideal para ferias y exposiciones<\/li>\n<li>Impresi\u00f3n \u00aball-over\u00bb n\u00edtida o mate<\/li>\n<li>Precio econ\u00f3mico<\/li>\n<li>Certificado B1 de seguridad contra incendios (ign\u00edfugo)<\/li>\n<li>Diferentes acabados<\/li>\n<\/ul>\n<p>&nbsp;<\/p>\n<h3>Materiales de la lona del banner<\/h3>\n<ul>\n<li><strong>Airtex\u00ae<\/strong>: Esta lona de PVC de 330 g\/m\u00b2 no se arruga, es f\u00e1cil de usar y cuenta con certificaci\u00f3n B1 de seguridad contra incendios, lo que la hace perfecta para ferias y eventos.<\/li>\n<li><strong>Blackback XL<\/strong>: Esta lona de poli\u00e9ster block-out con trasera negra es adecuada para impresiones de gran formato de hasta 496 cm de ancho. Gracias a la trasera negra, la luz no traspasa, y el material tiene certificaci\u00f3n B1 para mayor seguridad.<\/li>\n<li><strong>Dekostof<\/strong>: Este tejido de poli\u00e9ster flexible tiene una textura fina y destaca por sus colores vivos y acabado mate, que absorbe la luz en lugar de reflejarla. Este tejido tambi\u00e9n cuenta con certificaci\u00f3n B1, lo que garantiza una seguridad adicional en el recinto ferial.<\/li>\n<li><strong>Flag<\/strong>: La opci\u00f3n m\u00e1s elegida (despu\u00e9s de Dekostof). Este econ\u00f3mico tejido de poli\u00e9ster tiene una alta transparencia y es ideal para aplicaciones temporales con una vida \u00fatil de hasta cuatro meses. Ofrece un aspecto ligero y vaporoso.<\/li>\n<\/ul>\n<p>&nbsp;<\/p>\n<h3>Comprar banner para ferias: elija el acabado adecuado<\/h3>\n<p>Dependiendo del material, puede elegir entre varios acabados para el banner de feria, como dobladillos, t\u00faneles, corte o cord\u00f3n de silicona. Estos acabados aseguran que su banner para ferias se adapte perfectamente al m\u00e9todo de suspensi\u00f3n elegido y ofrezca el aspecto y la sensaci\u00f3n deseados.<\/p>\n<h3>Colocaci\u00f3n del banner para ferias<\/h3>\n<p>Para una suspensi\u00f3n f\u00e1cil y resistente, ofrecemos sistemas de suspensi\u00f3n de madera en tres tama\u00f1os: 60 cm, 80 cm y 100 cm. Estos sistemas de suspensi\u00f3n est\u00e1n dise\u00f1ados para colgar su banner de feria de forma tensa y segura, garantizando que su mensaje sea siempre bien visible.<\/p>\n","protected":false},"excerpt":{"rendered":"<h3>Lona alargada para ferias. Con una impresi\u00f3n n\u00edtida<\/h3>\n<p>Aumente la visibilidad de su stand con nuestros banners para ferias de alta calidad, tambi\u00e9n conocidos como banderolas de techo. Dise\u00f1ados espec\u00edficamente para atraer la atenci\u00f3n y ofrecer una imagen profesional, nuestros banners para ferias est\u00e1n disponibles en cuatro tipos de materiales.<\/p>\n","protected":false},"featured_media":15334,"template":"","meta":{"_et_pb_use_builder":"","_et_pb_old_content":"","_et_gb_content_width":""},"product_brand":[],"product_cat":[431,374,315],"product_tag":[],"class_list":{"0":"post-15333","1":"product","2":"type-product","3":"status-publish","4":"has-post-thumbnail","6":"product_cat-feria-y-evento","7":"product_cat-panos-de-exposicion","8":"product_cat-pegatinas-e-impresion","10":"first","11":"instock","12":"taxable","13":"shipping-taxable","14":"purchasable","15":"product-type-simple"},"yoast_head":"<!-- This site is optimized with the Yoast SEO plugin v27.3 - https:\/\/yoast.com\/product\/yoast-seo-wordpress\/ -->\n<title>Banner para ferias a medida: m\u00e1xima visibilidad y entrega r\u00e1pida<\/title>\n<meta name=\"description\" content=\"Pida su banner para ferias con impresi\u00f3n n\u00edtida y elija entre 4 materiales de primera calidad. Totalmente personalizable para una presentaci\u00f3n perfecta en cualquier evento.\" \/>\n<meta name=\"robots\" content=\"index, follow, max-snippet:-1, max-image-preview:large, max-video-preview:-1\" \/>\n<link rel=\"canonical\" href=\"https:\/\/www.amstelprinting.nl\/es\/tienda\/feria-y-evento\/panos-de-exposicion\/banner-para-ferias\/\" \/>\n<meta property=\"og:locale\" content=\"es_ES\" \/>\n<meta property=\"og:type\" content=\"article\" \/>\n<meta property=\"og:title\" content=\"Banner para ferias a medida: m\u00e1xima visibilidad y entrega r\u00e1pida\" \/>\n<meta property=\"og:description\" content=\"Pida su banner para ferias con impresi\u00f3n n\u00edtida y elija entre 4 materiales de primera calidad. Totalmente personalizable para una presentaci\u00f3n perfecta en cualquier evento.\" \/>\n<meta property=\"og:url\" content=\"https:\/\/www.amstelprinting.nl\/es\/tienda\/feria-y-evento\/panos-de-exposicion\/banner-para-ferias\/\" \/>\n<meta property=\"og:site_name\" content=\"Amstel Printing\" \/>\n<meta property=\"article:modified_time\" content=\"2026-02-18T11:48:37+00:00\" \/>\n<meta property=\"og:image\" content=\"https:\/\/www.amstelprinting.nl\/wp-content\/uploads\/beursbanners-bedrukken.png\" \/>\n\t<meta property=\"og:image:width\" content=\"700\" \/>\n\t<meta property=\"og:image:height\" content=\"700\" \/>\n\t<meta property=\"og:image:type\" content=\"image\/png\" \/>\n<meta name=\"twitter:card\" content=\"summary_large_image\" \/>\n<meta name=\"twitter:label1\" content=\"Tiempo de lectura\" \/>\n\t<meta name=\"twitter:data1\" content=\"2 minutos\" \/>\n<script type=\"application\/ld+json\" class=\"yoast-schema-graph\">{\"@context\":\"https:\\\/\\\/schema.org\",\"@graph\":[{\"@type\":\"WebPage\",\"@id\":\"https:\\\/\\\/www.amstelprinting.nl\\\/es\\\/tienda\\\/feria-y-evento\\\/panos-de-exposicion\\\/banner-para-ferias\\\/\",\"url\":\"https:\\\/\\\/www.amstelprinting.nl\\\/es\\\/tienda\\\/feria-y-evento\\\/panos-de-exposicion\\\/banner-para-ferias\\\/\",\"name\":\"Banner para ferias a medida: m\u00e1xima visibilidad y entrega r\u00e1pida\",\"isPartOf\":{\"@id\":\"https:\\\/\\\/www.amstelprinting.nl\\\/es\\\/#website\"},\"primaryImageOfPage\":{\"@id\":\"https:\\\/\\\/www.amstelprinting.nl\\\/es\\\/tienda\\\/feria-y-evento\\\/panos-de-exposicion\\\/banner-para-ferias\\\/#primaryimage\"},\"image\":{\"@id\":\"https:\\\/\\\/www.amstelprinting.nl\\\/es\\\/tienda\\\/feria-y-evento\\\/panos-de-exposicion\\\/banner-para-ferias\\\/#primaryimage\"},\"thumbnailUrl\":\"https:\\\/\\\/www.amstelprinting.nl\\\/wp-content\\\/uploads\\\/beursbanners-bedrukken.png\",\"datePublished\":\"2025-01-23T20:02:42+00:00\",\"dateModified\":\"2026-02-18T11:48:37+00:00\",\"description\":\"Pida su banner para ferias con impresi\u00f3n n\u00edtida y elija entre 4 materiales de primera calidad. Totalmente personalizable para una presentaci\u00f3n perfecta en cualquier evento.\",\"breadcrumb\":{\"@id\":\"https:\\\/\\\/www.amstelprinting.nl\\\/es\\\/tienda\\\/feria-y-evento\\\/panos-de-exposicion\\\/banner-para-ferias\\\/#breadcrumb\"},\"inLanguage\":\"es\",\"potentialAction\":[{\"@type\":\"ReadAction\",\"target\":[\"https:\\\/\\\/www.amstelprinting.nl\\\/es\\\/tienda\\\/feria-y-evento\\\/panos-de-exposicion\\\/banner-para-ferias\\\/\"]}]},{\"@type\":\"ImageObject\",\"inLanguage\":\"es\",\"@id\":\"https:\\\/\\\/www.amstelprinting.nl\\\/es\\\/tienda\\\/feria-y-evento\\\/panos-de-exposicion\\\/banner-para-ferias\\\/#primaryimage\",\"url\":\"https:\\\/\\\/www.amstelprinting.nl\\\/wp-content\\\/uploads\\\/beursbanners-bedrukken.png\",\"contentUrl\":\"https:\\\/\\\/www.amstelprinting.nl\\\/wp-content\\\/uploads\\\/beursbanners-bedrukken.png\",\"width\":700,\"height\":700},{\"@type\":\"BreadcrumbList\",\"@id\":\"https:\\\/\\\/www.amstelprinting.nl\\\/es\\\/tienda\\\/feria-y-evento\\\/panos-de-exposicion\\\/banner-para-ferias\\\/#breadcrumb\",\"itemListElement\":[{\"@type\":\"ListItem\",\"position\":1,\"name\":\"\",\"item\":\"https:\\\/\\\/www.amstelprinting.nl\\\/es\\\/\"},{\"@type\":\"ListItem\",\"position\":2,\"name\":\"Amstel Printing\",\"item\":\"https:\\\/\\\/www.amstelprinting.nl\\\/es\\\/comercio\\\/\"},{\"@type\":\"ListItem\",\"position\":3,\"name\":\"Feria y evento\",\"item\":\"https:\\\/\\\/www.amstelprinting.nl\\\/es\\\/categor\u00eda\\\/feria-y-evento\\\/\"},{\"@type\":\"ListItem\",\"position\":4,\"name\":\"Pa\u00f1os de exposici\u00f3n\",\"item\":\"https:\\\/\\\/www.amstelprinting.nl\\\/es\\\/categor\u00eda\\\/feria-y-evento\\\/panos-de-exposicion\\\/\"},{\"@type\":\"ListItem\",\"position\":5,\"name\":\"Banner para ferias\"}]},{\"@type\":\"WebSite\",\"@id\":\"https:\\\/\\\/www.amstelprinting.nl\\\/es\\\/#website\",\"url\":\"https:\\\/\\\/www.amstelprinting.nl\\\/es\\\/\",\"name\":\"Amstel Printing\",\"description\":\"Creating Exposure\",\"publisher\":{\"@id\":\"https:\\\/\\\/www.amstelprinting.nl\\\/es\\\/#organization\"},\"potentialAction\":[{\"@type\":\"SearchAction\",\"target\":{\"@type\":\"EntryPoint\",\"urlTemplate\":\"https:\\\/\\\/www.amstelprinting.nl\\\/es\\\/?s={search_term_string}\"},\"query-input\":{\"@type\":\"PropertyValueSpecification\",\"valueRequired\":true,\"valueName\":\"search_term_string\"}}],\"inLanguage\":\"es\"},{\"@type\":\"Organization\",\"@id\":\"https:\\\/\\\/www.amstelprinting.nl\\\/es\\\/#organization\",\"name\":\"Amstel Printing\",\"url\":\"https:\\\/\\\/www.amstelprinting.nl\\\/es\\\/\",\"logo\":{\"@type\":\"ImageObject\",\"inLanguage\":\"es\",\"@id\":\"https:\\\/\\\/www.amstelprinting.nl\\\/es\\\/#\\\/schema\\\/logo\\\/image\\\/\",\"url\":\"https:\\\/\\\/www.amstelprinting.nl\\\/wp-content\\\/uploads\\\/amstel_printing_logo_clean.png\",\"contentUrl\":\"https:\\\/\\\/www.amstelprinting.nl\\\/wp-content\\\/uploads\\\/amstel_printing_logo_clean.png\",\"width\":324,\"height\":73,\"caption\":\"Amstel Printing\"},\"image\":{\"@id\":\"https:\\\/\\\/www.amstelprinting.nl\\\/es\\\/#\\\/schema\\\/logo\\\/image\\\/\"}}]}<\/script>\n<!-- \/ Yoast SEO plugin. -->","yoast_head_json":{"title":"Banner para ferias a medida: m\u00e1xima visibilidad y entrega r\u00e1pida","description":"Pida su banner para ferias con impresi\u00f3n n\u00edtida y elija entre 4 materiales de primera calidad. Totalmente personalizable para una presentaci\u00f3n perfecta en cualquier evento.","robots":{"index":"index","follow":"follow","max-snippet":"max-snippet:-1","max-image-preview":"max-image-preview:large","max-video-preview":"max-video-preview:-1"},"canonical":"https:\/\/www.amstelprinting.nl\/es\/tienda\/feria-y-evento\/panos-de-exposicion\/banner-para-ferias\/","og_locale":"es_ES","og_type":"article","og_title":"Banner para ferias a medida: m\u00e1xima visibilidad y entrega r\u00e1pida","og_description":"Pida su banner para ferias con impresi\u00f3n n\u00edtida y elija entre 4 materiales de primera calidad. Totalmente personalizable para una presentaci\u00f3n perfecta en cualquier evento.","og_url":"https:\/\/www.amstelprinting.nl\/es\/tienda\/feria-y-evento\/panos-de-exposicion\/banner-para-ferias\/","og_site_name":"Amstel Printing","article_modified_time":"2026-02-18T11:48:37+00:00","og_image":[{"width":700,"height":700,"url":"https:\/\/www.amstelprinting.nl\/wp-content\/uploads\/beursbanners-bedrukken.png","type":"image\/png"}],"twitter_card":"summary_large_image","twitter_misc":{"Tiempo de lectura":"2 minutos"},"schema":{"@context":"https:\/\/schema.org","@graph":[{"@type":"WebPage","@id":"https:\/\/www.amstelprinting.nl\/es\/tienda\/feria-y-evento\/panos-de-exposicion\/banner-para-ferias\/","url":"https:\/\/www.amstelprinting.nl\/es\/tienda\/feria-y-evento\/panos-de-exposicion\/banner-para-ferias\/","name":"Banner para ferias a medida: m\u00e1xima visibilidad y entrega r\u00e1pida","isPartOf":{"@id":"https:\/\/www.amstelprinting.nl\/es\/#website"},"primaryImageOfPage":{"@id":"https:\/\/www.amstelprinting.nl\/es\/tienda\/feria-y-evento\/panos-de-exposicion\/banner-para-ferias\/#primaryimage"},"image":{"@id":"https:\/\/www.amstelprinting.nl\/es\/tienda\/feria-y-evento\/panos-de-exposicion\/banner-para-ferias\/#primaryimage"},"thumbnailUrl":"https:\/\/www.amstelprinting.nl\/wp-content\/uploads\/beursbanners-bedrukken.png","datePublished":"2025-01-23T20:02:42+00:00","dateModified":"2026-02-18T11:48:37+00:00","description":"Pida su banner para ferias con impresi\u00f3n n\u00edtida y elija entre 4 materiales de primera calidad. Totalmente personalizable para una presentaci\u00f3n perfecta en cualquier evento.","breadcrumb":{"@id":"https:\/\/www.amstelprinting.nl\/es\/tienda\/feria-y-evento\/panos-de-exposicion\/banner-para-ferias\/#breadcrumb"},"inLanguage":"es","potentialAction":[{"@type":"ReadAction","target":["https:\/\/www.amstelprinting.nl\/es\/tienda\/feria-y-evento\/panos-de-exposicion\/banner-para-ferias\/"]}]},{"@type":"ImageObject","inLanguage":"es","@id":"https:\/\/www.amstelprinting.nl\/es\/tienda\/feria-y-evento\/panos-de-exposicion\/banner-para-ferias\/#primaryimage","url":"https:\/\/www.amstelprinting.nl\/wp-content\/uploads\/beursbanners-bedrukken.png","contentUrl":"https:\/\/www.amstelprinting.nl\/wp-content\/uploads\/beursbanners-bedrukken.png","width":700,"height":700},{"@type":"BreadcrumbList","@id":"https:\/\/www.amstelprinting.nl\/es\/tienda\/feria-y-evento\/panos-de-exposicion\/banner-para-ferias\/#breadcrumb","itemListElement":[{"@type":"ListItem","position":1,"name":"","item":"https:\/\/www.amstelprinting.nl\/es\/"},{"@type":"ListItem","position":2,"name":"Amstel Printing","item":"https:\/\/www.amstelprinting.nl\/es\/comercio\/"},{"@type":"ListItem","position":3,"name":"Feria y evento","item":"https:\/\/www.amstelprinting.nl\/es\/categor\u00eda\/feria-y-evento\/"},{"@type":"ListItem","position":4,"name":"Pa\u00f1os de exposici\u00f3n","item":"https:\/\/www.amstelprinting.nl\/es\/categor\u00eda\/feria-y-evento\/panos-de-exposicion\/"},{"@type":"ListItem","position":5,"name":"Banner para ferias"}]},{"@type":"WebSite","@id":"https:\/\/www.amstelprinting.nl\/es\/#website","url":"https:\/\/www.amstelprinting.nl\/es\/","name":"Amstel Printing","description":"Creating Exposure","publisher":{"@id":"https:\/\/www.amstelprinting.nl\/es\/#organization"},"potentialAction":[{"@type":"SearchAction","target":{"@type":"EntryPoint","urlTemplate":"https:\/\/www.amstelprinting.nl\/es\/?s={search_term_string}"},"query-input":{"@type":"PropertyValueSpecification","valueRequired":true,"valueName":"search_term_string"}}],"inLanguage":"es"},{"@type":"Organization","@id":"https:\/\/www.amstelprinting.nl\/es\/#organization","name":"Amstel Printing","url":"https:\/\/www.amstelprinting.nl\/es\/","logo":{"@type":"ImageObject","inLanguage":"es","@id":"https:\/\/www.amstelprinting.nl\/es\/#\/schema\/logo\/image\/","url":"https:\/\/www.amstelprinting.nl\/wp-content\/uploads\/amstel_printing_logo_clean.png","contentUrl":"https:\/\/www.amstelprinting.nl\/wp-content\/uploads\/amstel_printing_logo_clean.png","width":324,"height":73,"caption":"Amstel Printing"},"image":{"@id":"https:\/\/www.amstelprinting.nl\/es\/#\/schema\/logo\/image\/"}}]}},"_links":{"self":[{"href":"https:\/\/www.amstelprinting.nl\/es\/wp-json\/wp\/v2\/product\/15333","targetHints":{"allow":["GET"]}}],"collection":[{"href":"https:\/\/www.amstelprinting.nl\/es\/wp-json\/wp\/v2\/product"}],"about":[{"href":"https:\/\/www.amstelprinting.nl\/es\/wp-json\/wp\/v2\/types\/product"}],"wp:featuredmedia":[{"embeddable":true,"href":"https:\/\/www.amstelprinting.nl\/es\/wp-json\/wp\/v2\/media\/15334"}],"wp:attachment":[{"href":"https:\/\/www.amstelprinting.nl\/es\/wp-json\/wp\/v2\/media?parent=15333"}],"wp:term":[{"taxonomy":"product_brand","embeddable":true,"href":"https:\/\/www.amstelprinting.nl\/es\/wp-json\/wp\/v2\/product_brand?post=15333"},{"taxonomy":"product_cat","embeddable":true,"href":"https:\/\/www.amstelprinting.nl\/es\/wp-json\/wp\/v2\/product_cat?post=15333"},{"taxonomy":"product_tag","embeddable":true,"href":"https:\/\/www.amstelprinting.nl\/es\/wp-json\/wp\/v2\/product_tag?post=15333"}],"curies":[{"name":"wp","href":"https:\/\/api.w.org\/{rel}","templated":true}]}}