{"id":15343,"date":"2025-01-23T21:02:35","date_gmt":"2025-01-23T20:02:35","guid":{"rendered":"https:\/\/www.amstelprinting.nl\/winkel\/sin%20categor\u00eda\/aluvision-en-bematrix-doeken\/"},"modified":"2026-02-18T12:48:37","modified_gmt":"2026-02-18T11:48:37","slug":"telas-aluvision-y-bematrix","status":"publish","type":"product","link":"https:\/\/www.amstelprinting.nl\/es\/tienda\/feria-y-evento\/panos-de-exposicion\/telas-aluvision-y-bematrix\/","title":{"rendered":"Telas Aluvision y beMatrix"},"content":{"rendered":"<h3>Telas para los sistemas Aluvision y beMatrix<\/h3>\n<p>Nuestras telas est\u00e1n equipadas con un ribete de silicona plano en todo el contorno, lo que permite tensarlas de forma f\u00e1cil y perfecta en su marco Aluvision o beMatrix. Este innovador m\u00e9todo de fijaci\u00f3n garantiza una instalaci\u00f3n sin esfuerzo y una apariencia limpia y profesional.<\/p>\n<h3>Materiales<\/h3>\n<p>Dependiendo de sus necesidades espec\u00edficas de telas para marcos iluminados o no iluminados, ofrecemos diferentes materiales.<\/p>\n<p>Para <strong>marcos<\/strong> <strong>no iluminados<\/strong>, puede elegir entre Blackback Soft y Blackback XL. Blackback Soft es una tela de poli\u00e9ster block-out con el reverso negro, lo que la hace perfecta para situaciones donde la absorci\u00f3n de luz y la minimizaci\u00f3n de interferencias de fondo son esenciales. Es inodora, plegable y cuenta con el certificado B1 de seguridad contra incendios. Blackback XL es perfecta para aplicaciones de gran formato y ofrece las mismas ventajas que la Blackback Soft, con un reverso negro y certificado B1.<\/p>\n<p>Para <strong>marcos<\/strong> <strong>iluminados<\/strong>, ofrecemos telas transl\u00facidas en el material Samba backlit. Esta tela de poli\u00e9ster es conocida por sus colores intensos y brillo. Est\u00e1 especialmente dise\u00f1ada para destacar en marcos iluminados, asegurando que su mensaje se vea siempre claro y vibrante. Incluye certificado B1 para la seguridad contra incendios en espacios p\u00fablicos.<\/p>\n<h3>Siempre un ajuste perfecto<\/h3>\n<p>Ya sea que elija su propio dise\u00f1o o un patr\u00f3n existente, nos aseguramos de que su tela encaje perfectamente. Tenemos en cuenta las dimensiones no est\u00e1ndar en comparaci\u00f3n con los marcos convencionales, para que no tenga que preocuparse por las medidas. Su tela siempre se fabricar\u00e1 exactamente a medida.<\/p>\n<h3>Accesorios<\/h3>\n<p>Para una instalaci\u00f3n a\u00fan m\u00e1s sencilla y un ajuste perfecto de su tela, ofrecemos la pr\u00e1ctica herramienta E-locktool. Esta herramienta ayuda a fijar firmemente las telas en el marco, garantizando un resultado perfecto.<\/p>\n<p>Con nuestras telas Aluvision y beMatrix, tiene garantizada una presentaci\u00f3n profesional, segura e impresionante. Ya sea para una feria, un evento u otro desaf\u00edo de comunicaci\u00f3n visual, nuestras telas proporcionan la apariencia perfecta y el m\u00e1ximo impacto. Deje que su mensaje brille, ya sea con o sin iluminaci\u00f3n, y cause una impresi\u00f3n duradera en su p\u00fablico.<\/p>\n<h3>Preguntas frecuentes<\/h3>\n<p><strong>\u00bfEs necesario tener en cuenta las diferencias entre el marco Aluvision\/beMatrix y un marco textil est\u00e1ndar?<\/strong><br \/>\nNo, no tiene que preocuparse por las diferencias. Tenemos en cuenta las dimensiones espec\u00edficas del marco Aluvision o beMatrix. De este modo, puede estar seguro de que todo encajar\u00e1 perfectamente.<\/p>\n<p><strong>\u00bfQu\u00e9 material recomendamos para este marco?<\/strong><br \/>\nRecomendamos elegir un material opaco, como el Blackback Soft. Esto evita que el marco se transparente y garantiza que su impresi\u00f3n luzca de forma \u00f3ptima.<\/p>\n","protected":false},"excerpt":{"rendered":"<h3>La tela perfecta para marcos Aluvision y beMatrix<\/h3>\n<p>Lleve su comunicaci\u00f3n visual al siguiente nivel con nuestras telas de alta calidad para marcos Aluvision y beMatrix. Dise\u00f1adas para una integraci\u00f3n perfecta y el m\u00e1ximo impacto, estas telas ofrecen una soluci\u00f3n perfecta tanto para aplicaciones iluminadas como no iluminadas.<\/p>\n","protected":false},"featured_media":15344,"template":"","meta":{"_et_pb_use_builder":"","_et_pb_old_content":"","_et_gb_content_width":""},"product_brand":[],"product_cat":[431,374,315],"product_tag":[],"class_list":{"0":"post-15343","1":"product","2":"type-product","3":"status-publish","4":"has-post-thumbnail","6":"product_cat-feria-y-evento","7":"product_cat-panos-de-exposicion","8":"product_cat-pegatinas-e-impresion","10":"first","11":"instock","12":"taxable","13":"shipping-taxable","14":"purchasable","15":"product-type-simple"},"yoast_head":"<!-- This site is optimized with the Yoast SEO plugin v27.3 - https:\/\/yoast.com\/product\/yoast-seo-wordpress\/ -->\n<title>Telas Aluvision y beMatrix para presentaciones perfectas<\/title>\n<meta name=\"description\" content=\"Descubra telas personalizadas de alta calidad para marcos Aluvision y beMatrix. Cree una apariencia n\u00edtida y profesional con el m\u00e1ximo impacto para su marca.\" \/>\n<meta name=\"robots\" content=\"index, follow, max-snippet:-1, max-image-preview:large, max-video-preview:-1\" \/>\n<link rel=\"canonical\" href=\"https:\/\/www.amstelprinting.nl\/es\/tienda\/feria-y-evento\/panos-de-exposicion\/telas-aluvision-y-bematrix\/\" \/>\n<meta property=\"og:locale\" content=\"es_ES\" \/>\n<meta property=\"og:type\" content=\"article\" \/>\n<meta property=\"og:title\" content=\"Telas Aluvision y beMatrix para presentaciones perfectas\" \/>\n<meta property=\"og:description\" content=\"Descubra telas personalizadas de alta calidad para marcos Aluvision y beMatrix. Cree una apariencia n\u00edtida y profesional con el m\u00e1ximo impacto para su marca.\" \/>\n<meta property=\"og:url\" content=\"https:\/\/www.amstelprinting.nl\/es\/tienda\/feria-y-evento\/panos-de-exposicion\/telas-aluvision-y-bematrix\/\" \/>\n<meta property=\"og:site_name\" content=\"Amstel Printing\" \/>\n<meta property=\"article:modified_time\" content=\"2026-02-18T11:48:37+00:00\" \/>\n<meta property=\"og:image\" content=\"https:\/\/www.amstelprinting.nl\/wp-content\/uploads\/Aluvision-en-beMatrix-doeken.jpg\" \/>\n\t<meta property=\"og:image:width\" content=\"700\" \/>\n\t<meta property=\"og:image:height\" content=\"700\" \/>\n\t<meta property=\"og:image:type\" content=\"image\/jpeg\" \/>\n<meta name=\"twitter:card\" content=\"summary_large_image\" \/>\n<meta name=\"twitter:label1\" content=\"Tiempo de lectura\" \/>\n\t<meta name=\"twitter:data1\" content=\"2 minutos\" \/>\n<script type=\"application\/ld+json\" class=\"yoast-schema-graph\">{\"@context\":\"https:\\\/\\\/schema.org\",\"@graph\":[{\"@type\":\"WebPage\",\"@id\":\"https:\\\/\\\/www.amstelprinting.nl\\\/es\\\/tienda\\\/feria-y-evento\\\/panos-de-exposicion\\\/telas-aluvision-y-bematrix\\\/\",\"url\":\"https:\\\/\\\/www.amstelprinting.nl\\\/es\\\/tienda\\\/feria-y-evento\\\/panos-de-exposicion\\\/telas-aluvision-y-bematrix\\\/\",\"name\":\"Telas Aluvision y beMatrix para presentaciones perfectas\",\"isPartOf\":{\"@id\":\"https:\\\/\\\/www.amstelprinting.nl\\\/es\\\/#website\"},\"primaryImageOfPage\":{\"@id\":\"https:\\\/\\\/www.amstelprinting.nl\\\/es\\\/tienda\\\/feria-y-evento\\\/panos-de-exposicion\\\/telas-aluvision-y-bematrix\\\/#primaryimage\"},\"image\":{\"@id\":\"https:\\\/\\\/www.amstelprinting.nl\\\/es\\\/tienda\\\/feria-y-evento\\\/panos-de-exposicion\\\/telas-aluvision-y-bematrix\\\/#primaryimage\"},\"thumbnailUrl\":\"https:\\\/\\\/www.amstelprinting.nl\\\/wp-content\\\/uploads\\\/Aluvision-en-beMatrix-doeken.jpg\",\"datePublished\":\"2025-01-23T20:02:35+00:00\",\"dateModified\":\"2026-02-18T11:48:37+00:00\",\"description\":\"Descubra telas personalizadas de alta calidad para marcos Aluvision y beMatrix. Cree una apariencia n\u00edtida y profesional con el m\u00e1ximo impacto para su marca.\",\"breadcrumb\":{\"@id\":\"https:\\\/\\\/www.amstelprinting.nl\\\/es\\\/tienda\\\/feria-y-evento\\\/panos-de-exposicion\\\/telas-aluvision-y-bematrix\\\/#breadcrumb\"},\"inLanguage\":\"es\",\"potentialAction\":[{\"@type\":\"ReadAction\",\"target\":[\"https:\\\/\\\/www.amstelprinting.nl\\\/es\\\/tienda\\\/feria-y-evento\\\/panos-de-exposicion\\\/telas-aluvision-y-bematrix\\\/\"]}]},{\"@type\":\"ImageObject\",\"inLanguage\":\"es\",\"@id\":\"https:\\\/\\\/www.amstelprinting.nl\\\/es\\\/tienda\\\/feria-y-evento\\\/panos-de-exposicion\\\/telas-aluvision-y-bematrix\\\/#primaryimage\",\"url\":\"https:\\\/\\\/www.amstelprinting.nl\\\/wp-content\\\/uploads\\\/Aluvision-en-beMatrix-doeken.jpg\",\"contentUrl\":\"https:\\\/\\\/www.amstelprinting.nl\\\/wp-content\\\/uploads\\\/Aluvision-en-beMatrix-doeken.jpg\",\"width\":700,\"height\":700},{\"@type\":\"BreadcrumbList\",\"@id\":\"https:\\\/\\\/www.amstelprinting.nl\\\/es\\\/tienda\\\/feria-y-evento\\\/panos-de-exposicion\\\/telas-aluvision-y-bematrix\\\/#breadcrumb\",\"itemListElement\":[{\"@type\":\"ListItem\",\"position\":1,\"name\":\"\",\"item\":\"https:\\\/\\\/www.amstelprinting.nl\\\/es\\\/\"},{\"@type\":\"ListItem\",\"position\":2,\"name\":\"Amstel Printing\",\"item\":\"https:\\\/\\\/www.amstelprinting.nl\\\/es\\\/comercio\\\/\"},{\"@type\":\"ListItem\",\"position\":3,\"name\":\"Feria y evento\",\"item\":\"https:\\\/\\\/www.amstelprinting.nl\\\/es\\\/categor\u00eda\\\/feria-y-evento\\\/\"},{\"@type\":\"ListItem\",\"position\":4,\"name\":\"Pa\u00f1os de exposici\u00f3n\",\"item\":\"https:\\\/\\\/www.amstelprinting.nl\\\/es\\\/categor\u00eda\\\/feria-y-evento\\\/panos-de-exposicion\\\/\"},{\"@type\":\"ListItem\",\"position\":5,\"name\":\"Telas Aluvision y beMatrix\"}]},{\"@type\":\"WebSite\",\"@id\":\"https:\\\/\\\/www.amstelprinting.nl\\\/es\\\/#website\",\"url\":\"https:\\\/\\\/www.amstelprinting.nl\\\/es\\\/\",\"name\":\"Amstel Printing\",\"description\":\"Creating Exposure\",\"publisher\":{\"@id\":\"https:\\\/\\\/www.amstelprinting.nl\\\/es\\\/#organization\"},\"potentialAction\":[{\"@type\":\"SearchAction\",\"target\":{\"@type\":\"EntryPoint\",\"urlTemplate\":\"https:\\\/\\\/www.amstelprinting.nl\\\/es\\\/?s={search_term_string}\"},\"query-input\":{\"@type\":\"PropertyValueSpecification\",\"valueRequired\":true,\"valueName\":\"search_term_string\"}}],\"inLanguage\":\"es\"},{\"@type\":\"Organization\",\"@id\":\"https:\\\/\\\/www.amstelprinting.nl\\\/es\\\/#organization\",\"name\":\"Amstel Printing\",\"url\":\"https:\\\/\\\/www.amstelprinting.nl\\\/es\\\/\",\"logo\":{\"@type\":\"ImageObject\",\"inLanguage\":\"es\",\"@id\":\"https:\\\/\\\/www.amstelprinting.nl\\\/es\\\/#\\\/schema\\\/logo\\\/image\\\/\",\"url\":\"https:\\\/\\\/www.amstelprinting.nl\\\/wp-content\\\/uploads\\\/amstel_printing_logo_clean.png\",\"contentUrl\":\"https:\\\/\\\/www.amstelprinting.nl\\\/wp-content\\\/uploads\\\/amstel_printing_logo_clean.png\",\"width\":324,\"height\":73,\"caption\":\"Amstel Printing\"},\"image\":{\"@id\":\"https:\\\/\\\/www.amstelprinting.nl\\\/es\\\/#\\\/schema\\\/logo\\\/image\\\/\"}}]}<\/script>\n<!-- \/ Yoast SEO plugin. -->","yoast_head_json":{"title":"Telas Aluvision y beMatrix para presentaciones perfectas","description":"Descubra telas personalizadas de alta calidad para marcos Aluvision y beMatrix. Cree una apariencia n\u00edtida y profesional con el m\u00e1ximo impacto para su marca.","robots":{"index":"index","follow":"follow","max-snippet":"max-snippet:-1","max-image-preview":"max-image-preview:large","max-video-preview":"max-video-preview:-1"},"canonical":"https:\/\/www.amstelprinting.nl\/es\/tienda\/feria-y-evento\/panos-de-exposicion\/telas-aluvision-y-bematrix\/","og_locale":"es_ES","og_type":"article","og_title":"Telas Aluvision y beMatrix para presentaciones perfectas","og_description":"Descubra telas personalizadas de alta calidad para marcos Aluvision y beMatrix. Cree una apariencia n\u00edtida y profesional con el m\u00e1ximo impacto para su marca.","og_url":"https:\/\/www.amstelprinting.nl\/es\/tienda\/feria-y-evento\/panos-de-exposicion\/telas-aluvision-y-bematrix\/","og_site_name":"Amstel Printing","article_modified_time":"2026-02-18T11:48:37+00:00","og_image":[{"width":700,"height":700,"url":"https:\/\/www.amstelprinting.nl\/wp-content\/uploads\/Aluvision-en-beMatrix-doeken.jpg","type":"image\/jpeg"}],"twitter_card":"summary_large_image","twitter_misc":{"Tiempo de lectura":"2 minutos"},"schema":{"@context":"https:\/\/schema.org","@graph":[{"@type":"WebPage","@id":"https:\/\/www.amstelprinting.nl\/es\/tienda\/feria-y-evento\/panos-de-exposicion\/telas-aluvision-y-bematrix\/","url":"https:\/\/www.amstelprinting.nl\/es\/tienda\/feria-y-evento\/panos-de-exposicion\/telas-aluvision-y-bematrix\/","name":"Telas Aluvision y beMatrix para presentaciones perfectas","isPartOf":{"@id":"https:\/\/www.amstelprinting.nl\/es\/#website"},"primaryImageOfPage":{"@id":"https:\/\/www.amstelprinting.nl\/es\/tienda\/feria-y-evento\/panos-de-exposicion\/telas-aluvision-y-bematrix\/#primaryimage"},"image":{"@id":"https:\/\/www.amstelprinting.nl\/es\/tienda\/feria-y-evento\/panos-de-exposicion\/telas-aluvision-y-bematrix\/#primaryimage"},"thumbnailUrl":"https:\/\/www.amstelprinting.nl\/wp-content\/uploads\/Aluvision-en-beMatrix-doeken.jpg","datePublished":"2025-01-23T20:02:35+00:00","dateModified":"2026-02-18T11:48:37+00:00","description":"Descubra telas personalizadas de alta calidad para marcos Aluvision y beMatrix. Cree una apariencia n\u00edtida y profesional con el m\u00e1ximo impacto para su marca.","breadcrumb":{"@id":"https:\/\/www.amstelprinting.nl\/es\/tienda\/feria-y-evento\/panos-de-exposicion\/telas-aluvision-y-bematrix\/#breadcrumb"},"inLanguage":"es","potentialAction":[{"@type":"ReadAction","target":["https:\/\/www.amstelprinting.nl\/es\/tienda\/feria-y-evento\/panos-de-exposicion\/telas-aluvision-y-bematrix\/"]}]},{"@type":"ImageObject","inLanguage":"es","@id":"https:\/\/www.amstelprinting.nl\/es\/tienda\/feria-y-evento\/panos-de-exposicion\/telas-aluvision-y-bematrix\/#primaryimage","url":"https:\/\/www.amstelprinting.nl\/wp-content\/uploads\/Aluvision-en-beMatrix-doeken.jpg","contentUrl":"https:\/\/www.amstelprinting.nl\/wp-content\/uploads\/Aluvision-en-beMatrix-doeken.jpg","width":700,"height":700},{"@type":"BreadcrumbList","@id":"https:\/\/www.amstelprinting.nl\/es\/tienda\/feria-y-evento\/panos-de-exposicion\/telas-aluvision-y-bematrix\/#breadcrumb","itemListElement":[{"@type":"ListItem","position":1,"name":"","item":"https:\/\/www.amstelprinting.nl\/es\/"},{"@type":"ListItem","position":2,"name":"Amstel Printing","item":"https:\/\/www.amstelprinting.nl\/es\/comercio\/"},{"@type":"ListItem","position":3,"name":"Feria y evento","item":"https:\/\/www.amstelprinting.nl\/es\/categor\u00eda\/feria-y-evento\/"},{"@type":"ListItem","position":4,"name":"Pa\u00f1os de exposici\u00f3n","item":"https:\/\/www.amstelprinting.nl\/es\/categor\u00eda\/feria-y-evento\/panos-de-exposicion\/"},{"@type":"ListItem","position":5,"name":"Telas Aluvision y beMatrix"}]},{"@type":"WebSite","@id":"https:\/\/www.amstelprinting.nl\/es\/#website","url":"https:\/\/www.amstelprinting.nl\/es\/","name":"Amstel Printing","description":"Creating Exposure","publisher":{"@id":"https:\/\/www.amstelprinting.nl\/es\/#organization"},"potentialAction":[{"@type":"SearchAction","target":{"@type":"EntryPoint","urlTemplate":"https:\/\/www.amstelprinting.nl\/es\/?s={search_term_string}"},"query-input":{"@type":"PropertyValueSpecification","valueRequired":true,"valueName":"search_term_string"}}],"inLanguage":"es"},{"@type":"Organization","@id":"https:\/\/www.amstelprinting.nl\/es\/#organization","name":"Amstel Printing","url":"https:\/\/www.amstelprinting.nl\/es\/","logo":{"@type":"ImageObject","inLanguage":"es","@id":"https:\/\/www.amstelprinting.nl\/es\/#\/schema\/logo\/image\/","url":"https:\/\/www.amstelprinting.nl\/wp-content\/uploads\/amstel_printing_logo_clean.png","contentUrl":"https:\/\/www.amstelprinting.nl\/wp-content\/uploads\/amstel_printing_logo_clean.png","width":324,"height":73,"caption":"Amstel Printing"},"image":{"@id":"https:\/\/www.amstelprinting.nl\/es\/#\/schema\/logo\/image\/"}}]}},"_links":{"self":[{"href":"https:\/\/www.amstelprinting.nl\/es\/wp-json\/wp\/v2\/product\/15343","targetHints":{"allow":["GET"]}}],"collection":[{"href":"https:\/\/www.amstelprinting.nl\/es\/wp-json\/wp\/v2\/product"}],"about":[{"href":"https:\/\/www.amstelprinting.nl\/es\/wp-json\/wp\/v2\/types\/product"}],"wp:featuredmedia":[{"embeddable":true,"href":"https:\/\/www.amstelprinting.nl\/es\/wp-json\/wp\/v2\/media\/15344"}],"wp:attachment":[{"href":"https:\/\/www.amstelprinting.nl\/es\/wp-json\/wp\/v2\/media?parent=15343"}],"wp:term":[{"taxonomy":"product_brand","embeddable":true,"href":"https:\/\/www.amstelprinting.nl\/es\/wp-json\/wp\/v2\/product_brand?post=15343"},{"taxonomy":"product_cat","embeddable":true,"href":"https:\/\/www.amstelprinting.nl\/es\/wp-json\/wp\/v2\/product_cat?post=15343"},{"taxonomy":"product_tag","embeddable":true,"href":"https:\/\/www.amstelprinting.nl\/es\/wp-json\/wp\/v2\/product_tag?post=15343"}],"curies":[{"name":"wp","href":"https:\/\/api.w.org\/{rel}","templated":true}]}}