{"id":15357,"date":"2025-01-23T21:02:25","date_gmt":"2025-01-23T20:02:25","guid":{"rendered":"https:\/\/www.amstelprinting.nl\/winkel\/sin%20categor\u00eda\/draagtas\/"},"modified":"2026-02-18T12:48:37","modified_gmt":"2026-02-18T11:48:37","slug":"bolsa","status":"publish","type":"product","link":"https:\/\/www.amstelprinting.nl\/es\/tienda\/interior\/casa-y-amp-industria-de-la-restauracion\/bolsa\/","title":{"rendered":"Bolsa"},"content":{"rendered":"<h3>Impresi\u00f3n de bolsas con su propio logotipo o dise\u00f1o<\/h3>\n<p>Con nuestras bolsas impresas, puede crear un estilo \u00fanico y personal que se adapte perfectamente a su identidad de marca. A\u00f1ada su propia impresi\u00f3n o logotipo y cause sensaci\u00f3n dondequiera que vaya. Ya sea para usted o como material promocional para su empresa, estas bolsas son la elecci\u00f3n ideal para quienes desean combinar funcionalidad y dise\u00f1o.<\/p>\n<h3>\u00bfPor qu\u00e9 pedir bolsas impresas?<\/h3>\n<ul>\n<li>Disponible en diferentes formatos y materiales<\/li>\n<li>Equipada con un asa resistente<\/li>\n<li>Elija su propio dise\u00f1o o un patr\u00f3n existente<\/li>\n<li>Lavable a 30 grados<\/li>\n<\/ul>\n<p>&nbsp;<\/p>\n<h3>Formatos y materiales<\/h3>\n<p>Nuestras bolsas est\u00e1n disponibles en los formatos: 40 x 40 cm, 45 x 45 cm, 50 x 40 cm y 40 x 50 cm. Adem\u00e1s, nuestras bolsas est\u00e1n disponibles en dos materiales de alta calidad. El tejido Kendal, hecho de 100% poli\u00e9ster con ligamento sarga, ofrece una superficie lisa y elegante con una textura sutil. Este material le da a su bolsa un aspecto lujoso que es a la vez elegante y funcional. Para una opci\u00f3n robusta y duradera, elija el tejido Structex. Este tejido de poli\u00e9ster de gran calidad estructurado tiene un aspecto de algod\u00f3n y est\u00e1 dise\u00f1ado para un uso intensivo. Adem\u00e1s, Structex cuenta con un certificado de incendio B1, lo que significa que el material de estas bolsas es retardante de llama y, por lo tanto, m\u00e1s seguro.<\/p>\n<h3>Acabado de nuestras bolsas<\/h3>\n<p>Las bolsas est\u00e1n equipadas con asas resistentes, disponibles en blanco o negro, que miden 4 cm de ancho y 66 cm de largo. Estas asas ofrecen una experiencia de transporte c\u00f3moda, incluso con un uso prolongado. Las costuras de la bolsa tambi\u00e9n se pueden adaptar a su dise\u00f1o, con la opci\u00f3n de hilos blancos o negros para un acabado perfecto. Adem\u00e1s, las bolsas son lavables a 30 grados, lo que facilita su limpieza y garantiza que siempre luzcan impecables.<\/p>\n","protected":false},"excerpt":{"rendered":"<h3>Impresi\u00f3n de bolsos de mano o de hombro<\/h3>\n<p>\u00a1Bolsa resistente con su propia impresi\u00f3n a todo color de alta definici\u00f3n! Elija entre varios formatos fijos. Tambi\u00e9n puede decidir el color de las asas y del hilo. Suba su propio dise\u00f1o o elija entre uno de nuestros 20.000 patrones est\u00e1ndar. Configure su bolsa impresa en unos pocos pasos a continuaci\u00f3n.<\/p>\n","protected":false},"featured_media":15359,"template":"","meta":{"_et_pb_use_builder":"","_et_pb_old_content":"","_et_gb_content_width":""},"product_brand":[],"product_cat":[565,423,431,545],"product_tag":[],"class_list":{"0":"post-15357","1":"product","2":"type-product","3":"status-publish","4":"has-post-thumbnail","6":"product_cat-casa-y-amp-industria-de-la-restauracion","7":"product_cat-decoracion","8":"product_cat-feria-y-evento","9":"product_cat-interior","11":"first","12":"instock","13":"taxable","14":"shipping-taxable","15":"purchasable","16":"product-type-simple"},"yoast_head":"<!-- This site is optimized with the Yoast SEO plugin v27.3 - https:\/\/yoast.com\/product\/yoast-seo-wordpress\/ -->\n<title>Bolsa | Amstel Printing<\/title>\n<meta name=\"robots\" content=\"index, follow, max-snippet:-1, max-image-preview:large, max-video-preview:-1\" \/>\n<link rel=\"canonical\" href=\"https:\/\/www.amstelprinting.nl\/es\/tienda\/interior\/casa-y-amp-industria-de-la-restauracion\/bolsa\/\" \/>\n<meta property=\"og:locale\" content=\"es_ES\" \/>\n<meta property=\"og:type\" content=\"article\" \/>\n<meta property=\"og:title\" content=\"Bolsa | Amstel Printing\" \/>\n<meta property=\"og:description\" content=\"Impresi\u00f3n de bolsos de mano o de hombro \u00a1Bolsa resistente con su propia impresi\u00f3n a todo color de alta definici\u00f3n! Elija entre varios formatos fijos. Tambi\u00e9n puede decidir el color de las asas y del hilo. Suba su propio dise\u00f1o o elija entre uno de nuestros 20.000 patrones est\u00e1ndar. Configure su bolsa impresa en unos pocos pasos a continuaci\u00f3n.\" \/>\n<meta property=\"og:url\" content=\"https:\/\/www.amstelprinting.nl\/es\/tienda\/interior\/casa-y-amp-industria-de-la-restauracion\/bolsa\/\" \/>\n<meta property=\"og:site_name\" content=\"Amstel Printing\" \/>\n<meta property=\"article:modified_time\" content=\"2026-02-18T11:48:37+00:00\" \/>\n<meta property=\"og:image\" content=\"https:\/\/www.amstelprinting.nl\/wp-content\/uploads\/Draagtas2.jpg\" \/>\n\t<meta property=\"og:image:width\" content=\"700\" \/>\n\t<meta property=\"og:image:height\" content=\"700\" \/>\n\t<meta property=\"og:image:type\" content=\"image\/jpeg\" \/>\n<meta name=\"twitter:card\" content=\"summary_large_image\" \/>\n<meta name=\"twitter:label1\" content=\"Tiempo de lectura\" \/>\n\t<meta name=\"twitter:data1\" content=\"2 minutos\" \/>\n<script type=\"application\/ld+json\" class=\"yoast-schema-graph\">{\"@context\":\"https:\\\/\\\/schema.org\",\"@graph\":[{\"@type\":\"WebPage\",\"@id\":\"https:\\\/\\\/www.amstelprinting.nl\\\/es\\\/tienda\\\/interior\\\/casa-y-amp-industria-de-la-restauracion\\\/bolsa\\\/\",\"url\":\"https:\\\/\\\/www.amstelprinting.nl\\\/es\\\/tienda\\\/interior\\\/casa-y-amp-industria-de-la-restauracion\\\/bolsa\\\/\",\"name\":\"Bolsa | Amstel Printing\",\"isPartOf\":{\"@id\":\"https:\\\/\\\/www.amstelprinting.nl\\\/es\\\/#website\"},\"primaryImageOfPage\":{\"@id\":\"https:\\\/\\\/www.amstelprinting.nl\\\/es\\\/tienda\\\/interior\\\/casa-y-amp-industria-de-la-restauracion\\\/bolsa\\\/#primaryimage\"},\"image\":{\"@id\":\"https:\\\/\\\/www.amstelprinting.nl\\\/es\\\/tienda\\\/interior\\\/casa-y-amp-industria-de-la-restauracion\\\/bolsa\\\/#primaryimage\"},\"thumbnailUrl\":\"https:\\\/\\\/www.amstelprinting.nl\\\/wp-content\\\/uploads\\\/Draagtas2.jpg\",\"datePublished\":\"2025-01-23T20:02:25+00:00\",\"dateModified\":\"2026-02-18T11:48:37+00:00\",\"breadcrumb\":{\"@id\":\"https:\\\/\\\/www.amstelprinting.nl\\\/es\\\/tienda\\\/interior\\\/casa-y-amp-industria-de-la-restauracion\\\/bolsa\\\/#breadcrumb\"},\"inLanguage\":\"es\",\"potentialAction\":[{\"@type\":\"ReadAction\",\"target\":[\"https:\\\/\\\/www.amstelprinting.nl\\\/es\\\/tienda\\\/interior\\\/casa-y-amp-industria-de-la-restauracion\\\/bolsa\\\/\"]}]},{\"@type\":\"ImageObject\",\"inLanguage\":\"es\",\"@id\":\"https:\\\/\\\/www.amstelprinting.nl\\\/es\\\/tienda\\\/interior\\\/casa-y-amp-industria-de-la-restauracion\\\/bolsa\\\/#primaryimage\",\"url\":\"https:\\\/\\\/www.amstelprinting.nl\\\/wp-content\\\/uploads\\\/Draagtas2.jpg\",\"contentUrl\":\"https:\\\/\\\/www.amstelprinting.nl\\\/wp-content\\\/uploads\\\/Draagtas2.jpg\",\"width\":700,\"height\":700},{\"@type\":\"BreadcrumbList\",\"@id\":\"https:\\\/\\\/www.amstelprinting.nl\\\/es\\\/tienda\\\/interior\\\/casa-y-amp-industria-de-la-restauracion\\\/bolsa\\\/#breadcrumb\",\"itemListElement\":[{\"@type\":\"ListItem\",\"position\":1,\"name\":\"\",\"item\":\"https:\\\/\\\/www.amstelprinting.nl\\\/es\\\/\"},{\"@type\":\"ListItem\",\"position\":2,\"name\":\"Amstel Printing\",\"item\":\"https:\\\/\\\/www.amstelprinting.nl\\\/es\\\/comercio\\\/\"},{\"@type\":\"ListItem\",\"position\":3,\"name\":\"Feria y evento\",\"item\":\"https:\\\/\\\/www.amstelprinting.nl\\\/es\\\/categor\u00eda\\\/feria-y-evento\\\/\"},{\"@type\":\"ListItem\",\"position\":4,\"name\":\"Decoraci\u00f3n\",\"item\":\"https:\\\/\\\/www.amstelprinting.nl\\\/es\\\/categor\u00eda\\\/feria-y-evento\\\/decoracion\\\/\"},{\"@type\":\"ListItem\",\"position\":5,\"name\":\"Bolsa\"}]},{\"@type\":\"WebSite\",\"@id\":\"https:\\\/\\\/www.amstelprinting.nl\\\/es\\\/#website\",\"url\":\"https:\\\/\\\/www.amstelprinting.nl\\\/es\\\/\",\"name\":\"Amstel Printing\",\"description\":\"Creating Exposure\",\"publisher\":{\"@id\":\"https:\\\/\\\/www.amstelprinting.nl\\\/es\\\/#organization\"},\"potentialAction\":[{\"@type\":\"SearchAction\",\"target\":{\"@type\":\"EntryPoint\",\"urlTemplate\":\"https:\\\/\\\/www.amstelprinting.nl\\\/es\\\/?s={search_term_string}\"},\"query-input\":{\"@type\":\"PropertyValueSpecification\",\"valueRequired\":true,\"valueName\":\"search_term_string\"}}],\"inLanguage\":\"es\"},{\"@type\":\"Organization\",\"@id\":\"https:\\\/\\\/www.amstelprinting.nl\\\/es\\\/#organization\",\"name\":\"Amstel Printing\",\"url\":\"https:\\\/\\\/www.amstelprinting.nl\\\/es\\\/\",\"logo\":{\"@type\":\"ImageObject\",\"inLanguage\":\"es\",\"@id\":\"https:\\\/\\\/www.amstelprinting.nl\\\/es\\\/#\\\/schema\\\/logo\\\/image\\\/\",\"url\":\"https:\\\/\\\/www.amstelprinting.nl\\\/wp-content\\\/uploads\\\/amstel_printing_logo_clean.png\",\"contentUrl\":\"https:\\\/\\\/www.amstelprinting.nl\\\/wp-content\\\/uploads\\\/amstel_printing_logo_clean.png\",\"width\":324,\"height\":73,\"caption\":\"Amstel Printing\"},\"image\":{\"@id\":\"https:\\\/\\\/www.amstelprinting.nl\\\/es\\\/#\\\/schema\\\/logo\\\/image\\\/\"}}]}<\/script>\n<!-- \/ Yoast SEO plugin. -->","yoast_head_json":{"title":"Bolsa | Amstel Printing","robots":{"index":"index","follow":"follow","max-snippet":"max-snippet:-1","max-image-preview":"max-image-preview:large","max-video-preview":"max-video-preview:-1"},"canonical":"https:\/\/www.amstelprinting.nl\/es\/tienda\/interior\/casa-y-amp-industria-de-la-restauracion\/bolsa\/","og_locale":"es_ES","og_type":"article","og_title":"Bolsa | Amstel Printing","og_description":"Impresi\u00f3n de bolsos de mano o de hombro \u00a1Bolsa resistente con su propia impresi\u00f3n a todo color de alta definici\u00f3n! Elija entre varios formatos fijos. Tambi\u00e9n puede decidir el color de las asas y del hilo. Suba su propio dise\u00f1o o elija entre uno de nuestros 20.000 patrones est\u00e1ndar. Configure su bolsa impresa en unos pocos pasos a continuaci\u00f3n.","og_url":"https:\/\/www.amstelprinting.nl\/es\/tienda\/interior\/casa-y-amp-industria-de-la-restauracion\/bolsa\/","og_site_name":"Amstel Printing","article_modified_time":"2026-02-18T11:48:37+00:00","og_image":[{"width":700,"height":700,"url":"https:\/\/www.amstelprinting.nl\/wp-content\/uploads\/Draagtas2.jpg","type":"image\/jpeg"}],"twitter_card":"summary_large_image","twitter_misc":{"Tiempo de lectura":"2 minutos"},"schema":{"@context":"https:\/\/schema.org","@graph":[{"@type":"WebPage","@id":"https:\/\/www.amstelprinting.nl\/es\/tienda\/interior\/casa-y-amp-industria-de-la-restauracion\/bolsa\/","url":"https:\/\/www.amstelprinting.nl\/es\/tienda\/interior\/casa-y-amp-industria-de-la-restauracion\/bolsa\/","name":"Bolsa | Amstel Printing","isPartOf":{"@id":"https:\/\/www.amstelprinting.nl\/es\/#website"},"primaryImageOfPage":{"@id":"https:\/\/www.amstelprinting.nl\/es\/tienda\/interior\/casa-y-amp-industria-de-la-restauracion\/bolsa\/#primaryimage"},"image":{"@id":"https:\/\/www.amstelprinting.nl\/es\/tienda\/interior\/casa-y-amp-industria-de-la-restauracion\/bolsa\/#primaryimage"},"thumbnailUrl":"https:\/\/www.amstelprinting.nl\/wp-content\/uploads\/Draagtas2.jpg","datePublished":"2025-01-23T20:02:25+00:00","dateModified":"2026-02-18T11:48:37+00:00","breadcrumb":{"@id":"https:\/\/www.amstelprinting.nl\/es\/tienda\/interior\/casa-y-amp-industria-de-la-restauracion\/bolsa\/#breadcrumb"},"inLanguage":"es","potentialAction":[{"@type":"ReadAction","target":["https:\/\/www.amstelprinting.nl\/es\/tienda\/interior\/casa-y-amp-industria-de-la-restauracion\/bolsa\/"]}]},{"@type":"ImageObject","inLanguage":"es","@id":"https:\/\/www.amstelprinting.nl\/es\/tienda\/interior\/casa-y-amp-industria-de-la-restauracion\/bolsa\/#primaryimage","url":"https:\/\/www.amstelprinting.nl\/wp-content\/uploads\/Draagtas2.jpg","contentUrl":"https:\/\/www.amstelprinting.nl\/wp-content\/uploads\/Draagtas2.jpg","width":700,"height":700},{"@type":"BreadcrumbList","@id":"https:\/\/www.amstelprinting.nl\/es\/tienda\/interior\/casa-y-amp-industria-de-la-restauracion\/bolsa\/#breadcrumb","itemListElement":[{"@type":"ListItem","position":1,"name":"","item":"https:\/\/www.amstelprinting.nl\/es\/"},{"@type":"ListItem","position":2,"name":"Amstel Printing","item":"https:\/\/www.amstelprinting.nl\/es\/comercio\/"},{"@type":"ListItem","position":3,"name":"Feria y evento","item":"https:\/\/www.amstelprinting.nl\/es\/categor\u00eda\/feria-y-evento\/"},{"@type":"ListItem","position":4,"name":"Decoraci\u00f3n","item":"https:\/\/www.amstelprinting.nl\/es\/categor\u00eda\/feria-y-evento\/decoracion\/"},{"@type":"ListItem","position":5,"name":"Bolsa"}]},{"@type":"WebSite","@id":"https:\/\/www.amstelprinting.nl\/es\/#website","url":"https:\/\/www.amstelprinting.nl\/es\/","name":"Amstel Printing","description":"Creating Exposure","publisher":{"@id":"https:\/\/www.amstelprinting.nl\/es\/#organization"},"potentialAction":[{"@type":"SearchAction","target":{"@type":"EntryPoint","urlTemplate":"https:\/\/www.amstelprinting.nl\/es\/?s={search_term_string}"},"query-input":{"@type":"PropertyValueSpecification","valueRequired":true,"valueName":"search_term_string"}}],"inLanguage":"es"},{"@type":"Organization","@id":"https:\/\/www.amstelprinting.nl\/es\/#organization","name":"Amstel Printing","url":"https:\/\/www.amstelprinting.nl\/es\/","logo":{"@type":"ImageObject","inLanguage":"es","@id":"https:\/\/www.amstelprinting.nl\/es\/#\/schema\/logo\/image\/","url":"https:\/\/www.amstelprinting.nl\/wp-content\/uploads\/amstel_printing_logo_clean.png","contentUrl":"https:\/\/www.amstelprinting.nl\/wp-content\/uploads\/amstel_printing_logo_clean.png","width":324,"height":73,"caption":"Amstel Printing"},"image":{"@id":"https:\/\/www.amstelprinting.nl\/es\/#\/schema\/logo\/image\/"}}]}},"_links":{"self":[{"href":"https:\/\/www.amstelprinting.nl\/es\/wp-json\/wp\/v2\/product\/15357","targetHints":{"allow":["GET"]}}],"collection":[{"href":"https:\/\/www.amstelprinting.nl\/es\/wp-json\/wp\/v2\/product"}],"about":[{"href":"https:\/\/www.amstelprinting.nl\/es\/wp-json\/wp\/v2\/types\/product"}],"wp:featuredmedia":[{"embeddable":true,"href":"https:\/\/www.amstelprinting.nl\/es\/wp-json\/wp\/v2\/media\/15359"}],"wp:attachment":[{"href":"https:\/\/www.amstelprinting.nl\/es\/wp-json\/wp\/v2\/media?parent=15357"}],"wp:term":[{"taxonomy":"product_brand","embeddable":true,"href":"https:\/\/www.amstelprinting.nl\/es\/wp-json\/wp\/v2\/product_brand?post=15357"},{"taxonomy":"product_cat","embeddable":true,"href":"https:\/\/www.amstelprinting.nl\/es\/wp-json\/wp\/v2\/product_cat?post=15357"},{"taxonomy":"product_tag","embeddable":true,"href":"https:\/\/www.amstelprinting.nl\/es\/wp-json\/wp\/v2\/product_tag?post=15357"}],"curies":[{"name":"wp","href":"https:\/\/api.w.org\/{rel}","templated":true}]}}