{"id":15372,"date":"2025-01-23T21:02:19","date_gmt":"2025-01-23T20:02:19","guid":{"rendered":"https:\/\/www.amstelprinting.nl\/winkel\/sin%20categor\u00eda\/sierkussen\/"},"modified":"2026-02-18T12:48:38","modified_gmt":"2026-02-18T11:48:38","slug":"cojin-decorativo","status":"publish","type":"product","link":"https:\/\/www.amstelprinting.nl\/es\/tienda\/interior\/casa-y-amp-industria-de-la-restauracion\/cojin-decorativo\/","title":{"rendered":"Coj\u00edn decorativo"},"content":{"rendered":"<h3>Cojines decorativos con impresi\u00f3n propia<\/h3>\n<p>Nuestros cojines decorativos no solo son funcionales, sino tambi\u00e9n un elemento decorativo hermoso en su hogar. Con diversos tama\u00f1os, materiales de alta calidad y la posibilidad de personalizaci\u00f3n, crear\u00e1 un ambiente \u00fanico que se adapte a usted. \u00a1Elija el lujo y el estilo con nuestros cojines decorativos y dele a su interior el toque final que se merece!<\/p>\n<h3>\u00bfPor qu\u00e9 imprimir cojines decorativos?<\/h3>\n<ul>\n<li>Elecci\u00f3n de seis tama\u00f1os<\/li>\n<li>Materiales para uso interior y exterior<\/li>\n<li>Personalice con su propia etiqueta<\/li>\n<li>Elija el color de la cremallera de su elecci\u00f3n<\/li>\n<li>Lavable a 30 grados<\/li>\n<\/ul>\n<p>&nbsp;<\/p>\n<h3>Tama\u00f1os y materiales<\/h3>\n<p>Nuestro coj\u00edn decorativo est\u00e1 disponible en 6 tama\u00f1os diferentes. Adem\u00e1s, puede elegir entre siete materiales de alta calidad para uso en interiores y un material repelente al agua para exteriores.<\/p>\n<ul>\n<li><strong>Pro Cotton Satin<\/strong>: Este algod\u00f3n de tejido fino con brillo satinado le da a su coj\u00edn un aspecto lujoso. Perfecto para un acabado elegante y sofisticado.<\/li>\n<li><strong>Pro Cotton Percal<\/strong>: Con una alta densidad de tejido, esta tela ofrece firmeza y durabilidad extra, ideal para el uso diario.<\/li>\n<li><strong>Dekostof<\/strong>: Este tejido de poli\u00e9ster flexible tiene una estructura fina y una apariencia potente. Cuenta con el certificado B1 de seguridad contra incendios.<\/li>\n<li><strong>Structex<\/strong>: Este tejido de poli\u00e9ster de gran calidad tiene un aspecto de algod\u00f3n lujoso, lo que lo convierte en un complemento refinado y elegante para su interior. Cuenta con el certificado B1 de seguridad contra incendios.<\/li>\n<li><strong>Velours<\/strong>: El poli\u00e9ster de alta calidad con pelo corto proporciona un aspecto suave como el terciopelo, perfecto para una presentaci\u00f3n elegante.<\/li>\n<li><strong>Mezo<\/strong>: Este algod\u00f3n de gran calidad con una estructura de tejido robusta y natural a\u00f1ade car\u00e1cter y textura a su espacio.<\/li>\n<li><strong>Kendal<\/strong>: Conocida por su durabilidad y versatilidad, esta tela es resistente al uso diario y mantiene su color y forma durante mucho tiempo.<\/li>\n<li><strong>ProPES Outdoor<\/strong>: Material repelente al agua y resistente al desgaste, perfecto para uso en exteriores.<\/li>\n<\/ul>\n<p>&nbsp;<\/p>\n<h3>Acabado de los cojines decorativos impresos<\/h3>\n<p>Ya sea que tenga su propio dise\u00f1o o elija un patr\u00f3n existente, su creatividad no tiene l\u00edmites. A\u00f1ada su propia etiqueta para un aspecto profesional. Esta etiqueta est\u00e1 hecha del mismo material que el coj\u00edn. Puede elegir entre hilo blanco o negro y una cremallera en blanco, negro o dorado. Esto le ofrece la posibilidad de adaptar completamente sus cojines a su interior.<\/p>\n<h3>Preguntas frecuentes sobre fundas de coj\u00edn impresas<\/h3>\n<p><strong>\u00bfPuedo ponerle una etiqueta a un coj\u00edn decorativo?<\/strong><br \/>\nS\u00ed, \u00a1es posible! Durante el proceso de pedido, puede elegir un coj\u00edn decorativo con etiqueta para ciertos materiales. Hemos puesto a su disposici\u00f3n plantillas especiales que puede encontrar en la secci\u00f3n de descargas.<\/p>\n<p><strong>\u00bfEl coj\u00edn se envasa al vac\u00edo?<\/strong><br \/>\nNo, el coj\u00edn no se envasa al vac\u00edo. Esto se hace para evitar arrugas y asegurar que el coj\u00edn llegue en \u00f3ptimas condiciones.<\/p>\n<p><strong>\u00bfSe puede lavar este producto?<\/strong><br \/>\nS\u00ed, no hay problema. Los cojines se pueden lavar a 30 grados cent\u00edgrados, incluso con el relleno incluido.<\/p>\n","protected":false},"excerpt":{"rendered":"<h3>Provisto de una impresi\u00f3n hermosa.<\/h3>\n<p>\u00bfImprimir cojines decorativos con su propio logotipo o dise\u00f1o? Aporte estilo y comodidad a su espacio vital con nuestros cojines decorativos impresos de alta calidad. Ya sea que busque un coj\u00edn decorativo completo, solo una funda o solo el relleno. Elija el tama\u00f1o deseado. \u00a1Incluso puede decidir el color de la cremallera! Configure a continuaci\u00f3n en pocos pasos su funda de coj\u00edn con impresi\u00f3n propia.<\/p>\n","protected":false},"featured_media":15374,"template":"","meta":{"_et_pb_use_builder":"","_et_pb_old_content":"","_et_gb_content_width":""},"product_brand":[],"product_cat":[565,545],"product_tag":[],"class_list":{"0":"post-15372","1":"product","2":"type-product","3":"status-publish","4":"has-post-thumbnail","6":"product_cat-casa-y-amp-industria-de-la-restauracion","7":"product_cat-interior","9":"first","10":"instock","11":"taxable","12":"shipping-taxable","13":"purchasable","14":"product-type-simple"},"yoast_head":"<!-- This site is optimized with the Yoast SEO plugin v27.3 - https:\/\/yoast.com\/product\/yoast-seo-wordpress\/ -->\n<title>Coj\u00edn decorativo | Amstel Printing<\/title>\n<meta name=\"robots\" content=\"index, follow, max-snippet:-1, max-image-preview:large, max-video-preview:-1\" \/>\n<link rel=\"canonical\" href=\"https:\/\/www.amstelprinting.nl\/es\/tienda\/interior\/casa-y-amp-industria-de-la-restauracion\/cojin-decorativo\/\" \/>\n<meta property=\"og:locale\" content=\"es_ES\" \/>\n<meta property=\"og:type\" content=\"article\" \/>\n<meta property=\"og:title\" content=\"Coj\u00edn decorativo | Amstel Printing\" \/>\n<meta property=\"og:description\" content=\"Provisto de una impresi\u00f3n hermosa. \u00bfImprimir cojines decorativos con su propio logotipo o dise\u00f1o? Aporte estilo y comodidad a su espacio vital con nuestros cojines decorativos impresos de alta calidad. Ya sea que busque un coj\u00edn decorativo completo, solo una funda o solo el relleno. Elija el tama\u00f1o deseado. \u00a1Incluso puede decidir el color de la cremallera! Configure a continuaci\u00f3n en pocos pasos su funda de coj\u00edn con impresi\u00f3n propia.\" \/>\n<meta property=\"og:url\" content=\"https:\/\/www.amstelprinting.nl\/es\/tienda\/interior\/casa-y-amp-industria-de-la-restauracion\/cojin-decorativo\/\" \/>\n<meta property=\"og:site_name\" content=\"Amstel Printing\" \/>\n<meta property=\"article:modified_time\" content=\"2026-02-18T11:48:38+00:00\" \/>\n<meta property=\"og:image\" content=\"https:\/\/www.amstelprinting.nl\/wp-content\/uploads\/Sierkussen3.jpg\" \/>\n\t<meta property=\"og:image:width\" content=\"700\" \/>\n\t<meta property=\"og:image:height\" content=\"700\" \/>\n\t<meta property=\"og:image:type\" content=\"image\/jpeg\" \/>\n<meta name=\"twitter:card\" content=\"summary_large_image\" \/>\n<meta name=\"twitter:label1\" content=\"Tiempo de lectura\" \/>\n\t<meta name=\"twitter:data1\" content=\"3 minutos\" \/>\n<script type=\"application\/ld+json\" class=\"yoast-schema-graph\">{\"@context\":\"https:\\\/\\\/schema.org\",\"@graph\":[{\"@type\":\"WebPage\",\"@id\":\"https:\\\/\\\/www.amstelprinting.nl\\\/es\\\/tienda\\\/interior\\\/casa-y-amp-industria-de-la-restauracion\\\/cojin-decorativo\\\/\",\"url\":\"https:\\\/\\\/www.amstelprinting.nl\\\/es\\\/tienda\\\/interior\\\/casa-y-amp-industria-de-la-restauracion\\\/cojin-decorativo\\\/\",\"name\":\"Coj\u00edn decorativo | Amstel Printing\",\"isPartOf\":{\"@id\":\"https:\\\/\\\/www.amstelprinting.nl\\\/es\\\/#website\"},\"primaryImageOfPage\":{\"@id\":\"https:\\\/\\\/www.amstelprinting.nl\\\/es\\\/tienda\\\/interior\\\/casa-y-amp-industria-de-la-restauracion\\\/cojin-decorativo\\\/#primaryimage\"},\"image\":{\"@id\":\"https:\\\/\\\/www.amstelprinting.nl\\\/es\\\/tienda\\\/interior\\\/casa-y-amp-industria-de-la-restauracion\\\/cojin-decorativo\\\/#primaryimage\"},\"thumbnailUrl\":\"https:\\\/\\\/www.amstelprinting.nl\\\/wp-content\\\/uploads\\\/Sierkussen3.jpg\",\"datePublished\":\"2025-01-23T20:02:19+00:00\",\"dateModified\":\"2026-02-18T11:48:38+00:00\",\"breadcrumb\":{\"@id\":\"https:\\\/\\\/www.amstelprinting.nl\\\/es\\\/tienda\\\/interior\\\/casa-y-amp-industria-de-la-restauracion\\\/cojin-decorativo\\\/#breadcrumb\"},\"inLanguage\":\"es\",\"potentialAction\":[{\"@type\":\"ReadAction\",\"target\":[\"https:\\\/\\\/www.amstelprinting.nl\\\/es\\\/tienda\\\/interior\\\/casa-y-amp-industria-de-la-restauracion\\\/cojin-decorativo\\\/\"]}]},{\"@type\":\"ImageObject\",\"inLanguage\":\"es\",\"@id\":\"https:\\\/\\\/www.amstelprinting.nl\\\/es\\\/tienda\\\/interior\\\/casa-y-amp-industria-de-la-restauracion\\\/cojin-decorativo\\\/#primaryimage\",\"url\":\"https:\\\/\\\/www.amstelprinting.nl\\\/wp-content\\\/uploads\\\/Sierkussen3.jpg\",\"contentUrl\":\"https:\\\/\\\/www.amstelprinting.nl\\\/wp-content\\\/uploads\\\/Sierkussen3.jpg\",\"width\":700,\"height\":700},{\"@type\":\"BreadcrumbList\",\"@id\":\"https:\\\/\\\/www.amstelprinting.nl\\\/es\\\/tienda\\\/interior\\\/casa-y-amp-industria-de-la-restauracion\\\/cojin-decorativo\\\/#breadcrumb\",\"itemListElement\":[{\"@type\":\"ListItem\",\"position\":1,\"name\":\"\",\"item\":\"https:\\\/\\\/www.amstelprinting.nl\\\/es\\\/\"},{\"@type\":\"ListItem\",\"position\":2,\"name\":\"Amstel Printing\",\"item\":\"https:\\\/\\\/www.amstelprinting.nl\\\/es\\\/comercio\\\/\"},{\"@type\":\"ListItem\",\"position\":3,\"name\":\"Interior\",\"item\":\"https:\\\/\\\/www.amstelprinting.nl\\\/es\\\/categor\u00eda\\\/interior\\\/\"},{\"@type\":\"ListItem\",\"position\":4,\"name\":\"Casa y amp; industria de la restauraci\u00f3n\",\"item\":\"https:\\\/\\\/www.amstelprinting.nl\\\/es\\\/categor\u00eda\\\/interior\\\/casa-y-amp-industria-de-la-restauracion\\\/\"},{\"@type\":\"ListItem\",\"position\":5,\"name\":\"Coj\u00edn decorativo\"}]},{\"@type\":\"WebSite\",\"@id\":\"https:\\\/\\\/www.amstelprinting.nl\\\/es\\\/#website\",\"url\":\"https:\\\/\\\/www.amstelprinting.nl\\\/es\\\/\",\"name\":\"Amstel Printing\",\"description\":\"Creating Exposure\",\"publisher\":{\"@id\":\"https:\\\/\\\/www.amstelprinting.nl\\\/es\\\/#organization\"},\"potentialAction\":[{\"@type\":\"SearchAction\",\"target\":{\"@type\":\"EntryPoint\",\"urlTemplate\":\"https:\\\/\\\/www.amstelprinting.nl\\\/es\\\/?s={search_term_string}\"},\"query-input\":{\"@type\":\"PropertyValueSpecification\",\"valueRequired\":true,\"valueName\":\"search_term_string\"}}],\"inLanguage\":\"es\"},{\"@type\":\"Organization\",\"@id\":\"https:\\\/\\\/www.amstelprinting.nl\\\/es\\\/#organization\",\"name\":\"Amstel Printing\",\"url\":\"https:\\\/\\\/www.amstelprinting.nl\\\/es\\\/\",\"logo\":{\"@type\":\"ImageObject\",\"inLanguage\":\"es\",\"@id\":\"https:\\\/\\\/www.amstelprinting.nl\\\/es\\\/#\\\/schema\\\/logo\\\/image\\\/\",\"url\":\"https:\\\/\\\/www.amstelprinting.nl\\\/wp-content\\\/uploads\\\/amstel_printing_logo_clean.png\",\"contentUrl\":\"https:\\\/\\\/www.amstelprinting.nl\\\/wp-content\\\/uploads\\\/amstel_printing_logo_clean.png\",\"width\":324,\"height\":73,\"caption\":\"Amstel Printing\"},\"image\":{\"@id\":\"https:\\\/\\\/www.amstelprinting.nl\\\/es\\\/#\\\/schema\\\/logo\\\/image\\\/\"}}]}<\/script>\n<!-- \/ Yoast SEO plugin. -->","yoast_head_json":{"title":"Coj\u00edn decorativo | Amstel Printing","robots":{"index":"index","follow":"follow","max-snippet":"max-snippet:-1","max-image-preview":"max-image-preview:large","max-video-preview":"max-video-preview:-1"},"canonical":"https:\/\/www.amstelprinting.nl\/es\/tienda\/interior\/casa-y-amp-industria-de-la-restauracion\/cojin-decorativo\/","og_locale":"es_ES","og_type":"article","og_title":"Coj\u00edn decorativo | Amstel Printing","og_description":"Provisto de una impresi\u00f3n hermosa. \u00bfImprimir cojines decorativos con su propio logotipo o dise\u00f1o? Aporte estilo y comodidad a su espacio vital con nuestros cojines decorativos impresos de alta calidad. Ya sea que busque un coj\u00edn decorativo completo, solo una funda o solo el relleno. Elija el tama\u00f1o deseado. \u00a1Incluso puede decidir el color de la cremallera! Configure a continuaci\u00f3n en pocos pasos su funda de coj\u00edn con impresi\u00f3n propia.","og_url":"https:\/\/www.amstelprinting.nl\/es\/tienda\/interior\/casa-y-amp-industria-de-la-restauracion\/cojin-decorativo\/","og_site_name":"Amstel Printing","article_modified_time":"2026-02-18T11:48:38+00:00","og_image":[{"width":700,"height":700,"url":"https:\/\/www.amstelprinting.nl\/wp-content\/uploads\/Sierkussen3.jpg","type":"image\/jpeg"}],"twitter_card":"summary_large_image","twitter_misc":{"Tiempo de lectura":"3 minutos"},"schema":{"@context":"https:\/\/schema.org","@graph":[{"@type":"WebPage","@id":"https:\/\/www.amstelprinting.nl\/es\/tienda\/interior\/casa-y-amp-industria-de-la-restauracion\/cojin-decorativo\/","url":"https:\/\/www.amstelprinting.nl\/es\/tienda\/interior\/casa-y-amp-industria-de-la-restauracion\/cojin-decorativo\/","name":"Coj\u00edn decorativo | Amstel Printing","isPartOf":{"@id":"https:\/\/www.amstelprinting.nl\/es\/#website"},"primaryImageOfPage":{"@id":"https:\/\/www.amstelprinting.nl\/es\/tienda\/interior\/casa-y-amp-industria-de-la-restauracion\/cojin-decorativo\/#primaryimage"},"image":{"@id":"https:\/\/www.amstelprinting.nl\/es\/tienda\/interior\/casa-y-amp-industria-de-la-restauracion\/cojin-decorativo\/#primaryimage"},"thumbnailUrl":"https:\/\/www.amstelprinting.nl\/wp-content\/uploads\/Sierkussen3.jpg","datePublished":"2025-01-23T20:02:19+00:00","dateModified":"2026-02-18T11:48:38+00:00","breadcrumb":{"@id":"https:\/\/www.amstelprinting.nl\/es\/tienda\/interior\/casa-y-amp-industria-de-la-restauracion\/cojin-decorativo\/#breadcrumb"},"inLanguage":"es","potentialAction":[{"@type":"ReadAction","target":["https:\/\/www.amstelprinting.nl\/es\/tienda\/interior\/casa-y-amp-industria-de-la-restauracion\/cojin-decorativo\/"]}]},{"@type":"ImageObject","inLanguage":"es","@id":"https:\/\/www.amstelprinting.nl\/es\/tienda\/interior\/casa-y-amp-industria-de-la-restauracion\/cojin-decorativo\/#primaryimage","url":"https:\/\/www.amstelprinting.nl\/wp-content\/uploads\/Sierkussen3.jpg","contentUrl":"https:\/\/www.amstelprinting.nl\/wp-content\/uploads\/Sierkussen3.jpg","width":700,"height":700},{"@type":"BreadcrumbList","@id":"https:\/\/www.amstelprinting.nl\/es\/tienda\/interior\/casa-y-amp-industria-de-la-restauracion\/cojin-decorativo\/#breadcrumb","itemListElement":[{"@type":"ListItem","position":1,"name":"","item":"https:\/\/www.amstelprinting.nl\/es\/"},{"@type":"ListItem","position":2,"name":"Amstel Printing","item":"https:\/\/www.amstelprinting.nl\/es\/comercio\/"},{"@type":"ListItem","position":3,"name":"Interior","item":"https:\/\/www.amstelprinting.nl\/es\/categor\u00eda\/interior\/"},{"@type":"ListItem","position":4,"name":"Casa y amp; industria de la restauraci\u00f3n","item":"https:\/\/www.amstelprinting.nl\/es\/categor\u00eda\/interior\/casa-y-amp-industria-de-la-restauracion\/"},{"@type":"ListItem","position":5,"name":"Coj\u00edn decorativo"}]},{"@type":"WebSite","@id":"https:\/\/www.amstelprinting.nl\/es\/#website","url":"https:\/\/www.amstelprinting.nl\/es\/","name":"Amstel Printing","description":"Creating Exposure","publisher":{"@id":"https:\/\/www.amstelprinting.nl\/es\/#organization"},"potentialAction":[{"@type":"SearchAction","target":{"@type":"EntryPoint","urlTemplate":"https:\/\/www.amstelprinting.nl\/es\/?s={search_term_string}"},"query-input":{"@type":"PropertyValueSpecification","valueRequired":true,"valueName":"search_term_string"}}],"inLanguage":"es"},{"@type":"Organization","@id":"https:\/\/www.amstelprinting.nl\/es\/#organization","name":"Amstel Printing","url":"https:\/\/www.amstelprinting.nl\/es\/","logo":{"@type":"ImageObject","inLanguage":"es","@id":"https:\/\/www.amstelprinting.nl\/es\/#\/schema\/logo\/image\/","url":"https:\/\/www.amstelprinting.nl\/wp-content\/uploads\/amstel_printing_logo_clean.png","contentUrl":"https:\/\/www.amstelprinting.nl\/wp-content\/uploads\/amstel_printing_logo_clean.png","width":324,"height":73,"caption":"Amstel Printing"},"image":{"@id":"https:\/\/www.amstelprinting.nl\/es\/#\/schema\/logo\/image\/"}}]}},"_links":{"self":[{"href":"https:\/\/www.amstelprinting.nl\/es\/wp-json\/wp\/v2\/product\/15372","targetHints":{"allow":["GET"]}}],"collection":[{"href":"https:\/\/www.amstelprinting.nl\/es\/wp-json\/wp\/v2\/product"}],"about":[{"href":"https:\/\/www.amstelprinting.nl\/es\/wp-json\/wp\/v2\/types\/product"}],"wp:featuredmedia":[{"embeddable":true,"href":"https:\/\/www.amstelprinting.nl\/es\/wp-json\/wp\/v2\/media\/15374"}],"wp:attachment":[{"href":"https:\/\/www.amstelprinting.nl\/es\/wp-json\/wp\/v2\/media?parent=15372"}],"wp:term":[{"taxonomy":"product_brand","embeddable":true,"href":"https:\/\/www.amstelprinting.nl\/es\/wp-json\/wp\/v2\/product_brand?post=15372"},{"taxonomy":"product_cat","embeddable":true,"href":"https:\/\/www.amstelprinting.nl\/es\/wp-json\/wp\/v2\/product_cat?post=15372"},{"taxonomy":"product_tag","embeddable":true,"href":"https:\/\/www.amstelprinting.nl\/es\/wp-json\/wp\/v2\/product_tag?post=15372"}],"curies":[{"name":"wp","href":"https:\/\/api.w.org\/{rel}","templated":true}]}}