{"id":15383,"date":"2025-01-23T21:02:13","date_gmt":"2025-01-23T20:02:13","guid":{"rendered":"https:\/\/www.amstelprinting.nl\/winkel\/sin%20categor\u00eda\/verkiezingsbord\/"},"modified":"2026-02-18T12:48:38","modified_gmt":"2026-02-18T11:48:38","slug":"cartel-electoral","status":"publish","type":"product","link":"https:\/\/www.amstelprinting.nl\/es\/tienda\/feria-y-evento\/decoracion\/cartel-electoral\/","title":{"rendered":"Cartel electoral"},"content":{"rendered":"<h3>Pedir carteles electorales<\/h3>\n<p>Los carteles electorales tambi\u00e9n se denominan carteles para farolas. Los carteles electorales tienen un alto valor de atenci\u00f3n debido a la gran impresi\u00f3n que es visible a ambos lados de la farola.<\/p>\n<h3>Impresi\u00f3n de carteles electorales: \u00bfc\u00f3mo funciona?<\/h3>\n<p>Con nuestra plantilla f\u00e1cil de usar, disponible en descargas, puede crear f\u00e1cilmente su propio dise\u00f1o. Ya sea que promocione un evento local o lance una campa\u00f1a m\u00e1s grande, los carteles electorales son la soluci\u00f3n perfecta para transmitir su mensaje con fuerza.<\/p>\n<h3>Ventajas de los carteles para farolas<\/h3>\n<ul>\n<li>Econ\u00f3mico gracias a tres formatos fijos<\/li>\n<li>Su dise\u00f1o se imprime con nitidez m\u00e1xima<\/li>\n<li>Su dise\u00f1o es visible por ambos lados<\/li>\n<li>Entrega r\u00e1pida (posible en 1 d\u00eda h\u00e1bil)<\/li>\n<li>Fabricado en polipropileno de alta calidad<\/li>\n<li>Sostenible: material 100% reciclable<\/li>\n<li>Equipado con orificios para una fijaci\u00f3n sencilla con bridas<\/li>\n<\/ul>\n<p>&nbsp;<\/p>\n<h3>Formatos y material<\/h3>\n<p>Tanto si necesita un cartel electoral peque\u00f1o para eventos locales como un cartel m\u00e1s grande para captar la atenci\u00f3n masiva, nuestros carteles electorales est\u00e1n disponibles en tres formatos pr\u00e1cticos: 140 x 100 cm, 120 x 80 cm y 170 x 120 cm. Fabricados en polipropileno de alta calidad, nuestros carteles electorales son ligeros y duraderos. La estructura ligeramente estriada por los canales proporciona una resistencia adicional, lo que hace que sus carteles electorales sean resistentes a diversas condiciones clim\u00e1ticas y ofrezcan una larga vida \u00fatil.<\/p>\n<h3>Acabado y accesorios<\/h3>\n<p>Los paneles cuentan con 14 orificios preperforados. A\u00f1ada bridas blancas o negras a su pedido para poder fijar el cartel electoral.<\/p>\n","protected":false},"excerpt":{"rendered":"<h3>Para fijaci\u00f3n en una farola<\/h3>\n<p>Prep\u00e1rese para las elecciones con nuestros carteles electorales profesionales. Ideales para promocionar su campa\u00f1a y llegar a sus votantes. Los carteles electorales (carteles para farolas) llaman la atenci\u00f3n de inmediato. F\u00edjelos en un abrir y cerrar de ojos a una farola (con bridas). Su dise\u00f1o es visible por <strong>ambos lados<\/strong>. Formatos disponibles: <strong>70 x 100 cm<\/strong>, <strong>120 x 80 cm<\/strong> o <strong>170 x 120 cm<\/strong>. Los pedidos realizados hoy suelen entregarse al d\u00eda siguiente.<\/p>\n","protected":false},"featured_media":15384,"template":"","meta":{"_et_pb_use_builder":"","_et_pb_old_content":"","_et_gb_content_width":""},"product_brand":[],"product_cat":[423,431],"product_tag":[],"class_list":{"0":"post-15383","1":"product","2":"type-product","3":"status-publish","4":"has-post-thumbnail","6":"product_cat-decoracion","7":"product_cat-feria-y-evento","9":"first","10":"instock","11":"taxable","12":"shipping-taxable","13":"purchasable","14":"product-type-simple"},"yoast_head":"<!-- This site is optimized with the Yoast SEO plugin v27.3 - https:\/\/yoast.com\/product\/yoast-seo-wordpress\/ -->\n<title>Comprar cartel electoral - Sostenible y m\u00e1xima visibilidad<\/title>\n<meta name=\"description\" content=\"Pida hoy mismo su cartel electoral profesional y llegue directamente a los votantes con una impresi\u00f3n a doble cara n\u00edtida. Formatos econ\u00f3micos y entrega r\u00e1pida\" \/>\n<meta name=\"robots\" content=\"index, follow, max-snippet:-1, max-image-preview:large, max-video-preview:-1\" \/>\n<link rel=\"canonical\" href=\"https:\/\/www.amstelprinting.nl\/es\/tienda\/feria-y-evento\/decoracion\/cartel-electoral\/\" \/>\n<meta property=\"og:locale\" content=\"es_ES\" \/>\n<meta property=\"og:type\" content=\"article\" \/>\n<meta property=\"og:title\" content=\"Comprar cartel electoral - Sostenible y m\u00e1xima visibilidad\" \/>\n<meta property=\"og:description\" content=\"Pida hoy mismo su cartel electoral profesional y llegue directamente a los votantes con una impresi\u00f3n a doble cara n\u00edtida. Formatos econ\u00f3micos y entrega r\u00e1pida\" \/>\n<meta property=\"og:url\" content=\"https:\/\/www.amstelprinting.nl\/es\/tienda\/feria-y-evento\/decoracion\/cartel-electoral\/\" \/>\n<meta property=\"og:site_name\" content=\"Amstel Printing\" \/>\n<meta property=\"article:modified_time\" content=\"2026-02-18T11:48:38+00:00\" \/>\n<meta property=\"og:image\" content=\"https:\/\/www.amstelprinting.nl\/wp-content\/uploads\/verkiezingbord-bedrukken.png\" \/>\n\t<meta property=\"og:image:width\" content=\"700\" \/>\n\t<meta property=\"og:image:height\" content=\"700\" \/>\n\t<meta property=\"og:image:type\" content=\"image\/png\" \/>\n<meta name=\"twitter:card\" content=\"summary_large_image\" \/>\n<meta name=\"twitter:label1\" content=\"Tiempo de lectura\" \/>\n\t<meta name=\"twitter:data1\" content=\"1 minuto\" \/>\n<script type=\"application\/ld+json\" class=\"yoast-schema-graph\">{\"@context\":\"https:\\\/\\\/schema.org\",\"@graph\":[{\"@type\":\"WebPage\",\"@id\":\"https:\\\/\\\/www.amstelprinting.nl\\\/es\\\/tienda\\\/feria-y-evento\\\/decoracion\\\/cartel-electoral\\\/\",\"url\":\"https:\\\/\\\/www.amstelprinting.nl\\\/es\\\/tienda\\\/feria-y-evento\\\/decoracion\\\/cartel-electoral\\\/\",\"name\":\"Comprar cartel electoral - Sostenible y m\u00e1xima visibilidad\",\"isPartOf\":{\"@id\":\"https:\\\/\\\/www.amstelprinting.nl\\\/es\\\/#website\"},\"primaryImageOfPage\":{\"@id\":\"https:\\\/\\\/www.amstelprinting.nl\\\/es\\\/tienda\\\/feria-y-evento\\\/decoracion\\\/cartel-electoral\\\/#primaryimage\"},\"image\":{\"@id\":\"https:\\\/\\\/www.amstelprinting.nl\\\/es\\\/tienda\\\/feria-y-evento\\\/decoracion\\\/cartel-electoral\\\/#primaryimage\"},\"thumbnailUrl\":\"https:\\\/\\\/www.amstelprinting.nl\\\/wp-content\\\/uploads\\\/verkiezingbord-bedrukken.png\",\"datePublished\":\"2025-01-23T20:02:13+00:00\",\"dateModified\":\"2026-02-18T11:48:38+00:00\",\"description\":\"Pida hoy mismo su cartel electoral profesional y llegue directamente a los votantes con una impresi\u00f3n a doble cara n\u00edtida. Formatos econ\u00f3micos y entrega r\u00e1pida\",\"breadcrumb\":{\"@id\":\"https:\\\/\\\/www.amstelprinting.nl\\\/es\\\/tienda\\\/feria-y-evento\\\/decoracion\\\/cartel-electoral\\\/#breadcrumb\"},\"inLanguage\":\"es\",\"potentialAction\":[{\"@type\":\"ReadAction\",\"target\":[\"https:\\\/\\\/www.amstelprinting.nl\\\/es\\\/tienda\\\/feria-y-evento\\\/decoracion\\\/cartel-electoral\\\/\"]}]},{\"@type\":\"ImageObject\",\"inLanguage\":\"es\",\"@id\":\"https:\\\/\\\/www.amstelprinting.nl\\\/es\\\/tienda\\\/feria-y-evento\\\/decoracion\\\/cartel-electoral\\\/#primaryimage\",\"url\":\"https:\\\/\\\/www.amstelprinting.nl\\\/wp-content\\\/uploads\\\/verkiezingbord-bedrukken.png\",\"contentUrl\":\"https:\\\/\\\/www.amstelprinting.nl\\\/wp-content\\\/uploads\\\/verkiezingbord-bedrukken.png\",\"width\":700,\"height\":700},{\"@type\":\"BreadcrumbList\",\"@id\":\"https:\\\/\\\/www.amstelprinting.nl\\\/es\\\/tienda\\\/feria-y-evento\\\/decoracion\\\/cartel-electoral\\\/#breadcrumb\",\"itemListElement\":[{\"@type\":\"ListItem\",\"position\":1,\"name\":\"\",\"item\":\"https:\\\/\\\/www.amstelprinting.nl\\\/es\\\/\"},{\"@type\":\"ListItem\",\"position\":2,\"name\":\"Amstel Printing\",\"item\":\"https:\\\/\\\/www.amstelprinting.nl\\\/es\\\/comercio\\\/\"},{\"@type\":\"ListItem\",\"position\":3,\"name\":\"Feria y evento\",\"item\":\"https:\\\/\\\/www.amstelprinting.nl\\\/es\\\/categor\u00eda\\\/feria-y-evento\\\/\"},{\"@type\":\"ListItem\",\"position\":4,\"name\":\"Decoraci\u00f3n\",\"item\":\"https:\\\/\\\/www.amstelprinting.nl\\\/es\\\/categor\u00eda\\\/feria-y-evento\\\/decoracion\\\/\"},{\"@type\":\"ListItem\",\"position\":5,\"name\":\"Cartel electoral\"}]},{\"@type\":\"WebSite\",\"@id\":\"https:\\\/\\\/www.amstelprinting.nl\\\/es\\\/#website\",\"url\":\"https:\\\/\\\/www.amstelprinting.nl\\\/es\\\/\",\"name\":\"Amstel Printing\",\"description\":\"Creating Exposure\",\"publisher\":{\"@id\":\"https:\\\/\\\/www.amstelprinting.nl\\\/es\\\/#organization\"},\"potentialAction\":[{\"@type\":\"SearchAction\",\"target\":{\"@type\":\"EntryPoint\",\"urlTemplate\":\"https:\\\/\\\/www.amstelprinting.nl\\\/es\\\/?s={search_term_string}\"},\"query-input\":{\"@type\":\"PropertyValueSpecification\",\"valueRequired\":true,\"valueName\":\"search_term_string\"}}],\"inLanguage\":\"es\"},{\"@type\":\"Organization\",\"@id\":\"https:\\\/\\\/www.amstelprinting.nl\\\/es\\\/#organization\",\"name\":\"Amstel Printing\",\"url\":\"https:\\\/\\\/www.amstelprinting.nl\\\/es\\\/\",\"logo\":{\"@type\":\"ImageObject\",\"inLanguage\":\"es\",\"@id\":\"https:\\\/\\\/www.amstelprinting.nl\\\/es\\\/#\\\/schema\\\/logo\\\/image\\\/\",\"url\":\"https:\\\/\\\/www.amstelprinting.nl\\\/wp-content\\\/uploads\\\/amstel_printing_logo_clean.png\",\"contentUrl\":\"https:\\\/\\\/www.amstelprinting.nl\\\/wp-content\\\/uploads\\\/amstel_printing_logo_clean.png\",\"width\":324,\"height\":73,\"caption\":\"Amstel Printing\"},\"image\":{\"@id\":\"https:\\\/\\\/www.amstelprinting.nl\\\/es\\\/#\\\/schema\\\/logo\\\/image\\\/\"}}]}<\/script>\n<!-- \/ Yoast SEO plugin. -->","yoast_head_json":{"title":"Comprar cartel electoral - Sostenible y m\u00e1xima visibilidad","description":"Pida hoy mismo su cartel electoral profesional y llegue directamente a los votantes con una impresi\u00f3n a doble cara n\u00edtida. Formatos econ\u00f3micos y entrega r\u00e1pida","robots":{"index":"index","follow":"follow","max-snippet":"max-snippet:-1","max-image-preview":"max-image-preview:large","max-video-preview":"max-video-preview:-1"},"canonical":"https:\/\/www.amstelprinting.nl\/es\/tienda\/feria-y-evento\/decoracion\/cartel-electoral\/","og_locale":"es_ES","og_type":"article","og_title":"Comprar cartel electoral - Sostenible y m\u00e1xima visibilidad","og_description":"Pida hoy mismo su cartel electoral profesional y llegue directamente a los votantes con una impresi\u00f3n a doble cara n\u00edtida. Formatos econ\u00f3micos y entrega r\u00e1pida","og_url":"https:\/\/www.amstelprinting.nl\/es\/tienda\/feria-y-evento\/decoracion\/cartel-electoral\/","og_site_name":"Amstel Printing","article_modified_time":"2026-02-18T11:48:38+00:00","og_image":[{"width":700,"height":700,"url":"https:\/\/www.amstelprinting.nl\/wp-content\/uploads\/verkiezingbord-bedrukken.png","type":"image\/png"}],"twitter_card":"summary_large_image","twitter_misc":{"Tiempo de lectura":"1 minuto"},"schema":{"@context":"https:\/\/schema.org","@graph":[{"@type":"WebPage","@id":"https:\/\/www.amstelprinting.nl\/es\/tienda\/feria-y-evento\/decoracion\/cartel-electoral\/","url":"https:\/\/www.amstelprinting.nl\/es\/tienda\/feria-y-evento\/decoracion\/cartel-electoral\/","name":"Comprar cartel electoral - Sostenible y m\u00e1xima visibilidad","isPartOf":{"@id":"https:\/\/www.amstelprinting.nl\/es\/#website"},"primaryImageOfPage":{"@id":"https:\/\/www.amstelprinting.nl\/es\/tienda\/feria-y-evento\/decoracion\/cartel-electoral\/#primaryimage"},"image":{"@id":"https:\/\/www.amstelprinting.nl\/es\/tienda\/feria-y-evento\/decoracion\/cartel-electoral\/#primaryimage"},"thumbnailUrl":"https:\/\/www.amstelprinting.nl\/wp-content\/uploads\/verkiezingbord-bedrukken.png","datePublished":"2025-01-23T20:02:13+00:00","dateModified":"2026-02-18T11:48:38+00:00","description":"Pida hoy mismo su cartel electoral profesional y llegue directamente a los votantes con una impresi\u00f3n a doble cara n\u00edtida. Formatos econ\u00f3micos y entrega r\u00e1pida","breadcrumb":{"@id":"https:\/\/www.amstelprinting.nl\/es\/tienda\/feria-y-evento\/decoracion\/cartel-electoral\/#breadcrumb"},"inLanguage":"es","potentialAction":[{"@type":"ReadAction","target":["https:\/\/www.amstelprinting.nl\/es\/tienda\/feria-y-evento\/decoracion\/cartel-electoral\/"]}]},{"@type":"ImageObject","inLanguage":"es","@id":"https:\/\/www.amstelprinting.nl\/es\/tienda\/feria-y-evento\/decoracion\/cartel-electoral\/#primaryimage","url":"https:\/\/www.amstelprinting.nl\/wp-content\/uploads\/verkiezingbord-bedrukken.png","contentUrl":"https:\/\/www.amstelprinting.nl\/wp-content\/uploads\/verkiezingbord-bedrukken.png","width":700,"height":700},{"@type":"BreadcrumbList","@id":"https:\/\/www.amstelprinting.nl\/es\/tienda\/feria-y-evento\/decoracion\/cartel-electoral\/#breadcrumb","itemListElement":[{"@type":"ListItem","position":1,"name":"","item":"https:\/\/www.amstelprinting.nl\/es\/"},{"@type":"ListItem","position":2,"name":"Amstel Printing","item":"https:\/\/www.amstelprinting.nl\/es\/comercio\/"},{"@type":"ListItem","position":3,"name":"Feria y evento","item":"https:\/\/www.amstelprinting.nl\/es\/categor\u00eda\/feria-y-evento\/"},{"@type":"ListItem","position":4,"name":"Decoraci\u00f3n","item":"https:\/\/www.amstelprinting.nl\/es\/categor\u00eda\/feria-y-evento\/decoracion\/"},{"@type":"ListItem","position":5,"name":"Cartel electoral"}]},{"@type":"WebSite","@id":"https:\/\/www.amstelprinting.nl\/es\/#website","url":"https:\/\/www.amstelprinting.nl\/es\/","name":"Amstel Printing","description":"Creating Exposure","publisher":{"@id":"https:\/\/www.amstelprinting.nl\/es\/#organization"},"potentialAction":[{"@type":"SearchAction","target":{"@type":"EntryPoint","urlTemplate":"https:\/\/www.amstelprinting.nl\/es\/?s={search_term_string}"},"query-input":{"@type":"PropertyValueSpecification","valueRequired":true,"valueName":"search_term_string"}}],"inLanguage":"es"},{"@type":"Organization","@id":"https:\/\/www.amstelprinting.nl\/es\/#organization","name":"Amstel Printing","url":"https:\/\/www.amstelprinting.nl\/es\/","logo":{"@type":"ImageObject","inLanguage":"es","@id":"https:\/\/www.amstelprinting.nl\/es\/#\/schema\/logo\/image\/","url":"https:\/\/www.amstelprinting.nl\/wp-content\/uploads\/amstel_printing_logo_clean.png","contentUrl":"https:\/\/www.amstelprinting.nl\/wp-content\/uploads\/amstel_printing_logo_clean.png","width":324,"height":73,"caption":"Amstel Printing"},"image":{"@id":"https:\/\/www.amstelprinting.nl\/es\/#\/schema\/logo\/image\/"}}]}},"_links":{"self":[{"href":"https:\/\/www.amstelprinting.nl\/es\/wp-json\/wp\/v2\/product\/15383","targetHints":{"allow":["GET"]}}],"collection":[{"href":"https:\/\/www.amstelprinting.nl\/es\/wp-json\/wp\/v2\/product"}],"about":[{"href":"https:\/\/www.amstelprinting.nl\/es\/wp-json\/wp\/v2\/types\/product"}],"wp:featuredmedia":[{"embeddable":true,"href":"https:\/\/www.amstelprinting.nl\/es\/wp-json\/wp\/v2\/media\/15384"}],"wp:attachment":[{"href":"https:\/\/www.amstelprinting.nl\/es\/wp-json\/wp\/v2\/media?parent=15383"}],"wp:term":[{"taxonomy":"product_brand","embeddable":true,"href":"https:\/\/www.amstelprinting.nl\/es\/wp-json\/wp\/v2\/product_brand?post=15383"},{"taxonomy":"product_cat","embeddable":true,"href":"https:\/\/www.amstelprinting.nl\/es\/wp-json\/wp\/v2\/product_cat?post=15383"},{"taxonomy":"product_tag","embeddable":true,"href":"https:\/\/www.amstelprinting.nl\/es\/wp-json\/wp\/v2\/product_tag?post=15383"}],"curies":[{"name":"wp","href":"https:\/\/api.w.org\/{rel}","templated":true}]}}