{"id":15397,"date":"2025-01-23T21:02:08","date_gmt":"2025-01-23T20:02:08","guid":{"rendered":"https:\/\/www.amstelprinting.nl\/winkel\/sin%20categor\u00eda\/foto-op-paneel-2\/"},"modified":"2026-02-18T12:48:39","modified_gmt":"2026-02-18T11:48:39","slug":"foto-en-panel","status":"publish","type":"product","link":"https:\/\/www.amstelprinting.nl\/es\/tienda\/interior\/productos-fotograficos\/foto-en-panel\/","title":{"rendered":"Foto en panel"},"content":{"rendered":"<p>Con la posibilidad de utilizar un dise\u00f1o propio o un patr\u00f3n existente, puede personalizar completamente su foto en panel seg\u00fan sus deseos. Ya se trate de fotos familiares, obras de arte o logotipos de empresa, nos aseguramos de que su panel luzca exactamente como lo ha imaginado.<\/p>\n<h3>\u00bfPor qu\u00e9 pedir paneles fotogr\u00e1ficos?<\/h3>\n<ul>\n<li>Personalizado con su propio dise\u00f1o<\/li>\n<li>Elecci\u00f3n entre una amplia gama de tama\u00f1os y materiales<\/li>\n<li>Especialmente econ\u00f3mico gracias a los 13 tama\u00f1os est\u00e1ndar<\/li>\n<li>Materiales con certificado B1 de seguridad contra incendios<\/li>\n<li>Personalice su panel con su propio dise\u00f1o o patr\u00f3n<\/li>\n<li>F\u00e1cil de colgar con el material de montaje adecuado<\/li>\n<\/ul>\n<p>&nbsp;<\/p>\n<h3>5 materiales diferentes<\/h3>\n<p>Ofrecemos una gama de materiales que se adaptan a diferentes tama\u00f1os y grosores, para que pueda tomar la decisi\u00f3n perfecta para su foto en panel:<\/p>\n<ul>\n<li><strong>Dibond\u00ae<\/strong>:<br \/>\nEste panel tiene un n\u00facleo de aluminio y una capa superior blanca, lo que lo hace adecuado tanto para uso en interiores como en exteriores. Con el certificado B1 de seguridad contra incendios, es una opci\u00f3n segura para cualquier entorno.<\/li>\n<li><strong>Dibond\u00ae Butler Finish<\/strong>:<br \/>\nPara una apariencia elegante y moderna, elija este panel s\u00e1ndwich de aluminio con n\u00facleo negro y aspecto de acero inoxidable cepillado. Este material tambi\u00e9n cuenta con la certificaci\u00f3n B1 de seguridad contra incendios y es apto para diversas aplicaciones.<\/li>\n<li><strong>Forex\u00ae<\/strong>:<br \/>\nEste material de PVC espumado ligero es ideal para uso en interiores. Es f\u00e1cil de manejar y ofrece un acabado impecable y profesional. Forex\u00ae tambi\u00e9n cuenta con la certificaci\u00f3n B1 de seguridad contra incendios.<\/li>\n<li><strong>Plexiglas<\/strong>:<br \/>\nEste material transparente le da a su foto un aspecto moderno y es adecuado tanto para uso en interiores como en exteriores. Tenga en cuenta que el plexigl\u00e1s es sensible a los ara\u00f1azos, por lo que se recomienda precauci\u00f3n al colocarlo.<\/li>\n<li><strong>Contrachapado<\/strong>:<br \/>\nFabricado con madera de \u00e1lamo respetuosa con el medio ambiente, el contrachapado ofrece un aspecto natural y c\u00e1lido, perfecto para uso en interiores. Este material es ideal para quienes desean realizar una elecci\u00f3n ecol\u00f3gicamente responsable.<\/li>\n<\/ul>\n<p>&nbsp;<\/p>\n<h3>Elija el acabado adecuado<\/h3>\n<p>Si lo desea, nuestros paneles pueden venir con orificios perforados, lo que los hace f\u00e1ciles de montar. Esto permite colgar su panel fotogr\u00e1fico de forma r\u00e1pida y sin complicaciones.<\/p>\n<h3>C\u00f3mo fijar el panel fotogr\u00e1fico<\/h3>\n<p>Para fijar su foto en panel de la mejor manera, ofrecemos varios accesorios, como placas de suspensi\u00f3n y distanciadores.<\/p>\n<h3>Preguntas frecuentes<\/h3>\n<p><strong>\u00bfCu\u00e1l es la mejor manera de limpiar un panel?<\/strong><br \/>\nPuede limpiar sus paneles f\u00e1cilmente con un detergente suave. Tenga en cuenta que, debido a la t\u00e9cnica de impresi\u00f3n UV, la tinta se asienta sobre la superficie, lo que significa que un tratamiento demasiado brusco puede da\u00f1ar la superficie y la tinta. Para una protecci\u00f3n adicional contra ara\u00f1azos, puede solicitar un recubrimiento para sus paneles Dibond\u00ae.<\/p>\n<p><strong>\u00bfCu\u00e1les son las ventajas de un recubrimiento?<\/strong><br \/>\nUn recubrimiento en su material de placa ofrece varias ventajas. Proporciona una mayor intensidad de color y ofrece una mejor protecci\u00f3n contra los factores ambientales, lo que hace que su impresi\u00f3n luzca bien por m\u00e1s tiempo.<\/p>\n","protected":false},"excerpt":{"rendered":"<h3>D\u00e9 vida a su foto. Impresiones n\u00edtidas para la pared.<\/h3>\n<p>D\u00e9 vida a sus fotos favoritas con nuestros paneles fotogr\u00e1ficos de alta calidad. Ideales tanto para el hogar como para la oficina. Los paneles fotogr\u00e1ficos ofrecen una forma elegante y duradera de presentar sus recuerdos u obras de arte. Elija entre diversos materiales y acabados para crear el aspecto perfecto para su espacio. A menudo se entrega en el plazo de 1 d\u00eda.<\/p>\n","protected":false},"featured_media":15399,"template":"","meta":{"_et_pb_use_builder":"","_et_pb_old_content":"","_et_gb_content_width":""},"product_brand":[],"product_cat":[545,561],"product_tag":[],"class_list":{"0":"post-15397","1":"product","2":"type-product","3":"status-publish","4":"has-post-thumbnail","6":"product_cat-interior","7":"product_cat-productos-fotograficos","9":"first","10":"instock","11":"taxable","12":"shipping-taxable","13":"purchasable","14":"product-type-simple"},"yoast_head":"<!-- This site is optimized with the Yoast SEO plugin v27.3 - https:\/\/yoast.com\/product\/yoast-seo-wordpress\/ -->\n<title>Foto en panel | Amstel Printing<\/title>\n<meta name=\"robots\" content=\"index, follow, max-snippet:-1, max-image-preview:large, max-video-preview:-1\" \/>\n<link rel=\"canonical\" href=\"https:\/\/www.amstelprinting.nl\/es\/tienda\/interior\/productos-fotograficos\/foto-en-panel\/\" \/>\n<meta property=\"og:locale\" content=\"es_ES\" \/>\n<meta property=\"og:type\" content=\"article\" \/>\n<meta property=\"og:title\" content=\"Foto en panel | Amstel Printing\" \/>\n<meta property=\"og:description\" content=\"D\u00e9 vida a su foto. Impresiones n\u00edtidas para la pared. D\u00e9 vida a sus fotos favoritas con nuestros paneles fotogr\u00e1ficos de alta calidad. Ideales tanto para el hogar como para la oficina. Los paneles fotogr\u00e1ficos ofrecen una forma elegante y duradera de presentar sus recuerdos u obras de arte. Elija entre diversos materiales y acabados para crear el aspecto perfecto para su espacio. A menudo se entrega en el plazo de 1 d\u00eda.\" \/>\n<meta property=\"og:url\" content=\"https:\/\/www.amstelprinting.nl\/es\/tienda\/interior\/productos-fotograficos\/foto-en-panel\/\" \/>\n<meta property=\"og:site_name\" content=\"Amstel Printing\" \/>\n<meta property=\"article:modified_time\" content=\"2026-02-18T11:48:39+00:00\" \/>\n<meta property=\"og:image\" content=\"https:\/\/www.amstelprinting.nl\/wp-content\/uploads\/Foto-op-paneel2.jpg\" \/>\n\t<meta property=\"og:image:width\" content=\"700\" \/>\n\t<meta property=\"og:image:height\" content=\"700\" \/>\n\t<meta property=\"og:image:type\" content=\"image\/jpeg\" \/>\n<meta name=\"twitter:card\" content=\"summary_large_image\" \/>\n<meta name=\"twitter:label1\" content=\"Tiempo de lectura\" \/>\n\t<meta name=\"twitter:data1\" content=\"3 minutos\" \/>\n<script type=\"application\/ld+json\" class=\"yoast-schema-graph\">{\"@context\":\"https:\\\/\\\/schema.org\",\"@graph\":[{\"@type\":\"WebPage\",\"@id\":\"https:\\\/\\\/www.amstelprinting.nl\\\/es\\\/tienda\\\/interior\\\/productos-fotograficos\\\/foto-en-panel\\\/\",\"url\":\"https:\\\/\\\/www.amstelprinting.nl\\\/es\\\/tienda\\\/interior\\\/productos-fotograficos\\\/foto-en-panel\\\/\",\"name\":\"Foto en panel | Amstel Printing\",\"isPartOf\":{\"@id\":\"https:\\\/\\\/www.amstelprinting.nl\\\/es\\\/#website\"},\"primaryImageOfPage\":{\"@id\":\"https:\\\/\\\/www.amstelprinting.nl\\\/es\\\/tienda\\\/interior\\\/productos-fotograficos\\\/foto-en-panel\\\/#primaryimage\"},\"image\":{\"@id\":\"https:\\\/\\\/www.amstelprinting.nl\\\/es\\\/tienda\\\/interior\\\/productos-fotograficos\\\/foto-en-panel\\\/#primaryimage\"},\"thumbnailUrl\":\"https:\\\/\\\/www.amstelprinting.nl\\\/wp-content\\\/uploads\\\/Foto-op-paneel2.jpg\",\"datePublished\":\"2025-01-23T20:02:08+00:00\",\"dateModified\":\"2026-02-18T11:48:39+00:00\",\"breadcrumb\":{\"@id\":\"https:\\\/\\\/www.amstelprinting.nl\\\/es\\\/tienda\\\/interior\\\/productos-fotograficos\\\/foto-en-panel\\\/#breadcrumb\"},\"inLanguage\":\"es\",\"potentialAction\":[{\"@type\":\"ReadAction\",\"target\":[\"https:\\\/\\\/www.amstelprinting.nl\\\/es\\\/tienda\\\/interior\\\/productos-fotograficos\\\/foto-en-panel\\\/\"]}]},{\"@type\":\"ImageObject\",\"inLanguage\":\"es\",\"@id\":\"https:\\\/\\\/www.amstelprinting.nl\\\/es\\\/tienda\\\/interior\\\/productos-fotograficos\\\/foto-en-panel\\\/#primaryimage\",\"url\":\"https:\\\/\\\/www.amstelprinting.nl\\\/wp-content\\\/uploads\\\/Foto-op-paneel2.jpg\",\"contentUrl\":\"https:\\\/\\\/www.amstelprinting.nl\\\/wp-content\\\/uploads\\\/Foto-op-paneel2.jpg\",\"width\":700,\"height\":700},{\"@type\":\"BreadcrumbList\",\"@id\":\"https:\\\/\\\/www.amstelprinting.nl\\\/es\\\/tienda\\\/interior\\\/productos-fotograficos\\\/foto-en-panel\\\/#breadcrumb\",\"itemListElement\":[{\"@type\":\"ListItem\",\"position\":1,\"name\":\"\",\"item\":\"https:\\\/\\\/www.amstelprinting.nl\\\/es\\\/\"},{\"@type\":\"ListItem\",\"position\":2,\"name\":\"Amstel Printing\",\"item\":\"https:\\\/\\\/www.amstelprinting.nl\\\/es\\\/comercio\\\/\"},{\"@type\":\"ListItem\",\"position\":3,\"name\":\"Interior\",\"item\":\"https:\\\/\\\/www.amstelprinting.nl\\\/es\\\/categor\u00eda\\\/interior\\\/\"},{\"@type\":\"ListItem\",\"position\":4,\"name\":\"Productos fotogr\u00e1ficos\",\"item\":\"https:\\\/\\\/www.amstelprinting.nl\\\/es\\\/categor\u00eda\\\/interior\\\/productos-fotograficos\\\/\"},{\"@type\":\"ListItem\",\"position\":5,\"name\":\"Foto en panel\"}]},{\"@type\":\"WebSite\",\"@id\":\"https:\\\/\\\/www.amstelprinting.nl\\\/es\\\/#website\",\"url\":\"https:\\\/\\\/www.amstelprinting.nl\\\/es\\\/\",\"name\":\"Amstel Printing\",\"description\":\"Creating Exposure\",\"publisher\":{\"@id\":\"https:\\\/\\\/www.amstelprinting.nl\\\/es\\\/#organization\"},\"potentialAction\":[{\"@type\":\"SearchAction\",\"target\":{\"@type\":\"EntryPoint\",\"urlTemplate\":\"https:\\\/\\\/www.amstelprinting.nl\\\/es\\\/?s={search_term_string}\"},\"query-input\":{\"@type\":\"PropertyValueSpecification\",\"valueRequired\":true,\"valueName\":\"search_term_string\"}}],\"inLanguage\":\"es\"},{\"@type\":\"Organization\",\"@id\":\"https:\\\/\\\/www.amstelprinting.nl\\\/es\\\/#organization\",\"name\":\"Amstel Printing\",\"url\":\"https:\\\/\\\/www.amstelprinting.nl\\\/es\\\/\",\"logo\":{\"@type\":\"ImageObject\",\"inLanguage\":\"es\",\"@id\":\"https:\\\/\\\/www.amstelprinting.nl\\\/es\\\/#\\\/schema\\\/logo\\\/image\\\/\",\"url\":\"https:\\\/\\\/www.amstelprinting.nl\\\/wp-content\\\/uploads\\\/amstel_printing_logo_clean.png\",\"contentUrl\":\"https:\\\/\\\/www.amstelprinting.nl\\\/wp-content\\\/uploads\\\/amstel_printing_logo_clean.png\",\"width\":324,\"height\":73,\"caption\":\"Amstel Printing\"},\"image\":{\"@id\":\"https:\\\/\\\/www.amstelprinting.nl\\\/es\\\/#\\\/schema\\\/logo\\\/image\\\/\"}}]}<\/script>\n<!-- \/ Yoast SEO plugin. -->","yoast_head_json":{"title":"Foto en panel | Amstel Printing","robots":{"index":"index","follow":"follow","max-snippet":"max-snippet:-1","max-image-preview":"max-image-preview:large","max-video-preview":"max-video-preview:-1"},"canonical":"https:\/\/www.amstelprinting.nl\/es\/tienda\/interior\/productos-fotograficos\/foto-en-panel\/","og_locale":"es_ES","og_type":"article","og_title":"Foto en panel | Amstel Printing","og_description":"D\u00e9 vida a su foto. Impresiones n\u00edtidas para la pared. D\u00e9 vida a sus fotos favoritas con nuestros paneles fotogr\u00e1ficos de alta calidad. Ideales tanto para el hogar como para la oficina. Los paneles fotogr\u00e1ficos ofrecen una forma elegante y duradera de presentar sus recuerdos u obras de arte. Elija entre diversos materiales y acabados para crear el aspecto perfecto para su espacio. A menudo se entrega en el plazo de 1 d\u00eda.","og_url":"https:\/\/www.amstelprinting.nl\/es\/tienda\/interior\/productos-fotograficos\/foto-en-panel\/","og_site_name":"Amstel Printing","article_modified_time":"2026-02-18T11:48:39+00:00","og_image":[{"width":700,"height":700,"url":"https:\/\/www.amstelprinting.nl\/wp-content\/uploads\/Foto-op-paneel2.jpg","type":"image\/jpeg"}],"twitter_card":"summary_large_image","twitter_misc":{"Tiempo de lectura":"3 minutos"},"schema":{"@context":"https:\/\/schema.org","@graph":[{"@type":"WebPage","@id":"https:\/\/www.amstelprinting.nl\/es\/tienda\/interior\/productos-fotograficos\/foto-en-panel\/","url":"https:\/\/www.amstelprinting.nl\/es\/tienda\/interior\/productos-fotograficos\/foto-en-panel\/","name":"Foto en panel | Amstel Printing","isPartOf":{"@id":"https:\/\/www.amstelprinting.nl\/es\/#website"},"primaryImageOfPage":{"@id":"https:\/\/www.amstelprinting.nl\/es\/tienda\/interior\/productos-fotograficos\/foto-en-panel\/#primaryimage"},"image":{"@id":"https:\/\/www.amstelprinting.nl\/es\/tienda\/interior\/productos-fotograficos\/foto-en-panel\/#primaryimage"},"thumbnailUrl":"https:\/\/www.amstelprinting.nl\/wp-content\/uploads\/Foto-op-paneel2.jpg","datePublished":"2025-01-23T20:02:08+00:00","dateModified":"2026-02-18T11:48:39+00:00","breadcrumb":{"@id":"https:\/\/www.amstelprinting.nl\/es\/tienda\/interior\/productos-fotograficos\/foto-en-panel\/#breadcrumb"},"inLanguage":"es","potentialAction":[{"@type":"ReadAction","target":["https:\/\/www.amstelprinting.nl\/es\/tienda\/interior\/productos-fotograficos\/foto-en-panel\/"]}]},{"@type":"ImageObject","inLanguage":"es","@id":"https:\/\/www.amstelprinting.nl\/es\/tienda\/interior\/productos-fotograficos\/foto-en-panel\/#primaryimage","url":"https:\/\/www.amstelprinting.nl\/wp-content\/uploads\/Foto-op-paneel2.jpg","contentUrl":"https:\/\/www.amstelprinting.nl\/wp-content\/uploads\/Foto-op-paneel2.jpg","width":700,"height":700},{"@type":"BreadcrumbList","@id":"https:\/\/www.amstelprinting.nl\/es\/tienda\/interior\/productos-fotograficos\/foto-en-panel\/#breadcrumb","itemListElement":[{"@type":"ListItem","position":1,"name":"","item":"https:\/\/www.amstelprinting.nl\/es\/"},{"@type":"ListItem","position":2,"name":"Amstel Printing","item":"https:\/\/www.amstelprinting.nl\/es\/comercio\/"},{"@type":"ListItem","position":3,"name":"Interior","item":"https:\/\/www.amstelprinting.nl\/es\/categor\u00eda\/interior\/"},{"@type":"ListItem","position":4,"name":"Productos fotogr\u00e1ficos","item":"https:\/\/www.amstelprinting.nl\/es\/categor\u00eda\/interior\/productos-fotograficos\/"},{"@type":"ListItem","position":5,"name":"Foto en panel"}]},{"@type":"WebSite","@id":"https:\/\/www.amstelprinting.nl\/es\/#website","url":"https:\/\/www.amstelprinting.nl\/es\/","name":"Amstel Printing","description":"Creating Exposure","publisher":{"@id":"https:\/\/www.amstelprinting.nl\/es\/#organization"},"potentialAction":[{"@type":"SearchAction","target":{"@type":"EntryPoint","urlTemplate":"https:\/\/www.amstelprinting.nl\/es\/?s={search_term_string}"},"query-input":{"@type":"PropertyValueSpecification","valueRequired":true,"valueName":"search_term_string"}}],"inLanguage":"es"},{"@type":"Organization","@id":"https:\/\/www.amstelprinting.nl\/es\/#organization","name":"Amstel Printing","url":"https:\/\/www.amstelprinting.nl\/es\/","logo":{"@type":"ImageObject","inLanguage":"es","@id":"https:\/\/www.amstelprinting.nl\/es\/#\/schema\/logo\/image\/","url":"https:\/\/www.amstelprinting.nl\/wp-content\/uploads\/amstel_printing_logo_clean.png","contentUrl":"https:\/\/www.amstelprinting.nl\/wp-content\/uploads\/amstel_printing_logo_clean.png","width":324,"height":73,"caption":"Amstel Printing"},"image":{"@id":"https:\/\/www.amstelprinting.nl\/es\/#\/schema\/logo\/image\/"}}]}},"_links":{"self":[{"href":"https:\/\/www.amstelprinting.nl\/es\/wp-json\/wp\/v2\/product\/15397","targetHints":{"allow":["GET"]}}],"collection":[{"href":"https:\/\/www.amstelprinting.nl\/es\/wp-json\/wp\/v2\/product"}],"about":[{"href":"https:\/\/www.amstelprinting.nl\/es\/wp-json\/wp\/v2\/types\/product"}],"wp:featuredmedia":[{"embeddable":true,"href":"https:\/\/www.amstelprinting.nl\/es\/wp-json\/wp\/v2\/media\/15399"}],"wp:attachment":[{"href":"https:\/\/www.amstelprinting.nl\/es\/wp-json\/wp\/v2\/media?parent=15397"}],"wp:term":[{"taxonomy":"product_brand","embeddable":true,"href":"https:\/\/www.amstelprinting.nl\/es\/wp-json\/wp\/v2\/product_brand?post=15397"},{"taxonomy":"product_cat","embeddable":true,"href":"https:\/\/www.amstelprinting.nl\/es\/wp-json\/wp\/v2\/product_cat?post=15397"},{"taxonomy":"product_tag","embeddable":true,"href":"https:\/\/www.amstelprinting.nl\/es\/wp-json\/wp\/v2\/product_tag?post=15397"}],"curies":[{"name":"wp","href":"https:\/\/api.w.org\/{rel}","templated":true}]}}