{"id":15408,"date":"2025-01-23T21:01:54","date_gmt":"2025-01-23T20:01:54","guid":{"rendered":"https:\/\/www.amstelprinting.nl\/winkel\/sin%20categor\u00eda\/foto-op-textiel\/"},"modified":"2026-02-18T12:48:39","modified_gmt":"2026-02-18T11:48:39","slug":"foto-en-tela","status":"publish","type":"product","link":"https:\/\/www.amstelprinting.nl\/es\/tienda\/interior\/productos-fotograficos\/foto-en-tela\/","title":{"rendered":"Foto en tela"},"content":{"rendered":"<h3>Impresi\u00f3n de fotos en tela<\/h3>\n<p>Transforme sus paredes con nuestra foto en tela y cree un espacio que sea realmente suyo. Ya sea que elija su propio dise\u00f1o o un patr\u00f3n existente, nuestra foto en tela le ofrece la libertad de decorar su espacio completamente a su gusto. \u00a1D\u00e9 rienda suelta a su creatividad y cree una declaraci\u00f3n \u00fanica! \u00a1Haga su pedido hoy mismo y experimente la combinaci\u00f3n perfecta de estilo, calidad y comodidad!<\/p>\n<h3>Ventajas de imprimir fotos en tela<\/h3>\n<ul>\n<li>Marco de aluminio negro resistente para un uso duradero<\/li>\n<li>Colores vivos y acabado mate para una visualizaci\u00f3n brillante<\/li>\n<li>Tela f\u00e1cilmente intercambiable para un aspecto siempre renovado<\/li>\n<li>Incluye soportes de pared para un montaje r\u00e1pido<\/li>\n<\/ul>\n<p>&nbsp;<\/p>\n<h3>Materiales<\/h3>\n<p>Nuestro marco de aluminio negro no solo garantiza una construcci\u00f3n robusta y duradera, sino que tambi\u00e9n a\u00f1ade un toque moderno a su interior. El marco est\u00e1 dise\u00f1ado para funcionar perfectamente con nuestra tela textil, haciendo que su imagen destaque de forma espl\u00e9ndida.<\/p>\n<p>La tela est\u00e1 hecha de Dekostof. Este tejido ofrece una reproducci\u00f3n crom\u00e1tica asombrosa que hace que cada imagen sea viva y vibrante. El acabado mate evita reflejos no deseados, por lo que su impresi\u00f3n siempre permanece claramente visible. La tela de poli\u00e9ster flexible tiene una textura sutil que le da un aspecto lujoso a su imagen. Adem\u00e1s, el tejido Dekostof absorbe la luz en lugar de reflejarla, creando un ambiente suave y agradable en cualquier habitaci\u00f3n donde se utilice. Adem\u00e1s, cuenta con un certificado B1 de seguridad contra incendios.<\/p>\n<h3>Accesorios<\/h3>\n<p>Cada set viene con soportes de pared, lo que hace que la instalaci\u00f3n sea r\u00e1pida y sencilla.<\/p>\n","protected":false},"excerpt":{"rendered":"<p><span style=\"font-weight: 400;\">D\u00e9 un impulso a su interior con una foto impresa en tela. Con un marco y tela totalmente montados, disponible en ocho tama\u00f1os diferentes, este producto ofrece la forma ideal de personalizar su espacio con im\u00e1genes vibrantes y potentes.<\/span><\/p>\n","protected":false},"featured_media":15409,"template":"","meta":{"_et_pb_use_builder":"","_et_pb_old_content":"","_et_gb_content_width":""},"product_brand":[],"product_cat":[545,561],"product_tag":[],"class_list":{"0":"post-15408","1":"product","2":"type-product","3":"status-publish","4":"has-post-thumbnail","6":"product_cat-interior","7":"product_cat-productos-fotograficos","9":"first","10":"instock","11":"taxable","12":"shipping-taxable","13":"purchasable","14":"product-type-simple"},"yoast_head":"<!-- This site is optimized with the Yoast SEO plugin v27.3 - https:\/\/yoast.com\/product\/yoast-seo-wordpress\/ -->\n<title>Foto en tela | Amstel Printing<\/title>\n<meta name=\"robots\" content=\"index, follow, max-snippet:-1, max-image-preview:large, max-video-preview:-1\" \/>\n<link rel=\"canonical\" href=\"https:\/\/www.amstelprinting.nl\/es\/tienda\/interior\/productos-fotograficos\/foto-en-tela\/\" \/>\n<meta property=\"og:locale\" content=\"es_ES\" \/>\n<meta property=\"og:type\" content=\"article\" \/>\n<meta property=\"og:title\" content=\"Foto en tela | Amstel Printing\" \/>\n<meta property=\"og:description\" content=\"D\u00e9 un impulso a su interior con una foto impresa en tela. Con un marco y tela totalmente montados, disponible en ocho tama\u00f1os diferentes, este producto ofrece la forma ideal de personalizar su espacio con im\u00e1genes vibrantes y potentes.\" \/>\n<meta property=\"og:url\" content=\"https:\/\/www.amstelprinting.nl\/es\/tienda\/interior\/productos-fotograficos\/foto-en-tela\/\" \/>\n<meta property=\"og:site_name\" content=\"Amstel Printing\" \/>\n<meta property=\"article:modified_time\" content=\"2026-02-18T11:48:39+00:00\" \/>\n<meta property=\"og:image\" content=\"https:\/\/www.amstelprinting.nl\/wp-content\/uploads\/Foto-op-canvas.jpg\" \/>\n\t<meta property=\"og:image:width\" content=\"700\" \/>\n\t<meta property=\"og:image:height\" content=\"700\" \/>\n\t<meta property=\"og:image:type\" content=\"image\/jpeg\" \/>\n<meta name=\"twitter:card\" content=\"summary_large_image\" \/>\n<meta name=\"twitter:label1\" content=\"Tiempo de lectura\" \/>\n\t<meta name=\"twitter:data1\" content=\"1 minuto\" \/>\n<script type=\"application\/ld+json\" class=\"yoast-schema-graph\">{\"@context\":\"https:\\\/\\\/schema.org\",\"@graph\":[{\"@type\":\"WebPage\",\"@id\":\"https:\\\/\\\/www.amstelprinting.nl\\\/es\\\/tienda\\\/interior\\\/productos-fotograficos\\\/foto-en-tela\\\/\",\"url\":\"https:\\\/\\\/www.amstelprinting.nl\\\/es\\\/tienda\\\/interior\\\/productos-fotograficos\\\/foto-en-tela\\\/\",\"name\":\"Foto en tela | Amstel Printing\",\"isPartOf\":{\"@id\":\"https:\\\/\\\/www.amstelprinting.nl\\\/es\\\/#website\"},\"primaryImageOfPage\":{\"@id\":\"https:\\\/\\\/www.amstelprinting.nl\\\/es\\\/tienda\\\/interior\\\/productos-fotograficos\\\/foto-en-tela\\\/#primaryimage\"},\"image\":{\"@id\":\"https:\\\/\\\/www.amstelprinting.nl\\\/es\\\/tienda\\\/interior\\\/productos-fotograficos\\\/foto-en-tela\\\/#primaryimage\"},\"thumbnailUrl\":\"https:\\\/\\\/www.amstelprinting.nl\\\/wp-content\\\/uploads\\\/Foto-op-canvas.jpg\",\"datePublished\":\"2025-01-23T20:01:54+00:00\",\"dateModified\":\"2026-02-18T11:48:39+00:00\",\"breadcrumb\":{\"@id\":\"https:\\\/\\\/www.amstelprinting.nl\\\/es\\\/tienda\\\/interior\\\/productos-fotograficos\\\/foto-en-tela\\\/#breadcrumb\"},\"inLanguage\":\"es\",\"potentialAction\":[{\"@type\":\"ReadAction\",\"target\":[\"https:\\\/\\\/www.amstelprinting.nl\\\/es\\\/tienda\\\/interior\\\/productos-fotograficos\\\/foto-en-tela\\\/\"]}]},{\"@type\":\"ImageObject\",\"inLanguage\":\"es\",\"@id\":\"https:\\\/\\\/www.amstelprinting.nl\\\/es\\\/tienda\\\/interior\\\/productos-fotograficos\\\/foto-en-tela\\\/#primaryimage\",\"url\":\"https:\\\/\\\/www.amstelprinting.nl\\\/wp-content\\\/uploads\\\/Foto-op-canvas.jpg\",\"contentUrl\":\"https:\\\/\\\/www.amstelprinting.nl\\\/wp-content\\\/uploads\\\/Foto-op-canvas.jpg\",\"width\":700,\"height\":700},{\"@type\":\"BreadcrumbList\",\"@id\":\"https:\\\/\\\/www.amstelprinting.nl\\\/es\\\/tienda\\\/interior\\\/productos-fotograficos\\\/foto-en-tela\\\/#breadcrumb\",\"itemListElement\":[{\"@type\":\"ListItem\",\"position\":1,\"name\":\"\",\"item\":\"https:\\\/\\\/www.amstelprinting.nl\\\/es\\\/\"},{\"@type\":\"ListItem\",\"position\":2,\"name\":\"Amstel Printing\",\"item\":\"https:\\\/\\\/www.amstelprinting.nl\\\/es\\\/comercio\\\/\"},{\"@type\":\"ListItem\",\"position\":3,\"name\":\"Interior\",\"item\":\"https:\\\/\\\/www.amstelprinting.nl\\\/es\\\/categor\u00eda\\\/interior\\\/\"},{\"@type\":\"ListItem\",\"position\":4,\"name\":\"Productos fotogr\u00e1ficos\",\"item\":\"https:\\\/\\\/www.amstelprinting.nl\\\/es\\\/categor\u00eda\\\/interior\\\/productos-fotograficos\\\/\"},{\"@type\":\"ListItem\",\"position\":5,\"name\":\"Foto en tela\"}]},{\"@type\":\"WebSite\",\"@id\":\"https:\\\/\\\/www.amstelprinting.nl\\\/es\\\/#website\",\"url\":\"https:\\\/\\\/www.amstelprinting.nl\\\/es\\\/\",\"name\":\"Amstel Printing\",\"description\":\"Creating Exposure\",\"publisher\":{\"@id\":\"https:\\\/\\\/www.amstelprinting.nl\\\/es\\\/#organization\"},\"potentialAction\":[{\"@type\":\"SearchAction\",\"target\":{\"@type\":\"EntryPoint\",\"urlTemplate\":\"https:\\\/\\\/www.amstelprinting.nl\\\/es\\\/?s={search_term_string}\"},\"query-input\":{\"@type\":\"PropertyValueSpecification\",\"valueRequired\":true,\"valueName\":\"search_term_string\"}}],\"inLanguage\":\"es\"},{\"@type\":\"Organization\",\"@id\":\"https:\\\/\\\/www.amstelprinting.nl\\\/es\\\/#organization\",\"name\":\"Amstel Printing\",\"url\":\"https:\\\/\\\/www.amstelprinting.nl\\\/es\\\/\",\"logo\":{\"@type\":\"ImageObject\",\"inLanguage\":\"es\",\"@id\":\"https:\\\/\\\/www.amstelprinting.nl\\\/es\\\/#\\\/schema\\\/logo\\\/image\\\/\",\"url\":\"https:\\\/\\\/www.amstelprinting.nl\\\/wp-content\\\/uploads\\\/amstel_printing_logo_clean.png\",\"contentUrl\":\"https:\\\/\\\/www.amstelprinting.nl\\\/wp-content\\\/uploads\\\/amstel_printing_logo_clean.png\",\"width\":324,\"height\":73,\"caption\":\"Amstel Printing\"},\"image\":{\"@id\":\"https:\\\/\\\/www.amstelprinting.nl\\\/es\\\/#\\\/schema\\\/logo\\\/image\\\/\"}}]}<\/script>\n<!-- \/ Yoast SEO plugin. -->","yoast_head_json":{"title":"Foto en tela | Amstel Printing","robots":{"index":"index","follow":"follow","max-snippet":"max-snippet:-1","max-image-preview":"max-image-preview:large","max-video-preview":"max-video-preview:-1"},"canonical":"https:\/\/www.amstelprinting.nl\/es\/tienda\/interior\/productos-fotograficos\/foto-en-tela\/","og_locale":"es_ES","og_type":"article","og_title":"Foto en tela | Amstel Printing","og_description":"D\u00e9 un impulso a su interior con una foto impresa en tela. Con un marco y tela totalmente montados, disponible en ocho tama\u00f1os diferentes, este producto ofrece la forma ideal de personalizar su espacio con im\u00e1genes vibrantes y potentes.","og_url":"https:\/\/www.amstelprinting.nl\/es\/tienda\/interior\/productos-fotograficos\/foto-en-tela\/","og_site_name":"Amstel Printing","article_modified_time":"2026-02-18T11:48:39+00:00","og_image":[{"width":700,"height":700,"url":"https:\/\/www.amstelprinting.nl\/wp-content\/uploads\/Foto-op-canvas.jpg","type":"image\/jpeg"}],"twitter_card":"summary_large_image","twitter_misc":{"Tiempo de lectura":"1 minuto"},"schema":{"@context":"https:\/\/schema.org","@graph":[{"@type":"WebPage","@id":"https:\/\/www.amstelprinting.nl\/es\/tienda\/interior\/productos-fotograficos\/foto-en-tela\/","url":"https:\/\/www.amstelprinting.nl\/es\/tienda\/interior\/productos-fotograficos\/foto-en-tela\/","name":"Foto en tela | Amstel Printing","isPartOf":{"@id":"https:\/\/www.amstelprinting.nl\/es\/#website"},"primaryImageOfPage":{"@id":"https:\/\/www.amstelprinting.nl\/es\/tienda\/interior\/productos-fotograficos\/foto-en-tela\/#primaryimage"},"image":{"@id":"https:\/\/www.amstelprinting.nl\/es\/tienda\/interior\/productos-fotograficos\/foto-en-tela\/#primaryimage"},"thumbnailUrl":"https:\/\/www.amstelprinting.nl\/wp-content\/uploads\/Foto-op-canvas.jpg","datePublished":"2025-01-23T20:01:54+00:00","dateModified":"2026-02-18T11:48:39+00:00","breadcrumb":{"@id":"https:\/\/www.amstelprinting.nl\/es\/tienda\/interior\/productos-fotograficos\/foto-en-tela\/#breadcrumb"},"inLanguage":"es","potentialAction":[{"@type":"ReadAction","target":["https:\/\/www.amstelprinting.nl\/es\/tienda\/interior\/productos-fotograficos\/foto-en-tela\/"]}]},{"@type":"ImageObject","inLanguage":"es","@id":"https:\/\/www.amstelprinting.nl\/es\/tienda\/interior\/productos-fotograficos\/foto-en-tela\/#primaryimage","url":"https:\/\/www.amstelprinting.nl\/wp-content\/uploads\/Foto-op-canvas.jpg","contentUrl":"https:\/\/www.amstelprinting.nl\/wp-content\/uploads\/Foto-op-canvas.jpg","width":700,"height":700},{"@type":"BreadcrumbList","@id":"https:\/\/www.amstelprinting.nl\/es\/tienda\/interior\/productos-fotograficos\/foto-en-tela\/#breadcrumb","itemListElement":[{"@type":"ListItem","position":1,"name":"","item":"https:\/\/www.amstelprinting.nl\/es\/"},{"@type":"ListItem","position":2,"name":"Amstel Printing","item":"https:\/\/www.amstelprinting.nl\/es\/comercio\/"},{"@type":"ListItem","position":3,"name":"Interior","item":"https:\/\/www.amstelprinting.nl\/es\/categor\u00eda\/interior\/"},{"@type":"ListItem","position":4,"name":"Productos fotogr\u00e1ficos","item":"https:\/\/www.amstelprinting.nl\/es\/categor\u00eda\/interior\/productos-fotograficos\/"},{"@type":"ListItem","position":5,"name":"Foto en tela"}]},{"@type":"WebSite","@id":"https:\/\/www.amstelprinting.nl\/es\/#website","url":"https:\/\/www.amstelprinting.nl\/es\/","name":"Amstel Printing","description":"Creating Exposure","publisher":{"@id":"https:\/\/www.amstelprinting.nl\/es\/#organization"},"potentialAction":[{"@type":"SearchAction","target":{"@type":"EntryPoint","urlTemplate":"https:\/\/www.amstelprinting.nl\/es\/?s={search_term_string}"},"query-input":{"@type":"PropertyValueSpecification","valueRequired":true,"valueName":"search_term_string"}}],"inLanguage":"es"},{"@type":"Organization","@id":"https:\/\/www.amstelprinting.nl\/es\/#organization","name":"Amstel Printing","url":"https:\/\/www.amstelprinting.nl\/es\/","logo":{"@type":"ImageObject","inLanguage":"es","@id":"https:\/\/www.amstelprinting.nl\/es\/#\/schema\/logo\/image\/","url":"https:\/\/www.amstelprinting.nl\/wp-content\/uploads\/amstel_printing_logo_clean.png","contentUrl":"https:\/\/www.amstelprinting.nl\/wp-content\/uploads\/amstel_printing_logo_clean.png","width":324,"height":73,"caption":"Amstel Printing"},"image":{"@id":"https:\/\/www.amstelprinting.nl\/es\/#\/schema\/logo\/image\/"}}]}},"_links":{"self":[{"href":"https:\/\/www.amstelprinting.nl\/es\/wp-json\/wp\/v2\/product\/15408","targetHints":{"allow":["GET"]}}],"collection":[{"href":"https:\/\/www.amstelprinting.nl\/es\/wp-json\/wp\/v2\/product"}],"about":[{"href":"https:\/\/www.amstelprinting.nl\/es\/wp-json\/wp\/v2\/types\/product"}],"wp:featuredmedia":[{"embeddable":true,"href":"https:\/\/www.amstelprinting.nl\/es\/wp-json\/wp\/v2\/media\/15409"}],"wp:attachment":[{"href":"https:\/\/www.amstelprinting.nl\/es\/wp-json\/wp\/v2\/media?parent=15408"}],"wp:term":[{"taxonomy":"product_brand","embeddable":true,"href":"https:\/\/www.amstelprinting.nl\/es\/wp-json\/wp\/v2\/product_brand?post=15408"},{"taxonomy":"product_cat","embeddable":true,"href":"https:\/\/www.amstelprinting.nl\/es\/wp-json\/wp\/v2\/product_cat?post=15408"},{"taxonomy":"product_tag","embeddable":true,"href":"https:\/\/www.amstelprinting.nl\/es\/wp-json\/wp\/v2\/product_tag?post=15408"}],"curies":[{"name":"wp","href":"https:\/\/api.w.org\/{rel}","templated":true}]}}