{"id":15422,"date":"2025-01-23T21:01:41","date_gmt":"2025-01-23T20:01:41","guid":{"rendered":"https:\/\/www.amstelprinting.nl\/winkel\/sin%20categor\u00eda\/paneel-met-baklijst\/"},"modified":"2026-02-18T12:48:40","modified_gmt":"2026-02-18T11:48:40","slug":"panel-con-marco-flotante","status":"publish","type":"product","link":"https:\/\/www.amstelprinting.nl\/es\/tienda\/interior\/productos-fotograficos\/panel-con-marco-flotante\/","title":{"rendered":"Panel con marco flotante"},"content":{"rendered":"<h3>Pedir panel con marco flotante<\/h3>\n<p>Ya sea para un interior moderno o un entorno cl\u00e1sico, los paneles con marco flotante se adaptan perfectamente a cualquier ambiente. Elija calidad y elegancia con nuestros paneles con marco flotante completamente montados y disfrute de inmediato de una presentaci\u00f3n impresionante y profesional. Pida hoy mismo y transforme su espacio con una obra de arte que es a la vez elegante y duradera.<\/p>\n<h3>Ventajas<\/h3>\n<ul>\n<li>Entrega ultrarr\u00e1pida<\/li>\n<li>Se entrega completamente montado<\/li>\n<li>Suba su propio dise\u00f1o o imagen<\/li>\n<li>Marco flotante de madera negra con veta de madera visible<\/li>\n<li>Elecci\u00f3n entre varios formatos y materiales<\/li>\n<\/ul>\n<p>&nbsp;<\/p>\n<h3>Formatos y materiales<\/h3>\n<p>El marco flotante, tambi\u00e9n llamado marco de panel, est\u00e1 fabricado en madera negra con veta de madera visible. Elija entre cinco formatos diferentes: 40 x 60 cm, 50 x 70 cm, 60 x 90 cm, 75 x 100 cm y 100 x 150 cm. Los paneles est\u00e1n disponibles en cuatro materiales.<br \/>\n&nbsp;<\/p>\n<ul>\n<li><strong>Dibond\u00ae Premium 3 mm<\/strong>: Este panel s\u00e1ndwich de aluminio premium tiene un n\u00facleo negro y es apto tanto para interiores como para exteriores. Tiene la posibilidad de acabar este panel con un recubrimiento mate o brillante.<\/li>\n<li><strong>Dibond\u00ae Budget 3 mm<\/strong>: Una opci\u00f3n econ\u00f3mica del mismo panel s\u00e1ndwich de aluminio con n\u00facleo negro, apto tanto para interiores como para exteriores, provisto de un certificado de resistencia al fuego.<\/li>\n<li><strong>Dibond\u00ae Butler Finish<\/strong>: Este panel ofrece una apariencia de acero inoxidable cepillado con un n\u00facleo negro y es apto para interiores y exteriores. Adem\u00e1s, cuenta con una certificaci\u00f3n B1 de seguridad contra incendios.<\/li>\n<li><strong>Plexigl\u00e1s transparente<\/strong>: Un material transparente con un aspecto moderno, apto para uso tanto en interiores como en exteriores. Tenga en cuenta que el plexigl\u00e1s es sensible a los ara\u00f1azos, pero ofrece una claridad y un estilo excepcionales.<\/li>\n<\/ul>\n","protected":false},"excerpt":{"rendered":"<h3>Elija un aspecto lujoso. \u00a1D\u00e9 vida a su foto o dise\u00f1o!<\/h3>\n<p>Descubra la manera perfecta de resaltar sus im\u00e1genes y obras de arte favoritas con nuestros paneles con marco flotante (marco de panel). Disponible en varios formatos y opciones de materiales. El panel con marco flotante est\u00e1 disponible en cinco tama\u00f1os est\u00e1ndar y se entrega completamente montado.<\/p>\n","protected":false},"featured_media":15424,"template":"","meta":{"_et_pb_use_builder":"","_et_pb_old_content":"","_et_gb_content_width":""},"product_brand":[],"product_cat":[545,561],"product_tag":[],"class_list":{"0":"post-15422","1":"product","2":"type-product","3":"status-publish","4":"has-post-thumbnail","6":"product_cat-interior","7":"product_cat-productos-fotograficos","9":"first","10":"instock","11":"taxable","12":"shipping-taxable","13":"purchasable","14":"product-type-simple"},"yoast_head":"<!-- This site is optimized with the Yoast SEO plugin v27.3 - https:\/\/yoast.com\/product\/yoast-seo-wordpress\/ -->\n<title>Panel con marco flotante | Amstel Printing<\/title>\n<meta name=\"robots\" content=\"index, follow, max-snippet:-1, max-image-preview:large, max-video-preview:-1\" \/>\n<link rel=\"canonical\" href=\"https:\/\/www.amstelprinting.nl\/es\/tienda\/interior\/productos-fotograficos\/panel-con-marco-flotante\/\" \/>\n<meta property=\"og:locale\" content=\"es_ES\" \/>\n<meta property=\"og:type\" content=\"article\" \/>\n<meta property=\"og:title\" content=\"Panel con marco flotante | Amstel Printing\" \/>\n<meta property=\"og:description\" content=\"Elija un aspecto lujoso. \u00a1D\u00e9 vida a su foto o dise\u00f1o! Descubra la manera perfecta de resaltar sus im\u00e1genes y obras de arte favoritas con nuestros paneles con marco flotante (marco de panel). Disponible en varios formatos y opciones de materiales. El panel con marco flotante est\u00e1 disponible en cinco tama\u00f1os est\u00e1ndar y se entrega completamente montado.\" \/>\n<meta property=\"og:url\" content=\"https:\/\/www.amstelprinting.nl\/es\/tienda\/interior\/productos-fotograficos\/panel-con-marco-flotante\/\" \/>\n<meta property=\"og:site_name\" content=\"Amstel Printing\" \/>\n<meta property=\"article:modified_time\" content=\"2026-02-18T11:48:40+00:00\" \/>\n<meta property=\"og:image\" content=\"https:\/\/www.amstelprinting.nl\/wp-content\/uploads\/Paneel-met-baklijst2.jpg\" \/>\n\t<meta property=\"og:image:width\" content=\"700\" \/>\n\t<meta property=\"og:image:height\" content=\"700\" \/>\n\t<meta property=\"og:image:type\" content=\"image\/jpeg\" \/>\n<meta name=\"twitter:card\" content=\"summary_large_image\" \/>\n<meta name=\"twitter:label1\" content=\"Tiempo de lectura\" \/>\n\t<meta name=\"twitter:data1\" content=\"1 minuto\" \/>\n<script type=\"application\/ld+json\" class=\"yoast-schema-graph\">{\"@context\":\"https:\\\/\\\/schema.org\",\"@graph\":[{\"@type\":\"WebPage\",\"@id\":\"https:\\\/\\\/www.amstelprinting.nl\\\/es\\\/tienda\\\/interior\\\/productos-fotograficos\\\/panel-con-marco-flotante\\\/\",\"url\":\"https:\\\/\\\/www.amstelprinting.nl\\\/es\\\/tienda\\\/interior\\\/productos-fotograficos\\\/panel-con-marco-flotante\\\/\",\"name\":\"Panel con marco flotante | Amstel Printing\",\"isPartOf\":{\"@id\":\"https:\\\/\\\/www.amstelprinting.nl\\\/es\\\/#website\"},\"primaryImageOfPage\":{\"@id\":\"https:\\\/\\\/www.amstelprinting.nl\\\/es\\\/tienda\\\/interior\\\/productos-fotograficos\\\/panel-con-marco-flotante\\\/#primaryimage\"},\"image\":{\"@id\":\"https:\\\/\\\/www.amstelprinting.nl\\\/es\\\/tienda\\\/interior\\\/productos-fotograficos\\\/panel-con-marco-flotante\\\/#primaryimage\"},\"thumbnailUrl\":\"https:\\\/\\\/www.amstelprinting.nl\\\/wp-content\\\/uploads\\\/Paneel-met-baklijst2.jpg\",\"datePublished\":\"2025-01-23T20:01:41+00:00\",\"dateModified\":\"2026-02-18T11:48:40+00:00\",\"breadcrumb\":{\"@id\":\"https:\\\/\\\/www.amstelprinting.nl\\\/es\\\/tienda\\\/interior\\\/productos-fotograficos\\\/panel-con-marco-flotante\\\/#breadcrumb\"},\"inLanguage\":\"es\",\"potentialAction\":[{\"@type\":\"ReadAction\",\"target\":[\"https:\\\/\\\/www.amstelprinting.nl\\\/es\\\/tienda\\\/interior\\\/productos-fotograficos\\\/panel-con-marco-flotante\\\/\"]}]},{\"@type\":\"ImageObject\",\"inLanguage\":\"es\",\"@id\":\"https:\\\/\\\/www.amstelprinting.nl\\\/es\\\/tienda\\\/interior\\\/productos-fotograficos\\\/panel-con-marco-flotante\\\/#primaryimage\",\"url\":\"https:\\\/\\\/www.amstelprinting.nl\\\/wp-content\\\/uploads\\\/Paneel-met-baklijst2.jpg\",\"contentUrl\":\"https:\\\/\\\/www.amstelprinting.nl\\\/wp-content\\\/uploads\\\/Paneel-met-baklijst2.jpg\",\"width\":700,\"height\":700},{\"@type\":\"BreadcrumbList\",\"@id\":\"https:\\\/\\\/www.amstelprinting.nl\\\/es\\\/tienda\\\/interior\\\/productos-fotograficos\\\/panel-con-marco-flotante\\\/#breadcrumb\",\"itemListElement\":[{\"@type\":\"ListItem\",\"position\":1,\"name\":\"\",\"item\":\"https:\\\/\\\/www.amstelprinting.nl\\\/es\\\/\"},{\"@type\":\"ListItem\",\"position\":2,\"name\":\"Amstel Printing\",\"item\":\"https:\\\/\\\/www.amstelprinting.nl\\\/es\\\/comercio\\\/\"},{\"@type\":\"ListItem\",\"position\":3,\"name\":\"Interior\",\"item\":\"https:\\\/\\\/www.amstelprinting.nl\\\/es\\\/categor\u00eda\\\/interior\\\/\"},{\"@type\":\"ListItem\",\"position\":4,\"name\":\"Productos fotogr\u00e1ficos\",\"item\":\"https:\\\/\\\/www.amstelprinting.nl\\\/es\\\/categor\u00eda\\\/interior\\\/productos-fotograficos\\\/\"},{\"@type\":\"ListItem\",\"position\":5,\"name\":\"Panel con marco flotante\"}]},{\"@type\":\"WebSite\",\"@id\":\"https:\\\/\\\/www.amstelprinting.nl\\\/es\\\/#website\",\"url\":\"https:\\\/\\\/www.amstelprinting.nl\\\/es\\\/\",\"name\":\"Amstel Printing\",\"description\":\"Creating Exposure\",\"publisher\":{\"@id\":\"https:\\\/\\\/www.amstelprinting.nl\\\/es\\\/#organization\"},\"potentialAction\":[{\"@type\":\"SearchAction\",\"target\":{\"@type\":\"EntryPoint\",\"urlTemplate\":\"https:\\\/\\\/www.amstelprinting.nl\\\/es\\\/?s={search_term_string}\"},\"query-input\":{\"@type\":\"PropertyValueSpecification\",\"valueRequired\":true,\"valueName\":\"search_term_string\"}}],\"inLanguage\":\"es\"},{\"@type\":\"Organization\",\"@id\":\"https:\\\/\\\/www.amstelprinting.nl\\\/es\\\/#organization\",\"name\":\"Amstel Printing\",\"url\":\"https:\\\/\\\/www.amstelprinting.nl\\\/es\\\/\",\"logo\":{\"@type\":\"ImageObject\",\"inLanguage\":\"es\",\"@id\":\"https:\\\/\\\/www.amstelprinting.nl\\\/es\\\/#\\\/schema\\\/logo\\\/image\\\/\",\"url\":\"https:\\\/\\\/www.amstelprinting.nl\\\/wp-content\\\/uploads\\\/amstel_printing_logo_clean.png\",\"contentUrl\":\"https:\\\/\\\/www.amstelprinting.nl\\\/wp-content\\\/uploads\\\/amstel_printing_logo_clean.png\",\"width\":324,\"height\":73,\"caption\":\"Amstel Printing\"},\"image\":{\"@id\":\"https:\\\/\\\/www.amstelprinting.nl\\\/es\\\/#\\\/schema\\\/logo\\\/image\\\/\"}}]}<\/script>\n<!-- \/ Yoast SEO plugin. -->","yoast_head_json":{"title":"Panel con marco flotante | Amstel Printing","robots":{"index":"index","follow":"follow","max-snippet":"max-snippet:-1","max-image-preview":"max-image-preview:large","max-video-preview":"max-video-preview:-1"},"canonical":"https:\/\/www.amstelprinting.nl\/es\/tienda\/interior\/productos-fotograficos\/panel-con-marco-flotante\/","og_locale":"es_ES","og_type":"article","og_title":"Panel con marco flotante | Amstel Printing","og_description":"Elija un aspecto lujoso. \u00a1D\u00e9 vida a su foto o dise\u00f1o! Descubra la manera perfecta de resaltar sus im\u00e1genes y obras de arte favoritas con nuestros paneles con marco flotante (marco de panel). Disponible en varios formatos y opciones de materiales. El panel con marco flotante est\u00e1 disponible en cinco tama\u00f1os est\u00e1ndar y se entrega completamente montado.","og_url":"https:\/\/www.amstelprinting.nl\/es\/tienda\/interior\/productos-fotograficos\/panel-con-marco-flotante\/","og_site_name":"Amstel Printing","article_modified_time":"2026-02-18T11:48:40+00:00","og_image":[{"width":700,"height":700,"url":"https:\/\/www.amstelprinting.nl\/wp-content\/uploads\/Paneel-met-baklijst2.jpg","type":"image\/jpeg"}],"twitter_card":"summary_large_image","twitter_misc":{"Tiempo de lectura":"1 minuto"},"schema":{"@context":"https:\/\/schema.org","@graph":[{"@type":"WebPage","@id":"https:\/\/www.amstelprinting.nl\/es\/tienda\/interior\/productos-fotograficos\/panel-con-marco-flotante\/","url":"https:\/\/www.amstelprinting.nl\/es\/tienda\/interior\/productos-fotograficos\/panel-con-marco-flotante\/","name":"Panel con marco flotante | Amstel Printing","isPartOf":{"@id":"https:\/\/www.amstelprinting.nl\/es\/#website"},"primaryImageOfPage":{"@id":"https:\/\/www.amstelprinting.nl\/es\/tienda\/interior\/productos-fotograficos\/panel-con-marco-flotante\/#primaryimage"},"image":{"@id":"https:\/\/www.amstelprinting.nl\/es\/tienda\/interior\/productos-fotograficos\/panel-con-marco-flotante\/#primaryimage"},"thumbnailUrl":"https:\/\/www.amstelprinting.nl\/wp-content\/uploads\/Paneel-met-baklijst2.jpg","datePublished":"2025-01-23T20:01:41+00:00","dateModified":"2026-02-18T11:48:40+00:00","breadcrumb":{"@id":"https:\/\/www.amstelprinting.nl\/es\/tienda\/interior\/productos-fotograficos\/panel-con-marco-flotante\/#breadcrumb"},"inLanguage":"es","potentialAction":[{"@type":"ReadAction","target":["https:\/\/www.amstelprinting.nl\/es\/tienda\/interior\/productos-fotograficos\/panel-con-marco-flotante\/"]}]},{"@type":"ImageObject","inLanguage":"es","@id":"https:\/\/www.amstelprinting.nl\/es\/tienda\/interior\/productos-fotograficos\/panel-con-marco-flotante\/#primaryimage","url":"https:\/\/www.amstelprinting.nl\/wp-content\/uploads\/Paneel-met-baklijst2.jpg","contentUrl":"https:\/\/www.amstelprinting.nl\/wp-content\/uploads\/Paneel-met-baklijst2.jpg","width":700,"height":700},{"@type":"BreadcrumbList","@id":"https:\/\/www.amstelprinting.nl\/es\/tienda\/interior\/productos-fotograficos\/panel-con-marco-flotante\/#breadcrumb","itemListElement":[{"@type":"ListItem","position":1,"name":"","item":"https:\/\/www.amstelprinting.nl\/es\/"},{"@type":"ListItem","position":2,"name":"Amstel Printing","item":"https:\/\/www.amstelprinting.nl\/es\/comercio\/"},{"@type":"ListItem","position":3,"name":"Interior","item":"https:\/\/www.amstelprinting.nl\/es\/categor\u00eda\/interior\/"},{"@type":"ListItem","position":4,"name":"Productos fotogr\u00e1ficos","item":"https:\/\/www.amstelprinting.nl\/es\/categor\u00eda\/interior\/productos-fotograficos\/"},{"@type":"ListItem","position":5,"name":"Panel con marco flotante"}]},{"@type":"WebSite","@id":"https:\/\/www.amstelprinting.nl\/es\/#website","url":"https:\/\/www.amstelprinting.nl\/es\/","name":"Amstel Printing","description":"Creating Exposure","publisher":{"@id":"https:\/\/www.amstelprinting.nl\/es\/#organization"},"potentialAction":[{"@type":"SearchAction","target":{"@type":"EntryPoint","urlTemplate":"https:\/\/www.amstelprinting.nl\/es\/?s={search_term_string}"},"query-input":{"@type":"PropertyValueSpecification","valueRequired":true,"valueName":"search_term_string"}}],"inLanguage":"es"},{"@type":"Organization","@id":"https:\/\/www.amstelprinting.nl\/es\/#organization","name":"Amstel Printing","url":"https:\/\/www.amstelprinting.nl\/es\/","logo":{"@type":"ImageObject","inLanguage":"es","@id":"https:\/\/www.amstelprinting.nl\/es\/#\/schema\/logo\/image\/","url":"https:\/\/www.amstelprinting.nl\/wp-content\/uploads\/amstel_printing_logo_clean.png","contentUrl":"https:\/\/www.amstelprinting.nl\/wp-content\/uploads\/amstel_printing_logo_clean.png","width":324,"height":73,"caption":"Amstel Printing"},"image":{"@id":"https:\/\/www.amstelprinting.nl\/es\/#\/schema\/logo\/image\/"}}]}},"_links":{"self":[{"href":"https:\/\/www.amstelprinting.nl\/es\/wp-json\/wp\/v2\/product\/15422","targetHints":{"allow":["GET"]}}],"collection":[{"href":"https:\/\/www.amstelprinting.nl\/es\/wp-json\/wp\/v2\/product"}],"about":[{"href":"https:\/\/www.amstelprinting.nl\/es\/wp-json\/wp\/v2\/types\/product"}],"wp:featuredmedia":[{"embeddable":true,"href":"https:\/\/www.amstelprinting.nl\/es\/wp-json\/wp\/v2\/media\/15424"}],"wp:attachment":[{"href":"https:\/\/www.amstelprinting.nl\/es\/wp-json\/wp\/v2\/media?parent=15422"}],"wp:term":[{"taxonomy":"product_brand","embeddable":true,"href":"https:\/\/www.amstelprinting.nl\/es\/wp-json\/wp\/v2\/product_brand?post=15422"},{"taxonomy":"product_cat","embeddable":true,"href":"https:\/\/www.amstelprinting.nl\/es\/wp-json\/wp\/v2\/product_cat?post=15422"},{"taxonomy":"product_tag","embeddable":true,"href":"https:\/\/www.amstelprinting.nl\/es\/wp-json\/wp\/v2\/product_tag?post=15422"}],"curies":[{"name":"wp","href":"https:\/\/api.w.org\/{rel}","templated":true}]}}